{"id":19258,"date":"2025-01-13T15:30:34","date_gmt":"2025-01-13T15:30:34","guid":{"rendered":"https:\/\/aivlisoft.com\/?post_type=product&#038;p=19258"},"modified":"2025-01-14T19:55:39","modified_gmt":"2025-01-14T19:55:39","slug":"zyxel-usglite60ax-router-wifi6-mesh-4xgbe-1x2-5gbe","status":"publish","type":"product","link":"https:\/\/aivlisoft.net\/shop\/producto\/zyxel-usglite60ax-router-wifi6-mesh-4xgbe-1x2-5gbe\/","title":{"rendered":"Zyxel USGLITE60AX Router WiFi6 Mesh 4xGbE 1&#215;2.5GbE"},"content":{"rendered":"<p><\/p>\n<table class=\"tabla_caracteristicas\" width=\"100%\">\n<tr>\n<td><strong>Marca<\/strong><\/td>\n<td>Zyxel<\/td>\n<\/tr>\n<tr>\n<td><strong>Modelo<\/strong><\/td>\n<td><strong>USGLITE60AX-EU0101F<\/strong><\/td>\n<\/tr>\n<tr>\n<td><strong>Redes<\/strong><\/td>\n<td><strong>Interfaces\/puertos<\/strong><br \/>\t\t\t&#8211; WAN: 1 x 100\/1000\/2500 Mbps<br \/>\t\t\t&#8211; LAN: 1 x 100\/1000\/2500 Mbps<br \/>\t\t\t&#8211; 4 x 100\/1000 Mbps<br \/>\t\t\t<strong>CPU<\/strong><br \/>\t\t\t&#8211; Cuatro n&uacute;cleos, 2,00 GHz<br \/>\t\t\t<strong>Memoria<\/strong><br \/>\t\t\t&#8211; RAM: 1 GB<br \/>\t\t\t&#8211; FLASH: 512 MB<br \/>\t\t\t<strong>Especificaciones del sistema inal&aacute;mbrico<\/strong><br \/>\t\t\t&#8211; Est&aacute;ndar: IEEE802.11 ax\/ac\/n\/g\/b\/a<br \/>\t\t\t&#8211; MIMO: MU-MIMO<br \/>\t\t\t&#8211; Velocidad inal&aacute;mbrica:<br \/>\t\t\t&nbsp; 2,4 GHz 1148 Mbps<br \/>\t\t\t&nbsp; 5 GHz 4804 Mbps<br \/>\t\t\t&#8211; Banda de frecuencia:<br \/>\t\t\t&nbsp; 2,4 GHz:<br \/>\t\t\t&nbsp; EE.UU. (FCC): 2,412 a 2,462 GHz<br \/>\t\t\t&nbsp; Europa (ETSI): 2,412 a 2,472 GHz<br \/>\t\t\t&nbsp; 5 GHz:<br \/>\t\t\t&nbsp; EEUU (FCC): 5,15 a 5,35 GHz; 5,470 a 5,850 GHz<br \/>\t\t\t&nbsp; Europa (ETSI): 5,15 a 5,35 GHz; 5,470 a 5,725 GHz<br \/>\t\t\t&#8211; Ancho de banda: 20, 40, 80 y 160 MHz<br \/>\t\t\t&#8211; Potencia de salida de transmisi&oacute;n t&iacute;pica:<br \/>\t\t\t&nbsp; EE.UU. (2,4GHz\/5GHz): 29,98\/29,82 dBm<br \/>\t\t\t&nbsp; UE (2,4 GHz\/5 GHz): 19,92\/29,90 dBm<br \/>\t\t\t&#8211; Seguridad inal&aacute;mbrica: Abierto, WPA2-PSK<br \/>\t\t\t&#8211; N&uacute;mero de SSID: 8<br \/>\t\t\t&#8211; Red MESH: 1<br \/>\t\t\t&#8211; Tipo de antena: 4 (interna)<br \/>\t\t\t&#8211; Ganancia de antena:<br \/>\t\t\t&nbsp; 2,4Ghz 2,0dBi 4&#215;4: 4SS<br \/>\t\t\t&nbsp; 5Ghz 3.0dBi 4&#215;4: 4SS<br \/>\t\t\t<strong>Funciones de red<\/strong><br \/>\t\t\t&#8211; Tipo de WAN: DHCP\/IP est&aacute;tica\/PPPoE<br \/>\t\t\t&#8211; IP de reserva (enlace IP\/MAC)<br \/>\t\t\t&#8211; Bloquear clientes<br \/>\t\t\t&#8211; Servidor virtual (NAT)<br \/>\t\t\t&#8211; Servidor DHCP y retransmisi&oacute;n DHCP<br \/>\t\t\t&#8211; DNS din&aacute;mico<br \/>\t\t\t&#8211; Ruta est&aacute;tica<br \/>\t\t\t&#8211; Red de invitados<br \/>\t\t\t&#8211; VLAN: 4<br \/>\t\t\t<strong>Funciones VPN<\/strong><br \/>\t\t\t&#8211; VPN Site2site: IPSec<br \/>\t\t\t&#8211; VPN de acceso remoto<br \/>\t\t\t<strong>Capacidad y rendimiento del sistema<\/strong><br \/>\t\t\t&#8211; Rendimiento del firewall SPI LAN a WAN (Mbps): 2,000<br \/>\t\t\t&#8211; Rendimiento en modo puente (Mbps): 2,000<br \/>\t\t\t&#8211; Rendimiento DPI Aplicaci&oacute;n activada (modo de enrutamiento) (Mbps): 2,000<br \/>\t\t\t&#8211; Rendimiento con gesti&oacute;n de amenazas activada (Mbps): 2,000<br \/>\t\t\t&#8211; Rendimiento de VPN Sesi&oacute;n &uacute;nica TCP (Mbps): 100<br \/>\t\t\t&#8211; Rendimiento de VPN UDP 1424 (Mbps): 300<br \/>\t\t\t&#8211; M&aacute;x. Sesiones simult&aacute;neas TCP: 20,000<br \/>\t\t\t&#8211; T&uacute;neles VPN IPsec de puerta de enlace a puerta de enlace m&aacute;x.: 3<br \/>\t\t\t&#8211; T&uacute;neles VPN IPSec simult&aacute;neos m&aacute;x.: 5<br \/>\t\t\t&#8211; T&uacute;neles VPN remotos m&aacute;x.: 5<br \/>\t\t\t<strong>Funciones de seguridad<\/strong><br \/>\t\t\t&#8211; Prevenci&oacute;n de ransomware \/ malware<br \/>\t\t\t&#8211; Bloqueador de intrusiones<br \/>\t\t\t&#8211; Bloqueador de Dark Web<br \/>\t\t\t&#8211; Detener el fraude postal y el phishing<br \/>\t\t\t&#8211; Bloquear anuncios<br \/>\t\t\t&#8211; Bloquear VPN proxy<br \/>\t\t\t&#8211; Firewall<br \/>\t\t\t&#8211; Restricci&oacute;n de pa&iacute;s (GeoIP)<br \/>\t\t\t&#8211; Lista de excepciones<br \/>\t\t\t&#8211; Dominio personalizado permitido \/ bloqueado<br \/>\t\t\t&#8211; Gesti&oacute;n del tr&aacute;fico (aplicaciones y clientes)<br \/>\t\t\t&#8211; An&aacute;lisis de eventos de seguridad: Informe de amenazas Nebula<br \/>\t\t\t&#8211; Inteligencia sobre amenazas en tiempo<br \/>\t\t\t&#8211; Filtrado web (filtro de contenidos)<br \/>\t\t\t<strong>Gesti&oacute;n<\/strong><br \/>\t\t\t&#8211; Onboarding M&eacute;todo de configuraci&oacute;n WAN<br \/>\t\t\t&#8211; Gesti&oacute;n de SSID en todo el sitio<br \/>\t\t\t&#8211; Gesti&oacute;n multisitio<br \/>\t\t\t&#8211; Diagn&oacute;stico<br \/>\t\t\t&#8211; Asistencia remota<br \/>\t\t\t&#8211; Copia de seguridad y restauraci&oacute;n de la configuraci&oacute;n<br \/>\t\t\t&#8211; Herramientas en directo<br \/>\t\t\t&#8211; Nebula Pro Pack &#8211; Conjunto de funciones avanzadas<br \/>\t\t\t<strong>Certificaciones<br \/>\t\t\t&#8211;<\/strong> CE<br \/>\t\t\t&#8211; FCC<br \/>\t\t\t&#8211; BSMI<br \/>\t\t\t<strong>Alimentaci&oacute;n<\/strong><br \/>\t\t\t&#8211; Entrada de alimentaci&oacute;n: 12 V CC, 3,0 A<br \/>\t\t\t&#8211; Consumo de energ&iacute;a m&aacute;x. (vatios m&aacute;x.): 31W<br \/>\t\t\t<strong>Dimensiones y peso<\/strong><br \/>\t\t\t&#8211; 161,7 x 65 x 229 mm<br \/>\t\t\t&#8211; 707 g<\/td>\n<\/tr>\n<tr>\n<td><strong>Fecha Revisi&oacute;n<\/strong><\/td>\n<td>19-09-2024 por RTY<\/td>\n<\/tr>\n<\/table>\n","protected":false},"excerpt":{"rendered":"<p>Marca Zyxel Modelo USGLITE60AX-EU0101F Redes Interfaces\/puertos &#8211; WAN: 1 x 100\/1000\/2500 Mbps &#8211; LAN: 1 x 100\/1000\/2500 Mbps &#8211; 4 x 100\/1000 Mbps CPU &#8211; Cuatro n&uacute;cleos, 2,00 GHz Memoria &#8211; RAM: 1 GB &#8211; FLASH: 512 MB Especificaciones del sistema inal&aacute;mbrico &#8211; Est&aacute;ndar: IEEE802.11 ax\/ac\/n\/g\/b\/a &#8211; MIMO: MU-MIMO &#8211; Velocidad inal&aacute;mbrica: &nbsp; 2,4 GHz&hellip;&nbsp;<a href=\"https:\/\/aivlisoft.net\/shop\/producto\/zyxel-usglite60ax-router-wifi6-mesh-4xgbe-1x2-5gbe\/\" rel=\"bookmark\"><span class=\"screen-reader-text\">Zyxel USGLITE60AX Router WiFi6 Mesh 4xGbE 1&#215;2.5GbE<\/span><\/a><\/p>\n","protected":false},"featured_media":19259,"template":"","meta":{"neve_meta_sidebar":"","neve_meta_container":"","neve_meta_enable_content_width":"","neve_meta_content_width":0,"neve_meta_title_alignment":"","neve_meta_author_avatar":"","neve_post_elements_order":"","neve_meta_disable_header":"","neve_meta_disable_footer":"","neve_meta_disable_title":""},"product_brand":[],"product_cat":[15,8768,6832],"product_tag":[6969],"class_list":{"0":"post-19258","1":"product","2":"type-product","3":"status-publish","4":"has-post-thumbnail","6":"product_cat-sin-categorizar","7":"product_cat-routers-adsl","8":"product_cat-routers-modems","9":"product_tag-usglite60ax-eu0101f","11":"first","12":"instock","13":"taxable","14":"shipping-taxable","15":"purchasable","16":"product-type-simple"},"yoast_head":"<!-- This site is optimized with the Yoast SEO plugin v26.0 - https:\/\/yoast.com\/wordpress\/plugins\/seo\/ -->\n<title>Zyxel USGLITE60AX Router WiFi6 Mesh 4xGbE 1x2.5GbE - Aivlisoft Inform\u00e1tica<\/title>\n<meta name=\"robots\" content=\"index, follow, max-snippet:-1, max-image-preview:large, max-video-preview:-1\" \/>\n<link rel=\"canonical\" href=\"https:\/\/aivlisoft.net\/shop\/producto\/zyxel-usglite60ax-router-wifi6-mesh-4xgbe-1x2-5gbe\/\" \/>\n<meta property=\"og:locale\" content=\"es_ES\" \/>\n<meta property=\"og:type\" content=\"article\" \/>\n<meta property=\"og:title\" content=\"Zyxel USGLITE60AX Router WiFi6 Mesh 4xGbE 1x2.5GbE - Aivlisoft Inform\u00e1tica\" \/>\n<meta property=\"og:description\" content=\"Marca Zyxel Modelo USGLITE60AX-EU0101F Redes Interfaces\/puertos &#8211; WAN: 1 x 100\/1000\/2500 Mbps &#8211; LAN: 1 x 100\/1000\/2500 Mbps &#8211; 4 x 100\/1000 Mbps CPU &#8211; Cuatro n&uacute;cleos, 2,00 GHz Memoria &#8211; RAM: 1 GB &#8211; FLASH: 512 MB Especificaciones del sistema inal&aacute;mbrico &#8211; Est&aacute;ndar: IEEE802.11 ax\/ac\/n\/g\/b\/a &#8211; MIMO: MU-MIMO &#8211; Velocidad inal&aacute;mbrica: &nbsp; 2,4 GHz&hellip;&nbsp;Zyxel USGLITE60AX Router WiFi6 Mesh 4xGbE 1&#215;2.5GbE\" \/>\n<meta property=\"og:url\" content=\"https:\/\/aivlisoft.net\/shop\/producto\/zyxel-usglite60ax-router-wifi6-mesh-4xgbe-1x2-5gbe\/\" \/>\n<meta property=\"og:site_name\" content=\"Aivlisoft Inform\u00e1tica\" \/>\n<meta property=\"article:modified_time\" content=\"2025-01-14T19:55:39+00:00\" \/>\n<meta property=\"og:image\" content=\"https:\/\/aivlisoft.net\/shop\/wp-content\/uploads\/2025\/01\/NROINA0403_800.jpg\" \/>\n\t<meta property=\"og:image:width\" content=\"800\" \/>\n\t<meta property=\"og:image:height\" content=\"800\" \/>\n\t<meta property=\"og:image:type\" content=\"image\/jpeg\" \/>\n<meta name=\"twitter:card\" content=\"summary_large_image\" \/>\n<meta name=\"twitter:label1\" content=\"Tiempo de lectura\" \/>\n\t<meta name=\"twitter:data1\" content=\"3 minutos\" \/>\n<script type=\"application\/ld+json\" class=\"yoast-schema-graph\">{\"@context\":\"https:\/\/schema.org\",\"@graph\":[{\"@type\":\"WebPage\",\"@id\":\"https:\/\/aivlisoft.net\/shop\/producto\/zyxel-usglite60ax-router-wifi6-mesh-4xgbe-1x2-5gbe\/\",\"url\":\"https:\/\/aivlisoft.net\/shop\/producto\/zyxel-usglite60ax-router-wifi6-mesh-4xgbe-1x2-5gbe\/\",\"name\":\"Zyxel USGLITE60AX Router WiFi6 Mesh 4xGbE 1x2.5GbE - Aivlisoft Inform\u00e1tica\",\"isPartOf\":{\"@id\":\"https:\/\/aivlisoft.net\/shop\/#website\"},\"primaryImageOfPage\":{\"@id\":\"https:\/\/aivlisoft.net\/shop\/producto\/zyxel-usglite60ax-router-wifi6-mesh-4xgbe-1x2-5gbe\/#primaryimage\"},\"image\":{\"@id\":\"https:\/\/aivlisoft.net\/shop\/producto\/zyxel-usglite60ax-router-wifi6-mesh-4xgbe-1x2-5gbe\/#primaryimage\"},\"thumbnailUrl\":\"https:\/\/aivlisoft.net\/shop\/wp-content\/uploads\/2025\/01\/NROINA0403_800.jpg\",\"datePublished\":\"2025-01-13T15:30:34+00:00\",\"dateModified\":\"2025-01-14T19:55:39+00:00\",\"breadcrumb\":{\"@id\":\"https:\/\/aivlisoft.net\/shop\/producto\/zyxel-usglite60ax-router-wifi6-mesh-4xgbe-1x2-5gbe\/#breadcrumb\"},\"inLanguage\":\"es\",\"potentialAction\":[{\"@type\":\"ReadAction\",\"target\":[\"https:\/\/aivlisoft.net\/shop\/producto\/zyxel-usglite60ax-router-wifi6-mesh-4xgbe-1x2-5gbe\/\"]}]},{\"@type\":\"ImageObject\",\"inLanguage\":\"es\",\"@id\":\"https:\/\/aivlisoft.net\/shop\/producto\/zyxel-usglite60ax-router-wifi6-mesh-4xgbe-1x2-5gbe\/#primaryimage\",\"url\":\"https:\/\/aivlisoft.net\/shop\/wp-content\/uploads\/2025\/01\/NROINA0403_800.jpg\",\"contentUrl\":\"https:\/\/aivlisoft.net\/shop\/wp-content\/uploads\/2025\/01\/NROINA0403_800.jpg\",\"width\":800,\"height\":800},{\"@type\":\"BreadcrumbList\",\"@id\":\"https:\/\/aivlisoft.net\/shop\/producto\/zyxel-usglite60ax-router-wifi6-mesh-4xgbe-1x2-5gbe\/#breadcrumb\",\"itemListElement\":[{\"@type\":\"ListItem\",\"position\":1,\"name\":\"Portada\",\"item\":\"https:\/\/aivlisoft.net\/shop\/\"},{\"@type\":\"ListItem\",\"position\":2,\"name\":\"Tienda\",\"item\":\"https:\/\/aivlisoft.net\/shop\/tienda\/\"},{\"@type\":\"ListItem\",\"position\":3,\"name\":\"Zyxel USGLITE60AX Router WiFi6 Mesh 4xGbE 1&#215;2.5GbE\"}]},{\"@type\":\"WebSite\",\"@id\":\"https:\/\/aivlisoft.net\/shop\/#website\",\"url\":\"https:\/\/aivlisoft.net\/shop\/\",\"name\":\"Aivlisoft Inform\u00e1tica\",\"description\":\"En Aivlisoft Inform\u00e1tica ofrecemos soluciones tecnol\u00f3gicas para empresas: venta de ordenadores, consumibles, perif\u00e9ricos y m\u00e1s. Calidad, atenci\u00f3n personalizada y los mejores precios para tu negocio.\",\"publisher\":{\"@id\":\"https:\/\/aivlisoft.net\/shop\/#organization\"},\"potentialAction\":[{\"@type\":\"SearchAction\",\"target\":{\"@type\":\"EntryPoint\",\"urlTemplate\":\"https:\/\/aivlisoft.net\/shop\/?s={search_term_string}\"},\"query-input\":{\"@type\":\"PropertyValueSpecification\",\"valueRequired\":true,\"valueName\":\"search_term_string\"}}],\"inLanguage\":\"es\"},{\"@type\":\"Organization\",\"@id\":\"https:\/\/aivlisoft.net\/shop\/#organization\",\"name\":\"Aivlisoft Inform\u00e1tica\",\"url\":\"https:\/\/aivlisoft.net\/shop\/\",\"logo\":{\"@type\":\"ImageObject\",\"inLanguage\":\"es\",\"@id\":\"https:\/\/aivlisoft.net\/shop\/#\/schema\/logo\/image\/\",\"url\":\"https:\/\/aivlisoft.net\/shop\/wp-content\/uploads\/2024\/12\/removal.ai_5b848c54-0cdf-4140-95c5-c5536bb7573b-logodef.png\",\"contentUrl\":\"https:\/\/aivlisoft.net\/shop\/wp-content\/uploads\/2024\/12\/removal.ai_5b848c54-0cdf-4140-95c5-c5536bb7573b-logodef.png\",\"width\":484,\"height\":182,\"caption\":\"Aivlisoft Inform\u00e1tica\"},\"image\":{\"@id\":\"https:\/\/aivlisoft.net\/shop\/#\/schema\/logo\/image\/\"}}]}<\/script>\n<!-- \/ Yoast SEO plugin. -->","yoast_head_json":{"title":"Zyxel USGLITE60AX Router WiFi6 Mesh 4xGbE 1x2.5GbE - Aivlisoft Inform\u00e1tica","robots":{"index":"index","follow":"follow","max-snippet":"max-snippet:-1","max-image-preview":"max-image-preview:large","max-video-preview":"max-video-preview:-1"},"canonical":"https:\/\/aivlisoft.net\/shop\/producto\/zyxel-usglite60ax-router-wifi6-mesh-4xgbe-1x2-5gbe\/","og_locale":"es_ES","og_type":"article","og_title":"Zyxel USGLITE60AX Router WiFi6 Mesh 4xGbE 1x2.5GbE - Aivlisoft Inform\u00e1tica","og_description":"Marca Zyxel Modelo USGLITE60AX-EU0101F Redes Interfaces\/puertos &#8211; WAN: 1 x 100\/1000\/2500 Mbps &#8211; LAN: 1 x 100\/1000\/2500 Mbps &#8211; 4 x 100\/1000 Mbps CPU &#8211; Cuatro n&uacute;cleos, 2,00 GHz Memoria &#8211; RAM: 1 GB &#8211; FLASH: 512 MB Especificaciones del sistema inal&aacute;mbrico &#8211; Est&aacute;ndar: IEEE802.11 ax\/ac\/n\/g\/b\/a &#8211; MIMO: MU-MIMO &#8211; Velocidad inal&aacute;mbrica: &nbsp; 2,4 GHz&hellip;&nbsp;Zyxel USGLITE60AX Router WiFi6 Mesh 4xGbE 1&#215;2.5GbE","og_url":"https:\/\/aivlisoft.net\/shop\/producto\/zyxel-usglite60ax-router-wifi6-mesh-4xgbe-1x2-5gbe\/","og_site_name":"Aivlisoft Inform\u00e1tica","article_modified_time":"2025-01-14T19:55:39+00:00","og_image":[{"width":800,"height":800,"url":"https:\/\/aivlisoft.net\/shop\/wp-content\/uploads\/2025\/01\/NROINA0403_800.jpg","type":"image\/jpeg"}],"twitter_card":"summary_large_image","twitter_misc":{"Tiempo de lectura":"3 minutos"},"schema":{"@context":"https:\/\/schema.org","@graph":[{"@type":"WebPage","@id":"https:\/\/aivlisoft.net\/shop\/producto\/zyxel-usglite60ax-router-wifi6-mesh-4xgbe-1x2-5gbe\/","url":"https:\/\/aivlisoft.net\/shop\/producto\/zyxel-usglite60ax-router-wifi6-mesh-4xgbe-1x2-5gbe\/","name":"Zyxel USGLITE60AX Router WiFi6 Mesh 4xGbE 1x2.5GbE - Aivlisoft Inform\u00e1tica","isPartOf":{"@id":"https:\/\/aivlisoft.net\/shop\/#website"},"primaryImageOfPage":{"@id":"https:\/\/aivlisoft.net\/shop\/producto\/zyxel-usglite60ax-router-wifi6-mesh-4xgbe-1x2-5gbe\/#primaryimage"},"image":{"@id":"https:\/\/aivlisoft.net\/shop\/producto\/zyxel-usglite60ax-router-wifi6-mesh-4xgbe-1x2-5gbe\/#primaryimage"},"thumbnailUrl":"https:\/\/aivlisoft.net\/shop\/wp-content\/uploads\/2025\/01\/NROINA0403_800.jpg","datePublished":"2025-01-13T15:30:34+00:00","dateModified":"2025-01-14T19:55:39+00:00","breadcrumb":{"@id":"https:\/\/aivlisoft.net\/shop\/producto\/zyxel-usglite60ax-router-wifi6-mesh-4xgbe-1x2-5gbe\/#breadcrumb"},"inLanguage":"es","potentialAction":[{"@type":"ReadAction","target":["https:\/\/aivlisoft.net\/shop\/producto\/zyxel-usglite60ax-router-wifi6-mesh-4xgbe-1x2-5gbe\/"]}]},{"@type":"ImageObject","inLanguage":"es","@id":"https:\/\/aivlisoft.net\/shop\/producto\/zyxel-usglite60ax-router-wifi6-mesh-4xgbe-1x2-5gbe\/#primaryimage","url":"https:\/\/aivlisoft.net\/shop\/wp-content\/uploads\/2025\/01\/NROINA0403_800.jpg","contentUrl":"https:\/\/aivlisoft.net\/shop\/wp-content\/uploads\/2025\/01\/NROINA0403_800.jpg","width":800,"height":800},{"@type":"BreadcrumbList","@id":"https:\/\/aivlisoft.net\/shop\/producto\/zyxel-usglite60ax-router-wifi6-mesh-4xgbe-1x2-5gbe\/#breadcrumb","itemListElement":[{"@type":"ListItem","position":1,"name":"Portada","item":"https:\/\/aivlisoft.net\/shop\/"},{"@type":"ListItem","position":2,"name":"Tienda","item":"https:\/\/aivlisoft.net\/shop\/tienda\/"},{"@type":"ListItem","position":3,"name":"Zyxel USGLITE60AX Router WiFi6 Mesh 4xGbE 1&#215;2.5GbE"}]},{"@type":"WebSite","@id":"https:\/\/aivlisoft.net\/shop\/#website","url":"https:\/\/aivlisoft.net\/shop\/","name":"Aivlisoft Inform\u00e1tica","description":"En Aivlisoft Inform\u00e1tica ofrecemos soluciones tecnol\u00f3gicas para empresas: venta de ordenadores, consumibles, perif\u00e9ricos y m\u00e1s. Calidad, atenci\u00f3n personalizada y los mejores precios para tu negocio.","publisher":{"@id":"https:\/\/aivlisoft.net\/shop\/#organization"},"potentialAction":[{"@type":"SearchAction","target":{"@type":"EntryPoint","urlTemplate":"https:\/\/aivlisoft.net\/shop\/?s={search_term_string}"},"query-input":{"@type":"PropertyValueSpecification","valueRequired":true,"valueName":"search_term_string"}}],"inLanguage":"es"},{"@type":"Organization","@id":"https:\/\/aivlisoft.net\/shop\/#organization","name":"Aivlisoft Inform\u00e1tica","url":"https:\/\/aivlisoft.net\/shop\/","logo":{"@type":"ImageObject","inLanguage":"es","@id":"https:\/\/aivlisoft.net\/shop\/#\/schema\/logo\/image\/","url":"https:\/\/aivlisoft.net\/shop\/wp-content\/uploads\/2024\/12\/removal.ai_5b848c54-0cdf-4140-95c5-c5536bb7573b-logodef.png","contentUrl":"https:\/\/aivlisoft.net\/shop\/wp-content\/uploads\/2024\/12\/removal.ai_5b848c54-0cdf-4140-95c5-c5536bb7573b-logodef.png","width":484,"height":182,"caption":"Aivlisoft Inform\u00e1tica"},"image":{"@id":"https:\/\/aivlisoft.net\/shop\/#\/schema\/logo\/image\/"}}]}},"_links":{"self":[{"href":"https:\/\/aivlisoft.net\/shop\/wp-json\/wp\/v2\/product\/19258","targetHints":{"allow":["GET"]}}],"collection":[{"href":"https:\/\/aivlisoft.net\/shop\/wp-json\/wp\/v2\/product"}],"about":[{"href":"https:\/\/aivlisoft.net\/shop\/wp-json\/wp\/v2\/types\/product"}],"wp:featuredmedia":[{"embeddable":true,"href":"https:\/\/aivlisoft.net\/shop\/wp-json\/wp\/v2\/media\/19259"}],"wp:attachment":[{"href":"https:\/\/aivlisoft.net\/shop\/wp-json\/wp\/v2\/media?parent=19258"}],"wp:term":[{"taxonomy":"product_brand","embeddable":true,"href":"https:\/\/aivlisoft.net\/shop\/wp-json\/wp\/v2\/product_brand?post=19258"},{"taxonomy":"product_cat","embeddable":true,"href":"https:\/\/aivlisoft.net\/shop\/wp-json\/wp\/v2\/product_cat?post=19258"},{"taxonomy":"product_tag","embeddable":true,"href":"https:\/\/aivlisoft.net\/shop\/wp-json\/wp\/v2\/product_tag?post=19258"}],"curies":[{"name":"wp","href":"https:\/\/api.w.org\/{rel}","templated":true}]}}