{"id":19245,"date":"2025-01-13T15:30:27","date_gmt":"2025-01-13T15:30:27","guid":{"rendered":"https:\/\/aivlisoft.com\/?post_type=product&#038;p=19245"},"modified":"2025-01-14T19:57:27","modified_gmt":"2025-01-14T19:57:27","slug":"tp-link-ex141-router-wifi6-ax1500-dual-1xwan-3xlan","status":"publish","type":"product","link":"https:\/\/aivlisoft.net\/shop\/producto\/tp-link-ex141-router-wifi6-ax1500-dual-1xwan-3xlan\/","title":{"rendered":"TP-Link EX141 Router WiFi6 AX1500 Dual 1xWAN 3xLAN"},"content":{"rendered":"<p><\/p>\n<table class=\"tabla_caracteristicas\" width=\"100%\">\n<tr>\n<td valign=\"top\"><strong>Marca<\/strong><\/td>\n<td>TP-Link<\/td>\n<\/tr>\n<tr>\n<td valign=\"top\"><strong>Modelo<\/strong><\/td>\n<td><strong>EX141<\/strong><\/td>\n<\/tr>\n<tr>\n<td valign=\"top\"><strong>Caracter&iacute;sticas<\/strong><\/td>\n<td>&#8211; VPN Pass-Through: IPSec, PPTP, L2TP<br \/>\t\t\t&#8211; Control de acceso: Parental Controls, White List, Black List<br \/>\t\t\t&#8211; Seguridad Firewall: DoS, SPI Firewall, IP and MAC Address Binding<br \/>\t\t\t&#8211; Gesti&oacute;n:<br \/>\t\t\t&nbsp; Local management: WebGUI management, Aginet app management<br \/>\t\t\t&nbsp; Remote management: Aginet ACS, TR-069, TR-098, TR-181,TR-111, and TR-143 for service providers<br \/>\t\t\t&nbsp; Aginet APP for end user (need to log in wtih TP-Link ID and bind your device to it)<br \/>\t\t\t&#8211; Caracter&iacute;sticas avanzadas: Muti-SSID, Guest Network, QoS (Quality of Service), TX Beamforming, MU-MIMO, OFDMA, Airtime Fairness<br \/>\t\t\t&#8211; Protocolos: IPv4, IPv6<br \/>\t\t\t&#8211; Modos de operaci&oacute;n: Router, Access Point<br \/>\t\t\t&#8211; Servidor VPN: PPTP, OpenVPN, IPSec<br \/>\t\t\t&#8211; Tipo de WAN: Dynamic IP\/Static IP\/PPPoE\/PPTP\/L2TP (Multi-EWAN)<br \/>\t\t\t&#8211; DHCP: Server, DHCP Client List, Address Reservation<br \/>\t\t\t&#8211; Reenv&iacute;o de puertos: Virtual Server, Port Triggering, UPnP, DMZ<br \/>\t\t\t&#8211; DNS din&aacute;mico: DynDns, NO-IP<br \/>\t\t\t-Requerimientos&nbsp;&nbsp; &nbsp;<br \/>\t\t\t&nbsp; Microsoft Windows 98SE\/NT\/2000\/XP\/Vista&trade;\/7\/8\/8.1\/10, MAC OS, NetWare, UNIX or Linux<br \/>\t\t\t&nbsp; Internet Explorer 11, Firefox 12.0, Chrome 20.0, Safari 4.0, or other Java-enabled browser<br \/>\t\t\t&nbsp; Subscription with an internet service provider (for internet access)<\/td>\n<\/tr>\n<tr>\n<td valign=\"top\"><strong>Hardware<\/strong><\/td>\n<td>&#8211; Tipo de antena: 4 x antenas externas<br \/>\t\t\t&#8211; Fuente de alimentaci&oacute;n externa: 12V\/1A<br \/>\t\t\t&#8211; Interfaz&nbsp;&nbsp; &nbsp;<br \/>\t\t\t&nbsp; 1 10\/100\/1000 Mbps RJ45 WAN Port<br \/>\t\t\t&nbsp; 3 10\/100\/1000 Mbps RJ45 LAN Ports<br \/>\t\t\t&#8211; Bot&oacute;n: Reset Button, WPS\/Wi-Fi Button<\/td>\n<\/tr>\n<tr>\n<td valign=\"top\"><strong>Caracter&iacute;sticas<\/strong><\/td>\n<td><strong>Caracter&iacute;sticas inal&aacute;mbricas<\/strong><br \/>\t\t\t&#8211; Est&aacute;ndares inal&aacute;mbricos: IEEE 802.11ax\/ac\/n\/a 5 GHz, IEEE 802.11n\/g\/b 2.4 GHz<br \/>\t\t\t&#8211; Potencia de transmisi&oacute;n&nbsp;&nbsp; &nbsp;<br \/>\t\t\t&nbsp; CE: &lt;20dBm (2.4 GHz), &lt;23dBm (5.17 GHz&ndash;5.71 GHz)<br \/>\t\t\t&nbsp; FCC:&lt;30dBm (2.4 GHz &amp; 5.15 GHz&ndash;5.825 GHz)<br \/>\t\t\t&#8211; Wireless Schedule: Support 2.4 GHz and 5 GHz Wireless Schedule<br \/>\t\t\t&#8211; Tecnolog&iacute;a Mesh: EasyMesh Compatible, and support 802.11k\/v\/r<br \/>\t\t\t&#8211; Frecuencia: 2.4 GHz and 5 GHz<br \/>\t\t\t&#8211; Tasa de se&ntilde;al: 1201 Mbps on 5 GHz, 300 Mbps on 2.4 GHz<br \/>\t\t\t&#8211; Funciones inal&aacute;mbricas: Enable\/Disable Wireless Radio, WMM, Wireless Statistics, Band Steering<br \/>\t\t\t&#8211; Seguridad inal&aacute;mbrica: WPA\/WPA2\/WPA3 encryptions<br \/>\t\t\t<strong>Dimensiones<\/strong><br \/>\t\t\t&#8211; 182.7 &times; 94 &times; 33.3 mm<br \/>\t\t\t<strong>Contenido<\/strong><br \/>\t\t\t&#8211; AX1500 Dual Band Gigabit Wi-Fi 6 Router EX141<br \/>\t\t\t&#8211; Power Adapter<br \/>\t\t\t&#8211; RJ45 Ethernet Cable<br \/>\t\t\t&#8211; Quick Installation Guide<\/td>\n<\/tr>\n<tr>\n<td valign=\"top\"><strong>Fecha de revisi&oacute;n<\/strong><\/td>\n<td>06-05-2024 por RTY<\/td>\n<\/tr>\n<\/table>\n","protected":false},"excerpt":{"rendered":"<p>Marca TP-Link Modelo EX141 Caracter&iacute;sticas &#8211; VPN Pass-Through: IPSec, PPTP, L2TP &#8211; Control de acceso: Parental Controls, White List, Black List &#8211; Seguridad Firewall: DoS, SPI Firewall, IP and MAC Address Binding &#8211; Gesti&oacute;n: &nbsp; Local management: WebGUI management, Aginet app management &nbsp; Remote management: Aginet ACS, TR-069, TR-098, TR-181,TR-111, and TR-143 for service providers&hellip;&nbsp;<a href=\"https:\/\/aivlisoft.net\/shop\/producto\/tp-link-ex141-router-wifi6-ax1500-dual-1xwan-3xlan\/\" rel=\"bookmark\"><span class=\"screen-reader-text\">TP-Link EX141 Router WiFi6 AX1500 Dual 1xWAN 3xLAN<\/span><\/a><\/p>\n","protected":false},"featured_media":19246,"template":"","meta":{"neve_meta_sidebar":"","neve_meta_container":"","neve_meta_enable_content_width":"","neve_meta_content_width":0,"neve_meta_title_alignment":"","neve_meta_author_avatar":"","neve_post_elements_order":"","neve_meta_disable_header":"","neve_meta_disable_footer":"","neve_meta_disable_title":""},"product_brand":[],"product_cat":[15,8768,6832],"product_tag":[6964],"class_list":{"0":"post-19245","1":"product","2":"type-product","3":"status-publish","4":"has-post-thumbnail","6":"product_cat-sin-categorizar","7":"product_cat-routers-adsl","8":"product_cat-routers-modems","9":"product_tag-ex141","11":"first","12":"instock","13":"taxable","14":"shipping-taxable","15":"purchasable","16":"product-type-simple"},"yoast_head":"<!-- This site is optimized with the Yoast SEO plugin v26.0 - https:\/\/yoast.com\/wordpress\/plugins\/seo\/ -->\n<title>TP-Link EX141 Router WiFi6 AX1500 Dual 1xWAN 3xLAN - Aivlisoft Inform\u00e1tica<\/title>\n<meta name=\"robots\" content=\"index, follow, max-snippet:-1, max-image-preview:large, max-video-preview:-1\" \/>\n<link rel=\"canonical\" href=\"https:\/\/aivlisoft.net\/shop\/producto\/tp-link-ex141-router-wifi6-ax1500-dual-1xwan-3xlan\/\" \/>\n<meta property=\"og:locale\" content=\"es_ES\" \/>\n<meta property=\"og:type\" content=\"article\" \/>\n<meta property=\"og:title\" content=\"TP-Link EX141 Router WiFi6 AX1500 Dual 1xWAN 3xLAN - Aivlisoft Inform\u00e1tica\" \/>\n<meta property=\"og:description\" content=\"Marca TP-Link Modelo EX141 Caracter&iacute;sticas &#8211; VPN Pass-Through: IPSec, PPTP, L2TP &#8211; Control de acceso: Parental Controls, White List, Black List &#8211; Seguridad Firewall: DoS, SPI Firewall, IP and MAC Address Binding &#8211; Gesti&oacute;n: &nbsp; Local management: WebGUI management, Aginet app management &nbsp; Remote management: Aginet ACS, TR-069, TR-098, TR-181,TR-111, and TR-143 for service providers&hellip;&nbsp;TP-Link EX141 Router WiFi6 AX1500 Dual 1xWAN 3xLAN\" \/>\n<meta property=\"og:url\" content=\"https:\/\/aivlisoft.net\/shop\/producto\/tp-link-ex141-router-wifi6-ax1500-dual-1xwan-3xlan\/\" \/>\n<meta property=\"og:site_name\" content=\"Aivlisoft Inform\u00e1tica\" \/>\n<meta property=\"article:modified_time\" content=\"2025-01-14T19:57:27+00:00\" \/>\n<meta property=\"og:image\" content=\"https:\/\/aivlisoft.net\/shop\/wp-content\/uploads\/2025\/01\/NROINA0398_800.jpg\" \/>\n\t<meta property=\"og:image:width\" content=\"800\" \/>\n\t<meta property=\"og:image:height\" content=\"800\" \/>\n\t<meta property=\"og:image:type\" content=\"image\/jpeg\" \/>\n<meta name=\"twitter:card\" content=\"summary_large_image\" \/>\n<meta name=\"twitter:label1\" content=\"Tiempo de lectura\" \/>\n\t<meta name=\"twitter:data1\" content=\"2 minutos\" \/>\n<script type=\"application\/ld+json\" class=\"yoast-schema-graph\">{\"@context\":\"https:\/\/schema.org\",\"@graph\":[{\"@type\":\"WebPage\",\"@id\":\"https:\/\/aivlisoft.net\/shop\/producto\/tp-link-ex141-router-wifi6-ax1500-dual-1xwan-3xlan\/\",\"url\":\"https:\/\/aivlisoft.net\/shop\/producto\/tp-link-ex141-router-wifi6-ax1500-dual-1xwan-3xlan\/\",\"name\":\"TP-Link EX141 Router WiFi6 AX1500 Dual 1xWAN 3xLAN - Aivlisoft Inform\u00e1tica\",\"isPartOf\":{\"@id\":\"https:\/\/aivlisoft.net\/shop\/#website\"},\"primaryImageOfPage\":{\"@id\":\"https:\/\/aivlisoft.net\/shop\/producto\/tp-link-ex141-router-wifi6-ax1500-dual-1xwan-3xlan\/#primaryimage\"},\"image\":{\"@id\":\"https:\/\/aivlisoft.net\/shop\/producto\/tp-link-ex141-router-wifi6-ax1500-dual-1xwan-3xlan\/#primaryimage\"},\"thumbnailUrl\":\"https:\/\/aivlisoft.net\/shop\/wp-content\/uploads\/2025\/01\/NROINA0398_800.jpg\",\"datePublished\":\"2025-01-13T15:30:27+00:00\",\"dateModified\":\"2025-01-14T19:57:27+00:00\",\"breadcrumb\":{\"@id\":\"https:\/\/aivlisoft.net\/shop\/producto\/tp-link-ex141-router-wifi6-ax1500-dual-1xwan-3xlan\/#breadcrumb\"},\"inLanguage\":\"es\",\"potentialAction\":[{\"@type\":\"ReadAction\",\"target\":[\"https:\/\/aivlisoft.net\/shop\/producto\/tp-link-ex141-router-wifi6-ax1500-dual-1xwan-3xlan\/\"]}]},{\"@type\":\"ImageObject\",\"inLanguage\":\"es\",\"@id\":\"https:\/\/aivlisoft.net\/shop\/producto\/tp-link-ex141-router-wifi6-ax1500-dual-1xwan-3xlan\/#primaryimage\",\"url\":\"https:\/\/aivlisoft.net\/shop\/wp-content\/uploads\/2025\/01\/NROINA0398_800.jpg\",\"contentUrl\":\"https:\/\/aivlisoft.net\/shop\/wp-content\/uploads\/2025\/01\/NROINA0398_800.jpg\",\"width\":800,\"height\":800},{\"@type\":\"BreadcrumbList\",\"@id\":\"https:\/\/aivlisoft.net\/shop\/producto\/tp-link-ex141-router-wifi6-ax1500-dual-1xwan-3xlan\/#breadcrumb\",\"itemListElement\":[{\"@type\":\"ListItem\",\"position\":1,\"name\":\"Portada\",\"item\":\"https:\/\/aivlisoft.net\/shop\/\"},{\"@type\":\"ListItem\",\"position\":2,\"name\":\"Tienda\",\"item\":\"https:\/\/aivlisoft.net\/shop\/tienda\/\"},{\"@type\":\"ListItem\",\"position\":3,\"name\":\"TP-Link EX141 Router WiFi6 AX1500 Dual 1xWAN 3xLAN\"}]},{\"@type\":\"WebSite\",\"@id\":\"https:\/\/aivlisoft.net\/shop\/#website\",\"url\":\"https:\/\/aivlisoft.net\/shop\/\",\"name\":\"Aivlisoft Inform\u00e1tica\",\"description\":\"En Aivlisoft Inform\u00e1tica ofrecemos soluciones tecnol\u00f3gicas para empresas: venta de ordenadores, consumibles, perif\u00e9ricos y m\u00e1s. Calidad, atenci\u00f3n personalizada y los mejores precios para tu negocio.\",\"publisher\":{\"@id\":\"https:\/\/aivlisoft.net\/shop\/#organization\"},\"potentialAction\":[{\"@type\":\"SearchAction\",\"target\":{\"@type\":\"EntryPoint\",\"urlTemplate\":\"https:\/\/aivlisoft.net\/shop\/?s={search_term_string}\"},\"query-input\":{\"@type\":\"PropertyValueSpecification\",\"valueRequired\":true,\"valueName\":\"search_term_string\"}}],\"inLanguage\":\"es\"},{\"@type\":\"Organization\",\"@id\":\"https:\/\/aivlisoft.net\/shop\/#organization\",\"name\":\"Aivlisoft Inform\u00e1tica\",\"url\":\"https:\/\/aivlisoft.net\/shop\/\",\"logo\":{\"@type\":\"ImageObject\",\"inLanguage\":\"es\",\"@id\":\"https:\/\/aivlisoft.net\/shop\/#\/schema\/logo\/image\/\",\"url\":\"https:\/\/aivlisoft.net\/shop\/wp-content\/uploads\/2024\/12\/removal.ai_5b848c54-0cdf-4140-95c5-c5536bb7573b-logodef.png\",\"contentUrl\":\"https:\/\/aivlisoft.net\/shop\/wp-content\/uploads\/2024\/12\/removal.ai_5b848c54-0cdf-4140-95c5-c5536bb7573b-logodef.png\",\"width\":484,\"height\":182,\"caption\":\"Aivlisoft Inform\u00e1tica\"},\"image\":{\"@id\":\"https:\/\/aivlisoft.net\/shop\/#\/schema\/logo\/image\/\"}}]}<\/script>\n<!-- \/ Yoast SEO plugin. -->","yoast_head_json":{"title":"TP-Link EX141 Router WiFi6 AX1500 Dual 1xWAN 3xLAN - Aivlisoft Inform\u00e1tica","robots":{"index":"index","follow":"follow","max-snippet":"max-snippet:-1","max-image-preview":"max-image-preview:large","max-video-preview":"max-video-preview:-1"},"canonical":"https:\/\/aivlisoft.net\/shop\/producto\/tp-link-ex141-router-wifi6-ax1500-dual-1xwan-3xlan\/","og_locale":"es_ES","og_type":"article","og_title":"TP-Link EX141 Router WiFi6 AX1500 Dual 1xWAN 3xLAN - Aivlisoft Inform\u00e1tica","og_description":"Marca TP-Link Modelo EX141 Caracter&iacute;sticas &#8211; VPN Pass-Through: IPSec, PPTP, L2TP &#8211; Control de acceso: Parental Controls, White List, Black List &#8211; Seguridad Firewall: DoS, SPI Firewall, IP and MAC Address Binding &#8211; Gesti&oacute;n: &nbsp; Local management: WebGUI management, Aginet app management &nbsp; Remote management: Aginet ACS, TR-069, TR-098, TR-181,TR-111, and TR-143 for service providers&hellip;&nbsp;TP-Link EX141 Router WiFi6 AX1500 Dual 1xWAN 3xLAN","og_url":"https:\/\/aivlisoft.net\/shop\/producto\/tp-link-ex141-router-wifi6-ax1500-dual-1xwan-3xlan\/","og_site_name":"Aivlisoft Inform\u00e1tica","article_modified_time":"2025-01-14T19:57:27+00:00","og_image":[{"width":800,"height":800,"url":"https:\/\/aivlisoft.net\/shop\/wp-content\/uploads\/2025\/01\/NROINA0398_800.jpg","type":"image\/jpeg"}],"twitter_card":"summary_large_image","twitter_misc":{"Tiempo de lectura":"2 minutos"},"schema":{"@context":"https:\/\/schema.org","@graph":[{"@type":"WebPage","@id":"https:\/\/aivlisoft.net\/shop\/producto\/tp-link-ex141-router-wifi6-ax1500-dual-1xwan-3xlan\/","url":"https:\/\/aivlisoft.net\/shop\/producto\/tp-link-ex141-router-wifi6-ax1500-dual-1xwan-3xlan\/","name":"TP-Link EX141 Router WiFi6 AX1500 Dual 1xWAN 3xLAN - Aivlisoft Inform\u00e1tica","isPartOf":{"@id":"https:\/\/aivlisoft.net\/shop\/#website"},"primaryImageOfPage":{"@id":"https:\/\/aivlisoft.net\/shop\/producto\/tp-link-ex141-router-wifi6-ax1500-dual-1xwan-3xlan\/#primaryimage"},"image":{"@id":"https:\/\/aivlisoft.net\/shop\/producto\/tp-link-ex141-router-wifi6-ax1500-dual-1xwan-3xlan\/#primaryimage"},"thumbnailUrl":"https:\/\/aivlisoft.net\/shop\/wp-content\/uploads\/2025\/01\/NROINA0398_800.jpg","datePublished":"2025-01-13T15:30:27+00:00","dateModified":"2025-01-14T19:57:27+00:00","breadcrumb":{"@id":"https:\/\/aivlisoft.net\/shop\/producto\/tp-link-ex141-router-wifi6-ax1500-dual-1xwan-3xlan\/#breadcrumb"},"inLanguage":"es","potentialAction":[{"@type":"ReadAction","target":["https:\/\/aivlisoft.net\/shop\/producto\/tp-link-ex141-router-wifi6-ax1500-dual-1xwan-3xlan\/"]}]},{"@type":"ImageObject","inLanguage":"es","@id":"https:\/\/aivlisoft.net\/shop\/producto\/tp-link-ex141-router-wifi6-ax1500-dual-1xwan-3xlan\/#primaryimage","url":"https:\/\/aivlisoft.net\/shop\/wp-content\/uploads\/2025\/01\/NROINA0398_800.jpg","contentUrl":"https:\/\/aivlisoft.net\/shop\/wp-content\/uploads\/2025\/01\/NROINA0398_800.jpg","width":800,"height":800},{"@type":"BreadcrumbList","@id":"https:\/\/aivlisoft.net\/shop\/producto\/tp-link-ex141-router-wifi6-ax1500-dual-1xwan-3xlan\/#breadcrumb","itemListElement":[{"@type":"ListItem","position":1,"name":"Portada","item":"https:\/\/aivlisoft.net\/shop\/"},{"@type":"ListItem","position":2,"name":"Tienda","item":"https:\/\/aivlisoft.net\/shop\/tienda\/"},{"@type":"ListItem","position":3,"name":"TP-Link EX141 Router WiFi6 AX1500 Dual 1xWAN 3xLAN"}]},{"@type":"WebSite","@id":"https:\/\/aivlisoft.net\/shop\/#website","url":"https:\/\/aivlisoft.net\/shop\/","name":"Aivlisoft Inform\u00e1tica","description":"En Aivlisoft Inform\u00e1tica ofrecemos soluciones tecnol\u00f3gicas para empresas: venta de ordenadores, consumibles, perif\u00e9ricos y m\u00e1s. Calidad, atenci\u00f3n personalizada y los mejores precios para tu negocio.","publisher":{"@id":"https:\/\/aivlisoft.net\/shop\/#organization"},"potentialAction":[{"@type":"SearchAction","target":{"@type":"EntryPoint","urlTemplate":"https:\/\/aivlisoft.net\/shop\/?s={search_term_string}"},"query-input":{"@type":"PropertyValueSpecification","valueRequired":true,"valueName":"search_term_string"}}],"inLanguage":"es"},{"@type":"Organization","@id":"https:\/\/aivlisoft.net\/shop\/#organization","name":"Aivlisoft Inform\u00e1tica","url":"https:\/\/aivlisoft.net\/shop\/","logo":{"@type":"ImageObject","inLanguage":"es","@id":"https:\/\/aivlisoft.net\/shop\/#\/schema\/logo\/image\/","url":"https:\/\/aivlisoft.net\/shop\/wp-content\/uploads\/2024\/12\/removal.ai_5b848c54-0cdf-4140-95c5-c5536bb7573b-logodef.png","contentUrl":"https:\/\/aivlisoft.net\/shop\/wp-content\/uploads\/2024\/12\/removal.ai_5b848c54-0cdf-4140-95c5-c5536bb7573b-logodef.png","width":484,"height":182,"caption":"Aivlisoft Inform\u00e1tica"},"image":{"@id":"https:\/\/aivlisoft.net\/shop\/#\/schema\/logo\/image\/"}}]}},"_links":{"self":[{"href":"https:\/\/aivlisoft.net\/shop\/wp-json\/wp\/v2\/product\/19245","targetHints":{"allow":["GET"]}}],"collection":[{"href":"https:\/\/aivlisoft.net\/shop\/wp-json\/wp\/v2\/product"}],"about":[{"href":"https:\/\/aivlisoft.net\/shop\/wp-json\/wp\/v2\/types\/product"}],"wp:featuredmedia":[{"embeddable":true,"href":"https:\/\/aivlisoft.net\/shop\/wp-json\/wp\/v2\/media\/19246"}],"wp:attachment":[{"href":"https:\/\/aivlisoft.net\/shop\/wp-json\/wp\/v2\/media?parent=19245"}],"wp:term":[{"taxonomy":"product_brand","embeddable":true,"href":"https:\/\/aivlisoft.net\/shop\/wp-json\/wp\/v2\/product_brand?post=19245"},{"taxonomy":"product_cat","embeddable":true,"href":"https:\/\/aivlisoft.net\/shop\/wp-json\/wp\/v2\/product_cat?post=19245"},{"taxonomy":"product_tag","embeddable":true,"href":"https:\/\/aivlisoft.net\/shop\/wp-json\/wp\/v2\/product_tag?post=19245"}],"curies":[{"name":"wp","href":"https:\/\/api.w.org\/{rel}","templated":true}]}}