{"id":19233,"date":"2025-01-13T15:30:14","date_gmt":"2025-01-13T15:30:14","guid":{"rendered":"https:\/\/aivlisoft.com\/?post_type=product&#038;p=19233"},"modified":"2025-01-14T19:57:30","modified_gmt":"2025-01-14T19:57:30","slug":"ruijie-home-router-wifi-ac1200-dual-4xmbe","status":"publish","type":"product","link":"https:\/\/aivlisoft.net\/shop\/producto\/ruijie-home-router-wifi-ac1200-dual-4xmbe\/","title":{"rendered":"Ruijie Home Router WiFi AC1200 Dual 4xMbE"},"content":{"rendered":"<p><\/p>\n<table class=\"tabla_caracteristicas\" width=\"100%\">\n<tr>\n<td valign=\"top\"><strong>Marca<\/strong><\/td>\n<td>Ruijie<\/td>\n<\/tr>\n<tr>\n<td valign=\"top\"><strong>Modelo<\/strong><\/td>\n<td><strong>RG-EW1200<\/strong><\/td>\n<\/tr>\n<tr>\n<td valign=\"top\"><strong>Caracter&iacute;sticas<\/strong><\/td>\n<td>&#8211; Est&aacute;ndares Wi-Fi: Wi-Fi 5 (802.11n)<br \/>\t\t\t&#8211; MIMO:<br \/>\t\t\t&nbsp; 2,4 GHz: 2 &times; 2<br \/>\t\t\t&nbsp; 5 GHz: 2 &times; 2<br \/>\t\t\t&#8211; Antenas: <strong>4<\/strong><br \/>\t\t\t&#8211;<strong> <\/strong>Interfaz: 1 x puerto WAN Base-T 10\/100, 3 puertos LAN Base-T 10\/100<br \/>\t\t\t&#8211; Tecnolog&iacute;a avanzada: VPN, IPv6<br \/>\t\t\t&#8211; Velocidad m&aacute;xima de Wi-Fi:<br \/>\t\t\t&nbsp; 2,4 GHz: 300 Mbps<br \/>\t\t\t&nbsp; 5 GHz: 867 Mbps<br \/>\t\t\t&#8211; N.&ordm; usuarios recomendados: 24<br \/>\t\t\t&#8211; Ganancia de antena:<br \/>\t\t\t&nbsp; 2,4 GHz: 5 dBi<br \/>\t\t\t&nbsp; 5 GHz: 5 dBi<br \/>\t\t\t&#8211; Fuente de alimentaci&oacute;n: CC 12 V\/0,6 A<br \/>\t\t\t<strong>Dimensiones y peso<\/strong><br \/>\t\t\t&#8211; 182 x 120 x 32 mm<br \/>\t\t\t&#8211; 0,22 kg (paquetes no incluidos)<\/td>\n<\/tr>\n<tr>\n<td valign=\"top\"><strong>Fecha de revisi&oacute;n<\/strong><\/td>\n<td>28-02-2024 por RTY<\/td>\n<\/tr>\n<\/table>\n","protected":false},"excerpt":{"rendered":"<p>Marca Ruijie Modelo RG-EW1200 Caracter&iacute;sticas &#8211; Est&aacute;ndares Wi-Fi: Wi-Fi 5 (802.11n) &#8211; MIMO: &nbsp; 2,4 GHz: 2 &times; 2 &nbsp; 5 GHz: 2 &times; 2 &#8211; Antenas: 4 &#8211; Interfaz: 1 x puerto WAN Base-T 10\/100, 3 puertos LAN Base-T 10\/100 &#8211; Tecnolog&iacute;a avanzada: VPN, IPv6 &#8211; Velocidad m&aacute;xima de Wi-Fi: &nbsp; 2,4 GHz: 300&hellip;&nbsp;<a href=\"https:\/\/aivlisoft.net\/shop\/producto\/ruijie-home-router-wifi-ac1200-dual-4xmbe\/\" rel=\"bookmark\"><span class=\"screen-reader-text\">Ruijie Home Router WiFi AC1200 Dual 4xMbE<\/span><\/a><\/p>\n","protected":false},"featured_media":19234,"template":"","meta":{"neve_meta_sidebar":"","neve_meta_container":"","neve_meta_enable_content_width":"","neve_meta_content_width":0,"neve_meta_title_alignment":"","neve_meta_author_avatar":"","neve_post_elements_order":"","neve_meta_disable_header":"","neve_meta_disable_footer":"","neve_meta_disable_title":""},"product_brand":[],"product_cat":[15,8768,6832],"product_tag":[6956],"class_list":{"0":"post-19233","1":"product","2":"type-product","3":"status-publish","4":"has-post-thumbnail","6":"product_cat-sin-categorizar","7":"product_cat-routers-adsl","8":"product_cat-routers-modems","9":"product_tag-rg-ew1200","11":"first","12":"instock","13":"taxable","14":"shipping-taxable","15":"purchasable","16":"product-type-simple"},"yoast_head":"<!-- This site is optimized with the Yoast SEO plugin v26.0 - https:\/\/yoast.com\/wordpress\/plugins\/seo\/ -->\n<title>Ruijie Home Router WiFi AC1200 Dual 4xMbE - Aivlisoft Inform\u00e1tica<\/title>\n<meta name=\"robots\" content=\"index, follow, max-snippet:-1, max-image-preview:large, max-video-preview:-1\" \/>\n<link rel=\"canonical\" href=\"https:\/\/aivlisoft.net\/shop\/producto\/ruijie-home-router-wifi-ac1200-dual-4xmbe\/\" \/>\n<meta property=\"og:locale\" content=\"es_ES\" \/>\n<meta property=\"og:type\" content=\"article\" \/>\n<meta property=\"og:title\" content=\"Ruijie Home Router WiFi AC1200 Dual 4xMbE - Aivlisoft Inform\u00e1tica\" \/>\n<meta property=\"og:description\" content=\"Marca Ruijie Modelo RG-EW1200 Caracter&iacute;sticas &#8211; Est&aacute;ndares Wi-Fi: Wi-Fi 5 (802.11n) &#8211; MIMO: &nbsp; 2,4 GHz: 2 &times; 2 &nbsp; 5 GHz: 2 &times; 2 &#8211; Antenas: 4 &#8211; Interfaz: 1 x puerto WAN Base-T 10\/100, 3 puertos LAN Base-T 10\/100 &#8211; Tecnolog&iacute;a avanzada: VPN, IPv6 &#8211; Velocidad m&aacute;xima de Wi-Fi: &nbsp; 2,4 GHz: 300&hellip;&nbsp;Ruijie Home Router WiFi AC1200 Dual 4xMbE\" \/>\n<meta property=\"og:url\" content=\"https:\/\/aivlisoft.net\/shop\/producto\/ruijie-home-router-wifi-ac1200-dual-4xmbe\/\" \/>\n<meta property=\"og:site_name\" content=\"Aivlisoft Inform\u00e1tica\" \/>\n<meta property=\"article:modified_time\" content=\"2025-01-14T19:57:30+00:00\" \/>\n<meta property=\"og:image\" content=\"https:\/\/aivlisoft.net\/shop\/wp-content\/uploads\/2025\/01\/NROINA0390_800.jpg\" \/>\n\t<meta property=\"og:image:width\" content=\"800\" \/>\n\t<meta property=\"og:image:height\" content=\"800\" \/>\n\t<meta property=\"og:image:type\" content=\"image\/jpeg\" \/>\n<meta name=\"twitter:card\" content=\"summary_large_image\" \/>\n<script type=\"application\/ld+json\" class=\"yoast-schema-graph\">{\"@context\":\"https:\/\/schema.org\",\"@graph\":[{\"@type\":\"WebPage\",\"@id\":\"https:\/\/aivlisoft.net\/shop\/producto\/ruijie-home-router-wifi-ac1200-dual-4xmbe\/\",\"url\":\"https:\/\/aivlisoft.net\/shop\/producto\/ruijie-home-router-wifi-ac1200-dual-4xmbe\/\",\"name\":\"Ruijie Home Router WiFi AC1200 Dual 4xMbE - Aivlisoft Inform\u00e1tica\",\"isPartOf\":{\"@id\":\"https:\/\/aivlisoft.net\/shop\/#website\"},\"primaryImageOfPage\":{\"@id\":\"https:\/\/aivlisoft.net\/shop\/producto\/ruijie-home-router-wifi-ac1200-dual-4xmbe\/#primaryimage\"},\"image\":{\"@id\":\"https:\/\/aivlisoft.net\/shop\/producto\/ruijie-home-router-wifi-ac1200-dual-4xmbe\/#primaryimage\"},\"thumbnailUrl\":\"https:\/\/aivlisoft.net\/shop\/wp-content\/uploads\/2025\/01\/NROINA0390_800.jpg\",\"datePublished\":\"2025-01-13T15:30:14+00:00\",\"dateModified\":\"2025-01-14T19:57:30+00:00\",\"breadcrumb\":{\"@id\":\"https:\/\/aivlisoft.net\/shop\/producto\/ruijie-home-router-wifi-ac1200-dual-4xmbe\/#breadcrumb\"},\"inLanguage\":\"es\",\"potentialAction\":[{\"@type\":\"ReadAction\",\"target\":[\"https:\/\/aivlisoft.net\/shop\/producto\/ruijie-home-router-wifi-ac1200-dual-4xmbe\/\"]}]},{\"@type\":\"ImageObject\",\"inLanguage\":\"es\",\"@id\":\"https:\/\/aivlisoft.net\/shop\/producto\/ruijie-home-router-wifi-ac1200-dual-4xmbe\/#primaryimage\",\"url\":\"https:\/\/aivlisoft.net\/shop\/wp-content\/uploads\/2025\/01\/NROINA0390_800.jpg\",\"contentUrl\":\"https:\/\/aivlisoft.net\/shop\/wp-content\/uploads\/2025\/01\/NROINA0390_800.jpg\",\"width\":800,\"height\":800},{\"@type\":\"BreadcrumbList\",\"@id\":\"https:\/\/aivlisoft.net\/shop\/producto\/ruijie-home-router-wifi-ac1200-dual-4xmbe\/#breadcrumb\",\"itemListElement\":[{\"@type\":\"ListItem\",\"position\":1,\"name\":\"Portada\",\"item\":\"https:\/\/aivlisoft.net\/shop\/\"},{\"@type\":\"ListItem\",\"position\":2,\"name\":\"Tienda\",\"item\":\"https:\/\/aivlisoft.net\/shop\/tienda\/\"},{\"@type\":\"ListItem\",\"position\":3,\"name\":\"Ruijie Home Router WiFi AC1200 Dual 4xMbE\"}]},{\"@type\":\"WebSite\",\"@id\":\"https:\/\/aivlisoft.net\/shop\/#website\",\"url\":\"https:\/\/aivlisoft.net\/shop\/\",\"name\":\"Aivlisoft Inform\u00e1tica\",\"description\":\"En Aivlisoft Inform\u00e1tica ofrecemos soluciones tecnol\u00f3gicas para empresas: venta de ordenadores, consumibles, perif\u00e9ricos y m\u00e1s. Calidad, atenci\u00f3n personalizada y los mejores precios para tu negocio.\",\"publisher\":{\"@id\":\"https:\/\/aivlisoft.net\/shop\/#organization\"},\"potentialAction\":[{\"@type\":\"SearchAction\",\"target\":{\"@type\":\"EntryPoint\",\"urlTemplate\":\"https:\/\/aivlisoft.net\/shop\/?s={search_term_string}\"},\"query-input\":{\"@type\":\"PropertyValueSpecification\",\"valueRequired\":true,\"valueName\":\"search_term_string\"}}],\"inLanguage\":\"es\"},{\"@type\":\"Organization\",\"@id\":\"https:\/\/aivlisoft.net\/shop\/#organization\",\"name\":\"Aivlisoft Inform\u00e1tica\",\"url\":\"https:\/\/aivlisoft.net\/shop\/\",\"logo\":{\"@type\":\"ImageObject\",\"inLanguage\":\"es\",\"@id\":\"https:\/\/aivlisoft.net\/shop\/#\/schema\/logo\/image\/\",\"url\":\"https:\/\/aivlisoft.net\/shop\/wp-content\/uploads\/2024\/12\/removal.ai_5b848c54-0cdf-4140-95c5-c5536bb7573b-logodef.png\",\"contentUrl\":\"https:\/\/aivlisoft.net\/shop\/wp-content\/uploads\/2024\/12\/removal.ai_5b848c54-0cdf-4140-95c5-c5536bb7573b-logodef.png\",\"width\":484,\"height\":182,\"caption\":\"Aivlisoft Inform\u00e1tica\"},\"image\":{\"@id\":\"https:\/\/aivlisoft.net\/shop\/#\/schema\/logo\/image\/\"}}]}<\/script>\n<!-- \/ Yoast SEO plugin. -->","yoast_head_json":{"title":"Ruijie Home Router WiFi AC1200 Dual 4xMbE - Aivlisoft Inform\u00e1tica","robots":{"index":"index","follow":"follow","max-snippet":"max-snippet:-1","max-image-preview":"max-image-preview:large","max-video-preview":"max-video-preview:-1"},"canonical":"https:\/\/aivlisoft.net\/shop\/producto\/ruijie-home-router-wifi-ac1200-dual-4xmbe\/","og_locale":"es_ES","og_type":"article","og_title":"Ruijie Home Router WiFi AC1200 Dual 4xMbE - Aivlisoft Inform\u00e1tica","og_description":"Marca Ruijie Modelo RG-EW1200 Caracter&iacute;sticas &#8211; Est&aacute;ndares Wi-Fi: Wi-Fi 5 (802.11n) &#8211; MIMO: &nbsp; 2,4 GHz: 2 &times; 2 &nbsp; 5 GHz: 2 &times; 2 &#8211; Antenas: 4 &#8211; Interfaz: 1 x puerto WAN Base-T 10\/100, 3 puertos LAN Base-T 10\/100 &#8211; Tecnolog&iacute;a avanzada: VPN, IPv6 &#8211; Velocidad m&aacute;xima de Wi-Fi: &nbsp; 2,4 GHz: 300&hellip;&nbsp;Ruijie Home Router WiFi AC1200 Dual 4xMbE","og_url":"https:\/\/aivlisoft.net\/shop\/producto\/ruijie-home-router-wifi-ac1200-dual-4xmbe\/","og_site_name":"Aivlisoft Inform\u00e1tica","article_modified_time":"2025-01-14T19:57:30+00:00","og_image":[{"width":800,"height":800,"url":"https:\/\/aivlisoft.net\/shop\/wp-content\/uploads\/2025\/01\/NROINA0390_800.jpg","type":"image\/jpeg"}],"twitter_card":"summary_large_image","schema":{"@context":"https:\/\/schema.org","@graph":[{"@type":"WebPage","@id":"https:\/\/aivlisoft.net\/shop\/producto\/ruijie-home-router-wifi-ac1200-dual-4xmbe\/","url":"https:\/\/aivlisoft.net\/shop\/producto\/ruijie-home-router-wifi-ac1200-dual-4xmbe\/","name":"Ruijie Home Router WiFi AC1200 Dual 4xMbE - Aivlisoft Inform\u00e1tica","isPartOf":{"@id":"https:\/\/aivlisoft.net\/shop\/#website"},"primaryImageOfPage":{"@id":"https:\/\/aivlisoft.net\/shop\/producto\/ruijie-home-router-wifi-ac1200-dual-4xmbe\/#primaryimage"},"image":{"@id":"https:\/\/aivlisoft.net\/shop\/producto\/ruijie-home-router-wifi-ac1200-dual-4xmbe\/#primaryimage"},"thumbnailUrl":"https:\/\/aivlisoft.net\/shop\/wp-content\/uploads\/2025\/01\/NROINA0390_800.jpg","datePublished":"2025-01-13T15:30:14+00:00","dateModified":"2025-01-14T19:57:30+00:00","breadcrumb":{"@id":"https:\/\/aivlisoft.net\/shop\/producto\/ruijie-home-router-wifi-ac1200-dual-4xmbe\/#breadcrumb"},"inLanguage":"es","potentialAction":[{"@type":"ReadAction","target":["https:\/\/aivlisoft.net\/shop\/producto\/ruijie-home-router-wifi-ac1200-dual-4xmbe\/"]}]},{"@type":"ImageObject","inLanguage":"es","@id":"https:\/\/aivlisoft.net\/shop\/producto\/ruijie-home-router-wifi-ac1200-dual-4xmbe\/#primaryimage","url":"https:\/\/aivlisoft.net\/shop\/wp-content\/uploads\/2025\/01\/NROINA0390_800.jpg","contentUrl":"https:\/\/aivlisoft.net\/shop\/wp-content\/uploads\/2025\/01\/NROINA0390_800.jpg","width":800,"height":800},{"@type":"BreadcrumbList","@id":"https:\/\/aivlisoft.net\/shop\/producto\/ruijie-home-router-wifi-ac1200-dual-4xmbe\/#breadcrumb","itemListElement":[{"@type":"ListItem","position":1,"name":"Portada","item":"https:\/\/aivlisoft.net\/shop\/"},{"@type":"ListItem","position":2,"name":"Tienda","item":"https:\/\/aivlisoft.net\/shop\/tienda\/"},{"@type":"ListItem","position":3,"name":"Ruijie Home Router WiFi AC1200 Dual 4xMbE"}]},{"@type":"WebSite","@id":"https:\/\/aivlisoft.net\/shop\/#website","url":"https:\/\/aivlisoft.net\/shop\/","name":"Aivlisoft Inform\u00e1tica","description":"En Aivlisoft Inform\u00e1tica ofrecemos soluciones tecnol\u00f3gicas para empresas: venta de ordenadores, consumibles, perif\u00e9ricos y m\u00e1s. Calidad, atenci\u00f3n personalizada y los mejores precios para tu negocio.","publisher":{"@id":"https:\/\/aivlisoft.net\/shop\/#organization"},"potentialAction":[{"@type":"SearchAction","target":{"@type":"EntryPoint","urlTemplate":"https:\/\/aivlisoft.net\/shop\/?s={search_term_string}"},"query-input":{"@type":"PropertyValueSpecification","valueRequired":true,"valueName":"search_term_string"}}],"inLanguage":"es"},{"@type":"Organization","@id":"https:\/\/aivlisoft.net\/shop\/#organization","name":"Aivlisoft Inform\u00e1tica","url":"https:\/\/aivlisoft.net\/shop\/","logo":{"@type":"ImageObject","inLanguage":"es","@id":"https:\/\/aivlisoft.net\/shop\/#\/schema\/logo\/image\/","url":"https:\/\/aivlisoft.net\/shop\/wp-content\/uploads\/2024\/12\/removal.ai_5b848c54-0cdf-4140-95c5-c5536bb7573b-logodef.png","contentUrl":"https:\/\/aivlisoft.net\/shop\/wp-content\/uploads\/2024\/12\/removal.ai_5b848c54-0cdf-4140-95c5-c5536bb7573b-logodef.png","width":484,"height":182,"caption":"Aivlisoft Inform\u00e1tica"},"image":{"@id":"https:\/\/aivlisoft.net\/shop\/#\/schema\/logo\/image\/"}}]}},"_links":{"self":[{"href":"https:\/\/aivlisoft.net\/shop\/wp-json\/wp\/v2\/product\/19233","targetHints":{"allow":["GET"]}}],"collection":[{"href":"https:\/\/aivlisoft.net\/shop\/wp-json\/wp\/v2\/product"}],"about":[{"href":"https:\/\/aivlisoft.net\/shop\/wp-json\/wp\/v2\/types\/product"}],"wp:featuredmedia":[{"embeddable":true,"href":"https:\/\/aivlisoft.net\/shop\/wp-json\/wp\/v2\/media\/19234"}],"wp:attachment":[{"href":"https:\/\/aivlisoft.net\/shop\/wp-json\/wp\/v2\/media?parent=19233"}],"wp:term":[{"taxonomy":"product_brand","embeddable":true,"href":"https:\/\/aivlisoft.net\/shop\/wp-json\/wp\/v2\/product_brand?post=19233"},{"taxonomy":"product_cat","embeddable":true,"href":"https:\/\/aivlisoft.net\/shop\/wp-json\/wp\/v2\/product_cat?post=19233"},{"taxonomy":"product_tag","embeddable":true,"href":"https:\/\/aivlisoft.net\/shop\/wp-json\/wp\/v2\/product_tag?post=19233"}],"curies":[{"name":"wp","href":"https:\/\/api.w.org\/{rel}","templated":true}]}}