{"id":19222,"date":"2025-01-13T15:30:08","date_gmt":"2025-01-13T15:30:08","guid":{"rendered":"https:\/\/aivlisoft.com\/?post_type=product&#038;p=19222"},"modified":"2025-01-14T19:57:32","modified_gmt":"2025-01-14T19:57:32","slug":"tp-link-archer-c6-router-wifi-ac1200-5xgb-dual","status":"publish","type":"product","link":"https:\/\/aivlisoft.net\/shop\/producto\/tp-link-archer-c6-router-wifi-ac1200-5xgb-dual\/","title":{"rendered":"TP-Link Archer C6 Router WiFi AC1200 5xGb Dual"},"content":{"rendered":"<p><\/p>\n<table class=\"tabla_caracteristicas k-table\" width=\"100%\">\n<tr>\n<td valign=\"top\"><strong>Marca<\/strong><\/td>\n<td>TP-Link<\/td>\n<\/tr>\n<tr>\n<td valign=\"top\"><strong>Modelo<\/strong><\/td>\n<td valign=\"top\"><strong>Archer C6<\/strong><\/td>\n<\/tr>\n<tr>\n<td valign=\"top\">\n<div><strong>Caracter&iacute;sticas<\/strong><\/div>\n<div><strong>Hardware<\/strong><\/div>\n<\/td>\n<td valign=\"top\">&#8211; Procesador: CPU de cuatro n&uacute;cleos a 1,7 GHz<br \/>\t\t\t&#8211; Puertos Ethernet:<br \/>\t\t\t&nbsp; 1 x puerto WAN Gigabit<br \/>\t\t\t&nbsp; 4 x puertos LAN Gigabit<br \/>\t\t\t&#8211; Compatibilidad con USB: 1 puerto USB 3.0<br \/>\t\t\t&#8211; Botones: bot&oacute;n LED de encendido\/apagado, bot&oacute;n WPS, bot&oacute;n de encendido\/apagado de Wi-Fi, bot&oacute;n de reinicio, encendido\/apagado<br \/>\t\t\t&#8211; Alimentaci&oacute;n: 12 V\/2,5 A<\/td>\n<\/tr>\n<tr>\n<td valign=\"top\">\n<div>\n<div><strong>Caracter&iacute;sticas<\/strong><\/div>\n<div><strong>Software<\/strong><\/div>\n<\/p><\/div>\n<\/td>\n<td valign=\"top\">&#8211; Protocolos: IPv4, IPv6<br \/>\t\t\t&#8211; Kits de servicio: HomeShield<br \/>\t\t\t&#8211; OneMesh: Compatible<br \/>\t\t\t&#8211; Controles parentales: Controles parentales de HomeShield<br \/>\t\t\t&#8211; Tipos de WAN: IP din&aacute;mica, IP est&aacute;tica, PPPoE, PPTP, L2TP<br \/>\t\t\t&#8211; Calidad de Servicio: QoS por Dispositivo<br \/>\t\t\t&#8211; Servicio en la nube: Actualizaci&oacute;n autom&aacute;tica de firmware, ID de TP-Link, DDNS<br \/>\t\t\t&#8211; Reenv&iacute;o NAT: Reenv&iacute;o de puertos, activaci&oacute;n de puertos, DMZ, UPnP, servidor virtual<br \/>\t\t\t&#8211; DDNS: TP-Link, NO-IP, DynDNS<\/td>\n<\/tr>\n<tr>\n<td valign=\"top\">\n<div><strong>Caracter&iacute;sticas<\/strong><\/div>\n<div><strong>inal&aacute;mbricas<\/strong><\/div>\n<\/td>\n<td><strong>Est&aacute;ndares<\/strong><br \/>\t\t\t&#8211; Wi-Fi 5:<br \/>\t\t\t&nbsp; IEEE 802.11ac\/n\/a 5 GHz<br \/>\t\t\t&nbsp; IEEE 802.11n\/b\/g 2.4 GHz<br \/>\t\t\t<strong>Velocidades Wi-Fi &nbsp;&nbsp; &nbsp;<\/strong><br \/>\t\t\t&#8211; AC1200<br \/>\t\t\t&nbsp; 5 GHz: 867 Mbps (802.11ac)<br \/>\t\t\t&nbsp; 2.4 GHz: 300 Mbps (802.11n)<br \/>\t\t\t<strong>Rango WiFi &nbsp;&nbsp; &nbsp;<\/strong><br \/>\t\t\t&#8211; Casas de 3 dormitorios<br \/>\t\t\t&nbsp; 4 x antenas fijas de alto rendimiento<br \/>\t\t\t&nbsp; Varias antenas forman una matriz de refuerzo de se&ntilde;al para cubrir m&aacute;s direcciones y &aacute;reas grandes<br \/>\t\t\t&#8211; Beamforming<br \/>\t\t\t&nbsp; Concentra la intensidad de la se&ntilde;al inal&aacute;mbrica hacia los clientes para ampliar el alcance de WiFi<br \/>\t\t\t<strong>Capacidad Wi-Fi &nbsp;&nbsp; &nbsp;<\/strong><br \/>\t\t\t&#8211; Media Doble banda<br \/>\t\t\t&nbsp; Asignar dispositivos a diferentes bandas para un rendimiento &oacute;ptimo<br \/>\t\t\t&#8211; MU-MIMO<br \/>\t\t\t&nbsp; Se comunica simult&aacute;neamente con m&uacute;ltiples clientes MU-MIMO<br \/>\t\t\t&#8211; Equidad de tiempo aire<br \/>\t\t\t&nbsp; Mejora la eficiencia de la red al limitar la ocupaci&oacute;n excesiva<br \/>\t\t\t&nbsp; Modos de trabajo &nbsp;&nbsp; &nbsp;Modo router<br \/>\t\t\t&nbsp; Modo punto de acceso<br \/>\t\t\t<strong>Potencia de transmisi&oacute;n WiFi &nbsp;&nbsp; &nbsp;<\/strong><br \/>\t\t\t&#8211; CE EIRP:<br \/>\t\t\t&nbsp; &lt;20dBm(2.4GHz)<br \/>\t\t\t&nbsp; &lt;23dBm(5GHz)<br \/>\t\t\t&#8211; FCC:<br \/>\t\t\t&nbsp; &lt;30dBm(2.4GHz &amp; 5GHz)<br \/>\t\t\t<strong>Sensibilidad de recepci&oacute;n WiFi &nbsp;&nbsp; &nbsp;<\/strong><br \/>\t\t\t&#8211; 5GHz:<br \/>\t\t\t&nbsp; 11a 6Mbps:-93dBm?11a 54Mbps:-78dBm<br \/>\t\t\t&nbsp; 11ac HT20 mcs8:69dBm;11ac HT40 mcs9:-65dBm<br \/>\t\t\t&nbsp; 11ac HT80 mcs9:-62dBm<br \/>\t\t\t&#8211; 2.4GHz:<br \/>\t\t\t&nbsp; 11g 54Mbps:-78dBm<br \/>\t\t\t&nbsp; 11n HT20 mcs7:-74dBm<br \/>\t\t\t&nbsp; 11n HT40 mcs7:-71dbm<\/td>\n<\/tr>\n<tr>\n<td valign=\"top\"><strong>Otras Caracter&iacute;sticas<\/strong><\/td>\n<td>&#8211; Certificaciones: FCC, CE, RoHS<br \/>\t\t\t&#8211; Protocolos: IPv4, IPv6<br \/>\t\t\t<strong>Seguridad<\/strong><br \/>\t\t\t&#8211; Seguridad de Red &nbsp;&nbsp; &nbsp;<br \/>\t\t\t&nbsp; Cortafuegos SPI<br \/>\t\t\t&nbsp; Control de acceso<br \/>\t\t\t&nbsp; Enlace IP y MAC<br \/>\t\t\t&nbsp; Puerta de enlace de la capa de aplicaci&oacute;n<br \/>\t\t\t&#8211; Red de Invitados &nbsp;&nbsp; &nbsp;<br \/>\t\t\t&nbsp; Red de invitados de 1 &times; 5 GHz<br \/>\t\t\t&nbsp; 1 red de invitados de 2,4 GHz<br \/>\t\t\t&#8211; Cifrado WiFi &nbsp;&nbsp; &nbsp;<br \/>\t\t\t&nbsp; WPA<br \/>\t\t\t&nbsp; WPA2<br \/>\t\t\t&nbsp; WPA3<br \/>\t\t\t&nbsp; WPA\/WPA2-Enterprise (802.1x)<br \/>\t\t\t<strong>Requisitos del sistema<\/strong><br \/>\t\t\t&#8211; Internet Explorer 11+, Firefox 12.0+, Chrome 20.0+, Safari 4.0+ u otro navegador habilitado para JavaScript<br \/>\t\t\t&#8211; M&oacute;dem por cable o DSL (si es necesario)<br \/>\t\t\t&#8211; Suscripci&oacute;n con un proveedor de servicios de Internet (para acceso a Internet)<br \/>\t\t\t<strong>Dimensiones <\/strong><br \/>\t\t\t&#8211; 230 &times; 144 &times; 35 mm<br \/>\t\t\t<strong>Contenido<\/strong><br \/>\t\t\t&#8211; Router Wi-Fi Archer C6<br \/>\t\t\t&#8211; Adaptador de corriente<br \/>\t\t\t&#8211; Cable Ethernet RJ45<br \/>\t\t\t&#8211; Gu&iacute;a de Instalaci&oacute;n R&aacute;pida<\/td>\n<\/tr>\n<tr>\n<td valign=\"top\"><strong>Fecha Revisi&oacute;n<\/strong><\/td>\n<td>02-01-2024 por RTY<\/td>\n<\/tr>\n<\/table>\n","protected":false},"excerpt":{"rendered":"<p>Marca TP-Link Modelo Archer C6 Caracter&iacute;sticas Hardware &#8211; Procesador: CPU de cuatro n&uacute;cleos a 1,7 GHz &#8211; Puertos Ethernet: &nbsp; 1 x puerto WAN Gigabit &nbsp; 4 x puertos LAN Gigabit &#8211; Compatibilidad con USB: 1 puerto USB 3.0 &#8211; Botones: bot&oacute;n LED de encendido\/apagado, bot&oacute;n WPS, bot&oacute;n de encendido\/apagado de Wi-Fi, bot&oacute;n de reinicio,&hellip;&nbsp;<a href=\"https:\/\/aivlisoft.net\/shop\/producto\/tp-link-archer-c6-router-wifi-ac1200-5xgb-dual\/\" rel=\"bookmark\"><span class=\"screen-reader-text\">TP-Link Archer C6 Router WiFi AC1200 5xGb Dual<\/span><\/a><\/p>\n","protected":false},"featured_media":19223,"template":"","meta":{"neve_meta_sidebar":"","neve_meta_container":"","neve_meta_enable_content_width":"","neve_meta_content_width":0,"neve_meta_title_alignment":"","neve_meta_author_avatar":"","neve_post_elements_order":"","neve_meta_disable_header":"","neve_meta_disable_footer":"","neve_meta_disable_title":""},"product_brand":[],"product_cat":[15,8768,6832],"product_tag":[6953],"class_list":{"0":"post-19222","1":"product","2":"type-product","3":"status-publish","4":"has-post-thumbnail","6":"product_cat-sin-categorizar","7":"product_cat-routers-adsl","8":"product_cat-routers-modems","9":"product_tag-archer-c6","11":"first","12":"instock","13":"taxable","14":"shipping-taxable","15":"purchasable","16":"product-type-simple"},"yoast_head":"<!-- This site is optimized with the Yoast SEO plugin v26.0 - https:\/\/yoast.com\/wordpress\/plugins\/seo\/ -->\n<title>TP-Link Archer C6 Router WiFi AC1200 5xGb Dual - Aivlisoft Inform\u00e1tica<\/title>\n<meta name=\"robots\" content=\"index, follow, max-snippet:-1, max-image-preview:large, max-video-preview:-1\" \/>\n<link rel=\"canonical\" href=\"https:\/\/aivlisoft.net\/shop\/producto\/tp-link-archer-c6-router-wifi-ac1200-5xgb-dual\/\" \/>\n<meta property=\"og:locale\" content=\"es_ES\" \/>\n<meta property=\"og:type\" content=\"article\" \/>\n<meta property=\"og:title\" content=\"TP-Link Archer C6 Router WiFi AC1200 5xGb Dual - Aivlisoft Inform\u00e1tica\" \/>\n<meta property=\"og:description\" content=\"Marca TP-Link Modelo Archer C6 Caracter&iacute;sticas Hardware &#8211; Procesador: CPU de cuatro n&uacute;cleos a 1,7 GHz &#8211; Puertos Ethernet: &nbsp; 1 x puerto WAN Gigabit &nbsp; 4 x puertos LAN Gigabit &#8211; Compatibilidad con USB: 1 puerto USB 3.0 &#8211; Botones: bot&oacute;n LED de encendido\/apagado, bot&oacute;n WPS, bot&oacute;n de encendido\/apagado de Wi-Fi, bot&oacute;n de reinicio,&hellip;&nbsp;TP-Link Archer C6 Router WiFi AC1200 5xGb Dual\" \/>\n<meta property=\"og:url\" content=\"https:\/\/aivlisoft.net\/shop\/producto\/tp-link-archer-c6-router-wifi-ac1200-5xgb-dual\/\" \/>\n<meta property=\"og:site_name\" content=\"Aivlisoft Inform\u00e1tica\" \/>\n<meta property=\"article:modified_time\" content=\"2025-01-14T19:57:32+00:00\" \/>\n<meta property=\"og:image\" content=\"https:\/\/aivlisoft.net\/shop\/wp-content\/uploads\/2025\/01\/NROINA0386_800.jpg\" \/>\n\t<meta property=\"og:image:width\" content=\"800\" \/>\n\t<meta property=\"og:image:height\" content=\"800\" \/>\n\t<meta property=\"og:image:type\" content=\"image\/jpeg\" \/>\n<meta name=\"twitter:card\" content=\"summary_large_image\" \/>\n<meta name=\"twitter:label1\" content=\"Tiempo de lectura\" \/>\n\t<meta name=\"twitter:data1\" content=\"3 minutos\" \/>\n<script type=\"application\/ld+json\" class=\"yoast-schema-graph\">{\"@context\":\"https:\/\/schema.org\",\"@graph\":[{\"@type\":\"WebPage\",\"@id\":\"https:\/\/aivlisoft.net\/shop\/producto\/tp-link-archer-c6-router-wifi-ac1200-5xgb-dual\/\",\"url\":\"https:\/\/aivlisoft.net\/shop\/producto\/tp-link-archer-c6-router-wifi-ac1200-5xgb-dual\/\",\"name\":\"TP-Link Archer C6 Router WiFi AC1200 5xGb Dual - Aivlisoft Inform\u00e1tica\",\"isPartOf\":{\"@id\":\"https:\/\/aivlisoft.net\/shop\/#website\"},\"primaryImageOfPage\":{\"@id\":\"https:\/\/aivlisoft.net\/shop\/producto\/tp-link-archer-c6-router-wifi-ac1200-5xgb-dual\/#primaryimage\"},\"image\":{\"@id\":\"https:\/\/aivlisoft.net\/shop\/producto\/tp-link-archer-c6-router-wifi-ac1200-5xgb-dual\/#primaryimage\"},\"thumbnailUrl\":\"https:\/\/aivlisoft.net\/shop\/wp-content\/uploads\/2025\/01\/NROINA0386_800.jpg\",\"datePublished\":\"2025-01-13T15:30:08+00:00\",\"dateModified\":\"2025-01-14T19:57:32+00:00\",\"breadcrumb\":{\"@id\":\"https:\/\/aivlisoft.net\/shop\/producto\/tp-link-archer-c6-router-wifi-ac1200-5xgb-dual\/#breadcrumb\"},\"inLanguage\":\"es\",\"potentialAction\":[{\"@type\":\"ReadAction\",\"target\":[\"https:\/\/aivlisoft.net\/shop\/producto\/tp-link-archer-c6-router-wifi-ac1200-5xgb-dual\/\"]}]},{\"@type\":\"ImageObject\",\"inLanguage\":\"es\",\"@id\":\"https:\/\/aivlisoft.net\/shop\/producto\/tp-link-archer-c6-router-wifi-ac1200-5xgb-dual\/#primaryimage\",\"url\":\"https:\/\/aivlisoft.net\/shop\/wp-content\/uploads\/2025\/01\/NROINA0386_800.jpg\",\"contentUrl\":\"https:\/\/aivlisoft.net\/shop\/wp-content\/uploads\/2025\/01\/NROINA0386_800.jpg\",\"width\":800,\"height\":800},{\"@type\":\"BreadcrumbList\",\"@id\":\"https:\/\/aivlisoft.net\/shop\/producto\/tp-link-archer-c6-router-wifi-ac1200-5xgb-dual\/#breadcrumb\",\"itemListElement\":[{\"@type\":\"ListItem\",\"position\":1,\"name\":\"Portada\",\"item\":\"https:\/\/aivlisoft.net\/shop\/\"},{\"@type\":\"ListItem\",\"position\":2,\"name\":\"Tienda\",\"item\":\"https:\/\/aivlisoft.net\/shop\/tienda\/\"},{\"@type\":\"ListItem\",\"position\":3,\"name\":\"TP-Link Archer C6 Router WiFi AC1200 5xGb Dual\"}]},{\"@type\":\"WebSite\",\"@id\":\"https:\/\/aivlisoft.net\/shop\/#website\",\"url\":\"https:\/\/aivlisoft.net\/shop\/\",\"name\":\"Aivlisoft Inform\u00e1tica\",\"description\":\"En Aivlisoft Inform\u00e1tica ofrecemos soluciones tecnol\u00f3gicas para empresas: venta de ordenadores, consumibles, perif\u00e9ricos y m\u00e1s. Calidad, atenci\u00f3n personalizada y los mejores precios para tu negocio.\",\"publisher\":{\"@id\":\"https:\/\/aivlisoft.net\/shop\/#organization\"},\"potentialAction\":[{\"@type\":\"SearchAction\",\"target\":{\"@type\":\"EntryPoint\",\"urlTemplate\":\"https:\/\/aivlisoft.net\/shop\/?s={search_term_string}\"},\"query-input\":{\"@type\":\"PropertyValueSpecification\",\"valueRequired\":true,\"valueName\":\"search_term_string\"}}],\"inLanguage\":\"es\"},{\"@type\":\"Organization\",\"@id\":\"https:\/\/aivlisoft.net\/shop\/#organization\",\"name\":\"Aivlisoft Inform\u00e1tica\",\"url\":\"https:\/\/aivlisoft.net\/shop\/\",\"logo\":{\"@type\":\"ImageObject\",\"inLanguage\":\"es\",\"@id\":\"https:\/\/aivlisoft.net\/shop\/#\/schema\/logo\/image\/\",\"url\":\"https:\/\/aivlisoft.net\/shop\/wp-content\/uploads\/2024\/12\/removal.ai_5b848c54-0cdf-4140-95c5-c5536bb7573b-logodef.png\",\"contentUrl\":\"https:\/\/aivlisoft.net\/shop\/wp-content\/uploads\/2024\/12\/removal.ai_5b848c54-0cdf-4140-95c5-c5536bb7573b-logodef.png\",\"width\":484,\"height\":182,\"caption\":\"Aivlisoft Inform\u00e1tica\"},\"image\":{\"@id\":\"https:\/\/aivlisoft.net\/shop\/#\/schema\/logo\/image\/\"}}]}<\/script>\n<!-- \/ Yoast SEO plugin. -->","yoast_head_json":{"title":"TP-Link Archer C6 Router WiFi AC1200 5xGb Dual - Aivlisoft Inform\u00e1tica","robots":{"index":"index","follow":"follow","max-snippet":"max-snippet:-1","max-image-preview":"max-image-preview:large","max-video-preview":"max-video-preview:-1"},"canonical":"https:\/\/aivlisoft.net\/shop\/producto\/tp-link-archer-c6-router-wifi-ac1200-5xgb-dual\/","og_locale":"es_ES","og_type":"article","og_title":"TP-Link Archer C6 Router WiFi AC1200 5xGb Dual - Aivlisoft Inform\u00e1tica","og_description":"Marca TP-Link Modelo Archer C6 Caracter&iacute;sticas Hardware &#8211; Procesador: CPU de cuatro n&uacute;cleos a 1,7 GHz &#8211; Puertos Ethernet: &nbsp; 1 x puerto WAN Gigabit &nbsp; 4 x puertos LAN Gigabit &#8211; Compatibilidad con USB: 1 puerto USB 3.0 &#8211; Botones: bot&oacute;n LED de encendido\/apagado, bot&oacute;n WPS, bot&oacute;n de encendido\/apagado de Wi-Fi, bot&oacute;n de reinicio,&hellip;&nbsp;TP-Link Archer C6 Router WiFi AC1200 5xGb Dual","og_url":"https:\/\/aivlisoft.net\/shop\/producto\/tp-link-archer-c6-router-wifi-ac1200-5xgb-dual\/","og_site_name":"Aivlisoft Inform\u00e1tica","article_modified_time":"2025-01-14T19:57:32+00:00","og_image":[{"width":800,"height":800,"url":"https:\/\/aivlisoft.net\/shop\/wp-content\/uploads\/2025\/01\/NROINA0386_800.jpg","type":"image\/jpeg"}],"twitter_card":"summary_large_image","twitter_misc":{"Tiempo de lectura":"3 minutos"},"schema":{"@context":"https:\/\/schema.org","@graph":[{"@type":"WebPage","@id":"https:\/\/aivlisoft.net\/shop\/producto\/tp-link-archer-c6-router-wifi-ac1200-5xgb-dual\/","url":"https:\/\/aivlisoft.net\/shop\/producto\/tp-link-archer-c6-router-wifi-ac1200-5xgb-dual\/","name":"TP-Link Archer C6 Router WiFi AC1200 5xGb Dual - Aivlisoft Inform\u00e1tica","isPartOf":{"@id":"https:\/\/aivlisoft.net\/shop\/#website"},"primaryImageOfPage":{"@id":"https:\/\/aivlisoft.net\/shop\/producto\/tp-link-archer-c6-router-wifi-ac1200-5xgb-dual\/#primaryimage"},"image":{"@id":"https:\/\/aivlisoft.net\/shop\/producto\/tp-link-archer-c6-router-wifi-ac1200-5xgb-dual\/#primaryimage"},"thumbnailUrl":"https:\/\/aivlisoft.net\/shop\/wp-content\/uploads\/2025\/01\/NROINA0386_800.jpg","datePublished":"2025-01-13T15:30:08+00:00","dateModified":"2025-01-14T19:57:32+00:00","breadcrumb":{"@id":"https:\/\/aivlisoft.net\/shop\/producto\/tp-link-archer-c6-router-wifi-ac1200-5xgb-dual\/#breadcrumb"},"inLanguage":"es","potentialAction":[{"@type":"ReadAction","target":["https:\/\/aivlisoft.net\/shop\/producto\/tp-link-archer-c6-router-wifi-ac1200-5xgb-dual\/"]}]},{"@type":"ImageObject","inLanguage":"es","@id":"https:\/\/aivlisoft.net\/shop\/producto\/tp-link-archer-c6-router-wifi-ac1200-5xgb-dual\/#primaryimage","url":"https:\/\/aivlisoft.net\/shop\/wp-content\/uploads\/2025\/01\/NROINA0386_800.jpg","contentUrl":"https:\/\/aivlisoft.net\/shop\/wp-content\/uploads\/2025\/01\/NROINA0386_800.jpg","width":800,"height":800},{"@type":"BreadcrumbList","@id":"https:\/\/aivlisoft.net\/shop\/producto\/tp-link-archer-c6-router-wifi-ac1200-5xgb-dual\/#breadcrumb","itemListElement":[{"@type":"ListItem","position":1,"name":"Portada","item":"https:\/\/aivlisoft.net\/shop\/"},{"@type":"ListItem","position":2,"name":"Tienda","item":"https:\/\/aivlisoft.net\/shop\/tienda\/"},{"@type":"ListItem","position":3,"name":"TP-Link Archer C6 Router WiFi AC1200 5xGb Dual"}]},{"@type":"WebSite","@id":"https:\/\/aivlisoft.net\/shop\/#website","url":"https:\/\/aivlisoft.net\/shop\/","name":"Aivlisoft Inform\u00e1tica","description":"En Aivlisoft Inform\u00e1tica ofrecemos soluciones tecnol\u00f3gicas para empresas: venta de ordenadores, consumibles, perif\u00e9ricos y m\u00e1s. Calidad, atenci\u00f3n personalizada y los mejores precios para tu negocio.","publisher":{"@id":"https:\/\/aivlisoft.net\/shop\/#organization"},"potentialAction":[{"@type":"SearchAction","target":{"@type":"EntryPoint","urlTemplate":"https:\/\/aivlisoft.net\/shop\/?s={search_term_string}"},"query-input":{"@type":"PropertyValueSpecification","valueRequired":true,"valueName":"search_term_string"}}],"inLanguage":"es"},{"@type":"Organization","@id":"https:\/\/aivlisoft.net\/shop\/#organization","name":"Aivlisoft Inform\u00e1tica","url":"https:\/\/aivlisoft.net\/shop\/","logo":{"@type":"ImageObject","inLanguage":"es","@id":"https:\/\/aivlisoft.net\/shop\/#\/schema\/logo\/image\/","url":"https:\/\/aivlisoft.net\/shop\/wp-content\/uploads\/2024\/12\/removal.ai_5b848c54-0cdf-4140-95c5-c5536bb7573b-logodef.png","contentUrl":"https:\/\/aivlisoft.net\/shop\/wp-content\/uploads\/2024\/12\/removal.ai_5b848c54-0cdf-4140-95c5-c5536bb7573b-logodef.png","width":484,"height":182,"caption":"Aivlisoft Inform\u00e1tica"},"image":{"@id":"https:\/\/aivlisoft.net\/shop\/#\/schema\/logo\/image\/"}}]}},"_links":{"self":[{"href":"https:\/\/aivlisoft.net\/shop\/wp-json\/wp\/v2\/product\/19222","targetHints":{"allow":["GET"]}}],"collection":[{"href":"https:\/\/aivlisoft.net\/shop\/wp-json\/wp\/v2\/product"}],"about":[{"href":"https:\/\/aivlisoft.net\/shop\/wp-json\/wp\/v2\/types\/product"}],"wp:featuredmedia":[{"embeddable":true,"href":"https:\/\/aivlisoft.net\/shop\/wp-json\/wp\/v2\/media\/19223"}],"wp:attachment":[{"href":"https:\/\/aivlisoft.net\/shop\/wp-json\/wp\/v2\/media?parent=19222"}],"wp:term":[{"taxonomy":"product_brand","embeddable":true,"href":"https:\/\/aivlisoft.net\/shop\/wp-json\/wp\/v2\/product_brand?post=19222"},{"taxonomy":"product_cat","embeddable":true,"href":"https:\/\/aivlisoft.net\/shop\/wp-json\/wp\/v2\/product_cat?post=19222"},{"taxonomy":"product_tag","embeddable":true,"href":"https:\/\/aivlisoft.net\/shop\/wp-json\/wp\/v2\/product_tag?post=19222"}],"curies":[{"name":"wp","href":"https:\/\/api.w.org\/{rel}","templated":true}]}}