{"id":19217,"date":"2025-01-13T15:30:05","date_gmt":"2025-01-13T15:30:05","guid":{"rendered":"https:\/\/aivlisoft.com\/?post_type=product&#038;p=19217"},"modified":"2025-01-14T19:57:32","modified_gmt":"2025-01-14T19:57:32","slug":"tp-link-archer-ax53-router-wifi6-ax3000-4xlan-1xwa","status":"publish","type":"product","link":"https:\/\/aivlisoft.net\/shop\/producto\/tp-link-archer-ax53-router-wifi6-ax3000-4xlan-1xwa\/","title":{"rendered":"TP-Link Archer AX53 Router WiFi6 AX3000 4xLAN 1xWA"},"content":{"rendered":"<p><\/p>\n<table class=\"tabla_caracteristicas k-table\" width=\"100%\">\n<tr>\n<td valign=\"top\"><strong>Marca<\/strong><\/td>\n<td>TP-Link<\/td>\n<\/tr>\n<tr>\n<td><strong>Modelo<\/strong><\/td>\n<td><strong>Archer AX53<\/strong><\/td>\n<\/tr>\n<tr>\n<td><strong>Hardware<\/strong><\/td>\n<td>&#8211; Procesador: CPU Doble N&uacute;cleo<br \/>\t\t\t&#8211; Puertos Ethernet:<br \/>\t\t\t&nbsp; 1 x puerto WAN Gigabit<br \/>\t\t\t&nbsp; 4 x puertos LAN Gigabit<br \/>\t\t\t&#8211; Botones:<br \/>\t\t\t&nbsp; Bot&oacute;n WPS\/Wi-Fi<br \/>\t\t\t&nbsp; Bot&oacute;n de encendido\/apagado<br \/>\t\t\t&nbsp; Bot&oacute;n de reinicio<br \/>\t\t\t&#8211; Fuente de alimentaci&oacute;n externa: 12V 7 2A<\/td>\n<\/tr>\n<tr>\n<td><strong>Inal&aacute;mbricos<\/strong><\/td>\n<td><strong>Est&aacute;ndares &nbsp;&nbsp; &nbsp;<\/strong><br \/>\t\t\t&#8211; Wi-Fi 6<br \/>\t\t\t&nbsp; IEEE 802.11ax\/ac\/n\/a 5 GHz<br \/>\t\t\t&nbsp; IEEE 802.11ax\/n\/b\/g 2.4 GHz<br \/>\t\t\t<strong>Velocidades Wi-Fi &nbsp;&nbsp; &nbsp;<\/strong><br \/>\t\t\t&#8211; 5 GHz: 2402 Mbps (802.11ax, HE160)<br \/>\t\t\t&#8211; 2,4 GHz: 574 Mbps (802.11ax)<br \/>\t\t\t<strong>Potencia de transmisi&oacute;n<\/strong><br \/>\t\t\t&#8211; CE: &lt;20 dBm (2,4 GHz), &lt;23 dBm (5,15 GHz~5,35 GHz); &lt;30dBm (5,47 GHz~5,725 GHz)<br \/>\t\t\t&#8211; FCC: &lt;30dBm (2,4 GHz y 5,15 GHz~5,825 GHz)<br \/>\t\t\t<strong>Sensibilidad de recepci&oacute;n<\/strong><br \/>\t\t\t&nbsp;&#8211; 2.4 GHz:<br \/>\t\t\t&nbsp; 11ac VHT20_MCS0:-96dBm<br \/>\t\t\t&nbsp; 11ac VHT20_MCS8:-74dB<br \/>\t\t\t&nbsp; 11ac VHT40_MCS0:-94dBm<br \/>\t\t\t&nbsp; 11ac VHT40_MCS9:-70dB<br \/>\t\t\t&nbsp; 11ax HE20_MCS0:-96dBm<br \/>\t\t\t&nbsp; 11ax HE20_MCS11:-66dBm<br \/>\t\t\t&nbsp; 11ax HE40_MCS0:-93dBm<br \/>\t\t\t&nbsp; 11ax HE40_MCS11:-63dBm<br \/>\t\t\t&#8211; 5 GHz:<br \/>\t\t\t&nbsp; 11ac VHT20_MCS0:-97dBm<br \/>\t\t\t&nbsp; 11ac VHT20_MCS8:-75dBm<br \/>\t\t\t&nbsp; 11ac VHT40_MCS0:-94dBm<br \/>\t\t\t&nbsp; 11ac VHT40_MCS9:-70dBm<br \/>\t\t\t&nbsp; 11ac VHT80_MCS0:-91dBm<br \/>\t\t\t&nbsp; 11ac VHT80_MCS9:-67dBm<br \/>\t\t\t&nbsp; 11ac VHT160_MCS0:-88dBm<br \/>\t\t\t&nbsp; 11ac VHT160_MCS9:-63dBm<br \/>\t\t\t&nbsp; 11ax HE20_MCS0:-97dBm<br \/>\t\t\t&nbsp; 11ax HE20_MCS11:-66dBm<br \/>\t\t\t&nbsp; 11ax HE40_MCS0:-94dBm<br \/>\t\t\t&nbsp; 11ax HE40_MCS11:-63dBm<br \/>\t\t\t&nbsp; 11ax HE80_MCS0:-91dBm<br \/>\t\t\t&nbsp; 11ax HE80_MCS11:-61dBm<br \/>\t\t\t&nbsp; 11ax HE160_MCS0:-87dBm<br \/>\t\t\t&nbsp; 11ax HE160_MCS11:-58dBm<\/td>\n<\/tr>\n<tr>\n<td><strong>Software<\/strong><\/td>\n<td>&#8211; Kits de servicio: HomeShield<br \/>\t\t\t&#8211; Tipo de WAN: IP din&aacute;mica, IP est&aacute;tica, PPPoE, PPTP, L2TP<br \/>\t\t\t&#8211; DHCP: servidor, lista de clientes DHCP, reserva de direcciones<br \/>\t\t\t&#8211; Reenv&iacute;o de puertos: Reenv&iacute;o de puertos, activaci&oacute;n de puertos, UPnP, DMZ<br \/>\t\t\t&#8211; DDNS: DynDns, NO-IP, TP-Link<br \/>\t\t\t&#8211; Protocolos: IPv4, IPv6<br \/>\t\t\t&#8211; Controles parentales<\/td>\n<\/tr>\n<tr>\n<td><strong>Seguridad<\/strong><\/td>\n<td>&#8211; Cifrado WiFi: &nbsp;&nbsp; &nbsp;<br \/>\t\t\t&nbsp; WPA<br \/>\t\t\t&nbsp; WPA2<br \/>\t\t\t&nbsp; WPA3<br \/>\t\t\t&nbsp; WPA\/WPA2-Enterprise<br \/>\t\t\t&#8211; Seguridad de Red: &nbsp;&nbsp; &nbsp;<br \/>\t\t\t&nbsp; Cortafuegos SPI<br \/>\t\t\t&nbsp; Control de acceso<br \/>\t\t\t&nbsp; Enlace IP y MAC<br \/>\t\t\t&nbsp; Puerta de enlace de la capa de aplicaci&oacute;n<br \/>\t\t\t&nbsp; Seguridad de HomeShield<br \/>\t\t\t&nbsp; Protecci&oacute;n IoT en tiempo real<br \/>\t\t\t&nbsp; Bloqueador de sitios maliciosos<br \/>\t\t\t&nbsp; Sistema de Prevenci&oacute;n de Intrusi&oacute;n<br \/>\t\t\t&nbsp; Prevenci&oacute;n de ataques DDoS<br \/>\t\t\t&nbsp; Esc&aacute;ner de red dom&eacute;stica<br \/>\t\t\t&#8211; Red de Invitados: &nbsp;&nbsp; &nbsp;<br \/>\t\t\t&nbsp; 1 &times; red de invitados de 5 GHz<br \/>\t\t\t&nbsp; 1 &times; red de invitados de 2,4 GHz<br \/>\t\t\t&#8211; Servidor VPN: &nbsp;&nbsp; &nbsp;<br \/>\t\t\t&nbsp; OpenVPN<br \/>\t\t\t&nbsp; PPTP VPN<\/td>\n<\/tr>\n<tr>\n<td><strong>Otras Caracter&iacute;sticas<\/strong><\/td>\n<td>&#8211; Certificaci&oacute;n: CE, FCC, RoHS<br \/>\t\t\t&#8211; Requisitos del sistema:<br \/>\t\t\t&nbsp; Internet Explorer 11+, Firefox 12.0+, Chrome 20.0+, Safari 4.0+ u otro navegador compatible con JavaScript<br \/>\t\t\t&nbsp; M&oacute;dem por cable o DSL (si es necesario)<br \/>\t\t\t&nbsp; Suscripci&oacute;n a un proveedor de servicios de Internet (para el acceso a Internet)<br \/>\t\t\t<strong>Dimensiones<\/strong><br \/>\t\t\t&#8211; 260.2 &times; 135 &times; 41.6 mm<br \/>\t\t\t<strong>Contenido<\/strong><br \/>\t\t\t&#8211; Router Inal&aacute;mbrico Archer AX53<br \/>\t\t\t&#8211; Adaptador de corriente<br \/>\t\t\t&#8211; Cable ethernet RJ45<br \/>\t\t\t&#8211; Gu&iacute;a de Instalaci&oacute;n R&aacute;pida<\/td>\n<\/tr>\n<tr>\n<td><strong>Fecha de revisi&oacute;n<\/strong><\/td>\n<td>26-09-2023 por RTY<\/td>\n<\/tr>\n<\/table>\n","protected":false},"excerpt":{"rendered":"<p>Marca TP-Link Modelo Archer AX53 Hardware &#8211; Procesador: CPU Doble N&uacute;cleo &#8211; Puertos Ethernet: &nbsp; 1 x puerto WAN Gigabit &nbsp; 4 x puertos LAN Gigabit &#8211; Botones: &nbsp; Bot&oacute;n WPS\/Wi-Fi &nbsp; Bot&oacute;n de encendido\/apagado &nbsp; Bot&oacute;n de reinicio &#8211; Fuente de alimentaci&oacute;n externa: 12V 7 2A Inal&aacute;mbricos Est&aacute;ndares &nbsp;&nbsp; &nbsp; &#8211; Wi-Fi 6 &nbsp;&hellip;&nbsp;<a href=\"https:\/\/aivlisoft.net\/shop\/producto\/tp-link-archer-ax53-router-wifi6-ax3000-4xlan-1xwa\/\" rel=\"bookmark\"><span class=\"screen-reader-text\">TP-Link Archer AX53 Router WiFi6 AX3000 4xLAN 1xWA<\/span><\/a><\/p>\n","protected":false},"featured_media":19218,"template":"","meta":{"neve_meta_sidebar":"","neve_meta_container":"","neve_meta_enable_content_width":"","neve_meta_content_width":0,"neve_meta_title_alignment":"","neve_meta_author_avatar":"","neve_post_elements_order":"","neve_meta_disable_header":"","neve_meta_disable_footer":"","neve_meta_disable_title":""},"product_brand":[],"product_cat":[15,8768,6832],"product_tag":[6952],"class_list":{"0":"post-19217","1":"product","2":"type-product","3":"status-publish","4":"has-post-thumbnail","6":"product_cat-sin-categorizar","7":"product_cat-routers-adsl","8":"product_cat-routers-modems","9":"product_tag-archer-ax53","11":"first","12":"instock","13":"taxable","14":"shipping-taxable","15":"purchasable","16":"product-type-simple"},"yoast_head":"<!-- This site is optimized with the Yoast SEO plugin v26.0 - https:\/\/yoast.com\/wordpress\/plugins\/seo\/ -->\n<title>TP-Link Archer AX53 Router WiFi6 AX3000 4xLAN 1xWA - Aivlisoft Inform\u00e1tica<\/title>\n<meta name=\"robots\" content=\"index, follow, max-snippet:-1, max-image-preview:large, max-video-preview:-1\" \/>\n<link rel=\"canonical\" href=\"https:\/\/aivlisoft.net\/shop\/producto\/tp-link-archer-ax53-router-wifi6-ax3000-4xlan-1xwa\/\" \/>\n<meta property=\"og:locale\" content=\"es_ES\" \/>\n<meta property=\"og:type\" content=\"article\" \/>\n<meta property=\"og:title\" content=\"TP-Link Archer AX53 Router WiFi6 AX3000 4xLAN 1xWA - Aivlisoft Inform\u00e1tica\" \/>\n<meta property=\"og:description\" content=\"Marca TP-Link Modelo Archer AX53 Hardware &#8211; Procesador: CPU Doble N&uacute;cleo &#8211; Puertos Ethernet: &nbsp; 1 x puerto WAN Gigabit &nbsp; 4 x puertos LAN Gigabit &#8211; Botones: &nbsp; Bot&oacute;n WPS\/Wi-Fi &nbsp; Bot&oacute;n de encendido\/apagado &nbsp; Bot&oacute;n de reinicio &#8211; Fuente de alimentaci&oacute;n externa: 12V 7 2A Inal&aacute;mbricos Est&aacute;ndares &nbsp;&nbsp; &nbsp; &#8211; Wi-Fi 6 &nbsp;&hellip;&nbsp;TP-Link Archer AX53 Router WiFi6 AX3000 4xLAN 1xWA\" \/>\n<meta property=\"og:url\" content=\"https:\/\/aivlisoft.net\/shop\/producto\/tp-link-archer-ax53-router-wifi6-ax3000-4xlan-1xwa\/\" \/>\n<meta property=\"og:site_name\" content=\"Aivlisoft Inform\u00e1tica\" \/>\n<meta property=\"article:modified_time\" content=\"2025-01-14T19:57:32+00:00\" \/>\n<meta property=\"og:image\" content=\"https:\/\/aivlisoft.net\/shop\/wp-content\/uploads\/2025\/01\/NROINA0385_800.jpg\" \/>\n\t<meta property=\"og:image:width\" content=\"800\" \/>\n\t<meta property=\"og:image:height\" content=\"800\" \/>\n\t<meta property=\"og:image:type\" content=\"image\/jpeg\" \/>\n<meta name=\"twitter:card\" content=\"summary_large_image\" \/>\n<meta name=\"twitter:label1\" content=\"Tiempo de lectura\" \/>\n\t<meta name=\"twitter:data1\" content=\"3 minutos\" \/>\n<script type=\"application\/ld+json\" class=\"yoast-schema-graph\">{\"@context\":\"https:\/\/schema.org\",\"@graph\":[{\"@type\":\"WebPage\",\"@id\":\"https:\/\/aivlisoft.net\/shop\/producto\/tp-link-archer-ax53-router-wifi6-ax3000-4xlan-1xwa\/\",\"url\":\"https:\/\/aivlisoft.net\/shop\/producto\/tp-link-archer-ax53-router-wifi6-ax3000-4xlan-1xwa\/\",\"name\":\"TP-Link Archer AX53 Router WiFi6 AX3000 4xLAN 1xWA - Aivlisoft Inform\u00e1tica\",\"isPartOf\":{\"@id\":\"https:\/\/aivlisoft.net\/shop\/#website\"},\"primaryImageOfPage\":{\"@id\":\"https:\/\/aivlisoft.net\/shop\/producto\/tp-link-archer-ax53-router-wifi6-ax3000-4xlan-1xwa\/#primaryimage\"},\"image\":{\"@id\":\"https:\/\/aivlisoft.net\/shop\/producto\/tp-link-archer-ax53-router-wifi6-ax3000-4xlan-1xwa\/#primaryimage\"},\"thumbnailUrl\":\"https:\/\/aivlisoft.net\/shop\/wp-content\/uploads\/2025\/01\/NROINA0385_800.jpg\",\"datePublished\":\"2025-01-13T15:30:05+00:00\",\"dateModified\":\"2025-01-14T19:57:32+00:00\",\"breadcrumb\":{\"@id\":\"https:\/\/aivlisoft.net\/shop\/producto\/tp-link-archer-ax53-router-wifi6-ax3000-4xlan-1xwa\/#breadcrumb\"},\"inLanguage\":\"es\",\"potentialAction\":[{\"@type\":\"ReadAction\",\"target\":[\"https:\/\/aivlisoft.net\/shop\/producto\/tp-link-archer-ax53-router-wifi6-ax3000-4xlan-1xwa\/\"]}]},{\"@type\":\"ImageObject\",\"inLanguage\":\"es\",\"@id\":\"https:\/\/aivlisoft.net\/shop\/producto\/tp-link-archer-ax53-router-wifi6-ax3000-4xlan-1xwa\/#primaryimage\",\"url\":\"https:\/\/aivlisoft.net\/shop\/wp-content\/uploads\/2025\/01\/NROINA0385_800.jpg\",\"contentUrl\":\"https:\/\/aivlisoft.net\/shop\/wp-content\/uploads\/2025\/01\/NROINA0385_800.jpg\",\"width\":800,\"height\":800},{\"@type\":\"BreadcrumbList\",\"@id\":\"https:\/\/aivlisoft.net\/shop\/producto\/tp-link-archer-ax53-router-wifi6-ax3000-4xlan-1xwa\/#breadcrumb\",\"itemListElement\":[{\"@type\":\"ListItem\",\"position\":1,\"name\":\"Portada\",\"item\":\"https:\/\/aivlisoft.net\/shop\/\"},{\"@type\":\"ListItem\",\"position\":2,\"name\":\"Tienda\",\"item\":\"https:\/\/aivlisoft.net\/shop\/tienda\/\"},{\"@type\":\"ListItem\",\"position\":3,\"name\":\"TP-Link Archer AX53 Router WiFi6 AX3000 4xLAN 1xWA\"}]},{\"@type\":\"WebSite\",\"@id\":\"https:\/\/aivlisoft.net\/shop\/#website\",\"url\":\"https:\/\/aivlisoft.net\/shop\/\",\"name\":\"Aivlisoft Inform\u00e1tica\",\"description\":\"En Aivlisoft Inform\u00e1tica ofrecemos soluciones tecnol\u00f3gicas para empresas: venta de ordenadores, consumibles, perif\u00e9ricos y m\u00e1s. Calidad, atenci\u00f3n personalizada y los mejores precios para tu negocio.\",\"publisher\":{\"@id\":\"https:\/\/aivlisoft.net\/shop\/#organization\"},\"potentialAction\":[{\"@type\":\"SearchAction\",\"target\":{\"@type\":\"EntryPoint\",\"urlTemplate\":\"https:\/\/aivlisoft.net\/shop\/?s={search_term_string}\"},\"query-input\":{\"@type\":\"PropertyValueSpecification\",\"valueRequired\":true,\"valueName\":\"search_term_string\"}}],\"inLanguage\":\"es\"},{\"@type\":\"Organization\",\"@id\":\"https:\/\/aivlisoft.net\/shop\/#organization\",\"name\":\"Aivlisoft Inform\u00e1tica\",\"url\":\"https:\/\/aivlisoft.net\/shop\/\",\"logo\":{\"@type\":\"ImageObject\",\"inLanguage\":\"es\",\"@id\":\"https:\/\/aivlisoft.net\/shop\/#\/schema\/logo\/image\/\",\"url\":\"https:\/\/aivlisoft.net\/shop\/wp-content\/uploads\/2024\/12\/removal.ai_5b848c54-0cdf-4140-95c5-c5536bb7573b-logodef.png\",\"contentUrl\":\"https:\/\/aivlisoft.net\/shop\/wp-content\/uploads\/2024\/12\/removal.ai_5b848c54-0cdf-4140-95c5-c5536bb7573b-logodef.png\",\"width\":484,\"height\":182,\"caption\":\"Aivlisoft Inform\u00e1tica\"},\"image\":{\"@id\":\"https:\/\/aivlisoft.net\/shop\/#\/schema\/logo\/image\/\"}}]}<\/script>\n<!-- \/ Yoast SEO plugin. -->","yoast_head_json":{"title":"TP-Link Archer AX53 Router WiFi6 AX3000 4xLAN 1xWA - Aivlisoft Inform\u00e1tica","robots":{"index":"index","follow":"follow","max-snippet":"max-snippet:-1","max-image-preview":"max-image-preview:large","max-video-preview":"max-video-preview:-1"},"canonical":"https:\/\/aivlisoft.net\/shop\/producto\/tp-link-archer-ax53-router-wifi6-ax3000-4xlan-1xwa\/","og_locale":"es_ES","og_type":"article","og_title":"TP-Link Archer AX53 Router WiFi6 AX3000 4xLAN 1xWA - Aivlisoft Inform\u00e1tica","og_description":"Marca TP-Link Modelo Archer AX53 Hardware &#8211; Procesador: CPU Doble N&uacute;cleo &#8211; Puertos Ethernet: &nbsp; 1 x puerto WAN Gigabit &nbsp; 4 x puertos LAN Gigabit &#8211; Botones: &nbsp; Bot&oacute;n WPS\/Wi-Fi &nbsp; Bot&oacute;n de encendido\/apagado &nbsp; Bot&oacute;n de reinicio &#8211; Fuente de alimentaci&oacute;n externa: 12V 7 2A Inal&aacute;mbricos Est&aacute;ndares &nbsp;&nbsp; &nbsp; &#8211; Wi-Fi 6 &nbsp;&hellip;&nbsp;TP-Link Archer AX53 Router WiFi6 AX3000 4xLAN 1xWA","og_url":"https:\/\/aivlisoft.net\/shop\/producto\/tp-link-archer-ax53-router-wifi6-ax3000-4xlan-1xwa\/","og_site_name":"Aivlisoft Inform\u00e1tica","article_modified_time":"2025-01-14T19:57:32+00:00","og_image":[{"width":800,"height":800,"url":"https:\/\/aivlisoft.net\/shop\/wp-content\/uploads\/2025\/01\/NROINA0385_800.jpg","type":"image\/jpeg"}],"twitter_card":"summary_large_image","twitter_misc":{"Tiempo de lectura":"3 minutos"},"schema":{"@context":"https:\/\/schema.org","@graph":[{"@type":"WebPage","@id":"https:\/\/aivlisoft.net\/shop\/producto\/tp-link-archer-ax53-router-wifi6-ax3000-4xlan-1xwa\/","url":"https:\/\/aivlisoft.net\/shop\/producto\/tp-link-archer-ax53-router-wifi6-ax3000-4xlan-1xwa\/","name":"TP-Link Archer AX53 Router WiFi6 AX3000 4xLAN 1xWA - Aivlisoft Inform\u00e1tica","isPartOf":{"@id":"https:\/\/aivlisoft.net\/shop\/#website"},"primaryImageOfPage":{"@id":"https:\/\/aivlisoft.net\/shop\/producto\/tp-link-archer-ax53-router-wifi6-ax3000-4xlan-1xwa\/#primaryimage"},"image":{"@id":"https:\/\/aivlisoft.net\/shop\/producto\/tp-link-archer-ax53-router-wifi6-ax3000-4xlan-1xwa\/#primaryimage"},"thumbnailUrl":"https:\/\/aivlisoft.net\/shop\/wp-content\/uploads\/2025\/01\/NROINA0385_800.jpg","datePublished":"2025-01-13T15:30:05+00:00","dateModified":"2025-01-14T19:57:32+00:00","breadcrumb":{"@id":"https:\/\/aivlisoft.net\/shop\/producto\/tp-link-archer-ax53-router-wifi6-ax3000-4xlan-1xwa\/#breadcrumb"},"inLanguage":"es","potentialAction":[{"@type":"ReadAction","target":["https:\/\/aivlisoft.net\/shop\/producto\/tp-link-archer-ax53-router-wifi6-ax3000-4xlan-1xwa\/"]}]},{"@type":"ImageObject","inLanguage":"es","@id":"https:\/\/aivlisoft.net\/shop\/producto\/tp-link-archer-ax53-router-wifi6-ax3000-4xlan-1xwa\/#primaryimage","url":"https:\/\/aivlisoft.net\/shop\/wp-content\/uploads\/2025\/01\/NROINA0385_800.jpg","contentUrl":"https:\/\/aivlisoft.net\/shop\/wp-content\/uploads\/2025\/01\/NROINA0385_800.jpg","width":800,"height":800},{"@type":"BreadcrumbList","@id":"https:\/\/aivlisoft.net\/shop\/producto\/tp-link-archer-ax53-router-wifi6-ax3000-4xlan-1xwa\/#breadcrumb","itemListElement":[{"@type":"ListItem","position":1,"name":"Portada","item":"https:\/\/aivlisoft.net\/shop\/"},{"@type":"ListItem","position":2,"name":"Tienda","item":"https:\/\/aivlisoft.net\/shop\/tienda\/"},{"@type":"ListItem","position":3,"name":"TP-Link Archer AX53 Router WiFi6 AX3000 4xLAN 1xWA"}]},{"@type":"WebSite","@id":"https:\/\/aivlisoft.net\/shop\/#website","url":"https:\/\/aivlisoft.net\/shop\/","name":"Aivlisoft Inform\u00e1tica","description":"En Aivlisoft Inform\u00e1tica ofrecemos soluciones tecnol\u00f3gicas para empresas: venta de ordenadores, consumibles, perif\u00e9ricos y m\u00e1s. Calidad, atenci\u00f3n personalizada y los mejores precios para tu negocio.","publisher":{"@id":"https:\/\/aivlisoft.net\/shop\/#organization"},"potentialAction":[{"@type":"SearchAction","target":{"@type":"EntryPoint","urlTemplate":"https:\/\/aivlisoft.net\/shop\/?s={search_term_string}"},"query-input":{"@type":"PropertyValueSpecification","valueRequired":true,"valueName":"search_term_string"}}],"inLanguage":"es"},{"@type":"Organization","@id":"https:\/\/aivlisoft.net\/shop\/#organization","name":"Aivlisoft Inform\u00e1tica","url":"https:\/\/aivlisoft.net\/shop\/","logo":{"@type":"ImageObject","inLanguage":"es","@id":"https:\/\/aivlisoft.net\/shop\/#\/schema\/logo\/image\/","url":"https:\/\/aivlisoft.net\/shop\/wp-content\/uploads\/2024\/12\/removal.ai_5b848c54-0cdf-4140-95c5-c5536bb7573b-logodef.png","contentUrl":"https:\/\/aivlisoft.net\/shop\/wp-content\/uploads\/2024\/12\/removal.ai_5b848c54-0cdf-4140-95c5-c5536bb7573b-logodef.png","width":484,"height":182,"caption":"Aivlisoft Inform\u00e1tica"},"image":{"@id":"https:\/\/aivlisoft.net\/shop\/#\/schema\/logo\/image\/"}}]}},"_links":{"self":[{"href":"https:\/\/aivlisoft.net\/shop\/wp-json\/wp\/v2\/product\/19217","targetHints":{"allow":["GET"]}}],"collection":[{"href":"https:\/\/aivlisoft.net\/shop\/wp-json\/wp\/v2\/product"}],"about":[{"href":"https:\/\/aivlisoft.net\/shop\/wp-json\/wp\/v2\/types\/product"}],"wp:featuredmedia":[{"embeddable":true,"href":"https:\/\/aivlisoft.net\/shop\/wp-json\/wp\/v2\/media\/19218"}],"wp:attachment":[{"href":"https:\/\/aivlisoft.net\/shop\/wp-json\/wp\/v2\/media?parent=19217"}],"wp:term":[{"taxonomy":"product_brand","embeddable":true,"href":"https:\/\/aivlisoft.net\/shop\/wp-json\/wp\/v2\/product_brand?post=19217"},{"taxonomy":"product_cat","embeddable":true,"href":"https:\/\/aivlisoft.net\/shop\/wp-json\/wp\/v2\/product_cat?post=19217"},{"taxonomy":"product_tag","embeddable":true,"href":"https:\/\/aivlisoft.net\/shop\/wp-json\/wp\/v2\/product_tag?post=19217"}],"curies":[{"name":"wp","href":"https:\/\/api.w.org\/{rel}","templated":true}]}}