{"id":19212,"date":"2025-01-13T15:30:03","date_gmt":"2025-01-13T15:30:03","guid":{"rendered":"https:\/\/aivlisoft.com\/?post_type=product&#038;p=19212"},"modified":"2025-01-14T19:57:33","modified_gmt":"2025-01-14T19:57:33","slug":"tp-link-archer-mr500-router-4g-lte-cat6-ac1200","status":"publish","type":"product","link":"https:\/\/aivlisoft.net\/shop\/producto\/tp-link-archer-mr500-router-4g-lte-cat6-ac1200\/","title":{"rendered":"TP-Link Archer MR500 Router 4G LTE Cat6 AC1200"},"content":{"rendered":"<p><\/p>\n<p>&nbsp;<\/p>\n<table class=\"tabla_caracteristicas\" width=\"100%\">\n<tr>\n<td><strong>Marca<\/strong><\/td>\n<td>TP-Link<\/td>\n<\/tr>\n<tr>\n<td><strong>Modelo<\/strong><\/td>\n<td><strong>Archer MR500<\/strong><\/td>\n<\/tr>\n<tr>\n<td><strong>Caracteristicas de Hardware<\/strong><\/td>\n<td>&#8211; 1 x puerto LAN\/WAN de 10\/100\/1000 Mbps<br \/>\t\t\t&#8211; 3 x puertos LAN de 10\/100\/1000 Mbps<br \/>\t\t\t&#8211; 1 &times; Ranura para tarjeta Nano SIM<br \/>\t\t\t&#8211; Antenas: 2 x antenas LTE externas desmontables<\/td>\n<\/tr>\n<tr>\n<td><strong>Caracteristicas Inal&aacute;mbricas<\/strong><\/td>\n<td>&#8211; Est&aacute;ndares Inal&aacute;mbricos: IEEE 802.11a\/n\/ac 5 GHz, IEEE 802.11b\/g\/n 2.4 GHz<br \/>\t\t\t&#8211; Frecuencia: 2.4 GHz y 5 GHz<br \/>\t\t\t&#8211; Tasa de Se&ntilde;al: 300 Mbps a 2,4 GHz, 867 Mbps a 5 GHz<br \/>\t\t\t&#8211; Sensibilidad de Recepci&oacute;n:<br \/>\t\t\t&nbsp; 5 GHz: 11a 54M: -77 dBm<br \/>\t\t\t&nbsp; 11ac HT20: -73 dBm<br \/>\t\t\t&nbsp; 11ac HT40: -68 dBm<br \/>\t\t\t&nbsp; 11ac HT80 : -64 dBm<br \/>\t\t\t&nbsp; 11n HT20: -77 dBm<br \/>\t\t\t&nbsp; 11n HT40: -73 dBm<br \/>\t\t\t&nbsp; 2.4 GHz: 11g 54M: -74 dBm<br \/>\t\t\t&nbsp; 11n HT20: -72 dBm<br \/>\t\t\t&nbsp; 11n HT40: -69 dBm<br \/>\t\t\t&#8211; Potencia de Transmisi&oacute;n:&lt; 20 dBm (2.4 GHz), &lt; 23 dBm (5 GHz)<br \/>\t\t\t&#8211; Funciones Inal&aacute;mbricas: Activar\/desactivar radio inal&aacute;mbrica, programaci&oacute;n inal&aacute;mbrica, WMM, estad&iacute;sticas inal&aacute;mbricas<br \/>\t\t\t&#8211; WAN Failover<br \/>\t\t\t&#8211; Seguridad Inal&aacute;mbrica: WEP de 64\/128 bits, WPA\/WPA2 personal, WPA\/WPA2 empresarial<br \/>\t\t\t&#8211; Tipo de Red:<br \/>\t\t\t&nbsp; Compatible con la mayor&iacute;a de operadores m&oacute;viles y soporta 4G\/3G:<br \/>\t\t\t&nbsp; FDD-LTE: B1\/B3\/B5\/B7\/B8\/B20\/B28 (2100\/1800\/850\/2600\/900\/800\/700 MHz)<br \/>\t\t\t&nbsp; TDD-LTE: B38\/B40\/B41(2600\/2300\/2500 MHz)<br \/>\t\t\t&nbsp; CC-HSPA+\/HSPA\/UMTS: B1\/B3\/B5\/B8(2100\/850\/900 MHz)<\/td>\n<\/tr>\n<tr>\n<td><strong>Caracter&iacute;sticas Software<\/strong><\/td>\n<td>&#8211; Calidad de Servicio: Prioriza el tr&aacute;fico de red por dispositivo<br \/>\t\t\t&#8211; Seguridad: DoS, cortafuegos IPv4 SPI, cortafuegos IPv6, enlace de direcciones IP y MAC, control de acceso, filtrado de servicios.<br \/>\t\t\t&#8211; Modo de Funcionamiento: Router 3G \/ 4G, router inal&aacute;mbrico<br \/>\t\t\t&#8211; Tipo de WAN: IP din&aacute;mica\/IP est&aacute;tica\/PPPoE\/PPTP (acceso dual)\/L2TP (acceso dual)<br \/>\t\t\t&#8211; Gesti&oacute;n: TP-Link Cloud, Gesti&oacute;n Local, Gesti&oacute;n Remota<br \/>\t\t\t&#8211; DHCP: Servidor, Lista de clientes DHCP, Reserva de direcciones<br \/>\t\t\t&#8211; Reenv&iacute;o de Puertos: ALG, servidor virtual, activaci&oacute;n de puertos, UPnP, DMZ<br \/>\t\t\t&#8211; DNS Din&aacute;mico: &nbsp;TP-Link, DynDns, NO-IP<br \/>\t\t\t&#8211; VPN: Servidor VPN: PPTP VPN, OpenVPN<br \/>\t\t\t&#8211; Control Parental: Filtrado de URL, controles de tiempo<br \/>\t\t\t&#8211; Protocolos: IPv4, IPv6<br \/>\t\t\t&#8211; Red de Invitados:1 red para invitados de 2,4 GHz, 1 red para invitados de 5 GHz<\/td>\n<\/tr>\n<tr>\n<td><strong>Otros<\/strong><\/td>\n<td>&#8211; Certificaciones: CE, RoHS<br \/>\t\t\t&#8211; Contenido:<br \/>\t\t\t&nbsp; 4G+ Cat6 300 Mbps LTE AC1200 Router inal&aacute;mbrico Gigabit de doble banda Archer MR500<br \/>\t\t\t&nbsp; Adaptador de corriente<br \/>\t\t\t&nbsp; cable ethernet rj45<br \/>\t\t\t&nbsp; Gu&iacute;a de Instalaci&oacute;n R&aacute;pida<br \/>\t\t\t<strong>Dimensiones<\/strong><br \/>\t\t\t&#8211; 202 &times; 141 &times; 33.6 mm<\/td>\n<\/tr>\n<tr>\n<td><strong>Fecha de revisi&oacute;n<\/strong><\/td>\n<td>28-07-2023 por RTY<\/td>\n<\/tr>\n<\/table>\n","protected":false},"excerpt":{"rendered":"<p>&nbsp; Marca TP-Link Modelo Archer MR500 Caracteristicas de Hardware &#8211; 1 x puerto LAN\/WAN de 10\/100\/1000 Mbps &#8211; 3 x puertos LAN de 10\/100\/1000 Mbps &#8211; 1 &times; Ranura para tarjeta Nano SIM &#8211; Antenas: 2 x antenas LTE externas desmontables Caracteristicas Inal&aacute;mbricas &#8211; Est&aacute;ndares Inal&aacute;mbricos: IEEE 802.11a\/n\/ac 5 GHz, IEEE 802.11b\/g\/n 2.4 GHz &#8211;&hellip;&nbsp;<a href=\"https:\/\/aivlisoft.net\/shop\/producto\/tp-link-archer-mr500-router-4g-lte-cat6-ac1200\/\" rel=\"bookmark\"><span class=\"screen-reader-text\">TP-Link Archer MR500 Router 4G LTE Cat6 AC1200<\/span><\/a><\/p>\n","protected":false},"featured_media":19213,"template":"","meta":{"neve_meta_sidebar":"","neve_meta_container":"","neve_meta_enable_content_width":"","neve_meta_content_width":0,"neve_meta_title_alignment":"","neve_meta_author_avatar":"","neve_post_elements_order":"","neve_meta_disable_header":"","neve_meta_disable_footer":"","neve_meta_disable_title":""},"product_brand":[],"product_cat":[15,8768,6832],"product_tag":[6951],"class_list":{"0":"post-19212","1":"product","2":"type-product","3":"status-publish","4":"has-post-thumbnail","6":"product_cat-sin-categorizar","7":"product_cat-routers-adsl","8":"product_cat-routers-modems","9":"product_tag-archer-mr500","11":"first","12":"instock","13":"taxable","14":"shipping-taxable","15":"purchasable","16":"product-type-simple"},"yoast_head":"<!-- This site is optimized with the Yoast SEO plugin v26.0 - https:\/\/yoast.com\/wordpress\/plugins\/seo\/ -->\n<title>TP-Link Archer MR500 Router 4G LTE Cat6 AC1200 - Aivlisoft Inform\u00e1tica<\/title>\n<meta name=\"robots\" content=\"index, follow, max-snippet:-1, max-image-preview:large, max-video-preview:-1\" \/>\n<link rel=\"canonical\" href=\"https:\/\/aivlisoft.net\/shop\/producto\/tp-link-archer-mr500-router-4g-lte-cat6-ac1200\/\" \/>\n<meta property=\"og:locale\" content=\"es_ES\" \/>\n<meta property=\"og:type\" content=\"article\" \/>\n<meta property=\"og:title\" content=\"TP-Link Archer MR500 Router 4G LTE Cat6 AC1200 - Aivlisoft Inform\u00e1tica\" \/>\n<meta property=\"og:description\" content=\"&nbsp; Marca TP-Link Modelo Archer MR500 Caracteristicas de Hardware &#8211; 1 x puerto LAN\/WAN de 10\/100\/1000 Mbps &#8211; 3 x puertos LAN de 10\/100\/1000 Mbps &#8211; 1 &times; Ranura para tarjeta Nano SIM &#8211; Antenas: 2 x antenas LTE externas desmontables Caracteristicas Inal&aacute;mbricas &#8211; Est&aacute;ndares Inal&aacute;mbricos: IEEE 802.11a\/n\/ac 5 GHz, IEEE 802.11b\/g\/n 2.4 GHz &#8211;&hellip;&nbsp;TP-Link Archer MR500 Router 4G LTE Cat6 AC1200\" \/>\n<meta property=\"og:url\" content=\"https:\/\/aivlisoft.net\/shop\/producto\/tp-link-archer-mr500-router-4g-lte-cat6-ac1200\/\" \/>\n<meta property=\"og:site_name\" content=\"Aivlisoft Inform\u00e1tica\" \/>\n<meta property=\"article:modified_time\" content=\"2025-01-14T19:57:33+00:00\" \/>\n<meta property=\"og:image\" content=\"https:\/\/aivlisoft.net\/shop\/wp-content\/uploads\/2025\/01\/NROINA0384_800.jpg\" \/>\n\t<meta property=\"og:image:width\" content=\"800\" \/>\n\t<meta property=\"og:image:height\" content=\"800\" \/>\n\t<meta property=\"og:image:type\" content=\"image\/jpeg\" \/>\n<meta name=\"twitter:card\" content=\"summary_large_image\" \/>\n<meta name=\"twitter:label1\" content=\"Tiempo de lectura\" \/>\n\t<meta name=\"twitter:data1\" content=\"2 minutos\" \/>\n<script type=\"application\/ld+json\" class=\"yoast-schema-graph\">{\"@context\":\"https:\/\/schema.org\",\"@graph\":[{\"@type\":\"WebPage\",\"@id\":\"https:\/\/aivlisoft.net\/shop\/producto\/tp-link-archer-mr500-router-4g-lte-cat6-ac1200\/\",\"url\":\"https:\/\/aivlisoft.net\/shop\/producto\/tp-link-archer-mr500-router-4g-lte-cat6-ac1200\/\",\"name\":\"TP-Link Archer MR500 Router 4G LTE Cat6 AC1200 - Aivlisoft Inform\u00e1tica\",\"isPartOf\":{\"@id\":\"https:\/\/aivlisoft.net\/shop\/#website\"},\"primaryImageOfPage\":{\"@id\":\"https:\/\/aivlisoft.net\/shop\/producto\/tp-link-archer-mr500-router-4g-lte-cat6-ac1200\/#primaryimage\"},\"image\":{\"@id\":\"https:\/\/aivlisoft.net\/shop\/producto\/tp-link-archer-mr500-router-4g-lte-cat6-ac1200\/#primaryimage\"},\"thumbnailUrl\":\"https:\/\/aivlisoft.net\/shop\/wp-content\/uploads\/2025\/01\/NROINA0384_800.jpg\",\"datePublished\":\"2025-01-13T15:30:03+00:00\",\"dateModified\":\"2025-01-14T19:57:33+00:00\",\"breadcrumb\":{\"@id\":\"https:\/\/aivlisoft.net\/shop\/producto\/tp-link-archer-mr500-router-4g-lte-cat6-ac1200\/#breadcrumb\"},\"inLanguage\":\"es\",\"potentialAction\":[{\"@type\":\"ReadAction\",\"target\":[\"https:\/\/aivlisoft.net\/shop\/producto\/tp-link-archer-mr500-router-4g-lte-cat6-ac1200\/\"]}]},{\"@type\":\"ImageObject\",\"inLanguage\":\"es\",\"@id\":\"https:\/\/aivlisoft.net\/shop\/producto\/tp-link-archer-mr500-router-4g-lte-cat6-ac1200\/#primaryimage\",\"url\":\"https:\/\/aivlisoft.net\/shop\/wp-content\/uploads\/2025\/01\/NROINA0384_800.jpg\",\"contentUrl\":\"https:\/\/aivlisoft.net\/shop\/wp-content\/uploads\/2025\/01\/NROINA0384_800.jpg\",\"width\":800,\"height\":800},{\"@type\":\"BreadcrumbList\",\"@id\":\"https:\/\/aivlisoft.net\/shop\/producto\/tp-link-archer-mr500-router-4g-lte-cat6-ac1200\/#breadcrumb\",\"itemListElement\":[{\"@type\":\"ListItem\",\"position\":1,\"name\":\"Portada\",\"item\":\"https:\/\/aivlisoft.net\/shop\/\"},{\"@type\":\"ListItem\",\"position\":2,\"name\":\"Tienda\",\"item\":\"https:\/\/aivlisoft.net\/shop\/tienda\/\"},{\"@type\":\"ListItem\",\"position\":3,\"name\":\"TP-Link Archer MR500 Router 4G LTE Cat6 AC1200\"}]},{\"@type\":\"WebSite\",\"@id\":\"https:\/\/aivlisoft.net\/shop\/#website\",\"url\":\"https:\/\/aivlisoft.net\/shop\/\",\"name\":\"Aivlisoft Inform\u00e1tica\",\"description\":\"En Aivlisoft Inform\u00e1tica ofrecemos soluciones tecnol\u00f3gicas para empresas: venta de ordenadores, consumibles, perif\u00e9ricos y m\u00e1s. Calidad, atenci\u00f3n personalizada y los mejores precios para tu negocio.\",\"publisher\":{\"@id\":\"https:\/\/aivlisoft.net\/shop\/#organization\"},\"potentialAction\":[{\"@type\":\"SearchAction\",\"target\":{\"@type\":\"EntryPoint\",\"urlTemplate\":\"https:\/\/aivlisoft.net\/shop\/?s={search_term_string}\"},\"query-input\":{\"@type\":\"PropertyValueSpecification\",\"valueRequired\":true,\"valueName\":\"search_term_string\"}}],\"inLanguage\":\"es\"},{\"@type\":\"Organization\",\"@id\":\"https:\/\/aivlisoft.net\/shop\/#organization\",\"name\":\"Aivlisoft Inform\u00e1tica\",\"url\":\"https:\/\/aivlisoft.net\/shop\/\",\"logo\":{\"@type\":\"ImageObject\",\"inLanguage\":\"es\",\"@id\":\"https:\/\/aivlisoft.net\/shop\/#\/schema\/logo\/image\/\",\"url\":\"https:\/\/aivlisoft.net\/shop\/wp-content\/uploads\/2024\/12\/removal.ai_5b848c54-0cdf-4140-95c5-c5536bb7573b-logodef.png\",\"contentUrl\":\"https:\/\/aivlisoft.net\/shop\/wp-content\/uploads\/2024\/12\/removal.ai_5b848c54-0cdf-4140-95c5-c5536bb7573b-logodef.png\",\"width\":484,\"height\":182,\"caption\":\"Aivlisoft Inform\u00e1tica\"},\"image\":{\"@id\":\"https:\/\/aivlisoft.net\/shop\/#\/schema\/logo\/image\/\"}}]}<\/script>\n<!-- \/ Yoast SEO plugin. -->","yoast_head_json":{"title":"TP-Link Archer MR500 Router 4G LTE Cat6 AC1200 - Aivlisoft Inform\u00e1tica","robots":{"index":"index","follow":"follow","max-snippet":"max-snippet:-1","max-image-preview":"max-image-preview:large","max-video-preview":"max-video-preview:-1"},"canonical":"https:\/\/aivlisoft.net\/shop\/producto\/tp-link-archer-mr500-router-4g-lte-cat6-ac1200\/","og_locale":"es_ES","og_type":"article","og_title":"TP-Link Archer MR500 Router 4G LTE Cat6 AC1200 - Aivlisoft Inform\u00e1tica","og_description":"&nbsp; Marca TP-Link Modelo Archer MR500 Caracteristicas de Hardware &#8211; 1 x puerto LAN\/WAN de 10\/100\/1000 Mbps &#8211; 3 x puertos LAN de 10\/100\/1000 Mbps &#8211; 1 &times; Ranura para tarjeta Nano SIM &#8211; Antenas: 2 x antenas LTE externas desmontables Caracteristicas Inal&aacute;mbricas &#8211; Est&aacute;ndares Inal&aacute;mbricos: IEEE 802.11a\/n\/ac 5 GHz, IEEE 802.11b\/g\/n 2.4 GHz &#8211;&hellip;&nbsp;TP-Link Archer MR500 Router 4G LTE Cat6 AC1200","og_url":"https:\/\/aivlisoft.net\/shop\/producto\/tp-link-archer-mr500-router-4g-lte-cat6-ac1200\/","og_site_name":"Aivlisoft Inform\u00e1tica","article_modified_time":"2025-01-14T19:57:33+00:00","og_image":[{"width":800,"height":800,"url":"https:\/\/aivlisoft.net\/shop\/wp-content\/uploads\/2025\/01\/NROINA0384_800.jpg","type":"image\/jpeg"}],"twitter_card":"summary_large_image","twitter_misc":{"Tiempo de lectura":"2 minutos"},"schema":{"@context":"https:\/\/schema.org","@graph":[{"@type":"WebPage","@id":"https:\/\/aivlisoft.net\/shop\/producto\/tp-link-archer-mr500-router-4g-lte-cat6-ac1200\/","url":"https:\/\/aivlisoft.net\/shop\/producto\/tp-link-archer-mr500-router-4g-lte-cat6-ac1200\/","name":"TP-Link Archer MR500 Router 4G LTE Cat6 AC1200 - Aivlisoft Inform\u00e1tica","isPartOf":{"@id":"https:\/\/aivlisoft.net\/shop\/#website"},"primaryImageOfPage":{"@id":"https:\/\/aivlisoft.net\/shop\/producto\/tp-link-archer-mr500-router-4g-lte-cat6-ac1200\/#primaryimage"},"image":{"@id":"https:\/\/aivlisoft.net\/shop\/producto\/tp-link-archer-mr500-router-4g-lte-cat6-ac1200\/#primaryimage"},"thumbnailUrl":"https:\/\/aivlisoft.net\/shop\/wp-content\/uploads\/2025\/01\/NROINA0384_800.jpg","datePublished":"2025-01-13T15:30:03+00:00","dateModified":"2025-01-14T19:57:33+00:00","breadcrumb":{"@id":"https:\/\/aivlisoft.net\/shop\/producto\/tp-link-archer-mr500-router-4g-lte-cat6-ac1200\/#breadcrumb"},"inLanguage":"es","potentialAction":[{"@type":"ReadAction","target":["https:\/\/aivlisoft.net\/shop\/producto\/tp-link-archer-mr500-router-4g-lte-cat6-ac1200\/"]}]},{"@type":"ImageObject","inLanguage":"es","@id":"https:\/\/aivlisoft.net\/shop\/producto\/tp-link-archer-mr500-router-4g-lte-cat6-ac1200\/#primaryimage","url":"https:\/\/aivlisoft.net\/shop\/wp-content\/uploads\/2025\/01\/NROINA0384_800.jpg","contentUrl":"https:\/\/aivlisoft.net\/shop\/wp-content\/uploads\/2025\/01\/NROINA0384_800.jpg","width":800,"height":800},{"@type":"BreadcrumbList","@id":"https:\/\/aivlisoft.net\/shop\/producto\/tp-link-archer-mr500-router-4g-lte-cat6-ac1200\/#breadcrumb","itemListElement":[{"@type":"ListItem","position":1,"name":"Portada","item":"https:\/\/aivlisoft.net\/shop\/"},{"@type":"ListItem","position":2,"name":"Tienda","item":"https:\/\/aivlisoft.net\/shop\/tienda\/"},{"@type":"ListItem","position":3,"name":"TP-Link Archer MR500 Router 4G LTE Cat6 AC1200"}]},{"@type":"WebSite","@id":"https:\/\/aivlisoft.net\/shop\/#website","url":"https:\/\/aivlisoft.net\/shop\/","name":"Aivlisoft Inform\u00e1tica","description":"En Aivlisoft Inform\u00e1tica ofrecemos soluciones tecnol\u00f3gicas para empresas: venta de ordenadores, consumibles, perif\u00e9ricos y m\u00e1s. Calidad, atenci\u00f3n personalizada y los mejores precios para tu negocio.","publisher":{"@id":"https:\/\/aivlisoft.net\/shop\/#organization"},"potentialAction":[{"@type":"SearchAction","target":{"@type":"EntryPoint","urlTemplate":"https:\/\/aivlisoft.net\/shop\/?s={search_term_string}"},"query-input":{"@type":"PropertyValueSpecification","valueRequired":true,"valueName":"search_term_string"}}],"inLanguage":"es"},{"@type":"Organization","@id":"https:\/\/aivlisoft.net\/shop\/#organization","name":"Aivlisoft Inform\u00e1tica","url":"https:\/\/aivlisoft.net\/shop\/","logo":{"@type":"ImageObject","inLanguage":"es","@id":"https:\/\/aivlisoft.net\/shop\/#\/schema\/logo\/image\/","url":"https:\/\/aivlisoft.net\/shop\/wp-content\/uploads\/2024\/12\/removal.ai_5b848c54-0cdf-4140-95c5-c5536bb7573b-logodef.png","contentUrl":"https:\/\/aivlisoft.net\/shop\/wp-content\/uploads\/2024\/12\/removal.ai_5b848c54-0cdf-4140-95c5-c5536bb7573b-logodef.png","width":484,"height":182,"caption":"Aivlisoft Inform\u00e1tica"},"image":{"@id":"https:\/\/aivlisoft.net\/shop\/#\/schema\/logo\/image\/"}}]}},"_links":{"self":[{"href":"https:\/\/aivlisoft.net\/shop\/wp-json\/wp\/v2\/product\/19212","targetHints":{"allow":["GET"]}}],"collection":[{"href":"https:\/\/aivlisoft.net\/shop\/wp-json\/wp\/v2\/product"}],"about":[{"href":"https:\/\/aivlisoft.net\/shop\/wp-json\/wp\/v2\/types\/product"}],"wp:featuredmedia":[{"embeddable":true,"href":"https:\/\/aivlisoft.net\/shop\/wp-json\/wp\/v2\/media\/19213"}],"wp:attachment":[{"href":"https:\/\/aivlisoft.net\/shop\/wp-json\/wp\/v2\/media?parent=19212"}],"wp:term":[{"taxonomy":"product_brand","embeddable":true,"href":"https:\/\/aivlisoft.net\/shop\/wp-json\/wp\/v2\/product_brand?post=19212"},{"taxonomy":"product_cat","embeddable":true,"href":"https:\/\/aivlisoft.net\/shop\/wp-json\/wp\/v2\/product_cat?post=19212"},{"taxonomy":"product_tag","embeddable":true,"href":"https:\/\/aivlisoft.net\/shop\/wp-json\/wp\/v2\/product_tag?post=19212"}],"curies":[{"name":"wp","href":"https:\/\/api.w.org\/{rel}","templated":true}]}}