{"id":19203,"date":"2025-01-13T15:29:55","date_gmt":"2025-01-13T15:29:55","guid":{"rendered":"https:\/\/aivlisoft.com\/?post_type=product&#038;p=19203"},"modified":"2025-01-14T19:57:34","modified_gmt":"2025-01-14T19:57:34","slug":"asus-xd5w-3pk-router-mesh-zenwifi6-ax3000","status":"publish","type":"product","link":"https:\/\/aivlisoft.net\/shop\/producto\/asus-xd5w-3pk-router-mesh-zenwifi6-ax3000\/","title":{"rendered":"Asus XD5(W-3PK) Router Mesh ZenWiFi6 AX3000"},"content":{"rendered":"<p><strong>&iexcl;Despeja la congesti&oacute;n WiFi y actualiza tu hogar con ZenWiFi!<\/strong><\/p>\n<p>Experimenta velocidades inal&aacute;mbricas ultrarr&aacute;pidas de <strong>hasta 3000 Mbps<\/strong> gracias a la tecnolog&iacute;a<strong> WiFi 6 de 160 MHz. <\/strong><\/p>\n<p>Adem&aacute;s, su dise&ntilde;o ic&oacute;nico es compatible con montaje en pared, lo que te permite colocarlo en cualquier lugar.<\/p>\n<p>La configuraci&oacute;n es f&aacute;cil con la aplicaci&oacute;n ASUS Router y la seguridad basada en la nube de por vida de<strong> Trend Micro&trade;<\/strong> protege tus dispositivos conectados.<\/p>\n<p>Y si necesitas m&aacute;s cobertura, ZenWiFi es <strong>compatible con AiMesh<\/strong> para crear un sistema WiFi flexible y potente.<\/p>\n<p>&nbsp;<\/p>\n<table class=\"tabla_caracteristicas k-table\" width=\"100%\">\n<tr>\n<td valign=\"top\" width=\"35%\"><strong>Marca<\/strong><\/td>\n<td valign=\"top\" width=\"65%\"><strong>Asus<\/strong><\/td>\n<\/tr>\n<tr>\n<td valign=\"top\" width=\"35%\"><strong>Modelo<\/strong><\/td>\n<td valign=\"top\" width=\"65%\"><strong>90IG0750-MO3B20<\/strong><\/td>\n<\/tr>\n<tr>\n<td valign=\"top\" width=\"35%\"><strong>Especificaciones<\/strong><\/td>\n<td valign=\"top\" width=\"65%\">\n<div><strong>Interfaces<\/strong><br \/>\t\t\t&#8211; 1x RJ45 para Gigabit BaseT para WAN\/LAN<br \/>\t\t\t&#8211; 1x RJ45 para Gigabit BaseT para LAN<br \/>\t\t\t&#8211; 2x Antena interna Dual Band<br \/>\t\t\t<strong>Transferencias<\/strong><br \/>\t\t\t&#8211; Hasta 300 Mbps<br \/>\t\t\t<strong>Tipo de conexi&oacute;n a Internet<br \/>\t\t\t&#8211; <\/strong>PPPoE, PPTP, L2TP, Automatic IP, Static IP<br \/>\t\t\t<strong>Cifrado<br \/>\t\t\t&#8211; <\/strong>WPA3-Personal, WPA\/WPA2\/WPA3-Personal, WPA\/WPA2-Enterprise, WPS support,<strong> <\/strong>VPN<br \/>\t\t\t<strong>Procesador <\/strong><br \/>\t\t\t&#8211; 1.7 GHz quad-core processor<br \/>\t\t\t<strong>Memoria<\/strong><br \/>\t\t\t&#8211; 128 MB Flash<br \/>\t\t\t&#8211; 512 MB RAM<br \/>\t\t\t<strong>Frecuencias<\/strong>\t\t\t<\/p>\n<div class=\"TechSpec__rowTableTitle__3GLj4\">\n<div class=\"TechSpec__rowTableItems__KYWXp\" style=\"flex-basis: 924px;\">&#8211; 2.4 G Hz<br \/>\t\t\t&#8211; 5 GHz<br \/>\t\t\t<strong>Botones<\/strong>\t\t\t<\/p>\n<div class=\"TechSpec__rowTableTitle__3GLj4\">\n<div class=\"TechSpec__rowTableItems__KYWXp\" style=\"flex-basis: 924px;\">&#8211; WPS<br \/>\t\t\t&#8211; Reset<\/div>\n<\/p><\/div>\n<\/p><\/div>\n<\/p><\/div>\n<\/p><\/div>\n<\/td>\n<\/tr>\n<tr>\n<td valign=\"top\" width=\"35%\"><strong>Otras caracter&iacute;sticas<\/strong><\/td>\n<td valign=\"top\" width=\"65%\">\n<div>\n<div class=\"TechSpec__rowTableTitle__3GLj4\">\n<div class=\"TechSpec__rowTableItems__KYWXp\" style=\"flex-basis: 924px;\">\n<div class=\"TechSpec__rowTableTitle__3GLj4\">\n<div class=\"TechSpec__rowTableItems__KYWXp\" style=\"flex-basis: 924px;\"><strong>&#8211; <\/strong>Compatible con Alexa<br \/>\t\t\t&#8211; MIMO technology<br \/>\t\t\t&#8211; AiProtection Classic<\/div>\n<\/p><\/div>\n<p>\t\t\t&#8211; Control parental<\/p><\/div>\n<\/p><\/div>\n<p>\t\t\t&#8211; Control del tr&aacute;fico<br \/>\t\t\t<strong>Alimentaci&oacute;n<\/strong><br \/>\t\t\t&#8211; AC Input : 110V~240V(50~60Hz)<br \/>\t\t\t&#8211; DC Output : 12 V with max. 1.5 A current<br \/>\t\t\t<strong>Peso: <\/strong> 307 g<\/div>\n<\/td>\n<\/tr>\n<tr>\n<td valign=\"top\" width=\"35%\"><strong>Fecha de revisi&oacute;n<\/strong><\/td>\n<td valign=\"top\" width=\"65%\">29-03-2023 por HBG<\/td>\n<\/tr>\n<\/table>\n","protected":false},"excerpt":{"rendered":"<p>&iexcl;Despeja la congesti&oacute;n WiFi y actualiza tu hogar con ZenWiFi! Experimenta velocidades inal&aacute;mbricas ultrarr&aacute;pidas de hasta 3000 Mbps gracias a la tecnolog&iacute;a WiFi 6 de 160 MHz. Adem&aacute;s, su dise&ntilde;o ic&oacute;nico es compatible con montaje en pared, lo que te permite colocarlo en cualquier lugar. La configuraci&oacute;n es f&aacute;cil con la aplicaci&oacute;n ASUS Router y&hellip;&nbsp;<a href=\"https:\/\/aivlisoft.net\/shop\/producto\/asus-xd5w-3pk-router-mesh-zenwifi6-ax3000\/\" rel=\"bookmark\"><span class=\"screen-reader-text\">Asus XD5(W-3PK) Router Mesh ZenWiFi6 AX3000<\/span><\/a><\/p>\n","protected":false},"featured_media":19204,"template":"","meta":{"neve_meta_sidebar":"","neve_meta_container":"","neve_meta_enable_content_width":"","neve_meta_content_width":0,"neve_meta_title_alignment":"","neve_meta_author_avatar":"","neve_post_elements_order":"","neve_meta_disable_header":"","neve_meta_disable_footer":"","neve_meta_disable_title":""},"product_brand":[],"product_cat":[15,8768,6832],"product_tag":[6949],"class_list":{"0":"post-19203","1":"product","2":"type-product","3":"status-publish","4":"has-post-thumbnail","6":"product_cat-sin-categorizar","7":"product_cat-routers-adsl","8":"product_cat-routers-modems","9":"product_tag-90ig0750-mo3b20","11":"first","12":"instock","13":"taxable","14":"shipping-taxable","15":"purchasable","16":"product-type-simple"},"yoast_head":"<!-- This site is optimized with the Yoast SEO plugin v26.0 - https:\/\/yoast.com\/wordpress\/plugins\/seo\/ -->\n<title>Asus XD5(W-3PK) Router Mesh ZenWiFi6 AX3000 - Aivlisoft Inform\u00e1tica<\/title>\n<meta name=\"robots\" content=\"index, follow, max-snippet:-1, max-image-preview:large, max-video-preview:-1\" \/>\n<link rel=\"canonical\" href=\"https:\/\/aivlisoft.net\/shop\/producto\/asus-xd5w-3pk-router-mesh-zenwifi6-ax3000\/\" \/>\n<meta property=\"og:locale\" content=\"es_ES\" \/>\n<meta property=\"og:type\" content=\"article\" \/>\n<meta property=\"og:title\" content=\"Asus XD5(W-3PK) Router Mesh ZenWiFi6 AX3000 - Aivlisoft Inform\u00e1tica\" \/>\n<meta property=\"og:description\" content=\"&iexcl;Despeja la congesti&oacute;n WiFi y actualiza tu hogar con ZenWiFi! Experimenta velocidades inal&aacute;mbricas ultrarr&aacute;pidas de hasta 3000 Mbps gracias a la tecnolog&iacute;a WiFi 6 de 160 MHz. Adem&aacute;s, su dise&ntilde;o ic&oacute;nico es compatible con montaje en pared, lo que te permite colocarlo en cualquier lugar. La configuraci&oacute;n es f&aacute;cil con la aplicaci&oacute;n ASUS Router y&hellip;&nbsp;Asus XD5(W-3PK) Router Mesh ZenWiFi6 AX3000\" \/>\n<meta property=\"og:url\" content=\"https:\/\/aivlisoft.net\/shop\/producto\/asus-xd5w-3pk-router-mesh-zenwifi6-ax3000\/\" \/>\n<meta property=\"og:site_name\" content=\"Aivlisoft Inform\u00e1tica\" \/>\n<meta property=\"article:modified_time\" content=\"2025-01-14T19:57:34+00:00\" \/>\n<meta property=\"og:image\" content=\"https:\/\/aivlisoft.net\/shop\/wp-content\/uploads\/2025\/01\/NROINA0382_800.jpg\" \/>\n\t<meta property=\"og:image:width\" content=\"800\" \/>\n\t<meta property=\"og:image:height\" content=\"800\" \/>\n\t<meta property=\"og:image:type\" content=\"image\/jpeg\" \/>\n<meta name=\"twitter:card\" content=\"summary_large_image\" \/>\n<meta name=\"twitter:label1\" content=\"Tiempo de lectura\" \/>\n\t<meta name=\"twitter:data1\" content=\"1 minuto\" \/>\n<script type=\"application\/ld+json\" class=\"yoast-schema-graph\">{\"@context\":\"https:\/\/schema.org\",\"@graph\":[{\"@type\":\"WebPage\",\"@id\":\"https:\/\/aivlisoft.net\/shop\/producto\/asus-xd5w-3pk-router-mesh-zenwifi6-ax3000\/\",\"url\":\"https:\/\/aivlisoft.net\/shop\/producto\/asus-xd5w-3pk-router-mesh-zenwifi6-ax3000\/\",\"name\":\"Asus XD5(W-3PK) Router Mesh ZenWiFi6 AX3000 - Aivlisoft Inform\u00e1tica\",\"isPartOf\":{\"@id\":\"https:\/\/aivlisoft.net\/shop\/#website\"},\"primaryImageOfPage\":{\"@id\":\"https:\/\/aivlisoft.net\/shop\/producto\/asus-xd5w-3pk-router-mesh-zenwifi6-ax3000\/#primaryimage\"},\"image\":{\"@id\":\"https:\/\/aivlisoft.net\/shop\/producto\/asus-xd5w-3pk-router-mesh-zenwifi6-ax3000\/#primaryimage\"},\"thumbnailUrl\":\"https:\/\/aivlisoft.net\/shop\/wp-content\/uploads\/2025\/01\/NROINA0382_800.jpg\",\"datePublished\":\"2025-01-13T15:29:55+00:00\",\"dateModified\":\"2025-01-14T19:57:34+00:00\",\"breadcrumb\":{\"@id\":\"https:\/\/aivlisoft.net\/shop\/producto\/asus-xd5w-3pk-router-mesh-zenwifi6-ax3000\/#breadcrumb\"},\"inLanguage\":\"es\",\"potentialAction\":[{\"@type\":\"ReadAction\",\"target\":[\"https:\/\/aivlisoft.net\/shop\/producto\/asus-xd5w-3pk-router-mesh-zenwifi6-ax3000\/\"]}]},{\"@type\":\"ImageObject\",\"inLanguage\":\"es\",\"@id\":\"https:\/\/aivlisoft.net\/shop\/producto\/asus-xd5w-3pk-router-mesh-zenwifi6-ax3000\/#primaryimage\",\"url\":\"https:\/\/aivlisoft.net\/shop\/wp-content\/uploads\/2025\/01\/NROINA0382_800.jpg\",\"contentUrl\":\"https:\/\/aivlisoft.net\/shop\/wp-content\/uploads\/2025\/01\/NROINA0382_800.jpg\",\"width\":800,\"height\":800},{\"@type\":\"BreadcrumbList\",\"@id\":\"https:\/\/aivlisoft.net\/shop\/producto\/asus-xd5w-3pk-router-mesh-zenwifi6-ax3000\/#breadcrumb\",\"itemListElement\":[{\"@type\":\"ListItem\",\"position\":1,\"name\":\"Portada\",\"item\":\"https:\/\/aivlisoft.net\/shop\/\"},{\"@type\":\"ListItem\",\"position\":2,\"name\":\"Tienda\",\"item\":\"https:\/\/aivlisoft.net\/shop\/tienda\/\"},{\"@type\":\"ListItem\",\"position\":3,\"name\":\"Asus XD5(W-3PK) Router Mesh ZenWiFi6 AX3000\"}]},{\"@type\":\"WebSite\",\"@id\":\"https:\/\/aivlisoft.net\/shop\/#website\",\"url\":\"https:\/\/aivlisoft.net\/shop\/\",\"name\":\"Aivlisoft Inform\u00e1tica\",\"description\":\"En Aivlisoft Inform\u00e1tica ofrecemos soluciones tecnol\u00f3gicas para empresas: venta de ordenadores, consumibles, perif\u00e9ricos y m\u00e1s. Calidad, atenci\u00f3n personalizada y los mejores precios para tu negocio.\",\"publisher\":{\"@id\":\"https:\/\/aivlisoft.net\/shop\/#organization\"},\"potentialAction\":[{\"@type\":\"SearchAction\",\"target\":{\"@type\":\"EntryPoint\",\"urlTemplate\":\"https:\/\/aivlisoft.net\/shop\/?s={search_term_string}\"},\"query-input\":{\"@type\":\"PropertyValueSpecification\",\"valueRequired\":true,\"valueName\":\"search_term_string\"}}],\"inLanguage\":\"es\"},{\"@type\":\"Organization\",\"@id\":\"https:\/\/aivlisoft.net\/shop\/#organization\",\"name\":\"Aivlisoft Inform\u00e1tica\",\"url\":\"https:\/\/aivlisoft.net\/shop\/\",\"logo\":{\"@type\":\"ImageObject\",\"inLanguage\":\"es\",\"@id\":\"https:\/\/aivlisoft.net\/shop\/#\/schema\/logo\/image\/\",\"url\":\"https:\/\/aivlisoft.net\/shop\/wp-content\/uploads\/2024\/12\/removal.ai_5b848c54-0cdf-4140-95c5-c5536bb7573b-logodef.png\",\"contentUrl\":\"https:\/\/aivlisoft.net\/shop\/wp-content\/uploads\/2024\/12\/removal.ai_5b848c54-0cdf-4140-95c5-c5536bb7573b-logodef.png\",\"width\":484,\"height\":182,\"caption\":\"Aivlisoft Inform\u00e1tica\"},\"image\":{\"@id\":\"https:\/\/aivlisoft.net\/shop\/#\/schema\/logo\/image\/\"}}]}<\/script>\n<!-- \/ Yoast SEO plugin. -->","yoast_head_json":{"title":"Asus XD5(W-3PK) Router Mesh ZenWiFi6 AX3000 - Aivlisoft Inform\u00e1tica","robots":{"index":"index","follow":"follow","max-snippet":"max-snippet:-1","max-image-preview":"max-image-preview:large","max-video-preview":"max-video-preview:-1"},"canonical":"https:\/\/aivlisoft.net\/shop\/producto\/asus-xd5w-3pk-router-mesh-zenwifi6-ax3000\/","og_locale":"es_ES","og_type":"article","og_title":"Asus XD5(W-3PK) Router Mesh ZenWiFi6 AX3000 - Aivlisoft Inform\u00e1tica","og_description":"&iexcl;Despeja la congesti&oacute;n WiFi y actualiza tu hogar con ZenWiFi! Experimenta velocidades inal&aacute;mbricas ultrarr&aacute;pidas de hasta 3000 Mbps gracias a la tecnolog&iacute;a WiFi 6 de 160 MHz. Adem&aacute;s, su dise&ntilde;o ic&oacute;nico es compatible con montaje en pared, lo que te permite colocarlo en cualquier lugar. La configuraci&oacute;n es f&aacute;cil con la aplicaci&oacute;n ASUS Router y&hellip;&nbsp;Asus XD5(W-3PK) Router Mesh ZenWiFi6 AX3000","og_url":"https:\/\/aivlisoft.net\/shop\/producto\/asus-xd5w-3pk-router-mesh-zenwifi6-ax3000\/","og_site_name":"Aivlisoft Inform\u00e1tica","article_modified_time":"2025-01-14T19:57:34+00:00","og_image":[{"width":800,"height":800,"url":"https:\/\/aivlisoft.net\/shop\/wp-content\/uploads\/2025\/01\/NROINA0382_800.jpg","type":"image\/jpeg"}],"twitter_card":"summary_large_image","twitter_misc":{"Tiempo de lectura":"1 minuto"},"schema":{"@context":"https:\/\/schema.org","@graph":[{"@type":"WebPage","@id":"https:\/\/aivlisoft.net\/shop\/producto\/asus-xd5w-3pk-router-mesh-zenwifi6-ax3000\/","url":"https:\/\/aivlisoft.net\/shop\/producto\/asus-xd5w-3pk-router-mesh-zenwifi6-ax3000\/","name":"Asus XD5(W-3PK) Router Mesh ZenWiFi6 AX3000 - Aivlisoft Inform\u00e1tica","isPartOf":{"@id":"https:\/\/aivlisoft.net\/shop\/#website"},"primaryImageOfPage":{"@id":"https:\/\/aivlisoft.net\/shop\/producto\/asus-xd5w-3pk-router-mesh-zenwifi6-ax3000\/#primaryimage"},"image":{"@id":"https:\/\/aivlisoft.net\/shop\/producto\/asus-xd5w-3pk-router-mesh-zenwifi6-ax3000\/#primaryimage"},"thumbnailUrl":"https:\/\/aivlisoft.net\/shop\/wp-content\/uploads\/2025\/01\/NROINA0382_800.jpg","datePublished":"2025-01-13T15:29:55+00:00","dateModified":"2025-01-14T19:57:34+00:00","breadcrumb":{"@id":"https:\/\/aivlisoft.net\/shop\/producto\/asus-xd5w-3pk-router-mesh-zenwifi6-ax3000\/#breadcrumb"},"inLanguage":"es","potentialAction":[{"@type":"ReadAction","target":["https:\/\/aivlisoft.net\/shop\/producto\/asus-xd5w-3pk-router-mesh-zenwifi6-ax3000\/"]}]},{"@type":"ImageObject","inLanguage":"es","@id":"https:\/\/aivlisoft.net\/shop\/producto\/asus-xd5w-3pk-router-mesh-zenwifi6-ax3000\/#primaryimage","url":"https:\/\/aivlisoft.net\/shop\/wp-content\/uploads\/2025\/01\/NROINA0382_800.jpg","contentUrl":"https:\/\/aivlisoft.net\/shop\/wp-content\/uploads\/2025\/01\/NROINA0382_800.jpg","width":800,"height":800},{"@type":"BreadcrumbList","@id":"https:\/\/aivlisoft.net\/shop\/producto\/asus-xd5w-3pk-router-mesh-zenwifi6-ax3000\/#breadcrumb","itemListElement":[{"@type":"ListItem","position":1,"name":"Portada","item":"https:\/\/aivlisoft.net\/shop\/"},{"@type":"ListItem","position":2,"name":"Tienda","item":"https:\/\/aivlisoft.net\/shop\/tienda\/"},{"@type":"ListItem","position":3,"name":"Asus XD5(W-3PK) Router Mesh ZenWiFi6 AX3000"}]},{"@type":"WebSite","@id":"https:\/\/aivlisoft.net\/shop\/#website","url":"https:\/\/aivlisoft.net\/shop\/","name":"Aivlisoft Inform\u00e1tica","description":"En Aivlisoft Inform\u00e1tica ofrecemos soluciones tecnol\u00f3gicas para empresas: venta de ordenadores, consumibles, perif\u00e9ricos y m\u00e1s. Calidad, atenci\u00f3n personalizada y los mejores precios para tu negocio.","publisher":{"@id":"https:\/\/aivlisoft.net\/shop\/#organization"},"potentialAction":[{"@type":"SearchAction","target":{"@type":"EntryPoint","urlTemplate":"https:\/\/aivlisoft.net\/shop\/?s={search_term_string}"},"query-input":{"@type":"PropertyValueSpecification","valueRequired":true,"valueName":"search_term_string"}}],"inLanguage":"es"},{"@type":"Organization","@id":"https:\/\/aivlisoft.net\/shop\/#organization","name":"Aivlisoft Inform\u00e1tica","url":"https:\/\/aivlisoft.net\/shop\/","logo":{"@type":"ImageObject","inLanguage":"es","@id":"https:\/\/aivlisoft.net\/shop\/#\/schema\/logo\/image\/","url":"https:\/\/aivlisoft.net\/shop\/wp-content\/uploads\/2024\/12\/removal.ai_5b848c54-0cdf-4140-95c5-c5536bb7573b-logodef.png","contentUrl":"https:\/\/aivlisoft.net\/shop\/wp-content\/uploads\/2024\/12\/removal.ai_5b848c54-0cdf-4140-95c5-c5536bb7573b-logodef.png","width":484,"height":182,"caption":"Aivlisoft Inform\u00e1tica"},"image":{"@id":"https:\/\/aivlisoft.net\/shop\/#\/schema\/logo\/image\/"}}]}},"_links":{"self":[{"href":"https:\/\/aivlisoft.net\/shop\/wp-json\/wp\/v2\/product\/19203","targetHints":{"allow":["GET"]}}],"collection":[{"href":"https:\/\/aivlisoft.net\/shop\/wp-json\/wp\/v2\/product"}],"about":[{"href":"https:\/\/aivlisoft.net\/shop\/wp-json\/wp\/v2\/types\/product"}],"wp:featuredmedia":[{"embeddable":true,"href":"https:\/\/aivlisoft.net\/shop\/wp-json\/wp\/v2\/media\/19204"}],"wp:attachment":[{"href":"https:\/\/aivlisoft.net\/shop\/wp-json\/wp\/v2\/media?parent=19203"}],"wp:term":[{"taxonomy":"product_brand","embeddable":true,"href":"https:\/\/aivlisoft.net\/shop\/wp-json\/wp\/v2\/product_brand?post=19203"},{"taxonomy":"product_cat","embeddable":true,"href":"https:\/\/aivlisoft.net\/shop\/wp-json\/wp\/v2\/product_cat?post=19203"},{"taxonomy":"product_tag","embeddable":true,"href":"https:\/\/aivlisoft.net\/shop\/wp-json\/wp\/v2\/product_tag?post=19203"}],"curies":[{"name":"wp","href":"https:\/\/api.w.org\/{rel}","templated":true}]}}