{"id":19199,"date":"2025-01-13T15:29:53","date_gmt":"2025-01-13T15:29:53","guid":{"rendered":"https:\/\/aivlisoft.com\/?post_type=product&#038;p=19199"},"modified":"2025-01-14T19:57:35","modified_gmt":"2025-01-14T19:57:35","slug":"asus-xd5w-2pk-router-mesh-zenwifi6-ax3000","status":"publish","type":"product","link":"https:\/\/aivlisoft.net\/shop\/producto\/asus-xd5w-2pk-router-mesh-zenwifi6-ax3000\/","title":{"rendered":"Asus XD5(W-2PK) Router Mesh ZenWiFi6 AX3000"},"content":{"rendered":"<p><\/p>\n<p>&nbsp;<\/p>\n<table class=\"tabla_caracteristicas k-table\" width=\"100%\">\n<tr>\n<td valign=\"top\"><strong>Marca<\/strong><\/td>\n<td>Asus<\/td>\n<\/tr>\n<tr>\n<td valign=\"top\"><strong>Modelo<\/strong><\/td>\n<td>\n<div><strong>90IG0750-MO3B40<\/strong><\/div>\n<\/td>\n<\/tr>\n<tr>\n<td valign=\"top\">\n<p><b>Caracter&iacute;sticas<br \/>\t\t\tde hardware<\/b><\/p>\n<\/td>\n<td>&#8211; Modelo: XD5 (W-2-PK)<br \/>\t\t\t&#8211; Rendimiento m&aacute;ximo de AX3000 AX: 2402 Mbps+ 574 Mbps<br \/>\t\t\t&#8211; Tecnolog&iacute;a AX<br \/>\t\t\t&#8211; Antenas internas: 2<br \/>\t\t\t&#8211; Transmisi&oacute;n \/ Recepci&oacute;n: 2.4GHz (2&#215;2), 5GHz (2&#215;2)<br \/>\t\t\t&#8211; Boosts speed: Tecnolog&iacute;a MIMO<br \/>\t\t\t&#8211; AiMesh: AiMesh \/ Primary AiMesh router \/ AiMesh node<br \/>\t\t\t&#8211; Indicador LED: Power<br \/>\t\t\t&#8211; Boton: WPS \/ Reset<br \/>\t\t\t&#8211; Alimentaci&oacute;n Entrada de CA: 110 V~240 V (50~60 Hz)<br \/>\t\t\t&#8211; Alimentaci&oacute;n Salida de CC: 12 V con una corriente m&aacute;xima de 1,5 A<\/td>\n<\/tr>\n<tr>\n<td valign=\"top\"><b>Caracter&iacute;sticas<br \/>\t\t\tinal&aacute;mbricas<\/b><\/td>\n<td>&#8211; IPv6<br \/>\t\t\t&#8211; IEEE 802.11a<br \/>\t\t\t&#8211; IEEE 802.11b<br \/>\t\t\t&#8211; IEEE 802.11g<br \/>\t\t\t&#8211; WiFi 4 (802.11n)<br \/>\t\t\t&#8211; WiFi 5 (802.11ac)<br \/>\t\t\t&#8211; WiFi 6 (802.11ax)<br \/>\t\t\t&#8211; IPv4<br \/>\t\t\t&#8211; IPv6<br \/>\t\t\t&#8211; Cifrado WiFi:WPA3-Personal, WPA\/WPA2\/WPA3-Personal, WPA\/WPA2-Enterprise, WPS support<br \/>\t\t\t&#8211; UTF-8 SSID<br \/>\t\t\t&#8211; Red de invitados<br \/>\t\t\t&#8211; Red de invitados con l&iacute;mite de tiempo de conexi&oacute;n<br \/>\t\t\t&#8211; WPS<\/td>\n<\/tr>\n<tr>\n<td valign=\"top\">\n<div><b>Caracter&iacute;sticas<br \/>\t\t\tde software<\/b><\/div>\n<\/td>\n<td>&#8211; Soporta Alexa<br \/>\t\t\t&#8211; AiProtection Classic<br \/>\t\t\t&#8211; Sitios maliciosos<br \/>\t\t\t&#8211; Prevenci&oacute;n y bloqueo de dispositivos infectados<br \/>\t\t\t&#8211; Control Parental<\/td>\n<\/tr>\n<tr>\n<td valign=\"top\">\n<div><b>Otras caracter&iacute;sticas<\/b><br \/>\t\t\t&nbsp;<\/div>\n<\/td>\n<td>&#8211; Monitor de ancho de banda<br \/>\t\t\t&#8211; Limitador de ancho de banda<br \/>\t\t\t&#8211; QoS tradicional<br \/>\t\t\t&#8211; Monitorde tr&aacute;fico en tiempo real<br \/>\t\t\t&#8211; Monitor de tr&aacute;fico con cable<br \/>\t\t\t&#8211; Monitor de tr&aacute;fico inal&aacute;mbrico<br \/>\t\t\t&#8211; Servidor DHCP<br \/>\t\t\t&#8211; IGMP snooping<br \/>\t\t\t&#8211; IPTV<br \/>\t\t\t&#8211; Asignar manualmente la direcci&oacute;n IP<br \/>\t\t\t&#8211; VPN Client L2TP<br \/>\t\t\t&#8211; VPN Client OVPN<br \/>\t\t\t&#8211; VPN Client PPTP<br \/>\t\t\t&#8211; VPN Server IPSec<br \/>\t\t\t&#8211; VPN Server OVPN<br \/>\t\t\t&#8211; VPN Server PPTP<br \/>\t\t\t&#8211; Tipo de conexi&oacute;n a Internet: PPPoE, PPTP, L2TP, IP autom&aacute;tica, IP est&aacute;tica<br \/>\t\t\t&#8211; Android<br \/>\t\t\t&#8211; Reenv&iacute;o de puertos<br \/>\t\t\t&#8211; Activaci&oacute;n de puertos<br \/>\t\t\t&#8211; DMZ<br \/>\t\t\t&#8211; DDNS<br \/>\t\t\t&#8211; NAT Passthrough: IP autom&aacute;tica, IP est&aacute;tica, PPPoE (compatible con MPPE), PPTP, L2TP<\/td>\n<\/tr>\n<tr>\n<td valign=\"top\"><strong>Fecha de revisi&oacute;n<\/strong><\/td>\n<td>23-03-2023 por RTY<\/td>\n<\/tr>\n<\/table>\n","protected":false},"excerpt":{"rendered":"<p>&nbsp; Marca Asus Modelo 90IG0750-MO3B40 Caracter&iacute;sticas de hardware &#8211; Modelo: XD5 (W-2-PK) &#8211; Rendimiento m&aacute;ximo de AX3000 AX: 2402 Mbps+ 574 Mbps &#8211; Tecnolog&iacute;a AX &#8211; Antenas internas: 2 &#8211; Transmisi&oacute;n \/ Recepci&oacute;n: 2.4GHz (2&#215;2), 5GHz (2&#215;2) &#8211; Boosts speed: Tecnolog&iacute;a MIMO &#8211; AiMesh: AiMesh \/ Primary AiMesh router \/ AiMesh node &#8211; Indicador LED:&hellip;&nbsp;<a href=\"https:\/\/aivlisoft.net\/shop\/producto\/asus-xd5w-2pk-router-mesh-zenwifi6-ax3000\/\" rel=\"bookmark\"><span class=\"screen-reader-text\">Asus XD5(W-2PK) Router Mesh ZenWiFi6 AX3000<\/span><\/a><\/p>\n","protected":false},"featured_media":19200,"template":"","meta":{"neve_meta_sidebar":"","neve_meta_container":"","neve_meta_enable_content_width":"","neve_meta_content_width":0,"neve_meta_title_alignment":"","neve_meta_author_avatar":"","neve_post_elements_order":"","neve_meta_disable_header":"","neve_meta_disable_footer":"","neve_meta_disable_title":""},"product_brand":[],"product_cat":[15,8768,6832],"product_tag":[6948],"class_list":{"0":"post-19199","1":"product","2":"type-product","3":"status-publish","4":"has-post-thumbnail","6":"product_cat-sin-categorizar","7":"product_cat-routers-adsl","8":"product_cat-routers-modems","9":"product_tag-90ig0750-mo3b40","11":"first","12":"instock","13":"taxable","14":"shipping-taxable","15":"purchasable","16":"product-type-simple"},"yoast_head":"<!-- This site is optimized with the Yoast SEO plugin v26.0 - https:\/\/yoast.com\/wordpress\/plugins\/seo\/ -->\n<title>Asus XD5(W-2PK) Router Mesh ZenWiFi6 AX3000 - Aivlisoft Inform\u00e1tica<\/title>\n<meta name=\"robots\" content=\"index, follow, max-snippet:-1, max-image-preview:large, max-video-preview:-1\" \/>\n<link rel=\"canonical\" href=\"https:\/\/aivlisoft.net\/shop\/producto\/asus-xd5w-2pk-router-mesh-zenwifi6-ax3000\/\" \/>\n<meta property=\"og:locale\" content=\"es_ES\" \/>\n<meta property=\"og:type\" content=\"article\" \/>\n<meta property=\"og:title\" content=\"Asus XD5(W-2PK) Router Mesh ZenWiFi6 AX3000 - Aivlisoft Inform\u00e1tica\" \/>\n<meta property=\"og:description\" content=\"&nbsp; Marca Asus Modelo 90IG0750-MO3B40 Caracter&iacute;sticas de hardware &#8211; Modelo: XD5 (W-2-PK) &#8211; Rendimiento m&aacute;ximo de AX3000 AX: 2402 Mbps+ 574 Mbps &#8211; Tecnolog&iacute;a AX &#8211; Antenas internas: 2 &#8211; Transmisi&oacute;n \/ Recepci&oacute;n: 2.4GHz (2&#215;2), 5GHz (2&#215;2) &#8211; Boosts speed: Tecnolog&iacute;a MIMO &#8211; AiMesh: AiMesh \/ Primary AiMesh router \/ AiMesh node &#8211; Indicador LED:&hellip;&nbsp;Asus XD5(W-2PK) Router Mesh ZenWiFi6 AX3000\" \/>\n<meta property=\"og:url\" content=\"https:\/\/aivlisoft.net\/shop\/producto\/asus-xd5w-2pk-router-mesh-zenwifi6-ax3000\/\" \/>\n<meta property=\"og:site_name\" content=\"Aivlisoft Inform\u00e1tica\" \/>\n<meta property=\"article:modified_time\" content=\"2025-01-14T19:57:35+00:00\" \/>\n<meta property=\"og:image\" content=\"https:\/\/aivlisoft.net\/shop\/wp-content\/uploads\/2025\/01\/NROINA0381_800.jpg\" \/>\n\t<meta property=\"og:image:width\" content=\"800\" \/>\n\t<meta property=\"og:image:height\" content=\"800\" \/>\n\t<meta property=\"og:image:type\" content=\"image\/jpeg\" \/>\n<meta name=\"twitter:card\" content=\"summary_large_image\" \/>\n<meta name=\"twitter:label1\" content=\"Tiempo de lectura\" \/>\n\t<meta name=\"twitter:data1\" content=\"2 minutos\" \/>\n<script type=\"application\/ld+json\" class=\"yoast-schema-graph\">{\"@context\":\"https:\/\/schema.org\",\"@graph\":[{\"@type\":\"WebPage\",\"@id\":\"https:\/\/aivlisoft.net\/shop\/producto\/asus-xd5w-2pk-router-mesh-zenwifi6-ax3000\/\",\"url\":\"https:\/\/aivlisoft.net\/shop\/producto\/asus-xd5w-2pk-router-mesh-zenwifi6-ax3000\/\",\"name\":\"Asus XD5(W-2PK) Router Mesh ZenWiFi6 AX3000 - Aivlisoft Inform\u00e1tica\",\"isPartOf\":{\"@id\":\"https:\/\/aivlisoft.net\/shop\/#website\"},\"primaryImageOfPage\":{\"@id\":\"https:\/\/aivlisoft.net\/shop\/producto\/asus-xd5w-2pk-router-mesh-zenwifi6-ax3000\/#primaryimage\"},\"image\":{\"@id\":\"https:\/\/aivlisoft.net\/shop\/producto\/asus-xd5w-2pk-router-mesh-zenwifi6-ax3000\/#primaryimage\"},\"thumbnailUrl\":\"https:\/\/aivlisoft.net\/shop\/wp-content\/uploads\/2025\/01\/NROINA0381_800.jpg\",\"datePublished\":\"2025-01-13T15:29:53+00:00\",\"dateModified\":\"2025-01-14T19:57:35+00:00\",\"breadcrumb\":{\"@id\":\"https:\/\/aivlisoft.net\/shop\/producto\/asus-xd5w-2pk-router-mesh-zenwifi6-ax3000\/#breadcrumb\"},\"inLanguage\":\"es\",\"potentialAction\":[{\"@type\":\"ReadAction\",\"target\":[\"https:\/\/aivlisoft.net\/shop\/producto\/asus-xd5w-2pk-router-mesh-zenwifi6-ax3000\/\"]}]},{\"@type\":\"ImageObject\",\"inLanguage\":\"es\",\"@id\":\"https:\/\/aivlisoft.net\/shop\/producto\/asus-xd5w-2pk-router-mesh-zenwifi6-ax3000\/#primaryimage\",\"url\":\"https:\/\/aivlisoft.net\/shop\/wp-content\/uploads\/2025\/01\/NROINA0381_800.jpg\",\"contentUrl\":\"https:\/\/aivlisoft.net\/shop\/wp-content\/uploads\/2025\/01\/NROINA0381_800.jpg\",\"width\":800,\"height\":800},{\"@type\":\"BreadcrumbList\",\"@id\":\"https:\/\/aivlisoft.net\/shop\/producto\/asus-xd5w-2pk-router-mesh-zenwifi6-ax3000\/#breadcrumb\",\"itemListElement\":[{\"@type\":\"ListItem\",\"position\":1,\"name\":\"Portada\",\"item\":\"https:\/\/aivlisoft.net\/shop\/\"},{\"@type\":\"ListItem\",\"position\":2,\"name\":\"Tienda\",\"item\":\"https:\/\/aivlisoft.net\/shop\/tienda\/\"},{\"@type\":\"ListItem\",\"position\":3,\"name\":\"Asus XD5(W-2PK) Router Mesh ZenWiFi6 AX3000\"}]},{\"@type\":\"WebSite\",\"@id\":\"https:\/\/aivlisoft.net\/shop\/#website\",\"url\":\"https:\/\/aivlisoft.net\/shop\/\",\"name\":\"Aivlisoft Inform\u00e1tica\",\"description\":\"En Aivlisoft Inform\u00e1tica ofrecemos soluciones tecnol\u00f3gicas para empresas: venta de ordenadores, consumibles, perif\u00e9ricos y m\u00e1s. Calidad, atenci\u00f3n personalizada y los mejores precios para tu negocio.\",\"publisher\":{\"@id\":\"https:\/\/aivlisoft.net\/shop\/#organization\"},\"potentialAction\":[{\"@type\":\"SearchAction\",\"target\":{\"@type\":\"EntryPoint\",\"urlTemplate\":\"https:\/\/aivlisoft.net\/shop\/?s={search_term_string}\"},\"query-input\":{\"@type\":\"PropertyValueSpecification\",\"valueRequired\":true,\"valueName\":\"search_term_string\"}}],\"inLanguage\":\"es\"},{\"@type\":\"Organization\",\"@id\":\"https:\/\/aivlisoft.net\/shop\/#organization\",\"name\":\"Aivlisoft Inform\u00e1tica\",\"url\":\"https:\/\/aivlisoft.net\/shop\/\",\"logo\":{\"@type\":\"ImageObject\",\"inLanguage\":\"es\",\"@id\":\"https:\/\/aivlisoft.net\/shop\/#\/schema\/logo\/image\/\",\"url\":\"https:\/\/aivlisoft.net\/shop\/wp-content\/uploads\/2024\/12\/removal.ai_5b848c54-0cdf-4140-95c5-c5536bb7573b-logodef.png\",\"contentUrl\":\"https:\/\/aivlisoft.net\/shop\/wp-content\/uploads\/2024\/12\/removal.ai_5b848c54-0cdf-4140-95c5-c5536bb7573b-logodef.png\",\"width\":484,\"height\":182,\"caption\":\"Aivlisoft Inform\u00e1tica\"},\"image\":{\"@id\":\"https:\/\/aivlisoft.net\/shop\/#\/schema\/logo\/image\/\"}}]}<\/script>\n<!-- \/ Yoast SEO plugin. -->","yoast_head_json":{"title":"Asus XD5(W-2PK) Router Mesh ZenWiFi6 AX3000 - Aivlisoft Inform\u00e1tica","robots":{"index":"index","follow":"follow","max-snippet":"max-snippet:-1","max-image-preview":"max-image-preview:large","max-video-preview":"max-video-preview:-1"},"canonical":"https:\/\/aivlisoft.net\/shop\/producto\/asus-xd5w-2pk-router-mesh-zenwifi6-ax3000\/","og_locale":"es_ES","og_type":"article","og_title":"Asus XD5(W-2PK) Router Mesh ZenWiFi6 AX3000 - Aivlisoft Inform\u00e1tica","og_description":"&nbsp; Marca Asus Modelo 90IG0750-MO3B40 Caracter&iacute;sticas de hardware &#8211; Modelo: XD5 (W-2-PK) &#8211; Rendimiento m&aacute;ximo de AX3000 AX: 2402 Mbps+ 574 Mbps &#8211; Tecnolog&iacute;a AX &#8211; Antenas internas: 2 &#8211; Transmisi&oacute;n \/ Recepci&oacute;n: 2.4GHz (2&#215;2), 5GHz (2&#215;2) &#8211; Boosts speed: Tecnolog&iacute;a MIMO &#8211; AiMesh: AiMesh \/ Primary AiMesh router \/ AiMesh node &#8211; Indicador LED:&hellip;&nbsp;Asus XD5(W-2PK) Router Mesh ZenWiFi6 AX3000","og_url":"https:\/\/aivlisoft.net\/shop\/producto\/asus-xd5w-2pk-router-mesh-zenwifi6-ax3000\/","og_site_name":"Aivlisoft Inform\u00e1tica","article_modified_time":"2025-01-14T19:57:35+00:00","og_image":[{"width":800,"height":800,"url":"https:\/\/aivlisoft.net\/shop\/wp-content\/uploads\/2025\/01\/NROINA0381_800.jpg","type":"image\/jpeg"}],"twitter_card":"summary_large_image","twitter_misc":{"Tiempo de lectura":"2 minutos"},"schema":{"@context":"https:\/\/schema.org","@graph":[{"@type":"WebPage","@id":"https:\/\/aivlisoft.net\/shop\/producto\/asus-xd5w-2pk-router-mesh-zenwifi6-ax3000\/","url":"https:\/\/aivlisoft.net\/shop\/producto\/asus-xd5w-2pk-router-mesh-zenwifi6-ax3000\/","name":"Asus XD5(W-2PK) Router Mesh ZenWiFi6 AX3000 - Aivlisoft Inform\u00e1tica","isPartOf":{"@id":"https:\/\/aivlisoft.net\/shop\/#website"},"primaryImageOfPage":{"@id":"https:\/\/aivlisoft.net\/shop\/producto\/asus-xd5w-2pk-router-mesh-zenwifi6-ax3000\/#primaryimage"},"image":{"@id":"https:\/\/aivlisoft.net\/shop\/producto\/asus-xd5w-2pk-router-mesh-zenwifi6-ax3000\/#primaryimage"},"thumbnailUrl":"https:\/\/aivlisoft.net\/shop\/wp-content\/uploads\/2025\/01\/NROINA0381_800.jpg","datePublished":"2025-01-13T15:29:53+00:00","dateModified":"2025-01-14T19:57:35+00:00","breadcrumb":{"@id":"https:\/\/aivlisoft.net\/shop\/producto\/asus-xd5w-2pk-router-mesh-zenwifi6-ax3000\/#breadcrumb"},"inLanguage":"es","potentialAction":[{"@type":"ReadAction","target":["https:\/\/aivlisoft.net\/shop\/producto\/asus-xd5w-2pk-router-mesh-zenwifi6-ax3000\/"]}]},{"@type":"ImageObject","inLanguage":"es","@id":"https:\/\/aivlisoft.net\/shop\/producto\/asus-xd5w-2pk-router-mesh-zenwifi6-ax3000\/#primaryimage","url":"https:\/\/aivlisoft.net\/shop\/wp-content\/uploads\/2025\/01\/NROINA0381_800.jpg","contentUrl":"https:\/\/aivlisoft.net\/shop\/wp-content\/uploads\/2025\/01\/NROINA0381_800.jpg","width":800,"height":800},{"@type":"BreadcrumbList","@id":"https:\/\/aivlisoft.net\/shop\/producto\/asus-xd5w-2pk-router-mesh-zenwifi6-ax3000\/#breadcrumb","itemListElement":[{"@type":"ListItem","position":1,"name":"Portada","item":"https:\/\/aivlisoft.net\/shop\/"},{"@type":"ListItem","position":2,"name":"Tienda","item":"https:\/\/aivlisoft.net\/shop\/tienda\/"},{"@type":"ListItem","position":3,"name":"Asus XD5(W-2PK) Router Mesh ZenWiFi6 AX3000"}]},{"@type":"WebSite","@id":"https:\/\/aivlisoft.net\/shop\/#website","url":"https:\/\/aivlisoft.net\/shop\/","name":"Aivlisoft Inform\u00e1tica","description":"En Aivlisoft Inform\u00e1tica ofrecemos soluciones tecnol\u00f3gicas para empresas: venta de ordenadores, consumibles, perif\u00e9ricos y m\u00e1s. Calidad, atenci\u00f3n personalizada y los mejores precios para tu negocio.","publisher":{"@id":"https:\/\/aivlisoft.net\/shop\/#organization"},"potentialAction":[{"@type":"SearchAction","target":{"@type":"EntryPoint","urlTemplate":"https:\/\/aivlisoft.net\/shop\/?s={search_term_string}"},"query-input":{"@type":"PropertyValueSpecification","valueRequired":true,"valueName":"search_term_string"}}],"inLanguage":"es"},{"@type":"Organization","@id":"https:\/\/aivlisoft.net\/shop\/#organization","name":"Aivlisoft Inform\u00e1tica","url":"https:\/\/aivlisoft.net\/shop\/","logo":{"@type":"ImageObject","inLanguage":"es","@id":"https:\/\/aivlisoft.net\/shop\/#\/schema\/logo\/image\/","url":"https:\/\/aivlisoft.net\/shop\/wp-content\/uploads\/2024\/12\/removal.ai_5b848c54-0cdf-4140-95c5-c5536bb7573b-logodef.png","contentUrl":"https:\/\/aivlisoft.net\/shop\/wp-content\/uploads\/2024\/12\/removal.ai_5b848c54-0cdf-4140-95c5-c5536bb7573b-logodef.png","width":484,"height":182,"caption":"Aivlisoft Inform\u00e1tica"},"image":{"@id":"https:\/\/aivlisoft.net\/shop\/#\/schema\/logo\/image\/"}}]}},"_links":{"self":[{"href":"https:\/\/aivlisoft.net\/shop\/wp-json\/wp\/v2\/product\/19199","targetHints":{"allow":["GET"]}}],"collection":[{"href":"https:\/\/aivlisoft.net\/shop\/wp-json\/wp\/v2\/product"}],"about":[{"href":"https:\/\/aivlisoft.net\/shop\/wp-json\/wp\/v2\/types\/product"}],"wp:featuredmedia":[{"embeddable":true,"href":"https:\/\/aivlisoft.net\/shop\/wp-json\/wp\/v2\/media\/19200"}],"wp:attachment":[{"href":"https:\/\/aivlisoft.net\/shop\/wp-json\/wp\/v2\/media?parent=19199"}],"wp:term":[{"taxonomy":"product_brand","embeddable":true,"href":"https:\/\/aivlisoft.net\/shop\/wp-json\/wp\/v2\/product_brand?post=19199"},{"taxonomy":"product_cat","embeddable":true,"href":"https:\/\/aivlisoft.net\/shop\/wp-json\/wp\/v2\/product_cat?post=19199"},{"taxonomy":"product_tag","embeddable":true,"href":"https:\/\/aivlisoft.net\/shop\/wp-json\/wp\/v2\/product_tag?post=19199"}],"curies":[{"name":"wp","href":"https:\/\/api.w.org\/{rel}","templated":true}]}}