{"id":19189,"date":"2025-01-13T15:29:49","date_gmt":"2025-01-13T15:29:49","guid":{"rendered":"https:\/\/aivlisoft.com\/?post_type=product&#038;p=19189"},"modified":"2025-01-14T19:57:36","modified_gmt":"2025-01-14T19:57:36","slug":"asus-rt-ax86u-pro-gaming-router-ax5700-wifi6-dual","status":"publish","type":"product","link":"https:\/\/aivlisoft.net\/shop\/producto\/asus-rt-ax86u-pro-gaming-router-ax5700-wifi6-dual\/","title":{"rendered":"Asus RT-AX86U Pro  Gaming Router AX5700 WiFi6 Dual"},"content":{"rendered":"<p>El Asus RT-AX86U Pro es un router que ofrece velocidades Wi-Fi ultrarr&aacute;pidas de hasta 5700 Mbps y est&aacute; repleto de tecnolog&iacute;a avanzada, incluido el modo de juego m&oacute;vil para una experiencia de juego m&oacute;vil de baja latencia y sin retrasos.<\/p>\n<p>&nbsp;<\/p>\n<table class=\"tabla_caracteristicas k-table\" width=\"100%\">\n<tr>\n<td valign=\"top\"><strong>Marca<\/strong><\/td>\n<td>Asus<\/td>\n<\/tr>\n<tr>\n<td valign=\"top\"><strong>Modelo<\/strong><\/td>\n<td>\n<div><strong>90IG07N0-MO3B00<\/strong><\/div>\n<\/td>\n<\/tr>\n<tr>\n<td valign=\"top\">\n<p><b>Caracter&iacute;sticas<br \/>\t\t\tde hardware<\/b><\/p>\n<\/td>\n<td>&#8211; Procesador: 4 n&uacute;cleos a 2,0 GHz<br \/>\t\t\t&#8211; Memoria: Flash de 256 MB \/ RAM 1GB<br \/>\t\t\t&#8211; Antenas: 3 x externas<br \/>\t\t\t&#8211; AX technology: S&iacute;<br \/>\t\t\t&#8211; Frecuencia de operaci&oacute;n: 2,4 GHz\/5 GHz<br \/>\t\t\t&#8211; Velocidad de datos 802.11a : hasta 54 Mbps<br \/>\t\t\t&#8211; Velocidad de datos 802.11b : hasta 11 Mbps<br \/>\t\t\t&#8211; Velocidad de datos 802.11g : hasta 54 Mbps<br \/>\t\t\t&#8211; Velocidad de datos WiFi 4 (802.11n) : hasta 450 Mbps<br \/>\t\t\t&#8211; Velocidad de datos WiFi 4 (802.11n) (1024QAM) : hasta 750 Mbps<br \/>\t\t\t&#8211; Velocidad de datos WiFi 5 (802.11 ac) (1024QAM): hasta 4333 Mbps<br \/>\t\t\t&#8211; Velocidad de datos WiFi 6 (802.11ax) (2,4 GHz): hasta 861 Mbps<br \/>\t\t\t&#8211; Velocidad de datos WiFi 6 (802.11ax) (5 GHz): hasta 4804 Mbps<br \/>\t\t\t&#8211; Boosts Speed: OFDMA \/ Alta velocidad de datos 1024-QAM \/ Ancho de banda de 20\/40\/80\/160 MHz,<br \/>\t\t\t&#8211; Beamforming: est&aacute;ndar y universal<br \/>\t\t\t&#8211; Fuente de alimentaci&oacute;n Entrada de CA: 19 V con m&aacute;x. 2,37 A de corriente<br \/>\t\t\t&#8211; Peso: 814,5g<\/td>\n<\/tr>\n<tr>\n<td valign=\"top\"><strong>Puertos<\/strong><\/td>\n<td>&#8211; 1 x RJ45 para 10\/100\/1000 BaseT para WAN<br \/>\t\t\t&#8211; 4 x RJ45 para 10\/100\/1000 BaseT para LAN<br \/>\t\t\t&#8211; 5 x Gigabit Ethernet de 10\/100\/1000<br \/>\t\t\t&#8211; 1 x 2,5 G\/1 Gbps<br \/>\t\t\t&#8211; LAN 4 x GbE<br \/>\t\t\t&#8211; WAN 1GbE<\/td>\n<\/tr>\n<tr>\n<td valign=\"top\"><strong>Est&aacute;ndar<\/strong><\/td>\n<td>&#8211; IEEE 802.11a<br \/>\t\t\t&#8211; IEEE 802.11b<br \/>\t\t\t&#8211; IEEE 802.11g<br \/>\t\t\t&#8211; WiFi 4 (802.11n)<br \/>\t\t\t&#8211; WiFi 5 (802.11ac)<br \/>\t\t\t&#8211; WiFi 6 (802.11ax)<br \/>\t\t\t&#8211; IPv4<br \/>\t\t\t&#8211; IPv6<\/td>\n<\/tr>\n<tr>\n<td valign=\"top\"><b>Caracter&iacute;sticas<br \/>\t\t\tinal&aacute;mbricas<\/b><\/td>\n<td>&#8211; IPv6<br \/>\t\t\t&#8211; MU-MIMO<br \/>\t\t\t&#8211; UTF-8 SSID<br \/>\t\t\t&#8211; Red para invitados<br \/>\t\t\t&#8211; WPS<br \/>\t\t\t&#8211; AiMesh<br \/>\t\t\t&#8211; Enrutador AiMesh principal<br \/>\t\t\t&#8211; Nodo AiMesh<\/td>\n<\/tr>\n<tr>\n<td valign=\"top\">\n<div><b>Caracter&iacute;sticas<br \/>\t\t\tde software<\/b><\/div>\n<\/td>\n<td>&#8211; Control Parental<br \/>\t\t\t&#8211; AiProtecci&oacute;n: AiProtection Pro<br \/>\t\t\t&#8211; Bloqueo de sitios maliciosos<br \/>\t\t\t&#8211; IPS bidireccional<br \/>\t\t\t&#8211; Prevenci&oacute;n y bloqueo de dispositivos infectados<br \/>\t\t\t&#8211; QoS adaptable<br \/>\t\t\t&#8211; Monitoreo de ancho de banda<br \/>\t\t\t&#8211; Limitador de ancho de banda<br \/>\t\t\t&#8211; Regla del limitador de ancho de banda m&aacute;ximo: 32<br \/>\t\t\t&#8211; QoS tradicional<br \/>\t\t\t&#8211; Regla de QoS tradicional m&aacute;xima: 32<br \/>\t\t\t&#8211; Monitoreo de tr&aacute;fico<br \/>\t\t\t&#8211; Monitor de tr&aacute;fico en tiempo real<br \/>\t\t\t&#8211; Monitor de tr&aacute;fico con cable<br \/>\t\t\t&#8211; Monitor de tr&aacute;fico inal&aacute;mbrico<br \/>\t\t\t&#8211; Analizador de tr&aacute;fico<br \/>\t\t\t&#8211; Per&iacute;odo de an&aacute;lisis de tr&aacute;fico: Diario semanal mensual<br \/>\t\t\t&#8211; Historial del sitio web<\/td>\n<\/tr>\n<tr>\n<td valign=\"top\"><strong>Fecha de revisi&oacute;n<\/strong><\/td>\n<td>23-03-2023 por RTY<\/td>\n<\/tr>\n<\/table>\n","protected":false},"excerpt":{"rendered":"<p>El Asus RT-AX86U Pro es un router que ofrece velocidades Wi-Fi ultrarr&aacute;pidas de hasta 5700 Mbps y est&aacute; repleto de tecnolog&iacute;a avanzada, incluido el modo de juego m&oacute;vil para una experiencia de juego m&oacute;vil de baja latencia y sin retrasos. &nbsp; Marca Asus Modelo 90IG07N0-MO3B00 Caracter&iacute;sticas de hardware &#8211; Procesador: 4 n&uacute;cleos a 2,0 GHz&hellip;&nbsp;<a href=\"https:\/\/aivlisoft.net\/shop\/producto\/asus-rt-ax86u-pro-gaming-router-ax5700-wifi6-dual\/\" rel=\"bookmark\"><span class=\"screen-reader-text\">Asus RT-AX86U Pro  Gaming Router AX5700 WiFi6 Dual<\/span><\/a><\/p>\n","protected":false},"featured_media":19190,"template":"","meta":{"neve_meta_sidebar":"","neve_meta_container":"","neve_meta_enable_content_width":"","neve_meta_content_width":0,"neve_meta_title_alignment":"","neve_meta_author_avatar":"","neve_post_elements_order":"","neve_meta_disable_header":"","neve_meta_disable_footer":"","neve_meta_disable_title":""},"product_brand":[],"product_cat":[15,8768,6832],"product_tag":[6946],"class_list":{"0":"post-19189","1":"product","2":"type-product","3":"status-publish","4":"has-post-thumbnail","6":"product_cat-sin-categorizar","7":"product_cat-routers-adsl","8":"product_cat-routers-modems","9":"product_tag-90ig07n0-mo3b00","11":"first","12":"instock","13":"taxable","14":"shipping-taxable","15":"purchasable","16":"product-type-simple"},"yoast_head":"<!-- This site is optimized with the Yoast SEO plugin v26.0 - https:\/\/yoast.com\/wordpress\/plugins\/seo\/ -->\n<title>Asus RT-AX86U Pro Gaming Router AX5700 WiFi6 Dual - Aivlisoft Inform\u00e1tica<\/title>\n<meta name=\"robots\" content=\"index, follow, max-snippet:-1, max-image-preview:large, max-video-preview:-1\" \/>\n<link rel=\"canonical\" href=\"https:\/\/aivlisoft.net\/shop\/producto\/asus-rt-ax86u-pro-gaming-router-ax5700-wifi6-dual\/\" \/>\n<meta property=\"og:locale\" content=\"es_ES\" \/>\n<meta property=\"og:type\" content=\"article\" \/>\n<meta property=\"og:title\" content=\"Asus RT-AX86U Pro Gaming Router AX5700 WiFi6 Dual - Aivlisoft Inform\u00e1tica\" \/>\n<meta property=\"og:description\" content=\"El Asus RT-AX86U Pro es un router que ofrece velocidades Wi-Fi ultrarr&aacute;pidas de hasta 5700 Mbps y est&aacute; repleto de tecnolog&iacute;a avanzada, incluido el modo de juego m&oacute;vil para una experiencia de juego m&oacute;vil de baja latencia y sin retrasos. &nbsp; Marca Asus Modelo 90IG07N0-MO3B00 Caracter&iacute;sticas de hardware &#8211; Procesador: 4 n&uacute;cleos a 2,0 GHz&hellip;&nbsp;Asus RT-AX86U Pro Gaming Router AX5700 WiFi6 Dual\" \/>\n<meta property=\"og:url\" content=\"https:\/\/aivlisoft.net\/shop\/producto\/asus-rt-ax86u-pro-gaming-router-ax5700-wifi6-dual\/\" \/>\n<meta property=\"og:site_name\" content=\"Aivlisoft Inform\u00e1tica\" \/>\n<meta property=\"article:modified_time\" content=\"2025-01-14T19:57:36+00:00\" \/>\n<meta property=\"og:image\" content=\"https:\/\/aivlisoft.net\/shop\/wp-content\/uploads\/2025\/01\/NROINA0379_800.jpg\" \/>\n\t<meta property=\"og:image:width\" content=\"800\" \/>\n\t<meta property=\"og:image:height\" content=\"800\" \/>\n\t<meta property=\"og:image:type\" content=\"image\/jpeg\" \/>\n<meta name=\"twitter:card\" content=\"summary_large_image\" \/>\n<meta name=\"twitter:label1\" content=\"Tiempo de lectura\" \/>\n\t<meta name=\"twitter:data1\" content=\"2 minutos\" \/>\n<script type=\"application\/ld+json\" class=\"yoast-schema-graph\">{\"@context\":\"https:\/\/schema.org\",\"@graph\":[{\"@type\":\"WebPage\",\"@id\":\"https:\/\/aivlisoft.net\/shop\/producto\/asus-rt-ax86u-pro-gaming-router-ax5700-wifi6-dual\/\",\"url\":\"https:\/\/aivlisoft.net\/shop\/producto\/asus-rt-ax86u-pro-gaming-router-ax5700-wifi6-dual\/\",\"name\":\"Asus RT-AX86U Pro Gaming Router AX5700 WiFi6 Dual - Aivlisoft Inform\u00e1tica\",\"isPartOf\":{\"@id\":\"https:\/\/aivlisoft.net\/shop\/#website\"},\"primaryImageOfPage\":{\"@id\":\"https:\/\/aivlisoft.net\/shop\/producto\/asus-rt-ax86u-pro-gaming-router-ax5700-wifi6-dual\/#primaryimage\"},\"image\":{\"@id\":\"https:\/\/aivlisoft.net\/shop\/producto\/asus-rt-ax86u-pro-gaming-router-ax5700-wifi6-dual\/#primaryimage\"},\"thumbnailUrl\":\"https:\/\/aivlisoft.net\/shop\/wp-content\/uploads\/2025\/01\/NROINA0379_800.jpg\",\"datePublished\":\"2025-01-13T15:29:49+00:00\",\"dateModified\":\"2025-01-14T19:57:36+00:00\",\"breadcrumb\":{\"@id\":\"https:\/\/aivlisoft.net\/shop\/producto\/asus-rt-ax86u-pro-gaming-router-ax5700-wifi6-dual\/#breadcrumb\"},\"inLanguage\":\"es\",\"potentialAction\":[{\"@type\":\"ReadAction\",\"target\":[\"https:\/\/aivlisoft.net\/shop\/producto\/asus-rt-ax86u-pro-gaming-router-ax5700-wifi6-dual\/\"]}]},{\"@type\":\"ImageObject\",\"inLanguage\":\"es\",\"@id\":\"https:\/\/aivlisoft.net\/shop\/producto\/asus-rt-ax86u-pro-gaming-router-ax5700-wifi6-dual\/#primaryimage\",\"url\":\"https:\/\/aivlisoft.net\/shop\/wp-content\/uploads\/2025\/01\/NROINA0379_800.jpg\",\"contentUrl\":\"https:\/\/aivlisoft.net\/shop\/wp-content\/uploads\/2025\/01\/NROINA0379_800.jpg\",\"width\":800,\"height\":800},{\"@type\":\"BreadcrumbList\",\"@id\":\"https:\/\/aivlisoft.net\/shop\/producto\/asus-rt-ax86u-pro-gaming-router-ax5700-wifi6-dual\/#breadcrumb\",\"itemListElement\":[{\"@type\":\"ListItem\",\"position\":1,\"name\":\"Portada\",\"item\":\"https:\/\/aivlisoft.net\/shop\/\"},{\"@type\":\"ListItem\",\"position\":2,\"name\":\"Tienda\",\"item\":\"https:\/\/aivlisoft.net\/shop\/tienda\/\"},{\"@type\":\"ListItem\",\"position\":3,\"name\":\"Asus RT-AX86U Pro Gaming Router AX5700 WiFi6 Dual\"}]},{\"@type\":\"WebSite\",\"@id\":\"https:\/\/aivlisoft.net\/shop\/#website\",\"url\":\"https:\/\/aivlisoft.net\/shop\/\",\"name\":\"Aivlisoft Inform\u00e1tica\",\"description\":\"En Aivlisoft Inform\u00e1tica ofrecemos soluciones tecnol\u00f3gicas para empresas: venta de ordenadores, consumibles, perif\u00e9ricos y m\u00e1s. Calidad, atenci\u00f3n personalizada y los mejores precios para tu negocio.\",\"publisher\":{\"@id\":\"https:\/\/aivlisoft.net\/shop\/#organization\"},\"potentialAction\":[{\"@type\":\"SearchAction\",\"target\":{\"@type\":\"EntryPoint\",\"urlTemplate\":\"https:\/\/aivlisoft.net\/shop\/?s={search_term_string}\"},\"query-input\":{\"@type\":\"PropertyValueSpecification\",\"valueRequired\":true,\"valueName\":\"search_term_string\"}}],\"inLanguage\":\"es\"},{\"@type\":\"Organization\",\"@id\":\"https:\/\/aivlisoft.net\/shop\/#organization\",\"name\":\"Aivlisoft Inform\u00e1tica\",\"url\":\"https:\/\/aivlisoft.net\/shop\/\",\"logo\":{\"@type\":\"ImageObject\",\"inLanguage\":\"es\",\"@id\":\"https:\/\/aivlisoft.net\/shop\/#\/schema\/logo\/image\/\",\"url\":\"https:\/\/aivlisoft.net\/shop\/wp-content\/uploads\/2024\/12\/removal.ai_5b848c54-0cdf-4140-95c5-c5536bb7573b-logodef.png\",\"contentUrl\":\"https:\/\/aivlisoft.net\/shop\/wp-content\/uploads\/2024\/12\/removal.ai_5b848c54-0cdf-4140-95c5-c5536bb7573b-logodef.png\",\"width\":484,\"height\":182,\"caption\":\"Aivlisoft Inform\u00e1tica\"},\"image\":{\"@id\":\"https:\/\/aivlisoft.net\/shop\/#\/schema\/logo\/image\/\"}}]}<\/script>\n<!-- \/ Yoast SEO plugin. -->","yoast_head_json":{"title":"Asus RT-AX86U Pro Gaming Router AX5700 WiFi6 Dual - Aivlisoft Inform\u00e1tica","robots":{"index":"index","follow":"follow","max-snippet":"max-snippet:-1","max-image-preview":"max-image-preview:large","max-video-preview":"max-video-preview:-1"},"canonical":"https:\/\/aivlisoft.net\/shop\/producto\/asus-rt-ax86u-pro-gaming-router-ax5700-wifi6-dual\/","og_locale":"es_ES","og_type":"article","og_title":"Asus RT-AX86U Pro Gaming Router AX5700 WiFi6 Dual - Aivlisoft Inform\u00e1tica","og_description":"El Asus RT-AX86U Pro es un router que ofrece velocidades Wi-Fi ultrarr&aacute;pidas de hasta 5700 Mbps y est&aacute; repleto de tecnolog&iacute;a avanzada, incluido el modo de juego m&oacute;vil para una experiencia de juego m&oacute;vil de baja latencia y sin retrasos. &nbsp; Marca Asus Modelo 90IG07N0-MO3B00 Caracter&iacute;sticas de hardware &#8211; Procesador: 4 n&uacute;cleos a 2,0 GHz&hellip;&nbsp;Asus RT-AX86U Pro Gaming Router AX5700 WiFi6 Dual","og_url":"https:\/\/aivlisoft.net\/shop\/producto\/asus-rt-ax86u-pro-gaming-router-ax5700-wifi6-dual\/","og_site_name":"Aivlisoft Inform\u00e1tica","article_modified_time":"2025-01-14T19:57:36+00:00","og_image":[{"width":800,"height":800,"url":"https:\/\/aivlisoft.net\/shop\/wp-content\/uploads\/2025\/01\/NROINA0379_800.jpg","type":"image\/jpeg"}],"twitter_card":"summary_large_image","twitter_misc":{"Tiempo de lectura":"2 minutos"},"schema":{"@context":"https:\/\/schema.org","@graph":[{"@type":"WebPage","@id":"https:\/\/aivlisoft.net\/shop\/producto\/asus-rt-ax86u-pro-gaming-router-ax5700-wifi6-dual\/","url":"https:\/\/aivlisoft.net\/shop\/producto\/asus-rt-ax86u-pro-gaming-router-ax5700-wifi6-dual\/","name":"Asus RT-AX86U Pro Gaming Router AX5700 WiFi6 Dual - Aivlisoft Inform\u00e1tica","isPartOf":{"@id":"https:\/\/aivlisoft.net\/shop\/#website"},"primaryImageOfPage":{"@id":"https:\/\/aivlisoft.net\/shop\/producto\/asus-rt-ax86u-pro-gaming-router-ax5700-wifi6-dual\/#primaryimage"},"image":{"@id":"https:\/\/aivlisoft.net\/shop\/producto\/asus-rt-ax86u-pro-gaming-router-ax5700-wifi6-dual\/#primaryimage"},"thumbnailUrl":"https:\/\/aivlisoft.net\/shop\/wp-content\/uploads\/2025\/01\/NROINA0379_800.jpg","datePublished":"2025-01-13T15:29:49+00:00","dateModified":"2025-01-14T19:57:36+00:00","breadcrumb":{"@id":"https:\/\/aivlisoft.net\/shop\/producto\/asus-rt-ax86u-pro-gaming-router-ax5700-wifi6-dual\/#breadcrumb"},"inLanguage":"es","potentialAction":[{"@type":"ReadAction","target":["https:\/\/aivlisoft.net\/shop\/producto\/asus-rt-ax86u-pro-gaming-router-ax5700-wifi6-dual\/"]}]},{"@type":"ImageObject","inLanguage":"es","@id":"https:\/\/aivlisoft.net\/shop\/producto\/asus-rt-ax86u-pro-gaming-router-ax5700-wifi6-dual\/#primaryimage","url":"https:\/\/aivlisoft.net\/shop\/wp-content\/uploads\/2025\/01\/NROINA0379_800.jpg","contentUrl":"https:\/\/aivlisoft.net\/shop\/wp-content\/uploads\/2025\/01\/NROINA0379_800.jpg","width":800,"height":800},{"@type":"BreadcrumbList","@id":"https:\/\/aivlisoft.net\/shop\/producto\/asus-rt-ax86u-pro-gaming-router-ax5700-wifi6-dual\/#breadcrumb","itemListElement":[{"@type":"ListItem","position":1,"name":"Portada","item":"https:\/\/aivlisoft.net\/shop\/"},{"@type":"ListItem","position":2,"name":"Tienda","item":"https:\/\/aivlisoft.net\/shop\/tienda\/"},{"@type":"ListItem","position":3,"name":"Asus RT-AX86U Pro Gaming Router AX5700 WiFi6 Dual"}]},{"@type":"WebSite","@id":"https:\/\/aivlisoft.net\/shop\/#website","url":"https:\/\/aivlisoft.net\/shop\/","name":"Aivlisoft Inform\u00e1tica","description":"En Aivlisoft Inform\u00e1tica ofrecemos soluciones tecnol\u00f3gicas para empresas: venta de ordenadores, consumibles, perif\u00e9ricos y m\u00e1s. Calidad, atenci\u00f3n personalizada y los mejores precios para tu negocio.","publisher":{"@id":"https:\/\/aivlisoft.net\/shop\/#organization"},"potentialAction":[{"@type":"SearchAction","target":{"@type":"EntryPoint","urlTemplate":"https:\/\/aivlisoft.net\/shop\/?s={search_term_string}"},"query-input":{"@type":"PropertyValueSpecification","valueRequired":true,"valueName":"search_term_string"}}],"inLanguage":"es"},{"@type":"Organization","@id":"https:\/\/aivlisoft.net\/shop\/#organization","name":"Aivlisoft Inform\u00e1tica","url":"https:\/\/aivlisoft.net\/shop\/","logo":{"@type":"ImageObject","inLanguage":"es","@id":"https:\/\/aivlisoft.net\/shop\/#\/schema\/logo\/image\/","url":"https:\/\/aivlisoft.net\/shop\/wp-content\/uploads\/2024\/12\/removal.ai_5b848c54-0cdf-4140-95c5-c5536bb7573b-logodef.png","contentUrl":"https:\/\/aivlisoft.net\/shop\/wp-content\/uploads\/2024\/12\/removal.ai_5b848c54-0cdf-4140-95c5-c5536bb7573b-logodef.png","width":484,"height":182,"caption":"Aivlisoft Inform\u00e1tica"},"image":{"@id":"https:\/\/aivlisoft.net\/shop\/#\/schema\/logo\/image\/"}}]}},"_links":{"self":[{"href":"https:\/\/aivlisoft.net\/shop\/wp-json\/wp\/v2\/product\/19189","targetHints":{"allow":["GET"]}}],"collection":[{"href":"https:\/\/aivlisoft.net\/shop\/wp-json\/wp\/v2\/product"}],"about":[{"href":"https:\/\/aivlisoft.net\/shop\/wp-json\/wp\/v2\/types\/product"}],"wp:featuredmedia":[{"embeddable":true,"href":"https:\/\/aivlisoft.net\/shop\/wp-json\/wp\/v2\/media\/19190"}],"wp:attachment":[{"href":"https:\/\/aivlisoft.net\/shop\/wp-json\/wp\/v2\/media?parent=19189"}],"wp:term":[{"taxonomy":"product_brand","embeddable":true,"href":"https:\/\/aivlisoft.net\/shop\/wp-json\/wp\/v2\/product_brand?post=19189"},{"taxonomy":"product_cat","embeddable":true,"href":"https:\/\/aivlisoft.net\/shop\/wp-json\/wp\/v2\/product_cat?post=19189"},{"taxonomy":"product_tag","embeddable":true,"href":"https:\/\/aivlisoft.net\/shop\/wp-json\/wp\/v2\/product_tag?post=19189"}],"curies":[{"name":"wp","href":"https:\/\/api.w.org\/{rel}","templated":true}]}}