{"id":19185,"date":"2025-01-13T15:29:47","date_gmt":"2025-01-13T15:29:47","guid":{"rendered":"https:\/\/aivlisoft.com\/?post_type=product&#038;p=19185"},"modified":"2025-01-14T19:57:37","modified_gmt":"2025-01-14T19:57:37","slug":"asus-rt-ax82u-v2-router-gaming-wifi6-ax5400","status":"publish","type":"product","link":"https:\/\/aivlisoft.net\/shop\/producto\/asus-rt-ax82u-v2-router-gaming-wifi6-ax5400\/","title":{"rendered":"Asus RT-AX82U V2 Router Gaming WiFi6 AX5400"},"content":{"rendered":"<p><\/p>\n<p>&nbsp;<\/p>\n<table class=\"tabla_caracteristicas k-table\" width=\"100%\">\n<tr>\n<td valign=\"top\"><strong>Marca<\/strong><\/td>\n<td>Asus<\/td>\n<\/tr>\n<tr>\n<td valign=\"top\"><strong>Modelo<\/strong><\/td>\n<td>\n<div><strong>90IG07W0-MO3B10<\/strong><\/div>\n<\/td>\n<\/tr>\n<tr>\n<td valign=\"top\">\n<p><b>Caracter&iacute;sticas<br \/>\t\t\tde hardware<\/b><\/p>\n<\/td>\n<td>&#8211; AX5400 ultimate AX performance: 574+4804 Mbps<br \/>\t\t\t&#8211; Procesador: 1.5 GHz tri-core<br \/>\t\t\t&#8211; Memoria: 256 MB Flash \/ 512 MB RAM<br \/>\t\t\t&#8211; Tecnologia AX<br \/>\t\t\t&#8211; Antenas: 4 x externas<br \/>\t\t\t&#8211; Transmisi&oacute;n\/recepci&oacute;n: 2.4GHz 2 x 2 \/ 5GHz 4 x 4<br \/>\t\t\t&#8211; Botones: WPS \/ Reset \/ Power Switch \/ LED on\/off<br \/>\t\t\t&#8211; Indicador LED: Power x 1 \/ 2.4G x 1 \/ 5G x 1 \/ WAN x 1<br \/>\t\t\t&#8211; Dimensiones: 275.5 x 184.4 x 165 mm<br \/>\t\t\t&#8211; Peso: 740 g<\/td>\n<\/tr>\n<tr>\n<td valign=\"top\"><b>Caracter&iacute;sticas<br \/>\t\t\tinal&aacute;mbricas<\/b><\/td>\n<td>&#8211; 802.11a: hasta 54 Mbps<br \/>\t\t\t&#8211; 802.11b: hasta 11 Mbps<br \/>\t\t\t&#8211; 802.11g: hasta 54 Mbps<br \/>\t\t\t&#8211; 802.11n: hasta 300 Mbps<br \/>\t\t\t&#8211; 802.11ac (1024QAM): hasta 4333 Mbps<br \/>\t\t\t&#8211; 802.11ax (2,4 GHz): hasta 574 Mbps<br \/>\t\t\t&#8211; 802.11ax (5 GHz): hasta 4804 Mbps<br \/>\t\t\t&#8211; IEEE 802.11a<br \/>\t\t\t&#8211; IEEE 802.11b<br \/>\t\t\t&#8211; IEEE 802.11g<br \/>\t\t\t&#8211; IEEE 802.11n<br \/>\t\t\t&#8211; IEEE 802.11ac<br \/>\t\t\t&#8211; IEEE 802.11ax<br \/>\t\t\t&#8211; IPv4<br \/>\t\t\t&#8211; IPv6<\/td>\n<\/tr>\n<tr>\n<td valign=\"top\"><b>Puertos<\/b><\/td>\n<td>&#8211; RJ45 for Gigabits BaseT for WAN x 1, RJ45 for Gigabits BaseT for LAN x 4<br \/>\t\t\t&#8211; USB 3.2 Gen 1 x 1<\/td>\n<\/tr>\n<tr>\n<td valign=\"top\">\n<div><b>Caracter&iacute;sticas<br \/>\t\t\tde software<\/b><\/div>\n<\/td>\n<td>&#8211; AiMesh<br \/>\t\t\t&#8211; Router APP<br \/>\t\t\t&#8211; Gaming<br \/>\t\t\t&#8211; Alexa<br \/>\t\t\t&#8211; AiProtection Pro<br \/>\t\t\t&#8211; Control parental<br \/>\t\t\t&#8211; Regla m&aacute;xima de QoS tradicional: 32<br \/>\t\t\t&#8211; VPN<br \/>\t\t\t&#8211; LAN<\/td>\n<\/tr>\n<tr>\n<td valign=\"top\">\n<div><b>Otras caracter&iacute;sticas<\/b><br \/>\t\t\t&nbsp;<\/div>\n<\/td>\n<td>&#8211; OFDMA (Orthogonal Frequency Division Multiple Access)<br \/>\t\t\t&#8211; Beamforming: standard-based and universal<br \/>\t\t\t&#8211; 1024-QAM high data rate<br \/>\t\t\t&#8211; 20\/40\/80\/160 MHz bandwidth<br \/>\t\t\t&#8211; Regla m&aacute;xima de red de invitados:2.4GHz x3, 5GHz x3<br \/>\t\t\t&#8211; Guest Network Connection time limit<br \/>\t\t\t&#8211; Filtros MAC m&aacute;ximos:64<\/td>\n<\/tr>\n<tr>\n<td valign=\"top\"><strong>Fecha de revisi&oacute;n<\/strong><\/td>\n<td>23-03-2023 por RTY<\/td>\n<\/tr>\n<\/table>\n","protected":false},"excerpt":{"rendered":"<p>&nbsp; Marca Asus Modelo 90IG07W0-MO3B10 Caracter&iacute;sticas de hardware &#8211; AX5400 ultimate AX performance: 574+4804 Mbps &#8211; Procesador: 1.5 GHz tri-core &#8211; Memoria: 256 MB Flash \/ 512 MB RAM &#8211; Tecnologia AX &#8211; Antenas: 4 x externas &#8211; Transmisi&oacute;n\/recepci&oacute;n: 2.4GHz 2 x 2 \/ 5GHz 4 x 4 &#8211; Botones: WPS \/ Reset \/ Power&hellip;&nbsp;<a href=\"https:\/\/aivlisoft.net\/shop\/producto\/asus-rt-ax82u-v2-router-gaming-wifi6-ax5400\/\" rel=\"bookmark\"><span class=\"screen-reader-text\">Asus RT-AX82U V2 Router Gaming WiFi6 AX5400<\/span><\/a><\/p>\n","protected":false},"featured_media":19186,"template":"","meta":{"neve_meta_sidebar":"","neve_meta_container":"","neve_meta_enable_content_width":"","neve_meta_content_width":0,"neve_meta_title_alignment":"","neve_meta_author_avatar":"","neve_post_elements_order":"","neve_meta_disable_header":"","neve_meta_disable_footer":"","neve_meta_disable_title":""},"product_brand":[],"product_cat":[15,8768,6832],"product_tag":[6945],"class_list":{"0":"post-19185","1":"product","2":"type-product","3":"status-publish","4":"has-post-thumbnail","6":"product_cat-sin-categorizar","7":"product_cat-routers-adsl","8":"product_cat-routers-modems","9":"product_tag-90ig07w0-mo3b10","11":"first","12":"instock","13":"taxable","14":"shipping-taxable","15":"purchasable","16":"product-type-simple"},"yoast_head":"<!-- This site is optimized with the Yoast SEO plugin v26.0 - https:\/\/yoast.com\/wordpress\/plugins\/seo\/ -->\n<title>Asus RT-AX82U V2 Router Gaming WiFi6 AX5400 - Aivlisoft Inform\u00e1tica<\/title>\n<meta name=\"robots\" content=\"index, follow, max-snippet:-1, max-image-preview:large, max-video-preview:-1\" \/>\n<link rel=\"canonical\" href=\"https:\/\/aivlisoft.net\/shop\/producto\/asus-rt-ax82u-v2-router-gaming-wifi6-ax5400\/\" \/>\n<meta property=\"og:locale\" content=\"es_ES\" \/>\n<meta property=\"og:type\" content=\"article\" \/>\n<meta property=\"og:title\" content=\"Asus RT-AX82U V2 Router Gaming WiFi6 AX5400 - Aivlisoft Inform\u00e1tica\" \/>\n<meta property=\"og:description\" content=\"&nbsp; Marca Asus Modelo 90IG07W0-MO3B10 Caracter&iacute;sticas de hardware &#8211; AX5400 ultimate AX performance: 574+4804 Mbps &#8211; Procesador: 1.5 GHz tri-core &#8211; Memoria: 256 MB Flash \/ 512 MB RAM &#8211; Tecnologia AX &#8211; Antenas: 4 x externas &#8211; Transmisi&oacute;n\/recepci&oacute;n: 2.4GHz 2 x 2 \/ 5GHz 4 x 4 &#8211; Botones: WPS \/ Reset \/ Power&hellip;&nbsp;Asus RT-AX82U V2 Router Gaming WiFi6 AX5400\" \/>\n<meta property=\"og:url\" content=\"https:\/\/aivlisoft.net\/shop\/producto\/asus-rt-ax82u-v2-router-gaming-wifi6-ax5400\/\" \/>\n<meta property=\"og:site_name\" content=\"Aivlisoft Inform\u00e1tica\" \/>\n<meta property=\"article:modified_time\" content=\"2025-01-14T19:57:37+00:00\" \/>\n<meta property=\"og:image\" content=\"https:\/\/aivlisoft.net\/shop\/wp-content\/uploads\/2025\/01\/NROINA0378_800.jpg\" \/>\n\t<meta property=\"og:image:width\" content=\"800\" \/>\n\t<meta property=\"og:image:height\" content=\"800\" \/>\n\t<meta property=\"og:image:type\" content=\"image\/jpeg\" \/>\n<meta name=\"twitter:card\" content=\"summary_large_image\" \/>\n<meta name=\"twitter:label1\" content=\"Tiempo de lectura\" \/>\n\t<meta name=\"twitter:data1\" content=\"1 minuto\" \/>\n<script type=\"application\/ld+json\" class=\"yoast-schema-graph\">{\"@context\":\"https:\/\/schema.org\",\"@graph\":[{\"@type\":\"WebPage\",\"@id\":\"https:\/\/aivlisoft.net\/shop\/producto\/asus-rt-ax82u-v2-router-gaming-wifi6-ax5400\/\",\"url\":\"https:\/\/aivlisoft.net\/shop\/producto\/asus-rt-ax82u-v2-router-gaming-wifi6-ax5400\/\",\"name\":\"Asus RT-AX82U V2 Router Gaming WiFi6 AX5400 - Aivlisoft Inform\u00e1tica\",\"isPartOf\":{\"@id\":\"https:\/\/aivlisoft.net\/shop\/#website\"},\"primaryImageOfPage\":{\"@id\":\"https:\/\/aivlisoft.net\/shop\/producto\/asus-rt-ax82u-v2-router-gaming-wifi6-ax5400\/#primaryimage\"},\"image\":{\"@id\":\"https:\/\/aivlisoft.net\/shop\/producto\/asus-rt-ax82u-v2-router-gaming-wifi6-ax5400\/#primaryimage\"},\"thumbnailUrl\":\"https:\/\/aivlisoft.net\/shop\/wp-content\/uploads\/2025\/01\/NROINA0378_800.jpg\",\"datePublished\":\"2025-01-13T15:29:47+00:00\",\"dateModified\":\"2025-01-14T19:57:37+00:00\",\"breadcrumb\":{\"@id\":\"https:\/\/aivlisoft.net\/shop\/producto\/asus-rt-ax82u-v2-router-gaming-wifi6-ax5400\/#breadcrumb\"},\"inLanguage\":\"es\",\"potentialAction\":[{\"@type\":\"ReadAction\",\"target\":[\"https:\/\/aivlisoft.net\/shop\/producto\/asus-rt-ax82u-v2-router-gaming-wifi6-ax5400\/\"]}]},{\"@type\":\"ImageObject\",\"inLanguage\":\"es\",\"@id\":\"https:\/\/aivlisoft.net\/shop\/producto\/asus-rt-ax82u-v2-router-gaming-wifi6-ax5400\/#primaryimage\",\"url\":\"https:\/\/aivlisoft.net\/shop\/wp-content\/uploads\/2025\/01\/NROINA0378_800.jpg\",\"contentUrl\":\"https:\/\/aivlisoft.net\/shop\/wp-content\/uploads\/2025\/01\/NROINA0378_800.jpg\",\"width\":800,\"height\":800},{\"@type\":\"BreadcrumbList\",\"@id\":\"https:\/\/aivlisoft.net\/shop\/producto\/asus-rt-ax82u-v2-router-gaming-wifi6-ax5400\/#breadcrumb\",\"itemListElement\":[{\"@type\":\"ListItem\",\"position\":1,\"name\":\"Portada\",\"item\":\"https:\/\/aivlisoft.net\/shop\/\"},{\"@type\":\"ListItem\",\"position\":2,\"name\":\"Tienda\",\"item\":\"https:\/\/aivlisoft.net\/shop\/tienda\/\"},{\"@type\":\"ListItem\",\"position\":3,\"name\":\"Asus RT-AX82U V2 Router Gaming WiFi6 AX5400\"}]},{\"@type\":\"WebSite\",\"@id\":\"https:\/\/aivlisoft.net\/shop\/#website\",\"url\":\"https:\/\/aivlisoft.net\/shop\/\",\"name\":\"Aivlisoft Inform\u00e1tica\",\"description\":\"En Aivlisoft Inform\u00e1tica ofrecemos soluciones tecnol\u00f3gicas para empresas: venta de ordenadores, consumibles, perif\u00e9ricos y m\u00e1s. Calidad, atenci\u00f3n personalizada y los mejores precios para tu negocio.\",\"publisher\":{\"@id\":\"https:\/\/aivlisoft.net\/shop\/#organization\"},\"potentialAction\":[{\"@type\":\"SearchAction\",\"target\":{\"@type\":\"EntryPoint\",\"urlTemplate\":\"https:\/\/aivlisoft.net\/shop\/?s={search_term_string}\"},\"query-input\":{\"@type\":\"PropertyValueSpecification\",\"valueRequired\":true,\"valueName\":\"search_term_string\"}}],\"inLanguage\":\"es\"},{\"@type\":\"Organization\",\"@id\":\"https:\/\/aivlisoft.net\/shop\/#organization\",\"name\":\"Aivlisoft Inform\u00e1tica\",\"url\":\"https:\/\/aivlisoft.net\/shop\/\",\"logo\":{\"@type\":\"ImageObject\",\"inLanguage\":\"es\",\"@id\":\"https:\/\/aivlisoft.net\/shop\/#\/schema\/logo\/image\/\",\"url\":\"https:\/\/aivlisoft.net\/shop\/wp-content\/uploads\/2024\/12\/removal.ai_5b848c54-0cdf-4140-95c5-c5536bb7573b-logodef.png\",\"contentUrl\":\"https:\/\/aivlisoft.net\/shop\/wp-content\/uploads\/2024\/12\/removal.ai_5b848c54-0cdf-4140-95c5-c5536bb7573b-logodef.png\",\"width\":484,\"height\":182,\"caption\":\"Aivlisoft Inform\u00e1tica\"},\"image\":{\"@id\":\"https:\/\/aivlisoft.net\/shop\/#\/schema\/logo\/image\/\"}}]}<\/script>\n<!-- \/ Yoast SEO plugin. -->","yoast_head_json":{"title":"Asus RT-AX82U V2 Router Gaming WiFi6 AX5400 - Aivlisoft Inform\u00e1tica","robots":{"index":"index","follow":"follow","max-snippet":"max-snippet:-1","max-image-preview":"max-image-preview:large","max-video-preview":"max-video-preview:-1"},"canonical":"https:\/\/aivlisoft.net\/shop\/producto\/asus-rt-ax82u-v2-router-gaming-wifi6-ax5400\/","og_locale":"es_ES","og_type":"article","og_title":"Asus RT-AX82U V2 Router Gaming WiFi6 AX5400 - Aivlisoft Inform\u00e1tica","og_description":"&nbsp; Marca Asus Modelo 90IG07W0-MO3B10 Caracter&iacute;sticas de hardware &#8211; AX5400 ultimate AX performance: 574+4804 Mbps &#8211; Procesador: 1.5 GHz tri-core &#8211; Memoria: 256 MB Flash \/ 512 MB RAM &#8211; Tecnologia AX &#8211; Antenas: 4 x externas &#8211; Transmisi&oacute;n\/recepci&oacute;n: 2.4GHz 2 x 2 \/ 5GHz 4 x 4 &#8211; Botones: WPS \/ Reset \/ Power&hellip;&nbsp;Asus RT-AX82U V2 Router Gaming WiFi6 AX5400","og_url":"https:\/\/aivlisoft.net\/shop\/producto\/asus-rt-ax82u-v2-router-gaming-wifi6-ax5400\/","og_site_name":"Aivlisoft Inform\u00e1tica","article_modified_time":"2025-01-14T19:57:37+00:00","og_image":[{"width":800,"height":800,"url":"https:\/\/aivlisoft.net\/shop\/wp-content\/uploads\/2025\/01\/NROINA0378_800.jpg","type":"image\/jpeg"}],"twitter_card":"summary_large_image","twitter_misc":{"Tiempo de lectura":"1 minuto"},"schema":{"@context":"https:\/\/schema.org","@graph":[{"@type":"WebPage","@id":"https:\/\/aivlisoft.net\/shop\/producto\/asus-rt-ax82u-v2-router-gaming-wifi6-ax5400\/","url":"https:\/\/aivlisoft.net\/shop\/producto\/asus-rt-ax82u-v2-router-gaming-wifi6-ax5400\/","name":"Asus RT-AX82U V2 Router Gaming WiFi6 AX5400 - Aivlisoft Inform\u00e1tica","isPartOf":{"@id":"https:\/\/aivlisoft.net\/shop\/#website"},"primaryImageOfPage":{"@id":"https:\/\/aivlisoft.net\/shop\/producto\/asus-rt-ax82u-v2-router-gaming-wifi6-ax5400\/#primaryimage"},"image":{"@id":"https:\/\/aivlisoft.net\/shop\/producto\/asus-rt-ax82u-v2-router-gaming-wifi6-ax5400\/#primaryimage"},"thumbnailUrl":"https:\/\/aivlisoft.net\/shop\/wp-content\/uploads\/2025\/01\/NROINA0378_800.jpg","datePublished":"2025-01-13T15:29:47+00:00","dateModified":"2025-01-14T19:57:37+00:00","breadcrumb":{"@id":"https:\/\/aivlisoft.net\/shop\/producto\/asus-rt-ax82u-v2-router-gaming-wifi6-ax5400\/#breadcrumb"},"inLanguage":"es","potentialAction":[{"@type":"ReadAction","target":["https:\/\/aivlisoft.net\/shop\/producto\/asus-rt-ax82u-v2-router-gaming-wifi6-ax5400\/"]}]},{"@type":"ImageObject","inLanguage":"es","@id":"https:\/\/aivlisoft.net\/shop\/producto\/asus-rt-ax82u-v2-router-gaming-wifi6-ax5400\/#primaryimage","url":"https:\/\/aivlisoft.net\/shop\/wp-content\/uploads\/2025\/01\/NROINA0378_800.jpg","contentUrl":"https:\/\/aivlisoft.net\/shop\/wp-content\/uploads\/2025\/01\/NROINA0378_800.jpg","width":800,"height":800},{"@type":"BreadcrumbList","@id":"https:\/\/aivlisoft.net\/shop\/producto\/asus-rt-ax82u-v2-router-gaming-wifi6-ax5400\/#breadcrumb","itemListElement":[{"@type":"ListItem","position":1,"name":"Portada","item":"https:\/\/aivlisoft.net\/shop\/"},{"@type":"ListItem","position":2,"name":"Tienda","item":"https:\/\/aivlisoft.net\/shop\/tienda\/"},{"@type":"ListItem","position":3,"name":"Asus RT-AX82U V2 Router Gaming WiFi6 AX5400"}]},{"@type":"WebSite","@id":"https:\/\/aivlisoft.net\/shop\/#website","url":"https:\/\/aivlisoft.net\/shop\/","name":"Aivlisoft Inform\u00e1tica","description":"En Aivlisoft Inform\u00e1tica ofrecemos soluciones tecnol\u00f3gicas para empresas: venta de ordenadores, consumibles, perif\u00e9ricos y m\u00e1s. Calidad, atenci\u00f3n personalizada y los mejores precios para tu negocio.","publisher":{"@id":"https:\/\/aivlisoft.net\/shop\/#organization"},"potentialAction":[{"@type":"SearchAction","target":{"@type":"EntryPoint","urlTemplate":"https:\/\/aivlisoft.net\/shop\/?s={search_term_string}"},"query-input":{"@type":"PropertyValueSpecification","valueRequired":true,"valueName":"search_term_string"}}],"inLanguage":"es"},{"@type":"Organization","@id":"https:\/\/aivlisoft.net\/shop\/#organization","name":"Aivlisoft Inform\u00e1tica","url":"https:\/\/aivlisoft.net\/shop\/","logo":{"@type":"ImageObject","inLanguage":"es","@id":"https:\/\/aivlisoft.net\/shop\/#\/schema\/logo\/image\/","url":"https:\/\/aivlisoft.net\/shop\/wp-content\/uploads\/2024\/12\/removal.ai_5b848c54-0cdf-4140-95c5-c5536bb7573b-logodef.png","contentUrl":"https:\/\/aivlisoft.net\/shop\/wp-content\/uploads\/2024\/12\/removal.ai_5b848c54-0cdf-4140-95c5-c5536bb7573b-logodef.png","width":484,"height":182,"caption":"Aivlisoft Inform\u00e1tica"},"image":{"@id":"https:\/\/aivlisoft.net\/shop\/#\/schema\/logo\/image\/"}}]}},"_links":{"self":[{"href":"https:\/\/aivlisoft.net\/shop\/wp-json\/wp\/v2\/product\/19185","targetHints":{"allow":["GET"]}}],"collection":[{"href":"https:\/\/aivlisoft.net\/shop\/wp-json\/wp\/v2\/product"}],"about":[{"href":"https:\/\/aivlisoft.net\/shop\/wp-json\/wp\/v2\/types\/product"}],"wp:featuredmedia":[{"embeddable":true,"href":"https:\/\/aivlisoft.net\/shop\/wp-json\/wp\/v2\/media\/19186"}],"wp:attachment":[{"href":"https:\/\/aivlisoft.net\/shop\/wp-json\/wp\/v2\/media?parent=19185"}],"wp:term":[{"taxonomy":"product_brand","embeddable":true,"href":"https:\/\/aivlisoft.net\/shop\/wp-json\/wp\/v2\/product_brand?post=19185"},{"taxonomy":"product_cat","embeddable":true,"href":"https:\/\/aivlisoft.net\/shop\/wp-json\/wp\/v2\/product_cat?post=19185"},{"taxonomy":"product_tag","embeddable":true,"href":"https:\/\/aivlisoft.net\/shop\/wp-json\/wp\/v2\/product_tag?post=19185"}],"curies":[{"name":"wp","href":"https:\/\/api.w.org\/{rel}","templated":true}]}}