{"id":19180,"date":"2025-01-13T15:29:45","date_gmt":"2025-01-13T15:29:45","guid":{"rendered":"https:\/\/aivlisoft.com\/?post_type=product&#038;p=19180"},"modified":"2025-01-14T19:57:37","modified_gmt":"2025-01-14T19:57:37","slug":"asus-rt-ax57-router-ax3000-wifi6-1xwan-4xlan","status":"publish","type":"product","link":"https:\/\/aivlisoft.net\/shop\/producto\/asus-rt-ax57-router-ax3000-wifi6-1xwan-4xlan\/","title":{"rendered":"Asus RT-AX57 Router AX3000 WiFi6 1xWAN 4xLAN"},"content":{"rendered":"<p><\/p>\n<p>&nbsp;<\/p>\n<table class=\"tabla_caracteristicas k-table\" width=\"100%\">\n<tr>\n<td valign=\"top\"><strong>Marca<\/strong><\/td>\n<td>Asus<\/td>\n<\/tr>\n<tr>\n<td valign=\"top\"><strong>Modelo<\/strong><\/td>\n<td valign=\"top\"><strong>90IG06Z0-MO3C00<\/strong><\/td>\n<\/tr>\n<tr>\n<td valign=\"top\"><strong>Caracter&iacute;sticas <\/strong><\/td>\n<td>&#8211; Est&aacute;ndar de red:<br \/>\t\t\t&nbsp; IEEE 802.11a<br \/>\t\t\t&nbsp; IEEE 802.11b<br \/>\t\t\t&nbsp; IEEE 802.11g<br \/>\t\t\t&nbsp; WiFi 4 (802.11n)<br \/>\t\t\t&nbsp; WiFi 5 (802.11ac)<br \/>\t\t\t&nbsp; WiFi 6 (802.11ax)<br \/>\t\t\t&nbsp; IPv4<br \/>\t\t\t&nbsp; IPv6<br \/>\t\t\t&#8211; Segmento de producto: AX3000 ultimate AX performance 2402 Mbps+ 574 Mbps<br \/>\t\t\t&#8211; Tecnolog&iacute;a AX<br \/>\t\t\t&#8211; Velocidad de datos:<br \/>\t\t\t&nbsp; 802.11a : up to 54 Mbps<br \/>\t\t\t&nbsp; 802.11b : up to 11 Mbps<br \/>\t\t\t&nbsp; 802.11g : up to 54 Mbps<br \/>\t\t\t&nbsp; WiFi 4 (802.11n) : up to 300 Mbps<br \/>\t\t\t&nbsp; WiFi 5 (802.11ac) : up to 1734 Mbps<br \/>\t\t\t&nbsp; WiFi 6 (802.11ax) (2.4GHz) : up to 574 Mbps<br \/>\t\t\t&nbsp; WiFi 6 (802.11ax) (5GHz) : up to 2402 Mbps<br \/>\t\t\t&#8211; Antena:<br \/>\t\t\t&nbsp; External antenna x 4<br \/>\t\t\t&#8211; Transmitir \/ Recibir:<br \/>\t\t\t&nbsp; 2,4 GHz<br \/>\t\t\t&nbsp; 5 GHz<br \/>\t\t\t&#8211; Procesador: 1.7GHz dual- core processor<br \/>\t\t\t&#8211; Memoria:<br \/>\t\t\t&nbsp; 128 MB Flash<br \/>\t\t\t&nbsp; 556 MB RAM<br \/>\t\t\t&#8211; Puertos:<br \/>\t\t\t&nbsp; 1 x puerto Gigabit WAN RJ45<br \/>\t\t\t&nbsp; 4 x puerto Gigabit LAN RJ45<br \/>\t\t\t&#8211; Botones: WPS Button, Reset Button, Power Switch<br \/>\t\t\t&#8211; Indicador LED<br \/>\t\t\t&nbsp; 1 x Power<br \/>\t\t\t&nbsp; 1 x 2.4G<br \/>\t\t\t&nbsp; 1 x 5G &nbsp;<br \/>\t\t\t&nbsp; 1 x LAN<br \/>\t\t\t&nbsp; 1 x WAN<br \/>\t\t\t&#8211; Fuente de alimentaci&oacute;n:<br \/>\t\t\t&nbsp; Entrada de CA: 110 V ~ 240 V (50 ~ 60 Hz)<br \/>\t\t\t&nbsp; Salida CC: 12 V con m&aacute;x. corriente de 1,5 A<\/td>\n<\/tr>\n<tr>\n<td valign=\"top\"><strong>Otras caracter&iacute;sticas<\/strong><\/td>\n<td>&#8211; AiMesh:<br \/>\t\t\t&nbsp; AiMesh<br \/>\t\t\t&nbsp; Enrutador AiMesh principal<br \/>\t\t\t&nbsp; nodo AiMesh<br \/>\t\t\t&#8211; Router AP<br \/>\t\t\t&#8211; Admite la habilidad de Alexa<br \/>\t\t\t&#8211; AiProtecci&oacute;n:<br \/>\t\t\t&nbsp; AiProtection Cl&aacute;sico<br \/>\t\t\t&nbsp; Bloqueo de sitios maliciosos<br \/>\t\t\t&nbsp; Prevenci&oacute;n y bloqueo de dispositivos infectados<br \/>\t\t\t&#8211; Control parental:<br \/>\t\t\t&nbsp; Control parental<br \/>\t\t\t&nbsp; Control parental Horario de Internet personalizado<br \/>\t\t\t&#8211; Control de trafico:<br \/>\t\t\t&nbsp; Limitador de ancho de banda<br \/>\t\t\t&nbsp; QoS tradicional<br \/>\t\t\t&nbsp; Monitor de tr&aacute;fico<br \/>\t\t\t&nbsp; Monitor de tr&aacute;fico en tiempo real<br \/>\t\t\t&nbsp; Monitor de tr&aacute;fico con cable<br \/>\t\t\t&nbsp; Monitor de tr&aacute;fico inal&aacute;mbrico<br \/>\t\t\t&#8211; Inal&aacute;mbrico:<br \/>\t\t\t&nbsp; IPv6<br \/>\t\t\t&nbsp; Cifrado Wi-Fi: sistema abierto, WPA\/WPA2\/WPA3-Personal, WPA\/WPA2-Enterprise<br \/>\t\t\t&nbsp; SSID UTF-8<br \/>\t\t\t&nbsp; Red de invitados<br \/>\t\t\t&nbsp; WPS<br \/>\t\t\t&nbsp; Filtro de direcci&oacute;n WiFi MAC<br \/>\t\t\t&nbsp; programador inal&aacute;mbrico<br \/>\t\t\t&nbsp; Equidad de tiempo aire<br \/>\t\t\t&nbsp; Cliente RADIO<br \/>\t\t\t&nbsp; Formaci&oacute;n de haz universal<br \/>\t\t\t&nbsp; Formaci&oacute;n de haces expl&iacute;cita<br \/>\t\t\t&#8211; WAN:<br \/>\t\t\t&nbsp; Tipo de conexi&oacute;n a Internet: PPPoE, PPTP, L2TP, IP autom&aacute;tica, IP est&aacute;tica<br \/>\t\t\t&nbsp; WAN doble<br \/>\t\t\t&nbsp; Activaci&oacute;n de puertos<br \/>\t\t\t&nbsp; DMZ<br \/>\t\t\t&nbsp; DDNS<br \/>\t\t\t&nbsp; Vamos a cifrar<br \/>\t\t\t&#8211; LAN:<br \/>\t\t\t&nbsp; servidor DHCP<br \/>\t\t\t&nbsp; IPTV<br \/>\t\t\t&nbsp; Asignar manualmente la direcci&oacute;n IP<br \/>\t\t\t&#8211; VPN:<br \/>\t\t\t&nbsp; Cliente VPN L2TP<br \/>\t\t\t&nbsp; Cliente VPN OVPN<br \/>\t\t\t&nbsp; Cliente VPN PPTP<br \/>\t\t\t&nbsp; Servidor VPN IPSec<br \/>\t\t\t&nbsp; Servidor VPN OVPN<br \/>\t\t\t&nbsp; Servidor VPN PPTP<br \/>\t\t\t&#8211; Modo de funcionamiento: punto de acceso, nodo AiMesh, puente multimedia, repetidor, enrutador<br \/>\t\t\t&#8211; Sistema operativo: ASUSWRT<br \/>\t\t\t&#8211; Actualizaci&oacute;n gratuita del sistema operativo<br \/>\t\t\t&#8211; Cortafuegos<br \/>\t\t\t&#8211; SSH<br \/>\t\t\t&#8211; Despertar en LAN (WOL)<br \/>\t\t\t&#8211; Copia de seguridad y restauraci&oacute;n de la configuraci&oacute;n<br \/>\t\t\t&#8211; Herramientas de diagn&oacute;stico<br \/>\t\t\t&#8211; Sistema de retroalimentaci&oacute;n<br \/>\t\t\t&#8211; Registro del sistema<br \/>\t\t\t&#8211; Peso: 374g<\/td>\n<\/tr>\n<tr>\n<td valign=\"top\"><strong>Fecha Revisi&oacute;n<\/strong><\/td>\n<td>10-07-2023 por RTY<\/td>\n<\/tr>\n<\/table>\n","protected":false},"excerpt":{"rendered":"<p>&nbsp; Marca Asus Modelo 90IG06Z0-MO3C00 Caracter&iacute;sticas &#8211; Est&aacute;ndar de red: &nbsp; IEEE 802.11a &nbsp; IEEE 802.11b &nbsp; IEEE 802.11g &nbsp; WiFi 4 (802.11n) &nbsp; WiFi 5 (802.11ac) &nbsp; WiFi 6 (802.11ax) &nbsp; IPv4 &nbsp; IPv6 &#8211; Segmento de producto: AX3000 ultimate AX performance 2402 Mbps+ 574 Mbps &#8211; Tecnolog&iacute;a AX &#8211; Velocidad de datos: &nbsp;&hellip;&nbsp;<a href=\"https:\/\/aivlisoft.net\/shop\/producto\/asus-rt-ax57-router-ax3000-wifi6-1xwan-4xlan\/\" rel=\"bookmark\"><span class=\"screen-reader-text\">Asus RT-AX57 Router AX3000 WiFi6 1xWAN 4xLAN<\/span><\/a><\/p>\n","protected":false},"featured_media":19181,"template":"","meta":{"neve_meta_sidebar":"","neve_meta_container":"","neve_meta_enable_content_width":"","neve_meta_content_width":0,"neve_meta_title_alignment":"","neve_meta_author_avatar":"","neve_post_elements_order":"","neve_meta_disable_header":"","neve_meta_disable_footer":"","neve_meta_disable_title":""},"product_brand":[],"product_cat":[15,8768,6832],"product_tag":[6944],"class_list":{"0":"post-19180","1":"product","2":"type-product","3":"status-publish","4":"has-post-thumbnail","6":"product_cat-sin-categorizar","7":"product_cat-routers-adsl","8":"product_cat-routers-modems","9":"product_tag-90ig06z0-mo3c00","11":"first","12":"instock","13":"taxable","14":"shipping-taxable","15":"purchasable","16":"product-type-simple"},"yoast_head":"<!-- This site is optimized with the Yoast SEO plugin v26.0 - https:\/\/yoast.com\/wordpress\/plugins\/seo\/ -->\n<title>Asus RT-AX57 Router AX3000 WiFi6 1xWAN 4xLAN - Aivlisoft Inform\u00e1tica<\/title>\n<meta name=\"robots\" content=\"index, follow, max-snippet:-1, max-image-preview:large, max-video-preview:-1\" \/>\n<link rel=\"canonical\" href=\"https:\/\/aivlisoft.net\/shop\/producto\/asus-rt-ax57-router-ax3000-wifi6-1xwan-4xlan\/\" \/>\n<meta property=\"og:locale\" content=\"es_ES\" \/>\n<meta property=\"og:type\" content=\"article\" \/>\n<meta property=\"og:title\" content=\"Asus RT-AX57 Router AX3000 WiFi6 1xWAN 4xLAN - Aivlisoft Inform\u00e1tica\" \/>\n<meta property=\"og:description\" content=\"&nbsp; Marca Asus Modelo 90IG06Z0-MO3C00 Caracter&iacute;sticas &#8211; Est&aacute;ndar de red: &nbsp; IEEE 802.11a &nbsp; IEEE 802.11b &nbsp; IEEE 802.11g &nbsp; WiFi 4 (802.11n) &nbsp; WiFi 5 (802.11ac) &nbsp; WiFi 6 (802.11ax) &nbsp; IPv4 &nbsp; IPv6 &#8211; Segmento de producto: AX3000 ultimate AX performance 2402 Mbps+ 574 Mbps &#8211; Tecnolog&iacute;a AX &#8211; Velocidad de datos: &nbsp;&hellip;&nbsp;Asus RT-AX57 Router AX3000 WiFi6 1xWAN 4xLAN\" \/>\n<meta property=\"og:url\" content=\"https:\/\/aivlisoft.net\/shop\/producto\/asus-rt-ax57-router-ax3000-wifi6-1xwan-4xlan\/\" \/>\n<meta property=\"og:site_name\" content=\"Aivlisoft Inform\u00e1tica\" \/>\n<meta property=\"article:modified_time\" content=\"2025-01-14T19:57:37+00:00\" \/>\n<meta property=\"og:image\" content=\"https:\/\/aivlisoft.net\/shop\/wp-content\/uploads\/2025\/01\/NROINA0377_800.jpg\" \/>\n\t<meta property=\"og:image:width\" content=\"800\" \/>\n\t<meta property=\"og:image:height\" content=\"800\" \/>\n\t<meta property=\"og:image:type\" content=\"image\/jpeg\" \/>\n<meta name=\"twitter:card\" content=\"summary_large_image\" \/>\n<meta name=\"twitter:label1\" content=\"Tiempo de lectura\" \/>\n\t<meta name=\"twitter:data1\" content=\"3 minutos\" \/>\n<script type=\"application\/ld+json\" class=\"yoast-schema-graph\">{\"@context\":\"https:\/\/schema.org\",\"@graph\":[{\"@type\":\"WebPage\",\"@id\":\"https:\/\/aivlisoft.net\/shop\/producto\/asus-rt-ax57-router-ax3000-wifi6-1xwan-4xlan\/\",\"url\":\"https:\/\/aivlisoft.net\/shop\/producto\/asus-rt-ax57-router-ax3000-wifi6-1xwan-4xlan\/\",\"name\":\"Asus RT-AX57 Router AX3000 WiFi6 1xWAN 4xLAN - Aivlisoft Inform\u00e1tica\",\"isPartOf\":{\"@id\":\"https:\/\/aivlisoft.net\/shop\/#website\"},\"primaryImageOfPage\":{\"@id\":\"https:\/\/aivlisoft.net\/shop\/producto\/asus-rt-ax57-router-ax3000-wifi6-1xwan-4xlan\/#primaryimage\"},\"image\":{\"@id\":\"https:\/\/aivlisoft.net\/shop\/producto\/asus-rt-ax57-router-ax3000-wifi6-1xwan-4xlan\/#primaryimage\"},\"thumbnailUrl\":\"https:\/\/aivlisoft.net\/shop\/wp-content\/uploads\/2025\/01\/NROINA0377_800.jpg\",\"datePublished\":\"2025-01-13T15:29:45+00:00\",\"dateModified\":\"2025-01-14T19:57:37+00:00\",\"breadcrumb\":{\"@id\":\"https:\/\/aivlisoft.net\/shop\/producto\/asus-rt-ax57-router-ax3000-wifi6-1xwan-4xlan\/#breadcrumb\"},\"inLanguage\":\"es\",\"potentialAction\":[{\"@type\":\"ReadAction\",\"target\":[\"https:\/\/aivlisoft.net\/shop\/producto\/asus-rt-ax57-router-ax3000-wifi6-1xwan-4xlan\/\"]}]},{\"@type\":\"ImageObject\",\"inLanguage\":\"es\",\"@id\":\"https:\/\/aivlisoft.net\/shop\/producto\/asus-rt-ax57-router-ax3000-wifi6-1xwan-4xlan\/#primaryimage\",\"url\":\"https:\/\/aivlisoft.net\/shop\/wp-content\/uploads\/2025\/01\/NROINA0377_800.jpg\",\"contentUrl\":\"https:\/\/aivlisoft.net\/shop\/wp-content\/uploads\/2025\/01\/NROINA0377_800.jpg\",\"width\":800,\"height\":800},{\"@type\":\"BreadcrumbList\",\"@id\":\"https:\/\/aivlisoft.net\/shop\/producto\/asus-rt-ax57-router-ax3000-wifi6-1xwan-4xlan\/#breadcrumb\",\"itemListElement\":[{\"@type\":\"ListItem\",\"position\":1,\"name\":\"Portada\",\"item\":\"https:\/\/aivlisoft.net\/shop\/\"},{\"@type\":\"ListItem\",\"position\":2,\"name\":\"Tienda\",\"item\":\"https:\/\/aivlisoft.net\/shop\/tienda\/\"},{\"@type\":\"ListItem\",\"position\":3,\"name\":\"Asus RT-AX57 Router AX3000 WiFi6 1xWAN 4xLAN\"}]},{\"@type\":\"WebSite\",\"@id\":\"https:\/\/aivlisoft.net\/shop\/#website\",\"url\":\"https:\/\/aivlisoft.net\/shop\/\",\"name\":\"Aivlisoft Inform\u00e1tica\",\"description\":\"En Aivlisoft Inform\u00e1tica ofrecemos soluciones tecnol\u00f3gicas para empresas: venta de ordenadores, consumibles, perif\u00e9ricos y m\u00e1s. Calidad, atenci\u00f3n personalizada y los mejores precios para tu negocio.\",\"publisher\":{\"@id\":\"https:\/\/aivlisoft.net\/shop\/#organization\"},\"potentialAction\":[{\"@type\":\"SearchAction\",\"target\":{\"@type\":\"EntryPoint\",\"urlTemplate\":\"https:\/\/aivlisoft.net\/shop\/?s={search_term_string}\"},\"query-input\":{\"@type\":\"PropertyValueSpecification\",\"valueRequired\":true,\"valueName\":\"search_term_string\"}}],\"inLanguage\":\"es\"},{\"@type\":\"Organization\",\"@id\":\"https:\/\/aivlisoft.net\/shop\/#organization\",\"name\":\"Aivlisoft Inform\u00e1tica\",\"url\":\"https:\/\/aivlisoft.net\/shop\/\",\"logo\":{\"@type\":\"ImageObject\",\"inLanguage\":\"es\",\"@id\":\"https:\/\/aivlisoft.net\/shop\/#\/schema\/logo\/image\/\",\"url\":\"https:\/\/aivlisoft.net\/shop\/wp-content\/uploads\/2024\/12\/removal.ai_5b848c54-0cdf-4140-95c5-c5536bb7573b-logodef.png\",\"contentUrl\":\"https:\/\/aivlisoft.net\/shop\/wp-content\/uploads\/2024\/12\/removal.ai_5b848c54-0cdf-4140-95c5-c5536bb7573b-logodef.png\",\"width\":484,\"height\":182,\"caption\":\"Aivlisoft Inform\u00e1tica\"},\"image\":{\"@id\":\"https:\/\/aivlisoft.net\/shop\/#\/schema\/logo\/image\/\"}}]}<\/script>\n<!-- \/ Yoast SEO plugin. -->","yoast_head_json":{"title":"Asus RT-AX57 Router AX3000 WiFi6 1xWAN 4xLAN - Aivlisoft Inform\u00e1tica","robots":{"index":"index","follow":"follow","max-snippet":"max-snippet:-1","max-image-preview":"max-image-preview:large","max-video-preview":"max-video-preview:-1"},"canonical":"https:\/\/aivlisoft.net\/shop\/producto\/asus-rt-ax57-router-ax3000-wifi6-1xwan-4xlan\/","og_locale":"es_ES","og_type":"article","og_title":"Asus RT-AX57 Router AX3000 WiFi6 1xWAN 4xLAN - Aivlisoft Inform\u00e1tica","og_description":"&nbsp; Marca Asus Modelo 90IG06Z0-MO3C00 Caracter&iacute;sticas &#8211; Est&aacute;ndar de red: &nbsp; IEEE 802.11a &nbsp; IEEE 802.11b &nbsp; IEEE 802.11g &nbsp; WiFi 4 (802.11n) &nbsp; WiFi 5 (802.11ac) &nbsp; WiFi 6 (802.11ax) &nbsp; IPv4 &nbsp; IPv6 &#8211; Segmento de producto: AX3000 ultimate AX performance 2402 Mbps+ 574 Mbps &#8211; Tecnolog&iacute;a AX &#8211; Velocidad de datos: &nbsp;&hellip;&nbsp;Asus RT-AX57 Router AX3000 WiFi6 1xWAN 4xLAN","og_url":"https:\/\/aivlisoft.net\/shop\/producto\/asus-rt-ax57-router-ax3000-wifi6-1xwan-4xlan\/","og_site_name":"Aivlisoft Inform\u00e1tica","article_modified_time":"2025-01-14T19:57:37+00:00","og_image":[{"width":800,"height":800,"url":"https:\/\/aivlisoft.net\/shop\/wp-content\/uploads\/2025\/01\/NROINA0377_800.jpg","type":"image\/jpeg"}],"twitter_card":"summary_large_image","twitter_misc":{"Tiempo de lectura":"3 minutos"},"schema":{"@context":"https:\/\/schema.org","@graph":[{"@type":"WebPage","@id":"https:\/\/aivlisoft.net\/shop\/producto\/asus-rt-ax57-router-ax3000-wifi6-1xwan-4xlan\/","url":"https:\/\/aivlisoft.net\/shop\/producto\/asus-rt-ax57-router-ax3000-wifi6-1xwan-4xlan\/","name":"Asus RT-AX57 Router AX3000 WiFi6 1xWAN 4xLAN - Aivlisoft Inform\u00e1tica","isPartOf":{"@id":"https:\/\/aivlisoft.net\/shop\/#website"},"primaryImageOfPage":{"@id":"https:\/\/aivlisoft.net\/shop\/producto\/asus-rt-ax57-router-ax3000-wifi6-1xwan-4xlan\/#primaryimage"},"image":{"@id":"https:\/\/aivlisoft.net\/shop\/producto\/asus-rt-ax57-router-ax3000-wifi6-1xwan-4xlan\/#primaryimage"},"thumbnailUrl":"https:\/\/aivlisoft.net\/shop\/wp-content\/uploads\/2025\/01\/NROINA0377_800.jpg","datePublished":"2025-01-13T15:29:45+00:00","dateModified":"2025-01-14T19:57:37+00:00","breadcrumb":{"@id":"https:\/\/aivlisoft.net\/shop\/producto\/asus-rt-ax57-router-ax3000-wifi6-1xwan-4xlan\/#breadcrumb"},"inLanguage":"es","potentialAction":[{"@type":"ReadAction","target":["https:\/\/aivlisoft.net\/shop\/producto\/asus-rt-ax57-router-ax3000-wifi6-1xwan-4xlan\/"]}]},{"@type":"ImageObject","inLanguage":"es","@id":"https:\/\/aivlisoft.net\/shop\/producto\/asus-rt-ax57-router-ax3000-wifi6-1xwan-4xlan\/#primaryimage","url":"https:\/\/aivlisoft.net\/shop\/wp-content\/uploads\/2025\/01\/NROINA0377_800.jpg","contentUrl":"https:\/\/aivlisoft.net\/shop\/wp-content\/uploads\/2025\/01\/NROINA0377_800.jpg","width":800,"height":800},{"@type":"BreadcrumbList","@id":"https:\/\/aivlisoft.net\/shop\/producto\/asus-rt-ax57-router-ax3000-wifi6-1xwan-4xlan\/#breadcrumb","itemListElement":[{"@type":"ListItem","position":1,"name":"Portada","item":"https:\/\/aivlisoft.net\/shop\/"},{"@type":"ListItem","position":2,"name":"Tienda","item":"https:\/\/aivlisoft.net\/shop\/tienda\/"},{"@type":"ListItem","position":3,"name":"Asus RT-AX57 Router AX3000 WiFi6 1xWAN 4xLAN"}]},{"@type":"WebSite","@id":"https:\/\/aivlisoft.net\/shop\/#website","url":"https:\/\/aivlisoft.net\/shop\/","name":"Aivlisoft Inform\u00e1tica","description":"En Aivlisoft Inform\u00e1tica ofrecemos soluciones tecnol\u00f3gicas para empresas: venta de ordenadores, consumibles, perif\u00e9ricos y m\u00e1s. Calidad, atenci\u00f3n personalizada y los mejores precios para tu negocio.","publisher":{"@id":"https:\/\/aivlisoft.net\/shop\/#organization"},"potentialAction":[{"@type":"SearchAction","target":{"@type":"EntryPoint","urlTemplate":"https:\/\/aivlisoft.net\/shop\/?s={search_term_string}"},"query-input":{"@type":"PropertyValueSpecification","valueRequired":true,"valueName":"search_term_string"}}],"inLanguage":"es"},{"@type":"Organization","@id":"https:\/\/aivlisoft.net\/shop\/#organization","name":"Aivlisoft Inform\u00e1tica","url":"https:\/\/aivlisoft.net\/shop\/","logo":{"@type":"ImageObject","inLanguage":"es","@id":"https:\/\/aivlisoft.net\/shop\/#\/schema\/logo\/image\/","url":"https:\/\/aivlisoft.net\/shop\/wp-content\/uploads\/2024\/12\/removal.ai_5b848c54-0cdf-4140-95c5-c5536bb7573b-logodef.png","contentUrl":"https:\/\/aivlisoft.net\/shop\/wp-content\/uploads\/2024\/12\/removal.ai_5b848c54-0cdf-4140-95c5-c5536bb7573b-logodef.png","width":484,"height":182,"caption":"Aivlisoft Inform\u00e1tica"},"image":{"@id":"https:\/\/aivlisoft.net\/shop\/#\/schema\/logo\/image\/"}}]}},"_links":{"self":[{"href":"https:\/\/aivlisoft.net\/shop\/wp-json\/wp\/v2\/product\/19180","targetHints":{"allow":["GET"]}}],"collection":[{"href":"https:\/\/aivlisoft.net\/shop\/wp-json\/wp\/v2\/product"}],"about":[{"href":"https:\/\/aivlisoft.net\/shop\/wp-json\/wp\/v2\/types\/product"}],"wp:featuredmedia":[{"embeddable":true,"href":"https:\/\/aivlisoft.net\/shop\/wp-json\/wp\/v2\/media\/19181"}],"wp:attachment":[{"href":"https:\/\/aivlisoft.net\/shop\/wp-json\/wp\/v2\/media?parent=19180"}],"wp:term":[{"taxonomy":"product_brand","embeddable":true,"href":"https:\/\/aivlisoft.net\/shop\/wp-json\/wp\/v2\/product_brand?post=19180"},{"taxonomy":"product_cat","embeddable":true,"href":"https:\/\/aivlisoft.net\/shop\/wp-json\/wp\/v2\/product_cat?post=19180"},{"taxonomy":"product_tag","embeddable":true,"href":"https:\/\/aivlisoft.net\/shop\/wp-json\/wp\/v2\/product_tag?post=19180"}],"curies":[{"name":"wp","href":"https:\/\/api.w.org\/{rel}","templated":true}]}}