{"id":19176,"date":"2025-01-13T15:29:43","date_gmt":"2025-01-13T15:29:43","guid":{"rendered":"https:\/\/aivlisoft.com\/?post_type=product&#038;p=19176"},"modified":"2025-01-14T19:57:38","modified_gmt":"2025-01-14T19:57:38","slug":"grandstream-gwn7062-router-wifi6-1xwan-4xgbe","status":"publish","type":"product","link":"https:\/\/aivlisoft.net\/shop\/producto\/grandstream-gwn7062-router-wifi6-1xwan-4xgbe\/","title":{"rendered":"Grandstream GWN7062 Router WiFi6 1xWAN 4xGbE"},"content":{"rendered":"<p><strong>Router Wi-Fi 6 de Doble Banda<\/strong><br \/>El GWN7062 es un router seguro de doble banda equipado con la tecnolog&iacute;a Wi-Fi 6 (802.11ax) m&aacute;s reciente. Ideal para oficinas peque&ntilde;as, oficinas en casa y empleados remotos, el GWN7062 proporciona MU-MIMO 2&#215;2:2 de doble banda con tecnolog&iacute;a DL\/UL OFDMA y soporta redes mesh inal&aacute;mbricas y conexiones cableadas para puntos de acceso. Cuenta con un potente procesador Quad Core 1.2GHz de 64 bits para ofrecer velocidades ultrarr&aacute;pidas de Wi-Fi de hasta 1.77 Gbps con capacidad de datos 4 veces mayor para 256 dispositivos inal&aacute;mbricos, permitiendo que el GWN7062 haga funcionar la automatizaci&oacute;n inteligente de la casa y oficina, la transmisi&oacute;n fluida 4K y Ultra HD, las reuniones web, las videoconferencias, los juegos en l&iacute;nea y m&aacute;s. Soporta una VPN para permitir que los empleados remotos se conecten de forma segura a la red corporativa de las oficinas en casa u oficinas auxiliares. El GWN7062 tambi&eacute;n proporciona elementos de seguridad dise&ntilde;ados para empresas para garantizar un acceso seguro a Wi-Fi y VPN, incluyendo certificados de seguridad &uacute;nicos y contrase&ntilde;as predeterminadas aleatorias. Para garantizar la facilidad de su instalaci&oacute;n y gesti&oacute;n, el GWN7062 incluye un controlador integrado en la interfaz de usuario web del producto. Tambi&eacute;n est&aacute; respaldado por GWN.Cloud (pr&oacute;ximamente disponible), la plataforma gratuita de gesti&oacute;n Wi-Fi en la nube de Grandstream. Gracias a la combinaci&oacute;n de velocidades aceleradas de Wi-Fi, redes mesh y conexiones cableadas para puntos de acceso con caracter&iacute;sticas avanzadas incluyendo VPN, tecnolog&iacute;a Beamforming y QoS inteligente, el GWN7062 es el router ideal para una red dom&eacute;stica cada vez mayor<br \/>&nbsp;<\/p>\n<table class=\"tabla_caracteristicas k-table\" width=\"100%\">\n<tr>\n<td valign=\"top\"><strong>Marca<\/strong><\/td>\n<td>Grandstream<\/td>\n<\/tr>\n<tr>\n<td valign=\"top\"><strong>Modelo<\/strong><\/td>\n<td valign=\"top\"><strong>GWN7062<\/strong><\/td>\n<\/tr>\n<tr>\n<td valign=\"top\">\n<div><strong>Caracteristicas <\/strong><\/div>\n<div><strong>de hardware<\/strong><\/div>\n<\/td>\n<td>&#8211; Puertos:<br \/>\t\t\t&nbsp; 1 x puerto WAN Gigabit Ethernet<br \/>\t\t\t&nbsp; 1 x puertos Gigabit Ethernet  (configurable como WAN\/LAN)<br \/>\t\t\t&nbsp; 3 x puerto LAN Gigabit Ethernet<br \/>\t\t\t&nbsp; 1 x puerto USB 3.0 (auxiliar)<br \/>\t\t\t&nbsp; 1 x bot&oacute;n Reset<br \/>\t\t\t&nbsp; 1 x bot&oacute;n SYNC<br \/>\t\t\t&#8211; Alimentaci&oacute;n:<br \/>\t\t\t&nbsp; Entrada: 100-240VAC 50-60Hz<br \/>\t\t\t&nbsp; Salida: 12VDC 1.5A (18W)<br \/>\t\t\t&nbsp; *Adaptador de corriente universal incluido<br \/>\t\t\t&#8211; Memoria:<br \/>\t\t\t&nbsp; 512 MB RAM<br \/>\t\t\t&nbsp; 120,000 sesiones NAT<br \/>\t\t\t&#8211; Procesador: 1.2GHz quad-core 64 bits<\/td>\n<\/tr>\n<tr>\n<td valign=\"top\">\n<div><strong>Caracteristicas<br \/>\t\t\tinalambricas<\/strong><\/div>\n<\/td>\n<td>&#8211; Normas de Wi-Fi: IEEE 802.11 a\/b\/g\/n\/ac\/ax<br \/>\t\t\t&#8211; Antenas:<br \/>\t\t\t&nbsp; 4 x antenas internas individuales, 2 por banda<br \/>\t\t\t&nbsp; 2.4 GHz, ganancia m&aacute;xima 4.5dBi<br \/>\t\t\t&nbsp; 5 GHz, ganancia m&aacute;xima 5dBi<br \/>\t\t\t&#8211; Velocidades de Datos Wi-Fi 5G:<br \/>\t\t\t&nbsp; IEEE 802.11ax: 7.3 Mbps a 1201 Mbps<br role=\"presentation\" \/>\t\t\t&nbsp; IEEE 802.11ac: 6.5 Mbps a 867 Mbps<br role=\"presentation\" \/>\t\t\t&nbsp; IEEE 802.11n: 6.5 Mbps a 300 Mbps<br role=\"presentation\" \/>\t\t\t&nbsp; IEEE 802.11a: 6, 9, 12, 18, 24, 36, 48, 54 Mbps<br \/>\t\t\t&#8211; Velocidades de Datos 2.4G:<br \/>\t\t\t&nbsp; IEEE 802.11ax: 7.3 Mbps a 573.5 Mbps<br role=\"presentation\" \/>\t\t\t&nbsp; IEEE 802.11n: 6.5 Mbps a 300 Mbps<br role=\"presentation\" \/>\t\t\t&nbsp; IEEE 802.11b: 1, 2, 5.5, 11 Mbps<br role=\"presentation\" \/>\t\t\t&nbsp; IEEE 802.11g: 6, 9, 12, 18, 24, 36, 48, 54 Mbps<br \/>\t\t\t*El rendimiento real puede variar dependiendo de muchos factores incluyendo las condiciones ambientales, la distancia entre los dispositivos, la interferencia de radio en el entorno de operaci&oacute;n y la mezcla de dispositivos en la red<br \/>\t\t\t&#8211; Bandas de Frecuencia<br \/>\t\t\t&nbsp; Radio 2.4GHz: 2400 &#8211; 2483.5MHz<br \/>\t\t\t&nbsp; (2412-2472MHz es el rango de frecuencia central de los canales; 2400-2483.5MHz es la banda de frecuencia)<br \/>\t\t\t&nbsp; Radio 5GHz: 5150 &#8211; 5850MHz<br \/>\t\t\t*No todas las bandas de frecuencia pueden usarse en todas las regiones.<br \/>\t\t\t&#8211; Ancho de Banda de los canales:<br \/>\t\t\t&nbsp; 2.4G: 20 y 40 MHz<br \/>\t\t\t&nbsp; 5G: 20, 40 y 80 MHz<br \/>\t\t\t&#8211; Wi-Fi y Seguridad<br \/>\t\t\t&nbsp; WPA\/WPA2-PSK, WPA\/WPA2 Enterprise (TKIP\/AES)<br \/>\t\t\t&nbsp; WPA3, arranque seguro anti-hackeo y bloqueo de seguridad de datos cr&iacute;ticos\/control por medio de firmas digitales, certificado &uacute;nico de seguridad y contrase&ntilde;a predeterminada aleatoria por dispositivo<br \/>\t\t\t&#8211; MU-MIMO:<br \/>\t\t\t&nbsp; 2&times;2:2 2.4 GHz<br \/>\t\t\t&nbsp; 2&times;2:2 5GHz<br \/>\t\t\t&#8211; Potencia TX M&aacute;xima:<br \/>\t\t\t&nbsp; 2.4G: 27 dBm<br \/>\t\t\t&nbsp; 5G: 26 dBm<br \/>\t\t\t*La potencia m&aacute;xima var&iacute;a por pa&iacute;s, banda de frecuencia y velocidad de MCS<br \/>\t\t\t&#8211; Sensibilidad del Receptor 2,4G:<br \/>\t\t\t&nbsp; 802.11b: -97dBm@1Mbps, -89dBm@11Mbps;<br \/>\t\t\t&nbsp; 802.11g: -93dBm @6Mbps, -75dBm@54Mbps;<br \/>\t\t\t&nbsp; 802.11n 20MHz: -73dBm @MCS7; 802.11n 40MHz: -70dBm @MCS7;<br \/>\t\t\t&nbsp; 802.11ax 20MHz: -64dBm @ MCS11; 802.11ax 40MHz: -63dBm @MCS11<br \/>\t\t\t&#8211; Sensibilidad del Receptor 5G:<br \/>\t\t\t&nbsp; 802.11a: -93dBm @6Mbps, -75dBm @54Mbps;<br \/>\t\t\t&nbsp; 802.11n: 20MHz: -73dBm @MCS7; 802.11n 40MHz: -70dBm @MCS7<br \/>\t\t\t&nbsp; 802.11ac 20MHz: -70dBm@MCS8; 802.11ac: HT40:- 66dBm @MCS9; 802.11ac 80MHz: -62dBm @MCS9;<br \/>\t\t\t&nbsp; 802.11ax 20MHz: -64dBm @ MCS11; 802.11ax 40MHz: -61dBm @MCS11;802.11ax 80MHz: -58dBm @MCS11<br \/>\t\t\t&#8211; SSIDs: 32 SSIDs en total, 16 por radio (2.4GHz y 5GHz)<br \/>\t\t\t&#8211; Dispositivos Simult&aacute;neos hasta 100 dispositivos al mismo tiempo<\/td>\n<\/tr>\n<tr>\n<td valign=\"top\">\n<div><strong>Otras caracteristicas<\/strong><\/div>\n<\/td>\n<td><strong>Protocolos<\/strong><br \/>\t\t\t&#8211; IPv4<br \/>\t\t\t&#8211; IPv6<br \/>\t\t\t&#8211; 802.1Q<br \/>\t\t\t&#8211; 802.1p<br \/>\t\t\t&#8211; 802.1x<br \/>\t\t\t&#8211; 802.11e\/WMM<br \/>\t\t\t<strong>QoS<\/strong><br \/>\t\t\t&#8211; 802.11e\/WMM<br \/>\t\t\t&#8211; VLAN<br \/>\t\t\t&#8211; TOS<br \/>\t\t\t<strong>Firewall<\/strong><br \/>\t\t\t&#8211; DDNS<br \/>\t\t\t&#8211; Port Forwarding<br \/>\t\t\t&#8211; DMZ<br \/>\t\t\t&#8211; UPnP<br \/>\t\t\t&#8211; Anti-DoS<br \/>\t\t\t&#8211; Reglas de tr&aacute;fico<br \/>\t\t\t&#8211; NAT<br \/>\t\t\t&#8211; ALG<br \/>\t\t\t<strong>VPN<\/strong><br \/>\t\t\t&#8211; Cliente: L2TP, PPTP, IPSec<br \/>\t\t\t&#8211; Servidor: IPSec, OpenVPN<br \/>\t\t\t<strong>Entorno<\/strong><br \/>\t\t\t&#8211; Operaci&oacute;n: 0 &deg;C a 50 &deg;C<br \/>\t\t\t&#8211; Almacenamiento: -30 &deg;C a 60 &deg;C<br \/>\t\t\t&#8211; Humedad: 10% a 90% sin condensaci&oacute;n<br \/>\t\t\t<strong>Dimensiones y peso<\/strong><br \/>\t\t\t&#8211; Dimensi&oacute;n sin antenas: 95 mm x 95 mm x 193 mm<br \/>\t\t\t&#8211; Peso de la Unidad: 690 g<br \/>\t\t\t<strong>Contenido<\/strong><br \/>\t\t\t&#8211; Router GWN7062<br \/>\t\t\t&#8211; Fuente de alimentaci&oacute;n universal<br \/>\t\t\t&#8211; Cable de red<br \/>\t\t\t&#8211; Gu&iacute;a de Instalaci&oacute;n R&aacute;pida<\/td>\n<\/tr>\n<tr>\n<td valign=\"top\"><strong>Fecha Revisi&oacute;n<\/strong><\/td>\n<td>25-01-2023 por RTY<\/td>\n<\/tr>\n<\/table>\n","protected":false},"excerpt":{"rendered":"<p>Router Wi-Fi 6 de Doble BandaEl GWN7062 es un router seguro de doble banda equipado con la tecnolog&iacute;a Wi-Fi 6 (802.11ax) m&aacute;s reciente. Ideal para oficinas peque&ntilde;as, oficinas en casa y empleados remotos, el GWN7062 proporciona MU-MIMO 2&#215;2:2 de doble banda con tecnolog&iacute;a DL\/UL OFDMA y soporta redes mesh inal&aacute;mbricas y conexiones cableadas para puntos&hellip;&nbsp;<a href=\"https:\/\/aivlisoft.net\/shop\/producto\/grandstream-gwn7062-router-wifi6-1xwan-4xgbe\/\" rel=\"bookmark\"><span class=\"screen-reader-text\">Grandstream GWN7062 Router WiFi6 1xWAN 4xGbE<\/span><\/a><\/p>\n","protected":false},"featured_media":19177,"template":"","meta":{"neve_meta_sidebar":"","neve_meta_container":"","neve_meta_enable_content_width":"","neve_meta_content_width":0,"neve_meta_title_alignment":"","neve_meta_author_avatar":"","neve_post_elements_order":"","neve_meta_disable_header":"","neve_meta_disable_footer":"","neve_meta_disable_title":""},"product_brand":[],"product_cat":[15,8768,6832],"product_tag":[6943],"class_list":{"0":"post-19176","1":"product","2":"type-product","3":"status-publish","4":"has-post-thumbnail","6":"product_cat-sin-categorizar","7":"product_cat-routers-adsl","8":"product_cat-routers-modems","9":"product_tag-gwn7062","11":"first","12":"instock","13":"taxable","14":"shipping-taxable","15":"purchasable","16":"product-type-simple"},"yoast_head":"<!-- This site is optimized with the Yoast SEO plugin v26.0 - https:\/\/yoast.com\/wordpress\/plugins\/seo\/ -->\n<title>Grandstream GWN7062 Router WiFi6 1xWAN 4xGbE - Aivlisoft Inform\u00e1tica<\/title>\n<meta name=\"robots\" content=\"index, follow, max-snippet:-1, max-image-preview:large, max-video-preview:-1\" \/>\n<link rel=\"canonical\" href=\"https:\/\/aivlisoft.net\/shop\/producto\/grandstream-gwn7062-router-wifi6-1xwan-4xgbe\/\" \/>\n<meta property=\"og:locale\" content=\"es_ES\" \/>\n<meta property=\"og:type\" content=\"article\" \/>\n<meta property=\"og:title\" content=\"Grandstream GWN7062 Router WiFi6 1xWAN 4xGbE - Aivlisoft Inform\u00e1tica\" \/>\n<meta property=\"og:description\" content=\"Router Wi-Fi 6 de Doble BandaEl GWN7062 es un router seguro de doble banda equipado con la tecnolog&iacute;a Wi-Fi 6 (802.11ax) m&aacute;s reciente. Ideal para oficinas peque&ntilde;as, oficinas en casa y empleados remotos, el GWN7062 proporciona MU-MIMO 2&#215;2:2 de doble banda con tecnolog&iacute;a DL\/UL OFDMA y soporta redes mesh inal&aacute;mbricas y conexiones cableadas para puntos&hellip;&nbsp;Grandstream GWN7062 Router WiFi6 1xWAN 4xGbE\" \/>\n<meta property=\"og:url\" content=\"https:\/\/aivlisoft.net\/shop\/producto\/grandstream-gwn7062-router-wifi6-1xwan-4xgbe\/\" \/>\n<meta property=\"og:site_name\" content=\"Aivlisoft Inform\u00e1tica\" \/>\n<meta property=\"article:modified_time\" content=\"2025-01-14T19:57:38+00:00\" \/>\n<meta property=\"og:image\" content=\"https:\/\/aivlisoft.net\/shop\/wp-content\/uploads\/2025\/01\/NROINA0375_800.jpg\" \/>\n\t<meta property=\"og:image:width\" content=\"800\" \/>\n\t<meta property=\"og:image:height\" content=\"800\" \/>\n\t<meta property=\"og:image:type\" content=\"image\/jpeg\" \/>\n<meta name=\"twitter:card\" content=\"summary_large_image\" \/>\n<meta name=\"twitter:label1\" content=\"Tiempo de lectura\" \/>\n\t<meta name=\"twitter:data1\" content=\"5 minutos\" \/>\n<script type=\"application\/ld+json\" class=\"yoast-schema-graph\">{\"@context\":\"https:\/\/schema.org\",\"@graph\":[{\"@type\":\"WebPage\",\"@id\":\"https:\/\/aivlisoft.net\/shop\/producto\/grandstream-gwn7062-router-wifi6-1xwan-4xgbe\/\",\"url\":\"https:\/\/aivlisoft.net\/shop\/producto\/grandstream-gwn7062-router-wifi6-1xwan-4xgbe\/\",\"name\":\"Grandstream GWN7062 Router WiFi6 1xWAN 4xGbE - Aivlisoft Inform\u00e1tica\",\"isPartOf\":{\"@id\":\"https:\/\/aivlisoft.net\/shop\/#website\"},\"primaryImageOfPage\":{\"@id\":\"https:\/\/aivlisoft.net\/shop\/producto\/grandstream-gwn7062-router-wifi6-1xwan-4xgbe\/#primaryimage\"},\"image\":{\"@id\":\"https:\/\/aivlisoft.net\/shop\/producto\/grandstream-gwn7062-router-wifi6-1xwan-4xgbe\/#primaryimage\"},\"thumbnailUrl\":\"https:\/\/aivlisoft.net\/shop\/wp-content\/uploads\/2025\/01\/NROINA0375_800.jpg\",\"datePublished\":\"2025-01-13T15:29:43+00:00\",\"dateModified\":\"2025-01-14T19:57:38+00:00\",\"breadcrumb\":{\"@id\":\"https:\/\/aivlisoft.net\/shop\/producto\/grandstream-gwn7062-router-wifi6-1xwan-4xgbe\/#breadcrumb\"},\"inLanguage\":\"es\",\"potentialAction\":[{\"@type\":\"ReadAction\",\"target\":[\"https:\/\/aivlisoft.net\/shop\/producto\/grandstream-gwn7062-router-wifi6-1xwan-4xgbe\/\"]}]},{\"@type\":\"ImageObject\",\"inLanguage\":\"es\",\"@id\":\"https:\/\/aivlisoft.net\/shop\/producto\/grandstream-gwn7062-router-wifi6-1xwan-4xgbe\/#primaryimage\",\"url\":\"https:\/\/aivlisoft.net\/shop\/wp-content\/uploads\/2025\/01\/NROINA0375_800.jpg\",\"contentUrl\":\"https:\/\/aivlisoft.net\/shop\/wp-content\/uploads\/2025\/01\/NROINA0375_800.jpg\",\"width\":800,\"height\":800},{\"@type\":\"BreadcrumbList\",\"@id\":\"https:\/\/aivlisoft.net\/shop\/producto\/grandstream-gwn7062-router-wifi6-1xwan-4xgbe\/#breadcrumb\",\"itemListElement\":[{\"@type\":\"ListItem\",\"position\":1,\"name\":\"Portada\",\"item\":\"https:\/\/aivlisoft.net\/shop\/\"},{\"@type\":\"ListItem\",\"position\":2,\"name\":\"Tienda\",\"item\":\"https:\/\/aivlisoft.net\/shop\/tienda\/\"},{\"@type\":\"ListItem\",\"position\":3,\"name\":\"Grandstream GWN7062 Router WiFi6 1xWAN 4xGbE\"}]},{\"@type\":\"WebSite\",\"@id\":\"https:\/\/aivlisoft.net\/shop\/#website\",\"url\":\"https:\/\/aivlisoft.net\/shop\/\",\"name\":\"Aivlisoft Inform\u00e1tica\",\"description\":\"En Aivlisoft Inform\u00e1tica ofrecemos soluciones tecnol\u00f3gicas para empresas: venta de ordenadores, consumibles, perif\u00e9ricos y m\u00e1s. Calidad, atenci\u00f3n personalizada y los mejores precios para tu negocio.\",\"publisher\":{\"@id\":\"https:\/\/aivlisoft.net\/shop\/#organization\"},\"potentialAction\":[{\"@type\":\"SearchAction\",\"target\":{\"@type\":\"EntryPoint\",\"urlTemplate\":\"https:\/\/aivlisoft.net\/shop\/?s={search_term_string}\"},\"query-input\":{\"@type\":\"PropertyValueSpecification\",\"valueRequired\":true,\"valueName\":\"search_term_string\"}}],\"inLanguage\":\"es\"},{\"@type\":\"Organization\",\"@id\":\"https:\/\/aivlisoft.net\/shop\/#organization\",\"name\":\"Aivlisoft Inform\u00e1tica\",\"url\":\"https:\/\/aivlisoft.net\/shop\/\",\"logo\":{\"@type\":\"ImageObject\",\"inLanguage\":\"es\",\"@id\":\"https:\/\/aivlisoft.net\/shop\/#\/schema\/logo\/image\/\",\"url\":\"https:\/\/aivlisoft.net\/shop\/wp-content\/uploads\/2024\/12\/removal.ai_5b848c54-0cdf-4140-95c5-c5536bb7573b-logodef.png\",\"contentUrl\":\"https:\/\/aivlisoft.net\/shop\/wp-content\/uploads\/2024\/12\/removal.ai_5b848c54-0cdf-4140-95c5-c5536bb7573b-logodef.png\",\"width\":484,\"height\":182,\"caption\":\"Aivlisoft Inform\u00e1tica\"},\"image\":{\"@id\":\"https:\/\/aivlisoft.net\/shop\/#\/schema\/logo\/image\/\"}}]}<\/script>\n<!-- \/ Yoast SEO plugin. -->","yoast_head_json":{"title":"Grandstream GWN7062 Router WiFi6 1xWAN 4xGbE - Aivlisoft Inform\u00e1tica","robots":{"index":"index","follow":"follow","max-snippet":"max-snippet:-1","max-image-preview":"max-image-preview:large","max-video-preview":"max-video-preview:-1"},"canonical":"https:\/\/aivlisoft.net\/shop\/producto\/grandstream-gwn7062-router-wifi6-1xwan-4xgbe\/","og_locale":"es_ES","og_type":"article","og_title":"Grandstream GWN7062 Router WiFi6 1xWAN 4xGbE - Aivlisoft Inform\u00e1tica","og_description":"Router Wi-Fi 6 de Doble BandaEl GWN7062 es un router seguro de doble banda equipado con la tecnolog&iacute;a Wi-Fi 6 (802.11ax) m&aacute;s reciente. Ideal para oficinas peque&ntilde;as, oficinas en casa y empleados remotos, el GWN7062 proporciona MU-MIMO 2&#215;2:2 de doble banda con tecnolog&iacute;a DL\/UL OFDMA y soporta redes mesh inal&aacute;mbricas y conexiones cableadas para puntos&hellip;&nbsp;Grandstream GWN7062 Router WiFi6 1xWAN 4xGbE","og_url":"https:\/\/aivlisoft.net\/shop\/producto\/grandstream-gwn7062-router-wifi6-1xwan-4xgbe\/","og_site_name":"Aivlisoft Inform\u00e1tica","article_modified_time":"2025-01-14T19:57:38+00:00","og_image":[{"width":800,"height":800,"url":"https:\/\/aivlisoft.net\/shop\/wp-content\/uploads\/2025\/01\/NROINA0375_800.jpg","type":"image\/jpeg"}],"twitter_card":"summary_large_image","twitter_misc":{"Tiempo de lectura":"5 minutos"},"schema":{"@context":"https:\/\/schema.org","@graph":[{"@type":"WebPage","@id":"https:\/\/aivlisoft.net\/shop\/producto\/grandstream-gwn7062-router-wifi6-1xwan-4xgbe\/","url":"https:\/\/aivlisoft.net\/shop\/producto\/grandstream-gwn7062-router-wifi6-1xwan-4xgbe\/","name":"Grandstream GWN7062 Router WiFi6 1xWAN 4xGbE - Aivlisoft Inform\u00e1tica","isPartOf":{"@id":"https:\/\/aivlisoft.net\/shop\/#website"},"primaryImageOfPage":{"@id":"https:\/\/aivlisoft.net\/shop\/producto\/grandstream-gwn7062-router-wifi6-1xwan-4xgbe\/#primaryimage"},"image":{"@id":"https:\/\/aivlisoft.net\/shop\/producto\/grandstream-gwn7062-router-wifi6-1xwan-4xgbe\/#primaryimage"},"thumbnailUrl":"https:\/\/aivlisoft.net\/shop\/wp-content\/uploads\/2025\/01\/NROINA0375_800.jpg","datePublished":"2025-01-13T15:29:43+00:00","dateModified":"2025-01-14T19:57:38+00:00","breadcrumb":{"@id":"https:\/\/aivlisoft.net\/shop\/producto\/grandstream-gwn7062-router-wifi6-1xwan-4xgbe\/#breadcrumb"},"inLanguage":"es","potentialAction":[{"@type":"ReadAction","target":["https:\/\/aivlisoft.net\/shop\/producto\/grandstream-gwn7062-router-wifi6-1xwan-4xgbe\/"]}]},{"@type":"ImageObject","inLanguage":"es","@id":"https:\/\/aivlisoft.net\/shop\/producto\/grandstream-gwn7062-router-wifi6-1xwan-4xgbe\/#primaryimage","url":"https:\/\/aivlisoft.net\/shop\/wp-content\/uploads\/2025\/01\/NROINA0375_800.jpg","contentUrl":"https:\/\/aivlisoft.net\/shop\/wp-content\/uploads\/2025\/01\/NROINA0375_800.jpg","width":800,"height":800},{"@type":"BreadcrumbList","@id":"https:\/\/aivlisoft.net\/shop\/producto\/grandstream-gwn7062-router-wifi6-1xwan-4xgbe\/#breadcrumb","itemListElement":[{"@type":"ListItem","position":1,"name":"Portada","item":"https:\/\/aivlisoft.net\/shop\/"},{"@type":"ListItem","position":2,"name":"Tienda","item":"https:\/\/aivlisoft.net\/shop\/tienda\/"},{"@type":"ListItem","position":3,"name":"Grandstream GWN7062 Router WiFi6 1xWAN 4xGbE"}]},{"@type":"WebSite","@id":"https:\/\/aivlisoft.net\/shop\/#website","url":"https:\/\/aivlisoft.net\/shop\/","name":"Aivlisoft Inform\u00e1tica","description":"En Aivlisoft Inform\u00e1tica ofrecemos soluciones tecnol\u00f3gicas para empresas: venta de ordenadores, consumibles, perif\u00e9ricos y m\u00e1s. Calidad, atenci\u00f3n personalizada y los mejores precios para tu negocio.","publisher":{"@id":"https:\/\/aivlisoft.net\/shop\/#organization"},"potentialAction":[{"@type":"SearchAction","target":{"@type":"EntryPoint","urlTemplate":"https:\/\/aivlisoft.net\/shop\/?s={search_term_string}"},"query-input":{"@type":"PropertyValueSpecification","valueRequired":true,"valueName":"search_term_string"}}],"inLanguage":"es"},{"@type":"Organization","@id":"https:\/\/aivlisoft.net\/shop\/#organization","name":"Aivlisoft Inform\u00e1tica","url":"https:\/\/aivlisoft.net\/shop\/","logo":{"@type":"ImageObject","inLanguage":"es","@id":"https:\/\/aivlisoft.net\/shop\/#\/schema\/logo\/image\/","url":"https:\/\/aivlisoft.net\/shop\/wp-content\/uploads\/2024\/12\/removal.ai_5b848c54-0cdf-4140-95c5-c5536bb7573b-logodef.png","contentUrl":"https:\/\/aivlisoft.net\/shop\/wp-content\/uploads\/2024\/12\/removal.ai_5b848c54-0cdf-4140-95c5-c5536bb7573b-logodef.png","width":484,"height":182,"caption":"Aivlisoft Inform\u00e1tica"},"image":{"@id":"https:\/\/aivlisoft.net\/shop\/#\/schema\/logo\/image\/"}}]}},"_links":{"self":[{"href":"https:\/\/aivlisoft.net\/shop\/wp-json\/wp\/v2\/product\/19176","targetHints":{"allow":["GET"]}}],"collection":[{"href":"https:\/\/aivlisoft.net\/shop\/wp-json\/wp\/v2\/product"}],"about":[{"href":"https:\/\/aivlisoft.net\/shop\/wp-json\/wp\/v2\/types\/product"}],"wp:featuredmedia":[{"embeddable":true,"href":"https:\/\/aivlisoft.net\/shop\/wp-json\/wp\/v2\/media\/19177"}],"wp:attachment":[{"href":"https:\/\/aivlisoft.net\/shop\/wp-json\/wp\/v2\/media?parent=19176"}],"wp:term":[{"taxonomy":"product_brand","embeddable":true,"href":"https:\/\/aivlisoft.net\/shop\/wp-json\/wp\/v2\/product_brand?post=19176"},{"taxonomy":"product_cat","embeddable":true,"href":"https:\/\/aivlisoft.net\/shop\/wp-json\/wp\/v2\/product_cat?post=19176"},{"taxonomy":"product_tag","embeddable":true,"href":"https:\/\/aivlisoft.net\/shop\/wp-json\/wp\/v2\/product_tag?post=19176"}],"curies":[{"name":"wp","href":"https:\/\/api.w.org\/{rel}","templated":true}]}}