{"id":19164,"date":"2025-01-13T15:29:37","date_gmt":"2025-01-13T15:29:37","guid":{"rendered":"https:\/\/aivlisoft.com\/?post_type=product&#038;p=19164"},"modified":"2025-01-14T19:57:40","modified_gmt":"2025-01-14T19:57:40","slug":"d-link-g403-eagle-pro-ai-n300-4g-smart-router","status":"publish","type":"product","link":"https:\/\/aivlisoft.net\/shop\/producto\/d-link-g403-eagle-pro-ai-n300-4g-smart-router\/","title":{"rendered":"D-Link G403 EAGLE PRO AI N300 4G Smart Router"},"content":{"rendered":"<p><strong>Una red en la que puede confiar para mantenerse conectado<\/strong><br \/>Cuando la banda ancha de su ISP se cae. Con Failover 4G LTE\/3G el router inteligente EAGLE PRO AI N300 seguir&aacute; conectado incluso cuando la banda ancha de su proveedor de servicios de Internet se caiga. Con motor de IA para priorizar el tr&aacute;fico y el ancho de banda seg&uacute;n la demanda de cada dispositivo.<\/p>\n<p><strong>Comparte su Internet m&oacute;vil<\/strong><br \/>Una vez conectado a una red 3G\/4G, actua como cualquier router de banda ancha de gama alta. Simplemente inserte su tarjeta SIM\/USIM y comparta su conexi&oacute;n 4G LTE o 3G a trav&eacute;s de una red inal&aacute;mbrica segura o cualquiera de los cuatro puertos Ethernet.<br \/>Agotar&aacute;s la bater&iacute;a y el rendimiento de un m&oacute;vil como router es muy limitado en velocidad y cobertura. Un router 4G de bajo coste como el G-403 es la opci&oacute;n ideal.<\/p>\n<p><strong>Ideal donde no llega la banda ancha<\/strong><br \/>Con&eacute;ctese a su conexi&oacute;n m&oacute;vil 4G LTE con velocidades de bajada de hasta 150 Mbps y velocidades de subida de hasta 50 Mbps1, y disfrute de una experiencia de Internet r&aacute;pida y m&aacute;s que suficiente para navegar o acceder a streaming de m&uacute;sica o v&iacute;deo.<\/p>\n<p><strong>Modo Failover<\/strong><br \/>Adem&aacute;s, si quiere conectarse tanto por banda ancha\/fibra como por datos m&oacute;viles disponen de funci&oacute;n Failover para asegurar redundancia total, si falla la conexi&oacute;n de banda ancha entrar&aacute; la red m&oacute;vil y viveversa para que nunca se quede sin conexi&oacute;n.<\/p>\n<p><strong>Con la seguridad inal&aacute;mbrica m&aacute;s avanzada<\/strong><br \/>El firewall SPI activo evita intrusiones no deseadas de Internet. Y el router utiliza cifrado inal&aacute;mbrico WPA\/WPA2 y la seguridad WPA3 m&aacute;s reciente para mantener su red inal&aacute;mbrica segura y su tr&aacute;fico seguro, permiti&eacute;ndole compartir de forma segura sus conexiones 4G LTE o 3G sin preocuparse de que los usuarios no autorizados accedan a su red.<\/p>\n<p>&nbsp;<br \/>&nbsp;<\/p>\n<table class=\"tabla_caracteristicas k-table\" width=\"100%\">\n<tr>\n<td valign=\"top\"><strong>Marca<\/strong><\/td>\n<td>D-Link<\/td>\n<\/tr>\n<tr>\n<td valign=\"top\"><strong>Modelo<\/strong><\/td>\n<td valign=\"top\"><strong>G403<\/strong><\/td>\n<\/tr>\n<tr>\n<td valign=\"top\">\n<div>&nbsp;<\/div>\n<p>\t\t\t<strong>General<\/strong>\t\t\t<\/p>\n<div>&nbsp;<\/div>\n<\/td>\n<td><strong>Interfaces de dispositivo<\/strong><br \/>\t\t\t&#8211; 4 x puertos LAN de 10\/100 Mbps<br \/>\t\t\t&#8211; 1 x puerto WAN de 10\/100 Mbps<br \/>\t\t\t&#8211; 1 x bot&oacute;n WPS<br \/>\t\t\t&#8211; 1 x bot&oacute;n de reinicio<br \/>\t\t\t&#8211; 1 x bot&oacute;n de encendido<br \/>\t\t\t&#8211; 1 x ranura para tarjeta SIM<br \/>\t\t\t&#8211; 1 x conector de alimentaci&oacute;n<br \/>\t\t\t<strong>Tipo de antena<\/strong><br \/>\t\t\t&#8211; 2 x antenas externas 4G LTE<br \/>\t\t\t&#8211; 2 x antenas esternas Wi-Fi<br \/>\t\t\t<strong>Velocidad de datos Wi-Fi<\/strong><br \/>\t\t\t&#8211; 2,4 GHz hasta 300 Mbps<br \/>\t\t\t<strong>Est&aacute;ndares<\/strong><br \/>\t\t\t&#8211; IEEE 802.11n\/g\/b<br \/>\t\t\t&#8211; IEEE 802.3u\/b<br \/>\t\t\t&#8211; IEEE 802.1 1k\/v<br \/>\t\t\t<strong>Indicadores de estado LED<\/strong><br \/>\t\t\t&#8211; Alimentaci&oacute;n<br \/>\t\t\t&#8211; Internet<br \/>\t\t\t&#8211; Wi-Fi<br \/>\t\t\t&#8211; 4G\/3G<br \/>\t\t\t&#8211; LAN<br \/>\t\t\t&#8211; Intensidad de la se&ntilde;al<br \/>\t\t\t<strong>Soporte de frecuencia<\/strong><br \/>\t\t\t&#8211; Bandas LTE:<br \/>\t\t\t&nbsp; Versi&oacute;n 10 CAT4: Banda 1\/3\/7\/8\/20\/28\/38\/40\/41<br \/>\t\t\t&nbsp; UMTS\/HSPA\/HSPA+\/DC-HSPA+: Banda 1\/8 (900\/2100 MHz)<br \/>\t\t\t&nbsp; GSM\/GPRS\/EDGE: 900\/1800 MHz<\/td>\n<\/tr>\n<tr>\n<td valign=\"top\">\n<div>&nbsp;<\/div>\n<p>\t\t\t<strong>Funcionamiento<\/strong>\t\t\t<\/p>\n<div>&nbsp;<\/div>\n<\/td>\n<td><strong>Seguridad<\/strong><br \/>\t\t\t&#8211; WPA (acceso Wi-Fi protegido), WPA2, WPA3, WPS (configuraci&oacute;n Wi-Fi protegida)<br \/>\t\t\t<strong>Caracter&iacute;sticas avanzadas<\/strong><br \/>\t\t\t&#8211; Firewall: Inspecci&oacute;n din&aacute;mica de paquetes, comprobaci&oacute;n antisuplantaci&oacute;n, filtrado de direcciones IP\/MAC, 1 DMZ<br \/>\t\t\t&#8211; Gesti&oacute;n de dispositivos: EAGLE PRO AI app (iOS y Android), Web UI<br \/>\t\t\t&#8211; Asistentes de voz: Amazon Alexa, Google Assistan<\/td>\n<\/tr>\n<tr>\n<td valign=\"top\">\n<div>&nbsp;<\/div>\n<p>\t\t\t<strong>Caracter&iacute;sticas f&iacute;sicas<\/strong><\/td>\n<td><strong>Adaptador de alimentaci&oacute;n <\/strong><br \/>\t\t\t&#8211; 12 V\/ 1 A<br \/>\t\t\t<strong>Temperatura<\/strong><br \/>\t\t\t&#8211; Funcionamiento: 0 a 40 &deg;C<br \/>\t\t\t&#8211; Almacenamiento: -10 a 70 &deg;C<br \/>\t\t\t<strong>Humedad<\/strong><br \/>\t\t\t&#8211; Funcionamiento: 10 % a 90 % sin condensaci&oacute;n<br \/>\t\t\t&#8211; Almacenamiento: 0 % a 95 % sin condensaci&oacute;n<br \/>\t\t\t<strong>Certificaciones<\/strong><br \/>\t\t\t&#8211; CE \/ NCC \/ RCM<br \/>\t\t\t<strong>Dimensiones<\/strong><br \/>\t\t\t&#8211; 208 x 121,85 x 23,5 mm<br \/>\t\t\t<strong>Peso<\/strong><br \/>\t\t\t&#8211; 290 g<\/td>\n<\/tr>\n<tr>\n<td valign=\"top\"><strong>Fecha Revisi&oacute;n<\/strong><\/td>\n<td>30-12-2022 por RTY<\/td>\n<\/tr>\n<\/table>\n","protected":false},"excerpt":{"rendered":"<p>Una red en la que puede confiar para mantenerse conectadoCuando la banda ancha de su ISP se cae. Con Failover 4G LTE\/3G el router inteligente EAGLE PRO AI N300 seguir&aacute; conectado incluso cuando la banda ancha de su proveedor de servicios de Internet se caiga. Con motor de IA para priorizar el tr&aacute;fico y el&hellip;&nbsp;<a href=\"https:\/\/aivlisoft.net\/shop\/producto\/d-link-g403-eagle-pro-ai-n300-4g-smart-router\/\" rel=\"bookmark\"><span class=\"screen-reader-text\">D-Link G403 EAGLE PRO AI N300 4G Smart Router<\/span><\/a><\/p>\n","protected":false},"featured_media":19165,"template":"","meta":{"neve_meta_sidebar":"","neve_meta_container":"","neve_meta_enable_content_width":"","neve_meta_content_width":0,"neve_meta_title_alignment":"","neve_meta_author_avatar":"","neve_post_elements_order":"","neve_meta_disable_header":"","neve_meta_disable_footer":"","neve_meta_disable_title":""},"product_brand":[],"product_cat":[15,8768,6832],"product_tag":[6940],"class_list":{"0":"post-19164","1":"product","2":"type-product","3":"status-publish","4":"has-post-thumbnail","6":"product_cat-sin-categorizar","7":"product_cat-routers-adsl","8":"product_cat-routers-modems","9":"product_tag-g403","11":"first","12":"instock","13":"taxable","14":"shipping-taxable","15":"purchasable","16":"product-type-simple"},"yoast_head":"<!-- This site is optimized with the Yoast SEO plugin v26.0 - https:\/\/yoast.com\/wordpress\/plugins\/seo\/ -->\n<title>D-Link G403 EAGLE PRO AI N300 4G Smart Router - Aivlisoft Inform\u00e1tica<\/title>\n<meta name=\"robots\" content=\"index, follow, max-snippet:-1, max-image-preview:large, max-video-preview:-1\" \/>\n<link rel=\"canonical\" href=\"https:\/\/aivlisoft.net\/shop\/producto\/d-link-g403-eagle-pro-ai-n300-4g-smart-router\/\" \/>\n<meta property=\"og:locale\" content=\"es_ES\" \/>\n<meta property=\"og:type\" content=\"article\" \/>\n<meta property=\"og:title\" content=\"D-Link G403 EAGLE PRO AI N300 4G Smart Router - Aivlisoft Inform\u00e1tica\" \/>\n<meta property=\"og:description\" content=\"Una red en la que puede confiar para mantenerse conectadoCuando la banda ancha de su ISP se cae. Con Failover 4G LTE\/3G el router inteligente EAGLE PRO AI N300 seguir&aacute; conectado incluso cuando la banda ancha de su proveedor de servicios de Internet se caiga. Con motor de IA para priorizar el tr&aacute;fico y el&hellip;&nbsp;D-Link G403 EAGLE PRO AI N300 4G Smart Router\" \/>\n<meta property=\"og:url\" content=\"https:\/\/aivlisoft.net\/shop\/producto\/d-link-g403-eagle-pro-ai-n300-4g-smart-router\/\" \/>\n<meta property=\"og:site_name\" content=\"Aivlisoft Inform\u00e1tica\" \/>\n<meta property=\"article:modified_time\" content=\"2025-01-14T19:57:40+00:00\" \/>\n<meta property=\"og:image\" content=\"https:\/\/aivlisoft.net\/shop\/wp-content\/uploads\/2025\/01\/NROINA0371_800.jpg\" \/>\n\t<meta property=\"og:image:width\" content=\"800\" \/>\n\t<meta property=\"og:image:height\" content=\"800\" \/>\n\t<meta property=\"og:image:type\" content=\"image\/jpeg\" \/>\n<meta name=\"twitter:card\" content=\"summary_large_image\" \/>\n<meta name=\"twitter:label1\" content=\"Tiempo de lectura\" \/>\n\t<meta name=\"twitter:data1\" content=\"3 minutos\" \/>\n<script type=\"application\/ld+json\" class=\"yoast-schema-graph\">{\"@context\":\"https:\/\/schema.org\",\"@graph\":[{\"@type\":\"WebPage\",\"@id\":\"https:\/\/aivlisoft.net\/shop\/producto\/d-link-g403-eagle-pro-ai-n300-4g-smart-router\/\",\"url\":\"https:\/\/aivlisoft.net\/shop\/producto\/d-link-g403-eagle-pro-ai-n300-4g-smart-router\/\",\"name\":\"D-Link G403 EAGLE PRO AI N300 4G Smart Router - Aivlisoft Inform\u00e1tica\",\"isPartOf\":{\"@id\":\"https:\/\/aivlisoft.net\/shop\/#website\"},\"primaryImageOfPage\":{\"@id\":\"https:\/\/aivlisoft.net\/shop\/producto\/d-link-g403-eagle-pro-ai-n300-4g-smart-router\/#primaryimage\"},\"image\":{\"@id\":\"https:\/\/aivlisoft.net\/shop\/producto\/d-link-g403-eagle-pro-ai-n300-4g-smart-router\/#primaryimage\"},\"thumbnailUrl\":\"https:\/\/aivlisoft.net\/shop\/wp-content\/uploads\/2025\/01\/NROINA0371_800.jpg\",\"datePublished\":\"2025-01-13T15:29:37+00:00\",\"dateModified\":\"2025-01-14T19:57:40+00:00\",\"breadcrumb\":{\"@id\":\"https:\/\/aivlisoft.net\/shop\/producto\/d-link-g403-eagle-pro-ai-n300-4g-smart-router\/#breadcrumb\"},\"inLanguage\":\"es\",\"potentialAction\":[{\"@type\":\"ReadAction\",\"target\":[\"https:\/\/aivlisoft.net\/shop\/producto\/d-link-g403-eagle-pro-ai-n300-4g-smart-router\/\"]}]},{\"@type\":\"ImageObject\",\"inLanguage\":\"es\",\"@id\":\"https:\/\/aivlisoft.net\/shop\/producto\/d-link-g403-eagle-pro-ai-n300-4g-smart-router\/#primaryimage\",\"url\":\"https:\/\/aivlisoft.net\/shop\/wp-content\/uploads\/2025\/01\/NROINA0371_800.jpg\",\"contentUrl\":\"https:\/\/aivlisoft.net\/shop\/wp-content\/uploads\/2025\/01\/NROINA0371_800.jpg\",\"width\":800,\"height\":800},{\"@type\":\"BreadcrumbList\",\"@id\":\"https:\/\/aivlisoft.net\/shop\/producto\/d-link-g403-eagle-pro-ai-n300-4g-smart-router\/#breadcrumb\",\"itemListElement\":[{\"@type\":\"ListItem\",\"position\":1,\"name\":\"Portada\",\"item\":\"https:\/\/aivlisoft.net\/shop\/\"},{\"@type\":\"ListItem\",\"position\":2,\"name\":\"Tienda\",\"item\":\"https:\/\/aivlisoft.net\/shop\/tienda\/\"},{\"@type\":\"ListItem\",\"position\":3,\"name\":\"D-Link G403 EAGLE PRO AI N300 4G Smart Router\"}]},{\"@type\":\"WebSite\",\"@id\":\"https:\/\/aivlisoft.net\/shop\/#website\",\"url\":\"https:\/\/aivlisoft.net\/shop\/\",\"name\":\"Aivlisoft Inform\u00e1tica\",\"description\":\"En Aivlisoft Inform\u00e1tica ofrecemos soluciones tecnol\u00f3gicas para empresas: venta de ordenadores, consumibles, perif\u00e9ricos y m\u00e1s. Calidad, atenci\u00f3n personalizada y los mejores precios para tu negocio.\",\"publisher\":{\"@id\":\"https:\/\/aivlisoft.net\/shop\/#organization\"},\"potentialAction\":[{\"@type\":\"SearchAction\",\"target\":{\"@type\":\"EntryPoint\",\"urlTemplate\":\"https:\/\/aivlisoft.net\/shop\/?s={search_term_string}\"},\"query-input\":{\"@type\":\"PropertyValueSpecification\",\"valueRequired\":true,\"valueName\":\"search_term_string\"}}],\"inLanguage\":\"es\"},{\"@type\":\"Organization\",\"@id\":\"https:\/\/aivlisoft.net\/shop\/#organization\",\"name\":\"Aivlisoft Inform\u00e1tica\",\"url\":\"https:\/\/aivlisoft.net\/shop\/\",\"logo\":{\"@type\":\"ImageObject\",\"inLanguage\":\"es\",\"@id\":\"https:\/\/aivlisoft.net\/shop\/#\/schema\/logo\/image\/\",\"url\":\"https:\/\/aivlisoft.net\/shop\/wp-content\/uploads\/2024\/12\/removal.ai_5b848c54-0cdf-4140-95c5-c5536bb7573b-logodef.png\",\"contentUrl\":\"https:\/\/aivlisoft.net\/shop\/wp-content\/uploads\/2024\/12\/removal.ai_5b848c54-0cdf-4140-95c5-c5536bb7573b-logodef.png\",\"width\":484,\"height\":182,\"caption\":\"Aivlisoft Inform\u00e1tica\"},\"image\":{\"@id\":\"https:\/\/aivlisoft.net\/shop\/#\/schema\/logo\/image\/\"}}]}<\/script>\n<!-- \/ Yoast SEO plugin. -->","yoast_head_json":{"title":"D-Link G403 EAGLE PRO AI N300 4G Smart Router - Aivlisoft Inform\u00e1tica","robots":{"index":"index","follow":"follow","max-snippet":"max-snippet:-1","max-image-preview":"max-image-preview:large","max-video-preview":"max-video-preview:-1"},"canonical":"https:\/\/aivlisoft.net\/shop\/producto\/d-link-g403-eagle-pro-ai-n300-4g-smart-router\/","og_locale":"es_ES","og_type":"article","og_title":"D-Link G403 EAGLE PRO AI N300 4G Smart Router - Aivlisoft Inform\u00e1tica","og_description":"Una red en la que puede confiar para mantenerse conectadoCuando la banda ancha de su ISP se cae. Con Failover 4G LTE\/3G el router inteligente EAGLE PRO AI N300 seguir&aacute; conectado incluso cuando la banda ancha de su proveedor de servicios de Internet se caiga. Con motor de IA para priorizar el tr&aacute;fico y el&hellip;&nbsp;D-Link G403 EAGLE PRO AI N300 4G Smart Router","og_url":"https:\/\/aivlisoft.net\/shop\/producto\/d-link-g403-eagle-pro-ai-n300-4g-smart-router\/","og_site_name":"Aivlisoft Inform\u00e1tica","article_modified_time":"2025-01-14T19:57:40+00:00","og_image":[{"width":800,"height":800,"url":"https:\/\/aivlisoft.net\/shop\/wp-content\/uploads\/2025\/01\/NROINA0371_800.jpg","type":"image\/jpeg"}],"twitter_card":"summary_large_image","twitter_misc":{"Tiempo de lectura":"3 minutos"},"schema":{"@context":"https:\/\/schema.org","@graph":[{"@type":"WebPage","@id":"https:\/\/aivlisoft.net\/shop\/producto\/d-link-g403-eagle-pro-ai-n300-4g-smart-router\/","url":"https:\/\/aivlisoft.net\/shop\/producto\/d-link-g403-eagle-pro-ai-n300-4g-smart-router\/","name":"D-Link G403 EAGLE PRO AI N300 4G Smart Router - Aivlisoft Inform\u00e1tica","isPartOf":{"@id":"https:\/\/aivlisoft.net\/shop\/#website"},"primaryImageOfPage":{"@id":"https:\/\/aivlisoft.net\/shop\/producto\/d-link-g403-eagle-pro-ai-n300-4g-smart-router\/#primaryimage"},"image":{"@id":"https:\/\/aivlisoft.net\/shop\/producto\/d-link-g403-eagle-pro-ai-n300-4g-smart-router\/#primaryimage"},"thumbnailUrl":"https:\/\/aivlisoft.net\/shop\/wp-content\/uploads\/2025\/01\/NROINA0371_800.jpg","datePublished":"2025-01-13T15:29:37+00:00","dateModified":"2025-01-14T19:57:40+00:00","breadcrumb":{"@id":"https:\/\/aivlisoft.net\/shop\/producto\/d-link-g403-eagle-pro-ai-n300-4g-smart-router\/#breadcrumb"},"inLanguage":"es","potentialAction":[{"@type":"ReadAction","target":["https:\/\/aivlisoft.net\/shop\/producto\/d-link-g403-eagle-pro-ai-n300-4g-smart-router\/"]}]},{"@type":"ImageObject","inLanguage":"es","@id":"https:\/\/aivlisoft.net\/shop\/producto\/d-link-g403-eagle-pro-ai-n300-4g-smart-router\/#primaryimage","url":"https:\/\/aivlisoft.net\/shop\/wp-content\/uploads\/2025\/01\/NROINA0371_800.jpg","contentUrl":"https:\/\/aivlisoft.net\/shop\/wp-content\/uploads\/2025\/01\/NROINA0371_800.jpg","width":800,"height":800},{"@type":"BreadcrumbList","@id":"https:\/\/aivlisoft.net\/shop\/producto\/d-link-g403-eagle-pro-ai-n300-4g-smart-router\/#breadcrumb","itemListElement":[{"@type":"ListItem","position":1,"name":"Portada","item":"https:\/\/aivlisoft.net\/shop\/"},{"@type":"ListItem","position":2,"name":"Tienda","item":"https:\/\/aivlisoft.net\/shop\/tienda\/"},{"@type":"ListItem","position":3,"name":"D-Link G403 EAGLE PRO AI N300 4G Smart Router"}]},{"@type":"WebSite","@id":"https:\/\/aivlisoft.net\/shop\/#website","url":"https:\/\/aivlisoft.net\/shop\/","name":"Aivlisoft Inform\u00e1tica","description":"En Aivlisoft Inform\u00e1tica ofrecemos soluciones tecnol\u00f3gicas para empresas: venta de ordenadores, consumibles, perif\u00e9ricos y m\u00e1s. Calidad, atenci\u00f3n personalizada y los mejores precios para tu negocio.","publisher":{"@id":"https:\/\/aivlisoft.net\/shop\/#organization"},"potentialAction":[{"@type":"SearchAction","target":{"@type":"EntryPoint","urlTemplate":"https:\/\/aivlisoft.net\/shop\/?s={search_term_string}"},"query-input":{"@type":"PropertyValueSpecification","valueRequired":true,"valueName":"search_term_string"}}],"inLanguage":"es"},{"@type":"Organization","@id":"https:\/\/aivlisoft.net\/shop\/#organization","name":"Aivlisoft Inform\u00e1tica","url":"https:\/\/aivlisoft.net\/shop\/","logo":{"@type":"ImageObject","inLanguage":"es","@id":"https:\/\/aivlisoft.net\/shop\/#\/schema\/logo\/image\/","url":"https:\/\/aivlisoft.net\/shop\/wp-content\/uploads\/2024\/12\/removal.ai_5b848c54-0cdf-4140-95c5-c5536bb7573b-logodef.png","contentUrl":"https:\/\/aivlisoft.net\/shop\/wp-content\/uploads\/2024\/12\/removal.ai_5b848c54-0cdf-4140-95c5-c5536bb7573b-logodef.png","width":484,"height":182,"caption":"Aivlisoft Inform\u00e1tica"},"image":{"@id":"https:\/\/aivlisoft.net\/shop\/#\/schema\/logo\/image\/"}}]}},"_links":{"self":[{"href":"https:\/\/aivlisoft.net\/shop\/wp-json\/wp\/v2\/product\/19164","targetHints":{"allow":["GET"]}}],"collection":[{"href":"https:\/\/aivlisoft.net\/shop\/wp-json\/wp\/v2\/product"}],"about":[{"href":"https:\/\/aivlisoft.net\/shop\/wp-json\/wp\/v2\/types\/product"}],"wp:featuredmedia":[{"embeddable":true,"href":"https:\/\/aivlisoft.net\/shop\/wp-json\/wp\/v2\/media\/19165"}],"wp:attachment":[{"href":"https:\/\/aivlisoft.net\/shop\/wp-json\/wp\/v2\/media?parent=19164"}],"wp:term":[{"taxonomy":"product_brand","embeddable":true,"href":"https:\/\/aivlisoft.net\/shop\/wp-json\/wp\/v2\/product_brand?post=19164"},{"taxonomy":"product_cat","embeddable":true,"href":"https:\/\/aivlisoft.net\/shop\/wp-json\/wp\/v2\/product_cat?post=19164"},{"taxonomy":"product_tag","embeddable":true,"href":"https:\/\/aivlisoft.net\/shop\/wp-json\/wp\/v2\/product_tag?post=19164"}],"curies":[{"name":"wp","href":"https:\/\/api.w.org\/{rel}","templated":true}]}}