{"id":19137,"date":"2025-01-13T15:29:20","date_gmt":"2025-01-13T15:29:20","guid":{"rendered":"https:\/\/aivlisoft.com\/?post_type=product&#038;p=19137"},"modified":"2025-01-14T19:57:44","modified_gmt":"2025-01-14T19:57:44","slug":"asus-gt-ax11000-gaming-router-wifi6-1x2-5gbe-1xwan","status":"publish","type":"product","link":"https:\/\/aivlisoft.net\/shop\/producto\/asus-gt-ax11000-gaming-router-wifi6-1x2-5gbe-1xwan\/","title":{"rendered":"Asus GT-AX11000 Gaming Router WiFi6 1&#215;2.5GbE 1xWAN"},"content":{"rendered":"<p>&nbsp;<\/p>\n<table class=\"tabla_caracteristicas k-table\" width=\"100%\">\n<tr>\n<td valign=\"top\"><strong>Marca<\/strong><\/td>\n<td>Asus<\/td>\n<\/tr>\n<tr>\n<td valign=\"top\"><strong>Modelo<\/strong><\/td>\n<td valign=\"top\"><strong>90IG04H0-MO3G00<\/strong><\/td>\n<\/tr>\n<tr>\n<td valign=\"top\">\n<div><strong>Caracter&iacute;sticas <\/strong><\/div>\n<div><strong>de hardware<\/strong><\/div>\n<\/td>\n<td>&#8211; Antena externa x 8<\/td>\n<\/tr>\n<tr>\n<td valign=\"top\">\n<div><strong>Caracter&iacute;sticas<\/strong><\/div>\n<div><strong>inal&aacute;mbricas<\/strong><\/div>\n<\/td>\n<td>&#8211; Est&aacute;ndar de red<br \/>\t\t\t&nbsp; Wi-Fi 6 (802.11ax)&nbsp;&nbsp; &nbsp;<br \/>\t\t\t&nbsp; Compatible con versiones anteriores con Wi-Fi 802.11a \/ b \/ g \/ n \/ ac<br \/>\t\t\t&#8211; Tecnolog&iacute;a AX<br \/>\t\t\t&#8211; Tasa de datos<br \/>\t\t\t&nbsp; 2.4GHz AX: 4&#215;4 (Tx \/ Rx) 1024 QAM 20 \/ 40MHz, hasta 1148Mbps<br \/>\t\t\t&nbsp; 5G-1Hz AX: 4&#215;4 (Tx \/ Rx) 1024 QAM 20\/40\/80 \/ 160MHz, hasta 4804Mbps<br \/>\t\t\t&nbsp; 5G-2Hz AX: 4&#215;4 (Tx \/ Rx) 1024 QAM 20\/40\/80 \/ 160MHz, hasta 4804Mbps<br \/>\t\t\t&#8211; Transmitir\/Recibir<br \/>\t\t\t&nbsp; 2.4 GHz 4 x 4&nbsp;&nbsp; &nbsp;<br \/>\t\t\t&nbsp; 5 GHz-1 4 x 4&nbsp;&nbsp; &nbsp;<br \/>\t\t\t&nbsp; 5 GHz-2 4 x 4<br \/>\t\t\t&#8211; Frecuencia de funcionamiento: Tri-band Wi-Fi<\/td>\n<\/tr>\n<tr>\n<td valign=\"top\"><strong>Puertos e Interfaces<\/strong><\/td>\n<td valign=\"top\">&#8211; RJ45 para Gigabits BaseT para WAN x 1<br \/>\t\t\t&#8211; RJ45 para Gigabits BaseT para LAN x 4<br \/>\t\t\t&#8211; puerto Ethernet Multi-Gig 2.5G \/ 1G x1 USB 3.1 Gen 1 x 2<\/td>\n<\/tr>\n<tr>\n<td valign=\"top\">\n<div><strong>Otras <\/strong><\/div>\n<div><strong>Caracter&iacute;sticas<\/strong><\/div>\n<\/td>\n<td>&#8211; Procesador de cuatro n&uacute;cleos a 1,8 GHz<br \/>\t\t\t&#8211; Memoria: Flash NAND de 256 MB y SDRAM DDR3 de 1 GB<br \/>\t\t\t&#8211; Bot&oacute;n: Bot&oacute;n WPS, bot&oacute;n de reinicio, bot&oacute;n de encendido, bot&oacute;n de encendido \/ apagado inal&aacute;mbrico, tecla de impulso<br \/>\t\t\t&#8211; Administraci&oacute;n<br \/>\t\t\t&nbsp; Modo operativo: Router(AiMesh router), AiMesh node, Access point, Repeater, Media bridge<br \/>\t\t\t&nbsp; Sistema operativo: ASUSWRT<br \/>\t\t\t&#8211; Indicador LED<br \/>\t\t\t&nbsp; Poder x 1<br \/>\t\t\t&nbsp; Wi-Fi x 2<br \/>\t\t\t&nbsp; WAN x 1<br \/>\t\t\t&nbsp; LAN x 1<br \/>\t\t\t&nbsp; USB x 2<br \/>\t\t\t&nbsp; WPS x 1<br \/>\t\t\t&nbsp; Puerto 2.5G x 1<br \/>\t\t\t&#8211; Suministro de energ&iacute;a<br \/>\t\t\t&nbsp; Entrada de CA: 110 V ~ 240 V (50 ~ 60 Hz)<br \/>\t\t\t&nbsp; Salida CC: 19 V con m&aacute;x. 3.42 A de corriente<br \/>\t\t\t<strong>Contenido<\/strong><br \/>\t\t\t&#8211; Enrutador para juegos extremos GT-AX11000<br \/>\t\t\t&#8211; Cable RJ-45<br \/>\t\t\t&#8211; Adaptador de corriente<br \/>\t\t\t&#8211; Gu&iacute;a de inicio r&aacute;pido<\/td>\n<\/tr>\n<tr>\n<td valign=\"top\"><strong>Fecha Revisi&oacute;n<\/strong><\/td>\n<td>21-11-2022 por MPM<\/td>\n<\/tr>\n<\/table>\n","protected":false},"excerpt":{"rendered":"<p>&nbsp; Marca Asus Modelo 90IG04H0-MO3G00 Caracter&iacute;sticas de hardware &#8211; Antena externa x 8 Caracter&iacute;sticas inal&aacute;mbricas &#8211; Est&aacute;ndar de red &nbsp; Wi-Fi 6 (802.11ax)&nbsp;&nbsp; &nbsp; &nbsp; Compatible con versiones anteriores con Wi-Fi 802.11a \/ b \/ g \/ n \/ ac &#8211; Tecnolog&iacute;a AX &#8211; Tasa de datos &nbsp; 2.4GHz AX: 4&#215;4 (Tx \/ Rx) 1024&hellip;&nbsp;<a href=\"https:\/\/aivlisoft.net\/shop\/producto\/asus-gt-ax11000-gaming-router-wifi6-1x2-5gbe-1xwan\/\" rel=\"bookmark\"><span class=\"screen-reader-text\">Asus GT-AX11000 Gaming Router WiFi6 1&#215;2.5GbE 1xWAN<\/span><\/a><\/p>\n","protected":false},"featured_media":19138,"template":"","meta":{"neve_meta_sidebar":"","neve_meta_container":"","neve_meta_enable_content_width":"","neve_meta_content_width":0,"neve_meta_title_alignment":"","neve_meta_author_avatar":"","neve_post_elements_order":"","neve_meta_disable_header":"","neve_meta_disable_footer":"","neve_meta_disable_title":""},"product_brand":[],"product_cat":[15,8768,6832],"product_tag":[6934],"class_list":{"0":"post-19137","1":"product","2":"type-product","3":"status-publish","4":"has-post-thumbnail","6":"product_cat-sin-categorizar","7":"product_cat-routers-adsl","8":"product_cat-routers-modems","9":"product_tag-90ig04h0-mo3g00","11":"first","12":"instock","13":"taxable","14":"shipping-taxable","15":"purchasable","16":"product-type-simple"},"yoast_head":"<!-- This site is optimized with the Yoast SEO plugin v26.0 - https:\/\/yoast.com\/wordpress\/plugins\/seo\/ -->\n<title>Asus GT-AX11000 Gaming Router WiFi6 1x2.5GbE 1xWAN - Aivlisoft Inform\u00e1tica<\/title>\n<meta name=\"robots\" content=\"index, follow, max-snippet:-1, max-image-preview:large, max-video-preview:-1\" \/>\n<link rel=\"canonical\" href=\"https:\/\/aivlisoft.net\/shop\/producto\/asus-gt-ax11000-gaming-router-wifi6-1x2-5gbe-1xwan\/\" \/>\n<meta property=\"og:locale\" content=\"es_ES\" \/>\n<meta property=\"og:type\" content=\"article\" \/>\n<meta property=\"og:title\" content=\"Asus GT-AX11000 Gaming Router WiFi6 1x2.5GbE 1xWAN - Aivlisoft Inform\u00e1tica\" \/>\n<meta property=\"og:description\" content=\"&nbsp; Marca Asus Modelo 90IG04H0-MO3G00 Caracter&iacute;sticas de hardware &#8211; Antena externa x 8 Caracter&iacute;sticas inal&aacute;mbricas &#8211; Est&aacute;ndar de red &nbsp; Wi-Fi 6 (802.11ax)&nbsp;&nbsp; &nbsp; &nbsp; Compatible con versiones anteriores con Wi-Fi 802.11a \/ b \/ g \/ n \/ ac &#8211; Tecnolog&iacute;a AX &#8211; Tasa de datos &nbsp; 2.4GHz AX: 4&#215;4 (Tx \/ Rx) 1024&hellip;&nbsp;Asus GT-AX11000 Gaming Router WiFi6 1&#215;2.5GbE 1xWAN\" \/>\n<meta property=\"og:url\" content=\"https:\/\/aivlisoft.net\/shop\/producto\/asus-gt-ax11000-gaming-router-wifi6-1x2-5gbe-1xwan\/\" \/>\n<meta property=\"og:site_name\" content=\"Aivlisoft Inform\u00e1tica\" \/>\n<meta property=\"article:modified_time\" content=\"2025-01-14T19:57:44+00:00\" \/>\n<meta property=\"og:image\" content=\"https:\/\/aivlisoft.net\/shop\/wp-content\/uploads\/2025\/01\/NROINA0364_800.jpg\" \/>\n\t<meta property=\"og:image:width\" content=\"800\" \/>\n\t<meta property=\"og:image:height\" content=\"800\" \/>\n\t<meta property=\"og:image:type\" content=\"image\/jpeg\" \/>\n<meta name=\"twitter:card\" content=\"summary_large_image\" \/>\n<meta name=\"twitter:label1\" content=\"Tiempo de lectura\" \/>\n\t<meta name=\"twitter:data1\" content=\"1 minuto\" \/>\n<script type=\"application\/ld+json\" class=\"yoast-schema-graph\">{\"@context\":\"https:\/\/schema.org\",\"@graph\":[{\"@type\":\"WebPage\",\"@id\":\"https:\/\/aivlisoft.net\/shop\/producto\/asus-gt-ax11000-gaming-router-wifi6-1x2-5gbe-1xwan\/\",\"url\":\"https:\/\/aivlisoft.net\/shop\/producto\/asus-gt-ax11000-gaming-router-wifi6-1x2-5gbe-1xwan\/\",\"name\":\"Asus GT-AX11000 Gaming Router WiFi6 1x2.5GbE 1xWAN - Aivlisoft Inform\u00e1tica\",\"isPartOf\":{\"@id\":\"https:\/\/aivlisoft.net\/shop\/#website\"},\"primaryImageOfPage\":{\"@id\":\"https:\/\/aivlisoft.net\/shop\/producto\/asus-gt-ax11000-gaming-router-wifi6-1x2-5gbe-1xwan\/#primaryimage\"},\"image\":{\"@id\":\"https:\/\/aivlisoft.net\/shop\/producto\/asus-gt-ax11000-gaming-router-wifi6-1x2-5gbe-1xwan\/#primaryimage\"},\"thumbnailUrl\":\"https:\/\/aivlisoft.net\/shop\/wp-content\/uploads\/2025\/01\/NROINA0364_800.jpg\",\"datePublished\":\"2025-01-13T15:29:20+00:00\",\"dateModified\":\"2025-01-14T19:57:44+00:00\",\"breadcrumb\":{\"@id\":\"https:\/\/aivlisoft.net\/shop\/producto\/asus-gt-ax11000-gaming-router-wifi6-1x2-5gbe-1xwan\/#breadcrumb\"},\"inLanguage\":\"es\",\"potentialAction\":[{\"@type\":\"ReadAction\",\"target\":[\"https:\/\/aivlisoft.net\/shop\/producto\/asus-gt-ax11000-gaming-router-wifi6-1x2-5gbe-1xwan\/\"]}]},{\"@type\":\"ImageObject\",\"inLanguage\":\"es\",\"@id\":\"https:\/\/aivlisoft.net\/shop\/producto\/asus-gt-ax11000-gaming-router-wifi6-1x2-5gbe-1xwan\/#primaryimage\",\"url\":\"https:\/\/aivlisoft.net\/shop\/wp-content\/uploads\/2025\/01\/NROINA0364_800.jpg\",\"contentUrl\":\"https:\/\/aivlisoft.net\/shop\/wp-content\/uploads\/2025\/01\/NROINA0364_800.jpg\",\"width\":800,\"height\":800},{\"@type\":\"BreadcrumbList\",\"@id\":\"https:\/\/aivlisoft.net\/shop\/producto\/asus-gt-ax11000-gaming-router-wifi6-1x2-5gbe-1xwan\/#breadcrumb\",\"itemListElement\":[{\"@type\":\"ListItem\",\"position\":1,\"name\":\"Portada\",\"item\":\"https:\/\/aivlisoft.net\/shop\/\"},{\"@type\":\"ListItem\",\"position\":2,\"name\":\"Tienda\",\"item\":\"https:\/\/aivlisoft.net\/shop\/tienda\/\"},{\"@type\":\"ListItem\",\"position\":3,\"name\":\"Asus GT-AX11000 Gaming Router WiFi6 1&#215;2.5GbE 1xWAN\"}]},{\"@type\":\"WebSite\",\"@id\":\"https:\/\/aivlisoft.net\/shop\/#website\",\"url\":\"https:\/\/aivlisoft.net\/shop\/\",\"name\":\"Aivlisoft Inform\u00e1tica\",\"description\":\"En Aivlisoft Inform\u00e1tica ofrecemos soluciones tecnol\u00f3gicas para empresas: venta de ordenadores, consumibles, perif\u00e9ricos y m\u00e1s. Calidad, atenci\u00f3n personalizada y los mejores precios para tu negocio.\",\"publisher\":{\"@id\":\"https:\/\/aivlisoft.net\/shop\/#organization\"},\"potentialAction\":[{\"@type\":\"SearchAction\",\"target\":{\"@type\":\"EntryPoint\",\"urlTemplate\":\"https:\/\/aivlisoft.net\/shop\/?s={search_term_string}\"},\"query-input\":{\"@type\":\"PropertyValueSpecification\",\"valueRequired\":true,\"valueName\":\"search_term_string\"}}],\"inLanguage\":\"es\"},{\"@type\":\"Organization\",\"@id\":\"https:\/\/aivlisoft.net\/shop\/#organization\",\"name\":\"Aivlisoft Inform\u00e1tica\",\"url\":\"https:\/\/aivlisoft.net\/shop\/\",\"logo\":{\"@type\":\"ImageObject\",\"inLanguage\":\"es\",\"@id\":\"https:\/\/aivlisoft.net\/shop\/#\/schema\/logo\/image\/\",\"url\":\"https:\/\/aivlisoft.net\/shop\/wp-content\/uploads\/2024\/12\/removal.ai_5b848c54-0cdf-4140-95c5-c5536bb7573b-logodef.png\",\"contentUrl\":\"https:\/\/aivlisoft.net\/shop\/wp-content\/uploads\/2024\/12\/removal.ai_5b848c54-0cdf-4140-95c5-c5536bb7573b-logodef.png\",\"width\":484,\"height\":182,\"caption\":\"Aivlisoft Inform\u00e1tica\"},\"image\":{\"@id\":\"https:\/\/aivlisoft.net\/shop\/#\/schema\/logo\/image\/\"}}]}<\/script>\n<!-- \/ Yoast SEO plugin. -->","yoast_head_json":{"title":"Asus GT-AX11000 Gaming Router WiFi6 1x2.5GbE 1xWAN - Aivlisoft Inform\u00e1tica","robots":{"index":"index","follow":"follow","max-snippet":"max-snippet:-1","max-image-preview":"max-image-preview:large","max-video-preview":"max-video-preview:-1"},"canonical":"https:\/\/aivlisoft.net\/shop\/producto\/asus-gt-ax11000-gaming-router-wifi6-1x2-5gbe-1xwan\/","og_locale":"es_ES","og_type":"article","og_title":"Asus GT-AX11000 Gaming Router WiFi6 1x2.5GbE 1xWAN - Aivlisoft Inform\u00e1tica","og_description":"&nbsp; Marca Asus Modelo 90IG04H0-MO3G00 Caracter&iacute;sticas de hardware &#8211; Antena externa x 8 Caracter&iacute;sticas inal&aacute;mbricas &#8211; Est&aacute;ndar de red &nbsp; Wi-Fi 6 (802.11ax)&nbsp;&nbsp; &nbsp; &nbsp; Compatible con versiones anteriores con Wi-Fi 802.11a \/ b \/ g \/ n \/ ac &#8211; Tecnolog&iacute;a AX &#8211; Tasa de datos &nbsp; 2.4GHz AX: 4&#215;4 (Tx \/ Rx) 1024&hellip;&nbsp;Asus GT-AX11000 Gaming Router WiFi6 1&#215;2.5GbE 1xWAN","og_url":"https:\/\/aivlisoft.net\/shop\/producto\/asus-gt-ax11000-gaming-router-wifi6-1x2-5gbe-1xwan\/","og_site_name":"Aivlisoft Inform\u00e1tica","article_modified_time":"2025-01-14T19:57:44+00:00","og_image":[{"width":800,"height":800,"url":"https:\/\/aivlisoft.net\/shop\/wp-content\/uploads\/2025\/01\/NROINA0364_800.jpg","type":"image\/jpeg"}],"twitter_card":"summary_large_image","twitter_misc":{"Tiempo de lectura":"1 minuto"},"schema":{"@context":"https:\/\/schema.org","@graph":[{"@type":"WebPage","@id":"https:\/\/aivlisoft.net\/shop\/producto\/asus-gt-ax11000-gaming-router-wifi6-1x2-5gbe-1xwan\/","url":"https:\/\/aivlisoft.net\/shop\/producto\/asus-gt-ax11000-gaming-router-wifi6-1x2-5gbe-1xwan\/","name":"Asus GT-AX11000 Gaming Router WiFi6 1x2.5GbE 1xWAN - Aivlisoft Inform\u00e1tica","isPartOf":{"@id":"https:\/\/aivlisoft.net\/shop\/#website"},"primaryImageOfPage":{"@id":"https:\/\/aivlisoft.net\/shop\/producto\/asus-gt-ax11000-gaming-router-wifi6-1x2-5gbe-1xwan\/#primaryimage"},"image":{"@id":"https:\/\/aivlisoft.net\/shop\/producto\/asus-gt-ax11000-gaming-router-wifi6-1x2-5gbe-1xwan\/#primaryimage"},"thumbnailUrl":"https:\/\/aivlisoft.net\/shop\/wp-content\/uploads\/2025\/01\/NROINA0364_800.jpg","datePublished":"2025-01-13T15:29:20+00:00","dateModified":"2025-01-14T19:57:44+00:00","breadcrumb":{"@id":"https:\/\/aivlisoft.net\/shop\/producto\/asus-gt-ax11000-gaming-router-wifi6-1x2-5gbe-1xwan\/#breadcrumb"},"inLanguage":"es","potentialAction":[{"@type":"ReadAction","target":["https:\/\/aivlisoft.net\/shop\/producto\/asus-gt-ax11000-gaming-router-wifi6-1x2-5gbe-1xwan\/"]}]},{"@type":"ImageObject","inLanguage":"es","@id":"https:\/\/aivlisoft.net\/shop\/producto\/asus-gt-ax11000-gaming-router-wifi6-1x2-5gbe-1xwan\/#primaryimage","url":"https:\/\/aivlisoft.net\/shop\/wp-content\/uploads\/2025\/01\/NROINA0364_800.jpg","contentUrl":"https:\/\/aivlisoft.net\/shop\/wp-content\/uploads\/2025\/01\/NROINA0364_800.jpg","width":800,"height":800},{"@type":"BreadcrumbList","@id":"https:\/\/aivlisoft.net\/shop\/producto\/asus-gt-ax11000-gaming-router-wifi6-1x2-5gbe-1xwan\/#breadcrumb","itemListElement":[{"@type":"ListItem","position":1,"name":"Portada","item":"https:\/\/aivlisoft.net\/shop\/"},{"@type":"ListItem","position":2,"name":"Tienda","item":"https:\/\/aivlisoft.net\/shop\/tienda\/"},{"@type":"ListItem","position":3,"name":"Asus GT-AX11000 Gaming Router WiFi6 1&#215;2.5GbE 1xWAN"}]},{"@type":"WebSite","@id":"https:\/\/aivlisoft.net\/shop\/#website","url":"https:\/\/aivlisoft.net\/shop\/","name":"Aivlisoft Inform\u00e1tica","description":"En Aivlisoft Inform\u00e1tica ofrecemos soluciones tecnol\u00f3gicas para empresas: venta de ordenadores, consumibles, perif\u00e9ricos y m\u00e1s. Calidad, atenci\u00f3n personalizada y los mejores precios para tu negocio.","publisher":{"@id":"https:\/\/aivlisoft.net\/shop\/#organization"},"potentialAction":[{"@type":"SearchAction","target":{"@type":"EntryPoint","urlTemplate":"https:\/\/aivlisoft.net\/shop\/?s={search_term_string}"},"query-input":{"@type":"PropertyValueSpecification","valueRequired":true,"valueName":"search_term_string"}}],"inLanguage":"es"},{"@type":"Organization","@id":"https:\/\/aivlisoft.net\/shop\/#organization","name":"Aivlisoft Inform\u00e1tica","url":"https:\/\/aivlisoft.net\/shop\/","logo":{"@type":"ImageObject","inLanguage":"es","@id":"https:\/\/aivlisoft.net\/shop\/#\/schema\/logo\/image\/","url":"https:\/\/aivlisoft.net\/shop\/wp-content\/uploads\/2024\/12\/removal.ai_5b848c54-0cdf-4140-95c5-c5536bb7573b-logodef.png","contentUrl":"https:\/\/aivlisoft.net\/shop\/wp-content\/uploads\/2024\/12\/removal.ai_5b848c54-0cdf-4140-95c5-c5536bb7573b-logodef.png","width":484,"height":182,"caption":"Aivlisoft Inform\u00e1tica"},"image":{"@id":"https:\/\/aivlisoft.net\/shop\/#\/schema\/logo\/image\/"}}]}},"_links":{"self":[{"href":"https:\/\/aivlisoft.net\/shop\/wp-json\/wp\/v2\/product\/19137","targetHints":{"allow":["GET"]}}],"collection":[{"href":"https:\/\/aivlisoft.net\/shop\/wp-json\/wp\/v2\/product"}],"about":[{"href":"https:\/\/aivlisoft.net\/shop\/wp-json\/wp\/v2\/types\/product"}],"wp:featuredmedia":[{"embeddable":true,"href":"https:\/\/aivlisoft.net\/shop\/wp-json\/wp\/v2\/media\/19138"}],"wp:attachment":[{"href":"https:\/\/aivlisoft.net\/shop\/wp-json\/wp\/v2\/media?parent=19137"}],"wp:term":[{"taxonomy":"product_brand","embeddable":true,"href":"https:\/\/aivlisoft.net\/shop\/wp-json\/wp\/v2\/product_brand?post=19137"},{"taxonomy":"product_cat","embeddable":true,"href":"https:\/\/aivlisoft.net\/shop\/wp-json\/wp\/v2\/product_cat?post=19137"},{"taxonomy":"product_tag","embeddable":true,"href":"https:\/\/aivlisoft.net\/shop\/wp-json\/wp\/v2\/product_tag?post=19137"}],"curies":[{"name":"wp","href":"https:\/\/api.w.org\/{rel}","templated":true}]}}