{"id":19122,"date":"2025-01-13T15:29:12","date_gmt":"2025-01-13T15:29:12","guid":{"rendered":"https:\/\/aivlisoft.com\/?post_type=product&#038;p=19122"},"modified":"2025-01-14T19:57:46","modified_gmt":"2025-01-14T19:57:46","slug":"tp-link-xc220-g3v-router-wifi-voip-gpon-ac1200-4xg","status":"publish","type":"product","link":"https:\/\/aivlisoft.net\/shop\/producto\/tp-link-xc220-g3v-router-wifi-voip-gpon-ac1200-4xg\/","title":{"rendered":"TP-Link XC220-G3v Router WiFi VoIP GPON AC1200 4xG"},"content":{"rendered":"<p>&nbsp;<\/p>\n<table class=\"tabla_caracteristicas k-table\" width=\"100%\">\n<tr>\n<td valign=\"top\"><strong>Marca<\/strong><\/td>\n<td>TP-Link<\/td>\n<\/tr>\n<tr>\n<td><strong>Modelo<\/strong><\/td>\n<td><strong>XC220-G3v<\/strong><\/td>\n<\/tr>\n<tr>\n<td><strong>Hardware<\/strong><\/td>\n<td>&#8211; Interfaz: 4 puertos LAN RJ45 de 10\/100\/1000 Mbps, 1 puerto SC\/APC GPON, 1 puerto RJ11 FXS<br \/>\t\t\t&#8211; Bot&oacute;n: bot&oacute;n de encendido\/apagado, bot&oacute;n WPS\/Wi-Fi, bot&oacute;n RESET<br \/>\t\t\t&#8211; Fuente de alimentaci&oacute;n externa: 12V\/1.5A<br \/>\t\t\t&#8211; Antena: 2 Antenas Externas de Doble Banda<\/td>\n<\/tr>\n<tr>\n<td><strong>Inal&aacute;mbricos<\/strong><\/td>\n<td>&#8211; Est&aacute;ndares inal&aacute;mbricos: IEEE 802.11ac\/n\/a 5 GHz, IEEE 802.11b\/g\/n 2,4 GHz<br \/>\t\t\t&#8211; Frecuencia: 2,4 GHz y 5 GHz (no compatible con DFS)<br \/>\t\t\t&#8211; Tasa de se&ntilde;al: 867 Mbps a 5 GHz, 300 Mbps a 2,4 GHz<br \/>\t\t\t&#8211; Potencia de transmisi&oacute;n: 2,4 GHz: 26 dBm (EIRP), 5 GHz: 27 dBm (EIRP)<br \/>\t\t\t&#8211; Funciones inal&aacute;mbricas: habilitar\/deshabilitar radio inal&aacute;mbrica, puente WDS, WMM, estad&iacute;sticas inal&aacute;mbricas<br \/>\t\t\t&#8211; Seguridad inal&aacute;mbrica: cifrados WPA\/WPA2, WPA-PSK\/WPA-PSK2<br \/>\t\t\t&#8211; Horario inal&aacute;mbrico: Admite horario inal&aacute;mbrico de 2,4 GHz y 5 GHz<br \/>\t\t\t&#8211; Tecnolog&iacute;a de malla: WPA EasyMesh, TP-Link OneMesh<\/td>\n<\/tr>\n<tr>\n<td><strong>Software<\/strong><\/td>\n<td>&#8211; Calidad de Servicio: Hardware QoS<br \/>\t\t\t&#8211; DHCP: servidor, cliente, lista de clientes DHCP, reserva de direcciones, retransmisi&oacute;n DHCP<br \/>\t\t\t&#8211; Reenv&iacute;o de puertos: servidor virtual, activaci&oacute;n de puertos, DMZ, ALG, UPnP<br \/>\t\t\t&#8211; DNS din&aacute;mico: DynDns, NO-IP<br \/>\t\t\t&#8211; Paso de VPN: PPTP, L2TP, Paso de IPSec<br \/>\t\t\t&#8211; Protocolos: Soporta IPv4 e IPv6<br \/>\t\t\t&#8211; Funciones de VOIP: Retenci&oacute;n de llamadas, Reenv&iacute;o de llamadas, Llamada c&aacute;lida, No molestar, Restricci&oacute;n de llamadas,<br \/>\t\t\t&nbsp; Marcaci&oacute;n r&aacute;pida, etc. Identificador de llamadas, conferencia de 3 partes, cuenta SIP: hasta 8 cuentas<br \/>\t\t\t&#8211; Funciones avanzadas: control parental, traducci&oacute;n de direcciones de red (NAT), asignaci&oacute;n de puertos (agrupaci&oacute;n),<br \/>\t\t\t&nbsp; enrutamiento est&aacute;tico, retransmisi&oacute;n de DNS, DDNS, IGMP V1\/V2\/V3<\/td>\n<\/tr>\n<tr>\n<td><strong>Seguridad<\/strong><\/td>\n<td>&#8211; Seguridad: Firewall NAT, Control de acceso, Filtrado MAC\/IP\/URL, Vinculaci&oacute;n de direcciones IP y MAC, Defensa<br \/>\t\t\t&nbsp; Denegaci&oacute;n de servicio (DoS), SYNFlooding, Ping of Death<br \/>\t\t\t&#8211; Gesti&oacute;n: configuraci&oacute;n basada en web (HTTP), gesti&oacute;n remota, interfaz de l&iacute;nea de comandos, SSL para TR-069,<br \/>\t\t\t&nbsp; actualizaci&oacute;n de firmware basada en web, herramientas de diagn&oacute;stico, OMCI<\/td>\n<\/tr>\n<tr>\n<td><strong>Otras Caracter&iacute;sticas<\/strong><\/td>\n<td>&#8211; Requisitos del sistema:<br \/>\t\t\t&nbsp; Microsoft Windows 98SE, NT, 2000, XP, Vista&trade; o Windows 7, 8, 8.1, 10, MAC OS, NetWare, UNIX o Linux<br \/>\t\t\t&nbsp; Internet Explorer 11, Firefox 12.0, Chrome 20.0, Safari 4.0 u otro navegador habilitado para Java<br \/>\t\t\t&#8211; Entorno:<br \/>\t\t\t&nbsp; Temperatura de funcionamiento: 0 &ordm;C ~ 40 &ordm;C (32 &ordm;F ~ 104 &ordm;F)<br \/>\t\t\t&nbsp; Temperatura de almacenamiento: -40&ordm;C ~ 70 &ordm;C (-40 &ordm;F ~ 158 &ordm;F)<br \/>\t\t\t&nbsp; Humedad de almacenamiento: 5 %~90 % sin condensaci&oacute;n<br \/>\t\t\t<strong>Contenido<\/strong><br \/>\t\t\t&#8211; Enrutador inal&aacute;mbrico VoIP GPON AC1200<br \/>\t\t\t&#8211; Cable Ethernet RJ45<br \/>\t\t\t&#8211; Adaptador de corriente<br \/>\t\t\t&#8211; Gu&iacute;a de Instalaci&oacute;n R&aacute;pida<\/td>\n<\/tr>\n<tr>\n<td><strong>Fecha de revisi&oacute;n<\/strong><\/td>\n<td>08-11-2022 por MPM<\/td>\n<\/tr>\n<\/table>\n<p><br class=\"k-br\" \/>&nbsp;<\/p>\n","protected":false},"excerpt":{"rendered":"<p>&nbsp; Marca TP-Link Modelo XC220-G3v Hardware &#8211; Interfaz: 4 puertos LAN RJ45 de 10\/100\/1000 Mbps, 1 puerto SC\/APC GPON, 1 puerto RJ11 FXS &#8211; Bot&oacute;n: bot&oacute;n de encendido\/apagado, bot&oacute;n WPS\/Wi-Fi, bot&oacute;n RESET &#8211; Fuente de alimentaci&oacute;n externa: 12V\/1.5A &#8211; Antena: 2 Antenas Externas de Doble Banda Inal&aacute;mbricos &#8211; Est&aacute;ndares inal&aacute;mbricos: IEEE 802.11ac\/n\/a 5 GHz, IEEE&hellip;&nbsp;<a href=\"https:\/\/aivlisoft.net\/shop\/producto\/tp-link-xc220-g3v-router-wifi-voip-gpon-ac1200-4xg\/\" rel=\"bookmark\"><span class=\"screen-reader-text\">TP-Link XC220-G3v Router WiFi VoIP GPON AC1200 4xG<\/span><\/a><\/p>\n","protected":false},"featured_media":19123,"template":"","meta":{"neve_meta_sidebar":"","neve_meta_container":"","neve_meta_enable_content_width":"","neve_meta_content_width":0,"neve_meta_title_alignment":"","neve_meta_author_avatar":"","neve_post_elements_order":"","neve_meta_disable_header":"","neve_meta_disable_footer":"","neve_meta_disable_title":""},"product_brand":[],"product_cat":[15,8768,6832],"product_tag":[6930],"class_list":{"0":"post-19122","1":"product","2":"type-product","3":"status-publish","4":"has-post-thumbnail","6":"product_cat-sin-categorizar","7":"product_cat-routers-adsl","8":"product_cat-routers-modems","9":"product_tag-xc220-g3v","11":"first","12":"instock","13":"taxable","14":"shipping-taxable","15":"purchasable","16":"product-type-simple"},"yoast_head":"<!-- This site is optimized with the Yoast SEO plugin v26.0 - https:\/\/yoast.com\/wordpress\/plugins\/seo\/ -->\n<title>TP-Link XC220-G3v Router WiFi VoIP GPON AC1200 4xG - Aivlisoft Inform\u00e1tica<\/title>\n<meta name=\"robots\" content=\"index, follow, max-snippet:-1, max-image-preview:large, max-video-preview:-1\" \/>\n<link rel=\"canonical\" href=\"https:\/\/aivlisoft.net\/shop\/producto\/tp-link-xc220-g3v-router-wifi-voip-gpon-ac1200-4xg\/\" \/>\n<meta property=\"og:locale\" content=\"es_ES\" \/>\n<meta property=\"og:type\" content=\"article\" \/>\n<meta property=\"og:title\" content=\"TP-Link XC220-G3v Router WiFi VoIP GPON AC1200 4xG - Aivlisoft Inform\u00e1tica\" \/>\n<meta property=\"og:description\" content=\"&nbsp; Marca TP-Link Modelo XC220-G3v Hardware &#8211; Interfaz: 4 puertos LAN RJ45 de 10\/100\/1000 Mbps, 1 puerto SC\/APC GPON, 1 puerto RJ11 FXS &#8211; Bot&oacute;n: bot&oacute;n de encendido\/apagado, bot&oacute;n WPS\/Wi-Fi, bot&oacute;n RESET &#8211; Fuente de alimentaci&oacute;n externa: 12V\/1.5A &#8211; Antena: 2 Antenas Externas de Doble Banda Inal&aacute;mbricos &#8211; Est&aacute;ndares inal&aacute;mbricos: IEEE 802.11ac\/n\/a 5 GHz, IEEE&hellip;&nbsp;TP-Link XC220-G3v Router WiFi VoIP GPON AC1200 4xG\" \/>\n<meta property=\"og:url\" content=\"https:\/\/aivlisoft.net\/shop\/producto\/tp-link-xc220-g3v-router-wifi-voip-gpon-ac1200-4xg\/\" \/>\n<meta property=\"og:site_name\" content=\"Aivlisoft Inform\u00e1tica\" \/>\n<meta property=\"article:modified_time\" content=\"2025-01-14T19:57:46+00:00\" \/>\n<meta property=\"og:image\" content=\"https:\/\/aivlisoft.net\/shop\/wp-content\/uploads\/2025\/01\/NROINA0360_800.jpg\" \/>\n\t<meta property=\"og:image:width\" content=\"800\" \/>\n\t<meta property=\"og:image:height\" content=\"800\" \/>\n\t<meta property=\"og:image:type\" content=\"image\/jpeg\" \/>\n<meta name=\"twitter:card\" content=\"summary_large_image\" \/>\n<meta name=\"twitter:label1\" content=\"Tiempo de lectura\" \/>\n\t<meta name=\"twitter:data1\" content=\"2 minutos\" \/>\n<script type=\"application\/ld+json\" class=\"yoast-schema-graph\">{\"@context\":\"https:\/\/schema.org\",\"@graph\":[{\"@type\":\"WebPage\",\"@id\":\"https:\/\/aivlisoft.net\/shop\/producto\/tp-link-xc220-g3v-router-wifi-voip-gpon-ac1200-4xg\/\",\"url\":\"https:\/\/aivlisoft.net\/shop\/producto\/tp-link-xc220-g3v-router-wifi-voip-gpon-ac1200-4xg\/\",\"name\":\"TP-Link XC220-G3v Router WiFi VoIP GPON AC1200 4xG - Aivlisoft Inform\u00e1tica\",\"isPartOf\":{\"@id\":\"https:\/\/aivlisoft.net\/shop\/#website\"},\"primaryImageOfPage\":{\"@id\":\"https:\/\/aivlisoft.net\/shop\/producto\/tp-link-xc220-g3v-router-wifi-voip-gpon-ac1200-4xg\/#primaryimage\"},\"image\":{\"@id\":\"https:\/\/aivlisoft.net\/shop\/producto\/tp-link-xc220-g3v-router-wifi-voip-gpon-ac1200-4xg\/#primaryimage\"},\"thumbnailUrl\":\"https:\/\/aivlisoft.net\/shop\/wp-content\/uploads\/2025\/01\/NROINA0360_800.jpg\",\"datePublished\":\"2025-01-13T15:29:12+00:00\",\"dateModified\":\"2025-01-14T19:57:46+00:00\",\"breadcrumb\":{\"@id\":\"https:\/\/aivlisoft.net\/shop\/producto\/tp-link-xc220-g3v-router-wifi-voip-gpon-ac1200-4xg\/#breadcrumb\"},\"inLanguage\":\"es\",\"potentialAction\":[{\"@type\":\"ReadAction\",\"target\":[\"https:\/\/aivlisoft.net\/shop\/producto\/tp-link-xc220-g3v-router-wifi-voip-gpon-ac1200-4xg\/\"]}]},{\"@type\":\"ImageObject\",\"inLanguage\":\"es\",\"@id\":\"https:\/\/aivlisoft.net\/shop\/producto\/tp-link-xc220-g3v-router-wifi-voip-gpon-ac1200-4xg\/#primaryimage\",\"url\":\"https:\/\/aivlisoft.net\/shop\/wp-content\/uploads\/2025\/01\/NROINA0360_800.jpg\",\"contentUrl\":\"https:\/\/aivlisoft.net\/shop\/wp-content\/uploads\/2025\/01\/NROINA0360_800.jpg\",\"width\":800,\"height\":800},{\"@type\":\"BreadcrumbList\",\"@id\":\"https:\/\/aivlisoft.net\/shop\/producto\/tp-link-xc220-g3v-router-wifi-voip-gpon-ac1200-4xg\/#breadcrumb\",\"itemListElement\":[{\"@type\":\"ListItem\",\"position\":1,\"name\":\"Portada\",\"item\":\"https:\/\/aivlisoft.net\/shop\/\"},{\"@type\":\"ListItem\",\"position\":2,\"name\":\"Tienda\",\"item\":\"https:\/\/aivlisoft.net\/shop\/tienda\/\"},{\"@type\":\"ListItem\",\"position\":3,\"name\":\"TP-Link XC220-G3v Router WiFi VoIP GPON AC1200 4xG\"}]},{\"@type\":\"WebSite\",\"@id\":\"https:\/\/aivlisoft.net\/shop\/#website\",\"url\":\"https:\/\/aivlisoft.net\/shop\/\",\"name\":\"Aivlisoft Inform\u00e1tica\",\"description\":\"En Aivlisoft Inform\u00e1tica ofrecemos soluciones tecnol\u00f3gicas para empresas: venta de ordenadores, consumibles, perif\u00e9ricos y m\u00e1s. Calidad, atenci\u00f3n personalizada y los mejores precios para tu negocio.\",\"publisher\":{\"@id\":\"https:\/\/aivlisoft.net\/shop\/#organization\"},\"potentialAction\":[{\"@type\":\"SearchAction\",\"target\":{\"@type\":\"EntryPoint\",\"urlTemplate\":\"https:\/\/aivlisoft.net\/shop\/?s={search_term_string}\"},\"query-input\":{\"@type\":\"PropertyValueSpecification\",\"valueRequired\":true,\"valueName\":\"search_term_string\"}}],\"inLanguage\":\"es\"},{\"@type\":\"Organization\",\"@id\":\"https:\/\/aivlisoft.net\/shop\/#organization\",\"name\":\"Aivlisoft Inform\u00e1tica\",\"url\":\"https:\/\/aivlisoft.net\/shop\/\",\"logo\":{\"@type\":\"ImageObject\",\"inLanguage\":\"es\",\"@id\":\"https:\/\/aivlisoft.net\/shop\/#\/schema\/logo\/image\/\",\"url\":\"https:\/\/aivlisoft.net\/shop\/wp-content\/uploads\/2024\/12\/removal.ai_5b848c54-0cdf-4140-95c5-c5536bb7573b-logodef.png\",\"contentUrl\":\"https:\/\/aivlisoft.net\/shop\/wp-content\/uploads\/2024\/12\/removal.ai_5b848c54-0cdf-4140-95c5-c5536bb7573b-logodef.png\",\"width\":484,\"height\":182,\"caption\":\"Aivlisoft Inform\u00e1tica\"},\"image\":{\"@id\":\"https:\/\/aivlisoft.net\/shop\/#\/schema\/logo\/image\/\"}}]}<\/script>\n<!-- \/ Yoast SEO plugin. -->","yoast_head_json":{"title":"TP-Link XC220-G3v Router WiFi VoIP GPON AC1200 4xG - Aivlisoft Inform\u00e1tica","robots":{"index":"index","follow":"follow","max-snippet":"max-snippet:-1","max-image-preview":"max-image-preview:large","max-video-preview":"max-video-preview:-1"},"canonical":"https:\/\/aivlisoft.net\/shop\/producto\/tp-link-xc220-g3v-router-wifi-voip-gpon-ac1200-4xg\/","og_locale":"es_ES","og_type":"article","og_title":"TP-Link XC220-G3v Router WiFi VoIP GPON AC1200 4xG - Aivlisoft Inform\u00e1tica","og_description":"&nbsp; Marca TP-Link Modelo XC220-G3v Hardware &#8211; Interfaz: 4 puertos LAN RJ45 de 10\/100\/1000 Mbps, 1 puerto SC\/APC GPON, 1 puerto RJ11 FXS &#8211; Bot&oacute;n: bot&oacute;n de encendido\/apagado, bot&oacute;n WPS\/Wi-Fi, bot&oacute;n RESET &#8211; Fuente de alimentaci&oacute;n externa: 12V\/1.5A &#8211; Antena: 2 Antenas Externas de Doble Banda Inal&aacute;mbricos &#8211; Est&aacute;ndares inal&aacute;mbricos: IEEE 802.11ac\/n\/a 5 GHz, IEEE&hellip;&nbsp;TP-Link XC220-G3v Router WiFi VoIP GPON AC1200 4xG","og_url":"https:\/\/aivlisoft.net\/shop\/producto\/tp-link-xc220-g3v-router-wifi-voip-gpon-ac1200-4xg\/","og_site_name":"Aivlisoft Inform\u00e1tica","article_modified_time":"2025-01-14T19:57:46+00:00","og_image":[{"width":800,"height":800,"url":"https:\/\/aivlisoft.net\/shop\/wp-content\/uploads\/2025\/01\/NROINA0360_800.jpg","type":"image\/jpeg"}],"twitter_card":"summary_large_image","twitter_misc":{"Tiempo de lectura":"2 minutos"},"schema":{"@context":"https:\/\/schema.org","@graph":[{"@type":"WebPage","@id":"https:\/\/aivlisoft.net\/shop\/producto\/tp-link-xc220-g3v-router-wifi-voip-gpon-ac1200-4xg\/","url":"https:\/\/aivlisoft.net\/shop\/producto\/tp-link-xc220-g3v-router-wifi-voip-gpon-ac1200-4xg\/","name":"TP-Link XC220-G3v Router WiFi VoIP GPON AC1200 4xG - Aivlisoft Inform\u00e1tica","isPartOf":{"@id":"https:\/\/aivlisoft.net\/shop\/#website"},"primaryImageOfPage":{"@id":"https:\/\/aivlisoft.net\/shop\/producto\/tp-link-xc220-g3v-router-wifi-voip-gpon-ac1200-4xg\/#primaryimage"},"image":{"@id":"https:\/\/aivlisoft.net\/shop\/producto\/tp-link-xc220-g3v-router-wifi-voip-gpon-ac1200-4xg\/#primaryimage"},"thumbnailUrl":"https:\/\/aivlisoft.net\/shop\/wp-content\/uploads\/2025\/01\/NROINA0360_800.jpg","datePublished":"2025-01-13T15:29:12+00:00","dateModified":"2025-01-14T19:57:46+00:00","breadcrumb":{"@id":"https:\/\/aivlisoft.net\/shop\/producto\/tp-link-xc220-g3v-router-wifi-voip-gpon-ac1200-4xg\/#breadcrumb"},"inLanguage":"es","potentialAction":[{"@type":"ReadAction","target":["https:\/\/aivlisoft.net\/shop\/producto\/tp-link-xc220-g3v-router-wifi-voip-gpon-ac1200-4xg\/"]}]},{"@type":"ImageObject","inLanguage":"es","@id":"https:\/\/aivlisoft.net\/shop\/producto\/tp-link-xc220-g3v-router-wifi-voip-gpon-ac1200-4xg\/#primaryimage","url":"https:\/\/aivlisoft.net\/shop\/wp-content\/uploads\/2025\/01\/NROINA0360_800.jpg","contentUrl":"https:\/\/aivlisoft.net\/shop\/wp-content\/uploads\/2025\/01\/NROINA0360_800.jpg","width":800,"height":800},{"@type":"BreadcrumbList","@id":"https:\/\/aivlisoft.net\/shop\/producto\/tp-link-xc220-g3v-router-wifi-voip-gpon-ac1200-4xg\/#breadcrumb","itemListElement":[{"@type":"ListItem","position":1,"name":"Portada","item":"https:\/\/aivlisoft.net\/shop\/"},{"@type":"ListItem","position":2,"name":"Tienda","item":"https:\/\/aivlisoft.net\/shop\/tienda\/"},{"@type":"ListItem","position":3,"name":"TP-Link XC220-G3v Router WiFi VoIP GPON AC1200 4xG"}]},{"@type":"WebSite","@id":"https:\/\/aivlisoft.net\/shop\/#website","url":"https:\/\/aivlisoft.net\/shop\/","name":"Aivlisoft Inform\u00e1tica","description":"En Aivlisoft Inform\u00e1tica ofrecemos soluciones tecnol\u00f3gicas para empresas: venta de ordenadores, consumibles, perif\u00e9ricos y m\u00e1s. Calidad, atenci\u00f3n personalizada y los mejores precios para tu negocio.","publisher":{"@id":"https:\/\/aivlisoft.net\/shop\/#organization"},"potentialAction":[{"@type":"SearchAction","target":{"@type":"EntryPoint","urlTemplate":"https:\/\/aivlisoft.net\/shop\/?s={search_term_string}"},"query-input":{"@type":"PropertyValueSpecification","valueRequired":true,"valueName":"search_term_string"}}],"inLanguage":"es"},{"@type":"Organization","@id":"https:\/\/aivlisoft.net\/shop\/#organization","name":"Aivlisoft Inform\u00e1tica","url":"https:\/\/aivlisoft.net\/shop\/","logo":{"@type":"ImageObject","inLanguage":"es","@id":"https:\/\/aivlisoft.net\/shop\/#\/schema\/logo\/image\/","url":"https:\/\/aivlisoft.net\/shop\/wp-content\/uploads\/2024\/12\/removal.ai_5b848c54-0cdf-4140-95c5-c5536bb7573b-logodef.png","contentUrl":"https:\/\/aivlisoft.net\/shop\/wp-content\/uploads\/2024\/12\/removal.ai_5b848c54-0cdf-4140-95c5-c5536bb7573b-logodef.png","width":484,"height":182,"caption":"Aivlisoft Inform\u00e1tica"},"image":{"@id":"https:\/\/aivlisoft.net\/shop\/#\/schema\/logo\/image\/"}}]}},"_links":{"self":[{"href":"https:\/\/aivlisoft.net\/shop\/wp-json\/wp\/v2\/product\/19122","targetHints":{"allow":["GET"]}}],"collection":[{"href":"https:\/\/aivlisoft.net\/shop\/wp-json\/wp\/v2\/product"}],"about":[{"href":"https:\/\/aivlisoft.net\/shop\/wp-json\/wp\/v2\/types\/product"}],"wp:featuredmedia":[{"embeddable":true,"href":"https:\/\/aivlisoft.net\/shop\/wp-json\/wp\/v2\/media\/19123"}],"wp:attachment":[{"href":"https:\/\/aivlisoft.net\/shop\/wp-json\/wp\/v2\/media?parent=19122"}],"wp:term":[{"taxonomy":"product_brand","embeddable":true,"href":"https:\/\/aivlisoft.net\/shop\/wp-json\/wp\/v2\/product_brand?post=19122"},{"taxonomy":"product_cat","embeddable":true,"href":"https:\/\/aivlisoft.net\/shop\/wp-json\/wp\/v2\/product_cat?post=19122"},{"taxonomy":"product_tag","embeddable":true,"href":"https:\/\/aivlisoft.net\/shop\/wp-json\/wp\/v2\/product_tag?post=19122"}],"curies":[{"name":"wp","href":"https:\/\/api.w.org\/{rel}","templated":true}]}}