{"id":19120,"date":"2025-01-13T15:29:08","date_gmt":"2025-01-13T15:29:08","guid":{"rendered":"https:\/\/aivlisoft.com\/?post_type=product&#038;p=19120"},"modified":"2025-01-14T19:57:46","modified_gmt":"2025-01-14T19:57:46","slug":"asus-rt-ax58u-v2-router-ax3000-4xgbe-1xgb-wan","status":"publish","type":"product","link":"https:\/\/aivlisoft.net\/shop\/producto\/asus-rt-ax58u-v2-router-ax3000-4xgbe-1xgb-wan\/","title":{"rendered":"Asus RT-AX58U V2 Router AX3000 4xGbE 1xGb WAN"},"content":{"rendered":"<p>&nbsp;<\/p>\n<table class=\"tabla_caracteristicas k-table\" width=\"100%\">\n<tr>\n<td valign=\"top\"><strong>Marca<\/strong><\/td>\n<td>Asus<\/td>\n<\/tr>\n<tr>\n<td><strong>Modelo<\/strong><\/td>\n<td><strong>90IG06Q0-MO3B00<\/strong><\/td>\n<\/tr>\n<tr>\n<td><strong>Hardware<\/strong><\/td>\n<td>&#8211; Puertos<br \/>\t\t\t&nbsp; 1 puerto WAN Gigabit<br \/>\t\t\t&nbsp; 4 puertos LAN Gigabit<br \/>\t\t\t&nbsp; 1 x USB 3.2 Gen 1 x 1<br \/>\t\t\t&#8211; Antena: Antena externa x 4<br \/>\t\t\t&#8211; Procesador: Procesador de tres n&uacute;cleos de 1,5 GHz<br \/>\t\t\t&#8211; Memoria: Flash de 256 MB, RAM de 512 MB<br \/>\t\t\t&#8211; Bot&oacute;n: bot&oacute;n WPS, bot&oacute;n de reinicio, interruptor de encendido<\/td>\n<\/tr>\n<tr>\n<td><strong>Inal&aacute;mbricos<\/strong><\/td>\n<td>&#8211; Est&aacute;ndar de red: IEEE 802.11a, IEEE 802.11b, IEEE 802.11g, IEEE 802.11n, IEEE 802.11ac, IEEE 802.11ax<br \/>\t\t\t&#8211; Velocidad de datos<br \/>\t\t\t&nbsp; 802.11b: hasta 11Mbps<br \/>\t\t\t&nbsp; 802.11a\/g: hasta 54Mbps<br \/>\t\t\t&nbsp; 802.11ax (2,4 GHz): hasta 574 Mbps<br \/>\t\t\t&nbsp; 802.11ax (5 GHz): hasta 2402 Mbps<br \/>\t\t\t&#8211; Transmitir\/Recibir:<br \/>\t\t\t&nbsp; 2,4 GHz 2&#215;2<br \/>\t\t\t&nbsp; 5 GHz 2&#215;2<br \/>\t\t\t&#8211; Tecnolog&iacute;a Wi-Fi:<br \/>\t\t\t&nbsp; OFDMA (acceso m&uacute;ltiple por divisi&oacute;n de frecuencia ortogonal)<br \/>\t\t\t&nbsp; Beamforming: basado en est&aacute;ndares y universal<br \/>\t\t\t&nbsp; Alta velocidad de datos 1024-QAM<br \/>\t\t\t&nbsp; Ancho de banda de 20\/40\/80\/160 MHz<br \/>\t\t\t&#8211; Cifrado: WPA3-PSK, WPA2 PSK, WPA PSK, WPA Enterprise, WPA2 Enterprise, compatibilidad con WPS<br \/>\t\t\t&#8211; Cortafuegos y control de acceso:<br \/>\t\t\t&nbsp; Cortafuegos: detecci&oacute;n de intrusos SPI, protecci&oacute;n DoS<br \/>\t\t\t&nbsp; Control de acceso Control parental, filtro de servicio de red, filtro de URL, &nbsp; filtro de puerto<br \/>\t\t\t&#8211; Administraci&oacute;n<br \/>\t\t\t&nbsp; UPnP, IGMP v1\/v2\/v3, Proxy DNS, DHCP, Cliente NTP, DDNS, Puerto<br \/>\t\t\t&nbsp; Activador, reenv&iacute;o de puertos, DMZ, registro de eventos del sistema<br \/>\t\t\t&#8211; Soporte VPN<br \/>\t\t\t&nbsp; Paso de IPSec<br \/>\t\t\t&nbsp; Paso PPTP<br \/>\t\t\t&nbsp; Paso L2TP<br \/>\t\t\t&nbsp; servidor PPTP<br \/>\t\t\t&nbsp; Servidor OpenVPN<br \/>\t\t\t&nbsp; cliente PPTP<br \/>\t\t\t&nbsp; cliente L2TP<br \/>\t\t\t&nbsp; Cliente OpenVPN<br \/>\t\t\t&#8211; Tipo de conexi&oacute;n WAN:<br \/>\t\t\t&nbsp; Tipo de conexi&oacute;n a Internet: IP autom&aacute;tica, IP est&aacute;tica,<br \/>\t\t\t&nbsp; PPPoE (compatible con MPPE), PPTP, L2TP<br \/>\t\t\t&#8211; Utilidades: asistente de configuraci&oacute;n del enrutador; Restauraci&oacute;n de firmware; Descubrimiento de dispositivos; utilidad de configuraci&oacute;n de la impresora<\/td>\n<\/tr>\n<tr>\n<td><strong>Software<\/strong><\/td>\n<td>&#8211; Caracter&iacute;sticas<br \/>\t\t\t&nbsp; Aplicaci&oacute;n de enrutador<br \/>\t\t\t&nbsp; MU-MIMO<br \/>\t\t\t&nbsp; Analizador de tr&aacute;fico<br \/>\t\t\t&nbsp; QoS adaptable<br \/>\t\t\t&nbsp; AiProtection Pro<br \/>\t\t\t&nbsp; Control parental<br \/>\t\t\t&nbsp; Red de invitados:<br \/>\t\t\t&nbsp; Servidor VPN: servidor PPTP, servidor IPSec<br \/>\t\t\t&nbsp; Cliente VPN: cliente PPTP, cliente L2TP, cliente OpenVPN<br \/>\t\t\t&nbsp; Paso NAT: Paso PPTP, Paso L2TP, IPSec<br \/>\t\t\t&nbsp; Transferencia RTSP, Transferencia H.323, Transferencia SIP, PPPoE &nbsp; rel&eacute;<br \/>\t\t\t&nbsp; Copia de seguridad de Mac OS<br \/>\t\t\t&nbsp; Servidor multimedia mejorado (compatible con la aplicaci&oacute;n AiPlayer)<br \/>\t\t\t&nbsp; Servicio de nube personal AiCloud<br \/>\t\t\t&nbsp; intercambio de datos 3G\/4G<br \/>\t\t\t&nbsp; Servidor de impresora<br \/>\t\t\t&nbsp; Descargar M&aacute;ster<br \/>\t\t\t&nbsp; Servidor de archivos AiDisk<br \/>\t\t\t&nbsp; Soporte de IPTV<br \/>\t\t\t&nbsp; Asistente de roaming<br \/>\t\t\t&nbsp; OFDMA<br \/>\t\t\t&nbsp; AiMesh<\/td>\n<\/tr>\n<tr>\n<td><strong>Fecha de revisi&oacute;n<\/strong><\/td>\n<td>08-11-2022 por MPM<\/td>\n<\/tr>\n<\/table>\n<p><br class=\"k-br\" \/>&nbsp;<\/p>\n","protected":false},"excerpt":{"rendered":"<p>&nbsp; Marca Asus Modelo 90IG06Q0-MO3B00 Hardware &#8211; Puertos &nbsp; 1 puerto WAN Gigabit &nbsp; 4 puertos LAN Gigabit &nbsp; 1 x USB 3.2 Gen 1 x 1 &#8211; Antena: Antena externa x 4 &#8211; Procesador: Procesador de tres n&uacute;cleos de 1,5 GHz &#8211; Memoria: Flash de 256 MB, RAM de 512 MB &#8211; Bot&oacute;n: bot&oacute;n&hellip;&nbsp;<a href=\"https:\/\/aivlisoft.net\/shop\/producto\/asus-rt-ax58u-v2-router-ax3000-4xgbe-1xgb-wan\/\" rel=\"bookmark\"><span class=\"screen-reader-text\">Asus RT-AX58U V2 Router AX3000 4xGbE 1xGb WAN<\/span><\/a><\/p>\n","protected":false},"featured_media":19121,"template":"","meta":{"neve_meta_sidebar":"","neve_meta_container":"","neve_meta_enable_content_width":"","neve_meta_content_width":0,"neve_meta_title_alignment":"","neve_meta_author_avatar":"","neve_post_elements_order":"","neve_meta_disable_header":"","neve_meta_disable_footer":"","neve_meta_disable_title":""},"product_brand":[],"product_cat":[15,8768,6832],"product_tag":[6929],"class_list":{"0":"post-19120","1":"product","2":"type-product","3":"status-publish","4":"has-post-thumbnail","6":"product_cat-sin-categorizar","7":"product_cat-routers-adsl","8":"product_cat-routers-modems","9":"product_tag-90ig06q0-mo3b00","11":"first","12":"instock","13":"taxable","14":"shipping-taxable","15":"purchasable","16":"product-type-simple"},"yoast_head":"<!-- This site is optimized with the Yoast SEO plugin v26.0 - https:\/\/yoast.com\/wordpress\/plugins\/seo\/ -->\n<title>Asus RT-AX58U V2 Router AX3000 4xGbE 1xGb WAN - Aivlisoft Inform\u00e1tica<\/title>\n<meta name=\"robots\" content=\"index, follow, max-snippet:-1, max-image-preview:large, max-video-preview:-1\" \/>\n<link rel=\"canonical\" href=\"https:\/\/aivlisoft.net\/shop\/producto\/asus-rt-ax58u-v2-router-ax3000-4xgbe-1xgb-wan\/\" \/>\n<meta property=\"og:locale\" content=\"es_ES\" \/>\n<meta property=\"og:type\" content=\"article\" \/>\n<meta property=\"og:title\" content=\"Asus RT-AX58U V2 Router AX3000 4xGbE 1xGb WAN - Aivlisoft Inform\u00e1tica\" \/>\n<meta property=\"og:description\" content=\"&nbsp; Marca Asus Modelo 90IG06Q0-MO3B00 Hardware &#8211; Puertos &nbsp; 1 puerto WAN Gigabit &nbsp; 4 puertos LAN Gigabit &nbsp; 1 x USB 3.2 Gen 1 x 1 &#8211; Antena: Antena externa x 4 &#8211; Procesador: Procesador de tres n&uacute;cleos de 1,5 GHz &#8211; Memoria: Flash de 256 MB, RAM de 512 MB &#8211; Bot&oacute;n: bot&oacute;n&hellip;&nbsp;Asus RT-AX58U V2 Router AX3000 4xGbE 1xGb WAN\" \/>\n<meta property=\"og:url\" content=\"https:\/\/aivlisoft.net\/shop\/producto\/asus-rt-ax58u-v2-router-ax3000-4xgbe-1xgb-wan\/\" \/>\n<meta property=\"og:site_name\" content=\"Aivlisoft Inform\u00e1tica\" \/>\n<meta property=\"article:modified_time\" content=\"2025-01-14T19:57:46+00:00\" \/>\n<meta property=\"og:image\" content=\"https:\/\/aivlisoft.net\/shop\/wp-content\/uploads\/2025\/01\/NROINA0359_800.jpg\" \/>\n\t<meta property=\"og:image:width\" content=\"800\" \/>\n\t<meta property=\"og:image:height\" content=\"800\" \/>\n\t<meta property=\"og:image:type\" content=\"image\/jpeg\" \/>\n<meta name=\"twitter:card\" content=\"summary_large_image\" \/>\n<meta name=\"twitter:label1\" content=\"Tiempo de lectura\" \/>\n\t<meta name=\"twitter:data1\" content=\"2 minutos\" \/>\n<script type=\"application\/ld+json\" class=\"yoast-schema-graph\">{\"@context\":\"https:\/\/schema.org\",\"@graph\":[{\"@type\":\"WebPage\",\"@id\":\"https:\/\/aivlisoft.net\/shop\/producto\/asus-rt-ax58u-v2-router-ax3000-4xgbe-1xgb-wan\/\",\"url\":\"https:\/\/aivlisoft.net\/shop\/producto\/asus-rt-ax58u-v2-router-ax3000-4xgbe-1xgb-wan\/\",\"name\":\"Asus RT-AX58U V2 Router AX3000 4xGbE 1xGb WAN - Aivlisoft Inform\u00e1tica\",\"isPartOf\":{\"@id\":\"https:\/\/aivlisoft.net\/shop\/#website\"},\"primaryImageOfPage\":{\"@id\":\"https:\/\/aivlisoft.net\/shop\/producto\/asus-rt-ax58u-v2-router-ax3000-4xgbe-1xgb-wan\/#primaryimage\"},\"image\":{\"@id\":\"https:\/\/aivlisoft.net\/shop\/producto\/asus-rt-ax58u-v2-router-ax3000-4xgbe-1xgb-wan\/#primaryimage\"},\"thumbnailUrl\":\"https:\/\/aivlisoft.net\/shop\/wp-content\/uploads\/2025\/01\/NROINA0359_800.jpg\",\"datePublished\":\"2025-01-13T15:29:08+00:00\",\"dateModified\":\"2025-01-14T19:57:46+00:00\",\"breadcrumb\":{\"@id\":\"https:\/\/aivlisoft.net\/shop\/producto\/asus-rt-ax58u-v2-router-ax3000-4xgbe-1xgb-wan\/#breadcrumb\"},\"inLanguage\":\"es\",\"potentialAction\":[{\"@type\":\"ReadAction\",\"target\":[\"https:\/\/aivlisoft.net\/shop\/producto\/asus-rt-ax58u-v2-router-ax3000-4xgbe-1xgb-wan\/\"]}]},{\"@type\":\"ImageObject\",\"inLanguage\":\"es\",\"@id\":\"https:\/\/aivlisoft.net\/shop\/producto\/asus-rt-ax58u-v2-router-ax3000-4xgbe-1xgb-wan\/#primaryimage\",\"url\":\"https:\/\/aivlisoft.net\/shop\/wp-content\/uploads\/2025\/01\/NROINA0359_800.jpg\",\"contentUrl\":\"https:\/\/aivlisoft.net\/shop\/wp-content\/uploads\/2025\/01\/NROINA0359_800.jpg\",\"width\":800,\"height\":800},{\"@type\":\"BreadcrumbList\",\"@id\":\"https:\/\/aivlisoft.net\/shop\/producto\/asus-rt-ax58u-v2-router-ax3000-4xgbe-1xgb-wan\/#breadcrumb\",\"itemListElement\":[{\"@type\":\"ListItem\",\"position\":1,\"name\":\"Portada\",\"item\":\"https:\/\/aivlisoft.net\/shop\/\"},{\"@type\":\"ListItem\",\"position\":2,\"name\":\"Tienda\",\"item\":\"https:\/\/aivlisoft.net\/shop\/tienda\/\"},{\"@type\":\"ListItem\",\"position\":3,\"name\":\"Asus RT-AX58U V2 Router AX3000 4xGbE 1xGb WAN\"}]},{\"@type\":\"WebSite\",\"@id\":\"https:\/\/aivlisoft.net\/shop\/#website\",\"url\":\"https:\/\/aivlisoft.net\/shop\/\",\"name\":\"Aivlisoft Inform\u00e1tica\",\"description\":\"En Aivlisoft Inform\u00e1tica ofrecemos soluciones tecnol\u00f3gicas para empresas: venta de ordenadores, consumibles, perif\u00e9ricos y m\u00e1s. Calidad, atenci\u00f3n personalizada y los mejores precios para tu negocio.\",\"publisher\":{\"@id\":\"https:\/\/aivlisoft.net\/shop\/#organization\"},\"potentialAction\":[{\"@type\":\"SearchAction\",\"target\":{\"@type\":\"EntryPoint\",\"urlTemplate\":\"https:\/\/aivlisoft.net\/shop\/?s={search_term_string}\"},\"query-input\":{\"@type\":\"PropertyValueSpecification\",\"valueRequired\":true,\"valueName\":\"search_term_string\"}}],\"inLanguage\":\"es\"},{\"@type\":\"Organization\",\"@id\":\"https:\/\/aivlisoft.net\/shop\/#organization\",\"name\":\"Aivlisoft Inform\u00e1tica\",\"url\":\"https:\/\/aivlisoft.net\/shop\/\",\"logo\":{\"@type\":\"ImageObject\",\"inLanguage\":\"es\",\"@id\":\"https:\/\/aivlisoft.net\/shop\/#\/schema\/logo\/image\/\",\"url\":\"https:\/\/aivlisoft.net\/shop\/wp-content\/uploads\/2024\/12\/removal.ai_5b848c54-0cdf-4140-95c5-c5536bb7573b-logodef.png\",\"contentUrl\":\"https:\/\/aivlisoft.net\/shop\/wp-content\/uploads\/2024\/12\/removal.ai_5b848c54-0cdf-4140-95c5-c5536bb7573b-logodef.png\",\"width\":484,\"height\":182,\"caption\":\"Aivlisoft Inform\u00e1tica\"},\"image\":{\"@id\":\"https:\/\/aivlisoft.net\/shop\/#\/schema\/logo\/image\/\"}}]}<\/script>\n<!-- \/ Yoast SEO plugin. -->","yoast_head_json":{"title":"Asus RT-AX58U V2 Router AX3000 4xGbE 1xGb WAN - Aivlisoft Inform\u00e1tica","robots":{"index":"index","follow":"follow","max-snippet":"max-snippet:-1","max-image-preview":"max-image-preview:large","max-video-preview":"max-video-preview:-1"},"canonical":"https:\/\/aivlisoft.net\/shop\/producto\/asus-rt-ax58u-v2-router-ax3000-4xgbe-1xgb-wan\/","og_locale":"es_ES","og_type":"article","og_title":"Asus RT-AX58U V2 Router AX3000 4xGbE 1xGb WAN - Aivlisoft Inform\u00e1tica","og_description":"&nbsp; Marca Asus Modelo 90IG06Q0-MO3B00 Hardware &#8211; Puertos &nbsp; 1 puerto WAN Gigabit &nbsp; 4 puertos LAN Gigabit &nbsp; 1 x USB 3.2 Gen 1 x 1 &#8211; Antena: Antena externa x 4 &#8211; Procesador: Procesador de tres n&uacute;cleos de 1,5 GHz &#8211; Memoria: Flash de 256 MB, RAM de 512 MB &#8211; Bot&oacute;n: bot&oacute;n&hellip;&nbsp;Asus RT-AX58U V2 Router AX3000 4xGbE 1xGb WAN","og_url":"https:\/\/aivlisoft.net\/shop\/producto\/asus-rt-ax58u-v2-router-ax3000-4xgbe-1xgb-wan\/","og_site_name":"Aivlisoft Inform\u00e1tica","article_modified_time":"2025-01-14T19:57:46+00:00","og_image":[{"width":800,"height":800,"url":"https:\/\/aivlisoft.net\/shop\/wp-content\/uploads\/2025\/01\/NROINA0359_800.jpg","type":"image\/jpeg"}],"twitter_card":"summary_large_image","twitter_misc":{"Tiempo de lectura":"2 minutos"},"schema":{"@context":"https:\/\/schema.org","@graph":[{"@type":"WebPage","@id":"https:\/\/aivlisoft.net\/shop\/producto\/asus-rt-ax58u-v2-router-ax3000-4xgbe-1xgb-wan\/","url":"https:\/\/aivlisoft.net\/shop\/producto\/asus-rt-ax58u-v2-router-ax3000-4xgbe-1xgb-wan\/","name":"Asus RT-AX58U V2 Router AX3000 4xGbE 1xGb WAN - Aivlisoft Inform\u00e1tica","isPartOf":{"@id":"https:\/\/aivlisoft.net\/shop\/#website"},"primaryImageOfPage":{"@id":"https:\/\/aivlisoft.net\/shop\/producto\/asus-rt-ax58u-v2-router-ax3000-4xgbe-1xgb-wan\/#primaryimage"},"image":{"@id":"https:\/\/aivlisoft.net\/shop\/producto\/asus-rt-ax58u-v2-router-ax3000-4xgbe-1xgb-wan\/#primaryimage"},"thumbnailUrl":"https:\/\/aivlisoft.net\/shop\/wp-content\/uploads\/2025\/01\/NROINA0359_800.jpg","datePublished":"2025-01-13T15:29:08+00:00","dateModified":"2025-01-14T19:57:46+00:00","breadcrumb":{"@id":"https:\/\/aivlisoft.net\/shop\/producto\/asus-rt-ax58u-v2-router-ax3000-4xgbe-1xgb-wan\/#breadcrumb"},"inLanguage":"es","potentialAction":[{"@type":"ReadAction","target":["https:\/\/aivlisoft.net\/shop\/producto\/asus-rt-ax58u-v2-router-ax3000-4xgbe-1xgb-wan\/"]}]},{"@type":"ImageObject","inLanguage":"es","@id":"https:\/\/aivlisoft.net\/shop\/producto\/asus-rt-ax58u-v2-router-ax3000-4xgbe-1xgb-wan\/#primaryimage","url":"https:\/\/aivlisoft.net\/shop\/wp-content\/uploads\/2025\/01\/NROINA0359_800.jpg","contentUrl":"https:\/\/aivlisoft.net\/shop\/wp-content\/uploads\/2025\/01\/NROINA0359_800.jpg","width":800,"height":800},{"@type":"BreadcrumbList","@id":"https:\/\/aivlisoft.net\/shop\/producto\/asus-rt-ax58u-v2-router-ax3000-4xgbe-1xgb-wan\/#breadcrumb","itemListElement":[{"@type":"ListItem","position":1,"name":"Portada","item":"https:\/\/aivlisoft.net\/shop\/"},{"@type":"ListItem","position":2,"name":"Tienda","item":"https:\/\/aivlisoft.net\/shop\/tienda\/"},{"@type":"ListItem","position":3,"name":"Asus RT-AX58U V2 Router AX3000 4xGbE 1xGb WAN"}]},{"@type":"WebSite","@id":"https:\/\/aivlisoft.net\/shop\/#website","url":"https:\/\/aivlisoft.net\/shop\/","name":"Aivlisoft Inform\u00e1tica","description":"En Aivlisoft Inform\u00e1tica ofrecemos soluciones tecnol\u00f3gicas para empresas: venta de ordenadores, consumibles, perif\u00e9ricos y m\u00e1s. Calidad, atenci\u00f3n personalizada y los mejores precios para tu negocio.","publisher":{"@id":"https:\/\/aivlisoft.net\/shop\/#organization"},"potentialAction":[{"@type":"SearchAction","target":{"@type":"EntryPoint","urlTemplate":"https:\/\/aivlisoft.net\/shop\/?s={search_term_string}"},"query-input":{"@type":"PropertyValueSpecification","valueRequired":true,"valueName":"search_term_string"}}],"inLanguage":"es"},{"@type":"Organization","@id":"https:\/\/aivlisoft.net\/shop\/#organization","name":"Aivlisoft Inform\u00e1tica","url":"https:\/\/aivlisoft.net\/shop\/","logo":{"@type":"ImageObject","inLanguage":"es","@id":"https:\/\/aivlisoft.net\/shop\/#\/schema\/logo\/image\/","url":"https:\/\/aivlisoft.net\/shop\/wp-content\/uploads\/2024\/12\/removal.ai_5b848c54-0cdf-4140-95c5-c5536bb7573b-logodef.png","contentUrl":"https:\/\/aivlisoft.net\/shop\/wp-content\/uploads\/2024\/12\/removal.ai_5b848c54-0cdf-4140-95c5-c5536bb7573b-logodef.png","width":484,"height":182,"caption":"Aivlisoft Inform\u00e1tica"},"image":{"@id":"https:\/\/aivlisoft.net\/shop\/#\/schema\/logo\/image\/"}}]}},"_links":{"self":[{"href":"https:\/\/aivlisoft.net\/shop\/wp-json\/wp\/v2\/product\/19120","targetHints":{"allow":["GET"]}}],"collection":[{"href":"https:\/\/aivlisoft.net\/shop\/wp-json\/wp\/v2\/product"}],"about":[{"href":"https:\/\/aivlisoft.net\/shop\/wp-json\/wp\/v2\/types\/product"}],"wp:featuredmedia":[{"embeddable":true,"href":"https:\/\/aivlisoft.net\/shop\/wp-json\/wp\/v2\/media\/19121"}],"wp:attachment":[{"href":"https:\/\/aivlisoft.net\/shop\/wp-json\/wp\/v2\/media?parent=19120"}],"wp:term":[{"taxonomy":"product_brand","embeddable":true,"href":"https:\/\/aivlisoft.net\/shop\/wp-json\/wp\/v2\/product_brand?post=19120"},{"taxonomy":"product_cat","embeddable":true,"href":"https:\/\/aivlisoft.net\/shop\/wp-json\/wp\/v2\/product_cat?post=19120"},{"taxonomy":"product_tag","embeddable":true,"href":"https:\/\/aivlisoft.net\/shop\/wp-json\/wp\/v2\/product_tag?post=19120"}],"curies":[{"name":"wp","href":"https:\/\/api.w.org\/{rel}","templated":true}]}}