{"id":19118,"date":"2025-01-13T15:29:07","date_gmt":"2025-01-13T15:29:07","guid":{"rendered":"https:\/\/aivlisoft.com\/?post_type=product&#038;p=19118"},"modified":"2025-01-14T19:57:47","modified_gmt":"2025-01-14T19:57:47","slug":"synology-wrx560-router-wifi6-1xwan-3xgbe-1x2-5gb","status":"publish","type":"product","link":"https:\/\/aivlisoft.net\/shop\/producto\/synology-wrx560-router-wifi6-1xwan-3xgbe-1x2-5gb\/","title":{"rendered":"Synology WRX560 Router WiFi6 1xWAN 3xGbE 1&#215;2.5Gb"},"content":{"rendered":"<p>&nbsp;<\/p>\n<table class=\"tabla_caracteristicas k-table\" width=\"100%\">\n<tr>\n<td valign=\"top\"><strong>Marca<\/strong><\/td>\n<td>Synology<\/td>\n<\/tr>\n<tr>\n<td><strong>Modelo<\/strong><\/td>\n<td><strong>WRX560<\/strong><\/td>\n<\/tr>\n<tr>\n<td><strong>Hardware<\/strong><\/td>\n<td>&#8211; CPU: Cuatro n&uacute;cleos a 1,4 GHz<br \/>\t\t\t&#8211; Motor L7 con hardware: S&iacute;<br \/>\t\t\t&#8211; Memoria: DDR3 512 MB<br \/>\t\t\t&#8211; Tipo de antena: 2T2R + 4T4R dipolo de alta ganancia omnidireccional (2,4 GHz\/5 GHz)<br \/>\t\t\t&#8211; Puertos RJ-45<br \/>\t\t\t&nbsp; 1 Gigabit WAN<br \/>\t\t\t&nbsp; 1 WAN\/LAN configurable 2.5GbE<br \/>\t\t\t&nbsp; 3 Gigabit LAN<br \/>\t\t\t&#8211; Puertos externos: 1 USB 3.2 de 1.&ordf; generaci&oacute;n (tipo A)<br \/>\t\t\t&#8211; Tama&ntilde;o (Al. x An. x Pr.): 233 mm x 194 mm x 66 mm<br \/>\t\t\t&#8211; Voltaje de entrada del adaptador de CA: de 100 a 240 V CA<br \/>\t\t\t&#8211; Frecuencia de alimentaci&oacute;n: de 50 a 60 Hz, monof&aacute;sica<br \/>\t\t\t&#8211; Entorno operativo<br \/>\t\t\t&nbsp; De 5 &deg;C a 40 &deg;C (de 40 &deg;F a 104 &deg;F)<br \/>\t\t\t&nbsp; Del 8 % al 80 % de HR<br \/>\t\t\t&#8211; Entorno de almacenamiento<br \/>\t\t\t&nbsp; De -20 &deg;C a 60 &deg;C (de -5 &deg;F a 140 &deg;F)<br \/>\t\t\t&nbsp; Del 5 % al 95 % de HR<br \/>\t\t\t&#8211; Altitud operativa m&aacute;xima: 5000 m (16 400 ft)<\/td>\n<\/tr>\n<tr>\n<td><strong>Inal&aacute;mbricos<\/strong><\/td>\n<td>&#8211; Est&aacute;ndares inal&aacute;mbricos<br \/>\t\t\t&nbsp; IEEE 802.11 a\/n\/ac\/ax de doble banda simult&aacute;nea<br \/>\t\t\t&nbsp; Compatibilidad con roaming 802.11k\/v\/r<br \/>\t\t\t&#8211; Velocidad m&aacute;xima de datos<br \/>\t\t\t&nbsp; 2,4 GHz: Hasta 600 Mbps<br \/>\t\t\t&nbsp; 5 GHz: Hasta 2400 Mbps<br \/>\t\t\t&#8211; Seguridad inal&aacute;mbrica<br \/>\t\t\t&nbsp; WPA\/WPA2-Personal, WPA\/WPA2-Enterprise, WPA2\/WPA3-Personal, WPA3-Personal\/Enterprise, Wi-Fi Enhanced Open (OWE),<br \/>\t\t\t&nbsp; Wi-Fi Protected Setup (WPS) 2.0<br \/>\t\t\t&#8211; Otras funciones inal&aacute;mbricas: Smart Connect para la gesti&oacute;n autom&aacute;tica de banda, activaci&oacute;n\/desactivaci&oacute;n de programaci&oacute;n independiente de Wi-Fi, red de invitados<br \/>\t\t\t<strong>Paquetes de complementos<\/strong><br \/>\t\t\t&#8211; VPN Plus Server: Convierta su Synology Router en un potente servidor VPN. VPN Plus Server permite el acceso seguro a la VPN a trav&eacute;s de clientes y navegadores web,<br \/>\t\t\t&nbsp; y es compatible con varios servicios VPN: WebVPN, Synology SSL VPN, SSTP, RDP, OpenVPN, L2TP over IPSec y PPTP.<br \/>\t\t\t&nbsp; Los administradores de red disponen de varias herramientas de gesti&oacute;n para regular y supervisar eltr&aacute;fico VPN<br \/>\t\t\t&#8211; Threat Prevention: Mejore enormemente la seguridad de su enrutador gracias a los sistemas IDS e IPS, dise&ntilde;ados para proteger su red de las amenazas de Internet<br \/>\t\t\t&#8211; Cloud Station Server: Sincronice los datos de varias plataformas, centraliz&aacute;ndolos en el enrutador mientras almacena f&aacute;cilmente versiones hist&oacute;ricas de archivos importantes<br \/>\t\t\t&#8211; RADIUS Server: Ofrece autenticaci&oacute;n, autorizaci&oacute;n y servicio de gesti&oacute;n de cuentas centralizados para el acceso a la red de forma inal&aacute;mbrica<br \/>\t\t\t&#8211; DNS Server: Un servidor de direcciones para la red local<br \/>\t\t\t&#8211; Download Station<br \/>\t\t\t&nbsp; Protocolos de descarga compatibles: BT\/HTTP\/FTP\/NZB\/eMule<br \/>\t\t\t&nbsp; N&uacute;mero m&aacute;ximo de tareas de descarga simult&aacute;neas: 50<br \/>\t\t\t&#8211; Servidor multimedia Transmisi&oacute;n de contenido multimedia directamente desde el enrutador<\/td>\n<\/tr>\n<tr>\n<td><strong>Software<\/strong><\/td>\n<td>&#8211; Modos de funcionamiento<br \/>\t\t\t&nbsp; Enrutador inal&aacute;mbrico<br \/>\t\t\t&nbsp; AP inal&aacute;mbrico<br \/>\t\t\t&#8211; DHCP: Modo servidor\/cliente, lista de clientes, lista de direcciones MAC reservadas<br \/>\t\t\t&#8211; Reenv&iacute;o de puerto: DMZ, UPnP, VPN pass-through (PPTP, IPSec, L2TP, SIP)<br \/>\t\t\t&#8211; Control parental: Programaci&oacute;n de Internet configurable por dispositivo, lista de permiso\/bloqueo, filtro web basado en DNS con base de datos integrada,<br \/>\t\t\t&nbsp; integraci&oacute;n de b&uacute;squedas de YouTube, Google y Bing, compatible con Google Safe Browsing<br \/>\t\t\t&#8211; Control de tr&aacute;fico<br \/>\t\t\t&nbsp; Velocidad personalizada por dispositivo, supervisi&oacute;n del tr&aacute;fico, l&iacute;mites por aplicaci&oacute;n e informes de uso avanzados<br \/>\t\t\t&nbsp; Supervisi&oacute;n y gesti&oacute;n de capa de aplicaci&oacute;n (Capa 7)<br \/>\t\t\t&#8211; Herramientas de red: Ping, Traceroute, WoL mediante la integraci&oacute;n con Synology QuickConnect<br \/>\t\t\t&#8211; Seguridad<br \/>\t\t\t&nbsp; Protecci&oacute;n de denegaci&oacute;n de servicio (DoS) y mecanismo de bloqueo autom&aacute;tico de IP<br \/>\t\t\t&nbsp; Certificados SSL con integraci&oacute;n de Let&rsquo;s Encrypt<br \/>\t\t\t&nbsp; Consejero de seguridad de Synology<br \/>\t\t\t&nbsp; Autenticaci&oacute;n de dos factores<br \/>\t\t\t&#8211; Separaci&oacute;n de red: N&uacute;mero m&aacute;ximo de VLAN: 5<br \/>\t\t\t&#8211; Clientes VPN: PPTP, OpenVPN&trade;, L2TP por IPSec<br \/>\t\t\t&#8211; Compatibilidad con IPv6: Servidor\/cliente IPv6 DHCP, DS-Lite, 6in4, 6to4, 6rd, pila dual, DHCPv6-PD, transmisi&oacute;n IPv6, FLET&#39;s IPv6<br \/>\t\t\t&#8211; Soluciones de copias de seguridad: Copia de seguridad y restauraci&oacute;n de la configuraci&oacute;n de SRM, compatibilidad con Time Machine (con dispositivo de almacenamiento USB conectado)<br \/>\t\t\t&#8211; Notificaciones: Correo electr&oacute;nico, SMS, servicio Push (a trav&eacute;s de DS router)<br \/>\t\t\t&#8211; Servicio de archivos: SMB, AFP, FTP\/FTPS, WebDAV<br \/>\t\t\t&#8211; FTP Server: Control de ancho de banda para conexiones TCP, intervalo de puertos de FTP pasivo personalizado, protocolos FTP, FTP SSL\/ TLS y SFTP an&oacute;nimos, registros de transferencias<br \/>\t\t\t&#8211; Aplicaciones de iOS\/Android&trade;: DS router, VPN Plus, DS cloud, DS file, DS get (Android&trade;)<br \/>\t\t\t&#8211; Acceso desde cualquier lugar: Synology QuickConnect, DNS din&aacute;mico (DDNS)<br \/>\t\t\t&#8211; Compatibilidad con impresoras<br \/>\t\t\t&nbsp; N&uacute;mero m&aacute;ximo de impresoras: 1<br \/>\t\t\t&nbsp; Protocolos de impresi&oacute;n: LPR, CIFS, IPP<br \/>\t\t\t&#8211; Funciones avanzadas: Smart WAN &#8211; equilibrio de carga y conmutaci&oacute;n por error de doble WAN, ruta de pol&iacute;tica, ruta est&aacute;tica, traducci&oacute;n de direcciones de red (NAT),<br \/>\t\t\t&nbsp; SNMP, SSH, b&uacute;squeda IGMP de LAN\/WLAN, transmisi&oacute;n PPPoE<br \/>\t\t\t&#8211; Exploradores compatibles: Google Chrome&reg;, Firefox&reg;, Microsoft Edge&reg;, Safari&reg; 13 y posteriores y Safari (iOS 13.0 y posteriores) en iPad, Chrome (Android&trade; 11.0 y posteriores) en tabletas<\/td>\n<\/tr>\n<tr>\n<td><strong>Otras Caracter&iacute;sticas<\/strong><\/td>\n<td>&#8211; Certificaci&oacute;n: Certificaci&oacute;n Wi-Fi, CE, UKCA, TELEC, VCCI, IDA, BSMI, JATE, FCC, NCC, RCM<br \/>\t\t\t&#8211; Seguridad medioambiental: Cumple con la normativa RoHS<br \/>\t\t\t<strong>Contenido<\/strong><br \/>\t\t\t&#8211; Unidad principal del WRX560<br \/>\t\t\t&#8211; 1 adaptador de alimentaci&oacute;n de CA<br \/>\t\t\t&#8211; 1 cable LAN RJ-45<br \/>\t\t\t&#8211; Gu&iacute;a de instalaci&oacute;n r&aacute;pida<\/td>\n<\/tr>\n<tr>\n<td><strong>Fecha de revisi&oacute;n<\/strong><\/td>\n<td>24-10-2022 por MPM<\/td>\n<\/tr>\n<\/table>\n<p><br class=\"k-br\" \/>&nbsp;<\/p>\n","protected":false},"excerpt":{"rendered":"<p>&nbsp; Marca Synology Modelo WRX560 Hardware &#8211; CPU: Cuatro n&uacute;cleos a 1,4 GHz &#8211; Motor L7 con hardware: S&iacute; &#8211; Memoria: DDR3 512 MB &#8211; Tipo de antena: 2T2R + 4T4R dipolo de alta ganancia omnidireccional (2,4 GHz\/5 GHz) &#8211; Puertos RJ-45 &nbsp; 1 Gigabit WAN &nbsp; 1 WAN\/LAN configurable 2.5GbE &nbsp; 3 Gigabit LAN&hellip;&nbsp;<a href=\"https:\/\/aivlisoft.net\/shop\/producto\/synology-wrx560-router-wifi6-1xwan-3xgbe-1x2-5gb\/\" rel=\"bookmark\"><span class=\"screen-reader-text\">Synology WRX560 Router WiFi6 1xWAN 3xGbE 1&#215;2.5Gb<\/span><\/a><\/p>\n","protected":false},"featured_media":19119,"template":"","meta":{"neve_meta_sidebar":"","neve_meta_container":"","neve_meta_enable_content_width":"","neve_meta_content_width":0,"neve_meta_title_alignment":"","neve_meta_author_avatar":"","neve_post_elements_order":"","neve_meta_disable_header":"","neve_meta_disable_footer":"","neve_meta_disable_title":""},"product_brand":[],"product_cat":[15,8768,6832],"product_tag":[6928],"class_list":{"0":"post-19118","1":"product","2":"type-product","3":"status-publish","4":"has-post-thumbnail","6":"product_cat-sin-categorizar","7":"product_cat-routers-adsl","8":"product_cat-routers-modems","9":"product_tag-wrx560","11":"first","12":"instock","13":"taxable","14":"shipping-taxable","15":"purchasable","16":"product-type-simple"},"yoast_head":"<!-- This site is optimized with the Yoast SEO plugin v26.0 - https:\/\/yoast.com\/wordpress\/plugins\/seo\/ -->\n<title>Synology WRX560 Router WiFi6 1xWAN 3xGbE 1x2.5Gb - Aivlisoft Inform\u00e1tica<\/title>\n<meta name=\"robots\" content=\"index, follow, max-snippet:-1, max-image-preview:large, max-video-preview:-1\" \/>\n<link rel=\"canonical\" href=\"https:\/\/aivlisoft.net\/shop\/producto\/synology-wrx560-router-wifi6-1xwan-3xgbe-1x2-5gb\/\" \/>\n<meta property=\"og:locale\" content=\"es_ES\" \/>\n<meta property=\"og:type\" content=\"article\" \/>\n<meta property=\"og:title\" content=\"Synology WRX560 Router WiFi6 1xWAN 3xGbE 1x2.5Gb - Aivlisoft Inform\u00e1tica\" \/>\n<meta property=\"og:description\" content=\"&nbsp; Marca Synology Modelo WRX560 Hardware &#8211; CPU: Cuatro n&uacute;cleos a 1,4 GHz &#8211; Motor L7 con hardware: S&iacute; &#8211; Memoria: DDR3 512 MB &#8211; Tipo de antena: 2T2R + 4T4R dipolo de alta ganancia omnidireccional (2,4 GHz\/5 GHz) &#8211; Puertos RJ-45 &nbsp; 1 Gigabit WAN &nbsp; 1 WAN\/LAN configurable 2.5GbE &nbsp; 3 Gigabit LAN&hellip;&nbsp;Synology WRX560 Router WiFi6 1xWAN 3xGbE 1&#215;2.5Gb\" \/>\n<meta property=\"og:url\" content=\"https:\/\/aivlisoft.net\/shop\/producto\/synology-wrx560-router-wifi6-1xwan-3xgbe-1x2-5gb\/\" \/>\n<meta property=\"og:site_name\" content=\"Aivlisoft Inform\u00e1tica\" \/>\n<meta property=\"article:modified_time\" content=\"2025-01-14T19:57:47+00:00\" \/>\n<meta property=\"og:image\" content=\"https:\/\/aivlisoft.net\/shop\/wp-content\/uploads\/2025\/01\/NROINA0358_800.jpg\" \/>\n\t<meta property=\"og:image:width\" content=\"800\" \/>\n\t<meta property=\"og:image:height\" content=\"800\" \/>\n\t<meta property=\"og:image:type\" content=\"image\/jpeg\" \/>\n<meta name=\"twitter:card\" content=\"summary_large_image\" \/>\n<meta name=\"twitter:label1\" content=\"Tiempo de lectura\" \/>\n\t<meta name=\"twitter:data1\" content=\"5 minutos\" \/>\n<script type=\"application\/ld+json\" class=\"yoast-schema-graph\">{\"@context\":\"https:\/\/schema.org\",\"@graph\":[{\"@type\":\"WebPage\",\"@id\":\"https:\/\/aivlisoft.net\/shop\/producto\/synology-wrx560-router-wifi6-1xwan-3xgbe-1x2-5gb\/\",\"url\":\"https:\/\/aivlisoft.net\/shop\/producto\/synology-wrx560-router-wifi6-1xwan-3xgbe-1x2-5gb\/\",\"name\":\"Synology WRX560 Router WiFi6 1xWAN 3xGbE 1x2.5Gb - Aivlisoft Inform\u00e1tica\",\"isPartOf\":{\"@id\":\"https:\/\/aivlisoft.net\/shop\/#website\"},\"primaryImageOfPage\":{\"@id\":\"https:\/\/aivlisoft.net\/shop\/producto\/synology-wrx560-router-wifi6-1xwan-3xgbe-1x2-5gb\/#primaryimage\"},\"image\":{\"@id\":\"https:\/\/aivlisoft.net\/shop\/producto\/synology-wrx560-router-wifi6-1xwan-3xgbe-1x2-5gb\/#primaryimage\"},\"thumbnailUrl\":\"https:\/\/aivlisoft.net\/shop\/wp-content\/uploads\/2025\/01\/NROINA0358_800.jpg\",\"datePublished\":\"2025-01-13T15:29:07+00:00\",\"dateModified\":\"2025-01-14T19:57:47+00:00\",\"breadcrumb\":{\"@id\":\"https:\/\/aivlisoft.net\/shop\/producto\/synology-wrx560-router-wifi6-1xwan-3xgbe-1x2-5gb\/#breadcrumb\"},\"inLanguage\":\"es\",\"potentialAction\":[{\"@type\":\"ReadAction\",\"target\":[\"https:\/\/aivlisoft.net\/shop\/producto\/synology-wrx560-router-wifi6-1xwan-3xgbe-1x2-5gb\/\"]}]},{\"@type\":\"ImageObject\",\"inLanguage\":\"es\",\"@id\":\"https:\/\/aivlisoft.net\/shop\/producto\/synology-wrx560-router-wifi6-1xwan-3xgbe-1x2-5gb\/#primaryimage\",\"url\":\"https:\/\/aivlisoft.net\/shop\/wp-content\/uploads\/2025\/01\/NROINA0358_800.jpg\",\"contentUrl\":\"https:\/\/aivlisoft.net\/shop\/wp-content\/uploads\/2025\/01\/NROINA0358_800.jpg\",\"width\":800,\"height\":800},{\"@type\":\"BreadcrumbList\",\"@id\":\"https:\/\/aivlisoft.net\/shop\/producto\/synology-wrx560-router-wifi6-1xwan-3xgbe-1x2-5gb\/#breadcrumb\",\"itemListElement\":[{\"@type\":\"ListItem\",\"position\":1,\"name\":\"Portada\",\"item\":\"https:\/\/aivlisoft.net\/shop\/\"},{\"@type\":\"ListItem\",\"position\":2,\"name\":\"Tienda\",\"item\":\"https:\/\/aivlisoft.net\/shop\/tienda\/\"},{\"@type\":\"ListItem\",\"position\":3,\"name\":\"Synology WRX560 Router WiFi6 1xWAN 3xGbE 1&#215;2.5Gb\"}]},{\"@type\":\"WebSite\",\"@id\":\"https:\/\/aivlisoft.net\/shop\/#website\",\"url\":\"https:\/\/aivlisoft.net\/shop\/\",\"name\":\"Aivlisoft Inform\u00e1tica\",\"description\":\"En Aivlisoft Inform\u00e1tica ofrecemos soluciones tecnol\u00f3gicas para empresas: venta de ordenadores, consumibles, perif\u00e9ricos y m\u00e1s. Calidad, atenci\u00f3n personalizada y los mejores precios para tu negocio.\",\"publisher\":{\"@id\":\"https:\/\/aivlisoft.net\/shop\/#organization\"},\"potentialAction\":[{\"@type\":\"SearchAction\",\"target\":{\"@type\":\"EntryPoint\",\"urlTemplate\":\"https:\/\/aivlisoft.net\/shop\/?s={search_term_string}\"},\"query-input\":{\"@type\":\"PropertyValueSpecification\",\"valueRequired\":true,\"valueName\":\"search_term_string\"}}],\"inLanguage\":\"es\"},{\"@type\":\"Organization\",\"@id\":\"https:\/\/aivlisoft.net\/shop\/#organization\",\"name\":\"Aivlisoft Inform\u00e1tica\",\"url\":\"https:\/\/aivlisoft.net\/shop\/\",\"logo\":{\"@type\":\"ImageObject\",\"inLanguage\":\"es\",\"@id\":\"https:\/\/aivlisoft.net\/shop\/#\/schema\/logo\/image\/\",\"url\":\"https:\/\/aivlisoft.net\/shop\/wp-content\/uploads\/2024\/12\/removal.ai_5b848c54-0cdf-4140-95c5-c5536bb7573b-logodef.png\",\"contentUrl\":\"https:\/\/aivlisoft.net\/shop\/wp-content\/uploads\/2024\/12\/removal.ai_5b848c54-0cdf-4140-95c5-c5536bb7573b-logodef.png\",\"width\":484,\"height\":182,\"caption\":\"Aivlisoft Inform\u00e1tica\"},\"image\":{\"@id\":\"https:\/\/aivlisoft.net\/shop\/#\/schema\/logo\/image\/\"}}]}<\/script>\n<!-- \/ Yoast SEO plugin. -->","yoast_head_json":{"title":"Synology WRX560 Router WiFi6 1xWAN 3xGbE 1x2.5Gb - Aivlisoft Inform\u00e1tica","robots":{"index":"index","follow":"follow","max-snippet":"max-snippet:-1","max-image-preview":"max-image-preview:large","max-video-preview":"max-video-preview:-1"},"canonical":"https:\/\/aivlisoft.net\/shop\/producto\/synology-wrx560-router-wifi6-1xwan-3xgbe-1x2-5gb\/","og_locale":"es_ES","og_type":"article","og_title":"Synology WRX560 Router WiFi6 1xWAN 3xGbE 1x2.5Gb - Aivlisoft Inform\u00e1tica","og_description":"&nbsp; Marca Synology Modelo WRX560 Hardware &#8211; CPU: Cuatro n&uacute;cleos a 1,4 GHz &#8211; Motor L7 con hardware: S&iacute; &#8211; Memoria: DDR3 512 MB &#8211; Tipo de antena: 2T2R + 4T4R dipolo de alta ganancia omnidireccional (2,4 GHz\/5 GHz) &#8211; Puertos RJ-45 &nbsp; 1 Gigabit WAN &nbsp; 1 WAN\/LAN configurable 2.5GbE &nbsp; 3 Gigabit LAN&hellip;&nbsp;Synology WRX560 Router WiFi6 1xWAN 3xGbE 1&#215;2.5Gb","og_url":"https:\/\/aivlisoft.net\/shop\/producto\/synology-wrx560-router-wifi6-1xwan-3xgbe-1x2-5gb\/","og_site_name":"Aivlisoft Inform\u00e1tica","article_modified_time":"2025-01-14T19:57:47+00:00","og_image":[{"width":800,"height":800,"url":"https:\/\/aivlisoft.net\/shop\/wp-content\/uploads\/2025\/01\/NROINA0358_800.jpg","type":"image\/jpeg"}],"twitter_card":"summary_large_image","twitter_misc":{"Tiempo de lectura":"5 minutos"},"schema":{"@context":"https:\/\/schema.org","@graph":[{"@type":"WebPage","@id":"https:\/\/aivlisoft.net\/shop\/producto\/synology-wrx560-router-wifi6-1xwan-3xgbe-1x2-5gb\/","url":"https:\/\/aivlisoft.net\/shop\/producto\/synology-wrx560-router-wifi6-1xwan-3xgbe-1x2-5gb\/","name":"Synology WRX560 Router WiFi6 1xWAN 3xGbE 1x2.5Gb - Aivlisoft Inform\u00e1tica","isPartOf":{"@id":"https:\/\/aivlisoft.net\/shop\/#website"},"primaryImageOfPage":{"@id":"https:\/\/aivlisoft.net\/shop\/producto\/synology-wrx560-router-wifi6-1xwan-3xgbe-1x2-5gb\/#primaryimage"},"image":{"@id":"https:\/\/aivlisoft.net\/shop\/producto\/synology-wrx560-router-wifi6-1xwan-3xgbe-1x2-5gb\/#primaryimage"},"thumbnailUrl":"https:\/\/aivlisoft.net\/shop\/wp-content\/uploads\/2025\/01\/NROINA0358_800.jpg","datePublished":"2025-01-13T15:29:07+00:00","dateModified":"2025-01-14T19:57:47+00:00","breadcrumb":{"@id":"https:\/\/aivlisoft.net\/shop\/producto\/synology-wrx560-router-wifi6-1xwan-3xgbe-1x2-5gb\/#breadcrumb"},"inLanguage":"es","potentialAction":[{"@type":"ReadAction","target":["https:\/\/aivlisoft.net\/shop\/producto\/synology-wrx560-router-wifi6-1xwan-3xgbe-1x2-5gb\/"]}]},{"@type":"ImageObject","inLanguage":"es","@id":"https:\/\/aivlisoft.net\/shop\/producto\/synology-wrx560-router-wifi6-1xwan-3xgbe-1x2-5gb\/#primaryimage","url":"https:\/\/aivlisoft.net\/shop\/wp-content\/uploads\/2025\/01\/NROINA0358_800.jpg","contentUrl":"https:\/\/aivlisoft.net\/shop\/wp-content\/uploads\/2025\/01\/NROINA0358_800.jpg","width":800,"height":800},{"@type":"BreadcrumbList","@id":"https:\/\/aivlisoft.net\/shop\/producto\/synology-wrx560-router-wifi6-1xwan-3xgbe-1x2-5gb\/#breadcrumb","itemListElement":[{"@type":"ListItem","position":1,"name":"Portada","item":"https:\/\/aivlisoft.net\/shop\/"},{"@type":"ListItem","position":2,"name":"Tienda","item":"https:\/\/aivlisoft.net\/shop\/tienda\/"},{"@type":"ListItem","position":3,"name":"Synology WRX560 Router WiFi6 1xWAN 3xGbE 1&#215;2.5Gb"}]},{"@type":"WebSite","@id":"https:\/\/aivlisoft.net\/shop\/#website","url":"https:\/\/aivlisoft.net\/shop\/","name":"Aivlisoft Inform\u00e1tica","description":"En Aivlisoft Inform\u00e1tica ofrecemos soluciones tecnol\u00f3gicas para empresas: venta de ordenadores, consumibles, perif\u00e9ricos y m\u00e1s. Calidad, atenci\u00f3n personalizada y los mejores precios para tu negocio.","publisher":{"@id":"https:\/\/aivlisoft.net\/shop\/#organization"},"potentialAction":[{"@type":"SearchAction","target":{"@type":"EntryPoint","urlTemplate":"https:\/\/aivlisoft.net\/shop\/?s={search_term_string}"},"query-input":{"@type":"PropertyValueSpecification","valueRequired":true,"valueName":"search_term_string"}}],"inLanguage":"es"},{"@type":"Organization","@id":"https:\/\/aivlisoft.net\/shop\/#organization","name":"Aivlisoft Inform\u00e1tica","url":"https:\/\/aivlisoft.net\/shop\/","logo":{"@type":"ImageObject","inLanguage":"es","@id":"https:\/\/aivlisoft.net\/shop\/#\/schema\/logo\/image\/","url":"https:\/\/aivlisoft.net\/shop\/wp-content\/uploads\/2024\/12\/removal.ai_5b848c54-0cdf-4140-95c5-c5536bb7573b-logodef.png","contentUrl":"https:\/\/aivlisoft.net\/shop\/wp-content\/uploads\/2024\/12\/removal.ai_5b848c54-0cdf-4140-95c5-c5536bb7573b-logodef.png","width":484,"height":182,"caption":"Aivlisoft Inform\u00e1tica"},"image":{"@id":"https:\/\/aivlisoft.net\/shop\/#\/schema\/logo\/image\/"}}]}},"_links":{"self":[{"href":"https:\/\/aivlisoft.net\/shop\/wp-json\/wp\/v2\/product\/19118","targetHints":{"allow":["GET"]}}],"collection":[{"href":"https:\/\/aivlisoft.net\/shop\/wp-json\/wp\/v2\/product"}],"about":[{"href":"https:\/\/aivlisoft.net\/shop\/wp-json\/wp\/v2\/types\/product"}],"wp:featuredmedia":[{"embeddable":true,"href":"https:\/\/aivlisoft.net\/shop\/wp-json\/wp\/v2\/media\/19119"}],"wp:attachment":[{"href":"https:\/\/aivlisoft.net\/shop\/wp-json\/wp\/v2\/media?parent=19118"}],"wp:term":[{"taxonomy":"product_brand","embeddable":true,"href":"https:\/\/aivlisoft.net\/shop\/wp-json\/wp\/v2\/product_brand?post=19118"},{"taxonomy":"product_cat","embeddable":true,"href":"https:\/\/aivlisoft.net\/shop\/wp-json\/wp\/v2\/product_cat?post=19118"},{"taxonomy":"product_tag","embeddable":true,"href":"https:\/\/aivlisoft.net\/shop\/wp-json\/wp\/v2\/product_tag?post=19118"}],"curies":[{"name":"wp","href":"https:\/\/api.w.org\/{rel}","templated":true}]}}