{"id":19115,"date":"2025-01-13T15:29:05","date_gmt":"2025-01-13T15:29:05","guid":{"rendered":"https:\/\/aivlisoft.com\/?post_type=product&#038;p=19115"},"modified":"2025-01-14T19:57:47","modified_gmt":"2025-01-14T19:57:47","slug":"tp-link-archer-c80-router-wifi-ac1900-dual-band","status":"publish","type":"product","link":"https:\/\/aivlisoft.net\/shop\/producto\/tp-link-archer-c80-router-wifi-ac1900-dual-band\/","title":{"rendered":"TP-Link Archer C80 Router WiFi AC1900 Dual Band"},"content":{"rendered":"<p>&nbsp;<\/p>\n<table class=\"tabla_caracteristicas k-table\" width=\"100%\">\n<tr>\n<td valign=\"top\"><strong>Marca<\/strong><\/td>\n<td>TP-Link<\/td>\n<\/tr>\n<tr>\n<td><strong>Modelo<\/strong><\/td>\n<td><strong>Archer C80<\/strong><\/td>\n<\/tr>\n<tr>\n<td><strong>Hardware<\/strong><\/td>\n<td>&#8211; Puertos Ethernet: 1 puerto WAN de 10\/100\/1000 Mbps, 4 puertos LAN de 10\/100\/1000 Mbps<br \/>\t\t\t&#8211; Botones: bot&oacute;n WPS\/Wi-Fi, bot&oacute;n de encendido\/apagado, bot&oacute;n de reinicio<br \/>\t\t\t&#8211; Antenas: 4 Antenas omnidireccionales fijas<br \/>\t\t\t&#8211; Fuente de alimentaci&oacute;n externa: versi&oacute;n EE. UU. 12 V\/1,5 A versi&oacute;n UE 12 V\/1 A<br \/>\t\t\t&#8211; Dimensiones (An. x Pr. x Al.): 8,5 &times; 4,6 &times; 1,26 pulgadas (215 &times; 117 &times; 32 mm)<\/td>\n<\/tr>\n<tr>\n<td><strong>Inal&aacute;mbricos<\/strong><\/td>\n<td>&#8211; Inal&aacute;mbrico: 1300 Mbps en 5 GHz + 600 Mbps en 2,4 GHz<br \/>\t\t\t&#8211; Frecuencia: 2,4 GHz y 5 GHz<br \/>\t\t\t&#8211; Potencia de transmisi&oacute;n:<br \/>\t\t\t&nbsp; CE: &lt;20 dBm (2,4 GHz), &lt;23 dBm (5,15 GHz~5,25 GHz)<br \/>\t\t\t&nbsp; FCC: &lt;30dBm (2,4 GHz y 5 GHz)<br \/>\t\t\t<strong>Sensibilidad de recepci&oacute;n:<\/strong><br \/>\t\t\t&#8211; 5GHz:<br \/>\t\t\t&nbsp; 11a 6Mbps:-98dBm, 11a 54Mbps:-78dBm<br \/>\t\t\t&nbsp; 11ac VHT20_MCS0:-98dBm, 11ac VHT20_MCS8:-72dBm<br \/>\t\t\t&nbsp; 11ac VHT40_MCS0:-92dBm, 11ac VHT40_MCS9:-68dBm<br \/>\t\t\t&nbsp; 11ac VHT80_MCS0:-89dBm, 11ac VHT80_MCS9:-64dBm<br \/>\t\t\t&#8211; 2,4 GHz:<br \/>\t\t\t&nbsp; 11g 6Mbps:-97dBm, 11a 54Mbps:-77dBm<br \/>\t\t\t&nbsp; 11n VHT20_MCS0:-97dBm, 11n VHT20_MCS8:-72dBm<br \/>\t\t\t&nbsp; 11n VHT40_MCS0:-92dBm, 11n VHT40_MCS9:-67dBm<br \/>\t\t\t&#8211; Funci&oacute;n inal&aacute;mbrica: habilitar\/deshabilitar la radio inal&aacute;mbrica, WMM<br \/>\t\t\t&#8211; Seguridad inal&aacute;mbrica: cifrados WEP, WPA\/WPA2, WPA-PSK\/WPA2-PSK de 64\/128 bits<\/td>\n<\/tr>\n<tr>\n<td><strong>Software<\/strong><\/td>\n<td>&#8211; Calidad de Servicio: Priorizaci&oacute;n de Dispositivos<br \/>\t\t\t&#8211; Tipo de WAN: IP din&aacute;mica\/IP est&aacute;tica\/PPPoE (acceso dual)\/PPTP (acceso dual)\/L2TP (acceso dual)<br \/>\t\t\t&#8211; Gesti&oacute;n: Control de Acceso, Gesti&oacute;n Local, Gesti&oacute;n Remota<br \/>\t\t\t&#8211; DHCP: servidor, lista de clientes DHCP, reserva de direcciones<br \/>\t\t\t&#8211; Reenv&iacute;o de puertos: Reenv&iacute;o de puertos, Activaci&oacute;n de puertos, UPnP, DMZ<br \/>\t\t\t&#8211; DNS din&aacute;mico: DynDns, NO-IP, TP-Link<br \/>\t\t\t&#8211; Control de Acceso: Controles Parentales, Control de Gesti&oacute;n Local, Lista Blanca, Lista Negra<br \/>\t\t\t&#8211; Seguridad de cortafuegos: cortafuegos SPI, enlace de direcciones IP y MAC<br \/>\t\t\t&#8211; Protocolos: IPv4, IPv6<br \/>\t\t\t&#8211; Red de invitados: red de invitados de 2,4 GHz, red de invitados de 5 GHz<\/td>\n<\/tr>\n<tr>\n<td><strong>Otras Caracter&iacute;sticas<\/strong><\/td>\n<td>&#8211; Certificaci&oacute;n: CE, FCC, RoHS<br \/>\t\t\t<strong>Requisitos del sistema:<\/strong><br \/>\t\t\t&#8211; Microsoft Windows 98SE\/NT\/2000\/XP\/Vista&trade;\/7\/8\/8.1\/10, SO MAC,<br \/>\t\t\t&#8211; NetWare, UNIX o Linux<br \/>\t\t\t&#8211; Internet Explorer 11, Firefox 12.0, Chrome 20.0, Safari 4.0 u otros<br \/>\t\t\t&#8211; Navegador habilitado para Java<br \/>\t\t\t&#8211; M&oacute;dem por cable o DSL<br \/>\t\t\t&#8211; Suscripci&oacute;n con un proveedor de servicios de Internet (para acceso a Internet)<br \/>\t\t\t<strong>Entorno<\/strong>:<br \/>\t\t\t&#8211; Temperatura de funcionamiento: 0&nbsp;&ordm;C ~ 40 &ordm;C (32&nbsp;&ordm;C ~ 104 &ordm;C)<br \/>\t\t\t&#8211; Temperatura de almacenamiento: -40&nbsp;&ordm;C ~ 70&nbsp;&ordm;C (-40&nbsp;&ordm;C ~ 158 &ordm;C)<br \/>\t\t\t&#8211; Humedad de funcionamiento: 10 %~90 % sin condensaci&oacute;n<br \/>\t\t\t&#8211; Humedad de almacenamiento: 5 %~90 % sin condensaci&oacute;n<br \/>\t\t\t<strong>Contenido<\/strong><br \/>\t\t\t&#8211; Router Inal&aacute;mbrico Archer C80<br \/>\t\t\t&#8211; Adaptador de corriente<br \/>\t\t\t&#8211; Cable Ethernet RJ45<br \/>\t\t\t&#8211; Gu&iacute;a de Instalaci&oacute;n R&aacute;pida<\/td>\n<\/tr>\n<tr>\n<td><strong>Fecha de revisi&oacute;n<\/strong><\/td>\n<td>13-10-2022 por MPM<\/td>\n<\/tr>\n<\/table>\n<p><br class=\"k-br\" \/>&nbsp;<\/p>\n","protected":false},"excerpt":{"rendered":"<p>&nbsp; Marca TP-Link Modelo Archer C80 Hardware &#8211; Puertos Ethernet: 1 puerto WAN de 10\/100\/1000 Mbps, 4 puertos LAN de 10\/100\/1000 Mbps &#8211; Botones: bot&oacute;n WPS\/Wi-Fi, bot&oacute;n de encendido\/apagado, bot&oacute;n de reinicio &#8211; Antenas: 4 Antenas omnidireccionales fijas &#8211; Fuente de alimentaci&oacute;n externa: versi&oacute;n EE. UU. 12 V\/1,5 A versi&oacute;n UE 12 V\/1 A &#8211;&hellip;&nbsp;<a href=\"https:\/\/aivlisoft.net\/shop\/producto\/tp-link-archer-c80-router-wifi-ac1900-dual-band\/\" rel=\"bookmark\"><span class=\"screen-reader-text\">TP-Link Archer C80 Router WiFi AC1900 Dual Band<\/span><\/a><\/p>\n","protected":false},"featured_media":19116,"template":"","meta":{"neve_meta_sidebar":"","neve_meta_container":"","neve_meta_enable_content_width":"","neve_meta_content_width":0,"neve_meta_title_alignment":"","neve_meta_author_avatar":"","neve_post_elements_order":"","neve_meta_disable_header":"","neve_meta_disable_footer":"","neve_meta_disable_title":""},"product_brand":[],"product_cat":[15,8768,6832],"product_tag":[6927],"class_list":{"0":"post-19115","1":"product","2":"type-product","3":"status-publish","4":"has-post-thumbnail","6":"product_cat-sin-categorizar","7":"product_cat-routers-adsl","8":"product_cat-routers-modems","9":"product_tag-archer-c80","11":"first","12":"instock","13":"taxable","14":"shipping-taxable","15":"purchasable","16":"product-type-simple"},"yoast_head":"<!-- This site is optimized with the Yoast SEO plugin v26.0 - https:\/\/yoast.com\/wordpress\/plugins\/seo\/ -->\n<title>TP-Link Archer C80 Router WiFi AC1900 Dual Band - Aivlisoft Inform\u00e1tica<\/title>\n<meta name=\"robots\" content=\"index, follow, max-snippet:-1, max-image-preview:large, max-video-preview:-1\" \/>\n<link rel=\"canonical\" href=\"https:\/\/aivlisoft.net\/shop\/producto\/tp-link-archer-c80-router-wifi-ac1900-dual-band\/\" \/>\n<meta property=\"og:locale\" content=\"es_ES\" \/>\n<meta property=\"og:type\" content=\"article\" \/>\n<meta property=\"og:title\" content=\"TP-Link Archer C80 Router WiFi AC1900 Dual Band - Aivlisoft Inform\u00e1tica\" \/>\n<meta property=\"og:description\" content=\"&nbsp; Marca TP-Link Modelo Archer C80 Hardware &#8211; Puertos Ethernet: 1 puerto WAN de 10\/100\/1000 Mbps, 4 puertos LAN de 10\/100\/1000 Mbps &#8211; Botones: bot&oacute;n WPS\/Wi-Fi, bot&oacute;n de encendido\/apagado, bot&oacute;n de reinicio &#8211; Antenas: 4 Antenas omnidireccionales fijas &#8211; Fuente de alimentaci&oacute;n externa: versi&oacute;n EE. UU. 12 V\/1,5 A versi&oacute;n UE 12 V\/1 A &#8211;&hellip;&nbsp;TP-Link Archer C80 Router WiFi AC1900 Dual Band\" \/>\n<meta property=\"og:url\" content=\"https:\/\/aivlisoft.net\/shop\/producto\/tp-link-archer-c80-router-wifi-ac1900-dual-band\/\" \/>\n<meta property=\"og:site_name\" content=\"Aivlisoft Inform\u00e1tica\" \/>\n<meta property=\"article:modified_time\" content=\"2025-01-14T19:57:47+00:00\" \/>\n<meta property=\"og:image\" content=\"https:\/\/aivlisoft.net\/shop\/wp-content\/uploads\/2025\/01\/NROINA0357_800.jpg\" \/>\n\t<meta property=\"og:image:width\" content=\"800\" \/>\n\t<meta property=\"og:image:height\" content=\"800\" \/>\n\t<meta property=\"og:image:type\" content=\"image\/jpeg\" \/>\n<meta name=\"twitter:card\" content=\"summary_large_image\" \/>\n<meta name=\"twitter:label1\" content=\"Tiempo de lectura\" \/>\n\t<meta name=\"twitter:data1\" content=\"3 minutos\" \/>\n<script type=\"application\/ld+json\" class=\"yoast-schema-graph\">{\"@context\":\"https:\/\/schema.org\",\"@graph\":[{\"@type\":\"WebPage\",\"@id\":\"https:\/\/aivlisoft.net\/shop\/producto\/tp-link-archer-c80-router-wifi-ac1900-dual-band\/\",\"url\":\"https:\/\/aivlisoft.net\/shop\/producto\/tp-link-archer-c80-router-wifi-ac1900-dual-band\/\",\"name\":\"TP-Link Archer C80 Router WiFi AC1900 Dual Band - Aivlisoft Inform\u00e1tica\",\"isPartOf\":{\"@id\":\"https:\/\/aivlisoft.net\/shop\/#website\"},\"primaryImageOfPage\":{\"@id\":\"https:\/\/aivlisoft.net\/shop\/producto\/tp-link-archer-c80-router-wifi-ac1900-dual-band\/#primaryimage\"},\"image\":{\"@id\":\"https:\/\/aivlisoft.net\/shop\/producto\/tp-link-archer-c80-router-wifi-ac1900-dual-band\/#primaryimage\"},\"thumbnailUrl\":\"https:\/\/aivlisoft.net\/shop\/wp-content\/uploads\/2025\/01\/NROINA0357_800.jpg\",\"datePublished\":\"2025-01-13T15:29:05+00:00\",\"dateModified\":\"2025-01-14T19:57:47+00:00\",\"breadcrumb\":{\"@id\":\"https:\/\/aivlisoft.net\/shop\/producto\/tp-link-archer-c80-router-wifi-ac1900-dual-band\/#breadcrumb\"},\"inLanguage\":\"es\",\"potentialAction\":[{\"@type\":\"ReadAction\",\"target\":[\"https:\/\/aivlisoft.net\/shop\/producto\/tp-link-archer-c80-router-wifi-ac1900-dual-band\/\"]}]},{\"@type\":\"ImageObject\",\"inLanguage\":\"es\",\"@id\":\"https:\/\/aivlisoft.net\/shop\/producto\/tp-link-archer-c80-router-wifi-ac1900-dual-band\/#primaryimage\",\"url\":\"https:\/\/aivlisoft.net\/shop\/wp-content\/uploads\/2025\/01\/NROINA0357_800.jpg\",\"contentUrl\":\"https:\/\/aivlisoft.net\/shop\/wp-content\/uploads\/2025\/01\/NROINA0357_800.jpg\",\"width\":800,\"height\":800},{\"@type\":\"BreadcrumbList\",\"@id\":\"https:\/\/aivlisoft.net\/shop\/producto\/tp-link-archer-c80-router-wifi-ac1900-dual-band\/#breadcrumb\",\"itemListElement\":[{\"@type\":\"ListItem\",\"position\":1,\"name\":\"Portada\",\"item\":\"https:\/\/aivlisoft.net\/shop\/\"},{\"@type\":\"ListItem\",\"position\":2,\"name\":\"Tienda\",\"item\":\"https:\/\/aivlisoft.net\/shop\/tienda\/\"},{\"@type\":\"ListItem\",\"position\":3,\"name\":\"TP-Link Archer C80 Router WiFi AC1900 Dual Band\"}]},{\"@type\":\"WebSite\",\"@id\":\"https:\/\/aivlisoft.net\/shop\/#website\",\"url\":\"https:\/\/aivlisoft.net\/shop\/\",\"name\":\"Aivlisoft Inform\u00e1tica\",\"description\":\"En Aivlisoft Inform\u00e1tica ofrecemos soluciones tecnol\u00f3gicas para empresas: venta de ordenadores, consumibles, perif\u00e9ricos y m\u00e1s. Calidad, atenci\u00f3n personalizada y los mejores precios para tu negocio.\",\"publisher\":{\"@id\":\"https:\/\/aivlisoft.net\/shop\/#organization\"},\"potentialAction\":[{\"@type\":\"SearchAction\",\"target\":{\"@type\":\"EntryPoint\",\"urlTemplate\":\"https:\/\/aivlisoft.net\/shop\/?s={search_term_string}\"},\"query-input\":{\"@type\":\"PropertyValueSpecification\",\"valueRequired\":true,\"valueName\":\"search_term_string\"}}],\"inLanguage\":\"es\"},{\"@type\":\"Organization\",\"@id\":\"https:\/\/aivlisoft.net\/shop\/#organization\",\"name\":\"Aivlisoft Inform\u00e1tica\",\"url\":\"https:\/\/aivlisoft.net\/shop\/\",\"logo\":{\"@type\":\"ImageObject\",\"inLanguage\":\"es\",\"@id\":\"https:\/\/aivlisoft.net\/shop\/#\/schema\/logo\/image\/\",\"url\":\"https:\/\/aivlisoft.net\/shop\/wp-content\/uploads\/2024\/12\/removal.ai_5b848c54-0cdf-4140-95c5-c5536bb7573b-logodef.png\",\"contentUrl\":\"https:\/\/aivlisoft.net\/shop\/wp-content\/uploads\/2024\/12\/removal.ai_5b848c54-0cdf-4140-95c5-c5536bb7573b-logodef.png\",\"width\":484,\"height\":182,\"caption\":\"Aivlisoft Inform\u00e1tica\"},\"image\":{\"@id\":\"https:\/\/aivlisoft.net\/shop\/#\/schema\/logo\/image\/\"}}]}<\/script>\n<!-- \/ Yoast SEO plugin. -->","yoast_head_json":{"title":"TP-Link Archer C80 Router WiFi AC1900 Dual Band - Aivlisoft Inform\u00e1tica","robots":{"index":"index","follow":"follow","max-snippet":"max-snippet:-1","max-image-preview":"max-image-preview:large","max-video-preview":"max-video-preview:-1"},"canonical":"https:\/\/aivlisoft.net\/shop\/producto\/tp-link-archer-c80-router-wifi-ac1900-dual-band\/","og_locale":"es_ES","og_type":"article","og_title":"TP-Link Archer C80 Router WiFi AC1900 Dual Band - Aivlisoft Inform\u00e1tica","og_description":"&nbsp; Marca TP-Link Modelo Archer C80 Hardware &#8211; Puertos Ethernet: 1 puerto WAN de 10\/100\/1000 Mbps, 4 puertos LAN de 10\/100\/1000 Mbps &#8211; Botones: bot&oacute;n WPS\/Wi-Fi, bot&oacute;n de encendido\/apagado, bot&oacute;n de reinicio &#8211; Antenas: 4 Antenas omnidireccionales fijas &#8211; Fuente de alimentaci&oacute;n externa: versi&oacute;n EE. UU. 12 V\/1,5 A versi&oacute;n UE 12 V\/1 A &#8211;&hellip;&nbsp;TP-Link Archer C80 Router WiFi AC1900 Dual Band","og_url":"https:\/\/aivlisoft.net\/shop\/producto\/tp-link-archer-c80-router-wifi-ac1900-dual-band\/","og_site_name":"Aivlisoft Inform\u00e1tica","article_modified_time":"2025-01-14T19:57:47+00:00","og_image":[{"width":800,"height":800,"url":"https:\/\/aivlisoft.net\/shop\/wp-content\/uploads\/2025\/01\/NROINA0357_800.jpg","type":"image\/jpeg"}],"twitter_card":"summary_large_image","twitter_misc":{"Tiempo de lectura":"3 minutos"},"schema":{"@context":"https:\/\/schema.org","@graph":[{"@type":"WebPage","@id":"https:\/\/aivlisoft.net\/shop\/producto\/tp-link-archer-c80-router-wifi-ac1900-dual-band\/","url":"https:\/\/aivlisoft.net\/shop\/producto\/tp-link-archer-c80-router-wifi-ac1900-dual-band\/","name":"TP-Link Archer C80 Router WiFi AC1900 Dual Band - Aivlisoft Inform\u00e1tica","isPartOf":{"@id":"https:\/\/aivlisoft.net\/shop\/#website"},"primaryImageOfPage":{"@id":"https:\/\/aivlisoft.net\/shop\/producto\/tp-link-archer-c80-router-wifi-ac1900-dual-band\/#primaryimage"},"image":{"@id":"https:\/\/aivlisoft.net\/shop\/producto\/tp-link-archer-c80-router-wifi-ac1900-dual-band\/#primaryimage"},"thumbnailUrl":"https:\/\/aivlisoft.net\/shop\/wp-content\/uploads\/2025\/01\/NROINA0357_800.jpg","datePublished":"2025-01-13T15:29:05+00:00","dateModified":"2025-01-14T19:57:47+00:00","breadcrumb":{"@id":"https:\/\/aivlisoft.net\/shop\/producto\/tp-link-archer-c80-router-wifi-ac1900-dual-band\/#breadcrumb"},"inLanguage":"es","potentialAction":[{"@type":"ReadAction","target":["https:\/\/aivlisoft.net\/shop\/producto\/tp-link-archer-c80-router-wifi-ac1900-dual-band\/"]}]},{"@type":"ImageObject","inLanguage":"es","@id":"https:\/\/aivlisoft.net\/shop\/producto\/tp-link-archer-c80-router-wifi-ac1900-dual-band\/#primaryimage","url":"https:\/\/aivlisoft.net\/shop\/wp-content\/uploads\/2025\/01\/NROINA0357_800.jpg","contentUrl":"https:\/\/aivlisoft.net\/shop\/wp-content\/uploads\/2025\/01\/NROINA0357_800.jpg","width":800,"height":800},{"@type":"BreadcrumbList","@id":"https:\/\/aivlisoft.net\/shop\/producto\/tp-link-archer-c80-router-wifi-ac1900-dual-band\/#breadcrumb","itemListElement":[{"@type":"ListItem","position":1,"name":"Portada","item":"https:\/\/aivlisoft.net\/shop\/"},{"@type":"ListItem","position":2,"name":"Tienda","item":"https:\/\/aivlisoft.net\/shop\/tienda\/"},{"@type":"ListItem","position":3,"name":"TP-Link Archer C80 Router WiFi AC1900 Dual Band"}]},{"@type":"WebSite","@id":"https:\/\/aivlisoft.net\/shop\/#website","url":"https:\/\/aivlisoft.net\/shop\/","name":"Aivlisoft Inform\u00e1tica","description":"En Aivlisoft Inform\u00e1tica ofrecemos soluciones tecnol\u00f3gicas para empresas: venta de ordenadores, consumibles, perif\u00e9ricos y m\u00e1s. Calidad, atenci\u00f3n personalizada y los mejores precios para tu negocio.","publisher":{"@id":"https:\/\/aivlisoft.net\/shop\/#organization"},"potentialAction":[{"@type":"SearchAction","target":{"@type":"EntryPoint","urlTemplate":"https:\/\/aivlisoft.net\/shop\/?s={search_term_string}"},"query-input":{"@type":"PropertyValueSpecification","valueRequired":true,"valueName":"search_term_string"}}],"inLanguage":"es"},{"@type":"Organization","@id":"https:\/\/aivlisoft.net\/shop\/#organization","name":"Aivlisoft Inform\u00e1tica","url":"https:\/\/aivlisoft.net\/shop\/","logo":{"@type":"ImageObject","inLanguage":"es","@id":"https:\/\/aivlisoft.net\/shop\/#\/schema\/logo\/image\/","url":"https:\/\/aivlisoft.net\/shop\/wp-content\/uploads\/2024\/12\/removal.ai_5b848c54-0cdf-4140-95c5-c5536bb7573b-logodef.png","contentUrl":"https:\/\/aivlisoft.net\/shop\/wp-content\/uploads\/2024\/12\/removal.ai_5b848c54-0cdf-4140-95c5-c5536bb7573b-logodef.png","width":484,"height":182,"caption":"Aivlisoft Inform\u00e1tica"},"image":{"@id":"https:\/\/aivlisoft.net\/shop\/#\/schema\/logo\/image\/"}}]}},"_links":{"self":[{"href":"https:\/\/aivlisoft.net\/shop\/wp-json\/wp\/v2\/product\/19115","targetHints":{"allow":["GET"]}}],"collection":[{"href":"https:\/\/aivlisoft.net\/shop\/wp-json\/wp\/v2\/product"}],"about":[{"href":"https:\/\/aivlisoft.net\/shop\/wp-json\/wp\/v2\/types\/product"}],"wp:featuredmedia":[{"embeddable":true,"href":"https:\/\/aivlisoft.net\/shop\/wp-json\/wp\/v2\/media\/19116"}],"wp:attachment":[{"href":"https:\/\/aivlisoft.net\/shop\/wp-json\/wp\/v2\/media?parent=19115"}],"wp:term":[{"taxonomy":"product_brand","embeddable":true,"href":"https:\/\/aivlisoft.net\/shop\/wp-json\/wp\/v2\/product_brand?post=19115"},{"taxonomy":"product_cat","embeddable":true,"href":"https:\/\/aivlisoft.net\/shop\/wp-json\/wp\/v2\/product_cat?post=19115"},{"taxonomy":"product_tag","embeddable":true,"href":"https:\/\/aivlisoft.net\/shop\/wp-json\/wp\/v2\/product_tag?post=19115"}],"curies":[{"name":"wp","href":"https:\/\/api.w.org\/{rel}","templated":true}]}}