{"id":19112,"date":"2025-01-13T15:29:03","date_gmt":"2025-01-13T15:29:03","guid":{"rendered":"https:\/\/aivlisoft.com\/?post_type=product&#038;p=19112"},"modified":"2025-01-14T19:57:48","modified_gmt":"2025-01-14T19:57:48","slug":"mikrotik-hap-ax2-router-wifi6-5xgbe-1poe-dual","status":"publish","type":"product","link":"https:\/\/aivlisoft.net\/shop\/producto\/mikrotik-hap-ax2-router-wifi6-5xgbe-1poe-dual\/","title":{"rendered":"Mikrotik hAP ax2 Router WiFi6 5xGbE (1PoE) Dual"},"content":{"rendered":"<p>&nbsp;<\/p>\n<table class=\"tabla_caracteristicas k-table\" width=\"100%\">\n<tr>\n<td valign=\"top\"><strong>Marca<\/strong><\/td>\n<td>Mikrotik<\/td>\n<\/tr>\n<tr>\n<td valign=\"top\"><strong>Modelo<\/strong><\/td>\n<td valign=\"top\"><strong>C52iG-5HaxD2HaxD-TC<\/strong><\/td>\n<\/tr>\n<tr>\n<td valign=\"top\">\n<div><strong>Caracter&iacute;sticas<\/strong><\/div>\n<div><strong>Hardware<\/strong><\/div>\n<\/td>\n<td valign=\"top\">&#8211; CPU: Cuatro n&uacute;cleos IPQ-6010 864 MHz<br \/>\t\t\t&#8211; Arquitectura de la CPU: ARM de 64 bits<br \/>\t\t\t&#8211; Tama&ntilde;o de RAM: 1GB<br \/>\t\t\t&#8211; Almacenamiento: 128 MB, NAND<br \/>\t\t\t&#8211; N&uacute;mero de puertos Ethernet 1G: 5<br \/>\t\t\t&#8211; N&uacute;mero de puertos Ethernet 1G con salida PoE: 1<br \/>\t\t\t&#8211; Cambiar modelo de chip: IPQ-6010<br \/>\t\t\t&#8211; Sistema operativo: RouterOS, nivel de licencia 4<\/td>\n<\/tr>\n<tr>\n<td valign=\"top\">\n<div>\n<div><strong>Caracter&iacute;sticas<\/strong><\/div>\n<div><strong>Software<\/strong><\/div>\n<\/p><\/div>\n<\/td>\n<td valign=\"top\">&#8211; Dimensiones: 120 x 101 x 37 mm<br \/>\t\t\t&#8211; Temperatura de funcionamiento: -40&deg;C a +50&deg;C<\/td>\n<\/tr>\n<tr>\n<td valign=\"top\">\n<div><strong>Caracter&iacute;sticas<\/strong><\/div>\n<div><strong>inal&aacute;mbricas<\/strong><\/div>\n<\/td>\n<td>&#8211; Modelo de interfaz inal&aacute;mbrica: QCN-5052 (2,4 GHz), QCN-5052 (5 GHz)<br \/>\t\t\t&#8211; Inal&aacute;mbrico: 2,4 GHz 802.11ax de doble cadena, 5 GHz 802.11 802.11ax de doble cadena<br \/>\t\t\t&#8211; Ganancia m&aacute;xima de la antena inal&aacute;mbrica: 2,4 GHz (4,5 dBi), 5 GHz (4 dBi)<br \/>\t\t\t&#8211; 2.4 GHz<br \/>\t\t\t&nbsp; 1MBit\/s: 22 -100<br \/>\t\t\t&nbsp; 11MBit\/s: 22 -94<br \/>\t\t\t&nbsp; 6MBit\/s: 24 -96<br \/>\t\t\t&nbsp; 54MBit\/s: 22 -80<br \/>\t\t\t&nbsp; MCS0: 24 -96<br \/>\t\t\t&nbsp; MCS7: 21 -75<br \/>\t\t\t&nbsp; MCS9: 19 -70<br \/>\t\t\t&nbsp; MCS11: 17 -67<br \/>\t\t\t&#8211; 5 GHz<br \/>\t\t\t&nbsp; 6MBit\/s: 23 -96<br \/>\t\t\t&nbsp; 54MBit\/s: 20 -80<br \/>\t\t\t&nbsp; MCS0: 22 -96<br \/>\t\t\t&nbsp; MCS7: 19 -75<br \/>\t\t\t&nbsp; MCS9: 17 -70<br \/>\t\t\t&nbsp; MCS11: 15 -67<\/td>\n<\/tr>\n<tr>\n<td valign=\"top\"><strong>Otras Caracter&iacute;sticas<\/strong><\/td>\n<td><strong>Alimentaci&oacute;n<\/strong><br \/>\t\t\t&#8211; N&uacute;mero de entradas de CC: 2 (PoE-in, conector de CC)<br \/>\t\t\t&#8211; Voltaje de entrada PoE: 18-28 V<br \/>\t\t\t&#8211; Entrada de conector de CC: Voltaje 12-28 V<br \/>\t\t\t&#8211; PoE-out: Pasivo PoE Ether1, salida m&aacute;xima por puerto de salida (entrada &lt; 30 V): 600mA<br \/>\t\t\t&#8211; Salida total: m&aacute;x. 0,6 A<br \/>\t\t\t&#8211; Potencia de salida total: 16,8 W<br \/>\t\t\t&#8211; Tensi&oacute;n nominal del adaptador de corriente: 24 V<br \/>\t\t\t&#8211; Corriente nominal del adaptador de corriente: 1,2 A<br \/>\t\t\t&#8211; Consumo m&aacute;ximo de energ&iacute;a (sin accesorios): 12 W<br \/>\t\t\t&#8211; Consumo m&aacute;ximo de energ&iacute;a: 27 W<br \/>\t\t\t<strong>Contenido<\/strong><br \/>\t\t\t&nbsp;&#8211; Adaptador<br \/>\t\t\t&#8211; Tornillos<br \/>\t\t\t&#8211; Base<\/td>\n<\/tr>\n<tr>\n<td valign=\"top\"><strong>Fecha Revisi&oacute;n<\/strong><\/td>\n<td>09-09-2022 por MPM<\/td>\n<\/tr>\n<\/table>\n","protected":false},"excerpt":{"rendered":"<p>&nbsp; Marca Mikrotik Modelo C52iG-5HaxD2HaxD-TC Caracter&iacute;sticas Hardware &#8211; CPU: Cuatro n&uacute;cleos IPQ-6010 864 MHz &#8211; Arquitectura de la CPU: ARM de 64 bits &#8211; Tama&ntilde;o de RAM: 1GB &#8211; Almacenamiento: 128 MB, NAND &#8211; N&uacute;mero de puertos Ethernet 1G: 5 &#8211; N&uacute;mero de puertos Ethernet 1G con salida PoE: 1 &#8211; Cambiar modelo de chip:&hellip;&nbsp;<a href=\"https:\/\/aivlisoft.net\/shop\/producto\/mikrotik-hap-ax2-router-wifi6-5xgbe-1poe-dual\/\" rel=\"bookmark\"><span class=\"screen-reader-text\">Mikrotik hAP ax2 Router WiFi6 5xGbE (1PoE) Dual<\/span><\/a><\/p>\n","protected":false},"featured_media":19113,"template":"","meta":{"neve_meta_sidebar":"","neve_meta_container":"","neve_meta_enable_content_width":"","neve_meta_content_width":0,"neve_meta_title_alignment":"","neve_meta_author_avatar":"","neve_post_elements_order":"","neve_meta_disable_header":"","neve_meta_disable_footer":"","neve_meta_disable_title":""},"product_brand":[],"product_cat":[15,8768,6832],"product_tag":[6926],"class_list":{"0":"post-19112","1":"product","2":"type-product","3":"status-publish","4":"has-post-thumbnail","6":"product_cat-sin-categorizar","7":"product_cat-routers-adsl","8":"product_cat-routers-modems","9":"product_tag-c52ig-5haxd2haxd-tc","11":"first","12":"instock","13":"taxable","14":"shipping-taxable","15":"purchasable","16":"product-type-simple"},"yoast_head":"<!-- This site is optimized with the Yoast SEO plugin v26.0 - https:\/\/yoast.com\/wordpress\/plugins\/seo\/ -->\n<title>Mikrotik hAP ax2 Router WiFi6 5xGbE (1PoE) Dual - Aivlisoft Inform\u00e1tica<\/title>\n<meta name=\"robots\" content=\"index, follow, max-snippet:-1, max-image-preview:large, max-video-preview:-1\" \/>\n<link rel=\"canonical\" href=\"https:\/\/aivlisoft.net\/shop\/producto\/mikrotik-hap-ax2-router-wifi6-5xgbe-1poe-dual\/\" \/>\n<meta property=\"og:locale\" content=\"es_ES\" \/>\n<meta property=\"og:type\" content=\"article\" \/>\n<meta property=\"og:title\" content=\"Mikrotik hAP ax2 Router WiFi6 5xGbE (1PoE) Dual - Aivlisoft Inform\u00e1tica\" \/>\n<meta property=\"og:description\" content=\"&nbsp; Marca Mikrotik Modelo C52iG-5HaxD2HaxD-TC Caracter&iacute;sticas Hardware &#8211; CPU: Cuatro n&uacute;cleos IPQ-6010 864 MHz &#8211; Arquitectura de la CPU: ARM de 64 bits &#8211; Tama&ntilde;o de RAM: 1GB &#8211; Almacenamiento: 128 MB, NAND &#8211; N&uacute;mero de puertos Ethernet 1G: 5 &#8211; N&uacute;mero de puertos Ethernet 1G con salida PoE: 1 &#8211; Cambiar modelo de chip:&hellip;&nbsp;Mikrotik hAP ax2 Router WiFi6 5xGbE (1PoE) Dual\" \/>\n<meta property=\"og:url\" content=\"https:\/\/aivlisoft.net\/shop\/producto\/mikrotik-hap-ax2-router-wifi6-5xgbe-1poe-dual\/\" \/>\n<meta property=\"og:site_name\" content=\"Aivlisoft Inform\u00e1tica\" \/>\n<meta property=\"article:modified_time\" content=\"2025-01-14T19:57:48+00:00\" \/>\n<meta property=\"og:image\" content=\"https:\/\/aivlisoft.net\/shop\/wp-content\/uploads\/2025\/01\/NROINA0356_800.jpg\" \/>\n\t<meta property=\"og:image:width\" content=\"800\" \/>\n\t<meta property=\"og:image:height\" content=\"800\" \/>\n\t<meta property=\"og:image:type\" content=\"image\/jpeg\" \/>\n<meta name=\"twitter:card\" content=\"summary_large_image\" \/>\n<meta name=\"twitter:label1\" content=\"Tiempo de lectura\" \/>\n\t<meta name=\"twitter:data1\" content=\"2 minutos\" \/>\n<script type=\"application\/ld+json\" class=\"yoast-schema-graph\">{\"@context\":\"https:\/\/schema.org\",\"@graph\":[{\"@type\":\"WebPage\",\"@id\":\"https:\/\/aivlisoft.net\/shop\/producto\/mikrotik-hap-ax2-router-wifi6-5xgbe-1poe-dual\/\",\"url\":\"https:\/\/aivlisoft.net\/shop\/producto\/mikrotik-hap-ax2-router-wifi6-5xgbe-1poe-dual\/\",\"name\":\"Mikrotik hAP ax2 Router WiFi6 5xGbE (1PoE) Dual - Aivlisoft Inform\u00e1tica\",\"isPartOf\":{\"@id\":\"https:\/\/aivlisoft.net\/shop\/#website\"},\"primaryImageOfPage\":{\"@id\":\"https:\/\/aivlisoft.net\/shop\/producto\/mikrotik-hap-ax2-router-wifi6-5xgbe-1poe-dual\/#primaryimage\"},\"image\":{\"@id\":\"https:\/\/aivlisoft.net\/shop\/producto\/mikrotik-hap-ax2-router-wifi6-5xgbe-1poe-dual\/#primaryimage\"},\"thumbnailUrl\":\"https:\/\/aivlisoft.net\/shop\/wp-content\/uploads\/2025\/01\/NROINA0356_800.jpg\",\"datePublished\":\"2025-01-13T15:29:03+00:00\",\"dateModified\":\"2025-01-14T19:57:48+00:00\",\"breadcrumb\":{\"@id\":\"https:\/\/aivlisoft.net\/shop\/producto\/mikrotik-hap-ax2-router-wifi6-5xgbe-1poe-dual\/#breadcrumb\"},\"inLanguage\":\"es\",\"potentialAction\":[{\"@type\":\"ReadAction\",\"target\":[\"https:\/\/aivlisoft.net\/shop\/producto\/mikrotik-hap-ax2-router-wifi6-5xgbe-1poe-dual\/\"]}]},{\"@type\":\"ImageObject\",\"inLanguage\":\"es\",\"@id\":\"https:\/\/aivlisoft.net\/shop\/producto\/mikrotik-hap-ax2-router-wifi6-5xgbe-1poe-dual\/#primaryimage\",\"url\":\"https:\/\/aivlisoft.net\/shop\/wp-content\/uploads\/2025\/01\/NROINA0356_800.jpg\",\"contentUrl\":\"https:\/\/aivlisoft.net\/shop\/wp-content\/uploads\/2025\/01\/NROINA0356_800.jpg\",\"width\":800,\"height\":800},{\"@type\":\"BreadcrumbList\",\"@id\":\"https:\/\/aivlisoft.net\/shop\/producto\/mikrotik-hap-ax2-router-wifi6-5xgbe-1poe-dual\/#breadcrumb\",\"itemListElement\":[{\"@type\":\"ListItem\",\"position\":1,\"name\":\"Portada\",\"item\":\"https:\/\/aivlisoft.net\/shop\/\"},{\"@type\":\"ListItem\",\"position\":2,\"name\":\"Tienda\",\"item\":\"https:\/\/aivlisoft.net\/shop\/tienda\/\"},{\"@type\":\"ListItem\",\"position\":3,\"name\":\"Mikrotik hAP ax2 Router WiFi6 5xGbE (1PoE) Dual\"}]},{\"@type\":\"WebSite\",\"@id\":\"https:\/\/aivlisoft.net\/shop\/#website\",\"url\":\"https:\/\/aivlisoft.net\/shop\/\",\"name\":\"Aivlisoft Inform\u00e1tica\",\"description\":\"En Aivlisoft Inform\u00e1tica ofrecemos soluciones tecnol\u00f3gicas para empresas: venta de ordenadores, consumibles, perif\u00e9ricos y m\u00e1s. Calidad, atenci\u00f3n personalizada y los mejores precios para tu negocio.\",\"publisher\":{\"@id\":\"https:\/\/aivlisoft.net\/shop\/#organization\"},\"potentialAction\":[{\"@type\":\"SearchAction\",\"target\":{\"@type\":\"EntryPoint\",\"urlTemplate\":\"https:\/\/aivlisoft.net\/shop\/?s={search_term_string}\"},\"query-input\":{\"@type\":\"PropertyValueSpecification\",\"valueRequired\":true,\"valueName\":\"search_term_string\"}}],\"inLanguage\":\"es\"},{\"@type\":\"Organization\",\"@id\":\"https:\/\/aivlisoft.net\/shop\/#organization\",\"name\":\"Aivlisoft Inform\u00e1tica\",\"url\":\"https:\/\/aivlisoft.net\/shop\/\",\"logo\":{\"@type\":\"ImageObject\",\"inLanguage\":\"es\",\"@id\":\"https:\/\/aivlisoft.net\/shop\/#\/schema\/logo\/image\/\",\"url\":\"https:\/\/aivlisoft.net\/shop\/wp-content\/uploads\/2024\/12\/removal.ai_5b848c54-0cdf-4140-95c5-c5536bb7573b-logodef.png\",\"contentUrl\":\"https:\/\/aivlisoft.net\/shop\/wp-content\/uploads\/2024\/12\/removal.ai_5b848c54-0cdf-4140-95c5-c5536bb7573b-logodef.png\",\"width\":484,\"height\":182,\"caption\":\"Aivlisoft Inform\u00e1tica\"},\"image\":{\"@id\":\"https:\/\/aivlisoft.net\/shop\/#\/schema\/logo\/image\/\"}}]}<\/script>\n<!-- \/ Yoast SEO plugin. -->","yoast_head_json":{"title":"Mikrotik hAP ax2 Router WiFi6 5xGbE (1PoE) Dual - Aivlisoft Inform\u00e1tica","robots":{"index":"index","follow":"follow","max-snippet":"max-snippet:-1","max-image-preview":"max-image-preview:large","max-video-preview":"max-video-preview:-1"},"canonical":"https:\/\/aivlisoft.net\/shop\/producto\/mikrotik-hap-ax2-router-wifi6-5xgbe-1poe-dual\/","og_locale":"es_ES","og_type":"article","og_title":"Mikrotik hAP ax2 Router WiFi6 5xGbE (1PoE) Dual - Aivlisoft Inform\u00e1tica","og_description":"&nbsp; Marca Mikrotik Modelo C52iG-5HaxD2HaxD-TC Caracter&iacute;sticas Hardware &#8211; CPU: Cuatro n&uacute;cleos IPQ-6010 864 MHz &#8211; Arquitectura de la CPU: ARM de 64 bits &#8211; Tama&ntilde;o de RAM: 1GB &#8211; Almacenamiento: 128 MB, NAND &#8211; N&uacute;mero de puertos Ethernet 1G: 5 &#8211; N&uacute;mero de puertos Ethernet 1G con salida PoE: 1 &#8211; Cambiar modelo de chip:&hellip;&nbsp;Mikrotik hAP ax2 Router WiFi6 5xGbE (1PoE) Dual","og_url":"https:\/\/aivlisoft.net\/shop\/producto\/mikrotik-hap-ax2-router-wifi6-5xgbe-1poe-dual\/","og_site_name":"Aivlisoft Inform\u00e1tica","article_modified_time":"2025-01-14T19:57:48+00:00","og_image":[{"width":800,"height":800,"url":"https:\/\/aivlisoft.net\/shop\/wp-content\/uploads\/2025\/01\/NROINA0356_800.jpg","type":"image\/jpeg"}],"twitter_card":"summary_large_image","twitter_misc":{"Tiempo de lectura":"2 minutos"},"schema":{"@context":"https:\/\/schema.org","@graph":[{"@type":"WebPage","@id":"https:\/\/aivlisoft.net\/shop\/producto\/mikrotik-hap-ax2-router-wifi6-5xgbe-1poe-dual\/","url":"https:\/\/aivlisoft.net\/shop\/producto\/mikrotik-hap-ax2-router-wifi6-5xgbe-1poe-dual\/","name":"Mikrotik hAP ax2 Router WiFi6 5xGbE (1PoE) Dual - Aivlisoft Inform\u00e1tica","isPartOf":{"@id":"https:\/\/aivlisoft.net\/shop\/#website"},"primaryImageOfPage":{"@id":"https:\/\/aivlisoft.net\/shop\/producto\/mikrotik-hap-ax2-router-wifi6-5xgbe-1poe-dual\/#primaryimage"},"image":{"@id":"https:\/\/aivlisoft.net\/shop\/producto\/mikrotik-hap-ax2-router-wifi6-5xgbe-1poe-dual\/#primaryimage"},"thumbnailUrl":"https:\/\/aivlisoft.net\/shop\/wp-content\/uploads\/2025\/01\/NROINA0356_800.jpg","datePublished":"2025-01-13T15:29:03+00:00","dateModified":"2025-01-14T19:57:48+00:00","breadcrumb":{"@id":"https:\/\/aivlisoft.net\/shop\/producto\/mikrotik-hap-ax2-router-wifi6-5xgbe-1poe-dual\/#breadcrumb"},"inLanguage":"es","potentialAction":[{"@type":"ReadAction","target":["https:\/\/aivlisoft.net\/shop\/producto\/mikrotik-hap-ax2-router-wifi6-5xgbe-1poe-dual\/"]}]},{"@type":"ImageObject","inLanguage":"es","@id":"https:\/\/aivlisoft.net\/shop\/producto\/mikrotik-hap-ax2-router-wifi6-5xgbe-1poe-dual\/#primaryimage","url":"https:\/\/aivlisoft.net\/shop\/wp-content\/uploads\/2025\/01\/NROINA0356_800.jpg","contentUrl":"https:\/\/aivlisoft.net\/shop\/wp-content\/uploads\/2025\/01\/NROINA0356_800.jpg","width":800,"height":800},{"@type":"BreadcrumbList","@id":"https:\/\/aivlisoft.net\/shop\/producto\/mikrotik-hap-ax2-router-wifi6-5xgbe-1poe-dual\/#breadcrumb","itemListElement":[{"@type":"ListItem","position":1,"name":"Portada","item":"https:\/\/aivlisoft.net\/shop\/"},{"@type":"ListItem","position":2,"name":"Tienda","item":"https:\/\/aivlisoft.net\/shop\/tienda\/"},{"@type":"ListItem","position":3,"name":"Mikrotik hAP ax2 Router WiFi6 5xGbE (1PoE) Dual"}]},{"@type":"WebSite","@id":"https:\/\/aivlisoft.net\/shop\/#website","url":"https:\/\/aivlisoft.net\/shop\/","name":"Aivlisoft Inform\u00e1tica","description":"En Aivlisoft Inform\u00e1tica ofrecemos soluciones tecnol\u00f3gicas para empresas: venta de ordenadores, consumibles, perif\u00e9ricos y m\u00e1s. Calidad, atenci\u00f3n personalizada y los mejores precios para tu negocio.","publisher":{"@id":"https:\/\/aivlisoft.net\/shop\/#organization"},"potentialAction":[{"@type":"SearchAction","target":{"@type":"EntryPoint","urlTemplate":"https:\/\/aivlisoft.net\/shop\/?s={search_term_string}"},"query-input":{"@type":"PropertyValueSpecification","valueRequired":true,"valueName":"search_term_string"}}],"inLanguage":"es"},{"@type":"Organization","@id":"https:\/\/aivlisoft.net\/shop\/#organization","name":"Aivlisoft Inform\u00e1tica","url":"https:\/\/aivlisoft.net\/shop\/","logo":{"@type":"ImageObject","inLanguage":"es","@id":"https:\/\/aivlisoft.net\/shop\/#\/schema\/logo\/image\/","url":"https:\/\/aivlisoft.net\/shop\/wp-content\/uploads\/2024\/12\/removal.ai_5b848c54-0cdf-4140-95c5-c5536bb7573b-logodef.png","contentUrl":"https:\/\/aivlisoft.net\/shop\/wp-content\/uploads\/2024\/12\/removal.ai_5b848c54-0cdf-4140-95c5-c5536bb7573b-logodef.png","width":484,"height":182,"caption":"Aivlisoft Inform\u00e1tica"},"image":{"@id":"https:\/\/aivlisoft.net\/shop\/#\/schema\/logo\/image\/"}}]}},"_links":{"self":[{"href":"https:\/\/aivlisoft.net\/shop\/wp-json\/wp\/v2\/product\/19112","targetHints":{"allow":["GET"]}}],"collection":[{"href":"https:\/\/aivlisoft.net\/shop\/wp-json\/wp\/v2\/product"}],"about":[{"href":"https:\/\/aivlisoft.net\/shop\/wp-json\/wp\/v2\/types\/product"}],"wp:featuredmedia":[{"embeddable":true,"href":"https:\/\/aivlisoft.net\/shop\/wp-json\/wp\/v2\/media\/19113"}],"wp:attachment":[{"href":"https:\/\/aivlisoft.net\/shop\/wp-json\/wp\/v2\/media?parent=19112"}],"wp:term":[{"taxonomy":"product_brand","embeddable":true,"href":"https:\/\/aivlisoft.net\/shop\/wp-json\/wp\/v2\/product_brand?post=19112"},{"taxonomy":"product_cat","embeddable":true,"href":"https:\/\/aivlisoft.net\/shop\/wp-json\/wp\/v2\/product_cat?post=19112"},{"taxonomy":"product_tag","embeddable":true,"href":"https:\/\/aivlisoft.net\/shop\/wp-json\/wp\/v2\/product_tag?post=19112"}],"curies":[{"name":"wp","href":"https:\/\/api.w.org\/{rel}","templated":true}]}}