{"id":19110,"date":"2025-01-13T15:29:02","date_gmt":"2025-01-13T15:29:02","guid":{"rendered":"https:\/\/aivlisoft.com\/?post_type=product&#038;p=19110"},"modified":"2025-01-14T19:57:48","modified_gmt":"2025-01-14T19:57:48","slug":"tp-link-archer-axe75-router-wifi6e-ax5400-1xgb-wan","status":"publish","type":"product","link":"https:\/\/aivlisoft.net\/shop\/producto\/tp-link-archer-axe75-router-wifi6e-ax5400-1xgb-wan\/","title":{"rendered":"TP-Link Archer AXE75 Router WiFi6E AX5400 1xGb WAN"},"content":{"rendered":"<p>&nbsp;<\/p>\n<table class=\"tabla_caracteristicas k-table\" width=\"100%\">\n<tr>\n<td valign=\"top\"><strong>Marca<\/strong><\/td>\n<td>TP-Link<\/td>\n<\/tr>\n<tr>\n<td valign=\"top\"><strong>Modelo<\/strong><\/td>\n<td valign=\"top\"><strong>Archer AXE75<\/strong><\/td>\n<\/tr>\n<tr>\n<td valign=\"top\">\n<div><strong>Caracter&iacute;sticas<\/strong><\/div>\n<div><strong>Hardware<\/strong><\/div>\n<\/td>\n<td valign=\"top\">&#8211; Procesador: CPU de cuatro n&uacute;cleos a 1,7 GHz<br \/>\t\t\t&#8211; Puertos Ethernet: 1 puerto WAN Gigabit, 4 puertos LAN Gigabit<br \/>\t\t\t&#8211; Compatibilidad con USB: 1 puerto USB 3.0<br \/>\t\t\t&#8211; Botones: bot&oacute;n LED de encendido\/apagado, bot&oacute;n WPS, bot&oacute;n de encendido\/apagado de Wi-Fi, bot&oacute;n de reinicio, encendido\/apagado<br \/>\t\t\t&#8211; Alimentaci&oacute;n: 12 V\/2,5 A<\/td>\n<\/tr>\n<tr>\n<td valign=\"top\">\n<div>\n<div><strong>Caracter&iacute;sticas<\/strong><\/div>\n<div><strong>Software<\/strong><\/div>\n<\/p><\/div>\n<\/td>\n<td valign=\"top\">&#8211; Protocolos: IPv4, IPv6<br \/>\t\t\t&#8211; Kits de servicio: HomeShield<br \/>\t\t\t&#8211; OneMesh: Compatible<br \/>\t\t\t&#8211; Controles parentales: Controles parentales de HomeShield<br \/>\t\t\t&#8211; Tipos de WAN: IP din&aacute;mica, IP est&aacute;tica, PPPoE, PPTP, L2TP<br \/>\t\t\t&#8211; Calidad de Servicio: QoS por Dispositivo<br \/>\t\t\t&#8211; Servicio en la nube: Actualizaci&oacute;n autom&aacute;tica de firmware, ID de TP-Link, DDNS<br \/>\t\t\t&#8211; Reenv&iacute;o NAT: Reenv&iacute;o de puertos, activaci&oacute;n de puertos, DMZ, UPnP, servidor virtual<br \/>\t\t\t&#8211; DDNS: TP-Link, NO-IP, DynDNS<\/td>\n<\/tr>\n<tr>\n<td valign=\"top\">\n<div><strong>Caracter&iacute;sticas<\/strong><\/div>\n<div><strong>inal&aacute;mbricas<\/strong><\/div>\n<\/td>\n<td>&#8211; Est&aacute;ndares: IEEE 802.11ax 6 GHz, IEEE 802.11ax\/ac\/n\/a 5 GHz, IEEE 802.11ax\/n\/b\/g 2,4 GHz<br \/>\t\t\t&#8211; Velocidades WiFi: 2402 Mbps (6 GHz) + 2402 Mbps (5 GHz) + 574 Mbps (2,4 GHz)<br \/>\t\t\t&#8211; Alcance WiFi: 6&times; Antenas Fijas de Alto Rendimiento, Beamforming<br \/>\t\t\t&#8211; Capacidad WiFi: Tribanda, OFDMA, Airtime Fairness, DFS, 6 Streams<br \/>\t\t\t&#8211; Modos de trabajo: modo de enrutador, modo de punto de acceso<br \/>\t\t\t&#8211; WiFi Transmission Power:<br \/>\t\t\t&nbsp; FCC: &le;29dBm (2.4 GHz), &le;28dBm (5 GHz), &le;22dBm (6 GHz)<br \/>\t\t\t&nbsp; CE: &le;17dBm (2.4 GHz), &le;27dBm (5 GHz), &le;20dBm (6 GHz)<br \/>\t\t\t&#8211; WiFi Reception Sensitivity:<br \/>\t\t\t&nbsp; 2.4 GHz:<br \/>\t\t\t&nbsp; 11ax HE20 MCS0:-95dBm, 11ax HE20 MCS11:-64dBm<br \/>\t\t\t&nbsp; 11ax HE40 MCS0:-92dBm, 11ax HE40 MCS11:-62dBm<br \/>\t\t\t&nbsp; 5 GHz:<br \/>\t\t\t&nbsp; 11ax HE20 MCS0:-94dBm, 11ax HE20 MCS11:-63dBm<br \/>\t\t\t&nbsp; 11ax HE40 MCS0:-91dBm, 11ax HE40 MCS11:-60dBm<br \/>\t\t\t&nbsp; 11ax HE80 MCS0:-88dBm, 11ax HE80 MCS11:-57dBm<br \/>\t\t\t&nbsp; 11ax HE160 MCS0:-85dBm, 11ax HE160 MCS11:-54dBm<br \/>\t\t\t&nbsp; 6 GHz:<br \/>\t\t\t&nbsp; 11ax HE20 MCS0:-93dBm, 11ax HE20 MCS11:-62dBm<br \/>\t\t\t&nbsp; 11ax HE40 MCS0:-90dBm, 11ax HE40 MCS11:-59dBm<br \/>\t\t\t&nbsp; 11ax HE80 MCS0:-87dBm, 11ax HE80 MCS11:-56dBm<br \/>\t\t\t&nbsp; 11ax HE160 MCS0:-84dBm, 11ax HE160 MCS11:-53dBm<\/td>\n<\/tr>\n<tr>\n<td valign=\"top\"><strong>Otras Caracter&iacute;sticas<\/strong><\/td>\n<td>&#8211; Dimensiones (An. &times; Pr. &times; Al.): 10,7 &times; 5,8 &times; 1,9 pulgadas (272,5 &times; 147,2 &times; 49,2 mm)<br \/>\t\t\t&#8211; Certificaciones: FCC, RoHS<br \/>\t\t\t&#8211; Entorno<br \/>\t\t\t&nbsp; Temperatura de funcionamiento: 0 ? ~ 40 ? (32 ? ~ 104 ?)<br \/>\t\t\t&nbsp; Humedad de funcionamiento: 10 %~90 % sin condensaci&oacute;n<br \/>\t\t\t<strong>Seguridad<\/strong><br \/>\t\t\t&#8211; Cifrado WiFi: WPA, WPA2, WPA3, WPA\/WPA2-Enterprise (802.1x)<br \/>\t\t\t&#8211; Seguridad de red: cortafuegos SPI, control de acceso, vinculaci&oacute;n IP y MAC, aplicaci&oacute;n: puerta de enlace de capa, seguridad HomeShield<br \/>\t\t\t&#8211; Red de invitados: 1 red de invitados de 6 GHz, 1 red de invitados de 5 GHz, 1 red de invitados de 2,4 GHz<br \/>\t\t\t&#8211; Servidor VPN: Servidor VPN OpenVPN, PPTP, L2TP<br \/>\t\t\t&#8211; Cliente VPN: OpenVPN, PPTP, L2TP Cliente VPN<br \/>\t\t\t<strong>Requisitos del sistema:<\/strong><br \/>\t\t\t&#8211; Internet Explorer 11+, Firefox 12.0+, Chrome 20.0+, Safari 4.0+ u otros habilitados para JavaScript<br \/>\t\t\t&#8211; M&oacute;dem por cable o DSL (si es necesario)<br \/>\t\t\t&#8211; Suscripci&oacute;n con un proveedor de servicios de Internet (para acceso a Internet)<br \/>\t\t\t&#8211; Navegador<br \/>\t\t\t<strong>Contenido:<\/strong><br \/>\t\t\t&#8211; Router Wi-Fi Archer AXE75<br \/>\t\t\t&#8211; Adaptador de corriente<br \/>\t\t\t&#8211; Cable Ethernet RJ45<br \/>\t\t\t&#8211; Gu&iacute;a de Instalaci&oacute;n R&aacute;pida<\/td>\n<\/tr>\n<tr>\n<td valign=\"top\"><strong>Fecha Revisi&oacute;n<\/strong><\/td>\n<td>07-09-2022 por MPM<\/td>\n<\/tr>\n<\/table>\n","protected":false},"excerpt":{"rendered":"<p>&nbsp; Marca TP-Link Modelo Archer AXE75 Caracter&iacute;sticas Hardware &#8211; Procesador: CPU de cuatro n&uacute;cleos a 1,7 GHz &#8211; Puertos Ethernet: 1 puerto WAN Gigabit, 4 puertos LAN Gigabit &#8211; Compatibilidad con USB: 1 puerto USB 3.0 &#8211; Botones: bot&oacute;n LED de encendido\/apagado, bot&oacute;n WPS, bot&oacute;n de encendido\/apagado de Wi-Fi, bot&oacute;n de reinicio, encendido\/apagado &#8211; Alimentaci&oacute;n:&hellip;&nbsp;<a href=\"https:\/\/aivlisoft.net\/shop\/producto\/tp-link-archer-axe75-router-wifi6e-ax5400-1xgb-wan\/\" rel=\"bookmark\"><span class=\"screen-reader-text\">TP-Link Archer AXE75 Router WiFi6E AX5400 1xGb WAN<\/span><\/a><\/p>\n","protected":false},"featured_media":19111,"template":"","meta":{"neve_meta_sidebar":"","neve_meta_container":"","neve_meta_enable_content_width":"","neve_meta_content_width":0,"neve_meta_title_alignment":"","neve_meta_author_avatar":"","neve_post_elements_order":"","neve_meta_disable_header":"","neve_meta_disable_footer":"","neve_meta_disable_title":""},"product_brand":[],"product_cat":[15,8768,6832],"product_tag":[6925],"class_list":{"0":"post-19110","1":"product","2":"type-product","3":"status-publish","4":"has-post-thumbnail","6":"product_cat-sin-categorizar","7":"product_cat-routers-adsl","8":"product_cat-routers-modems","9":"product_tag-archer-axe75","11":"first","12":"instock","13":"taxable","14":"shipping-taxable","15":"purchasable","16":"product-type-simple"},"yoast_head":"<!-- This site is optimized with the Yoast SEO plugin v26.0 - https:\/\/yoast.com\/wordpress\/plugins\/seo\/ -->\n<title>TP-Link Archer AXE75 Router WiFi6E AX5400 1xGb WAN - Aivlisoft Inform\u00e1tica<\/title>\n<meta name=\"robots\" content=\"index, follow, max-snippet:-1, max-image-preview:large, max-video-preview:-1\" \/>\n<link rel=\"canonical\" href=\"https:\/\/aivlisoft.net\/shop\/producto\/tp-link-archer-axe75-router-wifi6e-ax5400-1xgb-wan\/\" \/>\n<meta property=\"og:locale\" content=\"es_ES\" \/>\n<meta property=\"og:type\" content=\"article\" \/>\n<meta property=\"og:title\" content=\"TP-Link Archer AXE75 Router WiFi6E AX5400 1xGb WAN - Aivlisoft Inform\u00e1tica\" \/>\n<meta property=\"og:description\" content=\"&nbsp; Marca TP-Link Modelo Archer AXE75 Caracter&iacute;sticas Hardware &#8211; Procesador: CPU de cuatro n&uacute;cleos a 1,7 GHz &#8211; Puertos Ethernet: 1 puerto WAN Gigabit, 4 puertos LAN Gigabit &#8211; Compatibilidad con USB: 1 puerto USB 3.0 &#8211; Botones: bot&oacute;n LED de encendido\/apagado, bot&oacute;n WPS, bot&oacute;n de encendido\/apagado de Wi-Fi, bot&oacute;n de reinicio, encendido\/apagado &#8211; Alimentaci&oacute;n:&hellip;&nbsp;TP-Link Archer AXE75 Router WiFi6E AX5400 1xGb WAN\" \/>\n<meta property=\"og:url\" content=\"https:\/\/aivlisoft.net\/shop\/producto\/tp-link-archer-axe75-router-wifi6e-ax5400-1xgb-wan\/\" \/>\n<meta property=\"og:site_name\" content=\"Aivlisoft Inform\u00e1tica\" \/>\n<meta property=\"article:modified_time\" content=\"2025-01-14T19:57:48+00:00\" \/>\n<meta property=\"og:image\" content=\"https:\/\/aivlisoft.net\/shop\/wp-content\/uploads\/2025\/01\/NROINA0355_800.jpg\" \/>\n\t<meta property=\"og:image:width\" content=\"800\" \/>\n\t<meta property=\"og:image:height\" content=\"800\" \/>\n\t<meta property=\"og:image:type\" content=\"image\/jpeg\" \/>\n<meta name=\"twitter:card\" content=\"summary_large_image\" \/>\n<meta name=\"twitter:label1\" content=\"Tiempo de lectura\" \/>\n\t<meta name=\"twitter:data1\" content=\"3 minutos\" \/>\n<script type=\"application\/ld+json\" class=\"yoast-schema-graph\">{\"@context\":\"https:\/\/schema.org\",\"@graph\":[{\"@type\":\"WebPage\",\"@id\":\"https:\/\/aivlisoft.net\/shop\/producto\/tp-link-archer-axe75-router-wifi6e-ax5400-1xgb-wan\/\",\"url\":\"https:\/\/aivlisoft.net\/shop\/producto\/tp-link-archer-axe75-router-wifi6e-ax5400-1xgb-wan\/\",\"name\":\"TP-Link Archer AXE75 Router WiFi6E AX5400 1xGb WAN - Aivlisoft Inform\u00e1tica\",\"isPartOf\":{\"@id\":\"https:\/\/aivlisoft.net\/shop\/#website\"},\"primaryImageOfPage\":{\"@id\":\"https:\/\/aivlisoft.net\/shop\/producto\/tp-link-archer-axe75-router-wifi6e-ax5400-1xgb-wan\/#primaryimage\"},\"image\":{\"@id\":\"https:\/\/aivlisoft.net\/shop\/producto\/tp-link-archer-axe75-router-wifi6e-ax5400-1xgb-wan\/#primaryimage\"},\"thumbnailUrl\":\"https:\/\/aivlisoft.net\/shop\/wp-content\/uploads\/2025\/01\/NROINA0355_800.jpg\",\"datePublished\":\"2025-01-13T15:29:02+00:00\",\"dateModified\":\"2025-01-14T19:57:48+00:00\",\"breadcrumb\":{\"@id\":\"https:\/\/aivlisoft.net\/shop\/producto\/tp-link-archer-axe75-router-wifi6e-ax5400-1xgb-wan\/#breadcrumb\"},\"inLanguage\":\"es\",\"potentialAction\":[{\"@type\":\"ReadAction\",\"target\":[\"https:\/\/aivlisoft.net\/shop\/producto\/tp-link-archer-axe75-router-wifi6e-ax5400-1xgb-wan\/\"]}]},{\"@type\":\"ImageObject\",\"inLanguage\":\"es\",\"@id\":\"https:\/\/aivlisoft.net\/shop\/producto\/tp-link-archer-axe75-router-wifi6e-ax5400-1xgb-wan\/#primaryimage\",\"url\":\"https:\/\/aivlisoft.net\/shop\/wp-content\/uploads\/2025\/01\/NROINA0355_800.jpg\",\"contentUrl\":\"https:\/\/aivlisoft.net\/shop\/wp-content\/uploads\/2025\/01\/NROINA0355_800.jpg\",\"width\":800,\"height\":800},{\"@type\":\"BreadcrumbList\",\"@id\":\"https:\/\/aivlisoft.net\/shop\/producto\/tp-link-archer-axe75-router-wifi6e-ax5400-1xgb-wan\/#breadcrumb\",\"itemListElement\":[{\"@type\":\"ListItem\",\"position\":1,\"name\":\"Portada\",\"item\":\"https:\/\/aivlisoft.net\/shop\/\"},{\"@type\":\"ListItem\",\"position\":2,\"name\":\"Tienda\",\"item\":\"https:\/\/aivlisoft.net\/shop\/tienda\/\"},{\"@type\":\"ListItem\",\"position\":3,\"name\":\"TP-Link Archer AXE75 Router WiFi6E AX5400 1xGb WAN\"}]},{\"@type\":\"WebSite\",\"@id\":\"https:\/\/aivlisoft.net\/shop\/#website\",\"url\":\"https:\/\/aivlisoft.net\/shop\/\",\"name\":\"Aivlisoft Inform\u00e1tica\",\"description\":\"En Aivlisoft Inform\u00e1tica ofrecemos soluciones tecnol\u00f3gicas para empresas: venta de ordenadores, consumibles, perif\u00e9ricos y m\u00e1s. Calidad, atenci\u00f3n personalizada y los mejores precios para tu negocio.\",\"publisher\":{\"@id\":\"https:\/\/aivlisoft.net\/shop\/#organization\"},\"potentialAction\":[{\"@type\":\"SearchAction\",\"target\":{\"@type\":\"EntryPoint\",\"urlTemplate\":\"https:\/\/aivlisoft.net\/shop\/?s={search_term_string}\"},\"query-input\":{\"@type\":\"PropertyValueSpecification\",\"valueRequired\":true,\"valueName\":\"search_term_string\"}}],\"inLanguage\":\"es\"},{\"@type\":\"Organization\",\"@id\":\"https:\/\/aivlisoft.net\/shop\/#organization\",\"name\":\"Aivlisoft Inform\u00e1tica\",\"url\":\"https:\/\/aivlisoft.net\/shop\/\",\"logo\":{\"@type\":\"ImageObject\",\"inLanguage\":\"es\",\"@id\":\"https:\/\/aivlisoft.net\/shop\/#\/schema\/logo\/image\/\",\"url\":\"https:\/\/aivlisoft.net\/shop\/wp-content\/uploads\/2024\/12\/removal.ai_5b848c54-0cdf-4140-95c5-c5536bb7573b-logodef.png\",\"contentUrl\":\"https:\/\/aivlisoft.net\/shop\/wp-content\/uploads\/2024\/12\/removal.ai_5b848c54-0cdf-4140-95c5-c5536bb7573b-logodef.png\",\"width\":484,\"height\":182,\"caption\":\"Aivlisoft Inform\u00e1tica\"},\"image\":{\"@id\":\"https:\/\/aivlisoft.net\/shop\/#\/schema\/logo\/image\/\"}}]}<\/script>\n<!-- \/ Yoast SEO plugin. -->","yoast_head_json":{"title":"TP-Link Archer AXE75 Router WiFi6E AX5400 1xGb WAN - Aivlisoft Inform\u00e1tica","robots":{"index":"index","follow":"follow","max-snippet":"max-snippet:-1","max-image-preview":"max-image-preview:large","max-video-preview":"max-video-preview:-1"},"canonical":"https:\/\/aivlisoft.net\/shop\/producto\/tp-link-archer-axe75-router-wifi6e-ax5400-1xgb-wan\/","og_locale":"es_ES","og_type":"article","og_title":"TP-Link Archer AXE75 Router WiFi6E AX5400 1xGb WAN - Aivlisoft Inform\u00e1tica","og_description":"&nbsp; Marca TP-Link Modelo Archer AXE75 Caracter&iacute;sticas Hardware &#8211; Procesador: CPU de cuatro n&uacute;cleos a 1,7 GHz &#8211; Puertos Ethernet: 1 puerto WAN Gigabit, 4 puertos LAN Gigabit &#8211; Compatibilidad con USB: 1 puerto USB 3.0 &#8211; Botones: bot&oacute;n LED de encendido\/apagado, bot&oacute;n WPS, bot&oacute;n de encendido\/apagado de Wi-Fi, bot&oacute;n de reinicio, encendido\/apagado &#8211; Alimentaci&oacute;n:&hellip;&nbsp;TP-Link Archer AXE75 Router WiFi6E AX5400 1xGb WAN","og_url":"https:\/\/aivlisoft.net\/shop\/producto\/tp-link-archer-axe75-router-wifi6e-ax5400-1xgb-wan\/","og_site_name":"Aivlisoft Inform\u00e1tica","article_modified_time":"2025-01-14T19:57:48+00:00","og_image":[{"width":800,"height":800,"url":"https:\/\/aivlisoft.net\/shop\/wp-content\/uploads\/2025\/01\/NROINA0355_800.jpg","type":"image\/jpeg"}],"twitter_card":"summary_large_image","twitter_misc":{"Tiempo de lectura":"3 minutos"},"schema":{"@context":"https:\/\/schema.org","@graph":[{"@type":"WebPage","@id":"https:\/\/aivlisoft.net\/shop\/producto\/tp-link-archer-axe75-router-wifi6e-ax5400-1xgb-wan\/","url":"https:\/\/aivlisoft.net\/shop\/producto\/tp-link-archer-axe75-router-wifi6e-ax5400-1xgb-wan\/","name":"TP-Link Archer AXE75 Router WiFi6E AX5400 1xGb WAN - Aivlisoft Inform\u00e1tica","isPartOf":{"@id":"https:\/\/aivlisoft.net\/shop\/#website"},"primaryImageOfPage":{"@id":"https:\/\/aivlisoft.net\/shop\/producto\/tp-link-archer-axe75-router-wifi6e-ax5400-1xgb-wan\/#primaryimage"},"image":{"@id":"https:\/\/aivlisoft.net\/shop\/producto\/tp-link-archer-axe75-router-wifi6e-ax5400-1xgb-wan\/#primaryimage"},"thumbnailUrl":"https:\/\/aivlisoft.net\/shop\/wp-content\/uploads\/2025\/01\/NROINA0355_800.jpg","datePublished":"2025-01-13T15:29:02+00:00","dateModified":"2025-01-14T19:57:48+00:00","breadcrumb":{"@id":"https:\/\/aivlisoft.net\/shop\/producto\/tp-link-archer-axe75-router-wifi6e-ax5400-1xgb-wan\/#breadcrumb"},"inLanguage":"es","potentialAction":[{"@type":"ReadAction","target":["https:\/\/aivlisoft.net\/shop\/producto\/tp-link-archer-axe75-router-wifi6e-ax5400-1xgb-wan\/"]}]},{"@type":"ImageObject","inLanguage":"es","@id":"https:\/\/aivlisoft.net\/shop\/producto\/tp-link-archer-axe75-router-wifi6e-ax5400-1xgb-wan\/#primaryimage","url":"https:\/\/aivlisoft.net\/shop\/wp-content\/uploads\/2025\/01\/NROINA0355_800.jpg","contentUrl":"https:\/\/aivlisoft.net\/shop\/wp-content\/uploads\/2025\/01\/NROINA0355_800.jpg","width":800,"height":800},{"@type":"BreadcrumbList","@id":"https:\/\/aivlisoft.net\/shop\/producto\/tp-link-archer-axe75-router-wifi6e-ax5400-1xgb-wan\/#breadcrumb","itemListElement":[{"@type":"ListItem","position":1,"name":"Portada","item":"https:\/\/aivlisoft.net\/shop\/"},{"@type":"ListItem","position":2,"name":"Tienda","item":"https:\/\/aivlisoft.net\/shop\/tienda\/"},{"@type":"ListItem","position":3,"name":"TP-Link Archer AXE75 Router WiFi6E AX5400 1xGb WAN"}]},{"@type":"WebSite","@id":"https:\/\/aivlisoft.net\/shop\/#website","url":"https:\/\/aivlisoft.net\/shop\/","name":"Aivlisoft Inform\u00e1tica","description":"En Aivlisoft Inform\u00e1tica ofrecemos soluciones tecnol\u00f3gicas para empresas: venta de ordenadores, consumibles, perif\u00e9ricos y m\u00e1s. Calidad, atenci\u00f3n personalizada y los mejores precios para tu negocio.","publisher":{"@id":"https:\/\/aivlisoft.net\/shop\/#organization"},"potentialAction":[{"@type":"SearchAction","target":{"@type":"EntryPoint","urlTemplate":"https:\/\/aivlisoft.net\/shop\/?s={search_term_string}"},"query-input":{"@type":"PropertyValueSpecification","valueRequired":true,"valueName":"search_term_string"}}],"inLanguage":"es"},{"@type":"Organization","@id":"https:\/\/aivlisoft.net\/shop\/#organization","name":"Aivlisoft Inform\u00e1tica","url":"https:\/\/aivlisoft.net\/shop\/","logo":{"@type":"ImageObject","inLanguage":"es","@id":"https:\/\/aivlisoft.net\/shop\/#\/schema\/logo\/image\/","url":"https:\/\/aivlisoft.net\/shop\/wp-content\/uploads\/2024\/12\/removal.ai_5b848c54-0cdf-4140-95c5-c5536bb7573b-logodef.png","contentUrl":"https:\/\/aivlisoft.net\/shop\/wp-content\/uploads\/2024\/12\/removal.ai_5b848c54-0cdf-4140-95c5-c5536bb7573b-logodef.png","width":484,"height":182,"caption":"Aivlisoft Inform\u00e1tica"},"image":{"@id":"https:\/\/aivlisoft.net\/shop\/#\/schema\/logo\/image\/"}}]}},"_links":{"self":[{"href":"https:\/\/aivlisoft.net\/shop\/wp-json\/wp\/v2\/product\/19110","targetHints":{"allow":["GET"]}}],"collection":[{"href":"https:\/\/aivlisoft.net\/shop\/wp-json\/wp\/v2\/product"}],"about":[{"href":"https:\/\/aivlisoft.net\/shop\/wp-json\/wp\/v2\/types\/product"}],"wp:featuredmedia":[{"embeddable":true,"href":"https:\/\/aivlisoft.net\/shop\/wp-json\/wp\/v2\/media\/19111"}],"wp:attachment":[{"href":"https:\/\/aivlisoft.net\/shop\/wp-json\/wp\/v2\/media?parent=19110"}],"wp:term":[{"taxonomy":"product_brand","embeddable":true,"href":"https:\/\/aivlisoft.net\/shop\/wp-json\/wp\/v2\/product_brand?post=19110"},{"taxonomy":"product_cat","embeddable":true,"href":"https:\/\/aivlisoft.net\/shop\/wp-json\/wp\/v2\/product_cat?post=19110"},{"taxonomy":"product_tag","embeddable":true,"href":"https:\/\/aivlisoft.net\/shop\/wp-json\/wp\/v2\/product_tag?post=19110"}],"curies":[{"name":"wp","href":"https:\/\/api.w.org\/{rel}","templated":true}]}}