{"id":19106,"date":"2025-01-13T15:29:00","date_gmt":"2025-01-13T15:29:00","guid":{"rendered":"https:\/\/aivlisoft.com\/?post_type=product&#038;p=19106"},"modified":"2025-01-14T19:57:49","modified_gmt":"2025-01-14T19:57:49","slug":"tp-link-ex230v-router-wifi6-ax1800-dual-1xwan-3xgb","status":"publish","type":"product","link":"https:\/\/aivlisoft.net\/shop\/producto\/tp-link-ex230v-router-wifi6-ax1800-dual-1xwan-3xgb\/","title":{"rendered":"TP-Link EX230v Router WiFi6 AX1800 Dual 1xWAN 3xGb"},"content":{"rendered":"<p>&nbsp;<\/p>\n<table class=\"tabla_caracteristicas k-table\" width=\"100%\">\n<tr>\n<td valign=\"top\"><strong>Marca<\/strong><\/td>\n<td>TP-Link<\/td>\n<\/tr>\n<tr>\n<td valign=\"top\"><strong>Modelo<\/strong><\/td>\n<td valign=\"top\"><strong>EX230V<\/strong><\/td>\n<\/tr>\n<tr>\n<td valign=\"top\">\n<div><strong>Caracter&iacute;sticas <\/strong><\/div>\n<div><strong>de hardware<\/strong><\/div>\n<\/td>\n<td>&#8211; Interfaz:<br \/>\t\t\t&nbsp; 3 puertos LAN RJ45 de 10\/100\/1000 Mbps,<br \/>\t\t\t&nbsp; 1 puerto WAN RJ45 de 10\/100\/1000 Mbps,<br \/>\t\t\t&nbsp; 1 puerto FXS<br \/>\t\t\t&nbsp; 1 puerto USB 2.0<br \/>\t\t\t&#8211; Botones: Bot&oacute;n de encendido\/apagado, Bot&oacute;n de reinicio, Bot&oacute;n Wi-Fi, Bot&oacute;n WPS<br \/>\t\t\t&#8211; Fuente de Alimentaci&oacute;n Externa: 12V\/1.5A<br \/>\t\t\t&#8211; Dimensiones: 7,9 x 5,9 x 2,7 pulgadas (199,7 x 148,6 x 67,5 mm)<br \/>\t\t\t&#8211; Tipo de Antena: Antenas internas<\/td>\n<\/tr>\n<tr>\n<td valign=\"top\">\n<div><strong>Caracter&iacute;sticas<\/strong><\/div>\n<div><strong>inal&aacute;mbricas<\/strong><\/div>\n<\/td>\n<td>&#8211; Est&aacute;ndares Inal&aacute;mbricos: IEEE 802.11ax\/ac\/n\/a 5 GHz, IEEE 802.11ax\/n\/g\/b 2,4 GHz<br \/>\t\t\t&#8211; Frecuencia: 2.4 GHz y 5 GHz<br \/>\t\t\t&#8211; Tasa de Se&ntilde;al:<br \/>\t\t\t&#8211; 1201 Mbps a 5 GHz, 574 Mbps a 2,4 GHz<br \/>\t\t\t&#8211; Funciones Inal&aacute;mbricas: Activar\/desactivar radio inal&aacute;mbrica, WMM, estad&iacute;sticas inal&aacute;mbricas<br \/>\t\t\t&#8211; Seguridad Inal&aacute;mbrica: Cifrados WPA \/ WPA2 \/ WPA3<br \/>\t\t\t&#8211; Potencia de Transmisi&oacute;n: CE:&lt;20dBm (2.4GHz); &lt;23dBm (5.15GHz&ndash;5.35GHz);<br \/>\t\t\t&#8211; Planificador de Red Inal&aacute;mbrica: Compatibilidad con programaci&oacute;n inal&aacute;mbrica de 2,4 GHz y 5 GHz<br \/>\t\t\t&#8211; Mesh Technology: EasyMesh, Roaming continuo, Autorreparaci&oacute;n, Soporte 802.11k \/ v \/ r<\/td>\n<\/tr>\n<tr>\n<td valign=\"top\">\n<div><strong>Caracter&iacute;sticas <\/strong><\/div>\n<div><strong>de software<\/strong><\/div>\n<\/td>\n<td>&#8211; Calidad de Servicio: QoS de hardware, clasificaci&oacute;n de flujo<br \/>\t\t\t&#8211; Modo de Funcionamiento: Enrutador, punto de acceso<br \/>\t\t\t&#8211; Tipo de WAN: IP din&aacute;mica \/ IP est&aacute;tica \/ PPPoE \/ PPTP \/ L2TP (Multi-EWAN)<br \/>\t\t\t&#8211; Gesti&oacute;n: Control de Acceso, Gesti&oacute;n Local, Gesti&oacute;n Remota, TR-069 (TR-098 \/ TR-181), TR-111, TR-143<br \/>\t\t\t&#8211; Aplicaci&oacute;n Aginet<br \/>\t\t\t&#8211; DHCP: Servidor, lista de clientes DHCP, reserva de direcciones<br \/>\t\t\t&#8211; Reenv&iacute;o de Puertos: Servidor virtual, Activaci&oacute;n de puertos, UPnP, DMZ<br \/>\t\t\t&#8211; DNS Din&aacute;mico: DynDns, NO-IP<br \/>\t\t\t&#8211; VPN Pass-Through: IPSec, PPTP, L2TP<br \/>\t\t\t&#8211; Control de Acceso: Control parental, gesti&oacute;n local, lista de host, lista permitir, lista denegar<br \/>\t\t\t&#8211; Seguridad Firewall: DoS, cortafuegos SPI, enlace de direcciones IP y MAC<br \/>\t\t\t&#8211; Protocolos: IPv4, IPv6<br \/>\t\t\t&#8211; Caracter&iacute;sticas Avanzadas: Muti-SSID, TX Beamforming, MU-MIMO, DL\/UL OFDMA, Airtime Fairness<br \/>\t\t\t&#8211; Compartici&oacute;n por USB: Samba, FTP, servidor multimedia, copia de seguridad 3G\/4G<br \/>\t\t\t&#8211; VPN Server: PPTP, OpenVPN, IPSec<\/td>\n<\/tr>\n<tr>\n<td valign=\"top\"><strong>Otras Caracter&iacute;sticas<\/strong><\/td>\n<td>&#8211; Requirements: Microsoft Windows 98SE\/NT\/2000\/XP\/Vista&trade;\/7\/8\/8.1\/10, MAC OS, NetWare, UNIX o Linux<br \/>\t\t\t&#8211; Internet Explorer 11, Firefox 12.0, Chrome 20.0, Safari 4.0 u otro navegador habilitado para Java<br \/>\t\t\t&#8211; Suscripci&oacute;n con un proveedor de servicios de Internet (para acceso a Internet)<br \/>\t\t\t&#8211; Factores Ambientales:<br \/>\t\t\t&nbsp; Temperatura de funcionamiento: 0 &ordm;C -40 &ordm;C (32 &ordm;C -104 &ordm;C)<br \/>\t\t\t&nbsp; Temperatura de almacenamiento: -40 &ordm;C -70 &ordm;C (-40 &ordm;C -158 &ordm;C)<br \/>\t\t\t&nbsp; Humedad de funcionamiento: 10% -90% sin condensaci&oacute;n<br \/>\t\t\t&nbsp; Humedad de almacenamiento: 5% -90% sin condensaci&oacute;n<br \/>\t\t\t&#8211; Certificaciones: CE<br \/>\t\t\t<strong>Contenido del Paquete:<\/strong><br \/>\t\t\t&#8211; Enrutador VoIP Wi-Fi 6 Gigabit de doble banda EX230v<br \/>\t\t\t&#8211; Adaptador de corriente<br \/>\t\t\t&#8211; Cable ethernet rj45<br \/>\t\t\t&#8211; Gu&iacute;a de Instalaci&oacute;n R&aacute;pida<\/td>\n<\/tr>\n<tr>\n<td valign=\"top\"><strong>Fecha Revisi&oacute;n<\/strong><\/td>\n<td>08-08-2022 por MPM<\/td>\n<\/tr>\n<\/table>\n","protected":false},"excerpt":{"rendered":"<p>&nbsp; Marca TP-Link Modelo EX230V Caracter&iacute;sticas de hardware &#8211; Interfaz: &nbsp; 3 puertos LAN RJ45 de 10\/100\/1000 Mbps, &nbsp; 1 puerto WAN RJ45 de 10\/100\/1000 Mbps, &nbsp; 1 puerto FXS &nbsp; 1 puerto USB 2.0 &#8211; Botones: Bot&oacute;n de encendido\/apagado, Bot&oacute;n de reinicio, Bot&oacute;n Wi-Fi, Bot&oacute;n WPS &#8211; Fuente de Alimentaci&oacute;n Externa: 12V\/1.5A &#8211; Dimensiones:&hellip;&nbsp;<a href=\"https:\/\/aivlisoft.net\/shop\/producto\/tp-link-ex230v-router-wifi6-ax1800-dual-1xwan-3xgb\/\" rel=\"bookmark\"><span class=\"screen-reader-text\">TP-Link EX230v Router WiFi6 AX1800 Dual 1xWAN 3xGb<\/span><\/a><\/p>\n","protected":false},"featured_media":19107,"template":"","meta":{"neve_meta_sidebar":"","neve_meta_container":"","neve_meta_enable_content_width":"","neve_meta_content_width":0,"neve_meta_title_alignment":"","neve_meta_author_avatar":"","neve_post_elements_order":"","neve_meta_disable_header":"","neve_meta_disable_footer":"","neve_meta_disable_title":""},"product_brand":[],"product_cat":[15,8768,6832],"product_tag":[6924],"class_list":{"0":"post-19106","1":"product","2":"type-product","3":"status-publish","4":"has-post-thumbnail","6":"product_cat-sin-categorizar","7":"product_cat-routers-adsl","8":"product_cat-routers-modems","9":"product_tag-ex230v","11":"first","12":"instock","13":"taxable","14":"shipping-taxable","15":"purchasable","16":"product-type-simple"},"yoast_head":"<!-- This site is optimized with the Yoast SEO plugin v26.0 - https:\/\/yoast.com\/wordpress\/plugins\/seo\/ -->\n<title>TP-Link EX230v Router WiFi6 AX1800 Dual 1xWAN 3xGb - Aivlisoft Inform\u00e1tica<\/title>\n<meta name=\"robots\" content=\"index, follow, max-snippet:-1, max-image-preview:large, max-video-preview:-1\" \/>\n<link rel=\"canonical\" href=\"https:\/\/aivlisoft.net\/shop\/producto\/tp-link-ex230v-router-wifi6-ax1800-dual-1xwan-3xgb\/\" \/>\n<meta property=\"og:locale\" content=\"es_ES\" \/>\n<meta property=\"og:type\" content=\"article\" \/>\n<meta property=\"og:title\" content=\"TP-Link EX230v Router WiFi6 AX1800 Dual 1xWAN 3xGb - Aivlisoft Inform\u00e1tica\" \/>\n<meta property=\"og:description\" content=\"&nbsp; Marca TP-Link Modelo EX230V Caracter&iacute;sticas de hardware &#8211; Interfaz: &nbsp; 3 puertos LAN RJ45 de 10\/100\/1000 Mbps, &nbsp; 1 puerto WAN RJ45 de 10\/100\/1000 Mbps, &nbsp; 1 puerto FXS &nbsp; 1 puerto USB 2.0 &#8211; Botones: Bot&oacute;n de encendido\/apagado, Bot&oacute;n de reinicio, Bot&oacute;n Wi-Fi, Bot&oacute;n WPS &#8211; Fuente de Alimentaci&oacute;n Externa: 12V\/1.5A &#8211; Dimensiones:&hellip;&nbsp;TP-Link EX230v Router WiFi6 AX1800 Dual 1xWAN 3xGb\" \/>\n<meta property=\"og:url\" content=\"https:\/\/aivlisoft.net\/shop\/producto\/tp-link-ex230v-router-wifi6-ax1800-dual-1xwan-3xgb\/\" \/>\n<meta property=\"og:site_name\" content=\"Aivlisoft Inform\u00e1tica\" \/>\n<meta property=\"article:modified_time\" content=\"2025-01-14T19:57:49+00:00\" \/>\n<meta property=\"og:image\" content=\"https:\/\/aivlisoft.net\/shop\/wp-content\/uploads\/2025\/01\/NROINA0354_800.jpg\" \/>\n\t<meta property=\"og:image:width\" content=\"800\" \/>\n\t<meta property=\"og:image:height\" content=\"800\" \/>\n\t<meta property=\"og:image:type\" content=\"image\/jpeg\" \/>\n<meta name=\"twitter:card\" content=\"summary_large_image\" \/>\n<meta name=\"twitter:label1\" content=\"Tiempo de lectura\" \/>\n\t<meta name=\"twitter:data1\" content=\"3 minutos\" \/>\n<script type=\"application\/ld+json\" class=\"yoast-schema-graph\">{\"@context\":\"https:\/\/schema.org\",\"@graph\":[{\"@type\":\"WebPage\",\"@id\":\"https:\/\/aivlisoft.net\/shop\/producto\/tp-link-ex230v-router-wifi6-ax1800-dual-1xwan-3xgb\/\",\"url\":\"https:\/\/aivlisoft.net\/shop\/producto\/tp-link-ex230v-router-wifi6-ax1800-dual-1xwan-3xgb\/\",\"name\":\"TP-Link EX230v Router WiFi6 AX1800 Dual 1xWAN 3xGb - Aivlisoft Inform\u00e1tica\",\"isPartOf\":{\"@id\":\"https:\/\/aivlisoft.net\/shop\/#website\"},\"primaryImageOfPage\":{\"@id\":\"https:\/\/aivlisoft.net\/shop\/producto\/tp-link-ex230v-router-wifi6-ax1800-dual-1xwan-3xgb\/#primaryimage\"},\"image\":{\"@id\":\"https:\/\/aivlisoft.net\/shop\/producto\/tp-link-ex230v-router-wifi6-ax1800-dual-1xwan-3xgb\/#primaryimage\"},\"thumbnailUrl\":\"https:\/\/aivlisoft.net\/shop\/wp-content\/uploads\/2025\/01\/NROINA0354_800.jpg\",\"datePublished\":\"2025-01-13T15:29:00+00:00\",\"dateModified\":\"2025-01-14T19:57:49+00:00\",\"breadcrumb\":{\"@id\":\"https:\/\/aivlisoft.net\/shop\/producto\/tp-link-ex230v-router-wifi6-ax1800-dual-1xwan-3xgb\/#breadcrumb\"},\"inLanguage\":\"es\",\"potentialAction\":[{\"@type\":\"ReadAction\",\"target\":[\"https:\/\/aivlisoft.net\/shop\/producto\/tp-link-ex230v-router-wifi6-ax1800-dual-1xwan-3xgb\/\"]}]},{\"@type\":\"ImageObject\",\"inLanguage\":\"es\",\"@id\":\"https:\/\/aivlisoft.net\/shop\/producto\/tp-link-ex230v-router-wifi6-ax1800-dual-1xwan-3xgb\/#primaryimage\",\"url\":\"https:\/\/aivlisoft.net\/shop\/wp-content\/uploads\/2025\/01\/NROINA0354_800.jpg\",\"contentUrl\":\"https:\/\/aivlisoft.net\/shop\/wp-content\/uploads\/2025\/01\/NROINA0354_800.jpg\",\"width\":800,\"height\":800},{\"@type\":\"BreadcrumbList\",\"@id\":\"https:\/\/aivlisoft.net\/shop\/producto\/tp-link-ex230v-router-wifi6-ax1800-dual-1xwan-3xgb\/#breadcrumb\",\"itemListElement\":[{\"@type\":\"ListItem\",\"position\":1,\"name\":\"Portada\",\"item\":\"https:\/\/aivlisoft.net\/shop\/\"},{\"@type\":\"ListItem\",\"position\":2,\"name\":\"Tienda\",\"item\":\"https:\/\/aivlisoft.net\/shop\/tienda\/\"},{\"@type\":\"ListItem\",\"position\":3,\"name\":\"TP-Link EX230v Router WiFi6 AX1800 Dual 1xWAN 3xGb\"}]},{\"@type\":\"WebSite\",\"@id\":\"https:\/\/aivlisoft.net\/shop\/#website\",\"url\":\"https:\/\/aivlisoft.net\/shop\/\",\"name\":\"Aivlisoft Inform\u00e1tica\",\"description\":\"En Aivlisoft Inform\u00e1tica ofrecemos soluciones tecnol\u00f3gicas para empresas: venta de ordenadores, consumibles, perif\u00e9ricos y m\u00e1s. Calidad, atenci\u00f3n personalizada y los mejores precios para tu negocio.\",\"publisher\":{\"@id\":\"https:\/\/aivlisoft.net\/shop\/#organization\"},\"potentialAction\":[{\"@type\":\"SearchAction\",\"target\":{\"@type\":\"EntryPoint\",\"urlTemplate\":\"https:\/\/aivlisoft.net\/shop\/?s={search_term_string}\"},\"query-input\":{\"@type\":\"PropertyValueSpecification\",\"valueRequired\":true,\"valueName\":\"search_term_string\"}}],\"inLanguage\":\"es\"},{\"@type\":\"Organization\",\"@id\":\"https:\/\/aivlisoft.net\/shop\/#organization\",\"name\":\"Aivlisoft Inform\u00e1tica\",\"url\":\"https:\/\/aivlisoft.net\/shop\/\",\"logo\":{\"@type\":\"ImageObject\",\"inLanguage\":\"es\",\"@id\":\"https:\/\/aivlisoft.net\/shop\/#\/schema\/logo\/image\/\",\"url\":\"https:\/\/aivlisoft.net\/shop\/wp-content\/uploads\/2024\/12\/removal.ai_5b848c54-0cdf-4140-95c5-c5536bb7573b-logodef.png\",\"contentUrl\":\"https:\/\/aivlisoft.net\/shop\/wp-content\/uploads\/2024\/12\/removal.ai_5b848c54-0cdf-4140-95c5-c5536bb7573b-logodef.png\",\"width\":484,\"height\":182,\"caption\":\"Aivlisoft Inform\u00e1tica\"},\"image\":{\"@id\":\"https:\/\/aivlisoft.net\/shop\/#\/schema\/logo\/image\/\"}}]}<\/script>\n<!-- \/ Yoast SEO plugin. -->","yoast_head_json":{"title":"TP-Link EX230v Router WiFi6 AX1800 Dual 1xWAN 3xGb - Aivlisoft Inform\u00e1tica","robots":{"index":"index","follow":"follow","max-snippet":"max-snippet:-1","max-image-preview":"max-image-preview:large","max-video-preview":"max-video-preview:-1"},"canonical":"https:\/\/aivlisoft.net\/shop\/producto\/tp-link-ex230v-router-wifi6-ax1800-dual-1xwan-3xgb\/","og_locale":"es_ES","og_type":"article","og_title":"TP-Link EX230v Router WiFi6 AX1800 Dual 1xWAN 3xGb - Aivlisoft Inform\u00e1tica","og_description":"&nbsp; Marca TP-Link Modelo EX230V Caracter&iacute;sticas de hardware &#8211; Interfaz: &nbsp; 3 puertos LAN RJ45 de 10\/100\/1000 Mbps, &nbsp; 1 puerto WAN RJ45 de 10\/100\/1000 Mbps, &nbsp; 1 puerto FXS &nbsp; 1 puerto USB 2.0 &#8211; Botones: Bot&oacute;n de encendido\/apagado, Bot&oacute;n de reinicio, Bot&oacute;n Wi-Fi, Bot&oacute;n WPS &#8211; Fuente de Alimentaci&oacute;n Externa: 12V\/1.5A &#8211; Dimensiones:&hellip;&nbsp;TP-Link EX230v Router WiFi6 AX1800 Dual 1xWAN 3xGb","og_url":"https:\/\/aivlisoft.net\/shop\/producto\/tp-link-ex230v-router-wifi6-ax1800-dual-1xwan-3xgb\/","og_site_name":"Aivlisoft Inform\u00e1tica","article_modified_time":"2025-01-14T19:57:49+00:00","og_image":[{"width":800,"height":800,"url":"https:\/\/aivlisoft.net\/shop\/wp-content\/uploads\/2025\/01\/NROINA0354_800.jpg","type":"image\/jpeg"}],"twitter_card":"summary_large_image","twitter_misc":{"Tiempo de lectura":"3 minutos"},"schema":{"@context":"https:\/\/schema.org","@graph":[{"@type":"WebPage","@id":"https:\/\/aivlisoft.net\/shop\/producto\/tp-link-ex230v-router-wifi6-ax1800-dual-1xwan-3xgb\/","url":"https:\/\/aivlisoft.net\/shop\/producto\/tp-link-ex230v-router-wifi6-ax1800-dual-1xwan-3xgb\/","name":"TP-Link EX230v Router WiFi6 AX1800 Dual 1xWAN 3xGb - Aivlisoft Inform\u00e1tica","isPartOf":{"@id":"https:\/\/aivlisoft.net\/shop\/#website"},"primaryImageOfPage":{"@id":"https:\/\/aivlisoft.net\/shop\/producto\/tp-link-ex230v-router-wifi6-ax1800-dual-1xwan-3xgb\/#primaryimage"},"image":{"@id":"https:\/\/aivlisoft.net\/shop\/producto\/tp-link-ex230v-router-wifi6-ax1800-dual-1xwan-3xgb\/#primaryimage"},"thumbnailUrl":"https:\/\/aivlisoft.net\/shop\/wp-content\/uploads\/2025\/01\/NROINA0354_800.jpg","datePublished":"2025-01-13T15:29:00+00:00","dateModified":"2025-01-14T19:57:49+00:00","breadcrumb":{"@id":"https:\/\/aivlisoft.net\/shop\/producto\/tp-link-ex230v-router-wifi6-ax1800-dual-1xwan-3xgb\/#breadcrumb"},"inLanguage":"es","potentialAction":[{"@type":"ReadAction","target":["https:\/\/aivlisoft.net\/shop\/producto\/tp-link-ex230v-router-wifi6-ax1800-dual-1xwan-3xgb\/"]}]},{"@type":"ImageObject","inLanguage":"es","@id":"https:\/\/aivlisoft.net\/shop\/producto\/tp-link-ex230v-router-wifi6-ax1800-dual-1xwan-3xgb\/#primaryimage","url":"https:\/\/aivlisoft.net\/shop\/wp-content\/uploads\/2025\/01\/NROINA0354_800.jpg","contentUrl":"https:\/\/aivlisoft.net\/shop\/wp-content\/uploads\/2025\/01\/NROINA0354_800.jpg","width":800,"height":800},{"@type":"BreadcrumbList","@id":"https:\/\/aivlisoft.net\/shop\/producto\/tp-link-ex230v-router-wifi6-ax1800-dual-1xwan-3xgb\/#breadcrumb","itemListElement":[{"@type":"ListItem","position":1,"name":"Portada","item":"https:\/\/aivlisoft.net\/shop\/"},{"@type":"ListItem","position":2,"name":"Tienda","item":"https:\/\/aivlisoft.net\/shop\/tienda\/"},{"@type":"ListItem","position":3,"name":"TP-Link EX230v Router WiFi6 AX1800 Dual 1xWAN 3xGb"}]},{"@type":"WebSite","@id":"https:\/\/aivlisoft.net\/shop\/#website","url":"https:\/\/aivlisoft.net\/shop\/","name":"Aivlisoft Inform\u00e1tica","description":"En Aivlisoft Inform\u00e1tica ofrecemos soluciones tecnol\u00f3gicas para empresas: venta de ordenadores, consumibles, perif\u00e9ricos y m\u00e1s. Calidad, atenci\u00f3n personalizada y los mejores precios para tu negocio.","publisher":{"@id":"https:\/\/aivlisoft.net\/shop\/#organization"},"potentialAction":[{"@type":"SearchAction","target":{"@type":"EntryPoint","urlTemplate":"https:\/\/aivlisoft.net\/shop\/?s={search_term_string}"},"query-input":{"@type":"PropertyValueSpecification","valueRequired":true,"valueName":"search_term_string"}}],"inLanguage":"es"},{"@type":"Organization","@id":"https:\/\/aivlisoft.net\/shop\/#organization","name":"Aivlisoft Inform\u00e1tica","url":"https:\/\/aivlisoft.net\/shop\/","logo":{"@type":"ImageObject","inLanguage":"es","@id":"https:\/\/aivlisoft.net\/shop\/#\/schema\/logo\/image\/","url":"https:\/\/aivlisoft.net\/shop\/wp-content\/uploads\/2024\/12\/removal.ai_5b848c54-0cdf-4140-95c5-c5536bb7573b-logodef.png","contentUrl":"https:\/\/aivlisoft.net\/shop\/wp-content\/uploads\/2024\/12\/removal.ai_5b848c54-0cdf-4140-95c5-c5536bb7573b-logodef.png","width":484,"height":182,"caption":"Aivlisoft Inform\u00e1tica"},"image":{"@id":"https:\/\/aivlisoft.net\/shop\/#\/schema\/logo\/image\/"}}]}},"_links":{"self":[{"href":"https:\/\/aivlisoft.net\/shop\/wp-json\/wp\/v2\/product\/19106","targetHints":{"allow":["GET"]}}],"collection":[{"href":"https:\/\/aivlisoft.net\/shop\/wp-json\/wp\/v2\/product"}],"about":[{"href":"https:\/\/aivlisoft.net\/shop\/wp-json\/wp\/v2\/types\/product"}],"wp:featuredmedia":[{"embeddable":true,"href":"https:\/\/aivlisoft.net\/shop\/wp-json\/wp\/v2\/media\/19107"}],"wp:attachment":[{"href":"https:\/\/aivlisoft.net\/shop\/wp-json\/wp\/v2\/media?parent=19106"}],"wp:term":[{"taxonomy":"product_brand","embeddable":true,"href":"https:\/\/aivlisoft.net\/shop\/wp-json\/wp\/v2\/product_brand?post=19106"},{"taxonomy":"product_cat","embeddable":true,"href":"https:\/\/aivlisoft.net\/shop\/wp-json\/wp\/v2\/product_cat?post=19106"},{"taxonomy":"product_tag","embeddable":true,"href":"https:\/\/aivlisoft.net\/shop\/wp-json\/wp\/v2\/product_tag?post=19106"}],"curies":[{"name":"wp","href":"https:\/\/api.w.org\/{rel}","templated":true}]}}