{"id":19102,"date":"2025-01-13T15:28:58","date_gmt":"2025-01-13T15:28:58","guid":{"rendered":"https:\/\/aivlisoft.com\/?post_type=product&#038;p=19102"},"modified":"2025-01-14T19:57:49","modified_gmt":"2025-01-14T19:57:49","slug":"tp-link-m7010-router-movil-4g-lte-wifi-150mbps-sim","status":"publish","type":"product","link":"https:\/\/aivlisoft.net\/shop\/producto\/tp-link-m7010-router-movil-4g-lte-wifi-150mbps-sim\/","title":{"rendered":"TP-Link M7010 Router Movil 4G LTE WiFi 150Mbps SIM"},"content":{"rendered":"<p>Comparte con tus amigos el acceso a Internet para hasta 10 dispositivos simult&aacute;neamente<\/p>\n<p>Bater&iacute;a de 2000 mAh para 8 horas de uso<\/p>\n<p>Admite 4G FDD\/TDD-LTE, compatible con la red de la mayor&iacute;a de pa&iacute;ses y regiones<\/p>\n<p>F&aacute;cil gesti&oacute;n con la aplicaci&oacute;n tpMiFi<\/p>\n<table class=\"tabla_caracteristicas\" width=\"100%\">\n<tr>\n<td valign=\"top\"><strong>Marca<\/strong><\/td>\n<td>TP-Link<\/td>\n<\/tr>\n<tr>\n<td valign=\"top\"><strong>Modelo<\/strong><\/td>\n<td><strong>M7010<\/strong><\/td>\n<\/tr>\n<tr>\n<td valign=\"top\"><strong>Caracter&iacute;sticas<\/strong><\/td>\n<td>&#8211; Interfaz: 1 puerto micro USB, 1 ranura para tarjeta SIM<br \/>\t\t\t&#8211; Botones: Bot&oacute;n de encendido, bot&oacute;n de reestablecimiento a valores de f&aacute;brica<br \/>\t\t\t&#8211; Fuente de Alimentaci&oacute;n Externa: 5V\/1A<br \/>\t\t\t&#8211; LED: LED de Wi-Fi, LED de Internet, LED de bater&iacute;a<br \/>\t\t\t&#8211; Dimensions: 3.7 &times; 2.2 &times; 0.8 in. (94 &times; 56.7 &times; 19.8 mm)<br \/>\t\t\t&#8211; Antenas: Antenas internas<br \/>\t\t\t<strong>Inal&aacute;mbricas<\/strong><br \/>\t\t\t&#8211; Est&aacute;ndares Inal&aacute;mbricos: IEEE 802.11b\/g\/n 2.4 GHz<br \/>\t\t\t&#8211; Velocidad Inal&aacute;mbrica: Hasta 300 Mbps<br \/>\t\t\t&#8211; Frecuencia: 2.4 GHz<br \/>\t\t\t&#8211; Sensibilidad de Recepci&oacute;n:<br \/>\t\t\t&nbsp; 11b 11Mbps: -87.5dBm;<br \/>\t\t\t&nbsp; 11g 54Mbps: -74dBm;<br \/>\t\t\t&nbsp; 11n HT20 MCS7: -70dBm;<br \/>\t\t\t&nbsp; 11n HT40 MCS7: -68dBm;<br \/>\t\t\t&#8211; Potencia de Transmisi&oacute;n: &lt;20dBm<br \/>\t\t\t&#8211; Seguridad Inal&aacute;mbrica:<br \/>\t\t\t&nbsp; Compatible con WPA-PSK\/WPA2-PSK, inal&aacute;mbrico<br \/>\t\t\t&nbsp; Filtrado MAC, habilitar\/deshabilitar la transmisi&oacute;n SSID<br \/>\t\t\t&#8211; DHCP: Servidor, cliente, lista de clientes DHCP<br \/>\t\t\t&#8211; Tipo de Red:<br \/>\t\t\t&nbsp; 4G: FDD-LTE: B1 \/ B3 \/ B5 \/ B7 \/ B8 \/ B20<br \/>\t\t\t&nbsp; (2100\/1800\/850\/2600\/900\/800 MHz)<br \/>\t\t\t&nbsp; TDD-LTE: B38 \/ B40 \/ B41 (2600\/2300\/2500 MHz)<br \/>\t\t\t&nbsp; 3G: HSPA + \/ HSPA \/ UMTS: B1 \/ B5 \/ B8 (2100\/850\/900 MHz)<\/td>\n<\/tr>\n<tr>\n<td valign=\"top\"><strong>Otras Caracter&iacute;sticas<\/strong><\/td>\n<td>&#8211; Requisitos del sistema: Windows 10\/8\/7 \/ Vista \/ XP, Mac OS, Android, iOS, Windows Phone<br \/>\t\t\t&#8211; Certificaciones: CE, RoHS<br \/>\t\t\t&#8211; Factores Ambientales<br \/>\t\t\t&nbsp; Temperatura de funcionamiento: 0&ordm;C ~ 35&ordm;C (32? ~ 95?)<br \/>\t\t\t&nbsp; Temperatura de almacenamiento: -20&ordm;C ~ 60&ordm;C (-4? ~ 140?)<br \/>\t\t\t&nbsp; Humedad de funcionamiento: 10% ~ 90% sin condensaci&oacute;n<br \/>\t\t\t&nbsp; Humedad de almacenamiento: 5% ~ 90% sin condensaci&oacute;n<br \/>\t\t\t<strong>Contenido del Paquete<\/strong><br \/>\t\t\t&#8211; Wi-Fi m&oacute;vil M7010<br \/>\t\t\t&#8211; Cable micro USB<br \/>\t\t\t&#8211; Bater&iacute;a de 2000 mAh<br \/>\t\t\t&#8211; Gu&iacute;a de Instalaci&oacute;n R&aacute;pida<\/td>\n<\/tr>\n<tr>\n<td valign=\"top\"><strong>Fecha de revisi&oacute;n<\/strong><\/td>\n<td>08-06-2022 por MPM<\/td>\n<\/tr>\n<\/table>\n","protected":false},"excerpt":{"rendered":"<p>Comparte con tus amigos el acceso a Internet para hasta 10 dispositivos simult&aacute;neamente Bater&iacute;a de 2000 mAh para 8 horas de uso Admite 4G FDD\/TDD-LTE, compatible con la red de la mayor&iacute;a de pa&iacute;ses y regiones F&aacute;cil gesti&oacute;n con la aplicaci&oacute;n tpMiFi Marca TP-Link Modelo M7010 Caracter&iacute;sticas &#8211; Interfaz: 1 puerto micro USB, 1 ranura&hellip;&nbsp;<a href=\"https:\/\/aivlisoft.net\/shop\/producto\/tp-link-m7010-router-movil-4g-lte-wifi-150mbps-sim\/\" rel=\"bookmark\"><span class=\"screen-reader-text\">TP-Link M7010 Router Movil 4G LTE WiFi 150Mbps SIM<\/span><\/a><\/p>\n","protected":false},"featured_media":19103,"template":"","meta":{"neve_meta_sidebar":"","neve_meta_container":"","neve_meta_enable_content_width":"","neve_meta_content_width":0,"neve_meta_title_alignment":"","neve_meta_author_avatar":"","neve_post_elements_order":"","neve_meta_disable_header":"","neve_meta_disable_footer":"","neve_meta_disable_title":""},"product_brand":[],"product_cat":[15,8768,6832],"product_tag":[6923],"class_list":{"0":"post-19102","1":"product","2":"type-product","3":"status-publish","4":"has-post-thumbnail","6":"product_cat-sin-categorizar","7":"product_cat-routers-adsl","8":"product_cat-routers-modems","9":"product_tag-m7010","11":"first","12":"instock","13":"taxable","14":"shipping-taxable","15":"purchasable","16":"product-type-simple"},"yoast_head":"<!-- This site is optimized with the Yoast SEO plugin v26.0 - https:\/\/yoast.com\/wordpress\/plugins\/seo\/ -->\n<title>TP-Link M7010 Router Movil 4G LTE WiFi 150Mbps SIM - Aivlisoft Inform\u00e1tica<\/title>\n<meta name=\"robots\" content=\"index, follow, max-snippet:-1, max-image-preview:large, max-video-preview:-1\" \/>\n<link rel=\"canonical\" href=\"https:\/\/aivlisoft.net\/shop\/producto\/tp-link-m7010-router-movil-4g-lte-wifi-150mbps-sim\/\" \/>\n<meta property=\"og:locale\" content=\"es_ES\" \/>\n<meta property=\"og:type\" content=\"article\" \/>\n<meta property=\"og:title\" content=\"TP-Link M7010 Router Movil 4G LTE WiFi 150Mbps SIM - Aivlisoft Inform\u00e1tica\" \/>\n<meta property=\"og:description\" content=\"Comparte con tus amigos el acceso a Internet para hasta 10 dispositivos simult&aacute;neamente Bater&iacute;a de 2000 mAh para 8 horas de uso Admite 4G FDD\/TDD-LTE, compatible con la red de la mayor&iacute;a de pa&iacute;ses y regiones F&aacute;cil gesti&oacute;n con la aplicaci&oacute;n tpMiFi Marca TP-Link Modelo M7010 Caracter&iacute;sticas &#8211; Interfaz: 1 puerto micro USB, 1 ranura&hellip;&nbsp;TP-Link M7010 Router Movil 4G LTE WiFi 150Mbps SIM\" \/>\n<meta property=\"og:url\" content=\"https:\/\/aivlisoft.net\/shop\/producto\/tp-link-m7010-router-movil-4g-lte-wifi-150mbps-sim\/\" \/>\n<meta property=\"og:site_name\" content=\"Aivlisoft Inform\u00e1tica\" \/>\n<meta property=\"article:modified_time\" content=\"2025-01-14T19:57:49+00:00\" \/>\n<meta property=\"og:image\" content=\"https:\/\/aivlisoft.net\/shop\/wp-content\/uploads\/2025\/01\/NROINA0353_800.jpg\" \/>\n\t<meta property=\"og:image:width\" content=\"800\" \/>\n\t<meta property=\"og:image:height\" content=\"800\" \/>\n\t<meta property=\"og:image:type\" content=\"image\/jpeg\" \/>\n<meta name=\"twitter:card\" content=\"summary_large_image\" \/>\n<meta name=\"twitter:label1\" content=\"Tiempo de lectura\" \/>\n\t<meta name=\"twitter:data1\" content=\"2 minutos\" \/>\n<script type=\"application\/ld+json\" class=\"yoast-schema-graph\">{\"@context\":\"https:\/\/schema.org\",\"@graph\":[{\"@type\":\"WebPage\",\"@id\":\"https:\/\/aivlisoft.net\/shop\/producto\/tp-link-m7010-router-movil-4g-lte-wifi-150mbps-sim\/\",\"url\":\"https:\/\/aivlisoft.net\/shop\/producto\/tp-link-m7010-router-movil-4g-lte-wifi-150mbps-sim\/\",\"name\":\"TP-Link M7010 Router Movil 4G LTE WiFi 150Mbps SIM - Aivlisoft Inform\u00e1tica\",\"isPartOf\":{\"@id\":\"https:\/\/aivlisoft.net\/shop\/#website\"},\"primaryImageOfPage\":{\"@id\":\"https:\/\/aivlisoft.net\/shop\/producto\/tp-link-m7010-router-movil-4g-lte-wifi-150mbps-sim\/#primaryimage\"},\"image\":{\"@id\":\"https:\/\/aivlisoft.net\/shop\/producto\/tp-link-m7010-router-movil-4g-lte-wifi-150mbps-sim\/#primaryimage\"},\"thumbnailUrl\":\"https:\/\/aivlisoft.net\/shop\/wp-content\/uploads\/2025\/01\/NROINA0353_800.jpg\",\"datePublished\":\"2025-01-13T15:28:58+00:00\",\"dateModified\":\"2025-01-14T19:57:49+00:00\",\"breadcrumb\":{\"@id\":\"https:\/\/aivlisoft.net\/shop\/producto\/tp-link-m7010-router-movil-4g-lte-wifi-150mbps-sim\/#breadcrumb\"},\"inLanguage\":\"es\",\"potentialAction\":[{\"@type\":\"ReadAction\",\"target\":[\"https:\/\/aivlisoft.net\/shop\/producto\/tp-link-m7010-router-movil-4g-lte-wifi-150mbps-sim\/\"]}]},{\"@type\":\"ImageObject\",\"inLanguage\":\"es\",\"@id\":\"https:\/\/aivlisoft.net\/shop\/producto\/tp-link-m7010-router-movil-4g-lte-wifi-150mbps-sim\/#primaryimage\",\"url\":\"https:\/\/aivlisoft.net\/shop\/wp-content\/uploads\/2025\/01\/NROINA0353_800.jpg\",\"contentUrl\":\"https:\/\/aivlisoft.net\/shop\/wp-content\/uploads\/2025\/01\/NROINA0353_800.jpg\",\"width\":800,\"height\":800},{\"@type\":\"BreadcrumbList\",\"@id\":\"https:\/\/aivlisoft.net\/shop\/producto\/tp-link-m7010-router-movil-4g-lte-wifi-150mbps-sim\/#breadcrumb\",\"itemListElement\":[{\"@type\":\"ListItem\",\"position\":1,\"name\":\"Portada\",\"item\":\"https:\/\/aivlisoft.net\/shop\/\"},{\"@type\":\"ListItem\",\"position\":2,\"name\":\"Tienda\",\"item\":\"https:\/\/aivlisoft.net\/shop\/tienda\/\"},{\"@type\":\"ListItem\",\"position\":3,\"name\":\"TP-Link M7010 Router Movil 4G LTE WiFi 150Mbps SIM\"}]},{\"@type\":\"WebSite\",\"@id\":\"https:\/\/aivlisoft.net\/shop\/#website\",\"url\":\"https:\/\/aivlisoft.net\/shop\/\",\"name\":\"Aivlisoft Inform\u00e1tica\",\"description\":\"En Aivlisoft Inform\u00e1tica ofrecemos soluciones tecnol\u00f3gicas para empresas: venta de ordenadores, consumibles, perif\u00e9ricos y m\u00e1s. Calidad, atenci\u00f3n personalizada y los mejores precios para tu negocio.\",\"publisher\":{\"@id\":\"https:\/\/aivlisoft.net\/shop\/#organization\"},\"potentialAction\":[{\"@type\":\"SearchAction\",\"target\":{\"@type\":\"EntryPoint\",\"urlTemplate\":\"https:\/\/aivlisoft.net\/shop\/?s={search_term_string}\"},\"query-input\":{\"@type\":\"PropertyValueSpecification\",\"valueRequired\":true,\"valueName\":\"search_term_string\"}}],\"inLanguage\":\"es\"},{\"@type\":\"Organization\",\"@id\":\"https:\/\/aivlisoft.net\/shop\/#organization\",\"name\":\"Aivlisoft Inform\u00e1tica\",\"url\":\"https:\/\/aivlisoft.net\/shop\/\",\"logo\":{\"@type\":\"ImageObject\",\"inLanguage\":\"es\",\"@id\":\"https:\/\/aivlisoft.net\/shop\/#\/schema\/logo\/image\/\",\"url\":\"https:\/\/aivlisoft.net\/shop\/wp-content\/uploads\/2024\/12\/removal.ai_5b848c54-0cdf-4140-95c5-c5536bb7573b-logodef.png\",\"contentUrl\":\"https:\/\/aivlisoft.net\/shop\/wp-content\/uploads\/2024\/12\/removal.ai_5b848c54-0cdf-4140-95c5-c5536bb7573b-logodef.png\",\"width\":484,\"height\":182,\"caption\":\"Aivlisoft Inform\u00e1tica\"},\"image\":{\"@id\":\"https:\/\/aivlisoft.net\/shop\/#\/schema\/logo\/image\/\"}}]}<\/script>\n<!-- \/ Yoast SEO plugin. -->","yoast_head_json":{"title":"TP-Link M7010 Router Movil 4G LTE WiFi 150Mbps SIM - Aivlisoft Inform\u00e1tica","robots":{"index":"index","follow":"follow","max-snippet":"max-snippet:-1","max-image-preview":"max-image-preview:large","max-video-preview":"max-video-preview:-1"},"canonical":"https:\/\/aivlisoft.net\/shop\/producto\/tp-link-m7010-router-movil-4g-lte-wifi-150mbps-sim\/","og_locale":"es_ES","og_type":"article","og_title":"TP-Link M7010 Router Movil 4G LTE WiFi 150Mbps SIM - Aivlisoft Inform\u00e1tica","og_description":"Comparte con tus amigos el acceso a Internet para hasta 10 dispositivos simult&aacute;neamente Bater&iacute;a de 2000 mAh para 8 horas de uso Admite 4G FDD\/TDD-LTE, compatible con la red de la mayor&iacute;a de pa&iacute;ses y regiones F&aacute;cil gesti&oacute;n con la aplicaci&oacute;n tpMiFi Marca TP-Link Modelo M7010 Caracter&iacute;sticas &#8211; Interfaz: 1 puerto micro USB, 1 ranura&hellip;&nbsp;TP-Link M7010 Router Movil 4G LTE WiFi 150Mbps SIM","og_url":"https:\/\/aivlisoft.net\/shop\/producto\/tp-link-m7010-router-movil-4g-lte-wifi-150mbps-sim\/","og_site_name":"Aivlisoft Inform\u00e1tica","article_modified_time":"2025-01-14T19:57:49+00:00","og_image":[{"width":800,"height":800,"url":"https:\/\/aivlisoft.net\/shop\/wp-content\/uploads\/2025\/01\/NROINA0353_800.jpg","type":"image\/jpeg"}],"twitter_card":"summary_large_image","twitter_misc":{"Tiempo de lectura":"2 minutos"},"schema":{"@context":"https:\/\/schema.org","@graph":[{"@type":"WebPage","@id":"https:\/\/aivlisoft.net\/shop\/producto\/tp-link-m7010-router-movil-4g-lte-wifi-150mbps-sim\/","url":"https:\/\/aivlisoft.net\/shop\/producto\/tp-link-m7010-router-movil-4g-lte-wifi-150mbps-sim\/","name":"TP-Link M7010 Router Movil 4G LTE WiFi 150Mbps SIM - Aivlisoft Inform\u00e1tica","isPartOf":{"@id":"https:\/\/aivlisoft.net\/shop\/#website"},"primaryImageOfPage":{"@id":"https:\/\/aivlisoft.net\/shop\/producto\/tp-link-m7010-router-movil-4g-lte-wifi-150mbps-sim\/#primaryimage"},"image":{"@id":"https:\/\/aivlisoft.net\/shop\/producto\/tp-link-m7010-router-movil-4g-lte-wifi-150mbps-sim\/#primaryimage"},"thumbnailUrl":"https:\/\/aivlisoft.net\/shop\/wp-content\/uploads\/2025\/01\/NROINA0353_800.jpg","datePublished":"2025-01-13T15:28:58+00:00","dateModified":"2025-01-14T19:57:49+00:00","breadcrumb":{"@id":"https:\/\/aivlisoft.net\/shop\/producto\/tp-link-m7010-router-movil-4g-lte-wifi-150mbps-sim\/#breadcrumb"},"inLanguage":"es","potentialAction":[{"@type":"ReadAction","target":["https:\/\/aivlisoft.net\/shop\/producto\/tp-link-m7010-router-movil-4g-lte-wifi-150mbps-sim\/"]}]},{"@type":"ImageObject","inLanguage":"es","@id":"https:\/\/aivlisoft.net\/shop\/producto\/tp-link-m7010-router-movil-4g-lte-wifi-150mbps-sim\/#primaryimage","url":"https:\/\/aivlisoft.net\/shop\/wp-content\/uploads\/2025\/01\/NROINA0353_800.jpg","contentUrl":"https:\/\/aivlisoft.net\/shop\/wp-content\/uploads\/2025\/01\/NROINA0353_800.jpg","width":800,"height":800},{"@type":"BreadcrumbList","@id":"https:\/\/aivlisoft.net\/shop\/producto\/tp-link-m7010-router-movil-4g-lte-wifi-150mbps-sim\/#breadcrumb","itemListElement":[{"@type":"ListItem","position":1,"name":"Portada","item":"https:\/\/aivlisoft.net\/shop\/"},{"@type":"ListItem","position":2,"name":"Tienda","item":"https:\/\/aivlisoft.net\/shop\/tienda\/"},{"@type":"ListItem","position":3,"name":"TP-Link M7010 Router Movil 4G LTE WiFi 150Mbps SIM"}]},{"@type":"WebSite","@id":"https:\/\/aivlisoft.net\/shop\/#website","url":"https:\/\/aivlisoft.net\/shop\/","name":"Aivlisoft Inform\u00e1tica","description":"En Aivlisoft Inform\u00e1tica ofrecemos soluciones tecnol\u00f3gicas para empresas: venta de ordenadores, consumibles, perif\u00e9ricos y m\u00e1s. Calidad, atenci\u00f3n personalizada y los mejores precios para tu negocio.","publisher":{"@id":"https:\/\/aivlisoft.net\/shop\/#organization"},"potentialAction":[{"@type":"SearchAction","target":{"@type":"EntryPoint","urlTemplate":"https:\/\/aivlisoft.net\/shop\/?s={search_term_string}"},"query-input":{"@type":"PropertyValueSpecification","valueRequired":true,"valueName":"search_term_string"}}],"inLanguage":"es"},{"@type":"Organization","@id":"https:\/\/aivlisoft.net\/shop\/#organization","name":"Aivlisoft Inform\u00e1tica","url":"https:\/\/aivlisoft.net\/shop\/","logo":{"@type":"ImageObject","inLanguage":"es","@id":"https:\/\/aivlisoft.net\/shop\/#\/schema\/logo\/image\/","url":"https:\/\/aivlisoft.net\/shop\/wp-content\/uploads\/2024\/12\/removal.ai_5b848c54-0cdf-4140-95c5-c5536bb7573b-logodef.png","contentUrl":"https:\/\/aivlisoft.net\/shop\/wp-content\/uploads\/2024\/12\/removal.ai_5b848c54-0cdf-4140-95c5-c5536bb7573b-logodef.png","width":484,"height":182,"caption":"Aivlisoft Inform\u00e1tica"},"image":{"@id":"https:\/\/aivlisoft.net\/shop\/#\/schema\/logo\/image\/"}}]}},"_links":{"self":[{"href":"https:\/\/aivlisoft.net\/shop\/wp-json\/wp\/v2\/product\/19102","targetHints":{"allow":["GET"]}}],"collection":[{"href":"https:\/\/aivlisoft.net\/shop\/wp-json\/wp\/v2\/product"}],"about":[{"href":"https:\/\/aivlisoft.net\/shop\/wp-json\/wp\/v2\/types\/product"}],"wp:featuredmedia":[{"embeddable":true,"href":"https:\/\/aivlisoft.net\/shop\/wp-json\/wp\/v2\/media\/19103"}],"wp:attachment":[{"href":"https:\/\/aivlisoft.net\/shop\/wp-json\/wp\/v2\/media?parent=19102"}],"wp:term":[{"taxonomy":"product_brand","embeddable":true,"href":"https:\/\/aivlisoft.net\/shop\/wp-json\/wp\/v2\/product_brand?post=19102"},{"taxonomy":"product_cat","embeddable":true,"href":"https:\/\/aivlisoft.net\/shop\/wp-json\/wp\/v2\/product_cat?post=19102"},{"taxonomy":"product_tag","embeddable":true,"href":"https:\/\/aivlisoft.net\/shop\/wp-json\/wp\/v2\/product_tag?post=19102"}],"curies":[{"name":"wp","href":"https:\/\/api.w.org\/{rel}","templated":true}]}}