{"id":19083,"date":"2025-01-13T15:28:46","date_gmt":"2025-01-13T15:28:46","guid":{"rendered":"https:\/\/aivlisoft.com\/?post_type=product&#038;p=19083"},"modified":"2025-01-14T19:57:52","modified_gmt":"2025-01-14T19:57:52","slug":"qnap-qhora-301w-router-wifi6-ax3600-2x10gbe4x1gbe","status":"publish","type":"product","link":"https:\/\/aivlisoft.net\/shop\/producto\/qnap-qhora-301w-router-wifi6-ax3600-2x10gbe4x1gbe\/","title":{"rendered":"QNAP Qhora-301W Router WiFi6 AX3600 2x10GbE+4x1GbE"},"content":{"rendered":"<p>Para adaptarse a la nueva normalidad del teletrabajo, las empresas deben implementar tanto una VPN remota a la que puedan acceder r&aacute;pidamente los usuarios de distintas ubicaciones como una soluci&oacute;n local de alta velocidad que incluya tanto conexiones de cable como conexiones inal&aacute;mbricas. El QHora-301W admite la tecnolog&iacute;a Wi-Fi 6 de alta velocidad y conexiones de 10GbE, a la vez que ofrece una VPN SD-WAN de clase empresarial para permitir la implementaci&oacute;n de VPN en m&uacute;ltiples sedes a trav&eacute;s de la nube. Al tener adem&aacute;s un precio asequible, el QHora-301W constituye una base s&oacute;lida para crear una red de pr&oacute;xima generaci&oacute;n.<\/p>\n<table class=\"tabla_caracteristicas\" width=\"100%\">\n<tr>\n<td valign=\"top\"><strong>Marca <\/strong><\/td>\n<td valign=\"top\">QNAP<\/td>\n<\/tr>\n<tr>\n<td valign=\"top\"><strong>Modelo <\/strong><\/td>\n<td valign=\"top\"><strong>QHora-301W<\/strong><\/td>\n<\/tr>\n<tr>\n<td valign=\"top\"><strong>CPU <\/strong><\/td>\n<td valign=\"top\">&#8211; CPU: CPU de 64 bits Qualcomm IPQ8072A Hawkeye 2 de cuatro n&uacute;cleos a 2,2 GHz<\/td>\n<\/tr>\n<tr>\n<td valign=\"top\"><strong>Memoria<\/strong><\/td>\n<td valign=\"top\">&#8211; Memoria: 1GB<br \/>\t\t\t&#8211; Flash: 4 GB de eMMC<\/td>\n<\/tr>\n<tr>\n<td valign=\"top\"><strong>Conexiones<\/strong><\/td>\n<td valign=\"top\">&#8211; 2 x 10GbE BASE-T (RJ45) (10G\/5G\/2,5G\/1G\/100M)<br \/>\t\t\t&#8211; 4 x 1GbE (RJ45)<br \/>\t\t\t&#8211; 2 x USB 3.2 Gen 1<\/td>\n<\/tr>\n<tr>\n<td valign=\"top\"><b>Caracter&iacute;sticas inal&aacute;mbricas<\/b><\/td>\n<td valign=\"top\">&#8211; Wireless Antenna: 8 antenas internas<br \/>\t\t\t&#8211; Est&aacute;ndar inal&aacute;mbrico: 802.11a\/b\/g\/n\/ac\/ax<br \/>\t\t\t&#8211; &Iacute;ndice de velocidad inal&aacute;mbrica: AX3600<br \/>\t\t\t&#8211; Velocidad inal&aacute;mbrica a 2,4 GHz: 2,4 G (1182Mbps): 4&#215;4 (40 MHz)<br \/>\t\t\t&#8211; Velocidad inal&aacute;mbrica a 5 GHz: 5 G (2475Mbps): 4&#215;4 (80 MHz), 2&#215;2 (160 MHz)<br \/>\t\t\t&#8211; Frequency Band 2.4 GHz: S&iacute;, doble banda<br \/>\t\t\t&#8211; Banda de frecuencia de 5 GHz: S&iacute;, doble banda<br \/>\t\t\t&#8211; Ancho de banda inal&aacute;mbrico: 20\/40\/80\/160 MHz<br \/>\t\t\t&#8211; Transmitir potencia de salida:: Depende del c&oacute;digo del pa&iacute;s<br \/>\t\t\t&#8211; Wireless Antenna Type: 8 Internal 5dBi Antennas&nbsp;<br \/>\t\t\t&#8211; Ganancia de antena de 2,4 GHz: 4,5 dBi<br \/>\t\t\t&#8211; Ganancia de antena de 5 GHz: 5,2 dBi<br \/>\t\t\t&#8211; Wi-Fi 6 (802.11ax)<br \/>\t\t\t&#8211; Wi-Fi 5 (802.11ac)<\/td>\n<\/tr>\n<tr>\n<td valign=\"top\"><strong>Caracter&iacute;sticas f&iacute;sicas<\/strong><\/td>\n<td valign=\"top\">&#8211; Bot&oacute;n: Encendido, WPS, Reinicio<br \/>\t\t\t&#8211; Alimentaci&oacute;n: 12 V de CC<br \/>\t\t\t&#8211; Consumo de energ&iacute;a: 24 W<br \/>\t\t\t&#8211; Dimensiones: 250 x 180 x 48 mm<br \/>\t\t\t&#8211; Peso: 1,9 kg<br \/>\t\t\t&#8211; Temperatura operativa: 0&deg;C ~ +40&deg;C<br \/>\t\t\t&#8211; Humedad operativa: 5~95 % (sin condensaci&oacute;n)<br \/>\t\t\t&#8211; Certificaciones: JATE \/ CE \/ FCC \/ BSMI \/ NCC \/ IC \/ SRRC \/ CCC \/ VCCI \/ RCM<br \/>\t\t\t&#8211; Soluci&oacute;n SD-WAN de QNAP, QuWAN<\/td>\n<\/tr>\n<tr>\n<td valign=\"top\"><strong>Fecha Revisi&oacute;n <\/strong><\/td>\n<td valign=\"top\">14-01-2022 por MSB<\/td>\n<\/tr>\n<\/table>\n<p>&nbsp;<\/p>\n","protected":false},"excerpt":{"rendered":"<p>Para adaptarse a la nueva normalidad del teletrabajo, las empresas deben implementar tanto una VPN remota a la que puedan acceder r&aacute;pidamente los usuarios de distintas ubicaciones como una soluci&oacute;n local de alta velocidad que incluya tanto conexiones de cable como conexiones inal&aacute;mbricas. El QHora-301W admite la tecnolog&iacute;a Wi-Fi 6 de alta velocidad y conexiones&hellip;&nbsp;<a href=\"https:\/\/aivlisoft.net\/shop\/producto\/qnap-qhora-301w-router-wifi6-ax3600-2x10gbe4x1gbe\/\" rel=\"bookmark\"><span class=\"screen-reader-text\">QNAP Qhora-301W Router WiFi6 AX3600 2x10GbE+4x1GbE<\/span><\/a><\/p>\n","protected":false},"featured_media":19084,"template":"","meta":{"neve_meta_sidebar":"","neve_meta_container":"","neve_meta_enable_content_width":"","neve_meta_content_width":0,"neve_meta_title_alignment":"","neve_meta_author_avatar":"","neve_post_elements_order":"","neve_meta_disable_header":"","neve_meta_disable_footer":"","neve_meta_disable_title":""},"product_brand":[],"product_cat":[15,8768,6832],"product_tag":[6918],"class_list":{"0":"post-19083","1":"product","2":"type-product","3":"status-publish","4":"has-post-thumbnail","6":"product_cat-sin-categorizar","7":"product_cat-routers-adsl","8":"product_cat-routers-modems","9":"product_tag-qhora-301w","11":"first","12":"instock","13":"taxable","14":"shipping-taxable","15":"purchasable","16":"product-type-simple"},"yoast_head":"<!-- This site is optimized with the Yoast SEO plugin v26.0 - https:\/\/yoast.com\/wordpress\/plugins\/seo\/ -->\n<title>QNAP Qhora-301W Router WiFi6 AX3600 2x10GbE+4x1GbE - Aivlisoft Inform\u00e1tica<\/title>\n<meta name=\"robots\" content=\"index, follow, max-snippet:-1, max-image-preview:large, max-video-preview:-1\" \/>\n<link rel=\"canonical\" href=\"https:\/\/aivlisoft.net\/shop\/producto\/qnap-qhora-301w-router-wifi6-ax3600-2x10gbe4x1gbe\/\" \/>\n<meta property=\"og:locale\" content=\"es_ES\" \/>\n<meta property=\"og:type\" content=\"article\" \/>\n<meta property=\"og:title\" content=\"QNAP Qhora-301W Router WiFi6 AX3600 2x10GbE+4x1GbE - Aivlisoft Inform\u00e1tica\" \/>\n<meta property=\"og:description\" content=\"Para adaptarse a la nueva normalidad del teletrabajo, las empresas deben implementar tanto una VPN remota a la que puedan acceder r&aacute;pidamente los usuarios de distintas ubicaciones como una soluci&oacute;n local de alta velocidad que incluya tanto conexiones de cable como conexiones inal&aacute;mbricas. El QHora-301W admite la tecnolog&iacute;a Wi-Fi 6 de alta velocidad y conexiones&hellip;&nbsp;QNAP Qhora-301W Router WiFi6 AX3600 2x10GbE+4x1GbE\" \/>\n<meta property=\"og:url\" content=\"https:\/\/aivlisoft.net\/shop\/producto\/qnap-qhora-301w-router-wifi6-ax3600-2x10gbe4x1gbe\/\" \/>\n<meta property=\"og:site_name\" content=\"Aivlisoft Inform\u00e1tica\" \/>\n<meta property=\"article:modified_time\" content=\"2025-01-14T19:57:52+00:00\" \/>\n<meta property=\"og:image\" content=\"https:\/\/aivlisoft.net\/shop\/wp-content\/uploads\/2025\/01\/NROINA0344_800.jpg\" \/>\n\t<meta property=\"og:image:width\" content=\"800\" \/>\n\t<meta property=\"og:image:height\" content=\"800\" \/>\n\t<meta property=\"og:image:type\" content=\"image\/jpeg\" \/>\n<meta name=\"twitter:card\" content=\"summary_large_image\" \/>\n<meta name=\"twitter:label1\" content=\"Tiempo de lectura\" \/>\n\t<meta name=\"twitter:data1\" content=\"2 minutos\" \/>\n<script type=\"application\/ld+json\" class=\"yoast-schema-graph\">{\"@context\":\"https:\/\/schema.org\",\"@graph\":[{\"@type\":\"WebPage\",\"@id\":\"https:\/\/aivlisoft.net\/shop\/producto\/qnap-qhora-301w-router-wifi6-ax3600-2x10gbe4x1gbe\/\",\"url\":\"https:\/\/aivlisoft.net\/shop\/producto\/qnap-qhora-301w-router-wifi6-ax3600-2x10gbe4x1gbe\/\",\"name\":\"QNAP Qhora-301W Router WiFi6 AX3600 2x10GbE+4x1GbE - Aivlisoft Inform\u00e1tica\",\"isPartOf\":{\"@id\":\"https:\/\/aivlisoft.net\/shop\/#website\"},\"primaryImageOfPage\":{\"@id\":\"https:\/\/aivlisoft.net\/shop\/producto\/qnap-qhora-301w-router-wifi6-ax3600-2x10gbe4x1gbe\/#primaryimage\"},\"image\":{\"@id\":\"https:\/\/aivlisoft.net\/shop\/producto\/qnap-qhora-301w-router-wifi6-ax3600-2x10gbe4x1gbe\/#primaryimage\"},\"thumbnailUrl\":\"https:\/\/aivlisoft.net\/shop\/wp-content\/uploads\/2025\/01\/NROINA0344_800.jpg\",\"datePublished\":\"2025-01-13T15:28:46+00:00\",\"dateModified\":\"2025-01-14T19:57:52+00:00\",\"breadcrumb\":{\"@id\":\"https:\/\/aivlisoft.net\/shop\/producto\/qnap-qhora-301w-router-wifi6-ax3600-2x10gbe4x1gbe\/#breadcrumb\"},\"inLanguage\":\"es\",\"potentialAction\":[{\"@type\":\"ReadAction\",\"target\":[\"https:\/\/aivlisoft.net\/shop\/producto\/qnap-qhora-301w-router-wifi6-ax3600-2x10gbe4x1gbe\/\"]}]},{\"@type\":\"ImageObject\",\"inLanguage\":\"es\",\"@id\":\"https:\/\/aivlisoft.net\/shop\/producto\/qnap-qhora-301w-router-wifi6-ax3600-2x10gbe4x1gbe\/#primaryimage\",\"url\":\"https:\/\/aivlisoft.net\/shop\/wp-content\/uploads\/2025\/01\/NROINA0344_800.jpg\",\"contentUrl\":\"https:\/\/aivlisoft.net\/shop\/wp-content\/uploads\/2025\/01\/NROINA0344_800.jpg\",\"width\":800,\"height\":800},{\"@type\":\"BreadcrumbList\",\"@id\":\"https:\/\/aivlisoft.net\/shop\/producto\/qnap-qhora-301w-router-wifi6-ax3600-2x10gbe4x1gbe\/#breadcrumb\",\"itemListElement\":[{\"@type\":\"ListItem\",\"position\":1,\"name\":\"Portada\",\"item\":\"https:\/\/aivlisoft.net\/shop\/\"},{\"@type\":\"ListItem\",\"position\":2,\"name\":\"Tienda\",\"item\":\"https:\/\/aivlisoft.net\/shop\/tienda\/\"},{\"@type\":\"ListItem\",\"position\":3,\"name\":\"QNAP Qhora-301W Router WiFi6 AX3600 2x10GbE+4x1GbE\"}]},{\"@type\":\"WebSite\",\"@id\":\"https:\/\/aivlisoft.net\/shop\/#website\",\"url\":\"https:\/\/aivlisoft.net\/shop\/\",\"name\":\"Aivlisoft Inform\u00e1tica\",\"description\":\"En Aivlisoft Inform\u00e1tica ofrecemos soluciones tecnol\u00f3gicas para empresas: venta de ordenadores, consumibles, perif\u00e9ricos y m\u00e1s. Calidad, atenci\u00f3n personalizada y los mejores precios para tu negocio.\",\"publisher\":{\"@id\":\"https:\/\/aivlisoft.net\/shop\/#organization\"},\"potentialAction\":[{\"@type\":\"SearchAction\",\"target\":{\"@type\":\"EntryPoint\",\"urlTemplate\":\"https:\/\/aivlisoft.net\/shop\/?s={search_term_string}\"},\"query-input\":{\"@type\":\"PropertyValueSpecification\",\"valueRequired\":true,\"valueName\":\"search_term_string\"}}],\"inLanguage\":\"es\"},{\"@type\":\"Organization\",\"@id\":\"https:\/\/aivlisoft.net\/shop\/#organization\",\"name\":\"Aivlisoft Inform\u00e1tica\",\"url\":\"https:\/\/aivlisoft.net\/shop\/\",\"logo\":{\"@type\":\"ImageObject\",\"inLanguage\":\"es\",\"@id\":\"https:\/\/aivlisoft.net\/shop\/#\/schema\/logo\/image\/\",\"url\":\"https:\/\/aivlisoft.net\/shop\/wp-content\/uploads\/2024\/12\/removal.ai_5b848c54-0cdf-4140-95c5-c5536bb7573b-logodef.png\",\"contentUrl\":\"https:\/\/aivlisoft.net\/shop\/wp-content\/uploads\/2024\/12\/removal.ai_5b848c54-0cdf-4140-95c5-c5536bb7573b-logodef.png\",\"width\":484,\"height\":182,\"caption\":\"Aivlisoft Inform\u00e1tica\"},\"image\":{\"@id\":\"https:\/\/aivlisoft.net\/shop\/#\/schema\/logo\/image\/\"}}]}<\/script>\n<!-- \/ Yoast SEO plugin. -->","yoast_head_json":{"title":"QNAP Qhora-301W Router WiFi6 AX3600 2x10GbE+4x1GbE - Aivlisoft Inform\u00e1tica","robots":{"index":"index","follow":"follow","max-snippet":"max-snippet:-1","max-image-preview":"max-image-preview:large","max-video-preview":"max-video-preview:-1"},"canonical":"https:\/\/aivlisoft.net\/shop\/producto\/qnap-qhora-301w-router-wifi6-ax3600-2x10gbe4x1gbe\/","og_locale":"es_ES","og_type":"article","og_title":"QNAP Qhora-301W Router WiFi6 AX3600 2x10GbE+4x1GbE - Aivlisoft Inform\u00e1tica","og_description":"Para adaptarse a la nueva normalidad del teletrabajo, las empresas deben implementar tanto una VPN remota a la que puedan acceder r&aacute;pidamente los usuarios de distintas ubicaciones como una soluci&oacute;n local de alta velocidad que incluya tanto conexiones de cable como conexiones inal&aacute;mbricas. El QHora-301W admite la tecnolog&iacute;a Wi-Fi 6 de alta velocidad y conexiones&hellip;&nbsp;QNAP Qhora-301W Router WiFi6 AX3600 2x10GbE+4x1GbE","og_url":"https:\/\/aivlisoft.net\/shop\/producto\/qnap-qhora-301w-router-wifi6-ax3600-2x10gbe4x1gbe\/","og_site_name":"Aivlisoft Inform\u00e1tica","article_modified_time":"2025-01-14T19:57:52+00:00","og_image":[{"width":800,"height":800,"url":"https:\/\/aivlisoft.net\/shop\/wp-content\/uploads\/2025\/01\/NROINA0344_800.jpg","type":"image\/jpeg"}],"twitter_card":"summary_large_image","twitter_misc":{"Tiempo de lectura":"2 minutos"},"schema":{"@context":"https:\/\/schema.org","@graph":[{"@type":"WebPage","@id":"https:\/\/aivlisoft.net\/shop\/producto\/qnap-qhora-301w-router-wifi6-ax3600-2x10gbe4x1gbe\/","url":"https:\/\/aivlisoft.net\/shop\/producto\/qnap-qhora-301w-router-wifi6-ax3600-2x10gbe4x1gbe\/","name":"QNAP Qhora-301W Router WiFi6 AX3600 2x10GbE+4x1GbE - Aivlisoft Inform\u00e1tica","isPartOf":{"@id":"https:\/\/aivlisoft.net\/shop\/#website"},"primaryImageOfPage":{"@id":"https:\/\/aivlisoft.net\/shop\/producto\/qnap-qhora-301w-router-wifi6-ax3600-2x10gbe4x1gbe\/#primaryimage"},"image":{"@id":"https:\/\/aivlisoft.net\/shop\/producto\/qnap-qhora-301w-router-wifi6-ax3600-2x10gbe4x1gbe\/#primaryimage"},"thumbnailUrl":"https:\/\/aivlisoft.net\/shop\/wp-content\/uploads\/2025\/01\/NROINA0344_800.jpg","datePublished":"2025-01-13T15:28:46+00:00","dateModified":"2025-01-14T19:57:52+00:00","breadcrumb":{"@id":"https:\/\/aivlisoft.net\/shop\/producto\/qnap-qhora-301w-router-wifi6-ax3600-2x10gbe4x1gbe\/#breadcrumb"},"inLanguage":"es","potentialAction":[{"@type":"ReadAction","target":["https:\/\/aivlisoft.net\/shop\/producto\/qnap-qhora-301w-router-wifi6-ax3600-2x10gbe4x1gbe\/"]}]},{"@type":"ImageObject","inLanguage":"es","@id":"https:\/\/aivlisoft.net\/shop\/producto\/qnap-qhora-301w-router-wifi6-ax3600-2x10gbe4x1gbe\/#primaryimage","url":"https:\/\/aivlisoft.net\/shop\/wp-content\/uploads\/2025\/01\/NROINA0344_800.jpg","contentUrl":"https:\/\/aivlisoft.net\/shop\/wp-content\/uploads\/2025\/01\/NROINA0344_800.jpg","width":800,"height":800},{"@type":"BreadcrumbList","@id":"https:\/\/aivlisoft.net\/shop\/producto\/qnap-qhora-301w-router-wifi6-ax3600-2x10gbe4x1gbe\/#breadcrumb","itemListElement":[{"@type":"ListItem","position":1,"name":"Portada","item":"https:\/\/aivlisoft.net\/shop\/"},{"@type":"ListItem","position":2,"name":"Tienda","item":"https:\/\/aivlisoft.net\/shop\/tienda\/"},{"@type":"ListItem","position":3,"name":"QNAP Qhora-301W Router WiFi6 AX3600 2x10GbE+4x1GbE"}]},{"@type":"WebSite","@id":"https:\/\/aivlisoft.net\/shop\/#website","url":"https:\/\/aivlisoft.net\/shop\/","name":"Aivlisoft Inform\u00e1tica","description":"En Aivlisoft Inform\u00e1tica ofrecemos soluciones tecnol\u00f3gicas para empresas: venta de ordenadores, consumibles, perif\u00e9ricos y m\u00e1s. Calidad, atenci\u00f3n personalizada y los mejores precios para tu negocio.","publisher":{"@id":"https:\/\/aivlisoft.net\/shop\/#organization"},"potentialAction":[{"@type":"SearchAction","target":{"@type":"EntryPoint","urlTemplate":"https:\/\/aivlisoft.net\/shop\/?s={search_term_string}"},"query-input":{"@type":"PropertyValueSpecification","valueRequired":true,"valueName":"search_term_string"}}],"inLanguage":"es"},{"@type":"Organization","@id":"https:\/\/aivlisoft.net\/shop\/#organization","name":"Aivlisoft Inform\u00e1tica","url":"https:\/\/aivlisoft.net\/shop\/","logo":{"@type":"ImageObject","inLanguage":"es","@id":"https:\/\/aivlisoft.net\/shop\/#\/schema\/logo\/image\/","url":"https:\/\/aivlisoft.net\/shop\/wp-content\/uploads\/2024\/12\/removal.ai_5b848c54-0cdf-4140-95c5-c5536bb7573b-logodef.png","contentUrl":"https:\/\/aivlisoft.net\/shop\/wp-content\/uploads\/2024\/12\/removal.ai_5b848c54-0cdf-4140-95c5-c5536bb7573b-logodef.png","width":484,"height":182,"caption":"Aivlisoft Inform\u00e1tica"},"image":{"@id":"https:\/\/aivlisoft.net\/shop\/#\/schema\/logo\/image\/"}}]}},"_links":{"self":[{"href":"https:\/\/aivlisoft.net\/shop\/wp-json\/wp\/v2\/product\/19083","targetHints":{"allow":["GET"]}}],"collection":[{"href":"https:\/\/aivlisoft.net\/shop\/wp-json\/wp\/v2\/product"}],"about":[{"href":"https:\/\/aivlisoft.net\/shop\/wp-json\/wp\/v2\/types\/product"}],"wp:featuredmedia":[{"embeddable":true,"href":"https:\/\/aivlisoft.net\/shop\/wp-json\/wp\/v2\/media\/19084"}],"wp:attachment":[{"href":"https:\/\/aivlisoft.net\/shop\/wp-json\/wp\/v2\/media?parent=19083"}],"wp:term":[{"taxonomy":"product_brand","embeddable":true,"href":"https:\/\/aivlisoft.net\/shop\/wp-json\/wp\/v2\/product_brand?post=19083"},{"taxonomy":"product_cat","embeddable":true,"href":"https:\/\/aivlisoft.net\/shop\/wp-json\/wp\/v2\/product_cat?post=19083"},{"taxonomy":"product_tag","embeddable":true,"href":"https:\/\/aivlisoft.net\/shop\/wp-json\/wp\/v2\/product_tag?post=19083"}],"curies":[{"name":"wp","href":"https:\/\/api.w.org\/{rel}","templated":true}]}}