{"id":19079,"date":"2025-01-13T15:28:44","date_gmt":"2025-01-13T15:28:44","guid":{"rendered":"https:\/\/aivlisoft.com\/?post_type=product&#038;p=19079"},"modified":"2025-01-14T19:57:52","modified_gmt":"2025-01-14T19:57:52","slug":"d-link-dwm-313-router-vpn-4g-lte-cat4-m2m-dualsim","status":"publish","type":"product","link":"https:\/\/aivlisoft.net\/shop\/producto\/d-link-dwm-313-router-vpn-4g-lte-cat4-m2m-dualsim\/","title":{"rendered":"D-Link DWM-313 Router VPN 4G LTE Cat4 M2M DualSIM"},"content":{"rendered":"<p><strong>Router 3G\/4G de alto rendimiento y f&aacute;cil de implementar para aplicaciones de m&aacute;quina a m&aacute;quina.<\/strong><\/p>\n<p>&#8211; Conectividad m&oacute;vil 3G\/4G LTE desplegable para conectividad de banda ancha m&oacute;vil<br \/>&#8211; Velocidades de transferencia de hasta 150 Mbps para acceso r&aacute;pido a Internet y transferencia de datos<br \/>&#8211; 1 puerto Ethernet WAN\/LAN 10\/100<br \/>&#8211; 1 puerto Ethernet LAN 10\/100<br \/>&#8211; Las ranuras SIM duales permiten el uso de m&uacute;ltiples proveedores y ofrecen conmutaci&oacute;n por error de SIM<br \/>&#8211; Los cortafuegos de doble actividad (NAT\/SPI) controlan el tr&aacute;fico y resisten los ataques a trav&eacute;s de Internet<br \/>&#8211; Privacidad formidable con opciones de VPN f&aacute;ciles de establecer, incluida la compatibilidad con IPSec\/OpenVPN\/PPTP\/L2TP\/GRE VPN<br \/>&#8211; Instalaciones SNMP f&aacute;cil implementaci&oacute;n y administraci&oacute;n simple<br \/>&#8211; La compatibilidad con el protocolo de administraci&oacute;n TR-069 CPE WAN permite una administraci&oacute;n remota conveniente<br \/>&#8211; Amplia tolerancia a la humedad y la temperatura de -30 a 60 &deg;C<br \/>&#8211; La caja de acero cincado es duradera, lo que garantiza una mayor vida &uacute;til del producto<\/p>\n<table class=\"tabla_caracteristicas k-table\" width=\"100%\">\n<tr>\n<td><strong>Marca<\/strong><\/td>\n<td>D-Link<\/td>\n<\/tr>\n<tr>\n<td><strong>Modelo<\/strong><\/td>\n<td><strong>DWM-313<\/strong><\/td>\n<\/tr>\n<tr>\n<td valign=\"top\"><b>Especificaciones<\/b><\/td>\n<td>&#8211; Est&aacute;ndares inal&aacute;mbricos: IEEE 802.11 b\/g\/n<br \/>\t\t\t&#8211; Interfaz del dispositivo:<br \/>\t\t\t&nbsp; 1 WAN\/LAN Ethernet 10\/100<br \/>\t\t\t&nbsp; 1 LAN Ethernet 10\/100<br \/>\t\t\t&nbsp; 1 x USB para RS-232 (TxD, RxD)<br \/>\t\t\t&nbsp; 2 ranuras para SIM<br \/>\t\t\t&#8211; Antena: dos antenas 3G\/4G desmontables<br \/>\t\t\t&nbsp; Una antena Wi-Fi desmontable (accesorio opcional)<br \/>\t\t\t&#8211; Rendimiento de datos: LTE FDD: 150 Mbps (DL) \/ 50 Mbps (UL)<br \/>\t\t\t&nbsp; WCDMA: 384 Kbps (DL) \/ 384 Kbps (UL)<br \/>\t\t\t&nbsp; LTE TDD: 130 Mbps (DL) \/ 30 Mbps (UL)<br \/>\t\t\t&nbsp; BORDE: 296 Kbps (DL) \/236,8 Kbps (UL)<br \/>\t\t\t&nbsp; DC-HSDPA\/HSUPA: 42 Mbps (DL) \/ 5,76 Mbps (UL)<br \/>\t\t\t&nbsp; GPRS: 107 Kbps (DL) \/ 85,6 Kbps (UL)<br \/>\t\t\t&#8211; Caracter&iacute;sticas avanzadas:<br \/>\t\t\t&nbsp; Soporte SNMP<br \/>\t\t\t&nbsp; D-ECS (soluci&oacute;n de nube perimetral de D-Link)<br \/>\t\t\t&nbsp; Interfaz de usuario basada en web<br \/>\t\t\t&nbsp; Gesti&oacute;n remota de SAI<br \/>\t\t\t&nbsp; TR-069 Protocolo de gesti&oacute;n WAN CPE<br \/>\t\t\t&nbsp; Gesti&oacute;n remota de dispositivos<br \/>\t\t\t&#8211; Dimensiones: 93 x 70 x 23,6 mm<br \/>\t\t\t&#8211; Alimentaci&oacute;n: CC 5V \/2 A ~ 18 V \/ 0,7 A<br \/>\t\t\t&#8211; Peso: 210 gramos<\/td>\n<\/tr>\n<tr>\n<td><strong>Fecha de revisi&oacute;n<\/strong><\/td>\n<td>14-01-2022 por MSB<\/td>\n<\/tr>\n<\/table>\n","protected":false},"excerpt":{"rendered":"<p>Router 3G\/4G de alto rendimiento y f&aacute;cil de implementar para aplicaciones de m&aacute;quina a m&aacute;quina. &#8211; Conectividad m&oacute;vil 3G\/4G LTE desplegable para conectividad de banda ancha m&oacute;vil&#8211; Velocidades de transferencia de hasta 150 Mbps para acceso r&aacute;pido a Internet y transferencia de datos&#8211; 1 puerto Ethernet WAN\/LAN 10\/100&#8211; 1 puerto Ethernet LAN 10\/100&#8211; Las ranuras&hellip;&nbsp;<a href=\"https:\/\/aivlisoft.net\/shop\/producto\/d-link-dwm-313-router-vpn-4g-lte-cat4-m2m-dualsim\/\" rel=\"bookmark\"><span class=\"screen-reader-text\">D-Link DWM-313 Router VPN 4G LTE Cat4 M2M DualSIM<\/span><\/a><\/p>\n","protected":false},"featured_media":19080,"template":"","meta":{"neve_meta_sidebar":"","neve_meta_container":"","neve_meta_enable_content_width":"","neve_meta_content_width":0,"neve_meta_title_alignment":"","neve_meta_author_avatar":"","neve_post_elements_order":"","neve_meta_disable_header":"","neve_meta_disable_footer":"","neve_meta_disable_title":""},"product_brand":[],"product_cat":[15,8768,6832],"product_tag":[6917],"class_list":{"0":"post-19079","1":"product","2":"type-product","3":"status-publish","4":"has-post-thumbnail","6":"product_cat-sin-categorizar","7":"product_cat-routers-adsl","8":"product_cat-routers-modems","9":"product_tag-dwm-313","11":"first","12":"instock","13":"taxable","14":"shipping-taxable","15":"purchasable","16":"product-type-simple"},"yoast_head":"<!-- This site is optimized with the Yoast SEO plugin v26.0 - https:\/\/yoast.com\/wordpress\/plugins\/seo\/ -->\n<title>D-Link DWM-313 Router VPN 4G LTE Cat4 M2M DualSIM - Aivlisoft Inform\u00e1tica<\/title>\n<meta name=\"robots\" content=\"index, follow, max-snippet:-1, max-image-preview:large, max-video-preview:-1\" \/>\n<link rel=\"canonical\" href=\"https:\/\/aivlisoft.net\/shop\/producto\/d-link-dwm-313-router-vpn-4g-lte-cat4-m2m-dualsim\/\" \/>\n<meta property=\"og:locale\" content=\"es_ES\" \/>\n<meta property=\"og:type\" content=\"article\" \/>\n<meta property=\"og:title\" content=\"D-Link DWM-313 Router VPN 4G LTE Cat4 M2M DualSIM - Aivlisoft Inform\u00e1tica\" \/>\n<meta property=\"og:description\" content=\"Router 3G\/4G de alto rendimiento y f&aacute;cil de implementar para aplicaciones de m&aacute;quina a m&aacute;quina. &#8211; Conectividad m&oacute;vil 3G\/4G LTE desplegable para conectividad de banda ancha m&oacute;vil&#8211; Velocidades de transferencia de hasta 150 Mbps para acceso r&aacute;pido a Internet y transferencia de datos&#8211; 1 puerto Ethernet WAN\/LAN 10\/100&#8211; 1 puerto Ethernet LAN 10\/100&#8211; Las ranuras&hellip;&nbsp;D-Link DWM-313 Router VPN 4G LTE Cat4 M2M DualSIM\" \/>\n<meta property=\"og:url\" content=\"https:\/\/aivlisoft.net\/shop\/producto\/d-link-dwm-313-router-vpn-4g-lte-cat4-m2m-dualsim\/\" \/>\n<meta property=\"og:site_name\" content=\"Aivlisoft Inform\u00e1tica\" \/>\n<meta property=\"article:modified_time\" content=\"2025-01-14T19:57:52+00:00\" \/>\n<meta property=\"og:image\" content=\"https:\/\/aivlisoft.net\/shop\/wp-content\/uploads\/2025\/01\/NROINA0343_800.jpg\" \/>\n\t<meta property=\"og:image:width\" content=\"800\" \/>\n\t<meta property=\"og:image:height\" content=\"800\" \/>\n\t<meta property=\"og:image:type\" content=\"image\/jpeg\" \/>\n<meta name=\"twitter:card\" content=\"summary_large_image\" \/>\n<meta name=\"twitter:label1\" content=\"Tiempo de lectura\" \/>\n\t<meta name=\"twitter:data1\" content=\"2 minutos\" \/>\n<script type=\"application\/ld+json\" class=\"yoast-schema-graph\">{\"@context\":\"https:\/\/schema.org\",\"@graph\":[{\"@type\":\"WebPage\",\"@id\":\"https:\/\/aivlisoft.net\/shop\/producto\/d-link-dwm-313-router-vpn-4g-lte-cat4-m2m-dualsim\/\",\"url\":\"https:\/\/aivlisoft.net\/shop\/producto\/d-link-dwm-313-router-vpn-4g-lte-cat4-m2m-dualsim\/\",\"name\":\"D-Link DWM-313 Router VPN 4G LTE Cat4 M2M DualSIM - Aivlisoft Inform\u00e1tica\",\"isPartOf\":{\"@id\":\"https:\/\/aivlisoft.net\/shop\/#website\"},\"primaryImageOfPage\":{\"@id\":\"https:\/\/aivlisoft.net\/shop\/producto\/d-link-dwm-313-router-vpn-4g-lte-cat4-m2m-dualsim\/#primaryimage\"},\"image\":{\"@id\":\"https:\/\/aivlisoft.net\/shop\/producto\/d-link-dwm-313-router-vpn-4g-lte-cat4-m2m-dualsim\/#primaryimage\"},\"thumbnailUrl\":\"https:\/\/aivlisoft.net\/shop\/wp-content\/uploads\/2025\/01\/NROINA0343_800.jpg\",\"datePublished\":\"2025-01-13T15:28:44+00:00\",\"dateModified\":\"2025-01-14T19:57:52+00:00\",\"breadcrumb\":{\"@id\":\"https:\/\/aivlisoft.net\/shop\/producto\/d-link-dwm-313-router-vpn-4g-lte-cat4-m2m-dualsim\/#breadcrumb\"},\"inLanguage\":\"es\",\"potentialAction\":[{\"@type\":\"ReadAction\",\"target\":[\"https:\/\/aivlisoft.net\/shop\/producto\/d-link-dwm-313-router-vpn-4g-lte-cat4-m2m-dualsim\/\"]}]},{\"@type\":\"ImageObject\",\"inLanguage\":\"es\",\"@id\":\"https:\/\/aivlisoft.net\/shop\/producto\/d-link-dwm-313-router-vpn-4g-lte-cat4-m2m-dualsim\/#primaryimage\",\"url\":\"https:\/\/aivlisoft.net\/shop\/wp-content\/uploads\/2025\/01\/NROINA0343_800.jpg\",\"contentUrl\":\"https:\/\/aivlisoft.net\/shop\/wp-content\/uploads\/2025\/01\/NROINA0343_800.jpg\",\"width\":800,\"height\":800},{\"@type\":\"BreadcrumbList\",\"@id\":\"https:\/\/aivlisoft.net\/shop\/producto\/d-link-dwm-313-router-vpn-4g-lte-cat4-m2m-dualsim\/#breadcrumb\",\"itemListElement\":[{\"@type\":\"ListItem\",\"position\":1,\"name\":\"Portada\",\"item\":\"https:\/\/aivlisoft.net\/shop\/\"},{\"@type\":\"ListItem\",\"position\":2,\"name\":\"Tienda\",\"item\":\"https:\/\/aivlisoft.net\/shop\/tienda\/\"},{\"@type\":\"ListItem\",\"position\":3,\"name\":\"D-Link DWM-313 Router VPN 4G LTE Cat4 M2M DualSIM\"}]},{\"@type\":\"WebSite\",\"@id\":\"https:\/\/aivlisoft.net\/shop\/#website\",\"url\":\"https:\/\/aivlisoft.net\/shop\/\",\"name\":\"Aivlisoft Inform\u00e1tica\",\"description\":\"En Aivlisoft Inform\u00e1tica ofrecemos soluciones tecnol\u00f3gicas para empresas: venta de ordenadores, consumibles, perif\u00e9ricos y m\u00e1s. Calidad, atenci\u00f3n personalizada y los mejores precios para tu negocio.\",\"publisher\":{\"@id\":\"https:\/\/aivlisoft.net\/shop\/#organization\"},\"potentialAction\":[{\"@type\":\"SearchAction\",\"target\":{\"@type\":\"EntryPoint\",\"urlTemplate\":\"https:\/\/aivlisoft.net\/shop\/?s={search_term_string}\"},\"query-input\":{\"@type\":\"PropertyValueSpecification\",\"valueRequired\":true,\"valueName\":\"search_term_string\"}}],\"inLanguage\":\"es\"},{\"@type\":\"Organization\",\"@id\":\"https:\/\/aivlisoft.net\/shop\/#organization\",\"name\":\"Aivlisoft Inform\u00e1tica\",\"url\":\"https:\/\/aivlisoft.net\/shop\/\",\"logo\":{\"@type\":\"ImageObject\",\"inLanguage\":\"es\",\"@id\":\"https:\/\/aivlisoft.net\/shop\/#\/schema\/logo\/image\/\",\"url\":\"https:\/\/aivlisoft.net\/shop\/wp-content\/uploads\/2024\/12\/removal.ai_5b848c54-0cdf-4140-95c5-c5536bb7573b-logodef.png\",\"contentUrl\":\"https:\/\/aivlisoft.net\/shop\/wp-content\/uploads\/2024\/12\/removal.ai_5b848c54-0cdf-4140-95c5-c5536bb7573b-logodef.png\",\"width\":484,\"height\":182,\"caption\":\"Aivlisoft Inform\u00e1tica\"},\"image\":{\"@id\":\"https:\/\/aivlisoft.net\/shop\/#\/schema\/logo\/image\/\"}}]}<\/script>\n<!-- \/ Yoast SEO plugin. -->","yoast_head_json":{"title":"D-Link DWM-313 Router VPN 4G LTE Cat4 M2M DualSIM - Aivlisoft Inform\u00e1tica","robots":{"index":"index","follow":"follow","max-snippet":"max-snippet:-1","max-image-preview":"max-image-preview:large","max-video-preview":"max-video-preview:-1"},"canonical":"https:\/\/aivlisoft.net\/shop\/producto\/d-link-dwm-313-router-vpn-4g-lte-cat4-m2m-dualsim\/","og_locale":"es_ES","og_type":"article","og_title":"D-Link DWM-313 Router VPN 4G LTE Cat4 M2M DualSIM - Aivlisoft Inform\u00e1tica","og_description":"Router 3G\/4G de alto rendimiento y f&aacute;cil de implementar para aplicaciones de m&aacute;quina a m&aacute;quina. &#8211; Conectividad m&oacute;vil 3G\/4G LTE desplegable para conectividad de banda ancha m&oacute;vil&#8211; Velocidades de transferencia de hasta 150 Mbps para acceso r&aacute;pido a Internet y transferencia de datos&#8211; 1 puerto Ethernet WAN\/LAN 10\/100&#8211; 1 puerto Ethernet LAN 10\/100&#8211; Las ranuras&hellip;&nbsp;D-Link DWM-313 Router VPN 4G LTE Cat4 M2M DualSIM","og_url":"https:\/\/aivlisoft.net\/shop\/producto\/d-link-dwm-313-router-vpn-4g-lte-cat4-m2m-dualsim\/","og_site_name":"Aivlisoft Inform\u00e1tica","article_modified_time":"2025-01-14T19:57:52+00:00","og_image":[{"width":800,"height":800,"url":"https:\/\/aivlisoft.net\/shop\/wp-content\/uploads\/2025\/01\/NROINA0343_800.jpg","type":"image\/jpeg"}],"twitter_card":"summary_large_image","twitter_misc":{"Tiempo de lectura":"2 minutos"},"schema":{"@context":"https:\/\/schema.org","@graph":[{"@type":"WebPage","@id":"https:\/\/aivlisoft.net\/shop\/producto\/d-link-dwm-313-router-vpn-4g-lte-cat4-m2m-dualsim\/","url":"https:\/\/aivlisoft.net\/shop\/producto\/d-link-dwm-313-router-vpn-4g-lte-cat4-m2m-dualsim\/","name":"D-Link DWM-313 Router VPN 4G LTE Cat4 M2M DualSIM - Aivlisoft Inform\u00e1tica","isPartOf":{"@id":"https:\/\/aivlisoft.net\/shop\/#website"},"primaryImageOfPage":{"@id":"https:\/\/aivlisoft.net\/shop\/producto\/d-link-dwm-313-router-vpn-4g-lte-cat4-m2m-dualsim\/#primaryimage"},"image":{"@id":"https:\/\/aivlisoft.net\/shop\/producto\/d-link-dwm-313-router-vpn-4g-lte-cat4-m2m-dualsim\/#primaryimage"},"thumbnailUrl":"https:\/\/aivlisoft.net\/shop\/wp-content\/uploads\/2025\/01\/NROINA0343_800.jpg","datePublished":"2025-01-13T15:28:44+00:00","dateModified":"2025-01-14T19:57:52+00:00","breadcrumb":{"@id":"https:\/\/aivlisoft.net\/shop\/producto\/d-link-dwm-313-router-vpn-4g-lte-cat4-m2m-dualsim\/#breadcrumb"},"inLanguage":"es","potentialAction":[{"@type":"ReadAction","target":["https:\/\/aivlisoft.net\/shop\/producto\/d-link-dwm-313-router-vpn-4g-lte-cat4-m2m-dualsim\/"]}]},{"@type":"ImageObject","inLanguage":"es","@id":"https:\/\/aivlisoft.net\/shop\/producto\/d-link-dwm-313-router-vpn-4g-lte-cat4-m2m-dualsim\/#primaryimage","url":"https:\/\/aivlisoft.net\/shop\/wp-content\/uploads\/2025\/01\/NROINA0343_800.jpg","contentUrl":"https:\/\/aivlisoft.net\/shop\/wp-content\/uploads\/2025\/01\/NROINA0343_800.jpg","width":800,"height":800},{"@type":"BreadcrumbList","@id":"https:\/\/aivlisoft.net\/shop\/producto\/d-link-dwm-313-router-vpn-4g-lte-cat4-m2m-dualsim\/#breadcrumb","itemListElement":[{"@type":"ListItem","position":1,"name":"Portada","item":"https:\/\/aivlisoft.net\/shop\/"},{"@type":"ListItem","position":2,"name":"Tienda","item":"https:\/\/aivlisoft.net\/shop\/tienda\/"},{"@type":"ListItem","position":3,"name":"D-Link DWM-313 Router VPN 4G LTE Cat4 M2M DualSIM"}]},{"@type":"WebSite","@id":"https:\/\/aivlisoft.net\/shop\/#website","url":"https:\/\/aivlisoft.net\/shop\/","name":"Aivlisoft Inform\u00e1tica","description":"En Aivlisoft Inform\u00e1tica ofrecemos soluciones tecnol\u00f3gicas para empresas: venta de ordenadores, consumibles, perif\u00e9ricos y m\u00e1s. Calidad, atenci\u00f3n personalizada y los mejores precios para tu negocio.","publisher":{"@id":"https:\/\/aivlisoft.net\/shop\/#organization"},"potentialAction":[{"@type":"SearchAction","target":{"@type":"EntryPoint","urlTemplate":"https:\/\/aivlisoft.net\/shop\/?s={search_term_string}"},"query-input":{"@type":"PropertyValueSpecification","valueRequired":true,"valueName":"search_term_string"}}],"inLanguage":"es"},{"@type":"Organization","@id":"https:\/\/aivlisoft.net\/shop\/#organization","name":"Aivlisoft Inform\u00e1tica","url":"https:\/\/aivlisoft.net\/shop\/","logo":{"@type":"ImageObject","inLanguage":"es","@id":"https:\/\/aivlisoft.net\/shop\/#\/schema\/logo\/image\/","url":"https:\/\/aivlisoft.net\/shop\/wp-content\/uploads\/2024\/12\/removal.ai_5b848c54-0cdf-4140-95c5-c5536bb7573b-logodef.png","contentUrl":"https:\/\/aivlisoft.net\/shop\/wp-content\/uploads\/2024\/12\/removal.ai_5b848c54-0cdf-4140-95c5-c5536bb7573b-logodef.png","width":484,"height":182,"caption":"Aivlisoft Inform\u00e1tica"},"image":{"@id":"https:\/\/aivlisoft.net\/shop\/#\/schema\/logo\/image\/"}}]}},"_links":{"self":[{"href":"https:\/\/aivlisoft.net\/shop\/wp-json\/wp\/v2\/product\/19079","targetHints":{"allow":["GET"]}}],"collection":[{"href":"https:\/\/aivlisoft.net\/shop\/wp-json\/wp\/v2\/product"}],"about":[{"href":"https:\/\/aivlisoft.net\/shop\/wp-json\/wp\/v2\/types\/product"}],"wp:featuredmedia":[{"embeddable":true,"href":"https:\/\/aivlisoft.net\/shop\/wp-json\/wp\/v2\/media\/19080"}],"wp:attachment":[{"href":"https:\/\/aivlisoft.net\/shop\/wp-json\/wp\/v2\/media?parent=19079"}],"wp:term":[{"taxonomy":"product_brand","embeddable":true,"href":"https:\/\/aivlisoft.net\/shop\/wp-json\/wp\/v2\/product_brand?post=19079"},{"taxonomy":"product_cat","embeddable":true,"href":"https:\/\/aivlisoft.net\/shop\/wp-json\/wp\/v2\/product_cat?post=19079"},{"taxonomy":"product_tag","embeddable":true,"href":"https:\/\/aivlisoft.net\/shop\/wp-json\/wp\/v2\/product_tag?post=19079"}],"curies":[{"name":"wp","href":"https:\/\/api.w.org\/{rel}","templated":true}]}}