{"id":19061,"date":"2025-01-13T15:28:33","date_gmt":"2025-01-13T15:28:33","guid":{"rendered":"https:\/\/aivlisoft.com\/?post_type=product&#038;p=19061"},"modified":"2025-01-14T19:57:55","modified_gmt":"2025-01-14T19:57:55","slug":"fritz-box6850-lte-router-5g-wifi-dual-mesh","status":"publish","type":"product","link":"https:\/\/aivlisoft.net\/shop\/producto\/fritz-box6850-lte-router-5g-wifi-dual-mesh\/","title":{"rendered":"FRITZ! Box6850 LTE Router 5G WiFi Dual Mesh"},"content":{"rendered":"<p>&nbsp;<\/p>\n<table class=\"tabla_caracteristicas\" width=\"100%\">\n<tr>\n<td><strong>Marca<\/strong><\/td>\n<td>Fritz!<\/td>\n<\/tr>\n<tr>\n<td><strong>Modelo<\/strong><\/td>\n<td><strong>20002928<\/strong><\/td>\n<\/tr>\n<tr>\n<td><strong>Conexiones<\/strong><\/td>\n<td>&#8211; M&oacute;dem 5G para telefon&iacute;a m&oacute;vil integrado (Mini SIM)<br \/>\t\t\t&#8211; Telefon&iacute;a IP<br \/>\t\t\t&#8211; 4 puertos LAN Gigabit<br \/>\t\t\t&#8211; Punto de acceso inal&aacute;mbrico IEEE 802.11ac, n, g, a<br \/>\t\t\t&#8211; 1 puerto USB 3.0 para impresoras y dispositivos de almacenamiento<br \/>\t\t\t&#8211; Estaci&oacute;n DECT integrada hasta para seis tel&eacute;fonos inal&aacute;mbricos<br \/>\t\t\t&#8211; 1 puerto a\/b (opcionalmente TAE\/RJ11) para tel&eacute;fonos anal&oacute;gicos, contestador autom&aacute;tico o fax<\/td>\n<\/tr>\n<tr>\n<td><strong>Caracter&iacute;sticas<\/strong><\/td>\n<td><strong>Red m&oacute;vil<\/strong><br \/>\t\t\t&#8211; Router inal&aacute;mbrico con m&oacute;dem 5G integrado con tecnolog&iacute;a 3GPP Rel. 15 compatible con MIMO 4&#215;4<br \/>\t\t\t&nbsp; y 5G Standalone o 5G Non Standalone, as&iacute; como con tecnolog&iacute;a&nbsp; Dynamic Spectrum Sharing (DSS)<br \/>\t\t\t&#8211; Acceso a Internet a trav&eacute;s de 5G hasta 1,3 Gbps de bajada y 600 Mbps de subida: comptabible con las bandas<br \/>\t\t\t&nbsp; n1 (2,1 GHz), n3 (1,8 GHz), n5 (850 MHz), n7 (2,6 GHz), n8 (900 MHz), n20 (800 MHz), n28 (700 MHz), n38 (2,6 GHz), n40 (2,3 GHz), n41 (2,5 GHz), n78 (3,5 GHz)<br \/>\t\t\t&#8211; Acceso a Internet a trav&eacute;s de LTE (LTE Advanced Pro \/ CAT16) hasta 1 Gbps de bajada<br \/>\t\t\t&nbsp; y 211 Mbps de subida: compatible con las bandas FDD 1, 3, 5, 7, 8, 20, 28 y 32 (1,5 GHz), as&iacute; como las bandas TDD 38, 40, 41, 42 (3,5 GHz), 43 (3,7 GHz)<br \/>\t\t\t&#8211; Acceso a Internet tambi&eacute;n a trav&eacute;s de 3G (UMTS\/HSPA+) hasta 42 Mbps<br \/>\t\t\t&#8211; 2 antenas internas y 2 antenas externas a trav&eacute;s de conexi&oacute;n SMA<br \/>\t\t\t<strong>Internet<\/strong><br \/>\t\t\t&#8211; Cortafuegos de inspecci&oacute;n activa de paquetes (SPI, Stateful Packet Inspection) que permite el redireccionamiento de puertos, para navegar de forma segura en Internet.<br \/>\t\t\t&#8211; NAT, servidor DHCP, cliente DynDNS, UPnP AV<br \/>\t\t\t&#8211; &Oacute;ptimo para la retransmisi&oacute;n de v&iacute;deo y televisi&oacute;n v&iacute;a Internet como Netflix u otros canales de entretenimiento<br \/>\t\t\t&#8211; Soporta IPv6<br \/>\t\t\t&#8211; Acceso remoto seguro a trav&eacute;s de Internet con VPN (IPSec)<br \/>\t\t\t<strong>Wi-Fi<\/strong><br \/>\t\t\t&#8211; Wi-Fi AC (hasta 866 Mbps brutos; 5 GHz) y N (hasta 400 Mbps brutos; 2,4 GHz)<br \/>\t\t\t&#8211; Compatible con Wi-Fi 802.11g y a<br \/>\t\t\t&#8211; Ampl&iacute;a la red local con Wi-Fi Mesh: combinando f&aacute;cilmente varios puntos de acceso Wi-Fi en un solo sistema inteligente (a partir de FRITZ!OS 6.90)<br \/>\t\t\t&#8211; Wi-Fi dual: transmisi&oacute;n simult&aacute;nea en las bandas de 5 y 2,4 GHz<br \/>\t\t\t&#8211; Seguridad gracias al cifrado WPA2 activado de f&aacute;brica, WPA3\/2 Transition Mode disponible adicionalmente<br \/>\t\t\t&#8211; Tecnolog&iacute;a &quot;AVM Stick &amp; Surf&quot;: navegar segura y c&oacute;modamente en Internet sin cables<br \/>\t\t\t&#8211; Bot&oacute;n &quot;WLAN&quot; (para encender o apagar manualmente la red inal&aacute;mbrica)<br \/>\t\t\t&#8211; Wi-Fi Protected Setup (WPS)<br \/>\t\t\t&#8211; Acceso de invitados a la red inal&aacute;mbrica: m&aacute;xima seguridad para sus amigos e invitados al navegar en Internet.<br \/>\t\t\t&#8211; Canal Wi-Fi autom&aacute;tico: b&uacute;squeda autom&aacute;tica de un canal inal&aacute;mbrico sin interferencias<br \/>\t\t\t&#8211; Modo Wi-Fi Eco para conseguir el mejor rendimiento con el menor consumo de energ&iacute;a<br \/>\t\t\t<strong>Telefon&iacute;a<\/strong><br \/>\t\t\t&#8211; Centralita para conexiones basadas en IP<br \/>\t\t\t&#8211; Estaci&oacute;n DECT integrada hasta para seis tel&eacute;fonos inal&aacute;mbricos<br \/>\t\t\t&#8211; Cifrado de la transmisi&oacute;n de voz configurado de f&aacute;brica<br \/>\t\t\t&#8211; 1 puerto a\/b (opcionalmente TAE\/RJ11) para tel&eacute;fonos anal&oacute;gicos, contestador autom&aacute;tico o fax<br \/>\t\t\t&#8211; Soporta telefon&iacute;a HD para un sonido natural<br \/>\t\t\t&#8211; DECT Eco: desconexi&oacute;n de la red para una ergonom&iacute;a m&aacute;xima<br \/>\t\t\t&#8211; 5 contestadores autom&aacute;ticos integrados que incluyen la funci&oacute;n reenv&iacute;o de los mensajes de voz a un correo electr&oacute;nico (voice to mail)<br \/>\t\t\t&#8211; Funci&oacute;n de fax que incluye el reenv&iacute;o de correos electr&oacute;nicos (fax to mail)<br \/>\t\t\t&#8211; Administraci&oacute;n local o en l&iacute;nea de los contactos de la agenda (Google o iCloud de Apple, entre otros)<br \/>\t\t\t&#8211; Lista de llamadas, bloqueo de llamadas, marcaci&oacute;n r&aacute;pida, marcaci&oacute;n a n&uacute;meros de extensi&oacute;n<br \/>\t\t\t&#8211; Reglas de marcaci&oacute;n para asignaci&oacute;n individual a n&uacute;meros de tel&eacute;fono<br \/>\t\t\t&#8211; Desv&iacute;o de llamadas, llamadas internas, conferencias, transmisi&oacute;n de llamadas<br \/>\t\t\t&#8211; Bloqueo de llamadas, alarma, vigilabeb&eacute;s, llamadas VIP y bloqueo de timbre<br \/>\t\t\t&#8211; Compatible con intercomunicadores de puertas<br \/>\t\t\t&#8211; Telefon&iacute;a sobre IP conforme con SIP seg&uacute;n RFC 3261<br \/>\t\t\t&#8211; Posibilidad de conectar tel&eacute;fonos IP (LAN\/Wi-Fi) seg&uacute;n el est&aacute;ndar SIP<br \/>\t\t\t&#8211; FRITZ!App Fon para realizar llamadas con smartphone a trav&eacute;s de la red de telefon&iacute;a fija<br \/>\t\t\t<strong>Comodidad para la red local<\/strong><br \/>\t\t\t&#8211; El servidor multimedia pone a disposici&oacute;n de los dispositivos de la red local m&uacute;sica, fotos y v&iacute;deos (DLNA\/UPnP AV)<br \/>\t\t\t&#8211; Con MyFRITZ! podr&aacute; acceder a su propio FRITZ!Box desde cualquier lugar<br \/>\t\t\t&#8211; FRITZ!NAS: f&aacute;cil acceso a todos los archivos de la red<br \/>\t\t\t&#8211; Aplicaciones en red como IPTV, v&iacute;deo bajo demanda o reproducci&oacute;n de archivos multimedia<br \/>\t\t\t&#8211; Control parental, servicio de notificaciones, contactos de la nube, almacenamiento en l&iacute;nea<br \/>\t\t\t&#8211; Acceso de invitados: posibilidad de utilizar el acceso a Internet a trav&eacute;s de LAN o de la red inal&aacute;mbrica<br \/>\t\t\t&#8211; &quot;Wake on LAN&quot; a trav&eacute;s de Internet<br \/>\t\t\t&#8211; Compatible con dispositivos DLNA<br \/>\t\t\t&#8211; Compatible tambi&eacute;n con almacenamiento en l&iacute;nea, radio por Internet y podcasts<br \/>\t\t\t&#8211; Posibilidad de compartir archivos con sus amigos de manera f&aacute;cil y segura<br \/>\t\t\t<strong>FRITZ!OS<\/strong><br \/>\t\t\t&#8211; &quot;fritz.box&quot;: interfaz de usuario clara, uso intuitivo con ayuda del navegador.<br \/>\t\t\t&#8211; Interfaz de usuario optimizada para smartphones y tablets (dise&ntilde;o web adaptable).<br \/>\t\t\t&#8211; Actualizaciones gratuitas de nuevas funciones y caracter&iacute;sticas de seguridad.<br \/>\t\t\t&#8211; Las pr&aacute;cticas FRITZ!Apps para su smartphone: MyFRITZ!App para disfrutar la comodidad que ofrece FRITZ!<br \/>\t\t\t&nbsp; tambi&eacute;n estando fuera de casa y FRITZ!App WLAN la inteligente ayuda Wi-Fi.<br \/>\t\t\t&#8211; Vista ampliada para diferentes posibilidades de configuraci&oacute;n, funci&oacute;n de ayuda con b&uacute;squeda de texto completo.<br \/>\t\t\t&#8211; Funciones de dom&oacute;tica integradas en la interfaz de usuario.<br \/>\t\t\t&#8211; El FRITZ!Box funciona a la perfecci&oacute;n combinado con los dispositivos de dom&oacute;tica de FRITZ!<br \/>\t\t\t&nbsp; y tambi&eacute;n es compatible con aparatos de otros fabricantes compatibles con tecnolog&iacute;a DECT-ULE\/HAN-FUN.<br \/>\t\t\t&#8211; Los dispositivos dom&oacute;ticos se pueden conectar dentro de la red dom&eacute;stica a trav&eacute;s de Internet tanto de forma manual como autom&aacute;tica.<\/td>\n<\/tr>\n<tr>\n<td><strong>Otros<\/strong><\/td>\n<td><strong>Propiedades del dispositivo<\/strong><br \/>\t\t\t&#8211; Medidas (A x P x A): 208 x 150 x 37 mm<br \/>\t\t\t&#8211; Se puede fijar en la pared o dejarlo sobre una mesa<br \/>\t\t\t&#8211; Consumo medio de energ&iacute;a: 6 vatios<br \/>\t\t\t<strong>Contenido<\/strong><br \/>\t\t\t&#8211; FRITZ!Box 6850 5G<br \/>\t\t\t&#8211; Fuente de alimentaci&oacute;n<br \/>\t\t\t&#8211; Antenas de telefon&iacute;a m&oacute;vil externas (SMA)<br \/>\t\t\t&#8211; Cable LAN de 1,5 m<br \/>\t\t\t&#8211; Gu&iacute;a r&aacute;pida de instalaci&oacute;n<\/td>\n<\/tr>\n<tr>\n<td><strong>Fecha de revisi&oacute;n<\/strong><\/td>\n<td>08-04-2022 por MPM<\/td>\n<\/tr>\n<\/table>\n","protected":false},"excerpt":{"rendered":"<p>&nbsp; Marca Fritz! Modelo 20002928 Conexiones &#8211; M&oacute;dem 5G para telefon&iacute;a m&oacute;vil integrado (Mini SIM) &#8211; Telefon&iacute;a IP &#8211; 4 puertos LAN Gigabit &#8211; Punto de acceso inal&aacute;mbrico IEEE 802.11ac, n, g, a &#8211; 1 puerto USB 3.0 para impresoras y dispositivos de almacenamiento &#8211; Estaci&oacute;n DECT integrada hasta para seis tel&eacute;fonos inal&aacute;mbricos &#8211; 1&hellip;&nbsp;<a href=\"https:\/\/aivlisoft.net\/shop\/producto\/fritz-box6850-lte-router-5g-wifi-dual-mesh\/\" rel=\"bookmark\"><span class=\"screen-reader-text\">FRITZ! Box6850 LTE Router 5G WiFi Dual Mesh<\/span><\/a><\/p>\n","protected":false},"featured_media":19062,"template":"","meta":{"neve_meta_sidebar":"","neve_meta_container":"","neve_meta_enable_content_width":"","neve_meta_content_width":0,"neve_meta_title_alignment":"","neve_meta_author_avatar":"","neve_post_elements_order":"","neve_meta_disable_header":"","neve_meta_disable_footer":"","neve_meta_disable_title":""},"product_brand":[],"product_cat":[15,8768,6832],"product_tag":[6912],"class_list":{"0":"post-19061","1":"product","2":"type-product","3":"status-publish","4":"has-post-thumbnail","6":"product_cat-sin-categorizar","7":"product_cat-routers-adsl","8":"product_cat-routers-modems","9":"product_tag-6912","11":"first","12":"instock","13":"taxable","14":"shipping-taxable","15":"purchasable","16":"product-type-simple"},"yoast_head":"<!-- This site is optimized with the Yoast SEO plugin v26.0 - https:\/\/yoast.com\/wordpress\/plugins\/seo\/ -->\n<title>FRITZ! Box6850 LTE Router 5G WiFi Dual Mesh - Aivlisoft Inform\u00e1tica<\/title>\n<meta name=\"robots\" content=\"index, follow, max-snippet:-1, max-image-preview:large, max-video-preview:-1\" \/>\n<link rel=\"canonical\" href=\"https:\/\/aivlisoft.net\/shop\/producto\/fritz-box6850-lte-router-5g-wifi-dual-mesh\/\" \/>\n<meta property=\"og:locale\" content=\"es_ES\" \/>\n<meta property=\"og:type\" content=\"article\" \/>\n<meta property=\"og:title\" content=\"FRITZ! Box6850 LTE Router 5G WiFi Dual Mesh - Aivlisoft Inform\u00e1tica\" \/>\n<meta property=\"og:description\" content=\"&nbsp; Marca Fritz! Modelo 20002928 Conexiones &#8211; M&oacute;dem 5G para telefon&iacute;a m&oacute;vil integrado (Mini SIM) &#8211; Telefon&iacute;a IP &#8211; 4 puertos LAN Gigabit &#8211; Punto de acceso inal&aacute;mbrico IEEE 802.11ac, n, g, a &#8211; 1 puerto USB 3.0 para impresoras y dispositivos de almacenamiento &#8211; Estaci&oacute;n DECT integrada hasta para seis tel&eacute;fonos inal&aacute;mbricos &#8211; 1&hellip;&nbsp;FRITZ! Box6850 LTE Router 5G WiFi Dual Mesh\" \/>\n<meta property=\"og:url\" content=\"https:\/\/aivlisoft.net\/shop\/producto\/fritz-box6850-lte-router-5g-wifi-dual-mesh\/\" \/>\n<meta property=\"og:site_name\" content=\"Aivlisoft Inform\u00e1tica\" \/>\n<meta property=\"article:modified_time\" content=\"2025-01-14T19:57:55+00:00\" \/>\n<meta property=\"og:image\" content=\"https:\/\/aivlisoft.net\/shop\/wp-content\/uploads\/2025\/01\/NROINA0334_800.jpg\" \/>\n\t<meta property=\"og:image:width\" content=\"800\" \/>\n\t<meta property=\"og:image:height\" content=\"800\" \/>\n\t<meta property=\"og:image:type\" content=\"image\/jpeg\" \/>\n<meta name=\"twitter:card\" content=\"summary_large_image\" \/>\n<meta name=\"twitter:label1\" content=\"Tiempo de lectura\" \/>\n\t<meta name=\"twitter:data1\" content=\"6 minutos\" \/>\n<script type=\"application\/ld+json\" class=\"yoast-schema-graph\">{\"@context\":\"https:\/\/schema.org\",\"@graph\":[{\"@type\":\"WebPage\",\"@id\":\"https:\/\/aivlisoft.net\/shop\/producto\/fritz-box6850-lte-router-5g-wifi-dual-mesh\/\",\"url\":\"https:\/\/aivlisoft.net\/shop\/producto\/fritz-box6850-lte-router-5g-wifi-dual-mesh\/\",\"name\":\"FRITZ! Box6850 LTE Router 5G WiFi Dual Mesh - Aivlisoft Inform\u00e1tica\",\"isPartOf\":{\"@id\":\"https:\/\/aivlisoft.net\/shop\/#website\"},\"primaryImageOfPage\":{\"@id\":\"https:\/\/aivlisoft.net\/shop\/producto\/fritz-box6850-lte-router-5g-wifi-dual-mesh\/#primaryimage\"},\"image\":{\"@id\":\"https:\/\/aivlisoft.net\/shop\/producto\/fritz-box6850-lte-router-5g-wifi-dual-mesh\/#primaryimage\"},\"thumbnailUrl\":\"https:\/\/aivlisoft.net\/shop\/wp-content\/uploads\/2025\/01\/NROINA0334_800.jpg\",\"datePublished\":\"2025-01-13T15:28:33+00:00\",\"dateModified\":\"2025-01-14T19:57:55+00:00\",\"breadcrumb\":{\"@id\":\"https:\/\/aivlisoft.net\/shop\/producto\/fritz-box6850-lte-router-5g-wifi-dual-mesh\/#breadcrumb\"},\"inLanguage\":\"es\",\"potentialAction\":[{\"@type\":\"ReadAction\",\"target\":[\"https:\/\/aivlisoft.net\/shop\/producto\/fritz-box6850-lte-router-5g-wifi-dual-mesh\/\"]}]},{\"@type\":\"ImageObject\",\"inLanguage\":\"es\",\"@id\":\"https:\/\/aivlisoft.net\/shop\/producto\/fritz-box6850-lte-router-5g-wifi-dual-mesh\/#primaryimage\",\"url\":\"https:\/\/aivlisoft.net\/shop\/wp-content\/uploads\/2025\/01\/NROINA0334_800.jpg\",\"contentUrl\":\"https:\/\/aivlisoft.net\/shop\/wp-content\/uploads\/2025\/01\/NROINA0334_800.jpg\",\"width\":800,\"height\":800},{\"@type\":\"BreadcrumbList\",\"@id\":\"https:\/\/aivlisoft.net\/shop\/producto\/fritz-box6850-lte-router-5g-wifi-dual-mesh\/#breadcrumb\",\"itemListElement\":[{\"@type\":\"ListItem\",\"position\":1,\"name\":\"Portada\",\"item\":\"https:\/\/aivlisoft.net\/shop\/\"},{\"@type\":\"ListItem\",\"position\":2,\"name\":\"Tienda\",\"item\":\"https:\/\/aivlisoft.net\/shop\/tienda\/\"},{\"@type\":\"ListItem\",\"position\":3,\"name\":\"FRITZ! Box6850 LTE Router 5G WiFi Dual Mesh\"}]},{\"@type\":\"WebSite\",\"@id\":\"https:\/\/aivlisoft.net\/shop\/#website\",\"url\":\"https:\/\/aivlisoft.net\/shop\/\",\"name\":\"Aivlisoft Inform\u00e1tica\",\"description\":\"En Aivlisoft Inform\u00e1tica ofrecemos soluciones tecnol\u00f3gicas para empresas: venta de ordenadores, consumibles, perif\u00e9ricos y m\u00e1s. Calidad, atenci\u00f3n personalizada y los mejores precios para tu negocio.\",\"publisher\":{\"@id\":\"https:\/\/aivlisoft.net\/shop\/#organization\"},\"potentialAction\":[{\"@type\":\"SearchAction\",\"target\":{\"@type\":\"EntryPoint\",\"urlTemplate\":\"https:\/\/aivlisoft.net\/shop\/?s={search_term_string}\"},\"query-input\":{\"@type\":\"PropertyValueSpecification\",\"valueRequired\":true,\"valueName\":\"search_term_string\"}}],\"inLanguage\":\"es\"},{\"@type\":\"Organization\",\"@id\":\"https:\/\/aivlisoft.net\/shop\/#organization\",\"name\":\"Aivlisoft Inform\u00e1tica\",\"url\":\"https:\/\/aivlisoft.net\/shop\/\",\"logo\":{\"@type\":\"ImageObject\",\"inLanguage\":\"es\",\"@id\":\"https:\/\/aivlisoft.net\/shop\/#\/schema\/logo\/image\/\",\"url\":\"https:\/\/aivlisoft.net\/shop\/wp-content\/uploads\/2024\/12\/removal.ai_5b848c54-0cdf-4140-95c5-c5536bb7573b-logodef.png\",\"contentUrl\":\"https:\/\/aivlisoft.net\/shop\/wp-content\/uploads\/2024\/12\/removal.ai_5b848c54-0cdf-4140-95c5-c5536bb7573b-logodef.png\",\"width\":484,\"height\":182,\"caption\":\"Aivlisoft Inform\u00e1tica\"},\"image\":{\"@id\":\"https:\/\/aivlisoft.net\/shop\/#\/schema\/logo\/image\/\"}}]}<\/script>\n<!-- \/ Yoast SEO plugin. -->","yoast_head_json":{"title":"FRITZ! Box6850 LTE Router 5G WiFi Dual Mesh - Aivlisoft Inform\u00e1tica","robots":{"index":"index","follow":"follow","max-snippet":"max-snippet:-1","max-image-preview":"max-image-preview:large","max-video-preview":"max-video-preview:-1"},"canonical":"https:\/\/aivlisoft.net\/shop\/producto\/fritz-box6850-lte-router-5g-wifi-dual-mesh\/","og_locale":"es_ES","og_type":"article","og_title":"FRITZ! Box6850 LTE Router 5G WiFi Dual Mesh - Aivlisoft Inform\u00e1tica","og_description":"&nbsp; Marca Fritz! Modelo 20002928 Conexiones &#8211; M&oacute;dem 5G para telefon&iacute;a m&oacute;vil integrado (Mini SIM) &#8211; Telefon&iacute;a IP &#8211; 4 puertos LAN Gigabit &#8211; Punto de acceso inal&aacute;mbrico IEEE 802.11ac, n, g, a &#8211; 1 puerto USB 3.0 para impresoras y dispositivos de almacenamiento &#8211; Estaci&oacute;n DECT integrada hasta para seis tel&eacute;fonos inal&aacute;mbricos &#8211; 1&hellip;&nbsp;FRITZ! Box6850 LTE Router 5G WiFi Dual Mesh","og_url":"https:\/\/aivlisoft.net\/shop\/producto\/fritz-box6850-lte-router-5g-wifi-dual-mesh\/","og_site_name":"Aivlisoft Inform\u00e1tica","article_modified_time":"2025-01-14T19:57:55+00:00","og_image":[{"width":800,"height":800,"url":"https:\/\/aivlisoft.net\/shop\/wp-content\/uploads\/2025\/01\/NROINA0334_800.jpg","type":"image\/jpeg"}],"twitter_card":"summary_large_image","twitter_misc":{"Tiempo de lectura":"6 minutos"},"schema":{"@context":"https:\/\/schema.org","@graph":[{"@type":"WebPage","@id":"https:\/\/aivlisoft.net\/shop\/producto\/fritz-box6850-lte-router-5g-wifi-dual-mesh\/","url":"https:\/\/aivlisoft.net\/shop\/producto\/fritz-box6850-lte-router-5g-wifi-dual-mesh\/","name":"FRITZ! Box6850 LTE Router 5G WiFi Dual Mesh - Aivlisoft Inform\u00e1tica","isPartOf":{"@id":"https:\/\/aivlisoft.net\/shop\/#website"},"primaryImageOfPage":{"@id":"https:\/\/aivlisoft.net\/shop\/producto\/fritz-box6850-lte-router-5g-wifi-dual-mesh\/#primaryimage"},"image":{"@id":"https:\/\/aivlisoft.net\/shop\/producto\/fritz-box6850-lte-router-5g-wifi-dual-mesh\/#primaryimage"},"thumbnailUrl":"https:\/\/aivlisoft.net\/shop\/wp-content\/uploads\/2025\/01\/NROINA0334_800.jpg","datePublished":"2025-01-13T15:28:33+00:00","dateModified":"2025-01-14T19:57:55+00:00","breadcrumb":{"@id":"https:\/\/aivlisoft.net\/shop\/producto\/fritz-box6850-lte-router-5g-wifi-dual-mesh\/#breadcrumb"},"inLanguage":"es","potentialAction":[{"@type":"ReadAction","target":["https:\/\/aivlisoft.net\/shop\/producto\/fritz-box6850-lte-router-5g-wifi-dual-mesh\/"]}]},{"@type":"ImageObject","inLanguage":"es","@id":"https:\/\/aivlisoft.net\/shop\/producto\/fritz-box6850-lte-router-5g-wifi-dual-mesh\/#primaryimage","url":"https:\/\/aivlisoft.net\/shop\/wp-content\/uploads\/2025\/01\/NROINA0334_800.jpg","contentUrl":"https:\/\/aivlisoft.net\/shop\/wp-content\/uploads\/2025\/01\/NROINA0334_800.jpg","width":800,"height":800},{"@type":"BreadcrumbList","@id":"https:\/\/aivlisoft.net\/shop\/producto\/fritz-box6850-lte-router-5g-wifi-dual-mesh\/#breadcrumb","itemListElement":[{"@type":"ListItem","position":1,"name":"Portada","item":"https:\/\/aivlisoft.net\/shop\/"},{"@type":"ListItem","position":2,"name":"Tienda","item":"https:\/\/aivlisoft.net\/shop\/tienda\/"},{"@type":"ListItem","position":3,"name":"FRITZ! Box6850 LTE Router 5G WiFi Dual Mesh"}]},{"@type":"WebSite","@id":"https:\/\/aivlisoft.net\/shop\/#website","url":"https:\/\/aivlisoft.net\/shop\/","name":"Aivlisoft Inform\u00e1tica","description":"En Aivlisoft Inform\u00e1tica ofrecemos soluciones tecnol\u00f3gicas para empresas: venta de ordenadores, consumibles, perif\u00e9ricos y m\u00e1s. Calidad, atenci\u00f3n personalizada y los mejores precios para tu negocio.","publisher":{"@id":"https:\/\/aivlisoft.net\/shop\/#organization"},"potentialAction":[{"@type":"SearchAction","target":{"@type":"EntryPoint","urlTemplate":"https:\/\/aivlisoft.net\/shop\/?s={search_term_string}"},"query-input":{"@type":"PropertyValueSpecification","valueRequired":true,"valueName":"search_term_string"}}],"inLanguage":"es"},{"@type":"Organization","@id":"https:\/\/aivlisoft.net\/shop\/#organization","name":"Aivlisoft Inform\u00e1tica","url":"https:\/\/aivlisoft.net\/shop\/","logo":{"@type":"ImageObject","inLanguage":"es","@id":"https:\/\/aivlisoft.net\/shop\/#\/schema\/logo\/image\/","url":"https:\/\/aivlisoft.net\/shop\/wp-content\/uploads\/2024\/12\/removal.ai_5b848c54-0cdf-4140-95c5-c5536bb7573b-logodef.png","contentUrl":"https:\/\/aivlisoft.net\/shop\/wp-content\/uploads\/2024\/12\/removal.ai_5b848c54-0cdf-4140-95c5-c5536bb7573b-logodef.png","width":484,"height":182,"caption":"Aivlisoft Inform\u00e1tica"},"image":{"@id":"https:\/\/aivlisoft.net\/shop\/#\/schema\/logo\/image\/"}}]}},"_links":{"self":[{"href":"https:\/\/aivlisoft.net\/shop\/wp-json\/wp\/v2\/product\/19061","targetHints":{"allow":["GET"]}}],"collection":[{"href":"https:\/\/aivlisoft.net\/shop\/wp-json\/wp\/v2\/product"}],"about":[{"href":"https:\/\/aivlisoft.net\/shop\/wp-json\/wp\/v2\/types\/product"}],"wp:featuredmedia":[{"embeddable":true,"href":"https:\/\/aivlisoft.net\/shop\/wp-json\/wp\/v2\/media\/19062"}],"wp:attachment":[{"href":"https:\/\/aivlisoft.net\/shop\/wp-json\/wp\/v2\/media?parent=19061"}],"wp:term":[{"taxonomy":"product_brand","embeddable":true,"href":"https:\/\/aivlisoft.net\/shop\/wp-json\/wp\/v2\/product_brand?post=19061"},{"taxonomy":"product_cat","embeddable":true,"href":"https:\/\/aivlisoft.net\/shop\/wp-json\/wp\/v2\/product_cat?post=19061"},{"taxonomy":"product_tag","embeddable":true,"href":"https:\/\/aivlisoft.net\/shop\/wp-json\/wp\/v2\/product_tag?post=19061"}],"curies":[{"name":"wp","href":"https:\/\/api.w.org\/{rel}","templated":true}]}}