{"id":19053,"date":"2025-01-13T15:28:29","date_gmt":"2025-01-13T15:28:29","guid":{"rendered":"https:\/\/aivlisoft.com\/?post_type=product&#038;p=19053"},"modified":"2025-01-14T19:59:53","modified_gmt":"2025-01-14T19:59:53","slug":"zyxel-nr5101-router-4g-5g-wifi6-indoor-2xgb","status":"publish","type":"product","link":"https:\/\/aivlisoft.net\/shop\/producto\/zyxel-nr5101-router-4g-5g-wifi6-indoor-2xgb\/","title":{"rendered":"Zyxel NR5101 Router 4G\/5G WiFi6 Indoor 2XGb"},"content":{"rendered":"<p>Zyxel NR5101 Router 4G\/5G WiFi6 Indoor 2XGb<br \/>&nbsp;<\/p>\n<table width=\"100%\">\n<tr>\n<td><strong>Marca<\/strong><\/td>\n<td>Zyxel<\/td>\n<\/tr>\n<tr>\n<td><strong>Modelo<\/strong><\/td>\n<td><strong>NR5101-EU01V1F<\/strong><\/td>\n<\/tr>\n<tr>\n<td><strong>Redes<\/strong><\/td>\n<td><strong>Interfaces\/puertos<br \/>\t\t\t&#8211; <\/strong>Usb s&iacute;<br \/>\t\t\t&#8211; Puertos n&uacute;mero de red (rj-45) 2<br \/>\t\t\t&#8211; N&uacute;mero de banda ancha (rj-45) puertos 1<br \/>\t\t\t<strong>Especificaciones del sistema inal&aacute;mbrico<br \/>\t\t\t&#8211; <\/strong>Tecnolog&iacute;a de transmisi&oacute;n de banda ancha ethernet<br \/>\t\t\t&#8211; Inal&aacute;mbrica<br \/>\t\t\t&#8211; Est&aacute;dar lan sin cable ieee 802.11axBbanda ism s&iacute;<br \/>\t\t\t&#8211; Banda unii s&iacute;<br \/>\t\t\t&#8211; Frecuencia m&aacute;xima igs 2,40 ghz<br \/>\t\t\t&#8211; Frecuencia m&aacute;xima unii 5 ghz<br \/>\t\t\t&#8211; Tecnolog&iacute;a m&oacute;vil de conectividad de datos edge<br \/>\t\t\t&#8211; Hsupa<br \/>\t\t\t&#8211; Lte<br \/>\t\t\t&#8211; Dc-hspa+<br \/>\t\t\t&#8211; Umts<br \/>\t\t\t&#8211; Gprs<br \/>\t\t\t&#8211; Hspa+<br \/>\t\t\t&#8211; Dc-hsdpa<br \/>\t\t\t&#8211; Generaci&oacute;n de m&oacute;vil 5g<br \/>\t\t\t&#8211; Velocidad total de transmisi&oacute;n inal&aacute;mbrica 221,63 mb\/s<br \/>\t\t\t<strong>Varios<br \/>\t\t\t&#8211; <\/strong>Respetuoso del medio ambiente s&iacute;<br \/>\t\t\t&#8211; Certificaci&oacute;n medioambiental weee<br \/>\t\t\t&#8211; Rohs<br \/>\t\t\t<strong>Redes y comunicaciones<br \/>\t\t\t&#8211; <\/strong>Tecnolog&iacute;a ethernet gigabit ethernet<br \/>\t\t\t&#8211; Multi-sim admitida no<br \/>\t\t\t&#8211; N&uacute;mero de tarjetas sim admitidas 1<br \/>\t\t\t&#8211; Tama&ntilde;o de sim admitido micro<br \/>\t\t\t<strong>Caracter&iacute;sticas f&iacute;sicas<br \/>\t\t\t&#8211;&nbsp;<\/strong>Peso (aproximado) 600 g<br \/>\t\t\t&#8211; Formato de escritorio<br \/>\t\t\t&#8211; Altura 205 mm<br \/>\t\t\t&#8211; Anchura 100 mm<br \/>\t\t\t&#8211; Profundidad 100 mm<\/td>\n<\/tr>\n<tr>\n<td><strong>Fecha Revisi&oacute;n<\/strong><\/td>\n<td>16-09-2021 por YMC&nbsp;<\/td>\n<\/tr>\n<\/table>\n","protected":false},"excerpt":{"rendered":"<p>Zyxel NR5101 Router 4G\/5G WiFi6 Indoor 2XGb&nbsp; Marca Zyxel Modelo NR5101-EU01V1F Redes Interfaces\/puertos &#8211; Usb s&iacute; &#8211; Puertos n&uacute;mero de red (rj-45) 2 &#8211; N&uacute;mero de banda ancha (rj-45) puertos 1 Especificaciones del sistema inal&aacute;mbrico &#8211; Tecnolog&iacute;a de transmisi&oacute;n de banda ancha ethernet &#8211; Inal&aacute;mbrica &#8211; Est&aacute;dar lan sin cable ieee 802.11axBbanda ism s&iacute; &#8211;&hellip;&nbsp;<a href=\"https:\/\/aivlisoft.net\/shop\/producto\/zyxel-nr5101-router-4g-5g-wifi6-indoor-2xgb\/\" rel=\"bookmark\"><span class=\"screen-reader-text\">Zyxel NR5101 Router 4G\/5G WiFi6 Indoor 2XGb<\/span><\/a><\/p>\n","protected":false},"featured_media":19054,"template":"","meta":{"neve_meta_sidebar":"","neve_meta_container":"","neve_meta_enable_content_width":"","neve_meta_content_width":0,"neve_meta_title_alignment":"","neve_meta_author_avatar":"","neve_post_elements_order":"","neve_meta_disable_header":"","neve_meta_disable_footer":"","neve_meta_disable_title":""},"product_brand":[],"product_cat":[15,8768,6832],"product_tag":[6910],"class_list":{"0":"post-19053","1":"product","2":"type-product","3":"status-publish","4":"has-post-thumbnail","6":"product_cat-sin-categorizar","7":"product_cat-routers-adsl","8":"product_cat-routers-modems","9":"product_tag-nr5101-eu01v1f","11":"first","12":"instock","13":"taxable","14":"shipping-taxable","15":"purchasable","16":"product-type-simple"},"yoast_head":"<!-- This site is optimized with the Yoast SEO plugin v26.0 - https:\/\/yoast.com\/wordpress\/plugins\/seo\/ -->\n<title>Zyxel NR5101 Router 4G\/5G WiFi6 Indoor 2XGb - Aivlisoft Inform\u00e1tica<\/title>\n<meta name=\"robots\" content=\"index, follow, max-snippet:-1, max-image-preview:large, max-video-preview:-1\" \/>\n<link rel=\"canonical\" href=\"https:\/\/aivlisoft.net\/shop\/producto\/zyxel-nr5101-router-4g-5g-wifi6-indoor-2xgb\/\" \/>\n<meta property=\"og:locale\" content=\"es_ES\" \/>\n<meta property=\"og:type\" content=\"article\" \/>\n<meta property=\"og:title\" content=\"Zyxel NR5101 Router 4G\/5G WiFi6 Indoor 2XGb - Aivlisoft Inform\u00e1tica\" \/>\n<meta property=\"og:description\" content=\"Zyxel NR5101 Router 4G\/5G WiFi6 Indoor 2XGb&nbsp; Marca Zyxel Modelo NR5101-EU01V1F Redes Interfaces\/puertos &#8211; Usb s&iacute; &#8211; Puertos n&uacute;mero de red (rj-45) 2 &#8211; N&uacute;mero de banda ancha (rj-45) puertos 1 Especificaciones del sistema inal&aacute;mbrico &#8211; Tecnolog&iacute;a de transmisi&oacute;n de banda ancha ethernet &#8211; Inal&aacute;mbrica &#8211; Est&aacute;dar lan sin cable ieee 802.11axBbanda ism s&iacute; &#8211;&hellip;&nbsp;Zyxel NR5101 Router 4G\/5G WiFi6 Indoor 2XGb\" \/>\n<meta property=\"og:url\" content=\"https:\/\/aivlisoft.net\/shop\/producto\/zyxel-nr5101-router-4g-5g-wifi6-indoor-2xgb\/\" \/>\n<meta property=\"og:site_name\" content=\"Aivlisoft Inform\u00e1tica\" \/>\n<meta property=\"article:modified_time\" content=\"2025-01-14T19:59:53+00:00\" \/>\n<meta property=\"og:image\" content=\"https:\/\/aivlisoft.net\/shop\/wp-content\/uploads\/2025\/01\/NROINA0328_800.jpg\" \/>\n\t<meta property=\"og:image:width\" content=\"800\" \/>\n\t<meta property=\"og:image:height\" content=\"800\" \/>\n\t<meta property=\"og:image:type\" content=\"image\/jpeg\" \/>\n<meta name=\"twitter:card\" content=\"summary_large_image\" \/>\n<meta name=\"twitter:label1\" content=\"Tiempo de lectura\" \/>\n\t<meta name=\"twitter:data1\" content=\"1 minuto\" \/>\n<script type=\"application\/ld+json\" class=\"yoast-schema-graph\">{\"@context\":\"https:\/\/schema.org\",\"@graph\":[{\"@type\":\"WebPage\",\"@id\":\"https:\/\/aivlisoft.net\/shop\/producto\/zyxel-nr5101-router-4g-5g-wifi6-indoor-2xgb\/\",\"url\":\"https:\/\/aivlisoft.net\/shop\/producto\/zyxel-nr5101-router-4g-5g-wifi6-indoor-2xgb\/\",\"name\":\"Zyxel NR5101 Router 4G\/5G WiFi6 Indoor 2XGb - Aivlisoft Inform\u00e1tica\",\"isPartOf\":{\"@id\":\"https:\/\/aivlisoft.net\/shop\/#website\"},\"primaryImageOfPage\":{\"@id\":\"https:\/\/aivlisoft.net\/shop\/producto\/zyxel-nr5101-router-4g-5g-wifi6-indoor-2xgb\/#primaryimage\"},\"image\":{\"@id\":\"https:\/\/aivlisoft.net\/shop\/producto\/zyxel-nr5101-router-4g-5g-wifi6-indoor-2xgb\/#primaryimage\"},\"thumbnailUrl\":\"https:\/\/aivlisoft.net\/shop\/wp-content\/uploads\/2025\/01\/NROINA0328_800.jpg\",\"datePublished\":\"2025-01-13T15:28:29+00:00\",\"dateModified\":\"2025-01-14T19:59:53+00:00\",\"breadcrumb\":{\"@id\":\"https:\/\/aivlisoft.net\/shop\/producto\/zyxel-nr5101-router-4g-5g-wifi6-indoor-2xgb\/#breadcrumb\"},\"inLanguage\":\"es\",\"potentialAction\":[{\"@type\":\"ReadAction\",\"target\":[\"https:\/\/aivlisoft.net\/shop\/producto\/zyxel-nr5101-router-4g-5g-wifi6-indoor-2xgb\/\"]}]},{\"@type\":\"ImageObject\",\"inLanguage\":\"es\",\"@id\":\"https:\/\/aivlisoft.net\/shop\/producto\/zyxel-nr5101-router-4g-5g-wifi6-indoor-2xgb\/#primaryimage\",\"url\":\"https:\/\/aivlisoft.net\/shop\/wp-content\/uploads\/2025\/01\/NROINA0328_800.jpg\",\"contentUrl\":\"https:\/\/aivlisoft.net\/shop\/wp-content\/uploads\/2025\/01\/NROINA0328_800.jpg\",\"width\":800,\"height\":800},{\"@type\":\"BreadcrumbList\",\"@id\":\"https:\/\/aivlisoft.net\/shop\/producto\/zyxel-nr5101-router-4g-5g-wifi6-indoor-2xgb\/#breadcrumb\",\"itemListElement\":[{\"@type\":\"ListItem\",\"position\":1,\"name\":\"Portada\",\"item\":\"https:\/\/aivlisoft.net\/shop\/\"},{\"@type\":\"ListItem\",\"position\":2,\"name\":\"Tienda\",\"item\":\"https:\/\/aivlisoft.net\/shop\/tienda\/\"},{\"@type\":\"ListItem\",\"position\":3,\"name\":\"Zyxel NR5101 Router 4G\/5G WiFi6 Indoor 2XGb\"}]},{\"@type\":\"WebSite\",\"@id\":\"https:\/\/aivlisoft.net\/shop\/#website\",\"url\":\"https:\/\/aivlisoft.net\/shop\/\",\"name\":\"Aivlisoft Inform\u00e1tica\",\"description\":\"En Aivlisoft Inform\u00e1tica ofrecemos soluciones tecnol\u00f3gicas para empresas: venta de ordenadores, consumibles, perif\u00e9ricos y m\u00e1s. Calidad, atenci\u00f3n personalizada y los mejores precios para tu negocio.\",\"publisher\":{\"@id\":\"https:\/\/aivlisoft.net\/shop\/#organization\"},\"potentialAction\":[{\"@type\":\"SearchAction\",\"target\":{\"@type\":\"EntryPoint\",\"urlTemplate\":\"https:\/\/aivlisoft.net\/shop\/?s={search_term_string}\"},\"query-input\":{\"@type\":\"PropertyValueSpecification\",\"valueRequired\":true,\"valueName\":\"search_term_string\"}}],\"inLanguage\":\"es\"},{\"@type\":\"Organization\",\"@id\":\"https:\/\/aivlisoft.net\/shop\/#organization\",\"name\":\"Aivlisoft Inform\u00e1tica\",\"url\":\"https:\/\/aivlisoft.net\/shop\/\",\"logo\":{\"@type\":\"ImageObject\",\"inLanguage\":\"es\",\"@id\":\"https:\/\/aivlisoft.net\/shop\/#\/schema\/logo\/image\/\",\"url\":\"https:\/\/aivlisoft.net\/shop\/wp-content\/uploads\/2024\/12\/removal.ai_5b848c54-0cdf-4140-95c5-c5536bb7573b-logodef.png\",\"contentUrl\":\"https:\/\/aivlisoft.net\/shop\/wp-content\/uploads\/2024\/12\/removal.ai_5b848c54-0cdf-4140-95c5-c5536bb7573b-logodef.png\",\"width\":484,\"height\":182,\"caption\":\"Aivlisoft Inform\u00e1tica\"},\"image\":{\"@id\":\"https:\/\/aivlisoft.net\/shop\/#\/schema\/logo\/image\/\"}}]}<\/script>\n<!-- \/ Yoast SEO plugin. -->","yoast_head_json":{"title":"Zyxel NR5101 Router 4G\/5G WiFi6 Indoor 2XGb - Aivlisoft Inform\u00e1tica","robots":{"index":"index","follow":"follow","max-snippet":"max-snippet:-1","max-image-preview":"max-image-preview:large","max-video-preview":"max-video-preview:-1"},"canonical":"https:\/\/aivlisoft.net\/shop\/producto\/zyxel-nr5101-router-4g-5g-wifi6-indoor-2xgb\/","og_locale":"es_ES","og_type":"article","og_title":"Zyxel NR5101 Router 4G\/5G WiFi6 Indoor 2XGb - Aivlisoft Inform\u00e1tica","og_description":"Zyxel NR5101 Router 4G\/5G WiFi6 Indoor 2XGb&nbsp; Marca Zyxel Modelo NR5101-EU01V1F Redes Interfaces\/puertos &#8211; Usb s&iacute; &#8211; Puertos n&uacute;mero de red (rj-45) 2 &#8211; N&uacute;mero de banda ancha (rj-45) puertos 1 Especificaciones del sistema inal&aacute;mbrico &#8211; Tecnolog&iacute;a de transmisi&oacute;n de banda ancha ethernet &#8211; Inal&aacute;mbrica &#8211; Est&aacute;dar lan sin cable ieee 802.11axBbanda ism s&iacute; &#8211;&hellip;&nbsp;Zyxel NR5101 Router 4G\/5G WiFi6 Indoor 2XGb","og_url":"https:\/\/aivlisoft.net\/shop\/producto\/zyxel-nr5101-router-4g-5g-wifi6-indoor-2xgb\/","og_site_name":"Aivlisoft Inform\u00e1tica","article_modified_time":"2025-01-14T19:59:53+00:00","og_image":[{"width":800,"height":800,"url":"https:\/\/aivlisoft.net\/shop\/wp-content\/uploads\/2025\/01\/NROINA0328_800.jpg","type":"image\/jpeg"}],"twitter_card":"summary_large_image","twitter_misc":{"Tiempo de lectura":"1 minuto"},"schema":{"@context":"https:\/\/schema.org","@graph":[{"@type":"WebPage","@id":"https:\/\/aivlisoft.net\/shop\/producto\/zyxel-nr5101-router-4g-5g-wifi6-indoor-2xgb\/","url":"https:\/\/aivlisoft.net\/shop\/producto\/zyxel-nr5101-router-4g-5g-wifi6-indoor-2xgb\/","name":"Zyxel NR5101 Router 4G\/5G WiFi6 Indoor 2XGb - Aivlisoft Inform\u00e1tica","isPartOf":{"@id":"https:\/\/aivlisoft.net\/shop\/#website"},"primaryImageOfPage":{"@id":"https:\/\/aivlisoft.net\/shop\/producto\/zyxel-nr5101-router-4g-5g-wifi6-indoor-2xgb\/#primaryimage"},"image":{"@id":"https:\/\/aivlisoft.net\/shop\/producto\/zyxel-nr5101-router-4g-5g-wifi6-indoor-2xgb\/#primaryimage"},"thumbnailUrl":"https:\/\/aivlisoft.net\/shop\/wp-content\/uploads\/2025\/01\/NROINA0328_800.jpg","datePublished":"2025-01-13T15:28:29+00:00","dateModified":"2025-01-14T19:59:53+00:00","breadcrumb":{"@id":"https:\/\/aivlisoft.net\/shop\/producto\/zyxel-nr5101-router-4g-5g-wifi6-indoor-2xgb\/#breadcrumb"},"inLanguage":"es","potentialAction":[{"@type":"ReadAction","target":["https:\/\/aivlisoft.net\/shop\/producto\/zyxel-nr5101-router-4g-5g-wifi6-indoor-2xgb\/"]}]},{"@type":"ImageObject","inLanguage":"es","@id":"https:\/\/aivlisoft.net\/shop\/producto\/zyxel-nr5101-router-4g-5g-wifi6-indoor-2xgb\/#primaryimage","url":"https:\/\/aivlisoft.net\/shop\/wp-content\/uploads\/2025\/01\/NROINA0328_800.jpg","contentUrl":"https:\/\/aivlisoft.net\/shop\/wp-content\/uploads\/2025\/01\/NROINA0328_800.jpg","width":800,"height":800},{"@type":"BreadcrumbList","@id":"https:\/\/aivlisoft.net\/shop\/producto\/zyxel-nr5101-router-4g-5g-wifi6-indoor-2xgb\/#breadcrumb","itemListElement":[{"@type":"ListItem","position":1,"name":"Portada","item":"https:\/\/aivlisoft.net\/shop\/"},{"@type":"ListItem","position":2,"name":"Tienda","item":"https:\/\/aivlisoft.net\/shop\/tienda\/"},{"@type":"ListItem","position":3,"name":"Zyxel NR5101 Router 4G\/5G WiFi6 Indoor 2XGb"}]},{"@type":"WebSite","@id":"https:\/\/aivlisoft.net\/shop\/#website","url":"https:\/\/aivlisoft.net\/shop\/","name":"Aivlisoft Inform\u00e1tica","description":"En Aivlisoft Inform\u00e1tica ofrecemos soluciones tecnol\u00f3gicas para empresas: venta de ordenadores, consumibles, perif\u00e9ricos y m\u00e1s. Calidad, atenci\u00f3n personalizada y los mejores precios para tu negocio.","publisher":{"@id":"https:\/\/aivlisoft.net\/shop\/#organization"},"potentialAction":[{"@type":"SearchAction","target":{"@type":"EntryPoint","urlTemplate":"https:\/\/aivlisoft.net\/shop\/?s={search_term_string}"},"query-input":{"@type":"PropertyValueSpecification","valueRequired":true,"valueName":"search_term_string"}}],"inLanguage":"es"},{"@type":"Organization","@id":"https:\/\/aivlisoft.net\/shop\/#organization","name":"Aivlisoft Inform\u00e1tica","url":"https:\/\/aivlisoft.net\/shop\/","logo":{"@type":"ImageObject","inLanguage":"es","@id":"https:\/\/aivlisoft.net\/shop\/#\/schema\/logo\/image\/","url":"https:\/\/aivlisoft.net\/shop\/wp-content\/uploads\/2024\/12\/removal.ai_5b848c54-0cdf-4140-95c5-c5536bb7573b-logodef.png","contentUrl":"https:\/\/aivlisoft.net\/shop\/wp-content\/uploads\/2024\/12\/removal.ai_5b848c54-0cdf-4140-95c5-c5536bb7573b-logodef.png","width":484,"height":182,"caption":"Aivlisoft Inform\u00e1tica"},"image":{"@id":"https:\/\/aivlisoft.net\/shop\/#\/schema\/logo\/image\/"}}]}},"_links":{"self":[{"href":"https:\/\/aivlisoft.net\/shop\/wp-json\/wp\/v2\/product\/19053","targetHints":{"allow":["GET"]}}],"collection":[{"href":"https:\/\/aivlisoft.net\/shop\/wp-json\/wp\/v2\/product"}],"about":[{"href":"https:\/\/aivlisoft.net\/shop\/wp-json\/wp\/v2\/types\/product"}],"wp:featuredmedia":[{"embeddable":true,"href":"https:\/\/aivlisoft.net\/shop\/wp-json\/wp\/v2\/media\/19054"}],"wp:attachment":[{"href":"https:\/\/aivlisoft.net\/shop\/wp-json\/wp\/v2\/media?parent=19053"}],"wp:term":[{"taxonomy":"product_brand","embeddable":true,"href":"https:\/\/aivlisoft.net\/shop\/wp-json\/wp\/v2\/product_brand?post=19053"},{"taxonomy":"product_cat","embeddable":true,"href":"https:\/\/aivlisoft.net\/shop\/wp-json\/wp\/v2\/product_cat?post=19053"},{"taxonomy":"product_tag","embeddable":true,"href":"https:\/\/aivlisoft.net\/shop\/wp-json\/wp\/v2\/product_tag?post=19053"}],"curies":[{"name":"wp","href":"https:\/\/api.w.org\/{rel}","templated":true}]}}