{"id":19051,"date":"2025-01-13T15:28:24","date_gmt":"2025-01-13T15:28:24","guid":{"rendered":"https:\/\/aivlisoft.com\/?post_type=product&#038;p=19051"},"modified":"2025-01-14T19:59:54","modified_gmt":"2025-01-14T19:59:54","slug":"fritz-box7530-router-ax-wifi6-mesh-dualband","status":"publish","type":"product","link":"https:\/\/aivlisoft.net\/shop\/producto\/fritz-box7530-router-ax-wifi6-mesh-dualband\/","title":{"rendered":"FRITZ! Box7530 Router AX WiFi6 Mesh DualBand"},"content":{"rendered":"<p>El FRITZ!Box 7530 AX con el innovador est&aacute;ndar Wi-Fi 6 (WLAN AX) proporciona un Wi-Fi r&aacute;pido y estable a la red local. El nuevo Wi-Fi 6 (WLAN AX) es significativamente m&aacute;s r&aacute;pido, m&aacute;s eficiente y m&aacute;s fiable: varios flujos paralelos 4K, chats de v&iacute;deo, descargas y aplicaciones en la nube no son un problema para el FRITZ!Box 7530 AX con Wi-Fi 6. Equipado con &quot;VDSL Supervervectoring 35b&quot; ya est&aacute; preparado para el futuro, el FRITZ!Box permite velocidades en Internet de hasta 300 Mbps. LAN Gigabit, USB y la centralita VoIP con estaci&oacute;n base DECT, as&iacute; como un puerto para la conexi&oacute;n de un tel&eacute;fono anal&oacute;gico, complementan la oferta si, yo tampoco se porque vers&aacute;til de comunicaci&oacute;n.<br \/>&nbsp;<\/p>\n<table width=\"100%\">\n<tr>\n<td><strong>Marca<\/strong><\/td>\n<td>Fritz!<\/td>\n<\/tr>\n<tr>\n<td><strong>Modelo<\/strong><\/td>\n<td><strong>20002944<\/strong><\/td>\n<\/tr>\n<tr>\n<td><strong>Caracteristicas<\/strong><\/td>\n<td>&#8211; Adecuado para todas las conexiones basadas en IP (ADSL y VDSL)<br \/>\t\t\t&#8211; Velocidades de Internet de hasta 300 Mbps<br \/>\t\t\t&#8211; Navegaci&oacute;n segura con cortafuegos activado de f&aacute;brica<br \/>\t\t\t&#8211; Acceso a Internet tambi&eacute;n a trav&eacute;s de LTE (4G) o de un m&oacute;dem UMTS (3G)<br \/>\t\t\t&#8211; Acceso remoto seguro a la red local o de la empresa a trav&eacute;s de VPN<br \/>\t\t\t<strong>Wi-Fi<\/strong><br \/>\t\t\t&#8211; Innovador Wi-Fi 6 (WLAN AX) dise&ntilde;ado para una red local exigente conm&uacute;ltiples dispositivos Wi-Fi conectados.<br \/>\t\t\t&#8211; M&aacute;ximo alcance y transmisi&oacute;n veloz con 1 800 Mbps (5 GHz) y 600 Mbps (2,4GHz)<br \/>\t\t\t&#8211; Funcionamiento como base Mesh: el FRITZ!Box combina puntos de acceso Wi-Fi distribuidos (por ejemplo, el FRITZ!Repeater) en una &uacute;nica base.<br \/>\t\t\t&#8211; Cifrado de seguridad Wi-Fi seg&uacute;n el est&aacute;ndar WPA3; contrase&ntilde;a individual activada de f&aacute;brica.<br \/>\t\t\t&#8211; Conexi&oacute;n sencilla y segura de los nuevos dispositivos inal&aacute;mbricos en la red dom&eacute;stica con solo pulsar un bot&oacute;n (Connect).<br \/>\t\t\t<strong>Telefon&iacute;a<\/strong><br \/>\t\t\t&#8211; Centralita telef&oacute;nica VoIP con una amplia variedad de funciones adicionales para tel&eacute;fonos anal&oacute;gicos, DECT e IP.<br \/>\t\t\t&#8211; Estaci&oacute;n base DECT para hasta seis tel&eacute;fonos inal&aacute;mbricos (incluidos losmodelos FRITZ!Fon), tomas de corriente inteligentes y termostatos programables para radiadores FRITZ!DECT.<br \/>\t\t\t&#8211; Hasta 5 contestadores autom&aacute;ticos integrados que incluyen la funci&oacute;n de mensajes de voz a correo electr&oacute;nico &quot;voice-to-mail&quot;.<br \/>\t\t\t&#8211; Gesti&oacute;n de agendas de tel&eacute;fonos y posibilidad de integrar listados de contactos en l&iacute;nea como, por ejemplo, la agenda de contactos de Google.<br \/>\t\t\t&#8211; Funci&oacute;n de fax, incluso con reenv&iacute;o a trav&eacute;s de correo electr&oacute;nico (Fax-to-Mail).<br \/>\t\t\t&#8211; Posibilidad de apagar la transmisi&oacute;n DECT en modo de espera (DECT Eco).<br \/>\t\t\t<strong>FRITZ!OS<\/strong><br \/>\t\t\t&#8211; Interfaz de usuario sencilla y multiling&uuml;e para todos los ajustes<br \/>\t\t\t&#8211; Reproducci&oacute;n de m&uacute;sica, v&iacute;deos y fotos gracias al servidor multimedia integrado, por ejemplo, en una Smart TV<br \/>\t\t\t&#8211; Con MyFRITZ! podr&aacute; acceder de manera segura a su FRITZ!Box y al dispositivo de almacenamiento en red desde cualquier lugar del mundo<br \/>\t\t\t&#8211; Control parental con diferentes filtros, por ejemplo, para limitar temporalmente el acceso a Internet, bloquear ciertos sitios web o plataformas de intercambio<br \/>\t\t\t&#8211; Asignaci&oacute;n c&oacute;moda y segura del acceso de invitados (Wi-Fi y LAN)<br \/>\t\t\t&#8211; Nuevas funciones disponibles en todo momento mediante actualizaciones peri&oacute;dicas y la posibilidad de estar siempre al d&iacute;a con la actualizaci&oacute;n autom&aacute;tica<br \/>\t\t\t&#8211; Ahorro de energ&iacute;a a trav&eacute;s de la desconexi&oacute;n temporizada de la red inal&aacute;mbrica y el ajuste de la potencia de la red LAN (&quot;Green Mode&quot;)<br \/>\t\t\t<strong>Conexiones<\/strong><br \/>\t\t\t&#8211; 1 potente puerto USB para dispositivos de almacenamiento (NAS), impresoras de red y dispositivos para la conexi&oacute;n a la red de telefon&iacute;a m&oacute;vil Comunicaci&oacute;n del lanzamiento del AVM FRITZ!Box 7530 AX Edition International, 04.08.2021 3<br \/>\t\t\t&#8211; 4 puertos LAN Gigabit veloces para ordenadores, televisores y otros dispositivos de red<br \/>\t\t\t&#8211; 1 conexi&oacute;n telef&oacute;nica anal&oacute;gica<br \/>\t\t\t<strong>AVM FRITZ!Box 7530 AX, ideal en combinaci&oacute;n con:<\/strong><br \/>\t\t\t&#8211; FRITZ!Fon<br \/>\t\t\t&#8211; FRITZ!DECT<br \/>\t\t\t&#8211; FRITZ! Repeater<br \/>\t\t\t&#8211; FRITZ!Powerline<br \/>\t\t\t&#8211; FRITZ!WLAN Stick<br \/>\t\t\t&#8211; FRITZ!Apps<\/td>\n<\/tr>\n<tr>\n<td><strong>Fecha de revisi&oacute;n<\/strong><\/td>\n<td>05-08-2021 por YMC<\/td>\n<\/tr>\n<\/table>\n","protected":false},"excerpt":{"rendered":"<p>El FRITZ!Box 7530 AX con el innovador est&aacute;ndar Wi-Fi 6 (WLAN AX) proporciona un Wi-Fi r&aacute;pido y estable a la red local. El nuevo Wi-Fi 6 (WLAN AX) es significativamente m&aacute;s r&aacute;pido, m&aacute;s eficiente y m&aacute;s fiable: varios flujos paralelos 4K, chats de v&iacute;deo, descargas y aplicaciones en la nube no son un problema para&hellip;&nbsp;<a href=\"https:\/\/aivlisoft.net\/shop\/producto\/fritz-box7530-router-ax-wifi6-mesh-dualband\/\" rel=\"bookmark\"><span class=\"screen-reader-text\">FRITZ! Box7530 Router AX WiFi6 Mesh DualBand<\/span><\/a><\/p>\n","protected":false},"featured_media":19052,"template":"","meta":{"neve_meta_sidebar":"","neve_meta_container":"","neve_meta_enable_content_width":"","neve_meta_content_width":0,"neve_meta_title_alignment":"","neve_meta_author_avatar":"","neve_post_elements_order":"","neve_meta_disable_header":"","neve_meta_disable_footer":"","neve_meta_disable_title":""},"product_brand":[],"product_cat":[15,8768,6832],"product_tag":[6909],"class_list":{"0":"post-19051","1":"product","2":"type-product","3":"status-publish","4":"has-post-thumbnail","6":"product_cat-sin-categorizar","7":"product_cat-routers-adsl","8":"product_cat-routers-modems","9":"product_tag-6909","11":"first","12":"instock","13":"taxable","14":"shipping-taxable","15":"purchasable","16":"product-type-simple"},"yoast_head":"<!-- This site is optimized with the Yoast SEO plugin v26.0 - https:\/\/yoast.com\/wordpress\/plugins\/seo\/ -->\n<title>FRITZ! Box7530 Router AX WiFi6 Mesh DualBand - Aivlisoft Inform\u00e1tica<\/title>\n<meta name=\"robots\" content=\"index, follow, max-snippet:-1, max-image-preview:large, max-video-preview:-1\" \/>\n<link rel=\"canonical\" href=\"https:\/\/aivlisoft.net\/shop\/producto\/fritz-box7530-router-ax-wifi6-mesh-dualband\/\" \/>\n<meta property=\"og:locale\" content=\"es_ES\" \/>\n<meta property=\"og:type\" content=\"article\" \/>\n<meta property=\"og:title\" content=\"FRITZ! Box7530 Router AX WiFi6 Mesh DualBand - Aivlisoft Inform\u00e1tica\" \/>\n<meta property=\"og:description\" content=\"El FRITZ!Box 7530 AX con el innovador est&aacute;ndar Wi-Fi 6 (WLAN AX) proporciona un Wi-Fi r&aacute;pido y estable a la red local. El nuevo Wi-Fi 6 (WLAN AX) es significativamente m&aacute;s r&aacute;pido, m&aacute;s eficiente y m&aacute;s fiable: varios flujos paralelos 4K, chats de v&iacute;deo, descargas y aplicaciones en la nube no son un problema para&hellip;&nbsp;FRITZ! Box7530 Router AX WiFi6 Mesh DualBand\" \/>\n<meta property=\"og:url\" content=\"https:\/\/aivlisoft.net\/shop\/producto\/fritz-box7530-router-ax-wifi6-mesh-dualband\/\" \/>\n<meta property=\"og:site_name\" content=\"Aivlisoft Inform\u00e1tica\" \/>\n<meta property=\"article:modified_time\" content=\"2025-01-14T19:59:54+00:00\" \/>\n<meta property=\"og:image\" content=\"https:\/\/aivlisoft.net\/shop\/wp-content\/uploads\/2025\/01\/NROINA0327_800.jpg\" \/>\n\t<meta property=\"og:image:width\" content=\"800\" \/>\n\t<meta property=\"og:image:height\" content=\"800\" \/>\n\t<meta property=\"og:image:type\" content=\"image\/jpeg\" \/>\n<meta name=\"twitter:card\" content=\"summary_large_image\" \/>\n<meta name=\"twitter:label1\" content=\"Tiempo de lectura\" \/>\n\t<meta name=\"twitter:data1\" content=\"4 minutos\" \/>\n<script type=\"application\/ld+json\" class=\"yoast-schema-graph\">{\"@context\":\"https:\/\/schema.org\",\"@graph\":[{\"@type\":\"WebPage\",\"@id\":\"https:\/\/aivlisoft.net\/shop\/producto\/fritz-box7530-router-ax-wifi6-mesh-dualband\/\",\"url\":\"https:\/\/aivlisoft.net\/shop\/producto\/fritz-box7530-router-ax-wifi6-mesh-dualband\/\",\"name\":\"FRITZ! Box7530 Router AX WiFi6 Mesh DualBand - Aivlisoft Inform\u00e1tica\",\"isPartOf\":{\"@id\":\"https:\/\/aivlisoft.net\/shop\/#website\"},\"primaryImageOfPage\":{\"@id\":\"https:\/\/aivlisoft.net\/shop\/producto\/fritz-box7530-router-ax-wifi6-mesh-dualband\/#primaryimage\"},\"image\":{\"@id\":\"https:\/\/aivlisoft.net\/shop\/producto\/fritz-box7530-router-ax-wifi6-mesh-dualband\/#primaryimage\"},\"thumbnailUrl\":\"https:\/\/aivlisoft.net\/shop\/wp-content\/uploads\/2025\/01\/NROINA0327_800.jpg\",\"datePublished\":\"2025-01-13T15:28:24+00:00\",\"dateModified\":\"2025-01-14T19:59:54+00:00\",\"breadcrumb\":{\"@id\":\"https:\/\/aivlisoft.net\/shop\/producto\/fritz-box7530-router-ax-wifi6-mesh-dualband\/#breadcrumb\"},\"inLanguage\":\"es\",\"potentialAction\":[{\"@type\":\"ReadAction\",\"target\":[\"https:\/\/aivlisoft.net\/shop\/producto\/fritz-box7530-router-ax-wifi6-mesh-dualband\/\"]}]},{\"@type\":\"ImageObject\",\"inLanguage\":\"es\",\"@id\":\"https:\/\/aivlisoft.net\/shop\/producto\/fritz-box7530-router-ax-wifi6-mesh-dualband\/#primaryimage\",\"url\":\"https:\/\/aivlisoft.net\/shop\/wp-content\/uploads\/2025\/01\/NROINA0327_800.jpg\",\"contentUrl\":\"https:\/\/aivlisoft.net\/shop\/wp-content\/uploads\/2025\/01\/NROINA0327_800.jpg\",\"width\":800,\"height\":800},{\"@type\":\"BreadcrumbList\",\"@id\":\"https:\/\/aivlisoft.net\/shop\/producto\/fritz-box7530-router-ax-wifi6-mesh-dualband\/#breadcrumb\",\"itemListElement\":[{\"@type\":\"ListItem\",\"position\":1,\"name\":\"Portada\",\"item\":\"https:\/\/aivlisoft.net\/shop\/\"},{\"@type\":\"ListItem\",\"position\":2,\"name\":\"Tienda\",\"item\":\"https:\/\/aivlisoft.net\/shop\/tienda\/\"},{\"@type\":\"ListItem\",\"position\":3,\"name\":\"FRITZ! Box7530 Router AX WiFi6 Mesh DualBand\"}]},{\"@type\":\"WebSite\",\"@id\":\"https:\/\/aivlisoft.net\/shop\/#website\",\"url\":\"https:\/\/aivlisoft.net\/shop\/\",\"name\":\"Aivlisoft Inform\u00e1tica\",\"description\":\"En Aivlisoft Inform\u00e1tica ofrecemos soluciones tecnol\u00f3gicas para empresas: venta de ordenadores, consumibles, perif\u00e9ricos y m\u00e1s. Calidad, atenci\u00f3n personalizada y los mejores precios para tu negocio.\",\"publisher\":{\"@id\":\"https:\/\/aivlisoft.net\/shop\/#organization\"},\"potentialAction\":[{\"@type\":\"SearchAction\",\"target\":{\"@type\":\"EntryPoint\",\"urlTemplate\":\"https:\/\/aivlisoft.net\/shop\/?s={search_term_string}\"},\"query-input\":{\"@type\":\"PropertyValueSpecification\",\"valueRequired\":true,\"valueName\":\"search_term_string\"}}],\"inLanguage\":\"es\"},{\"@type\":\"Organization\",\"@id\":\"https:\/\/aivlisoft.net\/shop\/#organization\",\"name\":\"Aivlisoft Inform\u00e1tica\",\"url\":\"https:\/\/aivlisoft.net\/shop\/\",\"logo\":{\"@type\":\"ImageObject\",\"inLanguage\":\"es\",\"@id\":\"https:\/\/aivlisoft.net\/shop\/#\/schema\/logo\/image\/\",\"url\":\"https:\/\/aivlisoft.net\/shop\/wp-content\/uploads\/2024\/12\/removal.ai_5b848c54-0cdf-4140-95c5-c5536bb7573b-logodef.png\",\"contentUrl\":\"https:\/\/aivlisoft.net\/shop\/wp-content\/uploads\/2024\/12\/removal.ai_5b848c54-0cdf-4140-95c5-c5536bb7573b-logodef.png\",\"width\":484,\"height\":182,\"caption\":\"Aivlisoft Inform\u00e1tica\"},\"image\":{\"@id\":\"https:\/\/aivlisoft.net\/shop\/#\/schema\/logo\/image\/\"}}]}<\/script>\n<!-- \/ Yoast SEO plugin. -->","yoast_head_json":{"title":"FRITZ! Box7530 Router AX WiFi6 Mesh DualBand - Aivlisoft Inform\u00e1tica","robots":{"index":"index","follow":"follow","max-snippet":"max-snippet:-1","max-image-preview":"max-image-preview:large","max-video-preview":"max-video-preview:-1"},"canonical":"https:\/\/aivlisoft.net\/shop\/producto\/fritz-box7530-router-ax-wifi6-mesh-dualband\/","og_locale":"es_ES","og_type":"article","og_title":"FRITZ! Box7530 Router AX WiFi6 Mesh DualBand - Aivlisoft Inform\u00e1tica","og_description":"El FRITZ!Box 7530 AX con el innovador est&aacute;ndar Wi-Fi 6 (WLAN AX) proporciona un Wi-Fi r&aacute;pido y estable a la red local. El nuevo Wi-Fi 6 (WLAN AX) es significativamente m&aacute;s r&aacute;pido, m&aacute;s eficiente y m&aacute;s fiable: varios flujos paralelos 4K, chats de v&iacute;deo, descargas y aplicaciones en la nube no son un problema para&hellip;&nbsp;FRITZ! Box7530 Router AX WiFi6 Mesh DualBand","og_url":"https:\/\/aivlisoft.net\/shop\/producto\/fritz-box7530-router-ax-wifi6-mesh-dualband\/","og_site_name":"Aivlisoft Inform\u00e1tica","article_modified_time":"2025-01-14T19:59:54+00:00","og_image":[{"width":800,"height":800,"url":"https:\/\/aivlisoft.net\/shop\/wp-content\/uploads\/2025\/01\/NROINA0327_800.jpg","type":"image\/jpeg"}],"twitter_card":"summary_large_image","twitter_misc":{"Tiempo de lectura":"4 minutos"},"schema":{"@context":"https:\/\/schema.org","@graph":[{"@type":"WebPage","@id":"https:\/\/aivlisoft.net\/shop\/producto\/fritz-box7530-router-ax-wifi6-mesh-dualband\/","url":"https:\/\/aivlisoft.net\/shop\/producto\/fritz-box7530-router-ax-wifi6-mesh-dualband\/","name":"FRITZ! Box7530 Router AX WiFi6 Mesh DualBand - Aivlisoft Inform\u00e1tica","isPartOf":{"@id":"https:\/\/aivlisoft.net\/shop\/#website"},"primaryImageOfPage":{"@id":"https:\/\/aivlisoft.net\/shop\/producto\/fritz-box7530-router-ax-wifi6-mesh-dualband\/#primaryimage"},"image":{"@id":"https:\/\/aivlisoft.net\/shop\/producto\/fritz-box7530-router-ax-wifi6-mesh-dualband\/#primaryimage"},"thumbnailUrl":"https:\/\/aivlisoft.net\/shop\/wp-content\/uploads\/2025\/01\/NROINA0327_800.jpg","datePublished":"2025-01-13T15:28:24+00:00","dateModified":"2025-01-14T19:59:54+00:00","breadcrumb":{"@id":"https:\/\/aivlisoft.net\/shop\/producto\/fritz-box7530-router-ax-wifi6-mesh-dualband\/#breadcrumb"},"inLanguage":"es","potentialAction":[{"@type":"ReadAction","target":["https:\/\/aivlisoft.net\/shop\/producto\/fritz-box7530-router-ax-wifi6-mesh-dualband\/"]}]},{"@type":"ImageObject","inLanguage":"es","@id":"https:\/\/aivlisoft.net\/shop\/producto\/fritz-box7530-router-ax-wifi6-mesh-dualband\/#primaryimage","url":"https:\/\/aivlisoft.net\/shop\/wp-content\/uploads\/2025\/01\/NROINA0327_800.jpg","contentUrl":"https:\/\/aivlisoft.net\/shop\/wp-content\/uploads\/2025\/01\/NROINA0327_800.jpg","width":800,"height":800},{"@type":"BreadcrumbList","@id":"https:\/\/aivlisoft.net\/shop\/producto\/fritz-box7530-router-ax-wifi6-mesh-dualband\/#breadcrumb","itemListElement":[{"@type":"ListItem","position":1,"name":"Portada","item":"https:\/\/aivlisoft.net\/shop\/"},{"@type":"ListItem","position":2,"name":"Tienda","item":"https:\/\/aivlisoft.net\/shop\/tienda\/"},{"@type":"ListItem","position":3,"name":"FRITZ! Box7530 Router AX WiFi6 Mesh DualBand"}]},{"@type":"WebSite","@id":"https:\/\/aivlisoft.net\/shop\/#website","url":"https:\/\/aivlisoft.net\/shop\/","name":"Aivlisoft Inform\u00e1tica","description":"En Aivlisoft Inform\u00e1tica ofrecemos soluciones tecnol\u00f3gicas para empresas: venta de ordenadores, consumibles, perif\u00e9ricos y m\u00e1s. Calidad, atenci\u00f3n personalizada y los mejores precios para tu negocio.","publisher":{"@id":"https:\/\/aivlisoft.net\/shop\/#organization"},"potentialAction":[{"@type":"SearchAction","target":{"@type":"EntryPoint","urlTemplate":"https:\/\/aivlisoft.net\/shop\/?s={search_term_string}"},"query-input":{"@type":"PropertyValueSpecification","valueRequired":true,"valueName":"search_term_string"}}],"inLanguage":"es"},{"@type":"Organization","@id":"https:\/\/aivlisoft.net\/shop\/#organization","name":"Aivlisoft Inform\u00e1tica","url":"https:\/\/aivlisoft.net\/shop\/","logo":{"@type":"ImageObject","inLanguage":"es","@id":"https:\/\/aivlisoft.net\/shop\/#\/schema\/logo\/image\/","url":"https:\/\/aivlisoft.net\/shop\/wp-content\/uploads\/2024\/12\/removal.ai_5b848c54-0cdf-4140-95c5-c5536bb7573b-logodef.png","contentUrl":"https:\/\/aivlisoft.net\/shop\/wp-content\/uploads\/2024\/12\/removal.ai_5b848c54-0cdf-4140-95c5-c5536bb7573b-logodef.png","width":484,"height":182,"caption":"Aivlisoft Inform\u00e1tica"},"image":{"@id":"https:\/\/aivlisoft.net\/shop\/#\/schema\/logo\/image\/"}}]}},"_links":{"self":[{"href":"https:\/\/aivlisoft.net\/shop\/wp-json\/wp\/v2\/product\/19051","targetHints":{"allow":["GET"]}}],"collection":[{"href":"https:\/\/aivlisoft.net\/shop\/wp-json\/wp\/v2\/product"}],"about":[{"href":"https:\/\/aivlisoft.net\/shop\/wp-json\/wp\/v2\/types\/product"}],"wp:featuredmedia":[{"embeddable":true,"href":"https:\/\/aivlisoft.net\/shop\/wp-json\/wp\/v2\/media\/19052"}],"wp:attachment":[{"href":"https:\/\/aivlisoft.net\/shop\/wp-json\/wp\/v2\/media?parent=19051"}],"wp:term":[{"taxonomy":"product_brand","embeddable":true,"href":"https:\/\/aivlisoft.net\/shop\/wp-json\/wp\/v2\/product_brand?post=19051"},{"taxonomy":"product_cat","embeddable":true,"href":"https:\/\/aivlisoft.net\/shop\/wp-json\/wp\/v2\/product_cat?post=19051"},{"taxonomy":"product_tag","embeddable":true,"href":"https:\/\/aivlisoft.net\/shop\/wp-json\/wp\/v2\/product_tag?post=19051"}],"curies":[{"name":"wp","href":"https:\/\/api.w.org\/{rel}","templated":true}]}}