{"id":19047,"date":"2025-01-13T15:28:22","date_gmt":"2025-01-13T15:28:22","guid":{"rendered":"https:\/\/aivlisoft.com\/?post_type=product&#038;p=19047"},"modified":"2025-01-14T19:59:54","modified_gmt":"2025-01-14T19:59:54","slug":"mikrotik-knot-router-iot-wifi-2-4ghz-bt5-0-2x100-m","status":"publish","type":"product","link":"https:\/\/aivlisoft.net\/shop\/producto\/mikrotik-knot-router-iot-wifi-2-4ghz-bt5-0-2x100-m\/","title":{"rendered":"Mikrotik KNOT Router IoT WiFi 2.4Ghz BT5.0 2X100 M"},"content":{"rendered":"<p><\/p>\n<table class=\"tabla_caracteristicas k-table\" width=\"100%\">\n<tr>\n<td><strong>Marca<\/strong><\/td>\n<td>Mikrotik<\/td>\n<\/tr>\n<tr>\n<td><strong>Modelo<\/strong><\/td>\n<td><strong>RB924i-2nD-BT5&amp;BG77<\/strong><\/td>\n<\/tr>\n<tr>\n<td><strong>Caracter&iacute;sticas<\/strong><\/td>\n<td>&#8211; Dimensiones: 122 x 87 x 26 mm<br \/>\t\t\t&#8211; CPU: QCA9531<br \/>\t\t\t&#8211; Sistema operativo: RouterOS<br \/>\t\t\t&#8211; Frecuencia nominal: 650 MHz<br \/>\t\t\t&#8211; Tama&ntilde;o de RAM: 64 MB<br \/>\t\t\t&#8211; Tama&ntilde;o almacenamiento: 16 MB<br \/>\t\t\t&#8211; Tipo de almacenamiento: FLASH<br \/>\t\t\t&#8211; Temperatura ambiente probada: -40 &deg;C a 70 &deg;C<br \/>\t\t\t&#8211; MTBF: Aproximadamente 100.000 horas a 25 &deg;C<br \/>\t\t\t<strong>Salida PoE<\/strong><br \/>\t\t\t&#8211; Puertos: Ether 2<br \/>\t\t\t&#8211; Salida PoE: 802.3af \/ at<br \/>\t\t\t&#8211; Potencia de salida total: 12W<br \/>\t\t\t&#8211; Puertos Ethernet 10\/100: 2<br \/>\t\t\t<strong>Perif&eacute;ricos<\/strong><br \/>\t\t\t&#8211; N&uacute;mero de ranuras SIM: 1 M&oacute;dem (Nano SIM)<br \/>\t\t\t&#8211; Puerto de consola: serie RS485<br \/>\t\t\t&#8211; N&uacute;mero de puertos USB: 1<br \/>\t\t\t&#8211; Tipo de ranura USB: microUSB tipo AB<br \/>\t\t\t&#8211; Corriente USB m&aacute;xima (A): 1<\/td>\n<\/tr>\n<tr>\n<td><strong>Capacidad inal&aacute;mbrica<\/strong><\/td>\n<td>&#8211; Velocidad de datos m&aacute;xima inal&aacute;mbrica de 2,4 GHz: 300 Mbit \/ s<br \/>\t\t\t&#8211; N&uacute;mero de cadenas inal&aacute;mbricas de 2,4 GHz: 2<br \/>\t\t\t&#8211; Est&aacute;ndares inal&aacute;mbricos de 2,4 GHz: 802.11b\/g\/n<br \/>\t\t\t&#8211; Ganancia de antena dBi para 2,4 GHz: 1,5<br \/>\t\t\t&#8211; Modelo de chip inal&aacute;mbrico de 2,4 GHz: QCA9531<br \/>\t\t\t&#8211; Wi-Fi 4 de generaci&oacute;n inal&aacute;mbrica de 2,4 GHz<\/td>\n<\/tr>\n<tr>\n<td><strong>Alimentaci&oacute;n<\/strong><\/td>\n<td>&#8211; PoE en voltaje de entrada: 12-57 V<br \/>\t\t\t&#8211; Voltaje de entrada microUSB:&nbsp; 5-5 V<br \/>\t\t\t&#8211; N&uacute;mero de entradas de CC: 3 (conector de CC, PoE-IN, MicroUSB)<br \/>\t\t\t&#8211; Voltaje de entrada de la toma de CC: 12-57 V<br \/>\t\t\t&#8211; Consumo m&aacute;ximo de energ&iacute;a: 18 W<br \/>\t\t\t&#8211; Consumo m&aacute;ximo de energ&iacute;a sin accesorios: 5 W<br \/>\t\t\t&#8211; Recuento de ventiladores: Pasivo<br \/>\t\t\t<strong>Otros<\/strong><br \/>\t\t\t&#8211; Monitor de temperatura de PCB<br \/>\t\t\t&#8211; Monitor de voltaje<br \/>\t\t\t&#8211; Versi&oacute;n de Bluetooth: 5.2<br \/>\t\t\t&#8211; Tipo de conector RF Bluetooth: uUFL<br \/>\t\t\t&#8211; Est&aacute;ndares: GNSS GPS \/ GLONASS \/ BEIDOU \/ GALILEO<br \/>\t\t\t&#8211; Conector GPS RF tipo: SMA<\/td>\n<\/tr>\n<tr>\n<td><strong>Fecha de revisi&oacute;n<\/strong><\/td>\n<td>23-04-2021 por MPM<\/td>\n<\/tr>\n<\/table>\n","protected":false},"excerpt":{"rendered":"<p>Marca Mikrotik Modelo RB924i-2nD-BT5&amp;BG77 Caracter&iacute;sticas &#8211; Dimensiones: 122 x 87 x 26 mm &#8211; CPU: QCA9531 &#8211; Sistema operativo: RouterOS &#8211; Frecuencia nominal: 650 MHz &#8211; Tama&ntilde;o de RAM: 64 MB &#8211; Tama&ntilde;o almacenamiento: 16 MB &#8211; Tipo de almacenamiento: FLASH &#8211; Temperatura ambiente probada: -40 &deg;C a 70 &deg;C &#8211; MTBF: Aproximadamente 100.000 horas&hellip;&nbsp;<a href=\"https:\/\/aivlisoft.net\/shop\/producto\/mikrotik-knot-router-iot-wifi-2-4ghz-bt5-0-2x100-m\/\" rel=\"bookmark\"><span class=\"screen-reader-text\">Mikrotik KNOT Router IoT WiFi 2.4Ghz BT5.0 2X100 M<\/span><\/a><\/p>\n","protected":false},"featured_media":19048,"template":"","meta":{"neve_meta_sidebar":"","neve_meta_container":"","neve_meta_enable_content_width":"","neve_meta_content_width":0,"neve_meta_title_alignment":"","neve_meta_author_avatar":"","neve_post_elements_order":"","neve_meta_disable_header":"","neve_meta_disable_footer":"","neve_meta_disable_title":""},"product_brand":[],"product_cat":[15,8768,6832],"product_tag":[6908],"class_list":{"0":"post-19047","1":"product","2":"type-product","3":"status-publish","4":"has-post-thumbnail","6":"product_cat-sin-categorizar","7":"product_cat-routers-adsl","8":"product_cat-routers-modems","9":"product_tag-rb924i-2nd-bt5bg77","11":"first","12":"instock","13":"taxable","14":"shipping-taxable","15":"purchasable","16":"product-type-simple"},"yoast_head":"<!-- This site is optimized with the Yoast SEO plugin v26.0 - https:\/\/yoast.com\/wordpress\/plugins\/seo\/ -->\n<title>Mikrotik KNOT Router IoT WiFi 2.4Ghz BT5.0 2X100 M - Aivlisoft Inform\u00e1tica<\/title>\n<meta name=\"robots\" content=\"index, follow, max-snippet:-1, max-image-preview:large, max-video-preview:-1\" \/>\n<link rel=\"canonical\" href=\"https:\/\/aivlisoft.net\/shop\/producto\/mikrotik-knot-router-iot-wifi-2-4ghz-bt5-0-2x100-m\/\" \/>\n<meta property=\"og:locale\" content=\"es_ES\" \/>\n<meta property=\"og:type\" content=\"article\" \/>\n<meta property=\"og:title\" content=\"Mikrotik KNOT Router IoT WiFi 2.4Ghz BT5.0 2X100 M - Aivlisoft Inform\u00e1tica\" \/>\n<meta property=\"og:description\" content=\"Marca Mikrotik Modelo RB924i-2nD-BT5&amp;BG77 Caracter&iacute;sticas &#8211; Dimensiones: 122 x 87 x 26 mm &#8211; CPU: QCA9531 &#8211; Sistema operativo: RouterOS &#8211; Frecuencia nominal: 650 MHz &#8211; Tama&ntilde;o de RAM: 64 MB &#8211; Tama&ntilde;o almacenamiento: 16 MB &#8211; Tipo de almacenamiento: FLASH &#8211; Temperatura ambiente probada: -40 &deg;C a 70 &deg;C &#8211; MTBF: Aproximadamente 100.000 horas&hellip;&nbsp;Mikrotik KNOT Router IoT WiFi 2.4Ghz BT5.0 2X100 M\" \/>\n<meta property=\"og:url\" content=\"https:\/\/aivlisoft.net\/shop\/producto\/mikrotik-knot-router-iot-wifi-2-4ghz-bt5-0-2x100-m\/\" \/>\n<meta property=\"og:site_name\" content=\"Aivlisoft Inform\u00e1tica\" \/>\n<meta property=\"article:modified_time\" content=\"2025-01-14T19:59:54+00:00\" \/>\n<meta property=\"og:image\" content=\"https:\/\/aivlisoft.net\/shop\/wp-content\/uploads\/2025\/01\/NROINA0326_800.jpg\" \/>\n\t<meta property=\"og:image:width\" content=\"800\" \/>\n\t<meta property=\"og:image:height\" content=\"800\" \/>\n\t<meta property=\"og:image:type\" content=\"image\/jpeg\" \/>\n<meta name=\"twitter:card\" content=\"summary_large_image\" \/>\n<meta name=\"twitter:label1\" content=\"Tiempo de lectura\" \/>\n\t<meta name=\"twitter:data1\" content=\"2 minutos\" \/>\n<script type=\"application\/ld+json\" class=\"yoast-schema-graph\">{\"@context\":\"https:\/\/schema.org\",\"@graph\":[{\"@type\":\"WebPage\",\"@id\":\"https:\/\/aivlisoft.net\/shop\/producto\/mikrotik-knot-router-iot-wifi-2-4ghz-bt5-0-2x100-m\/\",\"url\":\"https:\/\/aivlisoft.net\/shop\/producto\/mikrotik-knot-router-iot-wifi-2-4ghz-bt5-0-2x100-m\/\",\"name\":\"Mikrotik KNOT Router IoT WiFi 2.4Ghz BT5.0 2X100 M - Aivlisoft Inform\u00e1tica\",\"isPartOf\":{\"@id\":\"https:\/\/aivlisoft.net\/shop\/#website\"},\"primaryImageOfPage\":{\"@id\":\"https:\/\/aivlisoft.net\/shop\/producto\/mikrotik-knot-router-iot-wifi-2-4ghz-bt5-0-2x100-m\/#primaryimage\"},\"image\":{\"@id\":\"https:\/\/aivlisoft.net\/shop\/producto\/mikrotik-knot-router-iot-wifi-2-4ghz-bt5-0-2x100-m\/#primaryimage\"},\"thumbnailUrl\":\"https:\/\/aivlisoft.net\/shop\/wp-content\/uploads\/2025\/01\/NROINA0326_800.jpg\",\"datePublished\":\"2025-01-13T15:28:22+00:00\",\"dateModified\":\"2025-01-14T19:59:54+00:00\",\"breadcrumb\":{\"@id\":\"https:\/\/aivlisoft.net\/shop\/producto\/mikrotik-knot-router-iot-wifi-2-4ghz-bt5-0-2x100-m\/#breadcrumb\"},\"inLanguage\":\"es\",\"potentialAction\":[{\"@type\":\"ReadAction\",\"target\":[\"https:\/\/aivlisoft.net\/shop\/producto\/mikrotik-knot-router-iot-wifi-2-4ghz-bt5-0-2x100-m\/\"]}]},{\"@type\":\"ImageObject\",\"inLanguage\":\"es\",\"@id\":\"https:\/\/aivlisoft.net\/shop\/producto\/mikrotik-knot-router-iot-wifi-2-4ghz-bt5-0-2x100-m\/#primaryimage\",\"url\":\"https:\/\/aivlisoft.net\/shop\/wp-content\/uploads\/2025\/01\/NROINA0326_800.jpg\",\"contentUrl\":\"https:\/\/aivlisoft.net\/shop\/wp-content\/uploads\/2025\/01\/NROINA0326_800.jpg\",\"width\":800,\"height\":800},{\"@type\":\"BreadcrumbList\",\"@id\":\"https:\/\/aivlisoft.net\/shop\/producto\/mikrotik-knot-router-iot-wifi-2-4ghz-bt5-0-2x100-m\/#breadcrumb\",\"itemListElement\":[{\"@type\":\"ListItem\",\"position\":1,\"name\":\"Portada\",\"item\":\"https:\/\/aivlisoft.net\/shop\/\"},{\"@type\":\"ListItem\",\"position\":2,\"name\":\"Tienda\",\"item\":\"https:\/\/aivlisoft.net\/shop\/tienda\/\"},{\"@type\":\"ListItem\",\"position\":3,\"name\":\"Mikrotik KNOT Router IoT WiFi 2.4Ghz BT5.0 2X100 M\"}]},{\"@type\":\"WebSite\",\"@id\":\"https:\/\/aivlisoft.net\/shop\/#website\",\"url\":\"https:\/\/aivlisoft.net\/shop\/\",\"name\":\"Aivlisoft Inform\u00e1tica\",\"description\":\"En Aivlisoft Inform\u00e1tica ofrecemos soluciones tecnol\u00f3gicas para empresas: venta de ordenadores, consumibles, perif\u00e9ricos y m\u00e1s. Calidad, atenci\u00f3n personalizada y los mejores precios para tu negocio.\",\"publisher\":{\"@id\":\"https:\/\/aivlisoft.net\/shop\/#organization\"},\"potentialAction\":[{\"@type\":\"SearchAction\",\"target\":{\"@type\":\"EntryPoint\",\"urlTemplate\":\"https:\/\/aivlisoft.net\/shop\/?s={search_term_string}\"},\"query-input\":{\"@type\":\"PropertyValueSpecification\",\"valueRequired\":true,\"valueName\":\"search_term_string\"}}],\"inLanguage\":\"es\"},{\"@type\":\"Organization\",\"@id\":\"https:\/\/aivlisoft.net\/shop\/#organization\",\"name\":\"Aivlisoft Inform\u00e1tica\",\"url\":\"https:\/\/aivlisoft.net\/shop\/\",\"logo\":{\"@type\":\"ImageObject\",\"inLanguage\":\"es\",\"@id\":\"https:\/\/aivlisoft.net\/shop\/#\/schema\/logo\/image\/\",\"url\":\"https:\/\/aivlisoft.net\/shop\/wp-content\/uploads\/2024\/12\/removal.ai_5b848c54-0cdf-4140-95c5-c5536bb7573b-logodef.png\",\"contentUrl\":\"https:\/\/aivlisoft.net\/shop\/wp-content\/uploads\/2024\/12\/removal.ai_5b848c54-0cdf-4140-95c5-c5536bb7573b-logodef.png\",\"width\":484,\"height\":182,\"caption\":\"Aivlisoft Inform\u00e1tica\"},\"image\":{\"@id\":\"https:\/\/aivlisoft.net\/shop\/#\/schema\/logo\/image\/\"}}]}<\/script>\n<!-- \/ Yoast SEO plugin. -->","yoast_head_json":{"title":"Mikrotik KNOT Router IoT WiFi 2.4Ghz BT5.0 2X100 M - Aivlisoft Inform\u00e1tica","robots":{"index":"index","follow":"follow","max-snippet":"max-snippet:-1","max-image-preview":"max-image-preview:large","max-video-preview":"max-video-preview:-1"},"canonical":"https:\/\/aivlisoft.net\/shop\/producto\/mikrotik-knot-router-iot-wifi-2-4ghz-bt5-0-2x100-m\/","og_locale":"es_ES","og_type":"article","og_title":"Mikrotik KNOT Router IoT WiFi 2.4Ghz BT5.0 2X100 M - Aivlisoft Inform\u00e1tica","og_description":"Marca Mikrotik Modelo RB924i-2nD-BT5&amp;BG77 Caracter&iacute;sticas &#8211; Dimensiones: 122 x 87 x 26 mm &#8211; CPU: QCA9531 &#8211; Sistema operativo: RouterOS &#8211; Frecuencia nominal: 650 MHz &#8211; Tama&ntilde;o de RAM: 64 MB &#8211; Tama&ntilde;o almacenamiento: 16 MB &#8211; Tipo de almacenamiento: FLASH &#8211; Temperatura ambiente probada: -40 &deg;C a 70 &deg;C &#8211; MTBF: Aproximadamente 100.000 horas&hellip;&nbsp;Mikrotik KNOT Router IoT WiFi 2.4Ghz BT5.0 2X100 M","og_url":"https:\/\/aivlisoft.net\/shop\/producto\/mikrotik-knot-router-iot-wifi-2-4ghz-bt5-0-2x100-m\/","og_site_name":"Aivlisoft Inform\u00e1tica","article_modified_time":"2025-01-14T19:59:54+00:00","og_image":[{"width":800,"height":800,"url":"https:\/\/aivlisoft.net\/shop\/wp-content\/uploads\/2025\/01\/NROINA0326_800.jpg","type":"image\/jpeg"}],"twitter_card":"summary_large_image","twitter_misc":{"Tiempo de lectura":"2 minutos"},"schema":{"@context":"https:\/\/schema.org","@graph":[{"@type":"WebPage","@id":"https:\/\/aivlisoft.net\/shop\/producto\/mikrotik-knot-router-iot-wifi-2-4ghz-bt5-0-2x100-m\/","url":"https:\/\/aivlisoft.net\/shop\/producto\/mikrotik-knot-router-iot-wifi-2-4ghz-bt5-0-2x100-m\/","name":"Mikrotik KNOT Router IoT WiFi 2.4Ghz BT5.0 2X100 M - Aivlisoft Inform\u00e1tica","isPartOf":{"@id":"https:\/\/aivlisoft.net\/shop\/#website"},"primaryImageOfPage":{"@id":"https:\/\/aivlisoft.net\/shop\/producto\/mikrotik-knot-router-iot-wifi-2-4ghz-bt5-0-2x100-m\/#primaryimage"},"image":{"@id":"https:\/\/aivlisoft.net\/shop\/producto\/mikrotik-knot-router-iot-wifi-2-4ghz-bt5-0-2x100-m\/#primaryimage"},"thumbnailUrl":"https:\/\/aivlisoft.net\/shop\/wp-content\/uploads\/2025\/01\/NROINA0326_800.jpg","datePublished":"2025-01-13T15:28:22+00:00","dateModified":"2025-01-14T19:59:54+00:00","breadcrumb":{"@id":"https:\/\/aivlisoft.net\/shop\/producto\/mikrotik-knot-router-iot-wifi-2-4ghz-bt5-0-2x100-m\/#breadcrumb"},"inLanguage":"es","potentialAction":[{"@type":"ReadAction","target":["https:\/\/aivlisoft.net\/shop\/producto\/mikrotik-knot-router-iot-wifi-2-4ghz-bt5-0-2x100-m\/"]}]},{"@type":"ImageObject","inLanguage":"es","@id":"https:\/\/aivlisoft.net\/shop\/producto\/mikrotik-knot-router-iot-wifi-2-4ghz-bt5-0-2x100-m\/#primaryimage","url":"https:\/\/aivlisoft.net\/shop\/wp-content\/uploads\/2025\/01\/NROINA0326_800.jpg","contentUrl":"https:\/\/aivlisoft.net\/shop\/wp-content\/uploads\/2025\/01\/NROINA0326_800.jpg","width":800,"height":800},{"@type":"BreadcrumbList","@id":"https:\/\/aivlisoft.net\/shop\/producto\/mikrotik-knot-router-iot-wifi-2-4ghz-bt5-0-2x100-m\/#breadcrumb","itemListElement":[{"@type":"ListItem","position":1,"name":"Portada","item":"https:\/\/aivlisoft.net\/shop\/"},{"@type":"ListItem","position":2,"name":"Tienda","item":"https:\/\/aivlisoft.net\/shop\/tienda\/"},{"@type":"ListItem","position":3,"name":"Mikrotik KNOT Router IoT WiFi 2.4Ghz BT5.0 2X100 M"}]},{"@type":"WebSite","@id":"https:\/\/aivlisoft.net\/shop\/#website","url":"https:\/\/aivlisoft.net\/shop\/","name":"Aivlisoft Inform\u00e1tica","description":"En Aivlisoft Inform\u00e1tica ofrecemos soluciones tecnol\u00f3gicas para empresas: venta de ordenadores, consumibles, perif\u00e9ricos y m\u00e1s. Calidad, atenci\u00f3n personalizada y los mejores precios para tu negocio.","publisher":{"@id":"https:\/\/aivlisoft.net\/shop\/#organization"},"potentialAction":[{"@type":"SearchAction","target":{"@type":"EntryPoint","urlTemplate":"https:\/\/aivlisoft.net\/shop\/?s={search_term_string}"},"query-input":{"@type":"PropertyValueSpecification","valueRequired":true,"valueName":"search_term_string"}}],"inLanguage":"es"},{"@type":"Organization","@id":"https:\/\/aivlisoft.net\/shop\/#organization","name":"Aivlisoft Inform\u00e1tica","url":"https:\/\/aivlisoft.net\/shop\/","logo":{"@type":"ImageObject","inLanguage":"es","@id":"https:\/\/aivlisoft.net\/shop\/#\/schema\/logo\/image\/","url":"https:\/\/aivlisoft.net\/shop\/wp-content\/uploads\/2024\/12\/removal.ai_5b848c54-0cdf-4140-95c5-c5536bb7573b-logodef.png","contentUrl":"https:\/\/aivlisoft.net\/shop\/wp-content\/uploads\/2024\/12\/removal.ai_5b848c54-0cdf-4140-95c5-c5536bb7573b-logodef.png","width":484,"height":182,"caption":"Aivlisoft Inform\u00e1tica"},"image":{"@id":"https:\/\/aivlisoft.net\/shop\/#\/schema\/logo\/image\/"}}]}},"_links":{"self":[{"href":"https:\/\/aivlisoft.net\/shop\/wp-json\/wp\/v2\/product\/19047","targetHints":{"allow":["GET"]}}],"collection":[{"href":"https:\/\/aivlisoft.net\/shop\/wp-json\/wp\/v2\/product"}],"about":[{"href":"https:\/\/aivlisoft.net\/shop\/wp-json\/wp\/v2\/types\/product"}],"wp:featuredmedia":[{"embeddable":true,"href":"https:\/\/aivlisoft.net\/shop\/wp-json\/wp\/v2\/media\/19048"}],"wp:attachment":[{"href":"https:\/\/aivlisoft.net\/shop\/wp-json\/wp\/v2\/media?parent=19047"}],"wp:term":[{"taxonomy":"product_brand","embeddable":true,"href":"https:\/\/aivlisoft.net\/shop\/wp-json\/wp\/v2\/product_brand?post=19047"},{"taxonomy":"product_cat","embeddable":true,"href":"https:\/\/aivlisoft.net\/shop\/wp-json\/wp\/v2\/product_cat?post=19047"},{"taxonomy":"product_tag","embeddable":true,"href":"https:\/\/aivlisoft.net\/shop\/wp-json\/wp\/v2\/product_tag?post=19047"}],"curies":[{"name":"wp","href":"https:\/\/api.w.org\/{rel}","templated":true}]}}