{"id":19041,"date":"2025-01-13T15:28:19","date_gmt":"2025-01-13T15:28:19","guid":{"rendered":"https:\/\/aivlisoft.com\/?post_type=product&#038;p=19041"},"modified":"2025-01-14T19:59:55","modified_gmt":"2025-01-14T19:59:55","slug":"asus-cd6-2-pk-router-mesh-zenwifi-ac1500-wifi5","status":"publish","type":"product","link":"https:\/\/aivlisoft.net\/shop\/producto\/asus-cd6-2-pk-router-mesh-zenwifi-ac1500-wifi5\/","title":{"rendered":"Asus CD6 (2-pk) Router Mesh ZenWiFi AC1500 WiFi5"},"content":{"rendered":"<p><\/p>\n<table class=\"tabla_caracteristicas k-table\" width=\"100%\">\n<tr>\n<td valign=\"top\"><strong>Marca<\/strong><\/td>\n<td>Asus<\/td>\n<\/tr>\n<tr>\n<td valign=\"top\"><strong>Modelo<\/strong><\/td>\n<td valign=\"top\"><strong>90IG05S0-BO9410<\/strong><\/td>\n<\/tr>\n<tr>\n<td valign=\"top\">\n<div><strong>Caracter&iacute;sticas t&eacute;cnicas<\/strong><\/div>\n<\/td>\n<td>&#8211; Est&aacute;ndar de red: IEEE 802.11a, IEEE 802.11b, IEEE 802.11g, IEEE 802.11n, IEEE 802.11ac<br \/>\t\t\t&#8211; Segmento de producto: AC1500 AC<br \/>\t\t\t&#8211; Rendimiento: 600 Mbps + 867Mbps<br \/>\t\t\t&#8211; Cobertura: viviendas muy grandes<br \/>\t\t\t&#8211; Velocidad de datos:<br \/>\t\t\t&nbsp;&nbsp; 802.11a: 6,9,12,18,24,36,48,54 Mbps<br \/>\t\t\t&nbsp;&nbsp; 802.11b: 1, 2, 5,5, 11 Mbps<br \/>\t\t\t&nbsp;&nbsp; 802.11g: 6,9,12,18,24,36,48,54 Mbps<br \/>\t\t\t&nbsp;&nbsp; 802.11n: hasta 600 Mbps<br \/>\t\t\t&nbsp;&nbsp; 802.11ac: hasta 867 Mbps<br \/>\t\t\t&#8211; Antena: antena interna x 4<br \/>\t\t\t&#8211; Transmisi&oacute;n \/ Recepci&oacute;n: 2,4 GHz 4&#215;4; 5 GHz 2&#215;2<br \/>\t\t\t&#8211; Memoria: Flash de 32 MB, RAM de 128 MB (enrutador); Flash de 16 MB, RAM de 128 MB (nodo)<br \/>\t\t\t&#8211; Frecuencia de funcionamiento: 2,4 GHz, 5 GHz<br \/>\t\t\t&#8211; Cifrado: WPA2 PSK, WPA PSK, WPA Enterprise, WPA2 Enterprise, soporte WPS<br \/>\t\t\t&#8211; Administraci&oacute;n:<br \/>\t\t\t&nbsp;&nbsp; UPnP, IGMP v1 \/ v2 \/ v3, Proxy DNS, DHCP, Cliente NTP, DDNS, Activador de puerto,<br \/>\t\t\t&nbsp;&nbsp; Reenv&iacute;o de puertos, DMZ, registro de eventos del sistema<br \/>\t\t\t&nbsp;&nbsp; Paso a trav&eacute;s de IPSec; Paso a trav&eacute;s de PPTP; Paso a trav&eacute;s de L2TP; Servidor OpenVPN<br \/>\t\t\t&#8211; Soporte VPN:<br \/>\t\t\t&nbsp;&nbsp; Cliente PPTP; Cliente L2TP; Cliente OpenVPN; Servidor PPTP<br \/>\t\t\t&nbsp;&nbsp; Tipo de conexi&oacute;n a Internet: IP autom&aacute;tica, IP est&aacute;tica, PPPoE (compatible con MPPE), PPTP, L2TP<br \/>\t\t\t&#8211; Puertos:<br \/>\t\t\t&nbsp;&nbsp; RJ45 para Gigabits BaseT para WAN x 1, RJ45 para Gigabits BaseT para LAN x3 (enrutador)<br \/>\t\t\t&nbsp;&nbsp; RJ45 para Gigabits BaseT para LAN x2 (nodo)<br \/>\t\t\t&#8211; Caracter&iacute;sticas:<br \/>\t\t\t&nbsp;&nbsp; Aplicaci&oacute;n de enrutador; MU MIMO (solo 5G); QoS tradicional; AiProtection Classic; De los padres<br \/>\t\t\t&nbsp;&nbsp; Controlar; Red de invitados; Servidor VPN; Cliente VPN; Sin embargo, VPN Pass; Pase NAT<br \/>\t\t\t&nbsp;&nbsp; Mediante; Soporte de IPTV<br \/>\t\t\t&#8211; Bot&oacute;n: bot&oacute;n WPS, bot&oacute;n de reinicio<br \/>\t\t\t<strong>Soporte de SO:<\/strong><br \/>\t\t\t&#8211; Windows&reg; 10 (licencia de Windows 10 Pro y medios de recuperaci&oacute;n incluidos).<br \/>\t\t\t&#8211; Windows&reg; 10 de 64 bits<br \/>\t\t\t&#8211; Windows&reg; 8.1 (licencia de Windows 10 Pro y medios de recuperaci&oacute;n incluidos).<br \/>\t\t\t&#8211; Windows&reg; 8 (licencia de Windows 10 Pro y medios de recuperaci&oacute;n incluidos).<br \/>\t\t\t&#8211; Windows&reg; 7 (licencia de Windows 10 Pro y medios de recuperaci&oacute;n incluidos).<br \/>\t\t\t&#8211; Mac OS X 10.1 a 10.12<\/td>\n<\/tr>\n<tr>\n<td valign=\"top\"><strong>Otras Caracter&iacute;sticas<\/strong><\/td>\n<td>&#8211; Dimensiones del producto: 7 x 7 x 14 cm (WxDxH)<br \/>\t\t\t&#8211; Peso del producto: 257 g (enrutador) 255 g (nodo)<br \/>\t\t\t&#8211; Indicador LED: Power X1<br \/>\t\t\t&#8211; Caracter&iacute;sticas especiales del enrutador: m&uacute;ltiples SSID, control parental, AiProtection<br \/>\t\t\t&#8211; Modo de operaci&oacute;n<br \/>\t\t\t&nbsp;&nbsp; Modo de enrutador inal&aacute;mbrico<br \/>\t\t\t&nbsp;&nbsp; Modo repetidor<br \/>\t\t\t&nbsp;&nbsp; Modo de punto de acceso<br \/>\t\t\t&nbsp;&nbsp; Puente de medios<br \/>\t\t\t&#8211; Contenido del paquete<br \/>\t\t\t&nbsp;&nbsp; Enrutador (CD6R)<br \/>\t\t\t&nbsp;&nbsp; Nodo (CD6N)<br \/>\t\t\t&nbsp;&nbsp; Adaptador<br \/>\t\t\t&nbsp;&nbsp; QSG<br \/>\t\t\t&nbsp;&nbsp; Tarjeta<br \/>\t\t\t&nbsp;&nbsp; RJ45<\/td>\n<\/tr>\n<tr>\n<td valign=\"top\"><strong>Fecha Revisi&oacute;n<\/strong><\/td>\n<td>20-01-2021 por MPM<\/td>\n<\/tr>\n<\/table>\n","protected":false},"excerpt":{"rendered":"<p>Marca Asus Modelo 90IG05S0-BO9410 Caracter&iacute;sticas t&eacute;cnicas &#8211; Est&aacute;ndar de red: IEEE 802.11a, IEEE 802.11b, IEEE 802.11g, IEEE 802.11n, IEEE 802.11ac &#8211; Segmento de producto: AC1500 AC &#8211; Rendimiento: 600 Mbps + 867Mbps &#8211; Cobertura: viviendas muy grandes &#8211; Velocidad de datos: &nbsp;&nbsp; 802.11a: 6,9,12,18,24,36,48,54 Mbps &nbsp;&nbsp; 802.11b: 1, 2, 5,5, 11 Mbps &nbsp;&nbsp; 802.11g: 6,9,12,18,24,36,48,54&hellip;&nbsp;<a href=\"https:\/\/aivlisoft.net\/shop\/producto\/asus-cd6-2-pk-router-mesh-zenwifi-ac1500-wifi5\/\" rel=\"bookmark\"><span class=\"screen-reader-text\">Asus CD6 (2-pk) Router Mesh ZenWiFi AC1500 WiFi5<\/span><\/a><\/p>\n","protected":false},"featured_media":19042,"template":"","meta":{"neve_meta_sidebar":"","neve_meta_container":"","neve_meta_enable_content_width":"","neve_meta_content_width":0,"neve_meta_title_alignment":"","neve_meta_author_avatar":"","neve_post_elements_order":"","neve_meta_disable_header":"","neve_meta_disable_footer":"","neve_meta_disable_title":""},"product_brand":[],"product_cat":[15,8768,6832],"product_tag":[6906],"class_list":{"0":"post-19041","1":"product","2":"type-product","3":"status-publish","4":"has-post-thumbnail","6":"product_cat-sin-categorizar","7":"product_cat-routers-adsl","8":"product_cat-routers-modems","9":"product_tag-90ig05s0-bo9410","11":"first","12":"instock","13":"taxable","14":"shipping-taxable","15":"purchasable","16":"product-type-simple"},"yoast_head":"<!-- This site is optimized with the Yoast SEO plugin v26.0 - https:\/\/yoast.com\/wordpress\/plugins\/seo\/ -->\n<title>Asus CD6 (2-pk) Router Mesh ZenWiFi AC1500 WiFi5 - Aivlisoft Inform\u00e1tica<\/title>\n<meta name=\"robots\" content=\"index, follow, max-snippet:-1, max-image-preview:large, max-video-preview:-1\" \/>\n<link rel=\"canonical\" href=\"https:\/\/aivlisoft.net\/shop\/producto\/asus-cd6-2-pk-router-mesh-zenwifi-ac1500-wifi5\/\" \/>\n<meta property=\"og:locale\" content=\"es_ES\" \/>\n<meta property=\"og:type\" content=\"article\" \/>\n<meta property=\"og:title\" content=\"Asus CD6 (2-pk) Router Mesh ZenWiFi AC1500 WiFi5 - Aivlisoft Inform\u00e1tica\" \/>\n<meta property=\"og:description\" content=\"Marca Asus Modelo 90IG05S0-BO9410 Caracter&iacute;sticas t&eacute;cnicas &#8211; Est&aacute;ndar de red: IEEE 802.11a, IEEE 802.11b, IEEE 802.11g, IEEE 802.11n, IEEE 802.11ac &#8211; Segmento de producto: AC1500 AC &#8211; Rendimiento: 600 Mbps + 867Mbps &#8211; Cobertura: viviendas muy grandes &#8211; Velocidad de datos: &nbsp;&nbsp; 802.11a: 6,9,12,18,24,36,48,54 Mbps &nbsp;&nbsp; 802.11b: 1, 2, 5,5, 11 Mbps &nbsp;&nbsp; 802.11g: 6,9,12,18,24,36,48,54&hellip;&nbsp;Asus CD6 (2-pk) Router Mesh ZenWiFi AC1500 WiFi5\" \/>\n<meta property=\"og:url\" content=\"https:\/\/aivlisoft.net\/shop\/producto\/asus-cd6-2-pk-router-mesh-zenwifi-ac1500-wifi5\/\" \/>\n<meta property=\"og:site_name\" content=\"Aivlisoft Inform\u00e1tica\" \/>\n<meta property=\"article:modified_time\" content=\"2025-01-14T19:59:55+00:00\" \/>\n<meta property=\"og:image\" content=\"https:\/\/aivlisoft.net\/shop\/wp-content\/uploads\/2025\/01\/NROINA0314_800.jpg\" \/>\n\t<meta property=\"og:image:width\" content=\"800\" \/>\n\t<meta property=\"og:image:height\" content=\"800\" \/>\n\t<meta property=\"og:image:type\" content=\"image\/jpeg\" \/>\n<meta name=\"twitter:card\" content=\"summary_large_image\" \/>\n<meta name=\"twitter:label1\" content=\"Tiempo de lectura\" \/>\n\t<meta name=\"twitter:data1\" content=\"2 minutos\" \/>\n<script type=\"application\/ld+json\" class=\"yoast-schema-graph\">{\"@context\":\"https:\/\/schema.org\",\"@graph\":[{\"@type\":\"WebPage\",\"@id\":\"https:\/\/aivlisoft.net\/shop\/producto\/asus-cd6-2-pk-router-mesh-zenwifi-ac1500-wifi5\/\",\"url\":\"https:\/\/aivlisoft.net\/shop\/producto\/asus-cd6-2-pk-router-mesh-zenwifi-ac1500-wifi5\/\",\"name\":\"Asus CD6 (2-pk) Router Mesh ZenWiFi AC1500 WiFi5 - Aivlisoft Inform\u00e1tica\",\"isPartOf\":{\"@id\":\"https:\/\/aivlisoft.net\/shop\/#website\"},\"primaryImageOfPage\":{\"@id\":\"https:\/\/aivlisoft.net\/shop\/producto\/asus-cd6-2-pk-router-mesh-zenwifi-ac1500-wifi5\/#primaryimage\"},\"image\":{\"@id\":\"https:\/\/aivlisoft.net\/shop\/producto\/asus-cd6-2-pk-router-mesh-zenwifi-ac1500-wifi5\/#primaryimage\"},\"thumbnailUrl\":\"https:\/\/aivlisoft.net\/shop\/wp-content\/uploads\/2025\/01\/NROINA0314_800.jpg\",\"datePublished\":\"2025-01-13T15:28:19+00:00\",\"dateModified\":\"2025-01-14T19:59:55+00:00\",\"breadcrumb\":{\"@id\":\"https:\/\/aivlisoft.net\/shop\/producto\/asus-cd6-2-pk-router-mesh-zenwifi-ac1500-wifi5\/#breadcrumb\"},\"inLanguage\":\"es\",\"potentialAction\":[{\"@type\":\"ReadAction\",\"target\":[\"https:\/\/aivlisoft.net\/shop\/producto\/asus-cd6-2-pk-router-mesh-zenwifi-ac1500-wifi5\/\"]}]},{\"@type\":\"ImageObject\",\"inLanguage\":\"es\",\"@id\":\"https:\/\/aivlisoft.net\/shop\/producto\/asus-cd6-2-pk-router-mesh-zenwifi-ac1500-wifi5\/#primaryimage\",\"url\":\"https:\/\/aivlisoft.net\/shop\/wp-content\/uploads\/2025\/01\/NROINA0314_800.jpg\",\"contentUrl\":\"https:\/\/aivlisoft.net\/shop\/wp-content\/uploads\/2025\/01\/NROINA0314_800.jpg\",\"width\":800,\"height\":800},{\"@type\":\"BreadcrumbList\",\"@id\":\"https:\/\/aivlisoft.net\/shop\/producto\/asus-cd6-2-pk-router-mesh-zenwifi-ac1500-wifi5\/#breadcrumb\",\"itemListElement\":[{\"@type\":\"ListItem\",\"position\":1,\"name\":\"Portada\",\"item\":\"https:\/\/aivlisoft.net\/shop\/\"},{\"@type\":\"ListItem\",\"position\":2,\"name\":\"Tienda\",\"item\":\"https:\/\/aivlisoft.net\/shop\/tienda\/\"},{\"@type\":\"ListItem\",\"position\":3,\"name\":\"Asus CD6 (2-pk) Router Mesh ZenWiFi AC1500 WiFi5\"}]},{\"@type\":\"WebSite\",\"@id\":\"https:\/\/aivlisoft.net\/shop\/#website\",\"url\":\"https:\/\/aivlisoft.net\/shop\/\",\"name\":\"Aivlisoft Inform\u00e1tica\",\"description\":\"En Aivlisoft Inform\u00e1tica ofrecemos soluciones tecnol\u00f3gicas para empresas: venta de ordenadores, consumibles, perif\u00e9ricos y m\u00e1s. Calidad, atenci\u00f3n personalizada y los mejores precios para tu negocio.\",\"publisher\":{\"@id\":\"https:\/\/aivlisoft.net\/shop\/#organization\"},\"potentialAction\":[{\"@type\":\"SearchAction\",\"target\":{\"@type\":\"EntryPoint\",\"urlTemplate\":\"https:\/\/aivlisoft.net\/shop\/?s={search_term_string}\"},\"query-input\":{\"@type\":\"PropertyValueSpecification\",\"valueRequired\":true,\"valueName\":\"search_term_string\"}}],\"inLanguage\":\"es\"},{\"@type\":\"Organization\",\"@id\":\"https:\/\/aivlisoft.net\/shop\/#organization\",\"name\":\"Aivlisoft Inform\u00e1tica\",\"url\":\"https:\/\/aivlisoft.net\/shop\/\",\"logo\":{\"@type\":\"ImageObject\",\"inLanguage\":\"es\",\"@id\":\"https:\/\/aivlisoft.net\/shop\/#\/schema\/logo\/image\/\",\"url\":\"https:\/\/aivlisoft.net\/shop\/wp-content\/uploads\/2024\/12\/removal.ai_5b848c54-0cdf-4140-95c5-c5536bb7573b-logodef.png\",\"contentUrl\":\"https:\/\/aivlisoft.net\/shop\/wp-content\/uploads\/2024\/12\/removal.ai_5b848c54-0cdf-4140-95c5-c5536bb7573b-logodef.png\",\"width\":484,\"height\":182,\"caption\":\"Aivlisoft Inform\u00e1tica\"},\"image\":{\"@id\":\"https:\/\/aivlisoft.net\/shop\/#\/schema\/logo\/image\/\"}}]}<\/script>\n<!-- \/ Yoast SEO plugin. -->","yoast_head_json":{"title":"Asus CD6 (2-pk) Router Mesh ZenWiFi AC1500 WiFi5 - Aivlisoft Inform\u00e1tica","robots":{"index":"index","follow":"follow","max-snippet":"max-snippet:-1","max-image-preview":"max-image-preview:large","max-video-preview":"max-video-preview:-1"},"canonical":"https:\/\/aivlisoft.net\/shop\/producto\/asus-cd6-2-pk-router-mesh-zenwifi-ac1500-wifi5\/","og_locale":"es_ES","og_type":"article","og_title":"Asus CD6 (2-pk) Router Mesh ZenWiFi AC1500 WiFi5 - Aivlisoft Inform\u00e1tica","og_description":"Marca Asus Modelo 90IG05S0-BO9410 Caracter&iacute;sticas t&eacute;cnicas &#8211; Est&aacute;ndar de red: IEEE 802.11a, IEEE 802.11b, IEEE 802.11g, IEEE 802.11n, IEEE 802.11ac &#8211; Segmento de producto: AC1500 AC &#8211; Rendimiento: 600 Mbps + 867Mbps &#8211; Cobertura: viviendas muy grandes &#8211; Velocidad de datos: &nbsp;&nbsp; 802.11a: 6,9,12,18,24,36,48,54 Mbps &nbsp;&nbsp; 802.11b: 1, 2, 5,5, 11 Mbps &nbsp;&nbsp; 802.11g: 6,9,12,18,24,36,48,54&hellip;&nbsp;Asus CD6 (2-pk) Router Mesh ZenWiFi AC1500 WiFi5","og_url":"https:\/\/aivlisoft.net\/shop\/producto\/asus-cd6-2-pk-router-mesh-zenwifi-ac1500-wifi5\/","og_site_name":"Aivlisoft Inform\u00e1tica","article_modified_time":"2025-01-14T19:59:55+00:00","og_image":[{"width":800,"height":800,"url":"https:\/\/aivlisoft.net\/shop\/wp-content\/uploads\/2025\/01\/NROINA0314_800.jpg","type":"image\/jpeg"}],"twitter_card":"summary_large_image","twitter_misc":{"Tiempo de lectura":"2 minutos"},"schema":{"@context":"https:\/\/schema.org","@graph":[{"@type":"WebPage","@id":"https:\/\/aivlisoft.net\/shop\/producto\/asus-cd6-2-pk-router-mesh-zenwifi-ac1500-wifi5\/","url":"https:\/\/aivlisoft.net\/shop\/producto\/asus-cd6-2-pk-router-mesh-zenwifi-ac1500-wifi5\/","name":"Asus CD6 (2-pk) Router Mesh ZenWiFi AC1500 WiFi5 - Aivlisoft Inform\u00e1tica","isPartOf":{"@id":"https:\/\/aivlisoft.net\/shop\/#website"},"primaryImageOfPage":{"@id":"https:\/\/aivlisoft.net\/shop\/producto\/asus-cd6-2-pk-router-mesh-zenwifi-ac1500-wifi5\/#primaryimage"},"image":{"@id":"https:\/\/aivlisoft.net\/shop\/producto\/asus-cd6-2-pk-router-mesh-zenwifi-ac1500-wifi5\/#primaryimage"},"thumbnailUrl":"https:\/\/aivlisoft.net\/shop\/wp-content\/uploads\/2025\/01\/NROINA0314_800.jpg","datePublished":"2025-01-13T15:28:19+00:00","dateModified":"2025-01-14T19:59:55+00:00","breadcrumb":{"@id":"https:\/\/aivlisoft.net\/shop\/producto\/asus-cd6-2-pk-router-mesh-zenwifi-ac1500-wifi5\/#breadcrumb"},"inLanguage":"es","potentialAction":[{"@type":"ReadAction","target":["https:\/\/aivlisoft.net\/shop\/producto\/asus-cd6-2-pk-router-mesh-zenwifi-ac1500-wifi5\/"]}]},{"@type":"ImageObject","inLanguage":"es","@id":"https:\/\/aivlisoft.net\/shop\/producto\/asus-cd6-2-pk-router-mesh-zenwifi-ac1500-wifi5\/#primaryimage","url":"https:\/\/aivlisoft.net\/shop\/wp-content\/uploads\/2025\/01\/NROINA0314_800.jpg","contentUrl":"https:\/\/aivlisoft.net\/shop\/wp-content\/uploads\/2025\/01\/NROINA0314_800.jpg","width":800,"height":800},{"@type":"BreadcrumbList","@id":"https:\/\/aivlisoft.net\/shop\/producto\/asus-cd6-2-pk-router-mesh-zenwifi-ac1500-wifi5\/#breadcrumb","itemListElement":[{"@type":"ListItem","position":1,"name":"Portada","item":"https:\/\/aivlisoft.net\/shop\/"},{"@type":"ListItem","position":2,"name":"Tienda","item":"https:\/\/aivlisoft.net\/shop\/tienda\/"},{"@type":"ListItem","position":3,"name":"Asus CD6 (2-pk) Router Mesh ZenWiFi AC1500 WiFi5"}]},{"@type":"WebSite","@id":"https:\/\/aivlisoft.net\/shop\/#website","url":"https:\/\/aivlisoft.net\/shop\/","name":"Aivlisoft Inform\u00e1tica","description":"En Aivlisoft Inform\u00e1tica ofrecemos soluciones tecnol\u00f3gicas para empresas: venta de ordenadores, consumibles, perif\u00e9ricos y m\u00e1s. Calidad, atenci\u00f3n personalizada y los mejores precios para tu negocio.","publisher":{"@id":"https:\/\/aivlisoft.net\/shop\/#organization"},"potentialAction":[{"@type":"SearchAction","target":{"@type":"EntryPoint","urlTemplate":"https:\/\/aivlisoft.net\/shop\/?s={search_term_string}"},"query-input":{"@type":"PropertyValueSpecification","valueRequired":true,"valueName":"search_term_string"}}],"inLanguage":"es"},{"@type":"Organization","@id":"https:\/\/aivlisoft.net\/shop\/#organization","name":"Aivlisoft Inform\u00e1tica","url":"https:\/\/aivlisoft.net\/shop\/","logo":{"@type":"ImageObject","inLanguage":"es","@id":"https:\/\/aivlisoft.net\/shop\/#\/schema\/logo\/image\/","url":"https:\/\/aivlisoft.net\/shop\/wp-content\/uploads\/2024\/12\/removal.ai_5b848c54-0cdf-4140-95c5-c5536bb7573b-logodef.png","contentUrl":"https:\/\/aivlisoft.net\/shop\/wp-content\/uploads\/2024\/12\/removal.ai_5b848c54-0cdf-4140-95c5-c5536bb7573b-logodef.png","width":484,"height":182,"caption":"Aivlisoft Inform\u00e1tica"},"image":{"@id":"https:\/\/aivlisoft.net\/shop\/#\/schema\/logo\/image\/"}}]}},"_links":{"self":[{"href":"https:\/\/aivlisoft.net\/shop\/wp-json\/wp\/v2\/product\/19041","targetHints":{"allow":["GET"]}}],"collection":[{"href":"https:\/\/aivlisoft.net\/shop\/wp-json\/wp\/v2\/product"}],"about":[{"href":"https:\/\/aivlisoft.net\/shop\/wp-json\/wp\/v2\/types\/product"}],"wp:featuredmedia":[{"embeddable":true,"href":"https:\/\/aivlisoft.net\/shop\/wp-json\/wp\/v2\/media\/19042"}],"wp:attachment":[{"href":"https:\/\/aivlisoft.net\/shop\/wp-json\/wp\/v2\/media?parent=19041"}],"wp:term":[{"taxonomy":"product_brand","embeddable":true,"href":"https:\/\/aivlisoft.net\/shop\/wp-json\/wp\/v2\/product_brand?post=19041"},{"taxonomy":"product_cat","embeddable":true,"href":"https:\/\/aivlisoft.net\/shop\/wp-json\/wp\/v2\/product_cat?post=19041"},{"taxonomy":"product_tag","embeddable":true,"href":"https:\/\/aivlisoft.net\/shop\/wp-json\/wp\/v2\/product_tag?post=19041"}],"curies":[{"name":"wp","href":"https:\/\/api.w.org\/{rel}","templated":true}]}}