{"id":19039,"date":"2025-01-13T15:28:18","date_gmt":"2025-01-13T15:28:18","guid":{"rendered":"https:\/\/aivlisoft.com\/?post_type=product&#038;p=19039"},"modified":"2025-01-14T19:59:56","modified_gmt":"2025-01-14T19:59:56","slug":"fritz-box6850-lte-router-3g-4g-wifi5-dual-sim","status":"publish","type":"product","link":"https:\/\/aivlisoft.net\/shop\/producto\/fritz-box6850-lte-router-3g-4g-wifi5-dual-sim\/","title":{"rendered":"FRITZ! Box6850 LTE Router 3G\/4G WiFi5 Dual SIM"},"content":{"rendered":"<p>&nbsp;<\/p>\n<table class=\"tabla_caracteristicas k-table\" width=\"100%\">\n<tr>\n<td valign=\"top\"><strong>Marca<\/strong><\/td>\n<td>FRITZ!<\/td>\n<\/tr>\n<tr>\n<td valign=\"top\"><strong>Modelo<\/strong><\/td>\n<td valign=\"top\">Box6850 LTE<br \/>\t\t\t(<strong>20002926<\/strong>)<\/td>\n<\/tr>\n<tr>\n<td valign=\"top\"><strong>Internet<\/strong><\/td>\n<td>&#8211; Router LTE con cortafuegos\/NAT, servidor DHCP, cliente DynDNS, UPnP AV<br \/>\t\t\t&#8211; &Oacute;ptimo para la retransmisi&oacute;n de v&iacute;deo y televisi&oacute;n v&iacute;a Internet<br \/>\t\t\t&#8211; Soporta IPv6<br \/>\t\t\t&#8211; Cortafuegos de inspecci&oacute;n activa de paquetes (SPI, Stateful Packet Inspection) con redireccionamiento de puertos<br \/>\t\t\t&#8211; Acceso remoto seguro a trav&eacute;s de Internet con VPN (IPSec)<br \/>\t\t\t<strong>4G<\/strong><br \/>\t\t\t&#8211; Router Wi-Fi con m&oacute;dem para 4G (LTE) de categor&iacute;a 4 compatible con FDD: banda 1 (2,1 GHz), banda 3 (1,8 GHz), banda 5 (850 MHz), banda 7 (2,6 GHz), banda 8 (900 MHz), banda 20 (800 MHz), banda 28 (700 MHz) y banda 32 (1,5 GHz)<br \/>\t\t\t&#8211; Tambi&eacute;n es compatible con TTD: banda 38 (2,6 GHz), banda 40 (2,3 GHz) y banda 41 (2,5 GHz)<br \/>\t\t\t&#8211; Acceso a Internet tambi&eacute;n a trav&eacute;s de UMTS\/HSPA+ (3G) hasta 42 Mbps<br \/>\t\t\t&#8211; Conexi&oacute;n opcional de dos antenas externas a trav&eacute;s de conectores SMA<br \/>\t\t\t&#8211; Conexi&oacute;n a Internet a trav&eacute;s de la red de telefon&iacute;a m&oacute;vil LTE (4G) y UMTS\/HSPA+ (3G)<br \/>\t\t\t&#8211; Conexi&oacute;n en cualquier lugar tambi&eacute;n con UMTS\/HSPA+ (3G)<\/td>\n<\/tr>\n<tr>\n<td valign=\"top\"><strong>WiFi<\/strong><\/td>\n<td>&#8211; Wi-Fi 5 (hasta 866 Mbps brutos; 5 GHz) y 4 (hasta 400 Mbps brutos; 2,4 GHz)<br \/>\t\t\t&#8211; Compatible con Wi-Fi 802.11g, b y a<br \/>\t\t\t&#8211; Ampl&iacute;a la red local con Wi-Fi Mesh: combinando f&aacute;cilmente varios puntos de acceso Wi-Fi en un solo sistema inteligente (a partir del FRITZ!OS 6.90)<br \/>\t\t\t&#8211; Wi-Fi dual: transmisi&oacute;n simult&aacute;nea en las bandas de 5 y 2,4 GHz<br \/>\t\t\t&#8211; Seguridad gracias al cifrado WPA2 activado de f&aacute;brica<br \/>\t\t\t&#8211; Tecnolog&iacute;a &quot;AVM Stick &amp; Surf&quot;: navegar segura y c&oacute;modamente en Internet sin cables<br \/>\t\t\t&#8211; Bot&oacute;n &quot;WLAN&quot; (para encender o apagar manualmente la red inal&aacute;mbrica)<br \/>\t\t\t&#8211; Wi-Fi Protected Setup (WPS)<br \/>\t\t\t&#8211; Acceso de invitados a la red inal&aacute;mbrica: m&aacute;xima seguridad para sus amigos e invitados al navegar en Internet<br \/>\t\t\t&#8211; Canal Wi-Fi autom&aacute;tico: b&uacute;squeda autom&aacute;tica de un canal inal&aacute;mbrico sin interferencias<br \/>\t\t\t&#8211; Modo Wi-Fi Eco para conseguir el mejor rendimiento con el menor consumo de energ&iacute;a<\/td>\n<\/tr>\n<tr>\n<td valign=\"top\"><strong>Puertos<\/strong><\/td>\n<td>&nbsp;&#8211; Interfaz de telefon&iacute;a m&oacute;vil con miniSIM (m&oacute;dem LTE de categor&iacute;a 4)<br \/>\t\t\t&nbsp;&#8211; Telefon&iacute;a IP<br \/>\t\t\t&nbsp;&#8211; 4 puertos LAN Gigabit<br \/>\t\t\t&nbsp;&#8211; Punto de acceso inal&aacute;mbrico IEEE 802.11ac, n, g, b, a<br \/>\t\t\t&nbsp;&#8211; 1 puerto USB 3.0 para dispositivos de memoria e impresoras<br \/>\t\t\t&nbsp;&#8211; Estaci&oacute;n DECT integrada hasta para seis tel&eacute;fonos inal&aacute;mbricos<br \/>\t\t\t&nbsp;&#8211; 1 puerto a\/b (opcionalmente TAE\/RJ11) para tel&eacute;fonos anal&oacute;gicos, contestador autom&aacute;tico o fax<\/td>\n<\/tr>\n<tr>\n<td valign=\"top\"><strong>Otras caracter&iacute;sticas<\/strong><\/td>\n<td><strong>Fritz!OS<\/strong><br \/>\t\t\t&#8211; &quot;fritz.box&quot;: interfaz de usuario clara, uso intuitivo con ayuda del navegador.<br \/>\t\t\t&#8211; Interfaz de usuario optimizada para smartphones y tablets (dise&ntilde;o web adaptable).<br \/>\t\t\t&#8211; Actualizaciones gratuitas de nuevas funciones y caracter&iacute;sticas de seguridad.<br \/>\t\t\t&#8211; Las pr&aacute;cticas FRITZ!Apps para su smartphone: MyFRITZ!App para disfrutar la comodidad que ofrece FRITZ! tambi&eacute;n estando fuera de casa y FRITZ!App WLAN la inteligente ayuda Wi-Fi.<br \/>\t\t\t&#8211; Vista ampliada para diferentes posibilidades de configuraci&oacute;n, funci&oacute;n de ayuda con b&uacute;squeda de texto completo.<br \/>\t\t\t&#8211; Funciones de dom&oacute;tica integradas en la interfaz de usuario.<br \/>\t\t\t&#8211; El FRITZ!Box funciona a la perfecci&oacute;n combinado con los dispositivos de dom&oacute;tica de FRITZ! y tambi&eacute;n es compatible con aparatos de otros fabricantes compatibles con tecnolog&iacute;a DECT-ULE\/HAN-FUN.<br \/>\t\t\t&#8211; Los dispositivos dom&oacute;ticos se pueden conectar dentro de la red dom&eacute;stica a trav&eacute;s de Internet tanto de forma manual como autom&aacute;tica.<br \/>\t\t\t<strong>F&iacute;sicas<\/strong><br \/>\t\t\t&#8211; Medidas (A x P x A): 208 x 150 x 37 mm<br \/>\t\t\t&#8211; Se puede fijar en la pared o dejarlo sobre una mesa<br \/>\t\t\t&#8211; Consumo medio de energ&iacute;a: 6 vatios<br \/>\t\t\t<strong>Contenido<\/strong><br \/>\t\t\t&#8211; FRITZ!Box 6850 LTE<br \/>\t\t\t&#8211; Fuente de alimentaci&oacute;n<br \/>\t\t\t&#8211; Antenas 4G (LTE) externas<br \/>\t\t\t&#8211; Cable LAN de 1,5 m<br \/>\t\t\t&#8211; Gu&iacute;a r&aacute;pida de instalaci&oacute;n<\/td>\n<\/tr>\n<tr>\n<td valign=\"top\"><strong>Fecha Revisi&oacute;n<\/strong><\/td>\n<td>25-05-2022 por MPM<\/td>\n<\/tr>\n<\/table>\n","protected":false},"excerpt":{"rendered":"<p>&nbsp; Marca FRITZ! Modelo Box6850 LTE (20002926) Internet &#8211; Router LTE con cortafuegos\/NAT, servidor DHCP, cliente DynDNS, UPnP AV &#8211; &Oacute;ptimo para la retransmisi&oacute;n de v&iacute;deo y televisi&oacute;n v&iacute;a Internet &#8211; Soporta IPv6 &#8211; Cortafuegos de inspecci&oacute;n activa de paquetes (SPI, Stateful Packet Inspection) con redireccionamiento de puertos &#8211; Acceso remoto seguro a trav&eacute;s de&hellip;&nbsp;<a href=\"https:\/\/aivlisoft.net\/shop\/producto\/fritz-box6850-lte-router-3g-4g-wifi5-dual-sim\/\" rel=\"bookmark\"><span class=\"screen-reader-text\">FRITZ! Box6850 LTE Router 3G\/4G WiFi5 Dual SIM<\/span><\/a><\/p>\n","protected":false},"featured_media":19040,"template":"","meta":{"neve_meta_sidebar":"","neve_meta_container":"","neve_meta_enable_content_width":"","neve_meta_content_width":0,"neve_meta_title_alignment":"","neve_meta_author_avatar":"","neve_post_elements_order":"","neve_meta_disable_header":"","neve_meta_disable_footer":"","neve_meta_disable_title":""},"product_brand":[],"product_cat":[15,8768,6832],"product_tag":[6905],"class_list":{"0":"post-19039","1":"product","2":"type-product","3":"status-publish","4":"has-post-thumbnail","6":"product_cat-sin-categorizar","7":"product_cat-routers-adsl","8":"product_cat-routers-modems","9":"product_tag-6905","11":"first","12":"instock","13":"taxable","14":"shipping-taxable","15":"purchasable","16":"product-type-simple"},"yoast_head":"<!-- This site is optimized with the Yoast SEO plugin v26.0 - https:\/\/yoast.com\/wordpress\/plugins\/seo\/ -->\n<title>FRITZ! Box6850 LTE Router 3G\/4G WiFi5 Dual SIM - Aivlisoft Inform\u00e1tica<\/title>\n<meta name=\"robots\" content=\"index, follow, max-snippet:-1, max-image-preview:large, max-video-preview:-1\" \/>\n<link rel=\"canonical\" href=\"https:\/\/aivlisoft.net\/shop\/producto\/fritz-box6850-lte-router-3g-4g-wifi5-dual-sim\/\" \/>\n<meta property=\"og:locale\" content=\"es_ES\" \/>\n<meta property=\"og:type\" content=\"article\" \/>\n<meta property=\"og:title\" content=\"FRITZ! Box6850 LTE Router 3G\/4G WiFi5 Dual SIM - Aivlisoft Inform\u00e1tica\" \/>\n<meta property=\"og:description\" content=\"&nbsp; Marca FRITZ! Modelo Box6850 LTE (20002926) Internet &#8211; Router LTE con cortafuegos\/NAT, servidor DHCP, cliente DynDNS, UPnP AV &#8211; &Oacute;ptimo para la retransmisi&oacute;n de v&iacute;deo y televisi&oacute;n v&iacute;a Internet &#8211; Soporta IPv6 &#8211; Cortafuegos de inspecci&oacute;n activa de paquetes (SPI, Stateful Packet Inspection) con redireccionamiento de puertos &#8211; Acceso remoto seguro a trav&eacute;s de&hellip;&nbsp;FRITZ! Box6850 LTE Router 3G\/4G WiFi5 Dual SIM\" \/>\n<meta property=\"og:url\" content=\"https:\/\/aivlisoft.net\/shop\/producto\/fritz-box6850-lte-router-3g-4g-wifi5-dual-sim\/\" \/>\n<meta property=\"og:site_name\" content=\"Aivlisoft Inform\u00e1tica\" \/>\n<meta property=\"article:modified_time\" content=\"2025-01-14T19:59:56+00:00\" \/>\n<meta property=\"og:image\" content=\"https:\/\/aivlisoft.net\/shop\/wp-content\/uploads\/2025\/01\/NROINA0312_800.jpg\" \/>\n\t<meta property=\"og:image:width\" content=\"800\" \/>\n\t<meta property=\"og:image:height\" content=\"800\" \/>\n\t<meta property=\"og:image:type\" content=\"image\/jpeg\" \/>\n<meta name=\"twitter:card\" content=\"summary_large_image\" \/>\n<meta name=\"twitter:label1\" content=\"Tiempo de lectura\" \/>\n\t<meta name=\"twitter:data1\" content=\"4 minutos\" \/>\n<script type=\"application\/ld+json\" class=\"yoast-schema-graph\">{\"@context\":\"https:\/\/schema.org\",\"@graph\":[{\"@type\":\"WebPage\",\"@id\":\"https:\/\/aivlisoft.net\/shop\/producto\/fritz-box6850-lte-router-3g-4g-wifi5-dual-sim\/\",\"url\":\"https:\/\/aivlisoft.net\/shop\/producto\/fritz-box6850-lte-router-3g-4g-wifi5-dual-sim\/\",\"name\":\"FRITZ! Box6850 LTE Router 3G\/4G WiFi5 Dual SIM - Aivlisoft Inform\u00e1tica\",\"isPartOf\":{\"@id\":\"https:\/\/aivlisoft.net\/shop\/#website\"},\"primaryImageOfPage\":{\"@id\":\"https:\/\/aivlisoft.net\/shop\/producto\/fritz-box6850-lte-router-3g-4g-wifi5-dual-sim\/#primaryimage\"},\"image\":{\"@id\":\"https:\/\/aivlisoft.net\/shop\/producto\/fritz-box6850-lte-router-3g-4g-wifi5-dual-sim\/#primaryimage\"},\"thumbnailUrl\":\"https:\/\/aivlisoft.net\/shop\/wp-content\/uploads\/2025\/01\/NROINA0312_800.jpg\",\"datePublished\":\"2025-01-13T15:28:18+00:00\",\"dateModified\":\"2025-01-14T19:59:56+00:00\",\"breadcrumb\":{\"@id\":\"https:\/\/aivlisoft.net\/shop\/producto\/fritz-box6850-lte-router-3g-4g-wifi5-dual-sim\/#breadcrumb\"},\"inLanguage\":\"es\",\"potentialAction\":[{\"@type\":\"ReadAction\",\"target\":[\"https:\/\/aivlisoft.net\/shop\/producto\/fritz-box6850-lte-router-3g-4g-wifi5-dual-sim\/\"]}]},{\"@type\":\"ImageObject\",\"inLanguage\":\"es\",\"@id\":\"https:\/\/aivlisoft.net\/shop\/producto\/fritz-box6850-lte-router-3g-4g-wifi5-dual-sim\/#primaryimage\",\"url\":\"https:\/\/aivlisoft.net\/shop\/wp-content\/uploads\/2025\/01\/NROINA0312_800.jpg\",\"contentUrl\":\"https:\/\/aivlisoft.net\/shop\/wp-content\/uploads\/2025\/01\/NROINA0312_800.jpg\",\"width\":800,\"height\":800},{\"@type\":\"BreadcrumbList\",\"@id\":\"https:\/\/aivlisoft.net\/shop\/producto\/fritz-box6850-lte-router-3g-4g-wifi5-dual-sim\/#breadcrumb\",\"itemListElement\":[{\"@type\":\"ListItem\",\"position\":1,\"name\":\"Portada\",\"item\":\"https:\/\/aivlisoft.net\/shop\/\"},{\"@type\":\"ListItem\",\"position\":2,\"name\":\"Tienda\",\"item\":\"https:\/\/aivlisoft.net\/shop\/tienda\/\"},{\"@type\":\"ListItem\",\"position\":3,\"name\":\"FRITZ! Box6850 LTE Router 3G\/4G WiFi5 Dual SIM\"}]},{\"@type\":\"WebSite\",\"@id\":\"https:\/\/aivlisoft.net\/shop\/#website\",\"url\":\"https:\/\/aivlisoft.net\/shop\/\",\"name\":\"Aivlisoft Inform\u00e1tica\",\"description\":\"En Aivlisoft Inform\u00e1tica ofrecemos soluciones tecnol\u00f3gicas para empresas: venta de ordenadores, consumibles, perif\u00e9ricos y m\u00e1s. Calidad, atenci\u00f3n personalizada y los mejores precios para tu negocio.\",\"publisher\":{\"@id\":\"https:\/\/aivlisoft.net\/shop\/#organization\"},\"potentialAction\":[{\"@type\":\"SearchAction\",\"target\":{\"@type\":\"EntryPoint\",\"urlTemplate\":\"https:\/\/aivlisoft.net\/shop\/?s={search_term_string}\"},\"query-input\":{\"@type\":\"PropertyValueSpecification\",\"valueRequired\":true,\"valueName\":\"search_term_string\"}}],\"inLanguage\":\"es\"},{\"@type\":\"Organization\",\"@id\":\"https:\/\/aivlisoft.net\/shop\/#organization\",\"name\":\"Aivlisoft Inform\u00e1tica\",\"url\":\"https:\/\/aivlisoft.net\/shop\/\",\"logo\":{\"@type\":\"ImageObject\",\"inLanguage\":\"es\",\"@id\":\"https:\/\/aivlisoft.net\/shop\/#\/schema\/logo\/image\/\",\"url\":\"https:\/\/aivlisoft.net\/shop\/wp-content\/uploads\/2024\/12\/removal.ai_5b848c54-0cdf-4140-95c5-c5536bb7573b-logodef.png\",\"contentUrl\":\"https:\/\/aivlisoft.net\/shop\/wp-content\/uploads\/2024\/12\/removal.ai_5b848c54-0cdf-4140-95c5-c5536bb7573b-logodef.png\",\"width\":484,\"height\":182,\"caption\":\"Aivlisoft Inform\u00e1tica\"},\"image\":{\"@id\":\"https:\/\/aivlisoft.net\/shop\/#\/schema\/logo\/image\/\"}}]}<\/script>\n<!-- \/ Yoast SEO plugin. -->","yoast_head_json":{"title":"FRITZ! Box6850 LTE Router 3G\/4G WiFi5 Dual SIM - Aivlisoft Inform\u00e1tica","robots":{"index":"index","follow":"follow","max-snippet":"max-snippet:-1","max-image-preview":"max-image-preview:large","max-video-preview":"max-video-preview:-1"},"canonical":"https:\/\/aivlisoft.net\/shop\/producto\/fritz-box6850-lte-router-3g-4g-wifi5-dual-sim\/","og_locale":"es_ES","og_type":"article","og_title":"FRITZ! Box6850 LTE Router 3G\/4G WiFi5 Dual SIM - Aivlisoft Inform\u00e1tica","og_description":"&nbsp; Marca FRITZ! Modelo Box6850 LTE (20002926) Internet &#8211; Router LTE con cortafuegos\/NAT, servidor DHCP, cliente DynDNS, UPnP AV &#8211; &Oacute;ptimo para la retransmisi&oacute;n de v&iacute;deo y televisi&oacute;n v&iacute;a Internet &#8211; Soporta IPv6 &#8211; Cortafuegos de inspecci&oacute;n activa de paquetes (SPI, Stateful Packet Inspection) con redireccionamiento de puertos &#8211; Acceso remoto seguro a trav&eacute;s de&hellip;&nbsp;FRITZ! Box6850 LTE Router 3G\/4G WiFi5 Dual SIM","og_url":"https:\/\/aivlisoft.net\/shop\/producto\/fritz-box6850-lte-router-3g-4g-wifi5-dual-sim\/","og_site_name":"Aivlisoft Inform\u00e1tica","article_modified_time":"2025-01-14T19:59:56+00:00","og_image":[{"width":800,"height":800,"url":"https:\/\/aivlisoft.net\/shop\/wp-content\/uploads\/2025\/01\/NROINA0312_800.jpg","type":"image\/jpeg"}],"twitter_card":"summary_large_image","twitter_misc":{"Tiempo de lectura":"4 minutos"},"schema":{"@context":"https:\/\/schema.org","@graph":[{"@type":"WebPage","@id":"https:\/\/aivlisoft.net\/shop\/producto\/fritz-box6850-lte-router-3g-4g-wifi5-dual-sim\/","url":"https:\/\/aivlisoft.net\/shop\/producto\/fritz-box6850-lte-router-3g-4g-wifi5-dual-sim\/","name":"FRITZ! Box6850 LTE Router 3G\/4G WiFi5 Dual SIM - Aivlisoft Inform\u00e1tica","isPartOf":{"@id":"https:\/\/aivlisoft.net\/shop\/#website"},"primaryImageOfPage":{"@id":"https:\/\/aivlisoft.net\/shop\/producto\/fritz-box6850-lte-router-3g-4g-wifi5-dual-sim\/#primaryimage"},"image":{"@id":"https:\/\/aivlisoft.net\/shop\/producto\/fritz-box6850-lte-router-3g-4g-wifi5-dual-sim\/#primaryimage"},"thumbnailUrl":"https:\/\/aivlisoft.net\/shop\/wp-content\/uploads\/2025\/01\/NROINA0312_800.jpg","datePublished":"2025-01-13T15:28:18+00:00","dateModified":"2025-01-14T19:59:56+00:00","breadcrumb":{"@id":"https:\/\/aivlisoft.net\/shop\/producto\/fritz-box6850-lte-router-3g-4g-wifi5-dual-sim\/#breadcrumb"},"inLanguage":"es","potentialAction":[{"@type":"ReadAction","target":["https:\/\/aivlisoft.net\/shop\/producto\/fritz-box6850-lte-router-3g-4g-wifi5-dual-sim\/"]}]},{"@type":"ImageObject","inLanguage":"es","@id":"https:\/\/aivlisoft.net\/shop\/producto\/fritz-box6850-lte-router-3g-4g-wifi5-dual-sim\/#primaryimage","url":"https:\/\/aivlisoft.net\/shop\/wp-content\/uploads\/2025\/01\/NROINA0312_800.jpg","contentUrl":"https:\/\/aivlisoft.net\/shop\/wp-content\/uploads\/2025\/01\/NROINA0312_800.jpg","width":800,"height":800},{"@type":"BreadcrumbList","@id":"https:\/\/aivlisoft.net\/shop\/producto\/fritz-box6850-lte-router-3g-4g-wifi5-dual-sim\/#breadcrumb","itemListElement":[{"@type":"ListItem","position":1,"name":"Portada","item":"https:\/\/aivlisoft.net\/shop\/"},{"@type":"ListItem","position":2,"name":"Tienda","item":"https:\/\/aivlisoft.net\/shop\/tienda\/"},{"@type":"ListItem","position":3,"name":"FRITZ! Box6850 LTE Router 3G\/4G WiFi5 Dual SIM"}]},{"@type":"WebSite","@id":"https:\/\/aivlisoft.net\/shop\/#website","url":"https:\/\/aivlisoft.net\/shop\/","name":"Aivlisoft Inform\u00e1tica","description":"En Aivlisoft Inform\u00e1tica ofrecemos soluciones tecnol\u00f3gicas para empresas: venta de ordenadores, consumibles, perif\u00e9ricos y m\u00e1s. Calidad, atenci\u00f3n personalizada y los mejores precios para tu negocio.","publisher":{"@id":"https:\/\/aivlisoft.net\/shop\/#organization"},"potentialAction":[{"@type":"SearchAction","target":{"@type":"EntryPoint","urlTemplate":"https:\/\/aivlisoft.net\/shop\/?s={search_term_string}"},"query-input":{"@type":"PropertyValueSpecification","valueRequired":true,"valueName":"search_term_string"}}],"inLanguage":"es"},{"@type":"Organization","@id":"https:\/\/aivlisoft.net\/shop\/#organization","name":"Aivlisoft Inform\u00e1tica","url":"https:\/\/aivlisoft.net\/shop\/","logo":{"@type":"ImageObject","inLanguage":"es","@id":"https:\/\/aivlisoft.net\/shop\/#\/schema\/logo\/image\/","url":"https:\/\/aivlisoft.net\/shop\/wp-content\/uploads\/2024\/12\/removal.ai_5b848c54-0cdf-4140-95c5-c5536bb7573b-logodef.png","contentUrl":"https:\/\/aivlisoft.net\/shop\/wp-content\/uploads\/2024\/12\/removal.ai_5b848c54-0cdf-4140-95c5-c5536bb7573b-logodef.png","width":484,"height":182,"caption":"Aivlisoft Inform\u00e1tica"},"image":{"@id":"https:\/\/aivlisoft.net\/shop\/#\/schema\/logo\/image\/"}}]}},"_links":{"self":[{"href":"https:\/\/aivlisoft.net\/shop\/wp-json\/wp\/v2\/product\/19039","targetHints":{"allow":["GET"]}}],"collection":[{"href":"https:\/\/aivlisoft.net\/shop\/wp-json\/wp\/v2\/product"}],"about":[{"href":"https:\/\/aivlisoft.net\/shop\/wp-json\/wp\/v2\/types\/product"}],"wp:featuredmedia":[{"embeddable":true,"href":"https:\/\/aivlisoft.net\/shop\/wp-json\/wp\/v2\/media\/19040"}],"wp:attachment":[{"href":"https:\/\/aivlisoft.net\/shop\/wp-json\/wp\/v2\/media?parent=19039"}],"wp:term":[{"taxonomy":"product_brand","embeddable":true,"href":"https:\/\/aivlisoft.net\/shop\/wp-json\/wp\/v2\/product_brand?post=19039"},{"taxonomy":"product_cat","embeddable":true,"href":"https:\/\/aivlisoft.net\/shop\/wp-json\/wp\/v2\/product_cat?post=19039"},{"taxonomy":"product_tag","embeddable":true,"href":"https:\/\/aivlisoft.net\/shop\/wp-json\/wp\/v2\/product_tag?post=19039"}],"curies":[{"name":"wp","href":"https:\/\/api.w.org\/{rel}","templated":true}]}}