{"id":19035,"date":"2025-01-13T15:28:16","date_gmt":"2025-01-13T15:28:16","guid":{"rendered":"https:\/\/aivlisoft.com\/?post_type=product&#038;p=19035"},"modified":"2025-01-14T19:59:57","modified_gmt":"2025-01-14T19:59:57","slug":"tp-link-tl-mr100-router-4g-lte-wifi-n300","status":"publish","type":"product","link":"https:\/\/aivlisoft.net\/shop\/producto\/tp-link-tl-mr100-router-4g-lte-wifi-n300\/","title":{"rendered":"TP-LINK TL-MR100 Router 4G LTE WiFi N300"},"content":{"rendered":"<p><\/p>\n<table>\n<tbody>\n<tr>\n<td><strong>Marca<\/strong><\/td>\n<td>TP-Link<\/td>\n<\/tr>\n<tr>\n<td><strong>Modelo<\/strong><\/td>\n<td><strong>TL-MR100<\/strong><\/td>\n<\/tr>\n<tr>\n<td><strong>Caracteristicas de Hardware<\/strong><\/td>\n<td>&#8211; Interfaz: <br \/>&nbsp; 1 x puerto LAN de 10 \/ 100Mbps<br \/>&nbsp; 1 x puerto LAN \/ WAN de 10 \/ 100Mbps<br \/>&nbsp; 1 x ranura para tarjeta micro SIM<br \/>&#8211; Botones: Bot&oacute;n WPS\/Reset<br \/>&#8211; External Power Supply(EU): 9V\/0.85A<br \/>&#8211; Dimensiones: 154&times;114&times;36 mm (6.06&times;4.49&times;1.42 in)<br \/>&#8211; Antenas: 2 Antenas Desmontables Externas 4G LTE<\/td>\n<\/tr>\n<tr>\n<td><strong>Caracteristicas Inal&aacute;mbricas<\/strong><\/td>\n<td>&#8211; Est&aacute;ndares Inal&aacute;mbricos: IEEE 802.11b\/g\/n<br \/>&#8211; Frecuencia: 2.4 GHz<br \/>&#8211; Tasa de Se&ntilde;al: 300 Mbps<br \/>&#8211; Sensibilidad de Recepci&oacute;n:<br \/>&nbsp; 11g 54M: -74 dBm<br \/>&nbsp; 11n HT20: -71 dBm<br \/>&nbsp; 11n HT40: -68 dBm<br \/>&#8211; Potencia de Transmisi&oacute;n: &lt; 20 dBm (2.4 GHz)<br \/>&#8211; Funciones Inal&aacute;mbricas: Activar \/ Desactivar radio inal&aacute;mbrica, programaci&oacute;n inal&aacute;mbrica, WMM, Estad&iacute;stica inal&aacute;mbrica<br \/>&#8211; WAN Failover: Si<br \/>&#8211; Seguridad Inal&aacute;mbrica: 64\/128-bit WEP, WPA\/WPA2, WPA-PSK\/WPA2-PSK encryptions<br \/>&#8211; Tipo de Red:<br \/>&nbsp; 4G: FDD-LTE: B1\/B3\/B5\/B7\/B8\/B20 (2100\/1800\/850\/2600\/900\/800 MHz)<br \/>&nbsp; TDD-LTE: B38\/B40\/B41 (2600\/2300\/2500 MHz)<br \/>&nbsp; 3G: HSPA\/UMTS: B1\/B5\/B8 (2100\/850\/900 MHz)<\/td>\n<\/tr>\n<tr>\n<td><strong>Caracter&iacute;sticas Software<\/strong><\/td>\n<td>&#8211; Seguridad: Servidor de seguridad IPv4 SPI, enlace de direcciones IP y MAC<br \/>&#8211; Modo de Funcionamiento: Router 3G \/ 4G, router inal&aacute;mbrico<br \/>&#8211; Tipo de WAN: IP din&aacute;mica \/ IP est&aacute;tica \/ PPPoE \/ PPTP (doble acceso) \/ L2TP (doble acceso)<br \/>&#8211; Gesti&oacute;n: Gesti&oacute;n local, gesti&oacute;n remota<br \/>&#8211; DHCP: Servidor, Lista de clientes DHCP, Reserva de direcciones<br \/>&#8211; Reenv&iacute;o de Puertos: ALG, servidor virtual, activaci&oacute;n de puertos, UPnP, DMZ<br \/>&#8211; DNS Din&aacute;mico: DynDns, NO-IP<br \/>&#8211; Protocolos: IPv4, IPv6<br \/>&#8211; Red de Invitados: 2.4 GHz Red de invitados<br \/>&#8211; Administration: Actualizaci&oacute;n de firmware, valores predeterminados de f&aacute;brica, registro del sistema, herramientas de diagn&oacute;stico<\/td>\n<\/tr>\n<tr>\n<td><strong>Otros<\/strong><\/td>\n<td>&#8211; Certificaciones: CE, RoHS<br \/>&#8211; Contenido:<br \/>&nbsp; 300 Mbps inal&aacute;mbrico N 4G LTE TL-MR100<br \/>&nbsp; Adaptador de corriente<br \/>&nbsp; Cable Ethernet RJ45<br \/>&nbsp; Gu&iacute;a de Instalaci&oacute;n R&aacute;pida<br \/>&#8211; Requisitos:<br \/>&nbsp; Microsoft Windows 98SE \/ NT \/ 2000 \/ XP \/ Vista &trade; \/ 7\/8 \/ 8.1 \/ 10, MAC OS, NetWare, UNIX o Linux<br \/>&nbsp; Internet Explorer 11, Firefox 12.0, Chrome 20.0, Safari 4.0 u otro<br \/>&nbsp; Navegador habilitado para Java<br \/>&nbsp; Tarjeta micro SIM<\/td>\n<\/tr>\n<tr>\n<td><strong>Fecha de revisi&oacute;n<\/strong><\/td>\n<td>18-11-2020 por MSB<\/td>\n<\/tr>\n<\/tbody>\n<\/table>\n","protected":false},"excerpt":{"rendered":"<p>Marca TP-Link Modelo TL-MR100 Caracteristicas de Hardware &#8211; Interfaz: &nbsp; 1 x puerto LAN de 10 \/ 100Mbps&nbsp; 1 x puerto LAN \/ WAN de 10 \/ 100Mbps&nbsp; 1 x ranura para tarjeta micro SIM&#8211; Botones: Bot&oacute;n WPS\/Reset&#8211; External Power Supply(EU): 9V\/0.85A&#8211; Dimensiones: 154&times;114&times;36 mm (6.06&times;4.49&times;1.42 in)&#8211; Antenas: 2 Antenas Desmontables Externas 4G LTE Caracteristicas&hellip;&nbsp;<a href=\"https:\/\/aivlisoft.net\/shop\/producto\/tp-link-tl-mr100-router-4g-lte-wifi-n300\/\" rel=\"bookmark\"><span class=\"screen-reader-text\">TP-LINK TL-MR100 Router 4G LTE WiFi N300<\/span><\/a><\/p>\n","protected":false},"featured_media":19036,"template":"","meta":{"neve_meta_sidebar":"","neve_meta_container":"","neve_meta_enable_content_width":"","neve_meta_content_width":0,"neve_meta_title_alignment":"","neve_meta_author_avatar":"","neve_post_elements_order":"","neve_meta_disable_header":"","neve_meta_disable_footer":"","neve_meta_disable_title":""},"product_brand":[],"product_cat":[15,8768,6832],"product_tag":[6904],"class_list":{"0":"post-19035","1":"product","2":"type-product","3":"status-publish","4":"has-post-thumbnail","6":"product_cat-sin-categorizar","7":"product_cat-routers-adsl","8":"product_cat-routers-modems","9":"product_tag-tl-mr100","11":"first","12":"instock","13":"taxable","14":"shipping-taxable","15":"purchasable","16":"product-type-simple"},"yoast_head":"<!-- This site is optimized with the Yoast SEO plugin v26.0 - https:\/\/yoast.com\/wordpress\/plugins\/seo\/ -->\n<title>TP-LINK TL-MR100 Router 4G LTE WiFi N300 - Aivlisoft Inform\u00e1tica<\/title>\n<meta name=\"robots\" content=\"index, follow, max-snippet:-1, max-image-preview:large, max-video-preview:-1\" \/>\n<link rel=\"canonical\" href=\"https:\/\/aivlisoft.net\/shop\/producto\/tp-link-tl-mr100-router-4g-lte-wifi-n300\/\" \/>\n<meta property=\"og:locale\" content=\"es_ES\" \/>\n<meta property=\"og:type\" content=\"article\" \/>\n<meta property=\"og:title\" content=\"TP-LINK TL-MR100 Router 4G LTE WiFi N300 - Aivlisoft Inform\u00e1tica\" \/>\n<meta property=\"og:description\" content=\"Marca TP-Link Modelo TL-MR100 Caracteristicas de Hardware &#8211; Interfaz: &nbsp; 1 x puerto LAN de 10 \/ 100Mbps&nbsp; 1 x puerto LAN \/ WAN de 10 \/ 100Mbps&nbsp; 1 x ranura para tarjeta micro SIM&#8211; Botones: Bot&oacute;n WPS\/Reset&#8211; External Power Supply(EU): 9V\/0.85A&#8211; Dimensiones: 154&times;114&times;36 mm (6.06&times;4.49&times;1.42 in)&#8211; Antenas: 2 Antenas Desmontables Externas 4G LTE Caracteristicas&hellip;&nbsp;TP-LINK TL-MR100 Router 4G LTE WiFi N300\" \/>\n<meta property=\"og:url\" content=\"https:\/\/aivlisoft.net\/shop\/producto\/tp-link-tl-mr100-router-4g-lte-wifi-n300\/\" \/>\n<meta property=\"og:site_name\" content=\"Aivlisoft Inform\u00e1tica\" \/>\n<meta property=\"article:modified_time\" content=\"2025-01-14T19:59:57+00:00\" \/>\n<meta property=\"og:image\" content=\"https:\/\/aivlisoft.net\/shop\/wp-content\/uploads\/2025\/01\/NROINA0308_800.jpg\" \/>\n\t<meta property=\"og:image:width\" content=\"800\" \/>\n\t<meta property=\"og:image:height\" content=\"800\" \/>\n\t<meta property=\"og:image:type\" content=\"image\/jpeg\" \/>\n<meta name=\"twitter:card\" content=\"summary_large_image\" \/>\n<meta name=\"twitter:label1\" content=\"Tiempo de lectura\" \/>\n\t<meta name=\"twitter:data1\" content=\"2 minutos\" \/>\n<script type=\"application\/ld+json\" class=\"yoast-schema-graph\">{\"@context\":\"https:\/\/schema.org\",\"@graph\":[{\"@type\":\"WebPage\",\"@id\":\"https:\/\/aivlisoft.net\/shop\/producto\/tp-link-tl-mr100-router-4g-lte-wifi-n300\/\",\"url\":\"https:\/\/aivlisoft.net\/shop\/producto\/tp-link-tl-mr100-router-4g-lte-wifi-n300\/\",\"name\":\"TP-LINK TL-MR100 Router 4G LTE WiFi N300 - Aivlisoft Inform\u00e1tica\",\"isPartOf\":{\"@id\":\"https:\/\/aivlisoft.net\/shop\/#website\"},\"primaryImageOfPage\":{\"@id\":\"https:\/\/aivlisoft.net\/shop\/producto\/tp-link-tl-mr100-router-4g-lte-wifi-n300\/#primaryimage\"},\"image\":{\"@id\":\"https:\/\/aivlisoft.net\/shop\/producto\/tp-link-tl-mr100-router-4g-lte-wifi-n300\/#primaryimage\"},\"thumbnailUrl\":\"https:\/\/aivlisoft.net\/shop\/wp-content\/uploads\/2025\/01\/NROINA0308_800.jpg\",\"datePublished\":\"2025-01-13T15:28:16+00:00\",\"dateModified\":\"2025-01-14T19:59:57+00:00\",\"breadcrumb\":{\"@id\":\"https:\/\/aivlisoft.net\/shop\/producto\/tp-link-tl-mr100-router-4g-lte-wifi-n300\/#breadcrumb\"},\"inLanguage\":\"es\",\"potentialAction\":[{\"@type\":\"ReadAction\",\"target\":[\"https:\/\/aivlisoft.net\/shop\/producto\/tp-link-tl-mr100-router-4g-lte-wifi-n300\/\"]}]},{\"@type\":\"ImageObject\",\"inLanguage\":\"es\",\"@id\":\"https:\/\/aivlisoft.net\/shop\/producto\/tp-link-tl-mr100-router-4g-lte-wifi-n300\/#primaryimage\",\"url\":\"https:\/\/aivlisoft.net\/shop\/wp-content\/uploads\/2025\/01\/NROINA0308_800.jpg\",\"contentUrl\":\"https:\/\/aivlisoft.net\/shop\/wp-content\/uploads\/2025\/01\/NROINA0308_800.jpg\",\"width\":800,\"height\":800},{\"@type\":\"BreadcrumbList\",\"@id\":\"https:\/\/aivlisoft.net\/shop\/producto\/tp-link-tl-mr100-router-4g-lte-wifi-n300\/#breadcrumb\",\"itemListElement\":[{\"@type\":\"ListItem\",\"position\":1,\"name\":\"Portada\",\"item\":\"https:\/\/aivlisoft.net\/shop\/\"},{\"@type\":\"ListItem\",\"position\":2,\"name\":\"Tienda\",\"item\":\"https:\/\/aivlisoft.net\/shop\/tienda\/\"},{\"@type\":\"ListItem\",\"position\":3,\"name\":\"TP-LINK TL-MR100 Router 4G LTE WiFi N300\"}]},{\"@type\":\"WebSite\",\"@id\":\"https:\/\/aivlisoft.net\/shop\/#website\",\"url\":\"https:\/\/aivlisoft.net\/shop\/\",\"name\":\"Aivlisoft Inform\u00e1tica\",\"description\":\"En Aivlisoft Inform\u00e1tica ofrecemos soluciones tecnol\u00f3gicas para empresas: venta de ordenadores, consumibles, perif\u00e9ricos y m\u00e1s. Calidad, atenci\u00f3n personalizada y los mejores precios para tu negocio.\",\"publisher\":{\"@id\":\"https:\/\/aivlisoft.net\/shop\/#organization\"},\"potentialAction\":[{\"@type\":\"SearchAction\",\"target\":{\"@type\":\"EntryPoint\",\"urlTemplate\":\"https:\/\/aivlisoft.net\/shop\/?s={search_term_string}\"},\"query-input\":{\"@type\":\"PropertyValueSpecification\",\"valueRequired\":true,\"valueName\":\"search_term_string\"}}],\"inLanguage\":\"es\"},{\"@type\":\"Organization\",\"@id\":\"https:\/\/aivlisoft.net\/shop\/#organization\",\"name\":\"Aivlisoft Inform\u00e1tica\",\"url\":\"https:\/\/aivlisoft.net\/shop\/\",\"logo\":{\"@type\":\"ImageObject\",\"inLanguage\":\"es\",\"@id\":\"https:\/\/aivlisoft.net\/shop\/#\/schema\/logo\/image\/\",\"url\":\"https:\/\/aivlisoft.net\/shop\/wp-content\/uploads\/2024\/12\/removal.ai_5b848c54-0cdf-4140-95c5-c5536bb7573b-logodef.png\",\"contentUrl\":\"https:\/\/aivlisoft.net\/shop\/wp-content\/uploads\/2024\/12\/removal.ai_5b848c54-0cdf-4140-95c5-c5536bb7573b-logodef.png\",\"width\":484,\"height\":182,\"caption\":\"Aivlisoft Inform\u00e1tica\"},\"image\":{\"@id\":\"https:\/\/aivlisoft.net\/shop\/#\/schema\/logo\/image\/\"}}]}<\/script>\n<!-- \/ Yoast SEO plugin. -->","yoast_head_json":{"title":"TP-LINK TL-MR100 Router 4G LTE WiFi N300 - Aivlisoft Inform\u00e1tica","robots":{"index":"index","follow":"follow","max-snippet":"max-snippet:-1","max-image-preview":"max-image-preview:large","max-video-preview":"max-video-preview:-1"},"canonical":"https:\/\/aivlisoft.net\/shop\/producto\/tp-link-tl-mr100-router-4g-lte-wifi-n300\/","og_locale":"es_ES","og_type":"article","og_title":"TP-LINK TL-MR100 Router 4G LTE WiFi N300 - Aivlisoft Inform\u00e1tica","og_description":"Marca TP-Link Modelo TL-MR100 Caracteristicas de Hardware &#8211; Interfaz: &nbsp; 1 x puerto LAN de 10 \/ 100Mbps&nbsp; 1 x puerto LAN \/ WAN de 10 \/ 100Mbps&nbsp; 1 x ranura para tarjeta micro SIM&#8211; Botones: Bot&oacute;n WPS\/Reset&#8211; External Power Supply(EU): 9V\/0.85A&#8211; Dimensiones: 154&times;114&times;36 mm (6.06&times;4.49&times;1.42 in)&#8211; Antenas: 2 Antenas Desmontables Externas 4G LTE Caracteristicas&hellip;&nbsp;TP-LINK TL-MR100 Router 4G LTE WiFi N300","og_url":"https:\/\/aivlisoft.net\/shop\/producto\/tp-link-tl-mr100-router-4g-lte-wifi-n300\/","og_site_name":"Aivlisoft Inform\u00e1tica","article_modified_time":"2025-01-14T19:59:57+00:00","og_image":[{"width":800,"height":800,"url":"https:\/\/aivlisoft.net\/shop\/wp-content\/uploads\/2025\/01\/NROINA0308_800.jpg","type":"image\/jpeg"}],"twitter_card":"summary_large_image","twitter_misc":{"Tiempo de lectura":"2 minutos"},"schema":{"@context":"https:\/\/schema.org","@graph":[{"@type":"WebPage","@id":"https:\/\/aivlisoft.net\/shop\/producto\/tp-link-tl-mr100-router-4g-lte-wifi-n300\/","url":"https:\/\/aivlisoft.net\/shop\/producto\/tp-link-tl-mr100-router-4g-lte-wifi-n300\/","name":"TP-LINK TL-MR100 Router 4G LTE WiFi N300 - Aivlisoft Inform\u00e1tica","isPartOf":{"@id":"https:\/\/aivlisoft.net\/shop\/#website"},"primaryImageOfPage":{"@id":"https:\/\/aivlisoft.net\/shop\/producto\/tp-link-tl-mr100-router-4g-lte-wifi-n300\/#primaryimage"},"image":{"@id":"https:\/\/aivlisoft.net\/shop\/producto\/tp-link-tl-mr100-router-4g-lte-wifi-n300\/#primaryimage"},"thumbnailUrl":"https:\/\/aivlisoft.net\/shop\/wp-content\/uploads\/2025\/01\/NROINA0308_800.jpg","datePublished":"2025-01-13T15:28:16+00:00","dateModified":"2025-01-14T19:59:57+00:00","breadcrumb":{"@id":"https:\/\/aivlisoft.net\/shop\/producto\/tp-link-tl-mr100-router-4g-lte-wifi-n300\/#breadcrumb"},"inLanguage":"es","potentialAction":[{"@type":"ReadAction","target":["https:\/\/aivlisoft.net\/shop\/producto\/tp-link-tl-mr100-router-4g-lte-wifi-n300\/"]}]},{"@type":"ImageObject","inLanguage":"es","@id":"https:\/\/aivlisoft.net\/shop\/producto\/tp-link-tl-mr100-router-4g-lte-wifi-n300\/#primaryimage","url":"https:\/\/aivlisoft.net\/shop\/wp-content\/uploads\/2025\/01\/NROINA0308_800.jpg","contentUrl":"https:\/\/aivlisoft.net\/shop\/wp-content\/uploads\/2025\/01\/NROINA0308_800.jpg","width":800,"height":800},{"@type":"BreadcrumbList","@id":"https:\/\/aivlisoft.net\/shop\/producto\/tp-link-tl-mr100-router-4g-lte-wifi-n300\/#breadcrumb","itemListElement":[{"@type":"ListItem","position":1,"name":"Portada","item":"https:\/\/aivlisoft.net\/shop\/"},{"@type":"ListItem","position":2,"name":"Tienda","item":"https:\/\/aivlisoft.net\/shop\/tienda\/"},{"@type":"ListItem","position":3,"name":"TP-LINK TL-MR100 Router 4G LTE WiFi N300"}]},{"@type":"WebSite","@id":"https:\/\/aivlisoft.net\/shop\/#website","url":"https:\/\/aivlisoft.net\/shop\/","name":"Aivlisoft Inform\u00e1tica","description":"En Aivlisoft Inform\u00e1tica ofrecemos soluciones tecnol\u00f3gicas para empresas: venta de ordenadores, consumibles, perif\u00e9ricos y m\u00e1s. Calidad, atenci\u00f3n personalizada y los mejores precios para tu negocio.","publisher":{"@id":"https:\/\/aivlisoft.net\/shop\/#organization"},"potentialAction":[{"@type":"SearchAction","target":{"@type":"EntryPoint","urlTemplate":"https:\/\/aivlisoft.net\/shop\/?s={search_term_string}"},"query-input":{"@type":"PropertyValueSpecification","valueRequired":true,"valueName":"search_term_string"}}],"inLanguage":"es"},{"@type":"Organization","@id":"https:\/\/aivlisoft.net\/shop\/#organization","name":"Aivlisoft Inform\u00e1tica","url":"https:\/\/aivlisoft.net\/shop\/","logo":{"@type":"ImageObject","inLanguage":"es","@id":"https:\/\/aivlisoft.net\/shop\/#\/schema\/logo\/image\/","url":"https:\/\/aivlisoft.net\/shop\/wp-content\/uploads\/2024\/12\/removal.ai_5b848c54-0cdf-4140-95c5-c5536bb7573b-logodef.png","contentUrl":"https:\/\/aivlisoft.net\/shop\/wp-content\/uploads\/2024\/12\/removal.ai_5b848c54-0cdf-4140-95c5-c5536bb7573b-logodef.png","width":484,"height":182,"caption":"Aivlisoft Inform\u00e1tica"},"image":{"@id":"https:\/\/aivlisoft.net\/shop\/#\/schema\/logo\/image\/"}}]}},"_links":{"self":[{"href":"https:\/\/aivlisoft.net\/shop\/wp-json\/wp\/v2\/product\/19035","targetHints":{"allow":["GET"]}}],"collection":[{"href":"https:\/\/aivlisoft.net\/shop\/wp-json\/wp\/v2\/product"}],"about":[{"href":"https:\/\/aivlisoft.net\/shop\/wp-json\/wp\/v2\/types\/product"}],"wp:featuredmedia":[{"embeddable":true,"href":"https:\/\/aivlisoft.net\/shop\/wp-json\/wp\/v2\/media\/19036"}],"wp:attachment":[{"href":"https:\/\/aivlisoft.net\/shop\/wp-json\/wp\/v2\/media?parent=19035"}],"wp:term":[{"taxonomy":"product_brand","embeddable":true,"href":"https:\/\/aivlisoft.net\/shop\/wp-json\/wp\/v2\/product_brand?post=19035"},{"taxonomy":"product_cat","embeddable":true,"href":"https:\/\/aivlisoft.net\/shop\/wp-json\/wp\/v2\/product_cat?post=19035"},{"taxonomy":"product_tag","embeddable":true,"href":"https:\/\/aivlisoft.net\/shop\/wp-json\/wp\/v2\/product_tag?post=19035"}],"curies":[{"name":"wp","href":"https:\/\/api.w.org\/{rel}","templated":true}]}}