{"id":19030,"date":"2025-01-13T15:28:13","date_gmt":"2025-01-13T15:28:13","guid":{"rendered":"https:\/\/aivlisoft.com\/?post_type=product&#038;p=19030"},"modified":"2025-01-14T19:59:57","modified_gmt":"2025-01-14T19:59:57","slug":"zyxel-nbg7815-router-wifi6-ax6000-12-str-multi-gb","status":"publish","type":"product","link":"https:\/\/aivlisoft.net\/shop\/producto\/zyxel-nbg7815-router-wifi6-ax6000-12-str-multi-gb\/","title":{"rendered":"Zyxel NBG7815 Router WiFi6 AX6000 12-Str Multi-Gb"},"content":{"rendered":"<p>&nbsp;<\/p>\n<table class=\"tabla_caracteristicas\" width=\"100%\">\n<tr>\n<td><strong>Marca<\/strong><\/td>\n<td>ZyXEL<\/td>\n<\/tr>\n<tr>\n<td><strong>Modelo<\/strong><\/td>\n<td><strong>NBG7815-EU0102F<\/strong><\/td>\n<\/tr>\n<tr>\n<td><strong>Especificaciones hardware<\/strong><\/td>\n<td>&#8211; CPU: 64 bits de cuatro n&uacute;cleos a 2,2 GHz<br \/>\t\t\t&#8211; Memoria: 4GB Flash \/ 1GB RAM<br \/>\t\t\t&#8211; Interfaz Ethernet:<br \/>\t\t\t&nbsp; WAN: un puerto Ethernet RJ-45 de 100 M \/ 1000 M \/ 2,5 Gbps con soporte autom&aacute;tico MDI \/ MDIX<br \/>\t\t\t&nbsp; LAN: Un puerto Ethernet RJ-45 100M \/ 1000M \/ 2.5G \/ 5G \/ 10Gbps con soporte autom&aacute;tico MDI \/ MDIX<br \/>\t\t\t&nbsp; LAN: Cuatro puertos Ethernet RJ-45 de 10 M \/ 100 M \/ 1000 Mbps con soporte autom&aacute;tico MDI \/ MDIX<br \/>\t\t\t&#8211; Antena: 13 antenas internas<br \/>\t\t\t&#8211; Bot&oacute;n: bot&oacute;n de reinicio<br \/>\t\t\t&#8211; Potencia nominal:<br \/>\t\t\t&nbsp; Energ&iacute;a: 19V \/ 2.1A<br \/>\t\t\t&nbsp; Consumo de energ&iacute;a: 39 W m&aacute;x.<br \/>\t\t\t&#8211; Funciones USB: SMB, CIFS, FTP, servidor de impresi&oacute;n<br \/>\t\t\t&#8211; Especificaciones f&iacute;sicas:<br \/>\t\t\t&nbsp; Dimensiones(WxDxH): 248 x 182 x 66 mm<br \/>\t\t\t&nbsp; Peso: 1 kg<\/td>\n<\/tr>\n<tr>\n<td><strong>Especificaciones de sistema<\/strong><\/td>\n<td>&#8211; Velocidad inal&aacute;mbrica: AX6000 (1200 + 4800 Mbps)<br \/>\t\t\t&#8211; Cumplimiento de est&aacute;ndares:<br \/>\t\t\t&nbsp; IEEE 802.11 b \/ g \/ n \/ ax 2.4 GHz<br \/>\t\t\t&nbsp; IEEE 802.11 a \/ n \/ ac \/ ax 5 GHz<br \/>\t\t\t&nbsp; 2.4GHz AX: 4&#215;4 (Tx \/ Rx) 1024 QAM 20\/40 MHz, hasta 1.2 Gbps<br \/>\t\t\t&nbsp; 5GHz AX: 8&#215;8 (Tx \/ Rx) 1024 QAM 20\/40\/80\/160 MHz, hasta 4.8 Gbps<br \/>\t\t\t&nbsp; Compatible con los est&aacute;ndares WiFi 802.11a \/ b \/ g \/ n \/ ac<br \/>\t\t\t&#8211; Velocidad de transmisi&oacute;n:<br \/>\t\t\t&nbsp; Transmitir:<br \/>\t\t\t&nbsp;&nbsp;&nbsp; 1200 Mbps * para 2,4 GHz<br \/>\t\t\t&nbsp;&nbsp;&nbsp; 4800 Mbps * para 5 GHz<br \/>\t\t\t&nbsp; Recibir:<br \/>\t\t\t&nbsp;&nbsp;&nbsp; 1200 Mbps * para 2,4 GHz<br \/>\t\t\t&nbsp;&nbsp;&nbsp; 4800 Mbps * para 5 GHz<\/td>\n<\/tr>\n<tr>\n<td><strong>Especificaciones Software<\/strong><\/td>\n<td>&#8211; Seguridad:<br \/>\t\t\t&nbsp; Paso de IPSec<br \/>\t\t\t&nbsp; Paso de PPTP<br \/>\t\t\t&nbsp; Paso a trav&eacute;s de L2TP<br \/>\t\t\t&nbsp; Soporte VPN (OpenVPN)<br \/>\t\t\t&nbsp; Soporte de cliente VPN<br \/>\t\t\t&nbsp; WPA3-PSK<br \/>\t\t\t&nbsp; Soporte WPS<br \/>\t\t\t&nbsp; Red de invitados<br \/>\t\t\t&nbsp; Actualizaci&oacute;n autom&aacute;tica de firmware<br \/>\t\t\t&#8211; Funciones inal&aacute;mbricas:<br \/>\t\t\t&nbsp; WiFi para invitados<br \/>\t\t\t&nbsp; Configuraci&oacute;n protegida WiFi (WPS)<br \/>\t\t\t&nbsp; Multimedia WiFi (WMM)<br \/>\t\t\t&nbsp; Selecci&oacute;n autom&aacute;tica de canales<br \/>\t\t\t&nbsp; Programaci&oacute;n inal&aacute;mbrica<br \/>\t\t\t&nbsp; Filtrado de direcciones MAC<br \/>\t\t\t&#8211; Interfaz cableada:<br \/>\t\t\t&nbsp; Un puerto WAN de 2.5G \/ 1G<br \/>\t\t\t&nbsp; Un puerto LAN 10G \/ 5G \/ 2.5G \/ 1G<br \/>\t\t\t&nbsp; Cuatro puertos Gigabit Ethernet de 1000\/100\/10 Mbps<br \/>\t\t\t&nbsp; Un puerto USB 3.1 Gen 2<br \/>\t\t\t&#8211; Protocolos de enrutamiento:<br \/>\t\t\t&nbsp; Tipo de WAN: IP est&aacute;tica, DHCP, PPPoE, PPTP<br \/>\t\t\t&nbsp; IGMP v1 \/ v2<br \/>\t\t\t&nbsp; Cambio autom&aacute;tico de IP<br \/>\t\t\t&nbsp; IPv4 \/ IPv6<br \/>\t\t\t&nbsp; Traducci&oacute;n de direcciones de red (NAT)<br \/>\t\t\t&nbsp; Servidor \/ cliente DHCP<br \/>\t\t\t&nbsp; DNS Din&aacute;mico<br \/>\t\t\t&#8211; Cortafuegos:<br \/>\t\t\t&nbsp; Inspecci&oacute;n completa de paquetes (SPI)<br \/>\t\t\t&nbsp; Prevenci&oacute;n de denegaci&oacute;n de servicio (DoS)<br \/>\t\t\t&nbsp; filtro MAC<br \/>\t\t\t&nbsp; Filtro TCP \/ IP<br \/>\t\t\t&#8211; Modo de operaci&oacute;n:<br \/>\t\t\t&nbsp; Modo est&aacute;ndar (modo enrutador)<br \/>\t\t\t&nbsp; Modo puente (modo de punto de acceso)<br \/>\t\t\t&#8211; Navegador web:<br \/>\t\t\t&nbsp; Configuraci&oacute;n y administraci&oacute;n avanzada por cable e inal&aacute;mbrica<br \/>\t\t\t&nbsp; Diagn&oacute;stico y prueba de velocidad<br \/>\t\t\t&nbsp; Control parental<\/td>\n<\/tr>\n<tr>\n<td><strong>Fecha de revisi&oacute;n<\/strong><\/td>\n<td>01-02-2021 por MSB<\/td>\n<\/tr>\n<\/table>\n","protected":false},"excerpt":{"rendered":"<p>&nbsp; Marca ZyXEL Modelo NBG7815-EU0102F Especificaciones hardware &#8211; CPU: 64 bits de cuatro n&uacute;cleos a 2,2 GHz &#8211; Memoria: 4GB Flash \/ 1GB RAM &#8211; Interfaz Ethernet: &nbsp; WAN: un puerto Ethernet RJ-45 de 100 M \/ 1000 M \/ 2,5 Gbps con soporte autom&aacute;tico MDI \/ MDIX &nbsp; LAN: Un puerto Ethernet RJ-45 100M&hellip;&nbsp;<a href=\"https:\/\/aivlisoft.net\/shop\/producto\/zyxel-nbg7815-router-wifi6-ax6000-12-str-multi-gb\/\" rel=\"bookmark\"><span class=\"screen-reader-text\">Zyxel NBG7815 Router WiFi6 AX6000 12-Str Multi-Gb<\/span><\/a><\/p>\n","protected":false},"featured_media":19031,"template":"","meta":{"neve_meta_sidebar":"","neve_meta_container":"","neve_meta_enable_content_width":"","neve_meta_content_width":0,"neve_meta_title_alignment":"","neve_meta_author_avatar":"","neve_post_elements_order":"","neve_meta_disable_header":"","neve_meta_disable_footer":"","neve_meta_disable_title":""},"product_brand":[],"product_cat":[15,8768,6832],"product_tag":[6903],"class_list":{"0":"post-19030","1":"product","2":"type-product","3":"status-publish","4":"has-post-thumbnail","6":"product_cat-sin-categorizar","7":"product_cat-routers-adsl","8":"product_cat-routers-modems","9":"product_tag-nbg7815-eu0102f","11":"first","12":"instock","13":"taxable","14":"shipping-taxable","15":"purchasable","16":"product-type-simple"},"yoast_head":"<!-- This site is optimized with the Yoast SEO plugin v26.0 - https:\/\/yoast.com\/wordpress\/plugins\/seo\/ -->\n<title>Zyxel NBG7815 Router WiFi6 AX6000 12-Str Multi-Gb - Aivlisoft Inform\u00e1tica<\/title>\n<meta name=\"robots\" content=\"index, follow, max-snippet:-1, max-image-preview:large, max-video-preview:-1\" \/>\n<link rel=\"canonical\" href=\"https:\/\/aivlisoft.net\/shop\/producto\/zyxel-nbg7815-router-wifi6-ax6000-12-str-multi-gb\/\" \/>\n<meta property=\"og:locale\" content=\"es_ES\" \/>\n<meta property=\"og:type\" content=\"article\" \/>\n<meta property=\"og:title\" content=\"Zyxel NBG7815 Router WiFi6 AX6000 12-Str Multi-Gb - Aivlisoft Inform\u00e1tica\" \/>\n<meta property=\"og:description\" content=\"&nbsp; Marca ZyXEL Modelo NBG7815-EU0102F Especificaciones hardware &#8211; CPU: 64 bits de cuatro n&uacute;cleos a 2,2 GHz &#8211; Memoria: 4GB Flash \/ 1GB RAM &#8211; Interfaz Ethernet: &nbsp; WAN: un puerto Ethernet RJ-45 de 100 M \/ 1000 M \/ 2,5 Gbps con soporte autom&aacute;tico MDI \/ MDIX &nbsp; LAN: Un puerto Ethernet RJ-45 100M&hellip;&nbsp;Zyxel NBG7815 Router WiFi6 AX6000 12-Str Multi-Gb\" \/>\n<meta property=\"og:url\" content=\"https:\/\/aivlisoft.net\/shop\/producto\/zyxel-nbg7815-router-wifi6-ax6000-12-str-multi-gb\/\" \/>\n<meta property=\"og:site_name\" content=\"Aivlisoft Inform\u00e1tica\" \/>\n<meta property=\"article:modified_time\" content=\"2025-01-14T19:59:57+00:00\" \/>\n<meta property=\"og:image\" content=\"https:\/\/aivlisoft.net\/shop\/wp-content\/uploads\/2025\/01\/NROINA0306_800.jpg\" \/>\n\t<meta property=\"og:image:width\" content=\"800\" \/>\n\t<meta property=\"og:image:height\" content=\"800\" \/>\n\t<meta property=\"og:image:type\" content=\"image\/jpeg\" \/>\n<meta name=\"twitter:card\" content=\"summary_large_image\" \/>\n<meta name=\"twitter:label1\" content=\"Tiempo de lectura\" \/>\n\t<meta name=\"twitter:data1\" content=\"2 minutos\" \/>\n<script type=\"application\/ld+json\" class=\"yoast-schema-graph\">{\"@context\":\"https:\/\/schema.org\",\"@graph\":[{\"@type\":\"WebPage\",\"@id\":\"https:\/\/aivlisoft.net\/shop\/producto\/zyxel-nbg7815-router-wifi6-ax6000-12-str-multi-gb\/\",\"url\":\"https:\/\/aivlisoft.net\/shop\/producto\/zyxel-nbg7815-router-wifi6-ax6000-12-str-multi-gb\/\",\"name\":\"Zyxel NBG7815 Router WiFi6 AX6000 12-Str Multi-Gb - Aivlisoft Inform\u00e1tica\",\"isPartOf\":{\"@id\":\"https:\/\/aivlisoft.net\/shop\/#website\"},\"primaryImageOfPage\":{\"@id\":\"https:\/\/aivlisoft.net\/shop\/producto\/zyxel-nbg7815-router-wifi6-ax6000-12-str-multi-gb\/#primaryimage\"},\"image\":{\"@id\":\"https:\/\/aivlisoft.net\/shop\/producto\/zyxel-nbg7815-router-wifi6-ax6000-12-str-multi-gb\/#primaryimage\"},\"thumbnailUrl\":\"https:\/\/aivlisoft.net\/shop\/wp-content\/uploads\/2025\/01\/NROINA0306_800.jpg\",\"datePublished\":\"2025-01-13T15:28:13+00:00\",\"dateModified\":\"2025-01-14T19:59:57+00:00\",\"breadcrumb\":{\"@id\":\"https:\/\/aivlisoft.net\/shop\/producto\/zyxel-nbg7815-router-wifi6-ax6000-12-str-multi-gb\/#breadcrumb\"},\"inLanguage\":\"es\",\"potentialAction\":[{\"@type\":\"ReadAction\",\"target\":[\"https:\/\/aivlisoft.net\/shop\/producto\/zyxel-nbg7815-router-wifi6-ax6000-12-str-multi-gb\/\"]}]},{\"@type\":\"ImageObject\",\"inLanguage\":\"es\",\"@id\":\"https:\/\/aivlisoft.net\/shop\/producto\/zyxel-nbg7815-router-wifi6-ax6000-12-str-multi-gb\/#primaryimage\",\"url\":\"https:\/\/aivlisoft.net\/shop\/wp-content\/uploads\/2025\/01\/NROINA0306_800.jpg\",\"contentUrl\":\"https:\/\/aivlisoft.net\/shop\/wp-content\/uploads\/2025\/01\/NROINA0306_800.jpg\",\"width\":800,\"height\":800},{\"@type\":\"BreadcrumbList\",\"@id\":\"https:\/\/aivlisoft.net\/shop\/producto\/zyxel-nbg7815-router-wifi6-ax6000-12-str-multi-gb\/#breadcrumb\",\"itemListElement\":[{\"@type\":\"ListItem\",\"position\":1,\"name\":\"Portada\",\"item\":\"https:\/\/aivlisoft.net\/shop\/\"},{\"@type\":\"ListItem\",\"position\":2,\"name\":\"Tienda\",\"item\":\"https:\/\/aivlisoft.net\/shop\/tienda\/\"},{\"@type\":\"ListItem\",\"position\":3,\"name\":\"Zyxel NBG7815 Router WiFi6 AX6000 12-Str Multi-Gb\"}]},{\"@type\":\"WebSite\",\"@id\":\"https:\/\/aivlisoft.net\/shop\/#website\",\"url\":\"https:\/\/aivlisoft.net\/shop\/\",\"name\":\"Aivlisoft Inform\u00e1tica\",\"description\":\"En Aivlisoft Inform\u00e1tica ofrecemos soluciones tecnol\u00f3gicas para empresas: venta de ordenadores, consumibles, perif\u00e9ricos y m\u00e1s. Calidad, atenci\u00f3n personalizada y los mejores precios para tu negocio.\",\"publisher\":{\"@id\":\"https:\/\/aivlisoft.net\/shop\/#organization\"},\"potentialAction\":[{\"@type\":\"SearchAction\",\"target\":{\"@type\":\"EntryPoint\",\"urlTemplate\":\"https:\/\/aivlisoft.net\/shop\/?s={search_term_string}\"},\"query-input\":{\"@type\":\"PropertyValueSpecification\",\"valueRequired\":true,\"valueName\":\"search_term_string\"}}],\"inLanguage\":\"es\"},{\"@type\":\"Organization\",\"@id\":\"https:\/\/aivlisoft.net\/shop\/#organization\",\"name\":\"Aivlisoft Inform\u00e1tica\",\"url\":\"https:\/\/aivlisoft.net\/shop\/\",\"logo\":{\"@type\":\"ImageObject\",\"inLanguage\":\"es\",\"@id\":\"https:\/\/aivlisoft.net\/shop\/#\/schema\/logo\/image\/\",\"url\":\"https:\/\/aivlisoft.net\/shop\/wp-content\/uploads\/2024\/12\/removal.ai_5b848c54-0cdf-4140-95c5-c5536bb7573b-logodef.png\",\"contentUrl\":\"https:\/\/aivlisoft.net\/shop\/wp-content\/uploads\/2024\/12\/removal.ai_5b848c54-0cdf-4140-95c5-c5536bb7573b-logodef.png\",\"width\":484,\"height\":182,\"caption\":\"Aivlisoft Inform\u00e1tica\"},\"image\":{\"@id\":\"https:\/\/aivlisoft.net\/shop\/#\/schema\/logo\/image\/\"}}]}<\/script>\n<!-- \/ Yoast SEO plugin. -->","yoast_head_json":{"title":"Zyxel NBG7815 Router WiFi6 AX6000 12-Str Multi-Gb - Aivlisoft Inform\u00e1tica","robots":{"index":"index","follow":"follow","max-snippet":"max-snippet:-1","max-image-preview":"max-image-preview:large","max-video-preview":"max-video-preview:-1"},"canonical":"https:\/\/aivlisoft.net\/shop\/producto\/zyxel-nbg7815-router-wifi6-ax6000-12-str-multi-gb\/","og_locale":"es_ES","og_type":"article","og_title":"Zyxel NBG7815 Router WiFi6 AX6000 12-Str Multi-Gb - Aivlisoft Inform\u00e1tica","og_description":"&nbsp; Marca ZyXEL Modelo NBG7815-EU0102F Especificaciones hardware &#8211; CPU: 64 bits de cuatro n&uacute;cleos a 2,2 GHz &#8211; Memoria: 4GB Flash \/ 1GB RAM &#8211; Interfaz Ethernet: &nbsp; WAN: un puerto Ethernet RJ-45 de 100 M \/ 1000 M \/ 2,5 Gbps con soporte autom&aacute;tico MDI \/ MDIX &nbsp; LAN: Un puerto Ethernet RJ-45 100M&hellip;&nbsp;Zyxel NBG7815 Router WiFi6 AX6000 12-Str Multi-Gb","og_url":"https:\/\/aivlisoft.net\/shop\/producto\/zyxel-nbg7815-router-wifi6-ax6000-12-str-multi-gb\/","og_site_name":"Aivlisoft Inform\u00e1tica","article_modified_time":"2025-01-14T19:59:57+00:00","og_image":[{"width":800,"height":800,"url":"https:\/\/aivlisoft.net\/shop\/wp-content\/uploads\/2025\/01\/NROINA0306_800.jpg","type":"image\/jpeg"}],"twitter_card":"summary_large_image","twitter_misc":{"Tiempo de lectura":"2 minutos"},"schema":{"@context":"https:\/\/schema.org","@graph":[{"@type":"WebPage","@id":"https:\/\/aivlisoft.net\/shop\/producto\/zyxel-nbg7815-router-wifi6-ax6000-12-str-multi-gb\/","url":"https:\/\/aivlisoft.net\/shop\/producto\/zyxel-nbg7815-router-wifi6-ax6000-12-str-multi-gb\/","name":"Zyxel NBG7815 Router WiFi6 AX6000 12-Str Multi-Gb - Aivlisoft Inform\u00e1tica","isPartOf":{"@id":"https:\/\/aivlisoft.net\/shop\/#website"},"primaryImageOfPage":{"@id":"https:\/\/aivlisoft.net\/shop\/producto\/zyxel-nbg7815-router-wifi6-ax6000-12-str-multi-gb\/#primaryimage"},"image":{"@id":"https:\/\/aivlisoft.net\/shop\/producto\/zyxel-nbg7815-router-wifi6-ax6000-12-str-multi-gb\/#primaryimage"},"thumbnailUrl":"https:\/\/aivlisoft.net\/shop\/wp-content\/uploads\/2025\/01\/NROINA0306_800.jpg","datePublished":"2025-01-13T15:28:13+00:00","dateModified":"2025-01-14T19:59:57+00:00","breadcrumb":{"@id":"https:\/\/aivlisoft.net\/shop\/producto\/zyxel-nbg7815-router-wifi6-ax6000-12-str-multi-gb\/#breadcrumb"},"inLanguage":"es","potentialAction":[{"@type":"ReadAction","target":["https:\/\/aivlisoft.net\/shop\/producto\/zyxel-nbg7815-router-wifi6-ax6000-12-str-multi-gb\/"]}]},{"@type":"ImageObject","inLanguage":"es","@id":"https:\/\/aivlisoft.net\/shop\/producto\/zyxel-nbg7815-router-wifi6-ax6000-12-str-multi-gb\/#primaryimage","url":"https:\/\/aivlisoft.net\/shop\/wp-content\/uploads\/2025\/01\/NROINA0306_800.jpg","contentUrl":"https:\/\/aivlisoft.net\/shop\/wp-content\/uploads\/2025\/01\/NROINA0306_800.jpg","width":800,"height":800},{"@type":"BreadcrumbList","@id":"https:\/\/aivlisoft.net\/shop\/producto\/zyxel-nbg7815-router-wifi6-ax6000-12-str-multi-gb\/#breadcrumb","itemListElement":[{"@type":"ListItem","position":1,"name":"Portada","item":"https:\/\/aivlisoft.net\/shop\/"},{"@type":"ListItem","position":2,"name":"Tienda","item":"https:\/\/aivlisoft.net\/shop\/tienda\/"},{"@type":"ListItem","position":3,"name":"Zyxel NBG7815 Router WiFi6 AX6000 12-Str Multi-Gb"}]},{"@type":"WebSite","@id":"https:\/\/aivlisoft.net\/shop\/#website","url":"https:\/\/aivlisoft.net\/shop\/","name":"Aivlisoft Inform\u00e1tica","description":"En Aivlisoft Inform\u00e1tica ofrecemos soluciones tecnol\u00f3gicas para empresas: venta de ordenadores, consumibles, perif\u00e9ricos y m\u00e1s. Calidad, atenci\u00f3n personalizada y los mejores precios para tu negocio.","publisher":{"@id":"https:\/\/aivlisoft.net\/shop\/#organization"},"potentialAction":[{"@type":"SearchAction","target":{"@type":"EntryPoint","urlTemplate":"https:\/\/aivlisoft.net\/shop\/?s={search_term_string}"},"query-input":{"@type":"PropertyValueSpecification","valueRequired":true,"valueName":"search_term_string"}}],"inLanguage":"es"},{"@type":"Organization","@id":"https:\/\/aivlisoft.net\/shop\/#organization","name":"Aivlisoft Inform\u00e1tica","url":"https:\/\/aivlisoft.net\/shop\/","logo":{"@type":"ImageObject","inLanguage":"es","@id":"https:\/\/aivlisoft.net\/shop\/#\/schema\/logo\/image\/","url":"https:\/\/aivlisoft.net\/shop\/wp-content\/uploads\/2024\/12\/removal.ai_5b848c54-0cdf-4140-95c5-c5536bb7573b-logodef.png","contentUrl":"https:\/\/aivlisoft.net\/shop\/wp-content\/uploads\/2024\/12\/removal.ai_5b848c54-0cdf-4140-95c5-c5536bb7573b-logodef.png","width":484,"height":182,"caption":"Aivlisoft Inform\u00e1tica"},"image":{"@id":"https:\/\/aivlisoft.net\/shop\/#\/schema\/logo\/image\/"}}]}},"_links":{"self":[{"href":"https:\/\/aivlisoft.net\/shop\/wp-json\/wp\/v2\/product\/19030","targetHints":{"allow":["GET"]}}],"collection":[{"href":"https:\/\/aivlisoft.net\/shop\/wp-json\/wp\/v2\/product"}],"about":[{"href":"https:\/\/aivlisoft.net\/shop\/wp-json\/wp\/v2\/types\/product"}],"wp:featuredmedia":[{"embeddable":true,"href":"https:\/\/aivlisoft.net\/shop\/wp-json\/wp\/v2\/media\/19031"}],"wp:attachment":[{"href":"https:\/\/aivlisoft.net\/shop\/wp-json\/wp\/v2\/media?parent=19030"}],"wp:term":[{"taxonomy":"product_brand","embeddable":true,"href":"https:\/\/aivlisoft.net\/shop\/wp-json\/wp\/v2\/product_brand?post=19030"},{"taxonomy":"product_cat","embeddable":true,"href":"https:\/\/aivlisoft.net\/shop\/wp-json\/wp\/v2\/product_cat?post=19030"},{"taxonomy":"product_tag","embeddable":true,"href":"https:\/\/aivlisoft.net\/shop\/wp-json\/wp\/v2\/product_tag?post=19030"}],"curies":[{"name":"wp","href":"https:\/\/api.w.org\/{rel}","templated":true}]}}