{"id":19018,"date":"2025-01-13T15:28:07","date_gmt":"2025-01-13T15:28:07","guid":{"rendered":"https:\/\/aivlisoft.com\/?post_type=product&#038;p=19018"},"modified":"2025-01-14T19:59:59","modified_gmt":"2025-01-14T19:59:59","slug":"edimax-br-6473ax-wifi6-ax3000-smart-ap-router","status":"publish","type":"product","link":"https:\/\/aivlisoft.net\/shop\/producto\/edimax-br-6473ax-wifi6-ax3000-smart-ap-router\/","title":{"rendered":"Edimax BR-6473AX WiFi6 AX3000 Smart AP\/Router"},"content":{"rendered":"<p><strong>Enrutador \/ AP inteligente Wi-Fi 6 AX3000 &#8211; BR-6473AX<\/strong><\/p>\n<p>&#8211; Tecnolog&iacute;a Wi-Fi 6 con Intel: velocidades hasta 2,5 veces m&aacute;s r&aacute;pidas, mayor capacidad y menor latencia en comparaci&oacute;n con la generaci&oacute;n anterior de Wi-Fi 5.<br \/>&#8211; CPU de doble n&uacute;cleo de Intel: proporciona el mejor rendimiento para la transmisi&oacute;n de tr&aacute;fico.<br \/>&#8211; 3 Gigabit Wireless: AX3000, Velocidad m&aacute;xima de hasta 574Mbps en 2.4GHz y 2402Mbps en 5GHz.<br \/>&#8211; Dispositivos m&aacute;s conectados: la revolucionaria tecnolog&iacute;a OFDMA admite una comunicaci&oacute;n de datos m&aacute;s eficiente a m&aacute;s dispositivos.<br \/>&#8211; Ahorro de energ&iacute;a TWT: controle de manera inteligente el tiempo de suspensi&oacute;n y activaci&oacute;n del dispositivo de IoT y dispositivos m&oacute;viles, prolongando la vida &uacute;til de la bater&iacute;a.<br \/>&#8211; Cuatro antenas internas de alta ganancia: nos brinda una mejor cobertura.<br \/>&#8211; Funciones de software avanzadas: modo 2 en 1, admite conmutador de hardware para la selecci&oacute;n de AP y enrutador. Adem&aacute;s del aislamiento de la red de invitados que separa la red de invitados para un acceso Wi-Fi seguro para invitados.<br \/>&#8211; Configuraci&oacute;n inteligente: para una instalaci&oacute;n inteligente, autom&aacute;tica y r&aacute;pida.<\/p>\n<table class=\"tabla_caracteristicas k-table\" width=\"100%\">\n<tbody>\n<tr>\n<td valign=\"top\"><strong>Marca<\/strong><\/td>\n<td>Edimax<\/td>\n<\/tr>\n<tr>\n<td valign=\"top\"><strong>Modelo<\/strong><\/td>\n<td valign=\"top\"><strong>BR-6473AX<\/strong><\/td>\n<\/tr>\n<tr>\n<td valign=\"top\"><strong>Caracter&iacute;sticas hardware<\/strong><\/td>\n<td>&#8211; Interfaz:<br \/>&nbsp; 1 puerto WAN RJ-45 10\/100\/1000 Mbps<br \/>&nbsp; 4 puertos LAN RJ-45 10\/100\/1000 Mbps<br \/>&#8211; Indicador LED: 5G, 2.4G, WPS, LAN, WAN, Energ&iacute;a<br \/>&#8211; Bot&oacute;n: Bot&oacute;n Reset \/ WPS<br \/>&#8211; Memoria: Flash NAND de 128 MB, memoria DDR3 de 256 MB<br \/>&#8211; Adaptador de corriente: DC 12V, 2.0A<br \/>&#8211; Dimensiones: 125 mm (W), 35 mm (D), 205 mm (H)<br \/>&#8211; Peso: 500 g<\/td>\n<\/tr>\n<tr>\n<td valign=\"top\"><strong>Caracter&iacute;sticas inal&aacute;mbricas<\/strong><\/td>\n<td>&#8211; Est&aacute;ndares: 802.11 a \/ b \/ g \/ n \/ ac \/ ax<br \/>&#8211; Frecuencia: doble banda concurrente de 5 GHz y 2,4 GHz<br \/>&#8211; Velocidad m&aacute;xima de datos: 5 GHz: 2402 Mbps, 2,4 GHz: 574 Mbps<br \/>&#8211; Potencia de salida:<br \/>&nbsp; 5 GHz:<br \/>&nbsp;&nbsp; -11a (54 M): 11 &plusmn; 1,5 dBm<br \/>&nbsp;&nbsp; -11n (20 MHz, MCS7): 11 &plusmn; 1,5 dBm<br \/>&nbsp;&nbsp; -11n (40 MHz, MCS7): 11 &plusmn; 1,5 dBm<br \/>&nbsp;&nbsp; -11ac (80 MHz, MCS9): 11 &plusmn; 1,5 dBm<br \/>&nbsp;&nbsp; -11ax (160 MHz, MCS11): 11 &plusmn; 1,5 dBm<br \/>&nbsp; 2,4 GHz:<br \/>&nbsp;&nbsp; -11b (11 M): 14 &plusmn; 1,5 dBm<br \/>&nbsp;&nbsp; -11g (54M): 14 &plusmn; 1,5 dBm<br \/>&nbsp;&nbsp; -11n (20 MHz, MCS7): 14 &plusmn; 1,5 dBm<br \/>&nbsp;&nbsp; -11n (40 MHz, MCS9): 14 &plusmn; 1,5 dBm<br \/>&nbsp;&nbsp; -11ax (40 MHz, MCS11): 14 &plusmn; 1,5 dBm<br \/>&#8211; Recibir sensibilidad:<br \/>&nbsp; 5 GHz:<br \/>&nbsp;&nbsp; -11a (54 millones): -71<br \/>&nbsp;&nbsp; -11n (20 MHz, MCS7): -70<br \/>&nbsp;&nbsp; -11n (40 MHz, MCS7): -67<br \/>&nbsp;&nbsp; -11ac (80 MHz, MCS9): -60<br \/>&nbsp;&nbsp; -11ax (160 MHz, MCS11): -51<br \/>&nbsp; 2,4 GHz:<br \/>&nbsp;&nbsp; -11b (11M): -86<br \/>&nbsp;&nbsp; -11g (54M): -72<br \/>&nbsp;&nbsp; -11n (20 MHz, MCS7): -70<br \/>&nbsp;&nbsp; -11n (40 MHz, MCS7): -67<br \/>&nbsp;&nbsp; -11ax (40 MHz, MCS11): -57<br \/>&#8211; Seguridad: WPA2-PSK (AES) \/ WPA-PSK (TKIP) \/ WEP (64bit \/ 128bit)<\/td>\n<\/tr>\n<tr>\n<td valign=\"top\"><strong>Caracter&iacute;sticas software<\/strong><\/td>\n<td>&#8211; Administraci&oacute;n:<br \/>&nbsp; Estado del sistema y registro de seguridad<br \/>&nbsp; Firmware actualizable<br \/>&nbsp; Configuraci&oacute;n inteligente, no se requieren controladores<br \/>&#8211; Configuraci&oacute;n WAN:<br \/>&nbsp; Configuraci&oacute;n b&aacute;sica<br \/>&nbsp; Configuraci&oacute;n de seguridad<br \/>&nbsp; WPS<br \/>&#8211; Configuraci&oacute;n virtual: DMZ, UPnP<br \/>&#8211; DHCP: servidor DHCP, enlace de direcci&oacute;n IP est&aacute;tica, lista de clientes DHCP<br \/>&#8211; Configuraci&oacute;n de seguridad: filtro MAC, control de acceso<br \/>&#8211; Modo de funcionamiento: modo de enrutador, modo de punto de acceso<\/td>\n<\/tr>\n<tr>\n<td valign=\"top\"><strong>Fecha Revisi&oacute;n<\/strong><\/td>\n<td>24-09-2020 por MSB<\/td>\n<\/tr>\n<\/tbody>\n<\/table>\n","protected":false},"excerpt":{"rendered":"<p>Enrutador \/ AP inteligente Wi-Fi 6 AX3000 &#8211; BR-6473AX &#8211; Tecnolog&iacute;a Wi-Fi 6 con Intel: velocidades hasta 2,5 veces m&aacute;s r&aacute;pidas, mayor capacidad y menor latencia en comparaci&oacute;n con la generaci&oacute;n anterior de Wi-Fi 5.&#8211; CPU de doble n&uacute;cleo de Intel: proporciona el mejor rendimiento para la transmisi&oacute;n de tr&aacute;fico.&#8211; 3 Gigabit Wireless: AX3000, Velocidad&hellip;&nbsp;<a href=\"https:\/\/aivlisoft.net\/shop\/producto\/edimax-br-6473ax-wifi6-ax3000-smart-ap-router\/\" rel=\"bookmark\"><span class=\"screen-reader-text\">Edimax BR-6473AX WiFi6 AX3000 Smart AP\/Router<\/span><\/a><\/p>\n","protected":false},"featured_media":19019,"template":"","meta":{"neve_meta_sidebar":"","neve_meta_container":"","neve_meta_enable_content_width":"","neve_meta_content_width":0,"neve_meta_title_alignment":"","neve_meta_author_avatar":"","neve_post_elements_order":"","neve_meta_disable_header":"","neve_meta_disable_footer":"","neve_meta_disable_title":""},"product_brand":[],"product_cat":[15,8768,6832],"product_tag":[6900],"class_list":{"0":"post-19018","1":"product","2":"type-product","3":"status-publish","4":"has-post-thumbnail","6":"product_cat-sin-categorizar","7":"product_cat-routers-adsl","8":"product_cat-routers-modems","9":"product_tag-br-6473ax","11":"first","12":"instock","13":"taxable","14":"shipping-taxable","15":"purchasable","16":"product-type-simple"},"yoast_head":"<!-- This site is optimized with the Yoast SEO plugin v26.0 - https:\/\/yoast.com\/wordpress\/plugins\/seo\/ -->\n<title>Edimax BR-6473AX WiFi6 AX3000 Smart AP\/Router - Aivlisoft Inform\u00e1tica<\/title>\n<meta name=\"robots\" content=\"index, follow, max-snippet:-1, max-image-preview:large, max-video-preview:-1\" \/>\n<link rel=\"canonical\" href=\"https:\/\/aivlisoft.net\/shop\/producto\/edimax-br-6473ax-wifi6-ax3000-smart-ap-router\/\" \/>\n<meta property=\"og:locale\" content=\"es_ES\" \/>\n<meta property=\"og:type\" content=\"article\" \/>\n<meta property=\"og:title\" content=\"Edimax BR-6473AX WiFi6 AX3000 Smart AP\/Router - Aivlisoft Inform\u00e1tica\" \/>\n<meta property=\"og:description\" content=\"Enrutador \/ AP inteligente Wi-Fi 6 AX3000 &#8211; BR-6473AX &#8211; Tecnolog&iacute;a Wi-Fi 6 con Intel: velocidades hasta 2,5 veces m&aacute;s r&aacute;pidas, mayor capacidad y menor latencia en comparaci&oacute;n con la generaci&oacute;n anterior de Wi-Fi 5.&#8211; CPU de doble n&uacute;cleo de Intel: proporciona el mejor rendimiento para la transmisi&oacute;n de tr&aacute;fico.&#8211; 3 Gigabit Wireless: AX3000, Velocidad&hellip;&nbsp;Edimax BR-6473AX WiFi6 AX3000 Smart AP\/Router\" \/>\n<meta property=\"og:url\" content=\"https:\/\/aivlisoft.net\/shop\/producto\/edimax-br-6473ax-wifi6-ax3000-smart-ap-router\/\" \/>\n<meta property=\"og:site_name\" content=\"Aivlisoft Inform\u00e1tica\" \/>\n<meta property=\"article:modified_time\" content=\"2025-01-14T19:59:59+00:00\" \/>\n<meta property=\"og:image\" content=\"https:\/\/aivlisoft.net\/shop\/wp-content\/uploads\/2025\/01\/NROINA0299_800.jpg\" \/>\n\t<meta property=\"og:image:width\" content=\"800\" \/>\n\t<meta property=\"og:image:height\" content=\"800\" \/>\n\t<meta property=\"og:image:type\" content=\"image\/jpeg\" \/>\n<meta name=\"twitter:card\" content=\"summary_large_image\" \/>\n<meta name=\"twitter:label1\" content=\"Tiempo de lectura\" \/>\n\t<meta name=\"twitter:data1\" content=\"3 minutos\" \/>\n<script type=\"application\/ld+json\" class=\"yoast-schema-graph\">{\"@context\":\"https:\/\/schema.org\",\"@graph\":[{\"@type\":\"WebPage\",\"@id\":\"https:\/\/aivlisoft.net\/shop\/producto\/edimax-br-6473ax-wifi6-ax3000-smart-ap-router\/\",\"url\":\"https:\/\/aivlisoft.net\/shop\/producto\/edimax-br-6473ax-wifi6-ax3000-smart-ap-router\/\",\"name\":\"Edimax BR-6473AX WiFi6 AX3000 Smart AP\/Router - Aivlisoft Inform\u00e1tica\",\"isPartOf\":{\"@id\":\"https:\/\/aivlisoft.net\/shop\/#website\"},\"primaryImageOfPage\":{\"@id\":\"https:\/\/aivlisoft.net\/shop\/producto\/edimax-br-6473ax-wifi6-ax3000-smart-ap-router\/#primaryimage\"},\"image\":{\"@id\":\"https:\/\/aivlisoft.net\/shop\/producto\/edimax-br-6473ax-wifi6-ax3000-smart-ap-router\/#primaryimage\"},\"thumbnailUrl\":\"https:\/\/aivlisoft.net\/shop\/wp-content\/uploads\/2025\/01\/NROINA0299_800.jpg\",\"datePublished\":\"2025-01-13T15:28:07+00:00\",\"dateModified\":\"2025-01-14T19:59:59+00:00\",\"breadcrumb\":{\"@id\":\"https:\/\/aivlisoft.net\/shop\/producto\/edimax-br-6473ax-wifi6-ax3000-smart-ap-router\/#breadcrumb\"},\"inLanguage\":\"es\",\"potentialAction\":[{\"@type\":\"ReadAction\",\"target\":[\"https:\/\/aivlisoft.net\/shop\/producto\/edimax-br-6473ax-wifi6-ax3000-smart-ap-router\/\"]}]},{\"@type\":\"ImageObject\",\"inLanguage\":\"es\",\"@id\":\"https:\/\/aivlisoft.net\/shop\/producto\/edimax-br-6473ax-wifi6-ax3000-smart-ap-router\/#primaryimage\",\"url\":\"https:\/\/aivlisoft.net\/shop\/wp-content\/uploads\/2025\/01\/NROINA0299_800.jpg\",\"contentUrl\":\"https:\/\/aivlisoft.net\/shop\/wp-content\/uploads\/2025\/01\/NROINA0299_800.jpg\",\"width\":800,\"height\":800},{\"@type\":\"BreadcrumbList\",\"@id\":\"https:\/\/aivlisoft.net\/shop\/producto\/edimax-br-6473ax-wifi6-ax3000-smart-ap-router\/#breadcrumb\",\"itemListElement\":[{\"@type\":\"ListItem\",\"position\":1,\"name\":\"Portada\",\"item\":\"https:\/\/aivlisoft.net\/shop\/\"},{\"@type\":\"ListItem\",\"position\":2,\"name\":\"Tienda\",\"item\":\"https:\/\/aivlisoft.net\/shop\/tienda\/\"},{\"@type\":\"ListItem\",\"position\":3,\"name\":\"Edimax BR-6473AX WiFi6 AX3000 Smart AP\/Router\"}]},{\"@type\":\"WebSite\",\"@id\":\"https:\/\/aivlisoft.net\/shop\/#website\",\"url\":\"https:\/\/aivlisoft.net\/shop\/\",\"name\":\"Aivlisoft Inform\u00e1tica\",\"description\":\"En Aivlisoft Inform\u00e1tica ofrecemos soluciones tecnol\u00f3gicas para empresas: venta de ordenadores, consumibles, perif\u00e9ricos y m\u00e1s. Calidad, atenci\u00f3n personalizada y los mejores precios para tu negocio.\",\"publisher\":{\"@id\":\"https:\/\/aivlisoft.net\/shop\/#organization\"},\"potentialAction\":[{\"@type\":\"SearchAction\",\"target\":{\"@type\":\"EntryPoint\",\"urlTemplate\":\"https:\/\/aivlisoft.net\/shop\/?s={search_term_string}\"},\"query-input\":{\"@type\":\"PropertyValueSpecification\",\"valueRequired\":true,\"valueName\":\"search_term_string\"}}],\"inLanguage\":\"es\"},{\"@type\":\"Organization\",\"@id\":\"https:\/\/aivlisoft.net\/shop\/#organization\",\"name\":\"Aivlisoft Inform\u00e1tica\",\"url\":\"https:\/\/aivlisoft.net\/shop\/\",\"logo\":{\"@type\":\"ImageObject\",\"inLanguage\":\"es\",\"@id\":\"https:\/\/aivlisoft.net\/shop\/#\/schema\/logo\/image\/\",\"url\":\"https:\/\/aivlisoft.net\/shop\/wp-content\/uploads\/2024\/12\/removal.ai_5b848c54-0cdf-4140-95c5-c5536bb7573b-logodef.png\",\"contentUrl\":\"https:\/\/aivlisoft.net\/shop\/wp-content\/uploads\/2024\/12\/removal.ai_5b848c54-0cdf-4140-95c5-c5536bb7573b-logodef.png\",\"width\":484,\"height\":182,\"caption\":\"Aivlisoft Inform\u00e1tica\"},\"image\":{\"@id\":\"https:\/\/aivlisoft.net\/shop\/#\/schema\/logo\/image\/\"}}]}<\/script>\n<!-- \/ Yoast SEO plugin. -->","yoast_head_json":{"title":"Edimax BR-6473AX WiFi6 AX3000 Smart AP\/Router - Aivlisoft Inform\u00e1tica","robots":{"index":"index","follow":"follow","max-snippet":"max-snippet:-1","max-image-preview":"max-image-preview:large","max-video-preview":"max-video-preview:-1"},"canonical":"https:\/\/aivlisoft.net\/shop\/producto\/edimax-br-6473ax-wifi6-ax3000-smart-ap-router\/","og_locale":"es_ES","og_type":"article","og_title":"Edimax BR-6473AX WiFi6 AX3000 Smart AP\/Router - Aivlisoft Inform\u00e1tica","og_description":"Enrutador \/ AP inteligente Wi-Fi 6 AX3000 &#8211; BR-6473AX &#8211; Tecnolog&iacute;a Wi-Fi 6 con Intel: velocidades hasta 2,5 veces m&aacute;s r&aacute;pidas, mayor capacidad y menor latencia en comparaci&oacute;n con la generaci&oacute;n anterior de Wi-Fi 5.&#8211; CPU de doble n&uacute;cleo de Intel: proporciona el mejor rendimiento para la transmisi&oacute;n de tr&aacute;fico.&#8211; 3 Gigabit Wireless: AX3000, Velocidad&hellip;&nbsp;Edimax BR-6473AX WiFi6 AX3000 Smart AP\/Router","og_url":"https:\/\/aivlisoft.net\/shop\/producto\/edimax-br-6473ax-wifi6-ax3000-smart-ap-router\/","og_site_name":"Aivlisoft Inform\u00e1tica","article_modified_time":"2025-01-14T19:59:59+00:00","og_image":[{"width":800,"height":800,"url":"https:\/\/aivlisoft.net\/shop\/wp-content\/uploads\/2025\/01\/NROINA0299_800.jpg","type":"image\/jpeg"}],"twitter_card":"summary_large_image","twitter_misc":{"Tiempo de lectura":"3 minutos"},"schema":{"@context":"https:\/\/schema.org","@graph":[{"@type":"WebPage","@id":"https:\/\/aivlisoft.net\/shop\/producto\/edimax-br-6473ax-wifi6-ax3000-smart-ap-router\/","url":"https:\/\/aivlisoft.net\/shop\/producto\/edimax-br-6473ax-wifi6-ax3000-smart-ap-router\/","name":"Edimax BR-6473AX WiFi6 AX3000 Smart AP\/Router - Aivlisoft Inform\u00e1tica","isPartOf":{"@id":"https:\/\/aivlisoft.net\/shop\/#website"},"primaryImageOfPage":{"@id":"https:\/\/aivlisoft.net\/shop\/producto\/edimax-br-6473ax-wifi6-ax3000-smart-ap-router\/#primaryimage"},"image":{"@id":"https:\/\/aivlisoft.net\/shop\/producto\/edimax-br-6473ax-wifi6-ax3000-smart-ap-router\/#primaryimage"},"thumbnailUrl":"https:\/\/aivlisoft.net\/shop\/wp-content\/uploads\/2025\/01\/NROINA0299_800.jpg","datePublished":"2025-01-13T15:28:07+00:00","dateModified":"2025-01-14T19:59:59+00:00","breadcrumb":{"@id":"https:\/\/aivlisoft.net\/shop\/producto\/edimax-br-6473ax-wifi6-ax3000-smart-ap-router\/#breadcrumb"},"inLanguage":"es","potentialAction":[{"@type":"ReadAction","target":["https:\/\/aivlisoft.net\/shop\/producto\/edimax-br-6473ax-wifi6-ax3000-smart-ap-router\/"]}]},{"@type":"ImageObject","inLanguage":"es","@id":"https:\/\/aivlisoft.net\/shop\/producto\/edimax-br-6473ax-wifi6-ax3000-smart-ap-router\/#primaryimage","url":"https:\/\/aivlisoft.net\/shop\/wp-content\/uploads\/2025\/01\/NROINA0299_800.jpg","contentUrl":"https:\/\/aivlisoft.net\/shop\/wp-content\/uploads\/2025\/01\/NROINA0299_800.jpg","width":800,"height":800},{"@type":"BreadcrumbList","@id":"https:\/\/aivlisoft.net\/shop\/producto\/edimax-br-6473ax-wifi6-ax3000-smart-ap-router\/#breadcrumb","itemListElement":[{"@type":"ListItem","position":1,"name":"Portada","item":"https:\/\/aivlisoft.net\/shop\/"},{"@type":"ListItem","position":2,"name":"Tienda","item":"https:\/\/aivlisoft.net\/shop\/tienda\/"},{"@type":"ListItem","position":3,"name":"Edimax BR-6473AX WiFi6 AX3000 Smart AP\/Router"}]},{"@type":"WebSite","@id":"https:\/\/aivlisoft.net\/shop\/#website","url":"https:\/\/aivlisoft.net\/shop\/","name":"Aivlisoft Inform\u00e1tica","description":"En Aivlisoft Inform\u00e1tica ofrecemos soluciones tecnol\u00f3gicas para empresas: venta de ordenadores, consumibles, perif\u00e9ricos y m\u00e1s. Calidad, atenci\u00f3n personalizada y los mejores precios para tu negocio.","publisher":{"@id":"https:\/\/aivlisoft.net\/shop\/#organization"},"potentialAction":[{"@type":"SearchAction","target":{"@type":"EntryPoint","urlTemplate":"https:\/\/aivlisoft.net\/shop\/?s={search_term_string}"},"query-input":{"@type":"PropertyValueSpecification","valueRequired":true,"valueName":"search_term_string"}}],"inLanguage":"es"},{"@type":"Organization","@id":"https:\/\/aivlisoft.net\/shop\/#organization","name":"Aivlisoft Inform\u00e1tica","url":"https:\/\/aivlisoft.net\/shop\/","logo":{"@type":"ImageObject","inLanguage":"es","@id":"https:\/\/aivlisoft.net\/shop\/#\/schema\/logo\/image\/","url":"https:\/\/aivlisoft.net\/shop\/wp-content\/uploads\/2024\/12\/removal.ai_5b848c54-0cdf-4140-95c5-c5536bb7573b-logodef.png","contentUrl":"https:\/\/aivlisoft.net\/shop\/wp-content\/uploads\/2024\/12\/removal.ai_5b848c54-0cdf-4140-95c5-c5536bb7573b-logodef.png","width":484,"height":182,"caption":"Aivlisoft Inform\u00e1tica"},"image":{"@id":"https:\/\/aivlisoft.net\/shop\/#\/schema\/logo\/image\/"}}]}},"_links":{"self":[{"href":"https:\/\/aivlisoft.net\/shop\/wp-json\/wp\/v2\/product\/19018","targetHints":{"allow":["GET"]}}],"collection":[{"href":"https:\/\/aivlisoft.net\/shop\/wp-json\/wp\/v2\/product"}],"about":[{"href":"https:\/\/aivlisoft.net\/shop\/wp-json\/wp\/v2\/types\/product"}],"wp:featuredmedia":[{"embeddable":true,"href":"https:\/\/aivlisoft.net\/shop\/wp-json\/wp\/v2\/media\/19019"}],"wp:attachment":[{"href":"https:\/\/aivlisoft.net\/shop\/wp-json\/wp\/v2\/media?parent=19018"}],"wp:term":[{"taxonomy":"product_brand","embeddable":true,"href":"https:\/\/aivlisoft.net\/shop\/wp-json\/wp\/v2\/product_brand?post=19018"},{"taxonomy":"product_cat","embeddable":true,"href":"https:\/\/aivlisoft.net\/shop\/wp-json\/wp\/v2\/product_cat?post=19018"},{"taxonomy":"product_tag","embeddable":true,"href":"https:\/\/aivlisoft.net\/shop\/wp-json\/wp\/v2\/product_tag?post=19018"}],"curies":[{"name":"wp","href":"https:\/\/api.w.org\/{rel}","templated":true}]}}