{"id":19015,"date":"2025-01-13T15:28:02","date_gmt":"2025-01-13T15:28:02","guid":{"rendered":"https:\/\/aivlisoft.com\/?post_type=product&#038;p=19015"},"modified":"2025-01-14T20:00:00","modified_gmt":"2025-01-14T20:00:00","slug":"d-link-dwr-933-4g-lte-cat-6-wi-fi-hotspot-ac1200","status":"publish","type":"product","link":"https:\/\/aivlisoft.net\/shop\/producto\/d-link-dwr-933-4g-lte-cat-6-wi-fi-hotspot-ac1200\/","title":{"rendered":"D-Link DWR-933 4G\/LTE Cat 6 Wi-Fi Hotspot AC1200"},"content":{"rendered":"<p><\/p>\n<table class=\"tabla_caracteristicas k-table\" width=\"100%\">\n<tbody>\n<tr>\n<td valign=\"top\"><strong>Marca<\/strong><\/td>\n<td>D-Link<\/td>\n<\/tr>\n<tr>\n<td valign=\"top\"><strong>Modelo<\/strong><\/td>\n<td><strong>DWR-933<\/strong><\/td>\n<\/tr>\n<tr>\n<td valign=\"top\"><strong>Caracter&iacute;sticas<\/strong><\/td>\n<td><strong>General<\/strong><br \/>&#8211; Soporte de frecuencia:<br \/>&nbsp; Categor&iacute;a 6: FDD-LTE: Banda 1\/3\/7\/8\/20, TDD-LTE: Banda 38<br \/>&nbsp; CA: 1A+3A, 1A+7A, 1A+8A, 1A+20A, 3A+3,A, 3C, 3A+7A,3A+8A, 3A+20A, 3A+38A , 7A+7A, 7C, 7A+20A, 38C<br \/>&nbsp; UMTS\/HSPA+\/DC-HSPA+: 850\/900\/1900\/2100 MHz<br \/>&nbsp; GSM:850\/900\/1800\/1900 MHz<br \/>&#8211; Rendimiento de datos: <br \/>&nbsp; Modo LTE:<br \/>&nbsp; &#8211; Downlink: 300 Mbps<br \/>&nbsp; &#8211; Uplink: 50 Mbps<br \/>&nbsp; Modo WCDMA\/HSPA\/HSPA+\/DC-HSPA:<br \/>&nbsp; &#8211; Downlink: 42 Mbps<br \/>&nbsp; &#8211; Uplink: 5,76 Mbps<br \/>&#8211; Est&aacute;ndares Wi-Fi: <br \/>&nbsp; 802.11ac<br \/>&nbsp; 802.11n<br \/>&nbsp; 802.11g<br \/>&nbsp; 802.11b<br \/>&#8211; Velocidad de datos Wi-Fi: <br \/>&nbsp; Hasta 867 Mbps en modo 802.11ac (2&#215;2)<br \/>&nbsp; Hasta 300 Mbps en modo 802.11n (2&#215;2)<br \/>&nbsp; Hasta 54 Mbps en modo 802.11 g<br \/>&nbsp; Hasta 11 Mbps en modo 802.11b<br \/>&#8211; Cifrado WiFi: <br \/>&nbsp; WPA\/WPA2<br \/>&nbsp; 64\/128-bit WEP<br \/>&nbsp; Conexi&oacute;n con bot&oacute;n WPS<br \/>&#8211; Funciones avanzadas: <br \/>&nbsp; Cortafuegos integrado<br \/>&nbsp; NAT integrado<br \/>&nbsp; Enrutamiento del intervalo de puertos<br \/>&nbsp; DMZ<br \/>&nbsp; UPnP<br \/><strong>Caracter&iacute;sticas f&iacute;sicas<\/strong><br \/>&#8211; Interfaces: <br \/>&nbsp; 802.11ac\/n\/g\/b wireless LAN<br \/>&nbsp; Interfaz de tarjeta micro-SIM\/USIM de 6 pines est&aacute;ndar<br \/>&nbsp; Puerto micro-USB para carga y puerto de red virtual<br \/>&nbsp; Ranura para tarjeta microSD (hasta 64 GB)<br \/>&#8211; Pantalla: Pantalla OLED de 0,96 pulgadas, 128 x 64 p&iacute;xeles<br \/>&#8211; Informaci&oacute;n de la pantalla: <br \/>&nbsp; Tipo de red<br \/>&nbsp; Intensidad de la se&ntilde;al<br \/>&nbsp; Estado de itinerancia<br \/>&nbsp; SMS y estado SMS<br \/>&nbsp; Estado de la conexi&oacute;n a Internet<br \/>&nbsp; Portador<br \/>&nbsp; Estado de la bater&iacute;a<br \/>&nbsp; Estado del Wi-Fi y de la seguridad<br \/>&nbsp; Clientes Wi-Fi<br \/>&#8211; Alimentaci&oacute;n:<br \/>&nbsp; 5V DC \/ 1A<br \/>&nbsp; Bater&iacute;a de iones de litio de 3000 mAh<br \/>&#8211; Dimensiones: 98 x 71 x 18,8 mm<br \/>&#8211; Peso: 120 g<\/td>\n<\/tr>\n<tr>\n<td valign=\"top\"><strong>Fecha de revisi&oacute;n<\/strong><\/td>\n<td>22-10-2020 por MSB<\/td>\n<\/tr>\n<\/tbody>\n<\/table>\n","protected":false},"excerpt":{"rendered":"<p>Marca D-Link Modelo DWR-933 Caracter&iacute;sticas General&#8211; Soporte de frecuencia:&nbsp; Categor&iacute;a 6: FDD-LTE: Banda 1\/3\/7\/8\/20, TDD-LTE: Banda 38&nbsp; CA: 1A+3A, 1A+7A, 1A+8A, 1A+20A, 3A+3,A, 3C, 3A+7A,3A+8A, 3A+20A, 3A+38A , 7A+7A, 7C, 7A+20A, 38C&nbsp; UMTS\/HSPA+\/DC-HSPA+: 850\/900\/1900\/2100 MHz&nbsp; GSM:850\/900\/1800\/1900 MHz&#8211; Rendimiento de datos: &nbsp; Modo LTE:&nbsp; &#8211; Downlink: 300 Mbps&nbsp; &#8211; Uplink: 50 Mbps&nbsp; Modo WCDMA\/HSPA\/HSPA+\/DC-HSPA:&nbsp; &#8211; Downlink:&hellip;&nbsp;<a href=\"https:\/\/aivlisoft.net\/shop\/producto\/d-link-dwr-933-4g-lte-cat-6-wi-fi-hotspot-ac1200\/\" rel=\"bookmark\"><span class=\"screen-reader-text\">D-Link DWR-933 4G\/LTE Cat 6 Wi-Fi Hotspot AC1200<\/span><\/a><\/p>\n","protected":false},"featured_media":19016,"template":"","meta":{"neve_meta_sidebar":"","neve_meta_container":"","neve_meta_enable_content_width":"","neve_meta_content_width":0,"neve_meta_title_alignment":"","neve_meta_author_avatar":"","neve_post_elements_order":"","neve_meta_disable_header":"","neve_meta_disable_footer":"","neve_meta_disable_title":""},"product_brand":[],"product_cat":[15,8768,6832],"product_tag":[6899],"class_list":{"0":"post-19015","1":"product","2":"type-product","3":"status-publish","4":"has-post-thumbnail","6":"product_cat-sin-categorizar","7":"product_cat-routers-adsl","8":"product_cat-routers-modems","9":"product_tag-dwr-933","11":"first","12":"instock","13":"taxable","14":"shipping-taxable","15":"purchasable","16":"product-type-simple"},"yoast_head":"<!-- This site is optimized with the Yoast SEO plugin v26.0 - https:\/\/yoast.com\/wordpress\/plugins\/seo\/ -->\n<title>D-Link DWR-933 4G\/LTE Cat 6 Wi-Fi Hotspot AC1200 - Aivlisoft Inform\u00e1tica<\/title>\n<meta name=\"robots\" content=\"index, follow, max-snippet:-1, max-image-preview:large, max-video-preview:-1\" \/>\n<link rel=\"canonical\" href=\"https:\/\/aivlisoft.net\/shop\/producto\/d-link-dwr-933-4g-lte-cat-6-wi-fi-hotspot-ac1200\/\" \/>\n<meta property=\"og:locale\" content=\"es_ES\" \/>\n<meta property=\"og:type\" content=\"article\" \/>\n<meta property=\"og:title\" content=\"D-Link DWR-933 4G\/LTE Cat 6 Wi-Fi Hotspot AC1200 - Aivlisoft Inform\u00e1tica\" \/>\n<meta property=\"og:description\" content=\"Marca D-Link Modelo DWR-933 Caracter&iacute;sticas General&#8211; Soporte de frecuencia:&nbsp; Categor&iacute;a 6: FDD-LTE: Banda 1\/3\/7\/8\/20, TDD-LTE: Banda 38&nbsp; CA: 1A+3A, 1A+7A, 1A+8A, 1A+20A, 3A+3,A, 3C, 3A+7A,3A+8A, 3A+20A, 3A+38A , 7A+7A, 7C, 7A+20A, 38C&nbsp; UMTS\/HSPA+\/DC-HSPA+: 850\/900\/1900\/2100 MHz&nbsp; GSM:850\/900\/1800\/1900 MHz&#8211; Rendimiento de datos: &nbsp; Modo LTE:&nbsp; &#8211; Downlink: 300 Mbps&nbsp; &#8211; Uplink: 50 Mbps&nbsp; Modo WCDMA\/HSPA\/HSPA+\/DC-HSPA:&nbsp; &#8211; Downlink:&hellip;&nbsp;D-Link DWR-933 4G\/LTE Cat 6 Wi-Fi Hotspot AC1200\" \/>\n<meta property=\"og:url\" content=\"https:\/\/aivlisoft.net\/shop\/producto\/d-link-dwr-933-4g-lte-cat-6-wi-fi-hotspot-ac1200\/\" \/>\n<meta property=\"og:site_name\" content=\"Aivlisoft Inform\u00e1tica\" \/>\n<meta property=\"article:modified_time\" content=\"2025-01-14T20:00:00+00:00\" \/>\n<meta property=\"og:image\" content=\"https:\/\/aivlisoft.net\/shop\/wp-content\/uploads\/2025\/01\/NROINA0296_800.jpg\" \/>\n\t<meta property=\"og:image:width\" content=\"799\" \/>\n\t<meta property=\"og:image:height\" content=\"800\" \/>\n\t<meta property=\"og:image:type\" content=\"image\/jpeg\" \/>\n<meta name=\"twitter:card\" content=\"summary_large_image\" \/>\n<meta name=\"twitter:label1\" content=\"Tiempo de lectura\" \/>\n\t<meta name=\"twitter:data1\" content=\"1 minuto\" \/>\n<script type=\"application\/ld+json\" class=\"yoast-schema-graph\">{\"@context\":\"https:\/\/schema.org\",\"@graph\":[{\"@type\":\"WebPage\",\"@id\":\"https:\/\/aivlisoft.net\/shop\/producto\/d-link-dwr-933-4g-lte-cat-6-wi-fi-hotspot-ac1200\/\",\"url\":\"https:\/\/aivlisoft.net\/shop\/producto\/d-link-dwr-933-4g-lte-cat-6-wi-fi-hotspot-ac1200\/\",\"name\":\"D-Link DWR-933 4G\/LTE Cat 6 Wi-Fi Hotspot AC1200 - Aivlisoft Inform\u00e1tica\",\"isPartOf\":{\"@id\":\"https:\/\/aivlisoft.net\/shop\/#website\"},\"primaryImageOfPage\":{\"@id\":\"https:\/\/aivlisoft.net\/shop\/producto\/d-link-dwr-933-4g-lte-cat-6-wi-fi-hotspot-ac1200\/#primaryimage\"},\"image\":{\"@id\":\"https:\/\/aivlisoft.net\/shop\/producto\/d-link-dwr-933-4g-lte-cat-6-wi-fi-hotspot-ac1200\/#primaryimage\"},\"thumbnailUrl\":\"https:\/\/aivlisoft.net\/shop\/wp-content\/uploads\/2025\/01\/NROINA0296_800.jpg\",\"datePublished\":\"2025-01-13T15:28:02+00:00\",\"dateModified\":\"2025-01-14T20:00:00+00:00\",\"breadcrumb\":{\"@id\":\"https:\/\/aivlisoft.net\/shop\/producto\/d-link-dwr-933-4g-lte-cat-6-wi-fi-hotspot-ac1200\/#breadcrumb\"},\"inLanguage\":\"es\",\"potentialAction\":[{\"@type\":\"ReadAction\",\"target\":[\"https:\/\/aivlisoft.net\/shop\/producto\/d-link-dwr-933-4g-lte-cat-6-wi-fi-hotspot-ac1200\/\"]}]},{\"@type\":\"ImageObject\",\"inLanguage\":\"es\",\"@id\":\"https:\/\/aivlisoft.net\/shop\/producto\/d-link-dwr-933-4g-lte-cat-6-wi-fi-hotspot-ac1200\/#primaryimage\",\"url\":\"https:\/\/aivlisoft.net\/shop\/wp-content\/uploads\/2025\/01\/NROINA0296_800.jpg\",\"contentUrl\":\"https:\/\/aivlisoft.net\/shop\/wp-content\/uploads\/2025\/01\/NROINA0296_800.jpg\",\"width\":799,\"height\":800},{\"@type\":\"BreadcrumbList\",\"@id\":\"https:\/\/aivlisoft.net\/shop\/producto\/d-link-dwr-933-4g-lte-cat-6-wi-fi-hotspot-ac1200\/#breadcrumb\",\"itemListElement\":[{\"@type\":\"ListItem\",\"position\":1,\"name\":\"Portada\",\"item\":\"https:\/\/aivlisoft.net\/shop\/\"},{\"@type\":\"ListItem\",\"position\":2,\"name\":\"Tienda\",\"item\":\"https:\/\/aivlisoft.net\/shop\/tienda\/\"},{\"@type\":\"ListItem\",\"position\":3,\"name\":\"D-Link DWR-933 4G\/LTE Cat 6 Wi-Fi Hotspot AC1200\"}]},{\"@type\":\"WebSite\",\"@id\":\"https:\/\/aivlisoft.net\/shop\/#website\",\"url\":\"https:\/\/aivlisoft.net\/shop\/\",\"name\":\"Aivlisoft Inform\u00e1tica\",\"description\":\"En Aivlisoft Inform\u00e1tica ofrecemos soluciones tecnol\u00f3gicas para empresas: venta de ordenadores, consumibles, perif\u00e9ricos y m\u00e1s. Calidad, atenci\u00f3n personalizada y los mejores precios para tu negocio.\",\"publisher\":{\"@id\":\"https:\/\/aivlisoft.net\/shop\/#organization\"},\"potentialAction\":[{\"@type\":\"SearchAction\",\"target\":{\"@type\":\"EntryPoint\",\"urlTemplate\":\"https:\/\/aivlisoft.net\/shop\/?s={search_term_string}\"},\"query-input\":{\"@type\":\"PropertyValueSpecification\",\"valueRequired\":true,\"valueName\":\"search_term_string\"}}],\"inLanguage\":\"es\"},{\"@type\":\"Organization\",\"@id\":\"https:\/\/aivlisoft.net\/shop\/#organization\",\"name\":\"Aivlisoft Inform\u00e1tica\",\"url\":\"https:\/\/aivlisoft.net\/shop\/\",\"logo\":{\"@type\":\"ImageObject\",\"inLanguage\":\"es\",\"@id\":\"https:\/\/aivlisoft.net\/shop\/#\/schema\/logo\/image\/\",\"url\":\"https:\/\/aivlisoft.net\/shop\/wp-content\/uploads\/2024\/12\/removal.ai_5b848c54-0cdf-4140-95c5-c5536bb7573b-logodef.png\",\"contentUrl\":\"https:\/\/aivlisoft.net\/shop\/wp-content\/uploads\/2024\/12\/removal.ai_5b848c54-0cdf-4140-95c5-c5536bb7573b-logodef.png\",\"width\":484,\"height\":182,\"caption\":\"Aivlisoft Inform\u00e1tica\"},\"image\":{\"@id\":\"https:\/\/aivlisoft.net\/shop\/#\/schema\/logo\/image\/\"}}]}<\/script>\n<!-- \/ Yoast SEO plugin. -->","yoast_head_json":{"title":"D-Link DWR-933 4G\/LTE Cat 6 Wi-Fi Hotspot AC1200 - Aivlisoft Inform\u00e1tica","robots":{"index":"index","follow":"follow","max-snippet":"max-snippet:-1","max-image-preview":"max-image-preview:large","max-video-preview":"max-video-preview:-1"},"canonical":"https:\/\/aivlisoft.net\/shop\/producto\/d-link-dwr-933-4g-lte-cat-6-wi-fi-hotspot-ac1200\/","og_locale":"es_ES","og_type":"article","og_title":"D-Link DWR-933 4G\/LTE Cat 6 Wi-Fi Hotspot AC1200 - Aivlisoft Inform\u00e1tica","og_description":"Marca D-Link Modelo DWR-933 Caracter&iacute;sticas General&#8211; Soporte de frecuencia:&nbsp; Categor&iacute;a 6: FDD-LTE: Banda 1\/3\/7\/8\/20, TDD-LTE: Banda 38&nbsp; CA: 1A+3A, 1A+7A, 1A+8A, 1A+20A, 3A+3,A, 3C, 3A+7A,3A+8A, 3A+20A, 3A+38A , 7A+7A, 7C, 7A+20A, 38C&nbsp; UMTS\/HSPA+\/DC-HSPA+: 850\/900\/1900\/2100 MHz&nbsp; GSM:850\/900\/1800\/1900 MHz&#8211; Rendimiento de datos: &nbsp; Modo LTE:&nbsp; &#8211; Downlink: 300 Mbps&nbsp; &#8211; Uplink: 50 Mbps&nbsp; Modo WCDMA\/HSPA\/HSPA+\/DC-HSPA:&nbsp; &#8211; Downlink:&hellip;&nbsp;D-Link DWR-933 4G\/LTE Cat 6 Wi-Fi Hotspot AC1200","og_url":"https:\/\/aivlisoft.net\/shop\/producto\/d-link-dwr-933-4g-lte-cat-6-wi-fi-hotspot-ac1200\/","og_site_name":"Aivlisoft Inform\u00e1tica","article_modified_time":"2025-01-14T20:00:00+00:00","og_image":[{"width":799,"height":800,"url":"https:\/\/aivlisoft.net\/shop\/wp-content\/uploads\/2025\/01\/NROINA0296_800.jpg","type":"image\/jpeg"}],"twitter_card":"summary_large_image","twitter_misc":{"Tiempo de lectura":"1 minuto"},"schema":{"@context":"https:\/\/schema.org","@graph":[{"@type":"WebPage","@id":"https:\/\/aivlisoft.net\/shop\/producto\/d-link-dwr-933-4g-lte-cat-6-wi-fi-hotspot-ac1200\/","url":"https:\/\/aivlisoft.net\/shop\/producto\/d-link-dwr-933-4g-lte-cat-6-wi-fi-hotspot-ac1200\/","name":"D-Link DWR-933 4G\/LTE Cat 6 Wi-Fi Hotspot AC1200 - Aivlisoft Inform\u00e1tica","isPartOf":{"@id":"https:\/\/aivlisoft.net\/shop\/#website"},"primaryImageOfPage":{"@id":"https:\/\/aivlisoft.net\/shop\/producto\/d-link-dwr-933-4g-lte-cat-6-wi-fi-hotspot-ac1200\/#primaryimage"},"image":{"@id":"https:\/\/aivlisoft.net\/shop\/producto\/d-link-dwr-933-4g-lte-cat-6-wi-fi-hotspot-ac1200\/#primaryimage"},"thumbnailUrl":"https:\/\/aivlisoft.net\/shop\/wp-content\/uploads\/2025\/01\/NROINA0296_800.jpg","datePublished":"2025-01-13T15:28:02+00:00","dateModified":"2025-01-14T20:00:00+00:00","breadcrumb":{"@id":"https:\/\/aivlisoft.net\/shop\/producto\/d-link-dwr-933-4g-lte-cat-6-wi-fi-hotspot-ac1200\/#breadcrumb"},"inLanguage":"es","potentialAction":[{"@type":"ReadAction","target":["https:\/\/aivlisoft.net\/shop\/producto\/d-link-dwr-933-4g-lte-cat-6-wi-fi-hotspot-ac1200\/"]}]},{"@type":"ImageObject","inLanguage":"es","@id":"https:\/\/aivlisoft.net\/shop\/producto\/d-link-dwr-933-4g-lte-cat-6-wi-fi-hotspot-ac1200\/#primaryimage","url":"https:\/\/aivlisoft.net\/shop\/wp-content\/uploads\/2025\/01\/NROINA0296_800.jpg","contentUrl":"https:\/\/aivlisoft.net\/shop\/wp-content\/uploads\/2025\/01\/NROINA0296_800.jpg","width":799,"height":800},{"@type":"BreadcrumbList","@id":"https:\/\/aivlisoft.net\/shop\/producto\/d-link-dwr-933-4g-lte-cat-6-wi-fi-hotspot-ac1200\/#breadcrumb","itemListElement":[{"@type":"ListItem","position":1,"name":"Portada","item":"https:\/\/aivlisoft.net\/shop\/"},{"@type":"ListItem","position":2,"name":"Tienda","item":"https:\/\/aivlisoft.net\/shop\/tienda\/"},{"@type":"ListItem","position":3,"name":"D-Link DWR-933 4G\/LTE Cat 6 Wi-Fi Hotspot AC1200"}]},{"@type":"WebSite","@id":"https:\/\/aivlisoft.net\/shop\/#website","url":"https:\/\/aivlisoft.net\/shop\/","name":"Aivlisoft Inform\u00e1tica","description":"En Aivlisoft Inform\u00e1tica ofrecemos soluciones tecnol\u00f3gicas para empresas: venta de ordenadores, consumibles, perif\u00e9ricos y m\u00e1s. Calidad, atenci\u00f3n personalizada y los mejores precios para tu negocio.","publisher":{"@id":"https:\/\/aivlisoft.net\/shop\/#organization"},"potentialAction":[{"@type":"SearchAction","target":{"@type":"EntryPoint","urlTemplate":"https:\/\/aivlisoft.net\/shop\/?s={search_term_string}"},"query-input":{"@type":"PropertyValueSpecification","valueRequired":true,"valueName":"search_term_string"}}],"inLanguage":"es"},{"@type":"Organization","@id":"https:\/\/aivlisoft.net\/shop\/#organization","name":"Aivlisoft Inform\u00e1tica","url":"https:\/\/aivlisoft.net\/shop\/","logo":{"@type":"ImageObject","inLanguage":"es","@id":"https:\/\/aivlisoft.net\/shop\/#\/schema\/logo\/image\/","url":"https:\/\/aivlisoft.net\/shop\/wp-content\/uploads\/2024\/12\/removal.ai_5b848c54-0cdf-4140-95c5-c5536bb7573b-logodef.png","contentUrl":"https:\/\/aivlisoft.net\/shop\/wp-content\/uploads\/2024\/12\/removal.ai_5b848c54-0cdf-4140-95c5-c5536bb7573b-logodef.png","width":484,"height":182,"caption":"Aivlisoft Inform\u00e1tica"},"image":{"@id":"https:\/\/aivlisoft.net\/shop\/#\/schema\/logo\/image\/"}}]}},"_links":{"self":[{"href":"https:\/\/aivlisoft.net\/shop\/wp-json\/wp\/v2\/product\/19015","targetHints":{"allow":["GET"]}}],"collection":[{"href":"https:\/\/aivlisoft.net\/shop\/wp-json\/wp\/v2\/product"}],"about":[{"href":"https:\/\/aivlisoft.net\/shop\/wp-json\/wp\/v2\/types\/product"}],"wp:featuredmedia":[{"embeddable":true,"href":"https:\/\/aivlisoft.net\/shop\/wp-json\/wp\/v2\/media\/19016"}],"wp:attachment":[{"href":"https:\/\/aivlisoft.net\/shop\/wp-json\/wp\/v2\/media?parent=19015"}],"wp:term":[{"taxonomy":"product_brand","embeddable":true,"href":"https:\/\/aivlisoft.net\/shop\/wp-json\/wp\/v2\/product_brand?post=19015"},{"taxonomy":"product_cat","embeddable":true,"href":"https:\/\/aivlisoft.net\/shop\/wp-json\/wp\/v2\/product_cat?post=19015"},{"taxonomy":"product_tag","embeddable":true,"href":"https:\/\/aivlisoft.net\/shop\/wp-json\/wp\/v2\/product_tag?post=19015"}],"curies":[{"name":"wp","href":"https:\/\/api.w.org\/{rel}","templated":true}]}}