{"id":19007,"date":"2025-01-13T15:27:57","date_gmt":"2025-01-13T15:27:57","guid":{"rendered":"https:\/\/aivlisoft.com\/?post_type=product&#038;p=19007"},"modified":"2025-01-14T20:00:01","modified_gmt":"2025-01-14T20:00:01","slug":"fritz-box6820-lte-int-router-3g-4g-wifi-n450-v-3","status":"publish","type":"product","link":"https:\/\/aivlisoft.net\/shop\/producto\/fritz-box6820-lte-int-router-3g-4g-wifi-n450-v-3\/","title":{"rendered":"FRITZ! Box6820 LTE Int Router 3G\/4G WiFi N450 v.3"},"content":{"rendered":"<p>&nbsp;<\/p>\n<table class=\"tabla_caracteristicas k-table\" width=\"100%\">\n<tr>\n<td valign=\"top\"><strong>Marca<\/strong><\/td>\n<td>FRITZ!<\/td>\n<\/tr>\n<tr>\n<td valign=\"top\"><strong>Modelo<\/strong><\/td>\n<td valign=\"top\">Box6820 LTE<br \/>\t\t\t(<strong>20002907<\/strong>)<\/td>\n<\/tr>\n<tr>\n<td valign=\"top\"><strong>Internet<\/strong><\/td>\n<td>&#8211; Router 4G con cortafuegos\/NAT, servidor DHCP, cliente DynDNS, UPnP.<br \/>\t\t\t&#8211; Cortafuegos de inspecci&oacute;n activa de paquetes (SPI, Stateful Packet Inspection) y activaci&oacute;n y redireccionamiento de puertos, para navegar de forma segura en Internet.<br \/>\t\t\t&#8211; Soporta los protocolos de Internet IPv4 y IPv6.<br \/>\t\t\t&#8211; Acceso remoto seguro a trav&eacute;s de Internet con VPN (IPSec).<br \/>\t\t\t&#8211; Control parental con filtros.<br \/>\t\t\t&#8211; Mantenimiento remoto v&iacute;a https.<br \/>\t\t\t<strong>4G<\/strong><br \/>\t\t\t&#8211; Soporte multibanda: LTE TDD banda 1 (2,1 GHz), banda 3 (1,8 GHz), banda 5 (850 MHz), banda 7 (2,6 GHz), banda 8 (900 MHz), banda 20 (800 MHz) y banda 32 (1,5 GHz) \/ LTE TDD banda 38 (2,6 GHz), banda 40 (2,3 GHz), banda 41 (2,5 GHz).<br \/>\t\t\t&#8211; Soporta el ancho de banda de los canales de 1.4, 3, 5, 10, 15 y 20 MHz.<br \/>\t\t\t&#8211; Tecnolog&iacute;a MIMO (tecnolog&iacute;a de antenas de m&uacute;ltiple entrada y m&uacute;ltiple salida).<br \/>\t\t\t&#8211; Antenas LTE integradas.<\/td>\n<\/tr>\n<tr>\n<td valign=\"top\"><strong>WiFi<\/strong><\/td>\n<td>&#8211; Redes WiFi 802.11n (hasta 450 Mbps brutos; 2,4 GHz; MIMO 3 x 3) y 802.11b\/g.<br \/>\t\t\t&#8211; Ampliar la red dom&eacute;stica con WiFi Mesh: combinando f&aacute;cilmente varios puntos de acceso WiFi en un solo sistema inteligente (a partir del FRITZ!OS 6.90) M&aacute;s informaci&oacute;n: es.avm.de\/mesh<br \/>\t\t\t&#8211; Seguridad gracias al cifrado WPA2 activado desde f&aacute;brica.<br \/>\t\t\t&#8211; Cifrado WPA2, WPA\/WPA2 (modo mixto).<br \/>\t\t\t&#8211; Bot&oacute;n &quot;WLAN&quot; (para encender o apagar manualmente la red inal&aacute;mbrica).<br \/>\t\t\t&#8211; Wi-Fi Protected Setup (WPS) para una configuraci&oacute;n segura de la red inal&aacute;mbrica, con solo presionar un bot&oacute;n o con contrase&ntilde;a.<br \/>\t\t\t&#8211; Acceso de invitado a la red inal&aacute;mbrica: m&aacute;xima seguridad para sus amigos e invitados cuando naveguen en Internet.<br \/>\t\t\t&#8211; Modo WiFi Eco para conseguir el mejor rendimiento con el menor consumo de energ&iacute;a.<\/td>\n<\/tr>\n<tr>\n<td valign=\"top\"><strong>Conexiones<\/strong><\/td>\n<td>&#8211; Permite la conectividad a la red 4G a trav&eacute;s de una tarjeta SIM para 4G (mini SIM).<br \/>\t\t\t&#8211; Acceso a Internet tambi&eacute;n a trav&eacute;s de UMTS\/HSPA+ (3G).<br \/>\t\t\t&#8211; 1 puerto Gigabit Ethernet (10\/100\/1000 Base-T, puerto RJ45) para ordenadores, consolas de videojuegos o redes.<br \/>\t\t\t&#8211; Punto de acceso WiFi N (IEEE 802.11n, g, b en la banda de 2,4 GHz) para ordenadores, port&aacute;tiles, tabletas y smartphones.<\/td>\n<\/tr>\n<tr>\n<td valign=\"top\"><strong>Otras caracter&iacute;sticas<\/strong><\/td>\n<td><strong>Fritz!OS<\/strong><br \/>\t\t\t&#8211; Interfaz de usuario clara, uso intuitivo a trav&eacute;s del navegador.<br \/>\t\t\t&#8211; Interfaz de usuario optimizada para smartphones y tablets (dise&ntilde;o web adaptable) y en seis idiomas (ES, DE, EN, FR, IT y PL).<br \/>\t\t\t&#8211; Soporte de configuraci&oacute;n de las antenas para una perfecta instalaci&oacute;n del FRITZ!Box.<br \/>\t\t\t&#8211; Actualizaciones gratuitas de nuevas funciones y caracter&iacute;sticas de seguridad.<br \/>\t\t\t&#8211; Vista ampliada para diferentes posibilidades de configuraci&oacute;n, funci&oacute;n de ayuda con b&uacute;squeda de texto completo.<br \/>\t\t\t&#8211; FRITZ!App WLAN para establecer conexiones con el router y recopilar informaci&oacute;n sobre la conexi&oacute;n WiFi (Android).<br \/>\t\t\t<strong>F&iacute;sicas<\/strong><br \/>\t\t\t&#8211; Medidas (A x P x A): 64 x 99 x 134 mm.<br \/>\t\t\t&#8211; Consumo medio: menos de 6 vatios.<br \/>\t\t\t<strong>Contenido<\/strong><br \/>\t\t\t&#8211; FRITZ!Box 6820 LTE.<br \/>\t\t\t&#8211; Fuente de alimentaci&oacute;n con cable de 1,5 m.<br \/>\t\t\t&#8211; Cable LAN de 1,5 m.<br \/>\t\t\t&#8211; Gu&iacute;a r&aacute;pida de instalaci&oacute;n.<\/td>\n<\/tr>\n<tr>\n<td valign=\"top\"><strong>Fecha Revisi&oacute;n<\/strong><\/td>\n<td>25-05-2022 por MPM<\/td>\n<\/tr>\n<\/table>\n","protected":false},"excerpt":{"rendered":"<p>&nbsp; Marca FRITZ! Modelo Box6820 LTE (20002907) Internet &#8211; Router 4G con cortafuegos\/NAT, servidor DHCP, cliente DynDNS, UPnP. &#8211; Cortafuegos de inspecci&oacute;n activa de paquetes (SPI, Stateful Packet Inspection) y activaci&oacute;n y redireccionamiento de puertos, para navegar de forma segura en Internet. &#8211; Soporta los protocolos de Internet IPv4 y IPv6. &#8211; Acceso remoto seguro&hellip;&nbsp;<a href=\"https:\/\/aivlisoft.net\/shop\/producto\/fritz-box6820-lte-int-router-3g-4g-wifi-n450-v-3\/\" rel=\"bookmark\"><span class=\"screen-reader-text\">FRITZ! Box6820 LTE Int Router 3G\/4G WiFi N450 v.3<\/span><\/a><\/p>\n","protected":false},"featured_media":19008,"template":"","meta":{"neve_meta_sidebar":"","neve_meta_container":"","neve_meta_enable_content_width":"","neve_meta_content_width":0,"neve_meta_title_alignment":"","neve_meta_author_avatar":"","neve_post_elements_order":"","neve_meta_disable_header":"","neve_meta_disable_footer":"","neve_meta_disable_title":""},"product_brand":[],"product_cat":[15,8768,6832],"product_tag":[6897],"class_list":{"0":"post-19007","1":"product","2":"type-product","3":"status-publish","4":"has-post-thumbnail","6":"product_cat-sin-categorizar","7":"product_cat-routers-adsl","8":"product_cat-routers-modems","9":"product_tag-6897","11":"first","12":"instock","13":"taxable","14":"shipping-taxable","15":"purchasable","16":"product-type-simple"},"yoast_head":"<!-- This site is optimized with the Yoast SEO plugin v26.0 - https:\/\/yoast.com\/wordpress\/plugins\/seo\/ -->\n<title>FRITZ! Box6820 LTE Int Router 3G\/4G WiFi N450 v.3 - Aivlisoft Inform\u00e1tica<\/title>\n<meta name=\"robots\" content=\"index, follow, max-snippet:-1, max-image-preview:large, max-video-preview:-1\" \/>\n<link rel=\"canonical\" href=\"https:\/\/aivlisoft.net\/shop\/producto\/fritz-box6820-lte-int-router-3g-4g-wifi-n450-v-3\/\" \/>\n<meta property=\"og:locale\" content=\"es_ES\" \/>\n<meta property=\"og:type\" content=\"article\" \/>\n<meta property=\"og:title\" content=\"FRITZ! Box6820 LTE Int Router 3G\/4G WiFi N450 v.3 - Aivlisoft Inform\u00e1tica\" \/>\n<meta property=\"og:description\" content=\"&nbsp; Marca FRITZ! Modelo Box6820 LTE (20002907) Internet &#8211; Router 4G con cortafuegos\/NAT, servidor DHCP, cliente DynDNS, UPnP. &#8211; Cortafuegos de inspecci&oacute;n activa de paquetes (SPI, Stateful Packet Inspection) y activaci&oacute;n y redireccionamiento de puertos, para navegar de forma segura en Internet. &#8211; Soporta los protocolos de Internet IPv4 y IPv6. &#8211; Acceso remoto seguro&hellip;&nbsp;FRITZ! Box6820 LTE Int Router 3G\/4G WiFi N450 v.3\" \/>\n<meta property=\"og:url\" content=\"https:\/\/aivlisoft.net\/shop\/producto\/fritz-box6820-lte-int-router-3g-4g-wifi-n450-v-3\/\" \/>\n<meta property=\"og:site_name\" content=\"Aivlisoft Inform\u00e1tica\" \/>\n<meta property=\"article:modified_time\" content=\"2025-01-14T20:00:01+00:00\" \/>\n<meta property=\"og:image\" content=\"https:\/\/aivlisoft.net\/shop\/wp-content\/uploads\/2025\/01\/NROINA0293_800.jpg\" \/>\n\t<meta property=\"og:image:width\" content=\"800\" \/>\n\t<meta property=\"og:image:height\" content=\"800\" \/>\n\t<meta property=\"og:image:type\" content=\"image\/jpeg\" \/>\n<meta name=\"twitter:card\" content=\"summary_large_image\" \/>\n<meta name=\"twitter:label1\" content=\"Tiempo de lectura\" \/>\n\t<meta name=\"twitter:data1\" content=\"3 minutos\" \/>\n<script type=\"application\/ld+json\" class=\"yoast-schema-graph\">{\"@context\":\"https:\/\/schema.org\",\"@graph\":[{\"@type\":\"WebPage\",\"@id\":\"https:\/\/aivlisoft.net\/shop\/producto\/fritz-box6820-lte-int-router-3g-4g-wifi-n450-v-3\/\",\"url\":\"https:\/\/aivlisoft.net\/shop\/producto\/fritz-box6820-lte-int-router-3g-4g-wifi-n450-v-3\/\",\"name\":\"FRITZ! Box6820 LTE Int Router 3G\/4G WiFi N450 v.3 - Aivlisoft Inform\u00e1tica\",\"isPartOf\":{\"@id\":\"https:\/\/aivlisoft.net\/shop\/#website\"},\"primaryImageOfPage\":{\"@id\":\"https:\/\/aivlisoft.net\/shop\/producto\/fritz-box6820-lte-int-router-3g-4g-wifi-n450-v-3\/#primaryimage\"},\"image\":{\"@id\":\"https:\/\/aivlisoft.net\/shop\/producto\/fritz-box6820-lte-int-router-3g-4g-wifi-n450-v-3\/#primaryimage\"},\"thumbnailUrl\":\"https:\/\/aivlisoft.net\/shop\/wp-content\/uploads\/2025\/01\/NROINA0293_800.jpg\",\"datePublished\":\"2025-01-13T15:27:57+00:00\",\"dateModified\":\"2025-01-14T20:00:01+00:00\",\"breadcrumb\":{\"@id\":\"https:\/\/aivlisoft.net\/shop\/producto\/fritz-box6820-lte-int-router-3g-4g-wifi-n450-v-3\/#breadcrumb\"},\"inLanguage\":\"es\",\"potentialAction\":[{\"@type\":\"ReadAction\",\"target\":[\"https:\/\/aivlisoft.net\/shop\/producto\/fritz-box6820-lte-int-router-3g-4g-wifi-n450-v-3\/\"]}]},{\"@type\":\"ImageObject\",\"inLanguage\":\"es\",\"@id\":\"https:\/\/aivlisoft.net\/shop\/producto\/fritz-box6820-lte-int-router-3g-4g-wifi-n450-v-3\/#primaryimage\",\"url\":\"https:\/\/aivlisoft.net\/shop\/wp-content\/uploads\/2025\/01\/NROINA0293_800.jpg\",\"contentUrl\":\"https:\/\/aivlisoft.net\/shop\/wp-content\/uploads\/2025\/01\/NROINA0293_800.jpg\",\"width\":800,\"height\":800},{\"@type\":\"BreadcrumbList\",\"@id\":\"https:\/\/aivlisoft.net\/shop\/producto\/fritz-box6820-lte-int-router-3g-4g-wifi-n450-v-3\/#breadcrumb\",\"itemListElement\":[{\"@type\":\"ListItem\",\"position\":1,\"name\":\"Portada\",\"item\":\"https:\/\/aivlisoft.net\/shop\/\"},{\"@type\":\"ListItem\",\"position\":2,\"name\":\"Tienda\",\"item\":\"https:\/\/aivlisoft.net\/shop\/tienda\/\"},{\"@type\":\"ListItem\",\"position\":3,\"name\":\"FRITZ! Box6820 LTE Int Router 3G\/4G WiFi N450 v.3\"}]},{\"@type\":\"WebSite\",\"@id\":\"https:\/\/aivlisoft.net\/shop\/#website\",\"url\":\"https:\/\/aivlisoft.net\/shop\/\",\"name\":\"Aivlisoft Inform\u00e1tica\",\"description\":\"En Aivlisoft Inform\u00e1tica ofrecemos soluciones tecnol\u00f3gicas para empresas: venta de ordenadores, consumibles, perif\u00e9ricos y m\u00e1s. Calidad, atenci\u00f3n personalizada y los mejores precios para tu negocio.\",\"publisher\":{\"@id\":\"https:\/\/aivlisoft.net\/shop\/#organization\"},\"potentialAction\":[{\"@type\":\"SearchAction\",\"target\":{\"@type\":\"EntryPoint\",\"urlTemplate\":\"https:\/\/aivlisoft.net\/shop\/?s={search_term_string}\"},\"query-input\":{\"@type\":\"PropertyValueSpecification\",\"valueRequired\":true,\"valueName\":\"search_term_string\"}}],\"inLanguage\":\"es\"},{\"@type\":\"Organization\",\"@id\":\"https:\/\/aivlisoft.net\/shop\/#organization\",\"name\":\"Aivlisoft Inform\u00e1tica\",\"url\":\"https:\/\/aivlisoft.net\/shop\/\",\"logo\":{\"@type\":\"ImageObject\",\"inLanguage\":\"es\",\"@id\":\"https:\/\/aivlisoft.net\/shop\/#\/schema\/logo\/image\/\",\"url\":\"https:\/\/aivlisoft.net\/shop\/wp-content\/uploads\/2024\/12\/removal.ai_5b848c54-0cdf-4140-95c5-c5536bb7573b-logodef.png\",\"contentUrl\":\"https:\/\/aivlisoft.net\/shop\/wp-content\/uploads\/2024\/12\/removal.ai_5b848c54-0cdf-4140-95c5-c5536bb7573b-logodef.png\",\"width\":484,\"height\":182,\"caption\":\"Aivlisoft Inform\u00e1tica\"},\"image\":{\"@id\":\"https:\/\/aivlisoft.net\/shop\/#\/schema\/logo\/image\/\"}}]}<\/script>\n<!-- \/ Yoast SEO plugin. -->","yoast_head_json":{"title":"FRITZ! Box6820 LTE Int Router 3G\/4G WiFi N450 v.3 - Aivlisoft Inform\u00e1tica","robots":{"index":"index","follow":"follow","max-snippet":"max-snippet:-1","max-image-preview":"max-image-preview:large","max-video-preview":"max-video-preview:-1"},"canonical":"https:\/\/aivlisoft.net\/shop\/producto\/fritz-box6820-lte-int-router-3g-4g-wifi-n450-v-3\/","og_locale":"es_ES","og_type":"article","og_title":"FRITZ! Box6820 LTE Int Router 3G\/4G WiFi N450 v.3 - Aivlisoft Inform\u00e1tica","og_description":"&nbsp; Marca FRITZ! Modelo Box6820 LTE (20002907) Internet &#8211; Router 4G con cortafuegos\/NAT, servidor DHCP, cliente DynDNS, UPnP. &#8211; Cortafuegos de inspecci&oacute;n activa de paquetes (SPI, Stateful Packet Inspection) y activaci&oacute;n y redireccionamiento de puertos, para navegar de forma segura en Internet. &#8211; Soporta los protocolos de Internet IPv4 y IPv6. &#8211; Acceso remoto seguro&hellip;&nbsp;FRITZ! Box6820 LTE Int Router 3G\/4G WiFi N450 v.3","og_url":"https:\/\/aivlisoft.net\/shop\/producto\/fritz-box6820-lte-int-router-3g-4g-wifi-n450-v-3\/","og_site_name":"Aivlisoft Inform\u00e1tica","article_modified_time":"2025-01-14T20:00:01+00:00","og_image":[{"width":800,"height":800,"url":"https:\/\/aivlisoft.net\/shop\/wp-content\/uploads\/2025\/01\/NROINA0293_800.jpg","type":"image\/jpeg"}],"twitter_card":"summary_large_image","twitter_misc":{"Tiempo de lectura":"3 minutos"},"schema":{"@context":"https:\/\/schema.org","@graph":[{"@type":"WebPage","@id":"https:\/\/aivlisoft.net\/shop\/producto\/fritz-box6820-lte-int-router-3g-4g-wifi-n450-v-3\/","url":"https:\/\/aivlisoft.net\/shop\/producto\/fritz-box6820-lte-int-router-3g-4g-wifi-n450-v-3\/","name":"FRITZ! Box6820 LTE Int Router 3G\/4G WiFi N450 v.3 - Aivlisoft Inform\u00e1tica","isPartOf":{"@id":"https:\/\/aivlisoft.net\/shop\/#website"},"primaryImageOfPage":{"@id":"https:\/\/aivlisoft.net\/shop\/producto\/fritz-box6820-lte-int-router-3g-4g-wifi-n450-v-3\/#primaryimage"},"image":{"@id":"https:\/\/aivlisoft.net\/shop\/producto\/fritz-box6820-lte-int-router-3g-4g-wifi-n450-v-3\/#primaryimage"},"thumbnailUrl":"https:\/\/aivlisoft.net\/shop\/wp-content\/uploads\/2025\/01\/NROINA0293_800.jpg","datePublished":"2025-01-13T15:27:57+00:00","dateModified":"2025-01-14T20:00:01+00:00","breadcrumb":{"@id":"https:\/\/aivlisoft.net\/shop\/producto\/fritz-box6820-lte-int-router-3g-4g-wifi-n450-v-3\/#breadcrumb"},"inLanguage":"es","potentialAction":[{"@type":"ReadAction","target":["https:\/\/aivlisoft.net\/shop\/producto\/fritz-box6820-lte-int-router-3g-4g-wifi-n450-v-3\/"]}]},{"@type":"ImageObject","inLanguage":"es","@id":"https:\/\/aivlisoft.net\/shop\/producto\/fritz-box6820-lte-int-router-3g-4g-wifi-n450-v-3\/#primaryimage","url":"https:\/\/aivlisoft.net\/shop\/wp-content\/uploads\/2025\/01\/NROINA0293_800.jpg","contentUrl":"https:\/\/aivlisoft.net\/shop\/wp-content\/uploads\/2025\/01\/NROINA0293_800.jpg","width":800,"height":800},{"@type":"BreadcrumbList","@id":"https:\/\/aivlisoft.net\/shop\/producto\/fritz-box6820-lte-int-router-3g-4g-wifi-n450-v-3\/#breadcrumb","itemListElement":[{"@type":"ListItem","position":1,"name":"Portada","item":"https:\/\/aivlisoft.net\/shop\/"},{"@type":"ListItem","position":2,"name":"Tienda","item":"https:\/\/aivlisoft.net\/shop\/tienda\/"},{"@type":"ListItem","position":3,"name":"FRITZ! Box6820 LTE Int Router 3G\/4G WiFi N450 v.3"}]},{"@type":"WebSite","@id":"https:\/\/aivlisoft.net\/shop\/#website","url":"https:\/\/aivlisoft.net\/shop\/","name":"Aivlisoft Inform\u00e1tica","description":"En Aivlisoft Inform\u00e1tica ofrecemos soluciones tecnol\u00f3gicas para empresas: venta de ordenadores, consumibles, perif\u00e9ricos y m\u00e1s. Calidad, atenci\u00f3n personalizada y los mejores precios para tu negocio.","publisher":{"@id":"https:\/\/aivlisoft.net\/shop\/#organization"},"potentialAction":[{"@type":"SearchAction","target":{"@type":"EntryPoint","urlTemplate":"https:\/\/aivlisoft.net\/shop\/?s={search_term_string}"},"query-input":{"@type":"PropertyValueSpecification","valueRequired":true,"valueName":"search_term_string"}}],"inLanguage":"es"},{"@type":"Organization","@id":"https:\/\/aivlisoft.net\/shop\/#organization","name":"Aivlisoft Inform\u00e1tica","url":"https:\/\/aivlisoft.net\/shop\/","logo":{"@type":"ImageObject","inLanguage":"es","@id":"https:\/\/aivlisoft.net\/shop\/#\/schema\/logo\/image\/","url":"https:\/\/aivlisoft.net\/shop\/wp-content\/uploads\/2024\/12\/removal.ai_5b848c54-0cdf-4140-95c5-c5536bb7573b-logodef.png","contentUrl":"https:\/\/aivlisoft.net\/shop\/wp-content\/uploads\/2024\/12\/removal.ai_5b848c54-0cdf-4140-95c5-c5536bb7573b-logodef.png","width":484,"height":182,"caption":"Aivlisoft Inform\u00e1tica"},"image":{"@id":"https:\/\/aivlisoft.net\/shop\/#\/schema\/logo\/image\/"}}]}},"_links":{"self":[{"href":"https:\/\/aivlisoft.net\/shop\/wp-json\/wp\/v2\/product\/19007","targetHints":{"allow":["GET"]}}],"collection":[{"href":"https:\/\/aivlisoft.net\/shop\/wp-json\/wp\/v2\/product"}],"about":[{"href":"https:\/\/aivlisoft.net\/shop\/wp-json\/wp\/v2\/types\/product"}],"wp:featuredmedia":[{"embeddable":true,"href":"https:\/\/aivlisoft.net\/shop\/wp-json\/wp\/v2\/media\/19008"}],"wp:attachment":[{"href":"https:\/\/aivlisoft.net\/shop\/wp-json\/wp\/v2\/media?parent=19007"}],"wp:term":[{"taxonomy":"product_brand","embeddable":true,"href":"https:\/\/aivlisoft.net\/shop\/wp-json\/wp\/v2\/product_brand?post=19007"},{"taxonomy":"product_cat","embeddable":true,"href":"https:\/\/aivlisoft.net\/shop\/wp-json\/wp\/v2\/product_cat?post=19007"},{"taxonomy":"product_tag","embeddable":true,"href":"https:\/\/aivlisoft.net\/shop\/wp-json\/wp\/v2\/product_tag?post=19007"}],"curies":[{"name":"wp","href":"https:\/\/api.w.org\/{rel}","templated":true}]}}