{"id":18998,"date":"2025-01-13T15:27:53","date_gmt":"2025-01-13T15:27:53","guid":{"rendered":"https:\/\/aivlisoft.com\/?post_type=product&#038;p=18998"},"modified":"2025-01-14T20:00:02","modified_gmt":"2025-01-14T20:00:02","slug":"edimax-br-6476ac-router-wifi-ac1200-dual-band","status":"publish","type":"product","link":"https:\/\/aivlisoft.net\/shop\/producto\/edimax-br-6476ac-router-wifi-ac1200-dual-band\/","title":{"rendered":"Edimax BR-6476AC Router WiFi AC1200 Dual Band"},"content":{"rendered":"<p><\/p>\n<table class=\"tabla_caracteristicas k-table\" width=\"100%\">\n<tbody>\n<tr>\n<td valign=\"top\"><strong>Marca<\/strong><\/td>\n<td>Edimax<\/td>\n<\/tr>\n<tr>\n<td valign=\"top\"><strong>Modelo<\/strong><\/td>\n<td valign=\"top\"><strong>BR-6476AC<\/strong><\/td>\n<\/tr>\n<tr>\n<td valign=\"top\"><strong>Caracter&iacute;sticas de hardware<\/strong><\/td>\n<td><strong><\/strong>&#8211; Interfaz: 1 x puerto WAN RJ-45 10\/100 Mbps, 4 x puerto LAN RJ-45 10\/100 Mbps<br \/>&#8211; Bot&oacute;n: Restablecer \/ Bot&oacute;n WPS<br \/>&#8211; Indicador LED: 5G, 2.4G, WAN, LAN, WPS<br \/>&#8211; Antena: 4 x antena (2 x 2.4GHz y 2 x 5GHz), antena omnidireccional fija<br \/>&#8211; Memoria 8 MB ROM, 64 MB RAM<br \/>&#8211; Adaptador de corriente: DC 12V, 1.0A<br \/>&#8211; Dimensiones \/ Peso: 153 (W) mm x 106 (D) mm x 24 (H) mm, 474 g<\/td>\n<\/tr>\n<tr>\n<td valign=\"top\"><strong>Caracteristicas<\/strong><br \/><strong>inalambricas<\/strong><\/td>\n<td><strong><\/strong>&#8211; Est&aacute;ndares: 802.11 b \/ g \/ n \/ ac<br \/>&#8211; Frecuencia: 5 GHz y 2.4 GHz de doble banda concurrente<br \/>&#8211; Velocidad m&aacute;xima de datos: 5 GHz: 867 Mbps, 2,4 GHz: 300 Mbps<br \/>&#8211; Sensibilidad de recepci&oacute;n: 11AC: &#8211; Modo 20M&le; -57dBm, &#8211; Modo 40M&le; -54dBm, &#8211; Modo 80M&le; -51dBm 11N: &#8211; 11b_11Mbps: &le; -79dBm, &#8211; 11g_54Mbps: &le; -68dBm, &#8211; HT20_MCS7: &le; -67dBm, &#8211; HT40_MC : &le; -64dBm<br \/>&#8211; Potencia de transmisi&oacute;n: 11N: 16dBm (2.4GHz), 11G: 17dBm (2.4GHz), 11AC: 13dBm (5GHz)<br \/>&#8211; Seguridad: WPA-Personal, WPA2-Personal, WPA-Personal \/ WPA2-Personal, control de acceso inal&aacute;mbrico, admite SSID oculto<\/td>\n<\/tr>\n<tr>\n<td valign=\"top\"><strong><\/strong><strong>Funciones de software<\/strong><\/td>\n<td>&#8211; Administraci&oacute;n: Administraci&oacute;n, administraci&oacute;n remota, estado del sistema y registro de seguridad, firmware actualizable, configuraci&oacute;n inteligente, no se requieren controladores.<br \/>&#8211; Configuraci&oacute;n de WAN: Configuraci&oacute;n b&aacute;sica, Configuraci&oacute;n de seguridad, Control de acceso, WPS<br \/>&#8211; Configuraci&oacute;n virtual: rango de puertos, DMZ, UPnP<br \/>&#8211; DHCP: servidor DHCP, enlace de direcci&oacute;n IP est&aacute;tica, lista de clientes DHCP<br \/>&#8211; Configuraci&oacute;n de seguridad: filtro URL, filtro MAC, cliente, ping WAN<br \/>&#8211; Modo de operaci&oacute;n: enrutador Wi-Fi, punto de acceso, extensor, WISP<\/td>\n<\/tr>\n<tr>\n<td valign=\"top\"><strong>Otras caracter&iacute;sticas<\/strong><\/td>\n<td>&#8211; Certificaci&oacute;n: CE, RoHS<br \/>&#8211; Condici&oacute;n ambiental: Humedad de funcionamiento: 10 &#8211; 90% (sin condensaci&oacute;n), Temperatura de funcionamiento: 32 &#8211; 104 &deg; F (0 &#8211; 40 &deg; C)<\/td>\n<\/tr>\n<tr>\n<td valign=\"top\"><strong>Fecha Revisi&oacute;n<\/strong><\/td>\n<td>13-12-2019 por AVN<\/td>\n<\/tr>\n<\/tbody>\n<\/table>\n","protected":false},"excerpt":{"rendered":"<p>Marca Edimax Modelo BR-6476AC Caracter&iacute;sticas de hardware &#8211; Interfaz: 1 x puerto WAN RJ-45 10\/100 Mbps, 4 x puerto LAN RJ-45 10\/100 Mbps&#8211; Bot&oacute;n: Restablecer \/ Bot&oacute;n WPS&#8211; Indicador LED: 5G, 2.4G, WAN, LAN, WPS&#8211; Antena: 4 x antena (2 x 2.4GHz y 2 x 5GHz), antena omnidireccional fija&#8211; Memoria 8 MB ROM, 64 MB&hellip;&nbsp;<a href=\"https:\/\/aivlisoft.net\/shop\/producto\/edimax-br-6476ac-router-wifi-ac1200-dual-band\/\" rel=\"bookmark\"><span class=\"screen-reader-text\">Edimax BR-6476AC Router WiFi AC1200 Dual Band<\/span><\/a><\/p>\n","protected":false},"featured_media":18999,"template":"","meta":{"neve_meta_sidebar":"","neve_meta_container":"","neve_meta_enable_content_width":"","neve_meta_content_width":0,"neve_meta_title_alignment":"","neve_meta_author_avatar":"","neve_post_elements_order":"","neve_meta_disable_header":"","neve_meta_disable_footer":"","neve_meta_disable_title":""},"product_brand":[],"product_cat":[15,8768,6832],"product_tag":[6895],"class_list":{"0":"post-18998","1":"product","2":"type-product","3":"status-publish","4":"has-post-thumbnail","6":"product_cat-sin-categorizar","7":"product_cat-routers-adsl","8":"product_cat-routers-modems","9":"product_tag-br-6476ac","11":"first","12":"instock","13":"taxable","14":"shipping-taxable","15":"purchasable","16":"product-type-simple"},"yoast_head":"<!-- This site is optimized with the Yoast SEO plugin v26.0 - https:\/\/yoast.com\/wordpress\/plugins\/seo\/ -->\n<title>Edimax BR-6476AC Router WiFi AC1200 Dual Band - Aivlisoft Inform\u00e1tica<\/title>\n<meta name=\"robots\" content=\"index, follow, max-snippet:-1, max-image-preview:large, max-video-preview:-1\" \/>\n<link rel=\"canonical\" href=\"https:\/\/aivlisoft.net\/shop\/producto\/edimax-br-6476ac-router-wifi-ac1200-dual-band\/\" \/>\n<meta property=\"og:locale\" content=\"es_ES\" \/>\n<meta property=\"og:type\" content=\"article\" \/>\n<meta property=\"og:title\" content=\"Edimax BR-6476AC Router WiFi AC1200 Dual Band - Aivlisoft Inform\u00e1tica\" \/>\n<meta property=\"og:description\" content=\"Marca Edimax Modelo BR-6476AC Caracter&iacute;sticas de hardware &#8211; Interfaz: 1 x puerto WAN RJ-45 10\/100 Mbps, 4 x puerto LAN RJ-45 10\/100 Mbps&#8211; Bot&oacute;n: Restablecer \/ Bot&oacute;n WPS&#8211; Indicador LED: 5G, 2.4G, WAN, LAN, WPS&#8211; Antena: 4 x antena (2 x 2.4GHz y 2 x 5GHz), antena omnidireccional fija&#8211; Memoria 8 MB ROM, 64 MB&hellip;&nbsp;Edimax BR-6476AC Router WiFi AC1200 Dual Band\" \/>\n<meta property=\"og:url\" content=\"https:\/\/aivlisoft.net\/shop\/producto\/edimax-br-6476ac-router-wifi-ac1200-dual-band\/\" \/>\n<meta property=\"og:site_name\" content=\"Aivlisoft Inform\u00e1tica\" \/>\n<meta property=\"article:modified_time\" content=\"2025-01-14T20:00:02+00:00\" \/>\n<meta property=\"og:image\" content=\"https:\/\/aivlisoft.net\/shop\/wp-content\/uploads\/2025\/01\/NROINA0278_800.jpg\" \/>\n\t<meta property=\"og:image:width\" content=\"800\" \/>\n\t<meta property=\"og:image:height\" content=\"800\" \/>\n\t<meta property=\"og:image:type\" content=\"image\/jpeg\" \/>\n<meta name=\"twitter:card\" content=\"summary_large_image\" \/>\n<meta name=\"twitter:label1\" content=\"Tiempo de lectura\" \/>\n\t<meta name=\"twitter:data1\" content=\"2 minutos\" \/>\n<script type=\"application\/ld+json\" class=\"yoast-schema-graph\">{\"@context\":\"https:\/\/schema.org\",\"@graph\":[{\"@type\":\"WebPage\",\"@id\":\"https:\/\/aivlisoft.net\/shop\/producto\/edimax-br-6476ac-router-wifi-ac1200-dual-band\/\",\"url\":\"https:\/\/aivlisoft.net\/shop\/producto\/edimax-br-6476ac-router-wifi-ac1200-dual-band\/\",\"name\":\"Edimax BR-6476AC Router WiFi AC1200 Dual Band - Aivlisoft Inform\u00e1tica\",\"isPartOf\":{\"@id\":\"https:\/\/aivlisoft.net\/shop\/#website\"},\"primaryImageOfPage\":{\"@id\":\"https:\/\/aivlisoft.net\/shop\/producto\/edimax-br-6476ac-router-wifi-ac1200-dual-band\/#primaryimage\"},\"image\":{\"@id\":\"https:\/\/aivlisoft.net\/shop\/producto\/edimax-br-6476ac-router-wifi-ac1200-dual-band\/#primaryimage\"},\"thumbnailUrl\":\"https:\/\/aivlisoft.net\/shop\/wp-content\/uploads\/2025\/01\/NROINA0278_800.jpg\",\"datePublished\":\"2025-01-13T15:27:53+00:00\",\"dateModified\":\"2025-01-14T20:00:02+00:00\",\"breadcrumb\":{\"@id\":\"https:\/\/aivlisoft.net\/shop\/producto\/edimax-br-6476ac-router-wifi-ac1200-dual-band\/#breadcrumb\"},\"inLanguage\":\"es\",\"potentialAction\":[{\"@type\":\"ReadAction\",\"target\":[\"https:\/\/aivlisoft.net\/shop\/producto\/edimax-br-6476ac-router-wifi-ac1200-dual-band\/\"]}]},{\"@type\":\"ImageObject\",\"inLanguage\":\"es\",\"@id\":\"https:\/\/aivlisoft.net\/shop\/producto\/edimax-br-6476ac-router-wifi-ac1200-dual-band\/#primaryimage\",\"url\":\"https:\/\/aivlisoft.net\/shop\/wp-content\/uploads\/2025\/01\/NROINA0278_800.jpg\",\"contentUrl\":\"https:\/\/aivlisoft.net\/shop\/wp-content\/uploads\/2025\/01\/NROINA0278_800.jpg\",\"width\":800,\"height\":800},{\"@type\":\"BreadcrumbList\",\"@id\":\"https:\/\/aivlisoft.net\/shop\/producto\/edimax-br-6476ac-router-wifi-ac1200-dual-band\/#breadcrumb\",\"itemListElement\":[{\"@type\":\"ListItem\",\"position\":1,\"name\":\"Portada\",\"item\":\"https:\/\/aivlisoft.net\/shop\/\"},{\"@type\":\"ListItem\",\"position\":2,\"name\":\"Tienda\",\"item\":\"https:\/\/aivlisoft.net\/shop\/tienda\/\"},{\"@type\":\"ListItem\",\"position\":3,\"name\":\"Edimax BR-6476AC Router WiFi AC1200 Dual Band\"}]},{\"@type\":\"WebSite\",\"@id\":\"https:\/\/aivlisoft.net\/shop\/#website\",\"url\":\"https:\/\/aivlisoft.net\/shop\/\",\"name\":\"Aivlisoft Inform\u00e1tica\",\"description\":\"En Aivlisoft Inform\u00e1tica ofrecemos soluciones tecnol\u00f3gicas para empresas: venta de ordenadores, consumibles, perif\u00e9ricos y m\u00e1s. Calidad, atenci\u00f3n personalizada y los mejores precios para tu negocio.\",\"publisher\":{\"@id\":\"https:\/\/aivlisoft.net\/shop\/#organization\"},\"potentialAction\":[{\"@type\":\"SearchAction\",\"target\":{\"@type\":\"EntryPoint\",\"urlTemplate\":\"https:\/\/aivlisoft.net\/shop\/?s={search_term_string}\"},\"query-input\":{\"@type\":\"PropertyValueSpecification\",\"valueRequired\":true,\"valueName\":\"search_term_string\"}}],\"inLanguage\":\"es\"},{\"@type\":\"Organization\",\"@id\":\"https:\/\/aivlisoft.net\/shop\/#organization\",\"name\":\"Aivlisoft Inform\u00e1tica\",\"url\":\"https:\/\/aivlisoft.net\/shop\/\",\"logo\":{\"@type\":\"ImageObject\",\"inLanguage\":\"es\",\"@id\":\"https:\/\/aivlisoft.net\/shop\/#\/schema\/logo\/image\/\",\"url\":\"https:\/\/aivlisoft.net\/shop\/wp-content\/uploads\/2024\/12\/removal.ai_5b848c54-0cdf-4140-95c5-c5536bb7573b-logodef.png\",\"contentUrl\":\"https:\/\/aivlisoft.net\/shop\/wp-content\/uploads\/2024\/12\/removal.ai_5b848c54-0cdf-4140-95c5-c5536bb7573b-logodef.png\",\"width\":484,\"height\":182,\"caption\":\"Aivlisoft Inform\u00e1tica\"},\"image\":{\"@id\":\"https:\/\/aivlisoft.net\/shop\/#\/schema\/logo\/image\/\"}}]}<\/script>\n<!-- \/ Yoast SEO plugin. -->","yoast_head_json":{"title":"Edimax BR-6476AC Router WiFi AC1200 Dual Band - Aivlisoft Inform\u00e1tica","robots":{"index":"index","follow":"follow","max-snippet":"max-snippet:-1","max-image-preview":"max-image-preview:large","max-video-preview":"max-video-preview:-1"},"canonical":"https:\/\/aivlisoft.net\/shop\/producto\/edimax-br-6476ac-router-wifi-ac1200-dual-band\/","og_locale":"es_ES","og_type":"article","og_title":"Edimax BR-6476AC Router WiFi AC1200 Dual Band - Aivlisoft Inform\u00e1tica","og_description":"Marca Edimax Modelo BR-6476AC Caracter&iacute;sticas de hardware &#8211; Interfaz: 1 x puerto WAN RJ-45 10\/100 Mbps, 4 x puerto LAN RJ-45 10\/100 Mbps&#8211; Bot&oacute;n: Restablecer \/ Bot&oacute;n WPS&#8211; Indicador LED: 5G, 2.4G, WAN, LAN, WPS&#8211; Antena: 4 x antena (2 x 2.4GHz y 2 x 5GHz), antena omnidireccional fija&#8211; Memoria 8 MB ROM, 64 MB&hellip;&nbsp;Edimax BR-6476AC Router WiFi AC1200 Dual Band","og_url":"https:\/\/aivlisoft.net\/shop\/producto\/edimax-br-6476ac-router-wifi-ac1200-dual-band\/","og_site_name":"Aivlisoft Inform\u00e1tica","article_modified_time":"2025-01-14T20:00:02+00:00","og_image":[{"width":800,"height":800,"url":"https:\/\/aivlisoft.net\/shop\/wp-content\/uploads\/2025\/01\/NROINA0278_800.jpg","type":"image\/jpeg"}],"twitter_card":"summary_large_image","twitter_misc":{"Tiempo de lectura":"2 minutos"},"schema":{"@context":"https:\/\/schema.org","@graph":[{"@type":"WebPage","@id":"https:\/\/aivlisoft.net\/shop\/producto\/edimax-br-6476ac-router-wifi-ac1200-dual-band\/","url":"https:\/\/aivlisoft.net\/shop\/producto\/edimax-br-6476ac-router-wifi-ac1200-dual-band\/","name":"Edimax BR-6476AC Router WiFi AC1200 Dual Band - Aivlisoft Inform\u00e1tica","isPartOf":{"@id":"https:\/\/aivlisoft.net\/shop\/#website"},"primaryImageOfPage":{"@id":"https:\/\/aivlisoft.net\/shop\/producto\/edimax-br-6476ac-router-wifi-ac1200-dual-band\/#primaryimage"},"image":{"@id":"https:\/\/aivlisoft.net\/shop\/producto\/edimax-br-6476ac-router-wifi-ac1200-dual-band\/#primaryimage"},"thumbnailUrl":"https:\/\/aivlisoft.net\/shop\/wp-content\/uploads\/2025\/01\/NROINA0278_800.jpg","datePublished":"2025-01-13T15:27:53+00:00","dateModified":"2025-01-14T20:00:02+00:00","breadcrumb":{"@id":"https:\/\/aivlisoft.net\/shop\/producto\/edimax-br-6476ac-router-wifi-ac1200-dual-band\/#breadcrumb"},"inLanguage":"es","potentialAction":[{"@type":"ReadAction","target":["https:\/\/aivlisoft.net\/shop\/producto\/edimax-br-6476ac-router-wifi-ac1200-dual-band\/"]}]},{"@type":"ImageObject","inLanguage":"es","@id":"https:\/\/aivlisoft.net\/shop\/producto\/edimax-br-6476ac-router-wifi-ac1200-dual-band\/#primaryimage","url":"https:\/\/aivlisoft.net\/shop\/wp-content\/uploads\/2025\/01\/NROINA0278_800.jpg","contentUrl":"https:\/\/aivlisoft.net\/shop\/wp-content\/uploads\/2025\/01\/NROINA0278_800.jpg","width":800,"height":800},{"@type":"BreadcrumbList","@id":"https:\/\/aivlisoft.net\/shop\/producto\/edimax-br-6476ac-router-wifi-ac1200-dual-band\/#breadcrumb","itemListElement":[{"@type":"ListItem","position":1,"name":"Portada","item":"https:\/\/aivlisoft.net\/shop\/"},{"@type":"ListItem","position":2,"name":"Tienda","item":"https:\/\/aivlisoft.net\/shop\/tienda\/"},{"@type":"ListItem","position":3,"name":"Edimax BR-6476AC Router WiFi AC1200 Dual Band"}]},{"@type":"WebSite","@id":"https:\/\/aivlisoft.net\/shop\/#website","url":"https:\/\/aivlisoft.net\/shop\/","name":"Aivlisoft Inform\u00e1tica","description":"En Aivlisoft Inform\u00e1tica ofrecemos soluciones tecnol\u00f3gicas para empresas: venta de ordenadores, consumibles, perif\u00e9ricos y m\u00e1s. Calidad, atenci\u00f3n personalizada y los mejores precios para tu negocio.","publisher":{"@id":"https:\/\/aivlisoft.net\/shop\/#organization"},"potentialAction":[{"@type":"SearchAction","target":{"@type":"EntryPoint","urlTemplate":"https:\/\/aivlisoft.net\/shop\/?s={search_term_string}"},"query-input":{"@type":"PropertyValueSpecification","valueRequired":true,"valueName":"search_term_string"}}],"inLanguage":"es"},{"@type":"Organization","@id":"https:\/\/aivlisoft.net\/shop\/#organization","name":"Aivlisoft Inform\u00e1tica","url":"https:\/\/aivlisoft.net\/shop\/","logo":{"@type":"ImageObject","inLanguage":"es","@id":"https:\/\/aivlisoft.net\/shop\/#\/schema\/logo\/image\/","url":"https:\/\/aivlisoft.net\/shop\/wp-content\/uploads\/2024\/12\/removal.ai_5b848c54-0cdf-4140-95c5-c5536bb7573b-logodef.png","contentUrl":"https:\/\/aivlisoft.net\/shop\/wp-content\/uploads\/2024\/12\/removal.ai_5b848c54-0cdf-4140-95c5-c5536bb7573b-logodef.png","width":484,"height":182,"caption":"Aivlisoft Inform\u00e1tica"},"image":{"@id":"https:\/\/aivlisoft.net\/shop\/#\/schema\/logo\/image\/"}}]}},"_links":{"self":[{"href":"https:\/\/aivlisoft.net\/shop\/wp-json\/wp\/v2\/product\/18998","targetHints":{"allow":["GET"]}}],"collection":[{"href":"https:\/\/aivlisoft.net\/shop\/wp-json\/wp\/v2\/product"}],"about":[{"href":"https:\/\/aivlisoft.net\/shop\/wp-json\/wp\/v2\/types\/product"}],"wp:featuredmedia":[{"embeddable":true,"href":"https:\/\/aivlisoft.net\/shop\/wp-json\/wp\/v2\/media\/18999"}],"wp:attachment":[{"href":"https:\/\/aivlisoft.net\/shop\/wp-json\/wp\/v2\/media?parent=18998"}],"wp:term":[{"taxonomy":"product_brand","embeddable":true,"href":"https:\/\/aivlisoft.net\/shop\/wp-json\/wp\/v2\/product_brand?post=18998"},{"taxonomy":"product_cat","embeddable":true,"href":"https:\/\/aivlisoft.net\/shop\/wp-json\/wp\/v2\/product_cat?post=18998"},{"taxonomy":"product_tag","embeddable":true,"href":"https:\/\/aivlisoft.net\/shop\/wp-json\/wp\/v2\/product_tag?post=18998"}],"curies":[{"name":"wp","href":"https:\/\/api.w.org\/{rel}","templated":true}]}}