{"id":18991,"date":"2025-01-13T15:27:49","date_gmt":"2025-01-13T15:27:49","guid":{"rendered":"https:\/\/aivlisoft.com\/?post_type=product&#038;p=18991"},"modified":"2025-01-14T20:00:03","modified_gmt":"2025-01-14T20:00:03","slug":"synology-mr2200ac-router-ac2200","status":"publish","type":"product","link":"https:\/\/aivlisoft.net\/shop\/producto\/synology-mr2200ac-router-ac2200\/","title":{"rendered":"SYNOLOGY MR2200ac Router AC2200"},"content":{"rendered":"<p><strong>WiFI de alta velocidad en todas partes<\/strong><br \/>Trabajando con un Mesh Router, mejorar&aacute; la conexi&oacute;n de su WiFi de forma espectacular, sobre todo si lo comparamos con los router que ofrecen las compa&ntilde;&iacute;as de telecomunicaciones. <\/p>\n<p><strong>Sistema Mesh inteligente<\/strong><br \/>Cuando dispone de un &aacute;rea a cubrir muy &aacute;mplia, los sistemas WiFi tienden a perder cobertura en muchos puntos. Gracias a la tecnolog&iacute;a mesh, puede configurar una red WiFi con varios Mesh Router que le brindar&aacute; la posibilidad de mantener la velocidad en todas las ubicaciones de su empresa o de su hogar, creando una red WiFi con diferentes puntos de acceso totalmente transparentes para los usuarios. <\/p>\n<p><strong>Configuraci&oacute;n autom&aacute;tica<\/strong><br \/>Cuando instala varios Mesh Router, el acceso a su conexi&oacute;n WiFi se configura autom&aacute;ticamente para disponer en todo momento de la m&aacute;xima velocidad posible, cubriendo todos los puntos de sus instalaciones. <\/p>\n<p><strong>No solo acceso WiFI<\/strong><br \/>El Synology Mesh Router, dispone de un sistema operativo avanzado que le permite aumentar la seguridad, monitorizar los accesos, controlar los sitios donde conecta cada usuario y en general, le ofrece un gran control sobre las conexiones.<\/p>\n<p><strong>Tecnolog&iacute;a de seguridad WPA3<\/strong><br \/>Hasta ahora, el WPA2 era el protocolo de seguridad m&aacute;s avanzado para la protecci&oacute;n de los accesos WiFi. El Synology Mesh router, es compatible con el nuevo protocolo WPA3 que aumenta la seguridad y evita los nuevos agujeros de seguridad recientemente hayados en el protocolo WPA2.<\/p>\n<table class=\"tabla_caracteristicas k-table\" width=\"100%\">\n<tbody>\n<tr>\n<td valign=\"top\"><strong>Marca<\/strong><\/td>\n<td>D-Link<\/td>\n<\/tr>\n<tr>\n<td valign=\"top\"><strong>Modelo<\/strong><\/td>\n<td valign=\"top\"><strong>MR2200ac<\/strong><\/td>\n<\/tr>\n<tr>\n<td valign=\"top\"><strong>Caracter&iacute;sticas<\/strong><\/td>\n<td>&#8211; CPU: Cuatro n&uacute;cleos y 717 MHz<br \/>&#8211; Memoria: 256 MB DDR3<br \/>&#8211; Tipo de antena: Antena interna de alto rendimiento 2&#215;2 MIMO (2,4 GHz\/5 GHz)<br \/>&#8211; Bot&oacute;n e interruptor: WPS, encendido\/apagado, restablecimiento, activaci&oacute;n\/desactivaci&oacute;n de Wi-Fi <br \/>&#8211; Filtro de direcciones MAC Wi-Fi <br \/>&#8211; Roaming con est&aacute;ndar con 802.11k\/v\/r<br \/>&#8211; Beamforming <br \/>&#8211; DFS <br \/>&#8211; Wi-Fi programable <br \/>&#8211; Red de guests <br \/>&#8211; Portal de invitados <br \/>&#8211; Estilo de p&aacute;gina personalizado <br \/>&#8211; L&iacute;mite de tiempo de conexi&oacute;n <br \/>&#8211; Rotaci&oacute;n de contrase&ntilde;as<br \/><strong>Conexiones<\/strong><br \/>&#8211; Puerto LAN: Gigabit (RJ-45) x 1<br \/>&#8211; Puerto WAN: Gigabit (RJ-45) x 1<br \/>&#8211; Puertos externos: USB 3.0 x 1 (salida de alimentaci&oacute;n de 5 V, 0,9 A)<br \/><strong>Temperatura<\/strong><br \/>&#8211; Temperatura operativa: De 5&deg;C a 40&deg;C (de 40&deg;F a 104&deg;F)<br \/>&#8211; Temperatura de almacenamiento: De -20&deg;C a 60&deg;C (de -5&deg;F a 140&deg;F)<br \/>&#8211; Humedad relativa: De 5% a 95% HR <br \/>&#8211; Voltaje de alimentaci&oacute;n de entrada CA: De 100V a 240V CA<br \/>&#8211; Frecuencia de alimentaci&oacute;n: 50\/60 Hz, Monof&aacute;sico <br \/><strong>Dimensiones y peso<\/strong><br \/>&#8211; Dimensiones: 154 x 199 x 65 mm<br \/>&#8211; Peso: 0.45 kg <\/td>\n<\/tr>\n<tr>\n<td valign=\"top\"><strong>Fecha Revisi&oacute;n<\/strong><\/td>\n<td>31-01-2019 por AVN<\/td>\n<\/tr>\n<\/tbody>\n<\/table>\n","protected":false},"excerpt":{"rendered":"<p>WiFI de alta velocidad en todas partesTrabajando con un Mesh Router, mejorar&aacute; la conexi&oacute;n de su WiFi de forma espectacular, sobre todo si lo comparamos con los router que ofrecen las compa&ntilde;&iacute;as de telecomunicaciones. Sistema Mesh inteligenteCuando dispone de un &aacute;rea a cubrir muy &aacute;mplia, los sistemas WiFi tienden a perder cobertura en muchos puntos.&hellip;&nbsp;<a href=\"https:\/\/aivlisoft.net\/shop\/producto\/synology-mr2200ac-router-ac2200\/\" rel=\"bookmark\"><span class=\"screen-reader-text\">SYNOLOGY MR2200ac Router AC2200<\/span><\/a><\/p>\n","protected":false},"featured_media":18992,"template":"","meta":{"neve_meta_sidebar":"","neve_meta_container":"","neve_meta_enable_content_width":"","neve_meta_content_width":0,"neve_meta_title_alignment":"","neve_meta_author_avatar":"","neve_post_elements_order":"","neve_meta_disable_header":"","neve_meta_disable_footer":"","neve_meta_disable_title":""},"product_brand":[],"product_cat":[15,8768,6832],"product_tag":[6893],"class_list":{"0":"post-18991","1":"product","2":"type-product","3":"status-publish","4":"has-post-thumbnail","6":"product_cat-sin-categorizar","7":"product_cat-routers-adsl","8":"product_cat-routers-modems","9":"product_tag-mr2200ac","11":"first","12":"instock","13":"taxable","14":"shipping-taxable","15":"purchasable","16":"product-type-simple"},"yoast_head":"<!-- This site is optimized with the Yoast SEO plugin v26.0 - https:\/\/yoast.com\/wordpress\/plugins\/seo\/ -->\n<title>SYNOLOGY MR2200ac Router AC2200 - Aivlisoft Inform\u00e1tica<\/title>\n<meta name=\"robots\" content=\"index, follow, max-snippet:-1, max-image-preview:large, max-video-preview:-1\" \/>\n<link rel=\"canonical\" href=\"https:\/\/aivlisoft.net\/shop\/producto\/synology-mr2200ac-router-ac2200\/\" \/>\n<meta property=\"og:locale\" content=\"es_ES\" \/>\n<meta property=\"og:type\" content=\"article\" \/>\n<meta property=\"og:title\" content=\"SYNOLOGY MR2200ac Router AC2200 - Aivlisoft Inform\u00e1tica\" \/>\n<meta property=\"og:description\" content=\"WiFI de alta velocidad en todas partesTrabajando con un Mesh Router, mejorar&aacute; la conexi&oacute;n de su WiFi de forma espectacular, sobre todo si lo comparamos con los router que ofrecen las compa&ntilde;&iacute;as de telecomunicaciones. Sistema Mesh inteligenteCuando dispone de un &aacute;rea a cubrir muy &aacute;mplia, los sistemas WiFi tienden a perder cobertura en muchos puntos.&hellip;&nbsp;SYNOLOGY MR2200ac Router AC2200\" \/>\n<meta property=\"og:url\" content=\"https:\/\/aivlisoft.net\/shop\/producto\/synology-mr2200ac-router-ac2200\/\" \/>\n<meta property=\"og:site_name\" content=\"Aivlisoft Inform\u00e1tica\" \/>\n<meta property=\"article:modified_time\" content=\"2025-01-14T20:00:03+00:00\" \/>\n<meta property=\"og:image\" content=\"https:\/\/aivlisoft.net\/shop\/wp-content\/uploads\/2025\/01\/NROINA0263_800.jpg\" \/>\n\t<meta property=\"og:image:width\" content=\"800\" \/>\n\t<meta property=\"og:image:height\" content=\"800\" \/>\n\t<meta property=\"og:image:type\" content=\"image\/jpeg\" \/>\n<meta name=\"twitter:card\" content=\"summary_large_image\" \/>\n<meta name=\"twitter:label1\" content=\"Tiempo de lectura\" \/>\n\t<meta name=\"twitter:data1\" content=\"2 minutos\" \/>\n<script type=\"application\/ld+json\" class=\"yoast-schema-graph\">{\"@context\":\"https:\/\/schema.org\",\"@graph\":[{\"@type\":\"WebPage\",\"@id\":\"https:\/\/aivlisoft.net\/shop\/producto\/synology-mr2200ac-router-ac2200\/\",\"url\":\"https:\/\/aivlisoft.net\/shop\/producto\/synology-mr2200ac-router-ac2200\/\",\"name\":\"SYNOLOGY MR2200ac Router AC2200 - Aivlisoft Inform\u00e1tica\",\"isPartOf\":{\"@id\":\"https:\/\/aivlisoft.net\/shop\/#website\"},\"primaryImageOfPage\":{\"@id\":\"https:\/\/aivlisoft.net\/shop\/producto\/synology-mr2200ac-router-ac2200\/#primaryimage\"},\"image\":{\"@id\":\"https:\/\/aivlisoft.net\/shop\/producto\/synology-mr2200ac-router-ac2200\/#primaryimage\"},\"thumbnailUrl\":\"https:\/\/aivlisoft.net\/shop\/wp-content\/uploads\/2025\/01\/NROINA0263_800.jpg\",\"datePublished\":\"2025-01-13T15:27:49+00:00\",\"dateModified\":\"2025-01-14T20:00:03+00:00\",\"breadcrumb\":{\"@id\":\"https:\/\/aivlisoft.net\/shop\/producto\/synology-mr2200ac-router-ac2200\/#breadcrumb\"},\"inLanguage\":\"es\",\"potentialAction\":[{\"@type\":\"ReadAction\",\"target\":[\"https:\/\/aivlisoft.net\/shop\/producto\/synology-mr2200ac-router-ac2200\/\"]}]},{\"@type\":\"ImageObject\",\"inLanguage\":\"es\",\"@id\":\"https:\/\/aivlisoft.net\/shop\/producto\/synology-mr2200ac-router-ac2200\/#primaryimage\",\"url\":\"https:\/\/aivlisoft.net\/shop\/wp-content\/uploads\/2025\/01\/NROINA0263_800.jpg\",\"contentUrl\":\"https:\/\/aivlisoft.net\/shop\/wp-content\/uploads\/2025\/01\/NROINA0263_800.jpg\",\"width\":800,\"height\":800},{\"@type\":\"BreadcrumbList\",\"@id\":\"https:\/\/aivlisoft.net\/shop\/producto\/synology-mr2200ac-router-ac2200\/#breadcrumb\",\"itemListElement\":[{\"@type\":\"ListItem\",\"position\":1,\"name\":\"Portada\",\"item\":\"https:\/\/aivlisoft.net\/shop\/\"},{\"@type\":\"ListItem\",\"position\":2,\"name\":\"Tienda\",\"item\":\"https:\/\/aivlisoft.net\/shop\/tienda\/\"},{\"@type\":\"ListItem\",\"position\":3,\"name\":\"SYNOLOGY MR2200ac Router AC2200\"}]},{\"@type\":\"WebSite\",\"@id\":\"https:\/\/aivlisoft.net\/shop\/#website\",\"url\":\"https:\/\/aivlisoft.net\/shop\/\",\"name\":\"Aivlisoft Inform\u00e1tica\",\"description\":\"En Aivlisoft Inform\u00e1tica ofrecemos soluciones tecnol\u00f3gicas para empresas: venta de ordenadores, consumibles, perif\u00e9ricos y m\u00e1s. Calidad, atenci\u00f3n personalizada y los mejores precios para tu negocio.\",\"publisher\":{\"@id\":\"https:\/\/aivlisoft.net\/shop\/#organization\"},\"potentialAction\":[{\"@type\":\"SearchAction\",\"target\":{\"@type\":\"EntryPoint\",\"urlTemplate\":\"https:\/\/aivlisoft.net\/shop\/?s={search_term_string}\"},\"query-input\":{\"@type\":\"PropertyValueSpecification\",\"valueRequired\":true,\"valueName\":\"search_term_string\"}}],\"inLanguage\":\"es\"},{\"@type\":\"Organization\",\"@id\":\"https:\/\/aivlisoft.net\/shop\/#organization\",\"name\":\"Aivlisoft Inform\u00e1tica\",\"url\":\"https:\/\/aivlisoft.net\/shop\/\",\"logo\":{\"@type\":\"ImageObject\",\"inLanguage\":\"es\",\"@id\":\"https:\/\/aivlisoft.net\/shop\/#\/schema\/logo\/image\/\",\"url\":\"https:\/\/aivlisoft.net\/shop\/wp-content\/uploads\/2024\/12\/removal.ai_5b848c54-0cdf-4140-95c5-c5536bb7573b-logodef.png\",\"contentUrl\":\"https:\/\/aivlisoft.net\/shop\/wp-content\/uploads\/2024\/12\/removal.ai_5b848c54-0cdf-4140-95c5-c5536bb7573b-logodef.png\",\"width\":484,\"height\":182,\"caption\":\"Aivlisoft Inform\u00e1tica\"},\"image\":{\"@id\":\"https:\/\/aivlisoft.net\/shop\/#\/schema\/logo\/image\/\"}}]}<\/script>\n<!-- \/ Yoast SEO plugin. -->","yoast_head_json":{"title":"SYNOLOGY MR2200ac Router AC2200 - Aivlisoft Inform\u00e1tica","robots":{"index":"index","follow":"follow","max-snippet":"max-snippet:-1","max-image-preview":"max-image-preview:large","max-video-preview":"max-video-preview:-1"},"canonical":"https:\/\/aivlisoft.net\/shop\/producto\/synology-mr2200ac-router-ac2200\/","og_locale":"es_ES","og_type":"article","og_title":"SYNOLOGY MR2200ac Router AC2200 - Aivlisoft Inform\u00e1tica","og_description":"WiFI de alta velocidad en todas partesTrabajando con un Mesh Router, mejorar&aacute; la conexi&oacute;n de su WiFi de forma espectacular, sobre todo si lo comparamos con los router que ofrecen las compa&ntilde;&iacute;as de telecomunicaciones. Sistema Mesh inteligenteCuando dispone de un &aacute;rea a cubrir muy &aacute;mplia, los sistemas WiFi tienden a perder cobertura en muchos puntos.&hellip;&nbsp;SYNOLOGY MR2200ac Router AC2200","og_url":"https:\/\/aivlisoft.net\/shop\/producto\/synology-mr2200ac-router-ac2200\/","og_site_name":"Aivlisoft Inform\u00e1tica","article_modified_time":"2025-01-14T20:00:03+00:00","og_image":[{"width":800,"height":800,"url":"https:\/\/aivlisoft.net\/shop\/wp-content\/uploads\/2025\/01\/NROINA0263_800.jpg","type":"image\/jpeg"}],"twitter_card":"summary_large_image","twitter_misc":{"Tiempo de lectura":"2 minutos"},"schema":{"@context":"https:\/\/schema.org","@graph":[{"@type":"WebPage","@id":"https:\/\/aivlisoft.net\/shop\/producto\/synology-mr2200ac-router-ac2200\/","url":"https:\/\/aivlisoft.net\/shop\/producto\/synology-mr2200ac-router-ac2200\/","name":"SYNOLOGY MR2200ac Router AC2200 - Aivlisoft Inform\u00e1tica","isPartOf":{"@id":"https:\/\/aivlisoft.net\/shop\/#website"},"primaryImageOfPage":{"@id":"https:\/\/aivlisoft.net\/shop\/producto\/synology-mr2200ac-router-ac2200\/#primaryimage"},"image":{"@id":"https:\/\/aivlisoft.net\/shop\/producto\/synology-mr2200ac-router-ac2200\/#primaryimage"},"thumbnailUrl":"https:\/\/aivlisoft.net\/shop\/wp-content\/uploads\/2025\/01\/NROINA0263_800.jpg","datePublished":"2025-01-13T15:27:49+00:00","dateModified":"2025-01-14T20:00:03+00:00","breadcrumb":{"@id":"https:\/\/aivlisoft.net\/shop\/producto\/synology-mr2200ac-router-ac2200\/#breadcrumb"},"inLanguage":"es","potentialAction":[{"@type":"ReadAction","target":["https:\/\/aivlisoft.net\/shop\/producto\/synology-mr2200ac-router-ac2200\/"]}]},{"@type":"ImageObject","inLanguage":"es","@id":"https:\/\/aivlisoft.net\/shop\/producto\/synology-mr2200ac-router-ac2200\/#primaryimage","url":"https:\/\/aivlisoft.net\/shop\/wp-content\/uploads\/2025\/01\/NROINA0263_800.jpg","contentUrl":"https:\/\/aivlisoft.net\/shop\/wp-content\/uploads\/2025\/01\/NROINA0263_800.jpg","width":800,"height":800},{"@type":"BreadcrumbList","@id":"https:\/\/aivlisoft.net\/shop\/producto\/synology-mr2200ac-router-ac2200\/#breadcrumb","itemListElement":[{"@type":"ListItem","position":1,"name":"Portada","item":"https:\/\/aivlisoft.net\/shop\/"},{"@type":"ListItem","position":2,"name":"Tienda","item":"https:\/\/aivlisoft.net\/shop\/tienda\/"},{"@type":"ListItem","position":3,"name":"SYNOLOGY MR2200ac Router AC2200"}]},{"@type":"WebSite","@id":"https:\/\/aivlisoft.net\/shop\/#website","url":"https:\/\/aivlisoft.net\/shop\/","name":"Aivlisoft Inform\u00e1tica","description":"En Aivlisoft Inform\u00e1tica ofrecemos soluciones tecnol\u00f3gicas para empresas: venta de ordenadores, consumibles, perif\u00e9ricos y m\u00e1s. Calidad, atenci\u00f3n personalizada y los mejores precios para tu negocio.","publisher":{"@id":"https:\/\/aivlisoft.net\/shop\/#organization"},"potentialAction":[{"@type":"SearchAction","target":{"@type":"EntryPoint","urlTemplate":"https:\/\/aivlisoft.net\/shop\/?s={search_term_string}"},"query-input":{"@type":"PropertyValueSpecification","valueRequired":true,"valueName":"search_term_string"}}],"inLanguage":"es"},{"@type":"Organization","@id":"https:\/\/aivlisoft.net\/shop\/#organization","name":"Aivlisoft Inform\u00e1tica","url":"https:\/\/aivlisoft.net\/shop\/","logo":{"@type":"ImageObject","inLanguage":"es","@id":"https:\/\/aivlisoft.net\/shop\/#\/schema\/logo\/image\/","url":"https:\/\/aivlisoft.net\/shop\/wp-content\/uploads\/2024\/12\/removal.ai_5b848c54-0cdf-4140-95c5-c5536bb7573b-logodef.png","contentUrl":"https:\/\/aivlisoft.net\/shop\/wp-content\/uploads\/2024\/12\/removal.ai_5b848c54-0cdf-4140-95c5-c5536bb7573b-logodef.png","width":484,"height":182,"caption":"Aivlisoft Inform\u00e1tica"},"image":{"@id":"https:\/\/aivlisoft.net\/shop\/#\/schema\/logo\/image\/"}}]}},"_links":{"self":[{"href":"https:\/\/aivlisoft.net\/shop\/wp-json\/wp\/v2\/product\/18991","targetHints":{"allow":["GET"]}}],"collection":[{"href":"https:\/\/aivlisoft.net\/shop\/wp-json\/wp\/v2\/product"}],"about":[{"href":"https:\/\/aivlisoft.net\/shop\/wp-json\/wp\/v2\/types\/product"}],"wp:featuredmedia":[{"embeddable":true,"href":"https:\/\/aivlisoft.net\/shop\/wp-json\/wp\/v2\/media\/18992"}],"wp:attachment":[{"href":"https:\/\/aivlisoft.net\/shop\/wp-json\/wp\/v2\/media?parent=18991"}],"wp:term":[{"taxonomy":"product_brand","embeddable":true,"href":"https:\/\/aivlisoft.net\/shop\/wp-json\/wp\/v2\/product_brand?post=18991"},{"taxonomy":"product_cat","embeddable":true,"href":"https:\/\/aivlisoft.net\/shop\/wp-json\/wp\/v2\/product_cat?post=18991"},{"taxonomy":"product_tag","embeddable":true,"href":"https:\/\/aivlisoft.net\/shop\/wp-json\/wp\/v2\/product_tag?post=18991"}],"curies":[{"name":"wp","href":"https:\/\/api.w.org\/{rel}","templated":true}]}}