{"id":18986,"date":"2025-01-13T15:27:46","date_gmt":"2025-01-13T15:27:46","guid":{"rendered":"https:\/\/aivlisoft.com\/?post_type=product&#038;p=18986"},"modified":"2025-01-14T20:00:04","modified_gmt":"2025-01-14T20:00:04","slug":"fritz-box6890-lte-router-ac1750-4g-adsl-vdsl","status":"publish","type":"product","link":"https:\/\/aivlisoft.net\/shop\/producto\/fritz-box6890-lte-router-ac1750-4g-adsl-vdsl\/","title":{"rendered":"FRITZ! Box6890 LTE Router AC1750 4G ADSL\/VDSL"},"content":{"rendered":"<p><strong>Internet de alta velocidad en todas las redes de telefon&iacute;a m&oacute;vil y DSL<\/strong><\/p>\n<p>El FRITZ!Box 6890 LTE trae a su hogar Internet de alta velocidad a trav&eacute;s de la red de telefon&iacute;a m&oacute;vil. Independientemente de cu&aacute;l sea la calidad de la cobertura de la red, el 6820 siempre alcanza la velocidad &oacute;ptima, ya sea en redes 3G o 4G. En conexiones DSL tambi&eacute;n puede integrarse el 6890; adem&aacute;s, la red 4G sirve de fallback en caso de que se corte la l&iacute;nea DSL. Aplicaciones como el v&iacute;deo bajo demanda, la reproducci&oacute;n de m&uacute;sica y la televisi&oacute;n IP se distribuyen dentro de la red dom&eacute;stica a gran velocidad por dos bandas de frecuencia gracias a la tecnolog&iacute;a LAN Gigabit y a una WiFi supers&oacute;nica.<br \/>&nbsp;<\/p>\n<table class=\"tabla_caracteristicas k-table\" width=\"100%\">\n<tr>\n<td valign=\"top\"><strong>Marca<\/strong><\/td>\n<td>FRITZ!<\/td>\n<\/tr>\n<tr>\n<td valign=\"top\"><strong>Modelo<\/strong><\/td>\n<td valign=\"top\">Box 6890 LTE<br \/>\t\t\t(<strong>20002818<\/strong>)<\/td>\n<\/tr>\n<tr>\n<td valign=\"top\">\n<div>&nbsp;<\/div>\n<p>\t\t\t<strong>Internet<\/strong>\t\t\t<\/p>\n<div>&nbsp;<\/div>\n<\/td>\n<td>&#8211; Router 4G con cortafuegos\/NAT, servidor DHCP, cliente DynDNS, UPnP.<br \/>\t\t\t&#8211; Cortafuegos de inspecci&oacute;n activa de paquetes (SPI, Stateful Packet Inspection) con redireccionamiento de puertos para navegar de forma segura en Internet.<br \/>\t\t\t&#8211; Soporta los protocolos de Internet IPv4 e IPv6.<br \/>\t\t\t&#8211; Acceso remoto seguro a trav&eacute;s de Internet con VPN (IPSec).<br \/>\t\t\t&#8211; Control parental con tiempo compartido, lista negra y blanca.<br \/>\t\t\t&#8211; Mantenimiento remoto v&iacute;a https.<\/td>\n<\/tr>\n<tr>\n<td valign=\"top\">\n<div>&nbsp;<\/div>\n<p>\t\t\t<strong>WiFi<\/strong>\t\t\t<\/p>\n<div>&nbsp;<\/div>\n<\/td>\n<td>&#8211; WiFi AC (hasta 1.733 Mbps brutos; 5 GHz) y N (hasta 800 Mbps brutos; 2,4 GHz).<br \/>\t\t\t&#8211; Compatible con WiFi 802.11g, b y a.<br \/>\t\t\t&#8211; Tecnolog&iacute;a de recepci&oacute;n MU-MIMO (tecnolog&iacute;a de antenas multiusuario de m&uacute;ltiple entrada y m&uacute;ltiple salida).<br \/>\t\t\t&#8211; Seguridad gracias al cifrado WPA2 activado desde f&aacute;brica.<br \/>\t\t\t&#8211; Podr&aacute; encender o apagar la red WiFi o los tel&eacute;fonos conectados con solo pulsar un bot&oacute;n.<br \/>\t\t\t&#8211; WiFi Protected Setup (WPS) para una configuraci&oacute;n segura de la red inal&aacute;mbrica, con solo presionar un bot&oacute;n o con contrase&ntilde;a.<br \/>\t\t\t&#8211; Acceso de invitados a la red inal&aacute;mbrica: m&aacute;xima seguridad para sus amigos e invitados cuando naveguen en Internet.<br \/>\t\t\t&#8211; Ampliaci&oacute;n del alcance de la red inal&aacute;mbrica con la funci&oacute;n de repetidor.<br \/>\t\t\t&#8211; Canal WiFi autom&aacute;tico: b&uacute;squeda autom&aacute;tica de un canal inal&aacute;mbrico sin interferencias.<br \/>\t\t\t&#8211; Modo WiFi Eco para conseguir el mejor rendimiento con el menor consumo de energ&iacute;a.<\/td>\n<\/tr>\n<tr>\n<td valign=\"top\">\n<div>&nbsp;<\/div>\n<p>\t\t\t<strong>Conexiones<\/strong>\t\t\t<\/p>\n<div>&nbsp;<\/div>\n<\/td>\n<td>&#8211; Permite la conectividad 4G de banda ancha inal&aacute;mbrica a trav&eacute;s de una tarjeta SIM para 4G (mini SIM).<br \/>\t\t\t&#8211; Acceso a Internet tambi&eacute;n a trav&eacute;s de 3G\/2G.<br \/>\t\t\t&#8211; 4 puertos Gigabit Ethernet (10\/100\/1000 Base-T, puerto RJ45) para ordenadores, videoconsolas o redes.<br \/>\t\t\t&#8211; 1 puerto WAN Gigabit para conexiones con un terminal de fibra &oacute;ptica, m&oacute;dem DSL, cablem&oacute;dem o red.<br \/>\t\t\t&#8211; Punto de acceso WiFi IEEE 802.11ac, n, g, b, a para ordenadores, port&aacute;tiles, tablets y smartphones.<br \/>\t\t\t&#8211; 1 puerto USB 3.0 para conectar un dispositivo de almacenamiento o una impresora.<br \/>\t\t\t&#8211; Estaci&oacute;n DECT hasta para 6 tel&eacute;fonos inal&aacute;mbricos.<br \/>\t\t\t&#8211; Bus RDSI S0-Bus para utilizar tel&eacute;fonos RDSI o centralitas tambi&eacute;n en conexiones basadas en IP.<br \/>\t\t\t&#8211; 2 puertos a\/b para la conexi&oacute;n de tel&eacute;fonos anal&oacute;gicos, contestador y fax.<\/td>\n<\/tr>\n<tr>\n<td valign=\"top\"><strong>Otras caracteristicas<\/strong><\/td>\n<td><strong>Comodidad<\/strong><br \/>\t\t\t&#8211; El servidor multimedia pone a disposici&oacute;n de los dispositivos de la red dom&eacute;stica m&uacute;sica, fotos y v&iacute;deos (DLNA, UPnP AV).<br \/>\t\t\t&#8211; Con MyFRITZ! tendr&aacute; acceso remoto seguro al propio FRITZ!Box, sin importar el lugar en que se encuentre.<br \/>\t\t\t&#8211; Con FRITZ!NAS tendr&aacute; un almacenamiento com&uacute;n para todos los datos en la red dom&eacute;stica.<br \/>\t\t\t&#8211; Aplicaciones en red como IPTV, v&iacute;deo bajo demanda o la reproducci&oacute;n en streaming gracias a un potente procesador de doble n&uacute;cleo.<br \/>\t\t\t&#8211; Control parental, servicio de notificaciones, contactos de la nube, almacenamiento en l&iacute;nea.<br \/>\t\t\t&#8211; Acceso de invitados a la red inal&aacute;mbrica: m&aacute;xima seguridad para sus amigos y clientes al navegar en Internet.<br \/>\t\t\t&#8211; &quot;Wake on LAN&quot; a trav&eacute;s de Internet.<br \/>\t\t\t&#8211; Compatible con dispositivos DLNA.<br \/>\t\t\t&#8211; Funciones de dom&oacute;tica para la medici&oacute;n y el encendido autom&aacute;tico integradas en la interfaz de usuario.<br \/>\t\t\t&#8211; Indicadores LED regulables manualmente o en funci&oacute;n de la luz ambiental.<br \/>\t\t\t<strong>Telefon&iacute;a<\/strong><br \/>\t\t\t&#8211; Centralita con estaci&oacute;n base DECT, a la que se pueden conectar hasta seis tel&eacute;fonos inal&aacute;mbricos.<br \/>\t\t\t&#8211; L&iacute;nea de telefon&iacute;a anal&oacute;gica o fija RDSI seg&uacute;n 1TR112\/U-R2.<br \/>\t\t\t&#8211; Cifrado de la transmisi&oacute;n de voz configurado de f&aacute;brica.<br \/>\t\t\t&#8211; Bus RDSI para la conexi&oacute;n de tel&eacute;fonos o centralitas RDSI.<br \/>\t\t\t&#8211; 2 puertos a\/b para la conexi&oacute;n de tel&eacute;fonos anal&oacute;gicos, contestador y fax.<br \/>\t\t\t&#8211; Soporta telefon&iacute;a HD para un sonido natural.<br \/>\t\t\t&#8211; DECT Eco: desconexi&oacute;n de la red para una m&aacute;xima ergonom&iacute;a.<br \/>\t\t\t&#8211; 5 contestadores autom&aacute;ticos integrados que incluyen la funci&oacute;n de mensajes de voz a correo electr&oacute;nico (voice-to-mail).<br \/>\t\t\t&#8211; Gesti&oacute;n local o en l&iacute;nea de los contactos de la agenda.<br \/>\t\t\t&#8211; Funci&oacute;n de fax que incluye el reenv&iacute;o de correos electr&oacute;nicos (fax-to-mail).<br \/>\t\t\t&#8211; Desv&iacute;o de llamadas, llamadas internas, conferencias, transmisi&oacute;n de llamadas.<br \/>\t\t\t&#8211; Bloqueo de llamadas, alarma, vigilabeb&eacute;s, llamadas VIP y bloqueo de timbre.<br \/>\t\t\t&#8211; Telefon&iacute;a sobre IP conforme con SIP seg&uacute;n RFC 3261.<br \/>\t\t\t&#8211; Posibilidad de conectar tel&eacute;fonos IP (LAN\/WiFi) seg&uacute;n el est&aacute;ndar SIP.<br \/>\t\t\t&#8211; App de telefon&iacute;a (WiFi) para iPhone a partir de la versi&oacute;n iOS 4 y para los tel&eacute;fonos Android a partir de la versi&oacute;n 2.1.<br \/>\t\t\t<strong>Fisicas<\/strong><br \/>\t\t\t&#8211; Medidas (A x P x A): 250 x 48 x 184 mm.<br \/>\t\t\t&#8211; Capacidad promedio: 9,5 vatios.<br \/>\t\t\t<strong>Contenido<\/strong><br \/>\t\t\t&#8211; FRITZ!Box 6890 LTE<br \/>\t\t\t&#8211; Antenas de telefon&iacute;a m&oacute;vil externas atornillables (SMA).<br \/>\t\t\t&#8211; Fuente de alimentaci&oacute;n con cable de 1,5 m.<br \/>\t\t\t&#8211; Cable de conexi&oacute;n DSL de 4 m.<br \/>\t\t\t&#8211; Cable de conexi&oacute;n DSL\/TEL de 4,25 m.<br \/>\t\t\t&#8211; Cable LAN de 1,5 m.<br \/>\t\t\t&#8211; Gu&iacute;a r&aacute;pida de instalaci&oacute;n.<\/td>\n<\/tr>\n<tr>\n<td valign=\"top\"><strong>Fecha Revisi&oacute;n<\/strong><\/td>\n<td>24-05-2022 por MPM<\/td>\n<\/tr>\n<\/table>\n","protected":false},"excerpt":{"rendered":"<p>Internet de alta velocidad en todas las redes de telefon&iacute;a m&oacute;vil y DSL El FRITZ!Box 6890 LTE trae a su hogar Internet de alta velocidad a trav&eacute;s de la red de telefon&iacute;a m&oacute;vil. Independientemente de cu&aacute;l sea la calidad de la cobertura de la red, el 6820 siempre alcanza la velocidad &oacute;ptima, ya sea en&hellip;&nbsp;<a href=\"https:\/\/aivlisoft.net\/shop\/producto\/fritz-box6890-lte-router-ac1750-4g-adsl-vdsl\/\" rel=\"bookmark\"><span class=\"screen-reader-text\">FRITZ! Box6890 LTE Router AC1750 4G ADSL\/VDSL<\/span><\/a><\/p>\n","protected":false},"featured_media":18987,"template":"","meta":{"neve_meta_sidebar":"","neve_meta_container":"","neve_meta_enable_content_width":"","neve_meta_content_width":0,"neve_meta_title_alignment":"","neve_meta_author_avatar":"","neve_post_elements_order":"","neve_meta_disable_header":"","neve_meta_disable_footer":"","neve_meta_disable_title":""},"product_brand":[],"product_cat":[15,8768,6832],"product_tag":[6892],"class_list":{"0":"post-18986","1":"product","2":"type-product","3":"status-publish","4":"has-post-thumbnail","6":"product_cat-sin-categorizar","7":"product_cat-routers-adsl","8":"product_cat-routers-modems","9":"product_tag-6892","11":"first","12":"instock","13":"taxable","14":"shipping-taxable","15":"purchasable","16":"product-type-simple"},"yoast_head":"<!-- This site is optimized with the Yoast SEO plugin v26.0 - https:\/\/yoast.com\/wordpress\/plugins\/seo\/ -->\n<title>FRITZ! Box6890 LTE Router AC1750 4G ADSL\/VDSL - Aivlisoft Inform\u00e1tica<\/title>\n<meta name=\"robots\" content=\"index, follow, max-snippet:-1, max-image-preview:large, max-video-preview:-1\" \/>\n<link rel=\"canonical\" href=\"https:\/\/aivlisoft.net\/shop\/producto\/fritz-box6890-lte-router-ac1750-4g-adsl-vdsl\/\" \/>\n<meta property=\"og:locale\" content=\"es_ES\" \/>\n<meta property=\"og:type\" content=\"article\" \/>\n<meta property=\"og:title\" content=\"FRITZ! Box6890 LTE Router AC1750 4G ADSL\/VDSL - Aivlisoft Inform\u00e1tica\" \/>\n<meta property=\"og:description\" content=\"Internet de alta velocidad en todas las redes de telefon&iacute;a m&oacute;vil y DSL El FRITZ!Box 6890 LTE trae a su hogar Internet de alta velocidad a trav&eacute;s de la red de telefon&iacute;a m&oacute;vil. Independientemente de cu&aacute;l sea la calidad de la cobertura de la red, el 6820 siempre alcanza la velocidad &oacute;ptima, ya sea en&hellip;&nbsp;FRITZ! Box6890 LTE Router AC1750 4G ADSL\/VDSL\" \/>\n<meta property=\"og:url\" content=\"https:\/\/aivlisoft.net\/shop\/producto\/fritz-box6890-lte-router-ac1750-4g-adsl-vdsl\/\" \/>\n<meta property=\"og:site_name\" content=\"Aivlisoft Inform\u00e1tica\" \/>\n<meta property=\"article:modified_time\" content=\"2025-01-14T20:00:04+00:00\" \/>\n<meta property=\"og:image\" content=\"https:\/\/aivlisoft.net\/shop\/wp-content\/uploads\/2025\/01\/NROINA0260_800.jpg\" \/>\n\t<meta property=\"og:image:width\" content=\"800\" \/>\n\t<meta property=\"og:image:height\" content=\"800\" \/>\n\t<meta property=\"og:image:type\" content=\"image\/jpeg\" \/>\n<meta name=\"twitter:card\" content=\"summary_large_image\" \/>\n<meta name=\"twitter:label1\" content=\"Tiempo de lectura\" \/>\n\t<meta name=\"twitter:data1\" content=\"6 minutos\" \/>\n<script type=\"application\/ld+json\" class=\"yoast-schema-graph\">{\"@context\":\"https:\/\/schema.org\",\"@graph\":[{\"@type\":\"WebPage\",\"@id\":\"https:\/\/aivlisoft.net\/shop\/producto\/fritz-box6890-lte-router-ac1750-4g-adsl-vdsl\/\",\"url\":\"https:\/\/aivlisoft.net\/shop\/producto\/fritz-box6890-lte-router-ac1750-4g-adsl-vdsl\/\",\"name\":\"FRITZ! Box6890 LTE Router AC1750 4G ADSL\/VDSL - Aivlisoft Inform\u00e1tica\",\"isPartOf\":{\"@id\":\"https:\/\/aivlisoft.net\/shop\/#website\"},\"primaryImageOfPage\":{\"@id\":\"https:\/\/aivlisoft.net\/shop\/producto\/fritz-box6890-lte-router-ac1750-4g-adsl-vdsl\/#primaryimage\"},\"image\":{\"@id\":\"https:\/\/aivlisoft.net\/shop\/producto\/fritz-box6890-lte-router-ac1750-4g-adsl-vdsl\/#primaryimage\"},\"thumbnailUrl\":\"https:\/\/aivlisoft.net\/shop\/wp-content\/uploads\/2025\/01\/NROINA0260_800.jpg\",\"datePublished\":\"2025-01-13T15:27:46+00:00\",\"dateModified\":\"2025-01-14T20:00:04+00:00\",\"breadcrumb\":{\"@id\":\"https:\/\/aivlisoft.net\/shop\/producto\/fritz-box6890-lte-router-ac1750-4g-adsl-vdsl\/#breadcrumb\"},\"inLanguage\":\"es\",\"potentialAction\":[{\"@type\":\"ReadAction\",\"target\":[\"https:\/\/aivlisoft.net\/shop\/producto\/fritz-box6890-lte-router-ac1750-4g-adsl-vdsl\/\"]}]},{\"@type\":\"ImageObject\",\"inLanguage\":\"es\",\"@id\":\"https:\/\/aivlisoft.net\/shop\/producto\/fritz-box6890-lte-router-ac1750-4g-adsl-vdsl\/#primaryimage\",\"url\":\"https:\/\/aivlisoft.net\/shop\/wp-content\/uploads\/2025\/01\/NROINA0260_800.jpg\",\"contentUrl\":\"https:\/\/aivlisoft.net\/shop\/wp-content\/uploads\/2025\/01\/NROINA0260_800.jpg\",\"width\":800,\"height\":800},{\"@type\":\"BreadcrumbList\",\"@id\":\"https:\/\/aivlisoft.net\/shop\/producto\/fritz-box6890-lte-router-ac1750-4g-adsl-vdsl\/#breadcrumb\",\"itemListElement\":[{\"@type\":\"ListItem\",\"position\":1,\"name\":\"Portada\",\"item\":\"https:\/\/aivlisoft.net\/shop\/\"},{\"@type\":\"ListItem\",\"position\":2,\"name\":\"Tienda\",\"item\":\"https:\/\/aivlisoft.net\/shop\/tienda\/\"},{\"@type\":\"ListItem\",\"position\":3,\"name\":\"FRITZ! Box6890 LTE Router AC1750 4G ADSL\/VDSL\"}]},{\"@type\":\"WebSite\",\"@id\":\"https:\/\/aivlisoft.net\/shop\/#website\",\"url\":\"https:\/\/aivlisoft.net\/shop\/\",\"name\":\"Aivlisoft Inform\u00e1tica\",\"description\":\"En Aivlisoft Inform\u00e1tica ofrecemos soluciones tecnol\u00f3gicas para empresas: venta de ordenadores, consumibles, perif\u00e9ricos y m\u00e1s. Calidad, atenci\u00f3n personalizada y los mejores precios para tu negocio.\",\"publisher\":{\"@id\":\"https:\/\/aivlisoft.net\/shop\/#organization\"},\"potentialAction\":[{\"@type\":\"SearchAction\",\"target\":{\"@type\":\"EntryPoint\",\"urlTemplate\":\"https:\/\/aivlisoft.net\/shop\/?s={search_term_string}\"},\"query-input\":{\"@type\":\"PropertyValueSpecification\",\"valueRequired\":true,\"valueName\":\"search_term_string\"}}],\"inLanguage\":\"es\"},{\"@type\":\"Organization\",\"@id\":\"https:\/\/aivlisoft.net\/shop\/#organization\",\"name\":\"Aivlisoft Inform\u00e1tica\",\"url\":\"https:\/\/aivlisoft.net\/shop\/\",\"logo\":{\"@type\":\"ImageObject\",\"inLanguage\":\"es\",\"@id\":\"https:\/\/aivlisoft.net\/shop\/#\/schema\/logo\/image\/\",\"url\":\"https:\/\/aivlisoft.net\/shop\/wp-content\/uploads\/2024\/12\/removal.ai_5b848c54-0cdf-4140-95c5-c5536bb7573b-logodef.png\",\"contentUrl\":\"https:\/\/aivlisoft.net\/shop\/wp-content\/uploads\/2024\/12\/removal.ai_5b848c54-0cdf-4140-95c5-c5536bb7573b-logodef.png\",\"width\":484,\"height\":182,\"caption\":\"Aivlisoft Inform\u00e1tica\"},\"image\":{\"@id\":\"https:\/\/aivlisoft.net\/shop\/#\/schema\/logo\/image\/\"}}]}<\/script>\n<!-- \/ Yoast SEO plugin. -->","yoast_head_json":{"title":"FRITZ! Box6890 LTE Router AC1750 4G ADSL\/VDSL - Aivlisoft Inform\u00e1tica","robots":{"index":"index","follow":"follow","max-snippet":"max-snippet:-1","max-image-preview":"max-image-preview:large","max-video-preview":"max-video-preview:-1"},"canonical":"https:\/\/aivlisoft.net\/shop\/producto\/fritz-box6890-lte-router-ac1750-4g-adsl-vdsl\/","og_locale":"es_ES","og_type":"article","og_title":"FRITZ! Box6890 LTE Router AC1750 4G ADSL\/VDSL - Aivlisoft Inform\u00e1tica","og_description":"Internet de alta velocidad en todas las redes de telefon&iacute;a m&oacute;vil y DSL El FRITZ!Box 6890 LTE trae a su hogar Internet de alta velocidad a trav&eacute;s de la red de telefon&iacute;a m&oacute;vil. Independientemente de cu&aacute;l sea la calidad de la cobertura de la red, el 6820 siempre alcanza la velocidad &oacute;ptima, ya sea en&hellip;&nbsp;FRITZ! Box6890 LTE Router AC1750 4G ADSL\/VDSL","og_url":"https:\/\/aivlisoft.net\/shop\/producto\/fritz-box6890-lte-router-ac1750-4g-adsl-vdsl\/","og_site_name":"Aivlisoft Inform\u00e1tica","article_modified_time":"2025-01-14T20:00:04+00:00","og_image":[{"width":800,"height":800,"url":"https:\/\/aivlisoft.net\/shop\/wp-content\/uploads\/2025\/01\/NROINA0260_800.jpg","type":"image\/jpeg"}],"twitter_card":"summary_large_image","twitter_misc":{"Tiempo de lectura":"6 minutos"},"schema":{"@context":"https:\/\/schema.org","@graph":[{"@type":"WebPage","@id":"https:\/\/aivlisoft.net\/shop\/producto\/fritz-box6890-lte-router-ac1750-4g-adsl-vdsl\/","url":"https:\/\/aivlisoft.net\/shop\/producto\/fritz-box6890-lte-router-ac1750-4g-adsl-vdsl\/","name":"FRITZ! Box6890 LTE Router AC1750 4G ADSL\/VDSL - Aivlisoft Inform\u00e1tica","isPartOf":{"@id":"https:\/\/aivlisoft.net\/shop\/#website"},"primaryImageOfPage":{"@id":"https:\/\/aivlisoft.net\/shop\/producto\/fritz-box6890-lte-router-ac1750-4g-adsl-vdsl\/#primaryimage"},"image":{"@id":"https:\/\/aivlisoft.net\/shop\/producto\/fritz-box6890-lte-router-ac1750-4g-adsl-vdsl\/#primaryimage"},"thumbnailUrl":"https:\/\/aivlisoft.net\/shop\/wp-content\/uploads\/2025\/01\/NROINA0260_800.jpg","datePublished":"2025-01-13T15:27:46+00:00","dateModified":"2025-01-14T20:00:04+00:00","breadcrumb":{"@id":"https:\/\/aivlisoft.net\/shop\/producto\/fritz-box6890-lte-router-ac1750-4g-adsl-vdsl\/#breadcrumb"},"inLanguage":"es","potentialAction":[{"@type":"ReadAction","target":["https:\/\/aivlisoft.net\/shop\/producto\/fritz-box6890-lte-router-ac1750-4g-adsl-vdsl\/"]}]},{"@type":"ImageObject","inLanguage":"es","@id":"https:\/\/aivlisoft.net\/shop\/producto\/fritz-box6890-lte-router-ac1750-4g-adsl-vdsl\/#primaryimage","url":"https:\/\/aivlisoft.net\/shop\/wp-content\/uploads\/2025\/01\/NROINA0260_800.jpg","contentUrl":"https:\/\/aivlisoft.net\/shop\/wp-content\/uploads\/2025\/01\/NROINA0260_800.jpg","width":800,"height":800},{"@type":"BreadcrumbList","@id":"https:\/\/aivlisoft.net\/shop\/producto\/fritz-box6890-lte-router-ac1750-4g-adsl-vdsl\/#breadcrumb","itemListElement":[{"@type":"ListItem","position":1,"name":"Portada","item":"https:\/\/aivlisoft.net\/shop\/"},{"@type":"ListItem","position":2,"name":"Tienda","item":"https:\/\/aivlisoft.net\/shop\/tienda\/"},{"@type":"ListItem","position":3,"name":"FRITZ! Box6890 LTE Router AC1750 4G ADSL\/VDSL"}]},{"@type":"WebSite","@id":"https:\/\/aivlisoft.net\/shop\/#website","url":"https:\/\/aivlisoft.net\/shop\/","name":"Aivlisoft Inform\u00e1tica","description":"En Aivlisoft Inform\u00e1tica ofrecemos soluciones tecnol\u00f3gicas para empresas: venta de ordenadores, consumibles, perif\u00e9ricos y m\u00e1s. Calidad, atenci\u00f3n personalizada y los mejores precios para tu negocio.","publisher":{"@id":"https:\/\/aivlisoft.net\/shop\/#organization"},"potentialAction":[{"@type":"SearchAction","target":{"@type":"EntryPoint","urlTemplate":"https:\/\/aivlisoft.net\/shop\/?s={search_term_string}"},"query-input":{"@type":"PropertyValueSpecification","valueRequired":true,"valueName":"search_term_string"}}],"inLanguage":"es"},{"@type":"Organization","@id":"https:\/\/aivlisoft.net\/shop\/#organization","name":"Aivlisoft Inform\u00e1tica","url":"https:\/\/aivlisoft.net\/shop\/","logo":{"@type":"ImageObject","inLanguage":"es","@id":"https:\/\/aivlisoft.net\/shop\/#\/schema\/logo\/image\/","url":"https:\/\/aivlisoft.net\/shop\/wp-content\/uploads\/2024\/12\/removal.ai_5b848c54-0cdf-4140-95c5-c5536bb7573b-logodef.png","contentUrl":"https:\/\/aivlisoft.net\/shop\/wp-content\/uploads\/2024\/12\/removal.ai_5b848c54-0cdf-4140-95c5-c5536bb7573b-logodef.png","width":484,"height":182,"caption":"Aivlisoft Inform\u00e1tica"},"image":{"@id":"https:\/\/aivlisoft.net\/shop\/#\/schema\/logo\/image\/"}}]}},"_links":{"self":[{"href":"https:\/\/aivlisoft.net\/shop\/wp-json\/wp\/v2\/product\/18986","targetHints":{"allow":["GET"]}}],"collection":[{"href":"https:\/\/aivlisoft.net\/shop\/wp-json\/wp\/v2\/product"}],"about":[{"href":"https:\/\/aivlisoft.net\/shop\/wp-json\/wp\/v2\/types\/product"}],"wp:featuredmedia":[{"embeddable":true,"href":"https:\/\/aivlisoft.net\/shop\/wp-json\/wp\/v2\/media\/18987"}],"wp:attachment":[{"href":"https:\/\/aivlisoft.net\/shop\/wp-json\/wp\/v2\/media?parent=18986"}],"wp:term":[{"taxonomy":"product_brand","embeddable":true,"href":"https:\/\/aivlisoft.net\/shop\/wp-json\/wp\/v2\/product_brand?post=18986"},{"taxonomy":"product_cat","embeddable":true,"href":"https:\/\/aivlisoft.net\/shop\/wp-json\/wp\/v2\/product_cat?post=18986"},{"taxonomy":"product_tag","embeddable":true,"href":"https:\/\/aivlisoft.net\/shop\/wp-json\/wp\/v2\/product_tag?post=18986"}],"curies":[{"name":"wp","href":"https:\/\/api.w.org\/{rel}","templated":true}]}}