{"id":18982,"date":"2025-01-13T15:27:45","date_gmt":"2025-01-13T15:27:45","guid":{"rendered":"https:\/\/aivlisoft.com\/?post_type=product&#038;p=18982"},"modified":"2025-01-14T20:00:04","modified_gmt":"2025-01-14T20:00:04","slug":"tp-link-tl-wr850n-router-n300-2t2r-5dbi-wisp","status":"publish","type":"product","link":"https:\/\/aivlisoft.net\/shop\/producto\/tp-link-tl-wr850n-router-n300-2t2r-5dbi-wisp\/","title":{"rendered":"TP-LINK TL-WR850N Router N300 2T2R 5dBi WISP"},"content":{"rendered":"<p><strong>TP-LINK TL-WR850N Router N300 2T2R 5dBi <\/strong><br \/>&nbsp;<br \/>&#8211; Velocidad de transmisi&oacute;n inal&aacute;mbrica de 300Mbps ideal para tareas sensibles al ancho de banda y trabajo b&aacute;sico<br \/>&#8211; Admite Agile Config: permite a los ISP personalizar las configuraciones predeterminadas por s&iacute; mismos.<br \/>&#8211; Los controles parentales administran cu&aacute;ndo y c&oacute;mo los dispositivos conectados pueden acceder a Internet<br \/>&#8211; IPTV es compatible con IGMP Proxy \/ Snooping para optimizar la transmisi&oacute;n de IPTV<br \/>&#8211; Compatible con IPv6 (Protocolo de Internet versi&oacute;n 6)<br \/>&#8211; La red de invitados proporciona acceso separado para los invitados mientras protege la red dom&eacute;stica <\/p>\n<p><strong>Velocidad N inal&aacute;mbrica de 300Mbps &#8211; Velocidad de descarga r&aacute;pida<\/strong><br \/>El TL-WR850N de TP-Link es una soluci&oacute;n de alta velocidad que es compatible con IEEE 802.11b \/ g \/ n. Basado en la tecnolog&iacute;a 802.11n, TL-WR850N brinda a los usuarios un rendimiento inal&aacute;mbrico de hasta 300Mbps, que puede satisfacer sus necesidades de redes dom&eacute;sticas m&aacute;s exigentes, como transmisi&oacute;n de HD, juegos en l&iacute;nea y descarga de archivos grandes. <\/p>\n<p><strong>Soporta configuraci&oacute;n &aacute;gil<\/strong><br \/>Permitir que los WISP personalicen las configuraciones predeterminadas de acuerdo con sus requisitos, resuelve el problema del WISP cuando los usuarios finales reinician el dispositivo. &nbsp;<br \/>&nbsp;<br \/><strong>Tecnolog&iacute;a CCA &#8211; Se&ntilde;ales inal&aacute;mbricas estables<\/strong><br \/>La evaluaci&oacute;n de canales claros (CCA) evita autom&aacute;ticamente los conflictos de canales utilizando su funci&oacute;n de selecci&oacute;n de canales claros y se da cuenta de las ventajas de la vinculaci&oacute;n de canales, mejorando en gran medida el rendimiento inal&aacute;mbrico.&nbsp;<\/p>\n<table class=\"tabla_caracteristicas k-table\" width=\"100%\">\n<tbody>\n<tr>\n<td valign=\"top\"><strong>Marca<\/strong><\/td>\n<td>TP-Link<\/td>\n<\/tr>\n<tr>\n<td valign=\"top\"><strong>Modelo<\/strong><\/td>\n<td valign=\"top\"><strong>TL-WR850N<\/strong><\/td>\n<\/tr>\n<tr>\n<td valign=\"top\">\n<div><strong>Caracteristicas <\/strong><\/div>\n<div><strong>de hardware<\/strong><\/div>\n<\/td>\n<td>&#8211; Interfaz: 4 PUERTOS LAN 10 \/ 100Mbps &#8211; 1 10 \/ 100Mbps WAN PORT<br \/>&#8211; Bot&oacute;n: Bot&oacute;n WPS \/ RESET<br \/>&#8211; Antena: 2 antenas<br \/>&#8211; Fuente de Alimentaci&oacute;n Externa: 9VDC \/ 0.6A<br \/>&#8211; Est&aacute;ndares Inal&aacute;mbricos: IEEE 802.11n, IEEE 802.11g, IEEE 802.11b<br \/>&#8211; Dimensiones: 182 x 128 x 35 mm<\/td>\n<\/tr>\n<tr>\n<td valign=\"top\">\n<div><strong>Caracteristicas<\/strong><\/div>\n<div><strong>inalambricas<\/strong><\/div>\n<\/td>\n<td>&#8211; Frecuencia: 2.4-2.4835GHz<br \/>&#8211; Tasa de se&ntilde;al: 11n: hasta 300Mbps (din&aacute;mico) \/ 11g: hasta 54Mbps (din&aacute;mico) \/ 11b: hasta 11Mbps (din&aacute;mico)<br \/>&#8211; Potencia de transmision: CE: &lt;20dBm \/ FCC: &lt;30dBm<br \/>&#8211; Funciones inal&aacute;mbricas: Activar \/ desactivar radio inal&aacute;mbrica, WDS Bridge, WMM, estad&iacute;sticas inal&aacute;mbricas<br \/>&#8211; Seguridad inal&aacute;mbrica: WEP de 64\/128 bits, WPA \/ WPA2, WPA-PSK \/ WPA2-PSK<\/td>\n<\/tr>\n<tr>\n<td valign=\"top\">\n<div><strong>Caracteristicas <\/strong><\/div>\n<div><strong>de software<\/strong><\/div>\n<\/td>\n<td>&#8211; Calidad de servicio: WMM, Control de Ancho de Banda<br \/>&#8211; Tipo de WAN: IP din&aacute;mica \/ IP est&aacute;tica \/ PPPoE \/ PPTP \/ L2TP<br \/>&#8211; Administraci&oacute;n: Control de acceso \/ Administraci&oacute;n Local \/ Gesti&oacute;n remota \/ Configuraci&oacute;n &aacute;gil (opcional)<br \/>&#8211; DHCP: Servidor, cliente, lista de clientes DHCP, direcci&oacute;n de reservas<br \/>&#8211; Reenv&iacute;o de puertos: Servidor virtual, activaci&oacute;n de puertos, UPnP, DMZ<br \/>&#8211; DNS Din&aacute;mico: DynDns, Comexe, NO-IP<br \/>&#8211; Paso de VPN: PPTP, L2TP, IPSec (Jefe ESP)<br \/>&#8211; Control de acceso: Control parental, Control de administraci&oacute;n local, Lista de hosts, Programaci&oacute;n de acceso, Gesti&oacute;n de reglas<br \/>&#8211; Seguridad de firewall: DoS, SPI Firewall<br \/>&#8211; Filtro de direcci&oacute;n IP \/ Filtro de direcci&oacute;n MAC \/ Filtro de dominio \/ Enlace de direcciones IP y MAC<br \/>&#8211; Protocolos: Soporta IPv4 y IPv6<br \/>&#8211; Red de invitados: Red de invitados de 2.4GHz x1<\/td>\n<\/tr>\n<tr>\n<td valign=\"top\"><strong>Otras caracteristicas<\/strong><\/td>\n<td><strong>contenidos <\/strong><br \/>&#8211; Enrutador inal&aacute;mbrico N TL-WR850N<br \/>&#8211; Fuente de alimentaci&oacute;n<br \/>&#8211; Cable de ethernet<br \/>&#8211; Gu&iacute;a de Instalaci&oacute;n R&aacute;pida<br \/><strong>Requisitos del sistema<\/strong><br \/>&#8211; Windows 2000 \/ XP \/ Vista &trade;, Windows 7, Windows 8, Windows 8.1, Windows 10 o Mac OS o sistema operativo basado en Linux<br \/><strong>Ambiente<\/strong><br \/>&#8211; Temperatura de funcionamiento: 0 ? ~ 40 (32 ? ~ 104 ?)<br \/>&#8211; Temperatura de almacenamiento: -40 ? ~ 70 (-40 ? ~ 158 ?)<br \/>&#8211; Humedad de funcionamiento: 10% ~ 90% sin condensaci&oacute;n<br \/>&#8211; Humedad de almacenamiento: 5% ~ 90% sin condensaci&oacute;n<\/td>\n<\/tr>\n<tr>\n<td valign=\"top\"><strong>Fecha Revisi&oacute;n<\/strong><\/td>\n<td>18-01-2018 por AVN<\/td>\n<\/tr>\n<\/tbody>\n<\/table>\n","protected":false},"excerpt":{"rendered":"<p>TP-LINK TL-WR850N Router N300 2T2R 5dBi &nbsp;&#8211; Velocidad de transmisi&oacute;n inal&aacute;mbrica de 300Mbps ideal para tareas sensibles al ancho de banda y trabajo b&aacute;sico&#8211; Admite Agile Config: permite a los ISP personalizar las configuraciones predeterminadas por s&iacute; mismos.&#8211; Los controles parentales administran cu&aacute;ndo y c&oacute;mo los dispositivos conectados pueden acceder a Internet&#8211; IPTV es compatible&hellip;&nbsp;<a href=\"https:\/\/aivlisoft.net\/shop\/producto\/tp-link-tl-wr850n-router-n300-2t2r-5dbi-wisp\/\" rel=\"bookmark\"><span class=\"screen-reader-text\">TP-LINK TL-WR850N Router N300 2T2R 5dBi WISP<\/span><\/a><\/p>\n","protected":false},"featured_media":18983,"template":"","meta":{"neve_meta_sidebar":"","neve_meta_container":"","neve_meta_enable_content_width":"","neve_meta_content_width":0,"neve_meta_title_alignment":"","neve_meta_author_avatar":"","neve_post_elements_order":"","neve_meta_disable_header":"","neve_meta_disable_footer":"","neve_meta_disable_title":""},"product_brand":[],"product_cat":[15,8768,6832],"product_tag":[6891],"class_list":{"0":"post-18982","1":"product","2":"type-product","3":"status-publish","4":"has-post-thumbnail","6":"product_cat-sin-categorizar","7":"product_cat-routers-adsl","8":"product_cat-routers-modems","9":"product_tag-tl-wr850n","11":"first","12":"instock","13":"taxable","14":"shipping-taxable","15":"purchasable","16":"product-type-simple"},"yoast_head":"<!-- This site is optimized with the Yoast SEO plugin v26.0 - https:\/\/yoast.com\/wordpress\/plugins\/seo\/ -->\n<title>TP-LINK TL-WR850N Router N300 2T2R 5dBi WISP - Aivlisoft Inform\u00e1tica<\/title>\n<meta name=\"robots\" content=\"index, follow, max-snippet:-1, max-image-preview:large, max-video-preview:-1\" \/>\n<link rel=\"canonical\" href=\"https:\/\/aivlisoft.net\/shop\/producto\/tp-link-tl-wr850n-router-n300-2t2r-5dbi-wisp\/\" \/>\n<meta property=\"og:locale\" content=\"es_ES\" \/>\n<meta property=\"og:type\" content=\"article\" \/>\n<meta property=\"og:title\" content=\"TP-LINK TL-WR850N Router N300 2T2R 5dBi WISP - Aivlisoft Inform\u00e1tica\" \/>\n<meta property=\"og:description\" content=\"TP-LINK TL-WR850N Router N300 2T2R 5dBi &nbsp;&#8211; Velocidad de transmisi&oacute;n inal&aacute;mbrica de 300Mbps ideal para tareas sensibles al ancho de banda y trabajo b&aacute;sico&#8211; Admite Agile Config: permite a los ISP personalizar las configuraciones predeterminadas por s&iacute; mismos.&#8211; Los controles parentales administran cu&aacute;ndo y c&oacute;mo los dispositivos conectados pueden acceder a Internet&#8211; IPTV es compatible&hellip;&nbsp;TP-LINK TL-WR850N Router N300 2T2R 5dBi WISP\" \/>\n<meta property=\"og:url\" content=\"https:\/\/aivlisoft.net\/shop\/producto\/tp-link-tl-wr850n-router-n300-2t2r-5dbi-wisp\/\" \/>\n<meta property=\"og:site_name\" content=\"Aivlisoft Inform\u00e1tica\" \/>\n<meta property=\"article:modified_time\" content=\"2025-01-14T20:00:04+00:00\" \/>\n<meta property=\"og:image\" content=\"https:\/\/aivlisoft.net\/shop\/wp-content\/uploads\/2025\/01\/NROINA0256_800.jpg\" \/>\n\t<meta property=\"og:image:width\" content=\"800\" \/>\n\t<meta property=\"og:image:height\" content=\"800\" \/>\n\t<meta property=\"og:image:type\" content=\"image\/jpeg\" \/>\n<meta name=\"twitter:card\" content=\"summary_large_image\" \/>\n<meta name=\"twitter:label1\" content=\"Tiempo de lectura\" \/>\n\t<meta name=\"twitter:data1\" content=\"3 minutos\" \/>\n<script type=\"application\/ld+json\" class=\"yoast-schema-graph\">{\"@context\":\"https:\/\/schema.org\",\"@graph\":[{\"@type\":\"WebPage\",\"@id\":\"https:\/\/aivlisoft.net\/shop\/producto\/tp-link-tl-wr850n-router-n300-2t2r-5dbi-wisp\/\",\"url\":\"https:\/\/aivlisoft.net\/shop\/producto\/tp-link-tl-wr850n-router-n300-2t2r-5dbi-wisp\/\",\"name\":\"TP-LINK TL-WR850N Router N300 2T2R 5dBi WISP - Aivlisoft Inform\u00e1tica\",\"isPartOf\":{\"@id\":\"https:\/\/aivlisoft.net\/shop\/#website\"},\"primaryImageOfPage\":{\"@id\":\"https:\/\/aivlisoft.net\/shop\/producto\/tp-link-tl-wr850n-router-n300-2t2r-5dbi-wisp\/#primaryimage\"},\"image\":{\"@id\":\"https:\/\/aivlisoft.net\/shop\/producto\/tp-link-tl-wr850n-router-n300-2t2r-5dbi-wisp\/#primaryimage\"},\"thumbnailUrl\":\"https:\/\/aivlisoft.net\/shop\/wp-content\/uploads\/2025\/01\/NROINA0256_800.jpg\",\"datePublished\":\"2025-01-13T15:27:45+00:00\",\"dateModified\":\"2025-01-14T20:00:04+00:00\",\"breadcrumb\":{\"@id\":\"https:\/\/aivlisoft.net\/shop\/producto\/tp-link-tl-wr850n-router-n300-2t2r-5dbi-wisp\/#breadcrumb\"},\"inLanguage\":\"es\",\"potentialAction\":[{\"@type\":\"ReadAction\",\"target\":[\"https:\/\/aivlisoft.net\/shop\/producto\/tp-link-tl-wr850n-router-n300-2t2r-5dbi-wisp\/\"]}]},{\"@type\":\"ImageObject\",\"inLanguage\":\"es\",\"@id\":\"https:\/\/aivlisoft.net\/shop\/producto\/tp-link-tl-wr850n-router-n300-2t2r-5dbi-wisp\/#primaryimage\",\"url\":\"https:\/\/aivlisoft.net\/shop\/wp-content\/uploads\/2025\/01\/NROINA0256_800.jpg\",\"contentUrl\":\"https:\/\/aivlisoft.net\/shop\/wp-content\/uploads\/2025\/01\/NROINA0256_800.jpg\",\"width\":800,\"height\":800},{\"@type\":\"BreadcrumbList\",\"@id\":\"https:\/\/aivlisoft.net\/shop\/producto\/tp-link-tl-wr850n-router-n300-2t2r-5dbi-wisp\/#breadcrumb\",\"itemListElement\":[{\"@type\":\"ListItem\",\"position\":1,\"name\":\"Portada\",\"item\":\"https:\/\/aivlisoft.net\/shop\/\"},{\"@type\":\"ListItem\",\"position\":2,\"name\":\"Tienda\",\"item\":\"https:\/\/aivlisoft.net\/shop\/tienda\/\"},{\"@type\":\"ListItem\",\"position\":3,\"name\":\"TP-LINK TL-WR850N Router N300 2T2R 5dBi WISP\"}]},{\"@type\":\"WebSite\",\"@id\":\"https:\/\/aivlisoft.net\/shop\/#website\",\"url\":\"https:\/\/aivlisoft.net\/shop\/\",\"name\":\"Aivlisoft Inform\u00e1tica\",\"description\":\"En Aivlisoft Inform\u00e1tica ofrecemos soluciones tecnol\u00f3gicas para empresas: venta de ordenadores, consumibles, perif\u00e9ricos y m\u00e1s. Calidad, atenci\u00f3n personalizada y los mejores precios para tu negocio.\",\"publisher\":{\"@id\":\"https:\/\/aivlisoft.net\/shop\/#organization\"},\"potentialAction\":[{\"@type\":\"SearchAction\",\"target\":{\"@type\":\"EntryPoint\",\"urlTemplate\":\"https:\/\/aivlisoft.net\/shop\/?s={search_term_string}\"},\"query-input\":{\"@type\":\"PropertyValueSpecification\",\"valueRequired\":true,\"valueName\":\"search_term_string\"}}],\"inLanguage\":\"es\"},{\"@type\":\"Organization\",\"@id\":\"https:\/\/aivlisoft.net\/shop\/#organization\",\"name\":\"Aivlisoft Inform\u00e1tica\",\"url\":\"https:\/\/aivlisoft.net\/shop\/\",\"logo\":{\"@type\":\"ImageObject\",\"inLanguage\":\"es\",\"@id\":\"https:\/\/aivlisoft.net\/shop\/#\/schema\/logo\/image\/\",\"url\":\"https:\/\/aivlisoft.net\/shop\/wp-content\/uploads\/2024\/12\/removal.ai_5b848c54-0cdf-4140-95c5-c5536bb7573b-logodef.png\",\"contentUrl\":\"https:\/\/aivlisoft.net\/shop\/wp-content\/uploads\/2024\/12\/removal.ai_5b848c54-0cdf-4140-95c5-c5536bb7573b-logodef.png\",\"width\":484,\"height\":182,\"caption\":\"Aivlisoft Inform\u00e1tica\"},\"image\":{\"@id\":\"https:\/\/aivlisoft.net\/shop\/#\/schema\/logo\/image\/\"}}]}<\/script>\n<!-- \/ Yoast SEO plugin. -->","yoast_head_json":{"title":"TP-LINK TL-WR850N Router N300 2T2R 5dBi WISP - Aivlisoft Inform\u00e1tica","robots":{"index":"index","follow":"follow","max-snippet":"max-snippet:-1","max-image-preview":"max-image-preview:large","max-video-preview":"max-video-preview:-1"},"canonical":"https:\/\/aivlisoft.net\/shop\/producto\/tp-link-tl-wr850n-router-n300-2t2r-5dbi-wisp\/","og_locale":"es_ES","og_type":"article","og_title":"TP-LINK TL-WR850N Router N300 2T2R 5dBi WISP - Aivlisoft Inform\u00e1tica","og_description":"TP-LINK TL-WR850N Router N300 2T2R 5dBi &nbsp;&#8211; Velocidad de transmisi&oacute;n inal&aacute;mbrica de 300Mbps ideal para tareas sensibles al ancho de banda y trabajo b&aacute;sico&#8211; Admite Agile Config: permite a los ISP personalizar las configuraciones predeterminadas por s&iacute; mismos.&#8211; Los controles parentales administran cu&aacute;ndo y c&oacute;mo los dispositivos conectados pueden acceder a Internet&#8211; IPTV es compatible&hellip;&nbsp;TP-LINK TL-WR850N Router N300 2T2R 5dBi WISP","og_url":"https:\/\/aivlisoft.net\/shop\/producto\/tp-link-tl-wr850n-router-n300-2t2r-5dbi-wisp\/","og_site_name":"Aivlisoft Inform\u00e1tica","article_modified_time":"2025-01-14T20:00:04+00:00","og_image":[{"width":800,"height":800,"url":"https:\/\/aivlisoft.net\/shop\/wp-content\/uploads\/2025\/01\/NROINA0256_800.jpg","type":"image\/jpeg"}],"twitter_card":"summary_large_image","twitter_misc":{"Tiempo de lectura":"3 minutos"},"schema":{"@context":"https:\/\/schema.org","@graph":[{"@type":"WebPage","@id":"https:\/\/aivlisoft.net\/shop\/producto\/tp-link-tl-wr850n-router-n300-2t2r-5dbi-wisp\/","url":"https:\/\/aivlisoft.net\/shop\/producto\/tp-link-tl-wr850n-router-n300-2t2r-5dbi-wisp\/","name":"TP-LINK TL-WR850N Router N300 2T2R 5dBi WISP - Aivlisoft Inform\u00e1tica","isPartOf":{"@id":"https:\/\/aivlisoft.net\/shop\/#website"},"primaryImageOfPage":{"@id":"https:\/\/aivlisoft.net\/shop\/producto\/tp-link-tl-wr850n-router-n300-2t2r-5dbi-wisp\/#primaryimage"},"image":{"@id":"https:\/\/aivlisoft.net\/shop\/producto\/tp-link-tl-wr850n-router-n300-2t2r-5dbi-wisp\/#primaryimage"},"thumbnailUrl":"https:\/\/aivlisoft.net\/shop\/wp-content\/uploads\/2025\/01\/NROINA0256_800.jpg","datePublished":"2025-01-13T15:27:45+00:00","dateModified":"2025-01-14T20:00:04+00:00","breadcrumb":{"@id":"https:\/\/aivlisoft.net\/shop\/producto\/tp-link-tl-wr850n-router-n300-2t2r-5dbi-wisp\/#breadcrumb"},"inLanguage":"es","potentialAction":[{"@type":"ReadAction","target":["https:\/\/aivlisoft.net\/shop\/producto\/tp-link-tl-wr850n-router-n300-2t2r-5dbi-wisp\/"]}]},{"@type":"ImageObject","inLanguage":"es","@id":"https:\/\/aivlisoft.net\/shop\/producto\/tp-link-tl-wr850n-router-n300-2t2r-5dbi-wisp\/#primaryimage","url":"https:\/\/aivlisoft.net\/shop\/wp-content\/uploads\/2025\/01\/NROINA0256_800.jpg","contentUrl":"https:\/\/aivlisoft.net\/shop\/wp-content\/uploads\/2025\/01\/NROINA0256_800.jpg","width":800,"height":800},{"@type":"BreadcrumbList","@id":"https:\/\/aivlisoft.net\/shop\/producto\/tp-link-tl-wr850n-router-n300-2t2r-5dbi-wisp\/#breadcrumb","itemListElement":[{"@type":"ListItem","position":1,"name":"Portada","item":"https:\/\/aivlisoft.net\/shop\/"},{"@type":"ListItem","position":2,"name":"Tienda","item":"https:\/\/aivlisoft.net\/shop\/tienda\/"},{"@type":"ListItem","position":3,"name":"TP-LINK TL-WR850N Router N300 2T2R 5dBi WISP"}]},{"@type":"WebSite","@id":"https:\/\/aivlisoft.net\/shop\/#website","url":"https:\/\/aivlisoft.net\/shop\/","name":"Aivlisoft Inform\u00e1tica","description":"En Aivlisoft Inform\u00e1tica ofrecemos soluciones tecnol\u00f3gicas para empresas: venta de ordenadores, consumibles, perif\u00e9ricos y m\u00e1s. Calidad, atenci\u00f3n personalizada y los mejores precios para tu negocio.","publisher":{"@id":"https:\/\/aivlisoft.net\/shop\/#organization"},"potentialAction":[{"@type":"SearchAction","target":{"@type":"EntryPoint","urlTemplate":"https:\/\/aivlisoft.net\/shop\/?s={search_term_string}"},"query-input":{"@type":"PropertyValueSpecification","valueRequired":true,"valueName":"search_term_string"}}],"inLanguage":"es"},{"@type":"Organization","@id":"https:\/\/aivlisoft.net\/shop\/#organization","name":"Aivlisoft Inform\u00e1tica","url":"https:\/\/aivlisoft.net\/shop\/","logo":{"@type":"ImageObject","inLanguage":"es","@id":"https:\/\/aivlisoft.net\/shop\/#\/schema\/logo\/image\/","url":"https:\/\/aivlisoft.net\/shop\/wp-content\/uploads\/2024\/12\/removal.ai_5b848c54-0cdf-4140-95c5-c5536bb7573b-logodef.png","contentUrl":"https:\/\/aivlisoft.net\/shop\/wp-content\/uploads\/2024\/12\/removal.ai_5b848c54-0cdf-4140-95c5-c5536bb7573b-logodef.png","width":484,"height":182,"caption":"Aivlisoft Inform\u00e1tica"},"image":{"@id":"https:\/\/aivlisoft.net\/shop\/#\/schema\/logo\/image\/"}}]}},"_links":{"self":[{"href":"https:\/\/aivlisoft.net\/shop\/wp-json\/wp\/v2\/product\/18982","targetHints":{"allow":["GET"]}}],"collection":[{"href":"https:\/\/aivlisoft.net\/shop\/wp-json\/wp\/v2\/product"}],"about":[{"href":"https:\/\/aivlisoft.net\/shop\/wp-json\/wp\/v2\/types\/product"}],"wp:featuredmedia":[{"embeddable":true,"href":"https:\/\/aivlisoft.net\/shop\/wp-json\/wp\/v2\/media\/18983"}],"wp:attachment":[{"href":"https:\/\/aivlisoft.net\/shop\/wp-json\/wp\/v2\/media?parent=18982"}],"wp:term":[{"taxonomy":"product_brand","embeddable":true,"href":"https:\/\/aivlisoft.net\/shop\/wp-json\/wp\/v2\/product_brand?post=18982"},{"taxonomy":"product_cat","embeddable":true,"href":"https:\/\/aivlisoft.net\/shop\/wp-json\/wp\/v2\/product_cat?post=18982"},{"taxonomy":"product_tag","embeddable":true,"href":"https:\/\/aivlisoft.net\/shop\/wp-json\/wp\/v2\/product_tag?post=18982"}],"curies":[{"name":"wp","href":"https:\/\/api.w.org\/{rel}","templated":true}]}}