{"id":18977,"date":"2025-01-13T15:27:42","date_gmt":"2025-01-13T15:27:42","guid":{"rendered":"https:\/\/aivlisoft.com\/?post_type=product&#038;p=18977"},"modified":"2025-01-14T20:00:05","modified_gmt":"2025-01-14T20:00:05","slug":"fritz-box7590-router-ac1750","status":"publish","type":"product","link":"https:\/\/aivlisoft.net\/shop\/producto\/fritz-box7590-router-ac1750\/","title":{"rendered":"FRITZ! Box7590 Router AC1750"},"content":{"rendered":"<p><strong>Todo a bordo de nuestro buque insignia<\/strong><br \/>Descubra el nuevo dise&ntilde;o de nuestro modelo superior, el FRITZ!Box 7590. La red inal&aacute;mbrica de alta velocidad con MIMO multiusuario proporciona un alcance y una velocidad a&uacute;n mayores. La arquitectura moderna del hardware y los puertos r&aacute;pidos hacen del 7590 un experto en la red dom&eacute;stica.<br \/>&nbsp;<\/p>\n<table class=\"tabla_caracteristicas k-table\" width=\"100%\">\n<tr>\n<td><strong>Marca<\/strong><\/td>\n<td>Fritz!<\/td>\n<\/tr>\n<tr>\n<td><strong>Modelo<\/strong><\/td>\n<td><strong>20002804<\/strong><\/td>\n<\/tr>\n<tr>\n<td><strong>Conexiones<\/strong><\/td>\n<td>&#8211; 4 x Gigabit Ethernet (10\/100\/1000 Base-T).<br \/>\t\t\t&#8211; 1 x WAN Gigabit para conexiones con un terminal de fibra &oacute;ptica, m&oacute;dem DSL, cablem&oacute;dem o red.<br \/>\t\t\t&#8211; 2 x USB 3.0 para conectar un dispositivo de almacenamiento o una impresora.<br \/>\t\t\t&#8211; Para la conexi&oacute;n VDSL o ADSL.<br \/>\t\t\t&#8211; Red telef&oacute;nica anal&oacute;gica o RDSI seg&uacute;n 1TR112\/U-R2.<br \/>\t\t\t&#8211; Compatible con conexiones en el Annex J.<br \/>\t\t\t&#8211; Punto de acceso inal&aacute;mbrico IEEE 802.11ac, n, g, a.<br \/>\t\t\t&#8211; Base DECT hasta para seis tel&eacute;fonos.<br \/>\t\t\t&#8211; Bus RDSI S0 para utilizar tel&eacute;fonos RDSI o centralitas tambi&eacute;n en conexiones basadas en IP.<br \/>\t\t\t&#8211; 2 puertos a\/b para dispositivos telef&oacute;nicos anal&oacute;gicos, como tel&eacute;fonos, contestador y fax.<\/td>\n<\/tr>\n<tr>\n<td><strong>Internet<\/strong><\/td>\n<td>&#8211; Router ADSL con cortafuegos\/NAT, servidor DHCP, Cliente DynDNS, UPnP AV.<br \/>\t\t\t&#8211; Puerto VDSL o ADSL con l&iacute;nea telef&oacute;nica fija anal&oacute;gica o RDSI opcional seg&uacute;n 1TR112\/U-R2.<br \/>\t\t\t&#8211; Soporta conexiones VDSL con 300 Mbps incluyendo supervectoring.<br \/>\t\t\t&#8211; Aprovechamiento de las conexiones a Internet existentes a trav&eacute;s de LAN y WiFi.<br \/>\t\t\t&#8211; Funcionamiento como router, incluso con cablem&oacute;dem, terminal de fibra &oacute;ptica o un m&oacute;dem USB (4G\/3G\/2G).<br \/>\t\t\t&#8211; Soporta IPv6 para Internet, red dom&eacute;stica y telefon&iacute;a.<br \/>\t\t\t&#8211; Cortafuegos de inspecci&oacute;n activa de paquetes (SPI, Stateful Packet Inspection) que permite el redireccionamiento de puertos, para navegar de forma segura en Internet.<br \/>\t\t\t&#8211; Acceso remoto seguro a trav&eacute;s de Internet con VPN (IPSec).<\/td>\n<\/tr>\n<tr>\n<td><strong>WiFi<\/strong><\/td>\n<td>&#8211; 4 puertos WiFi AC + N con MIMO multiusuario.<br \/>\t\t\t&#8211; WiFi AC (hasta 1.733 Mbps brutos; 5 GHz) y N (hasta 800 Mbps brutos; 2,4 GHz).<br \/>\t\t\t&#8211; Ampliar la red dom&eacute;stica con WiFi Mesh: combinando f&aacute;cilmente varios puntos de acceso WiFi en un solo sistema inteligente (a partir del FRITZ!OS 6.90)<br \/>\t\t\t&#8211; Compatible con WiFi 802.11g, a.<br \/>\t\t\t&#8211; Seguridad gracias al cifrado WPA2 activado de f&aacute;brica.<br \/>\t\t\t&#8211; Tecnolog&iacute;a &quot;AVM Stick &amp; Surf&quot;: navegar segura y c&oacute;modamente en Internet sin cables.<br \/>\t\t\t&#8211; Podr&aacute; encender o apagar manualmente la red WiFi o los tel&eacute;fonos conectados con solo pulsar un bot&oacute;n.<br \/>\t\t\t&#8211; Wi-Fi Protected Setup (WPS).<br \/>\t\t\t&#8211; Acceso de invitados a la red inal&aacute;mbrica; m&aacute;xima seguridad para sus amigos e invitados al navegar en Internet.<br \/>\t\t\t&#8211; Ampliaci&oacute;n del alcance de la red inal&aacute;mbrica con la funci&oacute;n de repetidor.<br \/>\t\t\t&#8211; Canal WiFi autom&aacute;tico: b&uacute;squeda autom&aacute;tica de un canal inal&aacute;mbrico sin interferencias.<br \/>\t\t\t&#8211; Modo WiFi Eco para conseguir el mejor rendimiento con el menor consumo de energ&iacute;a.<\/td>\n<\/tr>\n<tr>\n<td><strong>Otras Caracteristicas<\/strong><\/td>\n<td>&#8211; Medidas (A x P x A): 250 x 48 x 185 mm.<br \/>\t\t\t&#8211; Capacidad promedio: 9-10 vatios.<\/td>\n<\/tr>\n<tr>\n<td><strong>Contenido<\/strong><\/td>\n<td>&#8211; FRITZ!Box 7590.<br \/>\t\t\t&#8211; Fuente de alimentaci&oacute;n con cable de 1,5 m.<br \/>\t\t\t&#8211; Cable LAN de 4 m.<br \/>\t\t\t&#8211; Cable LAN de 1,5 m.<br \/>\t\t\t&#8211; Gu&iacute;a r&aacute;pida de instalaci&oacute;n.<\/td>\n<\/tr>\n<tr>\n<td><strong>Fecha de revisi&oacute;n<\/strong><\/td>\n<td>24-05-2022 por MPM<\/td>\n<\/tr>\n<\/table>\n","protected":false},"excerpt":{"rendered":"<p>Todo a bordo de nuestro buque insigniaDescubra el nuevo dise&ntilde;o de nuestro modelo superior, el FRITZ!Box 7590. La red inal&aacute;mbrica de alta velocidad con MIMO multiusuario proporciona un alcance y una velocidad a&uacute;n mayores. La arquitectura moderna del hardware y los puertos r&aacute;pidos hacen del 7590 un experto en la red dom&eacute;stica.&nbsp; Marca Fritz! Modelo&hellip;&nbsp;<a href=\"https:\/\/aivlisoft.net\/shop\/producto\/fritz-box7590-router-ac1750\/\" rel=\"bookmark\"><span class=\"screen-reader-text\">FRITZ! Box7590 Router AC1750<\/span><\/a><\/p>\n","protected":false},"featured_media":18978,"template":"","meta":{"neve_meta_sidebar":"","neve_meta_container":"","neve_meta_enable_content_width":"","neve_meta_content_width":0,"neve_meta_title_alignment":"","neve_meta_author_avatar":"","neve_post_elements_order":"","neve_meta_disable_header":"","neve_meta_disable_footer":"","neve_meta_disable_title":""},"product_brand":[],"product_cat":[15,8768,6832],"product_tag":[6890],"class_list":{"0":"post-18977","1":"product","2":"type-product","3":"status-publish","4":"has-post-thumbnail","6":"product_cat-sin-categorizar","7":"product_cat-routers-adsl","8":"product_cat-routers-modems","9":"product_tag-6890","11":"first","12":"instock","13":"taxable","14":"shipping-taxable","15":"purchasable","16":"product-type-simple"},"yoast_head":"<!-- This site is optimized with the Yoast SEO plugin v26.0 - https:\/\/yoast.com\/wordpress\/plugins\/seo\/ -->\n<title>FRITZ! Box7590 Router AC1750 - Aivlisoft Inform\u00e1tica<\/title>\n<meta name=\"robots\" content=\"index, follow, max-snippet:-1, max-image-preview:large, max-video-preview:-1\" \/>\n<link rel=\"canonical\" href=\"https:\/\/aivlisoft.net\/shop\/producto\/fritz-box7590-router-ac1750\/\" \/>\n<meta property=\"og:locale\" content=\"es_ES\" \/>\n<meta property=\"og:type\" content=\"article\" \/>\n<meta property=\"og:title\" content=\"FRITZ! Box7590 Router AC1750 - Aivlisoft Inform\u00e1tica\" \/>\n<meta property=\"og:description\" content=\"Todo a bordo de nuestro buque insigniaDescubra el nuevo dise&ntilde;o de nuestro modelo superior, el FRITZ!Box 7590. La red inal&aacute;mbrica de alta velocidad con MIMO multiusuario proporciona un alcance y una velocidad a&uacute;n mayores. La arquitectura moderna del hardware y los puertos r&aacute;pidos hacen del 7590 un experto en la red dom&eacute;stica.&nbsp; Marca Fritz! Modelo&hellip;&nbsp;FRITZ! Box7590 Router AC1750\" \/>\n<meta property=\"og:url\" content=\"https:\/\/aivlisoft.net\/shop\/producto\/fritz-box7590-router-ac1750\/\" \/>\n<meta property=\"og:site_name\" content=\"Aivlisoft Inform\u00e1tica\" \/>\n<meta property=\"article:modified_time\" content=\"2025-01-14T20:00:05+00:00\" \/>\n<meta property=\"og:image\" content=\"https:\/\/aivlisoft.net\/shop\/wp-content\/uploads\/2025\/01\/NROINA0252_800.jpg\" \/>\n\t<meta property=\"og:image:width\" content=\"800\" \/>\n\t<meta property=\"og:image:height\" content=\"800\" \/>\n\t<meta property=\"og:image:type\" content=\"image\/jpeg\" \/>\n<meta name=\"twitter:card\" content=\"summary_large_image\" \/>\n<meta name=\"twitter:label1\" content=\"Tiempo de lectura\" \/>\n\t<meta name=\"twitter:data1\" content=\"3 minutos\" \/>\n<script type=\"application\/ld+json\" class=\"yoast-schema-graph\">{\"@context\":\"https:\/\/schema.org\",\"@graph\":[{\"@type\":\"WebPage\",\"@id\":\"https:\/\/aivlisoft.net\/shop\/producto\/fritz-box7590-router-ac1750\/\",\"url\":\"https:\/\/aivlisoft.net\/shop\/producto\/fritz-box7590-router-ac1750\/\",\"name\":\"FRITZ! Box7590 Router AC1750 - Aivlisoft Inform\u00e1tica\",\"isPartOf\":{\"@id\":\"https:\/\/aivlisoft.net\/shop\/#website\"},\"primaryImageOfPage\":{\"@id\":\"https:\/\/aivlisoft.net\/shop\/producto\/fritz-box7590-router-ac1750\/#primaryimage\"},\"image\":{\"@id\":\"https:\/\/aivlisoft.net\/shop\/producto\/fritz-box7590-router-ac1750\/#primaryimage\"},\"thumbnailUrl\":\"https:\/\/aivlisoft.net\/shop\/wp-content\/uploads\/2025\/01\/NROINA0252_800.jpg\",\"datePublished\":\"2025-01-13T15:27:42+00:00\",\"dateModified\":\"2025-01-14T20:00:05+00:00\",\"breadcrumb\":{\"@id\":\"https:\/\/aivlisoft.net\/shop\/producto\/fritz-box7590-router-ac1750\/#breadcrumb\"},\"inLanguage\":\"es\",\"potentialAction\":[{\"@type\":\"ReadAction\",\"target\":[\"https:\/\/aivlisoft.net\/shop\/producto\/fritz-box7590-router-ac1750\/\"]}]},{\"@type\":\"ImageObject\",\"inLanguage\":\"es\",\"@id\":\"https:\/\/aivlisoft.net\/shop\/producto\/fritz-box7590-router-ac1750\/#primaryimage\",\"url\":\"https:\/\/aivlisoft.net\/shop\/wp-content\/uploads\/2025\/01\/NROINA0252_800.jpg\",\"contentUrl\":\"https:\/\/aivlisoft.net\/shop\/wp-content\/uploads\/2025\/01\/NROINA0252_800.jpg\",\"width\":800,\"height\":800},{\"@type\":\"BreadcrumbList\",\"@id\":\"https:\/\/aivlisoft.net\/shop\/producto\/fritz-box7590-router-ac1750\/#breadcrumb\",\"itemListElement\":[{\"@type\":\"ListItem\",\"position\":1,\"name\":\"Portada\",\"item\":\"https:\/\/aivlisoft.net\/shop\/\"},{\"@type\":\"ListItem\",\"position\":2,\"name\":\"Tienda\",\"item\":\"https:\/\/aivlisoft.net\/shop\/tienda\/\"},{\"@type\":\"ListItem\",\"position\":3,\"name\":\"FRITZ! Box7590 Router AC1750\"}]},{\"@type\":\"WebSite\",\"@id\":\"https:\/\/aivlisoft.net\/shop\/#website\",\"url\":\"https:\/\/aivlisoft.net\/shop\/\",\"name\":\"Aivlisoft Inform\u00e1tica\",\"description\":\"En Aivlisoft Inform\u00e1tica ofrecemos soluciones tecnol\u00f3gicas para empresas: venta de ordenadores, consumibles, perif\u00e9ricos y m\u00e1s. Calidad, atenci\u00f3n personalizada y los mejores precios para tu negocio.\",\"publisher\":{\"@id\":\"https:\/\/aivlisoft.net\/shop\/#organization\"},\"potentialAction\":[{\"@type\":\"SearchAction\",\"target\":{\"@type\":\"EntryPoint\",\"urlTemplate\":\"https:\/\/aivlisoft.net\/shop\/?s={search_term_string}\"},\"query-input\":{\"@type\":\"PropertyValueSpecification\",\"valueRequired\":true,\"valueName\":\"search_term_string\"}}],\"inLanguage\":\"es\"},{\"@type\":\"Organization\",\"@id\":\"https:\/\/aivlisoft.net\/shop\/#organization\",\"name\":\"Aivlisoft Inform\u00e1tica\",\"url\":\"https:\/\/aivlisoft.net\/shop\/\",\"logo\":{\"@type\":\"ImageObject\",\"inLanguage\":\"es\",\"@id\":\"https:\/\/aivlisoft.net\/shop\/#\/schema\/logo\/image\/\",\"url\":\"https:\/\/aivlisoft.net\/shop\/wp-content\/uploads\/2024\/12\/removal.ai_5b848c54-0cdf-4140-95c5-c5536bb7573b-logodef.png\",\"contentUrl\":\"https:\/\/aivlisoft.net\/shop\/wp-content\/uploads\/2024\/12\/removal.ai_5b848c54-0cdf-4140-95c5-c5536bb7573b-logodef.png\",\"width\":484,\"height\":182,\"caption\":\"Aivlisoft Inform\u00e1tica\"},\"image\":{\"@id\":\"https:\/\/aivlisoft.net\/shop\/#\/schema\/logo\/image\/\"}}]}<\/script>\n<!-- \/ Yoast SEO plugin. -->","yoast_head_json":{"title":"FRITZ! Box7590 Router AC1750 - Aivlisoft Inform\u00e1tica","robots":{"index":"index","follow":"follow","max-snippet":"max-snippet:-1","max-image-preview":"max-image-preview:large","max-video-preview":"max-video-preview:-1"},"canonical":"https:\/\/aivlisoft.net\/shop\/producto\/fritz-box7590-router-ac1750\/","og_locale":"es_ES","og_type":"article","og_title":"FRITZ! Box7590 Router AC1750 - Aivlisoft Inform\u00e1tica","og_description":"Todo a bordo de nuestro buque insigniaDescubra el nuevo dise&ntilde;o de nuestro modelo superior, el FRITZ!Box 7590. La red inal&aacute;mbrica de alta velocidad con MIMO multiusuario proporciona un alcance y una velocidad a&uacute;n mayores. La arquitectura moderna del hardware y los puertos r&aacute;pidos hacen del 7590 un experto en la red dom&eacute;stica.&nbsp; Marca Fritz! Modelo&hellip;&nbsp;FRITZ! Box7590 Router AC1750","og_url":"https:\/\/aivlisoft.net\/shop\/producto\/fritz-box7590-router-ac1750\/","og_site_name":"Aivlisoft Inform\u00e1tica","article_modified_time":"2025-01-14T20:00:05+00:00","og_image":[{"width":800,"height":800,"url":"https:\/\/aivlisoft.net\/shop\/wp-content\/uploads\/2025\/01\/NROINA0252_800.jpg","type":"image\/jpeg"}],"twitter_card":"summary_large_image","twitter_misc":{"Tiempo de lectura":"3 minutos"},"schema":{"@context":"https:\/\/schema.org","@graph":[{"@type":"WebPage","@id":"https:\/\/aivlisoft.net\/shop\/producto\/fritz-box7590-router-ac1750\/","url":"https:\/\/aivlisoft.net\/shop\/producto\/fritz-box7590-router-ac1750\/","name":"FRITZ! Box7590 Router AC1750 - Aivlisoft Inform\u00e1tica","isPartOf":{"@id":"https:\/\/aivlisoft.net\/shop\/#website"},"primaryImageOfPage":{"@id":"https:\/\/aivlisoft.net\/shop\/producto\/fritz-box7590-router-ac1750\/#primaryimage"},"image":{"@id":"https:\/\/aivlisoft.net\/shop\/producto\/fritz-box7590-router-ac1750\/#primaryimage"},"thumbnailUrl":"https:\/\/aivlisoft.net\/shop\/wp-content\/uploads\/2025\/01\/NROINA0252_800.jpg","datePublished":"2025-01-13T15:27:42+00:00","dateModified":"2025-01-14T20:00:05+00:00","breadcrumb":{"@id":"https:\/\/aivlisoft.net\/shop\/producto\/fritz-box7590-router-ac1750\/#breadcrumb"},"inLanguage":"es","potentialAction":[{"@type":"ReadAction","target":["https:\/\/aivlisoft.net\/shop\/producto\/fritz-box7590-router-ac1750\/"]}]},{"@type":"ImageObject","inLanguage":"es","@id":"https:\/\/aivlisoft.net\/shop\/producto\/fritz-box7590-router-ac1750\/#primaryimage","url":"https:\/\/aivlisoft.net\/shop\/wp-content\/uploads\/2025\/01\/NROINA0252_800.jpg","contentUrl":"https:\/\/aivlisoft.net\/shop\/wp-content\/uploads\/2025\/01\/NROINA0252_800.jpg","width":800,"height":800},{"@type":"BreadcrumbList","@id":"https:\/\/aivlisoft.net\/shop\/producto\/fritz-box7590-router-ac1750\/#breadcrumb","itemListElement":[{"@type":"ListItem","position":1,"name":"Portada","item":"https:\/\/aivlisoft.net\/shop\/"},{"@type":"ListItem","position":2,"name":"Tienda","item":"https:\/\/aivlisoft.net\/shop\/tienda\/"},{"@type":"ListItem","position":3,"name":"FRITZ! Box7590 Router AC1750"}]},{"@type":"WebSite","@id":"https:\/\/aivlisoft.net\/shop\/#website","url":"https:\/\/aivlisoft.net\/shop\/","name":"Aivlisoft Inform\u00e1tica","description":"En Aivlisoft Inform\u00e1tica ofrecemos soluciones tecnol\u00f3gicas para empresas: venta de ordenadores, consumibles, perif\u00e9ricos y m\u00e1s. Calidad, atenci\u00f3n personalizada y los mejores precios para tu negocio.","publisher":{"@id":"https:\/\/aivlisoft.net\/shop\/#organization"},"potentialAction":[{"@type":"SearchAction","target":{"@type":"EntryPoint","urlTemplate":"https:\/\/aivlisoft.net\/shop\/?s={search_term_string}"},"query-input":{"@type":"PropertyValueSpecification","valueRequired":true,"valueName":"search_term_string"}}],"inLanguage":"es"},{"@type":"Organization","@id":"https:\/\/aivlisoft.net\/shop\/#organization","name":"Aivlisoft Inform\u00e1tica","url":"https:\/\/aivlisoft.net\/shop\/","logo":{"@type":"ImageObject","inLanguage":"es","@id":"https:\/\/aivlisoft.net\/shop\/#\/schema\/logo\/image\/","url":"https:\/\/aivlisoft.net\/shop\/wp-content\/uploads\/2024\/12\/removal.ai_5b848c54-0cdf-4140-95c5-c5536bb7573b-logodef.png","contentUrl":"https:\/\/aivlisoft.net\/shop\/wp-content\/uploads\/2024\/12\/removal.ai_5b848c54-0cdf-4140-95c5-c5536bb7573b-logodef.png","width":484,"height":182,"caption":"Aivlisoft Inform\u00e1tica"},"image":{"@id":"https:\/\/aivlisoft.net\/shop\/#\/schema\/logo\/image\/"}}]}},"_links":{"self":[{"href":"https:\/\/aivlisoft.net\/shop\/wp-json\/wp\/v2\/product\/18977","targetHints":{"allow":["GET"]}}],"collection":[{"href":"https:\/\/aivlisoft.net\/shop\/wp-json\/wp\/v2\/product"}],"about":[{"href":"https:\/\/aivlisoft.net\/shop\/wp-json\/wp\/v2\/types\/product"}],"wp:featuredmedia":[{"embeddable":true,"href":"https:\/\/aivlisoft.net\/shop\/wp-json\/wp\/v2\/media\/18978"}],"wp:attachment":[{"href":"https:\/\/aivlisoft.net\/shop\/wp-json\/wp\/v2\/media?parent=18977"}],"wp:term":[{"taxonomy":"product_brand","embeddable":true,"href":"https:\/\/aivlisoft.net\/shop\/wp-json\/wp\/v2\/product_brand?post=18977"},{"taxonomy":"product_cat","embeddable":true,"href":"https:\/\/aivlisoft.net\/shop\/wp-json\/wp\/v2\/product_cat?post=18977"},{"taxonomy":"product_tag","embeddable":true,"href":"https:\/\/aivlisoft.net\/shop\/wp-json\/wp\/v2\/product_tag?post=18977"}],"curies":[{"name":"wp","href":"https:\/\/api.w.org\/{rel}","templated":true}]}}