{"id":18972,"date":"2025-01-13T15:27:35","date_gmt":"2025-01-13T15:27:35","guid":{"rendered":"https:\/\/aivlisoft.com\/?post_type=product&#038;p=18972"},"modified":"2025-01-14T20:00:06","modified_gmt":"2025-01-14T20:00:06","slug":"fritz-box4040-router-ac860","status":"publish","type":"product","link":"https:\/\/aivlisoft.net\/shop\/producto\/fritz-box4040-router-ac860\/","title":{"rendered":"FRITZ! Box4040 Router AC860"},"content":{"rendered":"<p><strong>Un corredor de velocidad para la red dom&eacute;stica<\/strong><br \/>El 4040 combina el est&aacute;ndar WiFi AC de alta velocidad con el est&aacute;ndar WiFi N, para que las pel&iacute;culas, la m&uacute;sica y los datos se distribuyan de la mejor forma por todos los dispositivos de la red dom&eacute;stica. Las videoconsolas y los dispositivos de red, como el televisor o la impresora, se pueden conectar a trav&eacute;s de puertos LAN Gigabit de alta velocidad. Todo ello se completa con USB 3.0.<\/p>\n<p><strong>WiFi Mesh con FRITZ!<\/strong><br \/>Para garantizar que los v&iacute;deos, la m&uacute;sica y las fotos de la red dom&eacute;stica lleguen a la &uacute;ltima esquina de cada estancia, el FRITZ!Box 4040 utiliza WiFi Mesh. Los dispositivos FRITZ! trabajan en una sola red, intercambian informaci&oacute;n entre ellos y mejoran el rendimiento de todos los dispositivos inal&aacute;mbricos.<br \/>Con Mesh puede disfrutar f&aacute;cilmente de navegaci&oacute;n, v&iacute;deo o juegos siempre con alta velocidad. &iexcl;TV en impresionante calidad HD y su m&uacute;sica favorita est&aacute;n ahora esper&aacute;ndole y no al rev&eacute;s!<\/p>\n<table class=\"tabla_caracteristicas k-table\" width=\"100%\">\n<tr>\n<td><strong>Marca<\/strong><\/td>\n<td>Fritz!<\/td>\n<\/tr>\n<tr>\n<td><strong>Modelo<\/strong><\/td>\n<td><strong>20002767<\/strong><\/td>\n<\/tr>\n<tr>\n<td><strong>Conexiones<\/strong><\/td>\n<td>&#8211; Punto de acceso inal&aacute;mbrico IEEE 802.11ac, n, g, a.<br \/>\t\t\t&#8211; 4 x Gigabit Ethernet (10\/100\/1.000 Base-T).<br \/>\t\t\t&#8211; 1 x WAN Gigabit.<br \/>\t\t\t&#8211; 1 x USB 3.0 y 1 puerto USB 2.0 para conectar un dispositivo de almacenamiento o una impresora.<\/td>\n<\/tr>\n<tr>\n<td><strong>Internet<\/strong><\/td>\n<td>&#8211; Router WiFi para conexiones con una terminal de fibra &oacute;ptica, m&oacute;dem DSL o cable m&oacute;dem o con un m&oacute;dem 2G\/3G\/4G.<br \/>\t\t\t&#8211; Aprovechamiento de las conexiones a Internet existentes a trav&eacute;s de LAN y WiFi.<br \/>\t\t\t&#8211; Soporta IPv6.<br \/>\t\t\t&#8211; Cortafuegos de inspecci&oacute;n activa de paquetes (SPI, Stateful Packet Inspection) y activaci&oacute;n y redireccionamiento de puertos.<br \/>\t\t\t&#8211; Acceso remoto seguro a trav&eacute;s de Internet con VPN (IPSec).<\/td>\n<\/tr>\n<tr>\n<td><strong>WiFi<\/strong><\/td>\n<td>&#8211; WiFi AC (hasta 866 Mbps brutos; 5 GHz) y N (hasta 400 Mbps brutos; 2,4 GHz).<br \/>\t\t\t&#8211; Ampliar la red dom&eacute;stica con WiFi Mesh: combinando f&aacute;cilmente varios puntos de acceso WiFi en un solo sistema inteligente<br \/>\t\t\t&#8211; WiFi dual: uso simult&aacute;neo de las bandas de 5 y 2,4 GHz.<br \/>\t\t\t&#8211; Compatible con WiFi 802.11g y a.<br \/>\t\t\t&#8211; Seguridad gracias al cifrado WPA2 activado de f&aacute;brica, WPA3\/2 Transition Mode disponible adicionalmente.<br \/>\t\t\t&#8211; Tecnolog&iacute;a &quot;AVM Stick &amp; Surf&quot;: navegaci&oacute;n en Internet c&oacute;moda y segura sin cables.<br \/>\t\t\t&#8211; Bot&oacute;n &quot;WLAN&quot; (para encender o apagar manualmente la red inal&aacute;mbrica).<br \/>\t\t\t&#8211; Wi-Fi Protected Setup (WPS).<br \/>\t\t\t&#8211; Acceso de invitado a la red inal&aacute;mbrica; m&aacute;xima seguridad para sus amigos e invitados al navegar en Internet.<br \/>\t\t\t&#8211; Ampliaci&oacute;n del alcance de la red inal&aacute;mbrica con la funci&oacute;n de repetidor.<br \/>\t\t\t&#8211; Canal WiFi autom&aacute;tico: b&uacute;squeda autom&aacute;tica de un canal inal&aacute;mbrico sin interferencias.<br \/>\t\t\t&#8211; Modo WiFi Eco para conseguir el mejor rendimiento con el menor consumo de energ&iacute;a.<\/td>\n<\/tr>\n<tr>\n<td><strong>Otras Caracteristicas<\/strong><\/td>\n<td>&#8211; Medidas (A x P x A): 226 x 160 x 47 mm.<br \/>\t\t\t&#8211; Se puede fijar en la pared o dejarlo sobre una mesa.<br \/>\t\t\t&#8211; Consumo medio de energ&iacute;a: 3,5W &#8211; 7W.<\/td>\n<\/tr>\n<tr>\n<td><strong>Contenido<\/strong><\/td>\n<td>&#8211; FRITZ!Box 4040.<br \/>\t\t\t&#8211; Fuente de alimentaci&oacute;n con cable de 1,5 m.<br \/>\t\t\t&#8211; Cable de red.<br \/>\t\t\t&#8211; Gu&iacute;a r&aacute;pida de instalaci&oacute;n.<\/td>\n<\/tr>\n<tr>\n<td><strong>Fecha de revisi&oacute;n<\/strong><\/td>\n<td>24-05-2022 por MPM<\/td>\n<\/tr>\n<\/table>\n","protected":false},"excerpt":{"rendered":"<p>Un corredor de velocidad para la red dom&eacute;sticaEl 4040 combina el est&aacute;ndar WiFi AC de alta velocidad con el est&aacute;ndar WiFi N, para que las pel&iacute;culas, la m&uacute;sica y los datos se distribuyan de la mejor forma por todos los dispositivos de la red dom&eacute;stica. Las videoconsolas y los dispositivos de red, como el televisor&hellip;&nbsp;<a href=\"https:\/\/aivlisoft.net\/shop\/producto\/fritz-box4040-router-ac860\/\" rel=\"bookmark\"><span class=\"screen-reader-text\">FRITZ! Box4040 Router AC860<\/span><\/a><\/p>\n","protected":false},"featured_media":18973,"template":"","meta":{"neve_meta_sidebar":"","neve_meta_container":"","neve_meta_enable_content_width":"","neve_meta_content_width":0,"neve_meta_title_alignment":"","neve_meta_author_avatar":"","neve_post_elements_order":"","neve_meta_disable_header":"","neve_meta_disable_footer":"","neve_meta_disable_title":""},"product_brand":[],"product_cat":[15,8768,6832],"product_tag":[6889],"class_list":{"0":"post-18972","1":"product","2":"type-product","3":"status-publish","4":"has-post-thumbnail","6":"product_cat-sin-categorizar","7":"product_cat-routers-adsl","8":"product_cat-routers-modems","9":"product_tag-6889","11":"first","12":"instock","13":"taxable","14":"shipping-taxable","15":"purchasable","16":"product-type-simple"},"yoast_head":"<!-- This site is optimized with the Yoast SEO plugin v26.0 - https:\/\/yoast.com\/wordpress\/plugins\/seo\/ -->\n<title>FRITZ! Box4040 Router AC860 - Aivlisoft Inform\u00e1tica<\/title>\n<meta name=\"robots\" content=\"index, follow, max-snippet:-1, max-image-preview:large, max-video-preview:-1\" \/>\n<link rel=\"canonical\" href=\"https:\/\/aivlisoft.net\/shop\/producto\/fritz-box4040-router-ac860\/\" \/>\n<meta property=\"og:locale\" content=\"es_ES\" \/>\n<meta property=\"og:type\" content=\"article\" \/>\n<meta property=\"og:title\" content=\"FRITZ! Box4040 Router AC860 - Aivlisoft Inform\u00e1tica\" \/>\n<meta property=\"og:description\" content=\"Un corredor de velocidad para la red dom&eacute;sticaEl 4040 combina el est&aacute;ndar WiFi AC de alta velocidad con el est&aacute;ndar WiFi N, para que las pel&iacute;culas, la m&uacute;sica y los datos se distribuyan de la mejor forma por todos los dispositivos de la red dom&eacute;stica. Las videoconsolas y los dispositivos de red, como el televisor&hellip;&nbsp;FRITZ! Box4040 Router AC860\" \/>\n<meta property=\"og:url\" content=\"https:\/\/aivlisoft.net\/shop\/producto\/fritz-box4040-router-ac860\/\" \/>\n<meta property=\"og:site_name\" content=\"Aivlisoft Inform\u00e1tica\" \/>\n<meta property=\"article:modified_time\" content=\"2025-01-14T20:00:06+00:00\" \/>\n<meta property=\"og:image\" content=\"https:\/\/aivlisoft.net\/shop\/wp-content\/uploads\/2025\/01\/NROINA0250_800.jpg\" \/>\n\t<meta property=\"og:image:width\" content=\"800\" \/>\n\t<meta property=\"og:image:height\" content=\"800\" \/>\n\t<meta property=\"og:image:type\" content=\"image\/jpeg\" \/>\n<meta name=\"twitter:card\" content=\"summary_large_image\" \/>\n<meta name=\"twitter:label1\" content=\"Tiempo de lectura\" \/>\n\t<meta name=\"twitter:data1\" content=\"3 minutos\" \/>\n<script type=\"application\/ld+json\" class=\"yoast-schema-graph\">{\"@context\":\"https:\/\/schema.org\",\"@graph\":[{\"@type\":\"WebPage\",\"@id\":\"https:\/\/aivlisoft.net\/shop\/producto\/fritz-box4040-router-ac860\/\",\"url\":\"https:\/\/aivlisoft.net\/shop\/producto\/fritz-box4040-router-ac860\/\",\"name\":\"FRITZ! Box4040 Router AC860 - Aivlisoft Inform\u00e1tica\",\"isPartOf\":{\"@id\":\"https:\/\/aivlisoft.net\/shop\/#website\"},\"primaryImageOfPage\":{\"@id\":\"https:\/\/aivlisoft.net\/shop\/producto\/fritz-box4040-router-ac860\/#primaryimage\"},\"image\":{\"@id\":\"https:\/\/aivlisoft.net\/shop\/producto\/fritz-box4040-router-ac860\/#primaryimage\"},\"thumbnailUrl\":\"https:\/\/aivlisoft.net\/shop\/wp-content\/uploads\/2025\/01\/NROINA0250_800.jpg\",\"datePublished\":\"2025-01-13T15:27:35+00:00\",\"dateModified\":\"2025-01-14T20:00:06+00:00\",\"breadcrumb\":{\"@id\":\"https:\/\/aivlisoft.net\/shop\/producto\/fritz-box4040-router-ac860\/#breadcrumb\"},\"inLanguage\":\"es\",\"potentialAction\":[{\"@type\":\"ReadAction\",\"target\":[\"https:\/\/aivlisoft.net\/shop\/producto\/fritz-box4040-router-ac860\/\"]}]},{\"@type\":\"ImageObject\",\"inLanguage\":\"es\",\"@id\":\"https:\/\/aivlisoft.net\/shop\/producto\/fritz-box4040-router-ac860\/#primaryimage\",\"url\":\"https:\/\/aivlisoft.net\/shop\/wp-content\/uploads\/2025\/01\/NROINA0250_800.jpg\",\"contentUrl\":\"https:\/\/aivlisoft.net\/shop\/wp-content\/uploads\/2025\/01\/NROINA0250_800.jpg\",\"width\":800,\"height\":800},{\"@type\":\"BreadcrumbList\",\"@id\":\"https:\/\/aivlisoft.net\/shop\/producto\/fritz-box4040-router-ac860\/#breadcrumb\",\"itemListElement\":[{\"@type\":\"ListItem\",\"position\":1,\"name\":\"Portada\",\"item\":\"https:\/\/aivlisoft.net\/shop\/\"},{\"@type\":\"ListItem\",\"position\":2,\"name\":\"Tienda\",\"item\":\"https:\/\/aivlisoft.net\/shop\/tienda\/\"},{\"@type\":\"ListItem\",\"position\":3,\"name\":\"FRITZ! Box4040 Router AC860\"}]},{\"@type\":\"WebSite\",\"@id\":\"https:\/\/aivlisoft.net\/shop\/#website\",\"url\":\"https:\/\/aivlisoft.net\/shop\/\",\"name\":\"Aivlisoft Inform\u00e1tica\",\"description\":\"En Aivlisoft Inform\u00e1tica ofrecemos soluciones tecnol\u00f3gicas para empresas: venta de ordenadores, consumibles, perif\u00e9ricos y m\u00e1s. Calidad, atenci\u00f3n personalizada y los mejores precios para tu negocio.\",\"publisher\":{\"@id\":\"https:\/\/aivlisoft.net\/shop\/#organization\"},\"potentialAction\":[{\"@type\":\"SearchAction\",\"target\":{\"@type\":\"EntryPoint\",\"urlTemplate\":\"https:\/\/aivlisoft.net\/shop\/?s={search_term_string}\"},\"query-input\":{\"@type\":\"PropertyValueSpecification\",\"valueRequired\":true,\"valueName\":\"search_term_string\"}}],\"inLanguage\":\"es\"},{\"@type\":\"Organization\",\"@id\":\"https:\/\/aivlisoft.net\/shop\/#organization\",\"name\":\"Aivlisoft Inform\u00e1tica\",\"url\":\"https:\/\/aivlisoft.net\/shop\/\",\"logo\":{\"@type\":\"ImageObject\",\"inLanguage\":\"es\",\"@id\":\"https:\/\/aivlisoft.net\/shop\/#\/schema\/logo\/image\/\",\"url\":\"https:\/\/aivlisoft.net\/shop\/wp-content\/uploads\/2024\/12\/removal.ai_5b848c54-0cdf-4140-95c5-c5536bb7573b-logodef.png\",\"contentUrl\":\"https:\/\/aivlisoft.net\/shop\/wp-content\/uploads\/2024\/12\/removal.ai_5b848c54-0cdf-4140-95c5-c5536bb7573b-logodef.png\",\"width\":484,\"height\":182,\"caption\":\"Aivlisoft Inform\u00e1tica\"},\"image\":{\"@id\":\"https:\/\/aivlisoft.net\/shop\/#\/schema\/logo\/image\/\"}}]}<\/script>\n<!-- \/ Yoast SEO plugin. -->","yoast_head_json":{"title":"FRITZ! Box4040 Router AC860 - Aivlisoft Inform\u00e1tica","robots":{"index":"index","follow":"follow","max-snippet":"max-snippet:-1","max-image-preview":"max-image-preview:large","max-video-preview":"max-video-preview:-1"},"canonical":"https:\/\/aivlisoft.net\/shop\/producto\/fritz-box4040-router-ac860\/","og_locale":"es_ES","og_type":"article","og_title":"FRITZ! Box4040 Router AC860 - Aivlisoft Inform\u00e1tica","og_description":"Un corredor de velocidad para la red dom&eacute;sticaEl 4040 combina el est&aacute;ndar WiFi AC de alta velocidad con el est&aacute;ndar WiFi N, para que las pel&iacute;culas, la m&uacute;sica y los datos se distribuyan de la mejor forma por todos los dispositivos de la red dom&eacute;stica. Las videoconsolas y los dispositivos de red, como el televisor&hellip;&nbsp;FRITZ! Box4040 Router AC860","og_url":"https:\/\/aivlisoft.net\/shop\/producto\/fritz-box4040-router-ac860\/","og_site_name":"Aivlisoft Inform\u00e1tica","article_modified_time":"2025-01-14T20:00:06+00:00","og_image":[{"width":800,"height":800,"url":"https:\/\/aivlisoft.net\/shop\/wp-content\/uploads\/2025\/01\/NROINA0250_800.jpg","type":"image\/jpeg"}],"twitter_card":"summary_large_image","twitter_misc":{"Tiempo de lectura":"3 minutos"},"schema":{"@context":"https:\/\/schema.org","@graph":[{"@type":"WebPage","@id":"https:\/\/aivlisoft.net\/shop\/producto\/fritz-box4040-router-ac860\/","url":"https:\/\/aivlisoft.net\/shop\/producto\/fritz-box4040-router-ac860\/","name":"FRITZ! Box4040 Router AC860 - Aivlisoft Inform\u00e1tica","isPartOf":{"@id":"https:\/\/aivlisoft.net\/shop\/#website"},"primaryImageOfPage":{"@id":"https:\/\/aivlisoft.net\/shop\/producto\/fritz-box4040-router-ac860\/#primaryimage"},"image":{"@id":"https:\/\/aivlisoft.net\/shop\/producto\/fritz-box4040-router-ac860\/#primaryimage"},"thumbnailUrl":"https:\/\/aivlisoft.net\/shop\/wp-content\/uploads\/2025\/01\/NROINA0250_800.jpg","datePublished":"2025-01-13T15:27:35+00:00","dateModified":"2025-01-14T20:00:06+00:00","breadcrumb":{"@id":"https:\/\/aivlisoft.net\/shop\/producto\/fritz-box4040-router-ac860\/#breadcrumb"},"inLanguage":"es","potentialAction":[{"@type":"ReadAction","target":["https:\/\/aivlisoft.net\/shop\/producto\/fritz-box4040-router-ac860\/"]}]},{"@type":"ImageObject","inLanguage":"es","@id":"https:\/\/aivlisoft.net\/shop\/producto\/fritz-box4040-router-ac860\/#primaryimage","url":"https:\/\/aivlisoft.net\/shop\/wp-content\/uploads\/2025\/01\/NROINA0250_800.jpg","contentUrl":"https:\/\/aivlisoft.net\/shop\/wp-content\/uploads\/2025\/01\/NROINA0250_800.jpg","width":800,"height":800},{"@type":"BreadcrumbList","@id":"https:\/\/aivlisoft.net\/shop\/producto\/fritz-box4040-router-ac860\/#breadcrumb","itemListElement":[{"@type":"ListItem","position":1,"name":"Portada","item":"https:\/\/aivlisoft.net\/shop\/"},{"@type":"ListItem","position":2,"name":"Tienda","item":"https:\/\/aivlisoft.net\/shop\/tienda\/"},{"@type":"ListItem","position":3,"name":"FRITZ! Box4040 Router AC860"}]},{"@type":"WebSite","@id":"https:\/\/aivlisoft.net\/shop\/#website","url":"https:\/\/aivlisoft.net\/shop\/","name":"Aivlisoft Inform\u00e1tica","description":"En Aivlisoft Inform\u00e1tica ofrecemos soluciones tecnol\u00f3gicas para empresas: venta de ordenadores, consumibles, perif\u00e9ricos y m\u00e1s. Calidad, atenci\u00f3n personalizada y los mejores precios para tu negocio.","publisher":{"@id":"https:\/\/aivlisoft.net\/shop\/#organization"},"potentialAction":[{"@type":"SearchAction","target":{"@type":"EntryPoint","urlTemplate":"https:\/\/aivlisoft.net\/shop\/?s={search_term_string}"},"query-input":{"@type":"PropertyValueSpecification","valueRequired":true,"valueName":"search_term_string"}}],"inLanguage":"es"},{"@type":"Organization","@id":"https:\/\/aivlisoft.net\/shop\/#organization","name":"Aivlisoft Inform\u00e1tica","url":"https:\/\/aivlisoft.net\/shop\/","logo":{"@type":"ImageObject","inLanguage":"es","@id":"https:\/\/aivlisoft.net\/shop\/#\/schema\/logo\/image\/","url":"https:\/\/aivlisoft.net\/shop\/wp-content\/uploads\/2024\/12\/removal.ai_5b848c54-0cdf-4140-95c5-c5536bb7573b-logodef.png","contentUrl":"https:\/\/aivlisoft.net\/shop\/wp-content\/uploads\/2024\/12\/removal.ai_5b848c54-0cdf-4140-95c5-c5536bb7573b-logodef.png","width":484,"height":182,"caption":"Aivlisoft Inform\u00e1tica"},"image":{"@id":"https:\/\/aivlisoft.net\/shop\/#\/schema\/logo\/image\/"}}]}},"_links":{"self":[{"href":"https:\/\/aivlisoft.net\/shop\/wp-json\/wp\/v2\/product\/18972","targetHints":{"allow":["GET"]}}],"collection":[{"href":"https:\/\/aivlisoft.net\/shop\/wp-json\/wp\/v2\/product"}],"about":[{"href":"https:\/\/aivlisoft.net\/shop\/wp-json\/wp\/v2\/types\/product"}],"wp:featuredmedia":[{"embeddable":true,"href":"https:\/\/aivlisoft.net\/shop\/wp-json\/wp\/v2\/media\/18973"}],"wp:attachment":[{"href":"https:\/\/aivlisoft.net\/shop\/wp-json\/wp\/v2\/media?parent=18972"}],"wp:term":[{"taxonomy":"product_brand","embeddable":true,"href":"https:\/\/aivlisoft.net\/shop\/wp-json\/wp\/v2\/product_brand?post=18972"},{"taxonomy":"product_cat","embeddable":true,"href":"https:\/\/aivlisoft.net\/shop\/wp-json\/wp\/v2\/product_cat?post=18972"},{"taxonomy":"product_tag","embeddable":true,"href":"https:\/\/aivlisoft.net\/shop\/wp-json\/wp\/v2\/product_tag?post=18972"}],"curies":[{"name":"wp","href":"https:\/\/api.w.org\/{rel}","templated":true}]}}