{"id":18967,"date":"2025-01-13T15:27:32","date_gmt":"2025-01-13T15:27:32","guid":{"rendered":"https:\/\/aivlisoft.com\/?post_type=product&#038;p=18967"},"modified":"2025-01-14T20:00:07","modified_gmt":"2025-01-14T20:00:07","slug":"edimax-br-6428ns-v5-router-wifi-n300-4en1","status":"publish","type":"product","link":"https:\/\/aivlisoft.net\/shop\/producto\/edimax-br-6428ns-v5-router-wifi-n300-4en1\/","title":{"rendered":"Edimax BR-6428NS V5 Router WiFi N300 4en1"},"content":{"rendered":"<p><\/p>\n<table class=\"tabla_caracteristicas k-table\" width=\"100%\">\n<tbody>\n<tr>\n<td valign=\"top\"><strong>Marca<\/strong><\/td>\n<td>Edimax<\/td>\n<\/tr>\n<tr>\n<td valign=\"top\"><strong>Modelo<\/strong><\/td>\n<td valign=\"top\"><strong>BR-6428NS V5<\/strong><\/td>\n<\/tr>\n<tr>\n<td valign=\"top\"><strong>Inal&aacute;mbrico<\/strong><\/td>\n<td>&#8211; Normas: 802.11 b\/g\/n<br \/>&#8211; Frecuencia: 2.4GHz<br \/>&#8211; Velocidad m&aacute;xima de datos: 2.4GHz: 300Mbps<br \/>&#8211; Recibir sensibilidad:<br \/>&nbsp; 2.4GHz:<br \/>&nbsp; 11g (11Mbps): -79 &plusmn; 2dBm,<br \/>&nbsp; 11g (54Mbps): -68 &plusmn; 2dBm<br \/>&nbsp; 11n (20MHz, MCS7): -67 &plusmn; 2dBm,<br \/>&nbsp; 11n (40MHz, MCS7): -64 &plusmn; 2dBm<br \/>&#8211; Potencia de transmisi&oacute;n: 11n: 16dBm &plusmn; 1dBm, 11g: 17dbm &plusmn; 1dBm<br \/>&#8211; Red de invitados: red de invitados de 2.4GHz &times; 1<br \/>&#8211; Seguridad: seguridad WEP, WPA, WPA2, WPA-PSK y WPA2-PSK<br \/>&nbsp; Configuraci&oacute;n de hardware y software WPS<\/td>\n<\/tr>\n<tr>\n<td valign=\"top\"><strong>Antenas<\/strong><\/td>\n<td>&#8211; 2 x Antenas<\/td>\n<\/tr>\n<tr>\n<td valign=\"top\"><strong>Interfaz<\/strong><\/td>\n<td>&#8211; 1 x RJ-45 10\/100Mbps puerto WAN<br \/>&#8211; 4 x RJ-45 10\/100Mbps puerto LAN<br \/>&#8211; Bot&oacute;n: WPS \/ Reset<br \/>&#8211; Indicador LED: Encendido, inal&aacute;mbrico, Internet, LNK \/ ACT para LAN, WPS<\/td>\n<\/tr>\n<tr>\n<td valign=\"top\"><strong>Caracter&iacute;sticas<\/strong><\/td>\n<td>&#8211; Memoria: 2 MB NOR Flash, 8 MB RAM.<br \/>&#8211; Adaptador de corriente: DC 9V \/ 0.4A<br \/>&#8211; Dimensiones(An x Prof x Alt): 153.8 x 107 x 25 mm<br \/>&#8211; Peso: 150 g<br \/><strong>Funciones de software<\/strong><br \/>&#8211; Gesti&oacute;n: interfaz de usuario multi-idioma<br \/>&nbsp; Gesti&oacute;n remota, control de acceso.<br \/>&nbsp; Estado del sistema y registro de seguridad<br \/>&nbsp; Firmware actualizable<br \/>&nbsp; Configuraci&oacute;n inteligente, no requiere CD<br \/>&#8211; WAN: Protocolo: IP din&aacute;mica, IP est&aacute;tica, PPPoE<br \/>&nbsp; Soporta cable RJ-45<br \/>&#8211; Reenv&iacute;o de puertos: servidor virtual, activaci&oacute;n de puertos, UPnP, DMZ<br \/>&#8211; DHCP: Servidor, Cliente, Lista de clientes DHCP, Reserva de direcciones<br \/>&#8211; DNS din&aacute;mico: DynDns<br \/>&#8211; Control de acceso: Control de ancho de banda, Lista de hosts, Programaci&oacute;n de acceso<br \/>&#8211; Seguridad de firewall: SPI Firewall, enlace de direcciones IP y MAC, filtrado de MAC inal&aacute;mbrico<br \/>&#8211; Protocolos: Soporta IPv4<br \/>&#8211; Red de invitados: red de invitados de 2.4GHz x 1<br \/>&#8211; Modo de operaci&oacute;n: Enrutador Wi-Fi, Punto de acceso, Extensor de rango, WISP<br \/><strong>Otras<\/strong><br \/>&#8211; Certificaci&oacute;n: CE, RoHS<br \/>&#8211; Condicion ambiental:<br \/>&nbsp; Humedad de funcionamiento: 10 &#8211; 90% (sin condensaci&oacute;n)<br \/>&nbsp; Temperatura de funcionamiento: 32 &#8211; 104 &deg; F (0 &#8211; 40 &deg; C)<\/td>\n<\/tr>\n<tr>\n<td valign=\"top\"><strong>Fecha Revisi&oacute;n<\/strong><\/td>\n<td>21-03-2019 por MSB<\/td>\n<\/tr>\n<\/tbody>\n<\/table>\n","protected":false},"excerpt":{"rendered":"<p>Marca Edimax Modelo BR-6428NS V5 Inal&aacute;mbrico &#8211; Normas: 802.11 b\/g\/n&#8211; Frecuencia: 2.4GHz&#8211; Velocidad m&aacute;xima de datos: 2.4GHz: 300Mbps&#8211; Recibir sensibilidad:&nbsp; 2.4GHz:&nbsp; 11g (11Mbps): -79 &plusmn; 2dBm,&nbsp; 11g (54Mbps): -68 &plusmn; 2dBm&nbsp; 11n (20MHz, MCS7): -67 &plusmn; 2dBm,&nbsp; 11n (40MHz, MCS7): -64 &plusmn; 2dBm&#8211; Potencia de transmisi&oacute;n: 11n: 16dBm &plusmn; 1dBm, 11g: 17dbm &plusmn; 1dBm&#8211; Red&hellip;&nbsp;<a href=\"https:\/\/aivlisoft.net\/shop\/producto\/edimax-br-6428ns-v5-router-wifi-n300-4en1\/\" rel=\"bookmark\"><span class=\"screen-reader-text\">Edimax BR-6428NS V5 Router WiFi N300 4en1<\/span><\/a><\/p>\n","protected":false},"featured_media":18968,"template":"","meta":{"neve_meta_sidebar":"","neve_meta_container":"","neve_meta_enable_content_width":"","neve_meta_content_width":0,"neve_meta_title_alignment":"","neve_meta_author_avatar":"","neve_post_elements_order":"","neve_meta_disable_header":"","neve_meta_disable_footer":"","neve_meta_disable_title":""},"product_brand":[],"product_cat":[15,8768,6832],"product_tag":[6888],"class_list":{"0":"post-18967","1":"product","2":"type-product","3":"status-publish","4":"has-post-thumbnail","6":"product_cat-sin-categorizar","7":"product_cat-routers-adsl","8":"product_cat-routers-modems","9":"product_tag-br-6428ns-v5","11":"first","12":"instock","13":"taxable","14":"shipping-taxable","15":"purchasable","16":"product-type-simple"},"yoast_head":"<!-- This site is optimized with the Yoast SEO plugin v26.0 - https:\/\/yoast.com\/wordpress\/plugins\/seo\/ -->\n<title>Edimax BR-6428NS V5 Router WiFi N300 4en1 - Aivlisoft Inform\u00e1tica<\/title>\n<meta name=\"robots\" content=\"index, follow, max-snippet:-1, max-image-preview:large, max-video-preview:-1\" \/>\n<link rel=\"canonical\" href=\"https:\/\/aivlisoft.net\/shop\/producto\/edimax-br-6428ns-v5-router-wifi-n300-4en1\/\" \/>\n<meta property=\"og:locale\" content=\"es_ES\" \/>\n<meta property=\"og:type\" content=\"article\" \/>\n<meta property=\"og:title\" content=\"Edimax BR-6428NS V5 Router WiFi N300 4en1 - Aivlisoft Inform\u00e1tica\" \/>\n<meta property=\"og:description\" content=\"Marca Edimax Modelo BR-6428NS V5 Inal&aacute;mbrico &#8211; Normas: 802.11 b\/g\/n&#8211; Frecuencia: 2.4GHz&#8211; Velocidad m&aacute;xima de datos: 2.4GHz: 300Mbps&#8211; Recibir sensibilidad:&nbsp; 2.4GHz:&nbsp; 11g (11Mbps): -79 &plusmn; 2dBm,&nbsp; 11g (54Mbps): -68 &plusmn; 2dBm&nbsp; 11n (20MHz, MCS7): -67 &plusmn; 2dBm,&nbsp; 11n (40MHz, MCS7): -64 &plusmn; 2dBm&#8211; Potencia de transmisi&oacute;n: 11n: 16dBm &plusmn; 1dBm, 11g: 17dbm &plusmn; 1dBm&#8211; Red&hellip;&nbsp;Edimax BR-6428NS V5 Router WiFi N300 4en1\" \/>\n<meta property=\"og:url\" content=\"https:\/\/aivlisoft.net\/shop\/producto\/edimax-br-6428ns-v5-router-wifi-n300-4en1\/\" \/>\n<meta property=\"og:site_name\" content=\"Aivlisoft Inform\u00e1tica\" \/>\n<meta property=\"article:modified_time\" content=\"2025-01-14T20:00:07+00:00\" \/>\n<meta property=\"og:image\" content=\"https:\/\/aivlisoft.net\/shop\/wp-content\/uploads\/2025\/01\/NROINA0249_800.jpg\" \/>\n\t<meta property=\"og:image:width\" content=\"800\" \/>\n\t<meta property=\"og:image:height\" content=\"800\" \/>\n\t<meta property=\"og:image:type\" content=\"image\/jpeg\" \/>\n<meta name=\"twitter:card\" content=\"summary_large_image\" \/>\n<meta name=\"twitter:label1\" content=\"Tiempo de lectura\" \/>\n\t<meta name=\"twitter:data1\" content=\"2 minutos\" \/>\n<script type=\"application\/ld+json\" class=\"yoast-schema-graph\">{\"@context\":\"https:\/\/schema.org\",\"@graph\":[{\"@type\":\"WebPage\",\"@id\":\"https:\/\/aivlisoft.net\/shop\/producto\/edimax-br-6428ns-v5-router-wifi-n300-4en1\/\",\"url\":\"https:\/\/aivlisoft.net\/shop\/producto\/edimax-br-6428ns-v5-router-wifi-n300-4en1\/\",\"name\":\"Edimax BR-6428NS V5 Router WiFi N300 4en1 - Aivlisoft Inform\u00e1tica\",\"isPartOf\":{\"@id\":\"https:\/\/aivlisoft.net\/shop\/#website\"},\"primaryImageOfPage\":{\"@id\":\"https:\/\/aivlisoft.net\/shop\/producto\/edimax-br-6428ns-v5-router-wifi-n300-4en1\/#primaryimage\"},\"image\":{\"@id\":\"https:\/\/aivlisoft.net\/shop\/producto\/edimax-br-6428ns-v5-router-wifi-n300-4en1\/#primaryimage\"},\"thumbnailUrl\":\"https:\/\/aivlisoft.net\/shop\/wp-content\/uploads\/2025\/01\/NROINA0249_800.jpg\",\"datePublished\":\"2025-01-13T15:27:32+00:00\",\"dateModified\":\"2025-01-14T20:00:07+00:00\",\"breadcrumb\":{\"@id\":\"https:\/\/aivlisoft.net\/shop\/producto\/edimax-br-6428ns-v5-router-wifi-n300-4en1\/#breadcrumb\"},\"inLanguage\":\"es\",\"potentialAction\":[{\"@type\":\"ReadAction\",\"target\":[\"https:\/\/aivlisoft.net\/shop\/producto\/edimax-br-6428ns-v5-router-wifi-n300-4en1\/\"]}]},{\"@type\":\"ImageObject\",\"inLanguage\":\"es\",\"@id\":\"https:\/\/aivlisoft.net\/shop\/producto\/edimax-br-6428ns-v5-router-wifi-n300-4en1\/#primaryimage\",\"url\":\"https:\/\/aivlisoft.net\/shop\/wp-content\/uploads\/2025\/01\/NROINA0249_800.jpg\",\"contentUrl\":\"https:\/\/aivlisoft.net\/shop\/wp-content\/uploads\/2025\/01\/NROINA0249_800.jpg\",\"width\":800,\"height\":800},{\"@type\":\"BreadcrumbList\",\"@id\":\"https:\/\/aivlisoft.net\/shop\/producto\/edimax-br-6428ns-v5-router-wifi-n300-4en1\/#breadcrumb\",\"itemListElement\":[{\"@type\":\"ListItem\",\"position\":1,\"name\":\"Portada\",\"item\":\"https:\/\/aivlisoft.net\/shop\/\"},{\"@type\":\"ListItem\",\"position\":2,\"name\":\"Tienda\",\"item\":\"https:\/\/aivlisoft.net\/shop\/tienda\/\"},{\"@type\":\"ListItem\",\"position\":3,\"name\":\"Edimax BR-6428NS V5 Router WiFi N300 4en1\"}]},{\"@type\":\"WebSite\",\"@id\":\"https:\/\/aivlisoft.net\/shop\/#website\",\"url\":\"https:\/\/aivlisoft.net\/shop\/\",\"name\":\"Aivlisoft Inform\u00e1tica\",\"description\":\"En Aivlisoft Inform\u00e1tica ofrecemos soluciones tecnol\u00f3gicas para empresas: venta de ordenadores, consumibles, perif\u00e9ricos y m\u00e1s. Calidad, atenci\u00f3n personalizada y los mejores precios para tu negocio.\",\"publisher\":{\"@id\":\"https:\/\/aivlisoft.net\/shop\/#organization\"},\"potentialAction\":[{\"@type\":\"SearchAction\",\"target\":{\"@type\":\"EntryPoint\",\"urlTemplate\":\"https:\/\/aivlisoft.net\/shop\/?s={search_term_string}\"},\"query-input\":{\"@type\":\"PropertyValueSpecification\",\"valueRequired\":true,\"valueName\":\"search_term_string\"}}],\"inLanguage\":\"es\"},{\"@type\":\"Organization\",\"@id\":\"https:\/\/aivlisoft.net\/shop\/#organization\",\"name\":\"Aivlisoft Inform\u00e1tica\",\"url\":\"https:\/\/aivlisoft.net\/shop\/\",\"logo\":{\"@type\":\"ImageObject\",\"inLanguage\":\"es\",\"@id\":\"https:\/\/aivlisoft.net\/shop\/#\/schema\/logo\/image\/\",\"url\":\"https:\/\/aivlisoft.net\/shop\/wp-content\/uploads\/2024\/12\/removal.ai_5b848c54-0cdf-4140-95c5-c5536bb7573b-logodef.png\",\"contentUrl\":\"https:\/\/aivlisoft.net\/shop\/wp-content\/uploads\/2024\/12\/removal.ai_5b848c54-0cdf-4140-95c5-c5536bb7573b-logodef.png\",\"width\":484,\"height\":182,\"caption\":\"Aivlisoft Inform\u00e1tica\"},\"image\":{\"@id\":\"https:\/\/aivlisoft.net\/shop\/#\/schema\/logo\/image\/\"}}]}<\/script>\n<!-- \/ Yoast SEO plugin. -->","yoast_head_json":{"title":"Edimax BR-6428NS V5 Router WiFi N300 4en1 - Aivlisoft Inform\u00e1tica","robots":{"index":"index","follow":"follow","max-snippet":"max-snippet:-1","max-image-preview":"max-image-preview:large","max-video-preview":"max-video-preview:-1"},"canonical":"https:\/\/aivlisoft.net\/shop\/producto\/edimax-br-6428ns-v5-router-wifi-n300-4en1\/","og_locale":"es_ES","og_type":"article","og_title":"Edimax BR-6428NS V5 Router WiFi N300 4en1 - Aivlisoft Inform\u00e1tica","og_description":"Marca Edimax Modelo BR-6428NS V5 Inal&aacute;mbrico &#8211; Normas: 802.11 b\/g\/n&#8211; Frecuencia: 2.4GHz&#8211; Velocidad m&aacute;xima de datos: 2.4GHz: 300Mbps&#8211; Recibir sensibilidad:&nbsp; 2.4GHz:&nbsp; 11g (11Mbps): -79 &plusmn; 2dBm,&nbsp; 11g (54Mbps): -68 &plusmn; 2dBm&nbsp; 11n (20MHz, MCS7): -67 &plusmn; 2dBm,&nbsp; 11n (40MHz, MCS7): -64 &plusmn; 2dBm&#8211; Potencia de transmisi&oacute;n: 11n: 16dBm &plusmn; 1dBm, 11g: 17dbm &plusmn; 1dBm&#8211; Red&hellip;&nbsp;Edimax BR-6428NS V5 Router WiFi N300 4en1","og_url":"https:\/\/aivlisoft.net\/shop\/producto\/edimax-br-6428ns-v5-router-wifi-n300-4en1\/","og_site_name":"Aivlisoft Inform\u00e1tica","article_modified_time":"2025-01-14T20:00:07+00:00","og_image":[{"width":800,"height":800,"url":"https:\/\/aivlisoft.net\/shop\/wp-content\/uploads\/2025\/01\/NROINA0249_800.jpg","type":"image\/jpeg"}],"twitter_card":"summary_large_image","twitter_misc":{"Tiempo de lectura":"2 minutos"},"schema":{"@context":"https:\/\/schema.org","@graph":[{"@type":"WebPage","@id":"https:\/\/aivlisoft.net\/shop\/producto\/edimax-br-6428ns-v5-router-wifi-n300-4en1\/","url":"https:\/\/aivlisoft.net\/shop\/producto\/edimax-br-6428ns-v5-router-wifi-n300-4en1\/","name":"Edimax BR-6428NS V5 Router WiFi N300 4en1 - Aivlisoft Inform\u00e1tica","isPartOf":{"@id":"https:\/\/aivlisoft.net\/shop\/#website"},"primaryImageOfPage":{"@id":"https:\/\/aivlisoft.net\/shop\/producto\/edimax-br-6428ns-v5-router-wifi-n300-4en1\/#primaryimage"},"image":{"@id":"https:\/\/aivlisoft.net\/shop\/producto\/edimax-br-6428ns-v5-router-wifi-n300-4en1\/#primaryimage"},"thumbnailUrl":"https:\/\/aivlisoft.net\/shop\/wp-content\/uploads\/2025\/01\/NROINA0249_800.jpg","datePublished":"2025-01-13T15:27:32+00:00","dateModified":"2025-01-14T20:00:07+00:00","breadcrumb":{"@id":"https:\/\/aivlisoft.net\/shop\/producto\/edimax-br-6428ns-v5-router-wifi-n300-4en1\/#breadcrumb"},"inLanguage":"es","potentialAction":[{"@type":"ReadAction","target":["https:\/\/aivlisoft.net\/shop\/producto\/edimax-br-6428ns-v5-router-wifi-n300-4en1\/"]}]},{"@type":"ImageObject","inLanguage":"es","@id":"https:\/\/aivlisoft.net\/shop\/producto\/edimax-br-6428ns-v5-router-wifi-n300-4en1\/#primaryimage","url":"https:\/\/aivlisoft.net\/shop\/wp-content\/uploads\/2025\/01\/NROINA0249_800.jpg","contentUrl":"https:\/\/aivlisoft.net\/shop\/wp-content\/uploads\/2025\/01\/NROINA0249_800.jpg","width":800,"height":800},{"@type":"BreadcrumbList","@id":"https:\/\/aivlisoft.net\/shop\/producto\/edimax-br-6428ns-v5-router-wifi-n300-4en1\/#breadcrumb","itemListElement":[{"@type":"ListItem","position":1,"name":"Portada","item":"https:\/\/aivlisoft.net\/shop\/"},{"@type":"ListItem","position":2,"name":"Tienda","item":"https:\/\/aivlisoft.net\/shop\/tienda\/"},{"@type":"ListItem","position":3,"name":"Edimax BR-6428NS V5 Router WiFi N300 4en1"}]},{"@type":"WebSite","@id":"https:\/\/aivlisoft.net\/shop\/#website","url":"https:\/\/aivlisoft.net\/shop\/","name":"Aivlisoft Inform\u00e1tica","description":"En Aivlisoft Inform\u00e1tica ofrecemos soluciones tecnol\u00f3gicas para empresas: venta de ordenadores, consumibles, perif\u00e9ricos y m\u00e1s. Calidad, atenci\u00f3n personalizada y los mejores precios para tu negocio.","publisher":{"@id":"https:\/\/aivlisoft.net\/shop\/#organization"},"potentialAction":[{"@type":"SearchAction","target":{"@type":"EntryPoint","urlTemplate":"https:\/\/aivlisoft.net\/shop\/?s={search_term_string}"},"query-input":{"@type":"PropertyValueSpecification","valueRequired":true,"valueName":"search_term_string"}}],"inLanguage":"es"},{"@type":"Organization","@id":"https:\/\/aivlisoft.net\/shop\/#organization","name":"Aivlisoft Inform\u00e1tica","url":"https:\/\/aivlisoft.net\/shop\/","logo":{"@type":"ImageObject","inLanguage":"es","@id":"https:\/\/aivlisoft.net\/shop\/#\/schema\/logo\/image\/","url":"https:\/\/aivlisoft.net\/shop\/wp-content\/uploads\/2024\/12\/removal.ai_5b848c54-0cdf-4140-95c5-c5536bb7573b-logodef.png","contentUrl":"https:\/\/aivlisoft.net\/shop\/wp-content\/uploads\/2024\/12\/removal.ai_5b848c54-0cdf-4140-95c5-c5536bb7573b-logodef.png","width":484,"height":182,"caption":"Aivlisoft Inform\u00e1tica"},"image":{"@id":"https:\/\/aivlisoft.net\/shop\/#\/schema\/logo\/image\/"}}]}},"_links":{"self":[{"href":"https:\/\/aivlisoft.net\/shop\/wp-json\/wp\/v2\/product\/18967","targetHints":{"allow":["GET"]}}],"collection":[{"href":"https:\/\/aivlisoft.net\/shop\/wp-json\/wp\/v2\/product"}],"about":[{"href":"https:\/\/aivlisoft.net\/shop\/wp-json\/wp\/v2\/types\/product"}],"wp:featuredmedia":[{"embeddable":true,"href":"https:\/\/aivlisoft.net\/shop\/wp-json\/wp\/v2\/media\/18968"}],"wp:attachment":[{"href":"https:\/\/aivlisoft.net\/shop\/wp-json\/wp\/v2\/media?parent=18967"}],"wp:term":[{"taxonomy":"product_brand","embeddable":true,"href":"https:\/\/aivlisoft.net\/shop\/wp-json\/wp\/v2\/product_brand?post=18967"},{"taxonomy":"product_cat","embeddable":true,"href":"https:\/\/aivlisoft.net\/shop\/wp-json\/wp\/v2\/product_cat?post=18967"},{"taxonomy":"product_tag","embeddable":true,"href":"https:\/\/aivlisoft.net\/shop\/wp-json\/wp\/v2\/product_tag?post=18967"}],"curies":[{"name":"wp","href":"https:\/\/api.w.org\/{rel}","templated":true}]}}