{"id":18962,"date":"2025-01-13T15:27:30","date_gmt":"2025-01-13T15:27:30","guid":{"rendered":"https:\/\/aivlisoft.com\/?post_type=product&#038;p=18962"},"modified":"2025-01-14T20:00:07","modified_gmt":"2025-01-14T20:00:07","slug":"tp-link-tl-mr6400-router-4g-wifi-n300","status":"publish","type":"product","link":"https:\/\/aivlisoft.net\/shop\/producto\/tp-link-tl-mr6400-router-4g-wifi-n300\/","title":{"rendered":"TP-LINK TL-MR6400 Router 4G WiFi N300"},"content":{"rendered":"<p><strong>Comparte Tu Red 4G LTE<\/strong><br \/>Aprovecha al m&aacute;ximo la innovadora red 4G LTE con el TL-MR6400, y alcanza velocidades de descarga de hasta 150Mbps. El TL-MR6400 te permite compartir tu red 4G LTE con m&uacute;ltiples dispositivos Wi-Fi, as&iacute; podr&aacute;s disfrutar de pel&iacute;culas HD sin interrupciones, descarga r&aacute;pida de archivos y video chats fluidos.<\/p>\n<p><strong>Velocidad Inal&aacute;mbrica de 300Mbps<\/strong><br \/>El router 4G LTE proporciona la conexi&oacute;n Wi-Fi a 300Mbps necesaria para jugar online, streaming de video HD y descargas ultra r&aacute;pidas. Las antenas integradas te permiten disfrutar de conexiones inal&aacute;mbricas estables y excelente cobertura inal&aacute;mbrica.<\/p>\n<p><strong>No Requiere Configuraci&oacute;n<\/strong><br \/>Con un m&oacute;dem 4G LTE integrado y una ranura para tarjeta SIM incorporada, lo &uacute;nico que necesitas es insertar una tarjeta SIM y encender el router. Disfrutar de Wi-Fi veloz y estable en una red 4G LTE nunca fue tan f&aacute;cil.<\/p>\n<p><strong>Wi-Fi Donde M&aacute;s lo Necesitas<\/strong><br \/>El TL-MR6400 ofrece una practicidad y versatilidad inigualables. Es la soluci&oacute;n perfecta en cualquier situaci&oacute;n, tranquilamente en casa o trabajando en una ubicaci&oacute;n remota, sencillamente con&eacute;ctalo y aumenta al instante tu productividad permaneciendo conectado en una amplia variedad de entornos. Desde el evento de tu empresa hasta la casa de fin de semana, con el TL-MR6400 estar&aacute;s siempre conectado.<\/p>\n<p><strong>Puerto WAN de Backup para Estar Siempre Conectado<\/strong><br \/>Con la inclusi&oacute;n del puerto WAN\/LAN, el TL-MR6400 puede tambi&eacute;n soportar una amplia variedad de tipos de conexiones, incluyendo cable, fibra y m&oacute;dems DSL.<\/p>\n<table class=\"tabla_caracteristicas k-table\" width=\"100%\">\n<tbody>\n<tr>\n<td valign=\"top\"><strong>Marca<\/strong><\/td>\n<td>TP-Link<\/td>\n<\/tr>\n<tr>\n<td valign=\"top\"><strong>Modelo<\/strong><\/td>\n<td valign=\"top\"><strong>TL-MR6400<\/strong><\/td>\n<\/tr>\n<tr>\n<td valign=\"top\">\n<div><strong>Caracteristicas <\/strong><\/div>\n<div><strong>de hardware<\/strong><\/div>\n<\/td>\n<td>&#8211; Interfaz: 3 Puertos LAN 10\/100Mbps, 1 Puerto LAN\/WAN 10\/100Mbps y 1 Ranura para Tarjeta SIM<br \/>&#8211; Botones: Bot&oacute;n WPS\/Reset, Bot&oacute;n Wi-Fi On\/Off y Bot&oacute;n Power On\/Off<br \/>&#8211; Fuente de Alimentaci&oacute;n Externa: 12V\/1A<br \/>&#8211; Dimensiones: 202 x 141 x 33.6 mm. <br \/>&#8211; Tipo de Antena:<br \/>&nbsp; 2 Antenas Wi-Fi Internas y<br \/>&nbsp; 2 Antenas 4G LTE Externas Desmontables<\/td>\n<\/tr>\n<tr>\n<td valign=\"top\">\n<div><strong>Caracteristicas<\/strong><\/div>\n<div><strong>inalambricas<\/strong><\/div>\n<\/td>\n<td>&#8211; Est&aacute;ndares Inal&aacute;mbricos: IEEE 802.11b\/g\/n 2.4GHz<br \/>&#8211; Frecuencia: 2.4GHz<br \/>&#8211; Tasa de Se&ntilde;al: 300Mbps en 2.4GHz<br \/>&#8211; Sensibilidad de Recepci&oacute;n: <br \/>&nbsp; 11g 54M: -74dBm<br \/>&nbsp; 11n HT20: -71dBm<br \/>&nbsp; 11n HT40: -67dBm<br \/>&#8211; Potencia de Transmisi&oacute;n: CE: &lt;20dBm(2.4GHz)<br \/>&#8211; Funciones Inal&aacute;mbricas: Habilitar\/Deshabilitar la Emisi&oacute;n Inal&aacute;mbrica, WDS Bridge, WMM y Estad&iacute;sticas Inal&aacute;mbricas<br \/>&#8211; Seguridad Inal&aacute;mbrica: Encriptaciones 64\/128-bit WEP, WPA\/WPA2 y WPA-PSK\/WPA2-PSK<br \/>&#8211; Network Type (V2): <br \/>&nbsp; 4G: FDD-LTE B1\/B3\/B7\/B8\/B20 (2100\/1800\/2600\/900\/800MHz) TDD-LTE B38\/B40 (2600\/2300MHz)<br \/>&nbsp; 3G: DC-HSPA+\/HSPA+\/HSPA\/UMTS B1\/B8 (2100\/900MHz)<br \/>&nbsp; 2G: EDGE\/GPRS\/GSM Quad Band (850\/900\/1800\/1900MHz)<br \/>&#8211; Tipo de Red: <br \/>&nbsp; 4G: FDD-LTE B1\/B3\/B7\/B8\/B20 (2100\/1800\/2600\/900\/800MHz) TDD-LTE B38\/B40 (2600\/2300MHz)<br \/>&nbsp; 3G: DC-HSPA+\/HSPA+\/HSPA\/UMTS B1\/B8 (2100\/900MHz)<br \/>&nbsp; 2G: EDGE\/GPRS\/GSM Quad Band (850\/900\/1800\/1900MHz) <\/td>\n<\/tr>\n<tr>\n<td valign=\"top\">\n<div><strong>Caracteristicas <\/strong><\/div>\n<div><strong>de software<\/strong><\/div>\n<\/td>\n<td>&#8211; Calidad de Servicio: Control de Tr&aacute;fico(IP QoS)<br \/>&#8211; Modo de Funcionamiento: Router 3G\/4G y Router Inal&aacute;mbrico<br \/>&#8211; Gesti&oacute;n: Control de Acceso, Gesti&oacute;n Local y Gesti&oacute;n Remota<br \/>&#8211; Tipo de Conexi&oacute;n WAN: IP Din&aacute;mica\/Est&aacute;tica\/PPPoE\/PPTP(Dual Access)\/L2TP(Dual Access)<br \/>&#8211; DHCP: Server, Client, DHCP Client List, Address Reservation<br \/>&#8211; Reenv&iacute;o de Puertos: Servidor Virtual, Port Triggering, UPnP y DMZ<br \/>&#8211; DNS Din&aacute;mico: DynDns, NO-IP<br \/>&#8211; VPN Pass-Through: PPTP, L2TP, IPSec<br \/>&#8211; Control de Acceso: <br \/>&nbsp; Control Parental, Control de Gesti&oacute;n Local, Lista de Host,<br \/>&nbsp; Programaci&oacute;n de Acceso y Gesti&oacute;n de Reglas<br \/>&#8211; Seguridad Firewall: DoS, Firewall SPI, Filtrado de Direcci&oacute;n IP\/Dominios y Vinculaci&oacute;n de Direcci&oacute;n IP y MAC<br \/>&#8211; Protocolos: Soporta IPv4 e IPv6<br \/>&#8211; Red de Invitados: 1 Red de Invitados en 2.4GHz<\/td>\n<\/tr>\n<tr>\n<td valign=\"top\"><strong>Otras caracteristicas<\/strong><\/td>\n<td>&#8211; Certificaciones: CE, FCC, RoHS<br \/>Contenido del Paquete: <br \/>&#8211; Router 4G LTE Inal&aacute;mbrico N a 300Mbps, TL-MR6400<br \/>&#8211; Cable Ethernet RJ45<br \/>&#8211; Fuente de Alimentaci&oacute;n<br \/>&#8211; Gu&iacute;a de Instalaci&oacute;n R&aacute;pida<br \/>&#8211; Adaptador de Tarjeta SIM Est&aacute;ndar a Micro<br \/>&#8211; Adaptador de Tarjeta SIM Est&aacute;ndar a Nano<br \/>Requisitos del sistema: <br \/>&#8211; Microsoft Windows 98SE, NT, 2000, XP, Vista&trade; o Windows 7, 8, 8.1, MAC OS, NetWare, UNIX o Linux<br \/>&#8211; Navegadores Internet Explorer 11, Firefox 12.0, Chrome 20.0, Safari 4.0 o superiores u otros navegadores que tengan Java Tarjeta SIM<br \/>Factores Ambientales: <br \/>&#8211; Temperatura de Funcionamiento: 0?~40? (32? ~104?)<br \/>&#8211; Temperatura de Almacenamiento: -40?~70? (-40? ~158?)<br \/>&#8211; Humedad de Funcionamiento: 10%~90% sin condensaci&oacute;n<br \/>&#8211; Humedad de Almacenamiento: 5%~90% sin condensaci&oacute;n<\/td>\n<\/tr>\n<tr>\n<td valign=\"top\"><strong>Fecha Revisi&oacute;n<\/strong><\/td>\n<td>05-06-2018 por AVN<\/td>\n<\/tr>\n<\/tbody>\n<\/table>\n","protected":false},"excerpt":{"rendered":"<p>Comparte Tu Red 4G LTEAprovecha al m&aacute;ximo la innovadora red 4G LTE con el TL-MR6400, y alcanza velocidades de descarga de hasta 150Mbps. El TL-MR6400 te permite compartir tu red 4G LTE con m&uacute;ltiples dispositivos Wi-Fi, as&iacute; podr&aacute;s disfrutar de pel&iacute;culas HD sin interrupciones, descarga r&aacute;pida de archivos y video chats fluidos. Velocidad Inal&aacute;mbrica de&hellip;&nbsp;<a href=\"https:\/\/aivlisoft.net\/shop\/producto\/tp-link-tl-mr6400-router-4g-wifi-n300\/\" rel=\"bookmark\"><span class=\"screen-reader-text\">TP-LINK TL-MR6400 Router 4G WiFi N300<\/span><\/a><\/p>\n","protected":false},"featured_media":18963,"template":"","meta":{"neve_meta_sidebar":"","neve_meta_container":"","neve_meta_enable_content_width":"","neve_meta_content_width":0,"neve_meta_title_alignment":"","neve_meta_author_avatar":"","neve_post_elements_order":"","neve_meta_disable_header":"","neve_meta_disable_footer":"","neve_meta_disable_title":""},"product_brand":[],"product_cat":[15,8768,6832],"product_tag":[6887],"class_list":{"0":"post-18962","1":"product","2":"type-product","3":"status-publish","4":"has-post-thumbnail","6":"product_cat-sin-categorizar","7":"product_cat-routers-adsl","8":"product_cat-routers-modems","9":"product_tag-tl-mr6400","11":"first","12":"instock","13":"taxable","14":"shipping-taxable","15":"purchasable","16":"product-type-simple"},"yoast_head":"<!-- This site is optimized with the Yoast SEO plugin v26.0 - https:\/\/yoast.com\/wordpress\/plugins\/seo\/ -->\n<title>TP-LINK TL-MR6400 Router 4G WiFi N300 - Aivlisoft Inform\u00e1tica<\/title>\n<meta name=\"robots\" content=\"index, follow, max-snippet:-1, max-image-preview:large, max-video-preview:-1\" \/>\n<link rel=\"canonical\" href=\"https:\/\/aivlisoft.net\/shop\/producto\/tp-link-tl-mr6400-router-4g-wifi-n300\/\" \/>\n<meta property=\"og:locale\" content=\"es_ES\" \/>\n<meta property=\"og:type\" content=\"article\" \/>\n<meta property=\"og:title\" content=\"TP-LINK TL-MR6400 Router 4G WiFi N300 - Aivlisoft Inform\u00e1tica\" \/>\n<meta property=\"og:description\" content=\"Comparte Tu Red 4G LTEAprovecha al m&aacute;ximo la innovadora red 4G LTE con el TL-MR6400, y alcanza velocidades de descarga de hasta 150Mbps. El TL-MR6400 te permite compartir tu red 4G LTE con m&uacute;ltiples dispositivos Wi-Fi, as&iacute; podr&aacute;s disfrutar de pel&iacute;culas HD sin interrupciones, descarga r&aacute;pida de archivos y video chats fluidos. Velocidad Inal&aacute;mbrica de&hellip;&nbsp;TP-LINK TL-MR6400 Router 4G WiFi N300\" \/>\n<meta property=\"og:url\" content=\"https:\/\/aivlisoft.net\/shop\/producto\/tp-link-tl-mr6400-router-4g-wifi-n300\/\" \/>\n<meta property=\"og:site_name\" content=\"Aivlisoft Inform\u00e1tica\" \/>\n<meta property=\"article:modified_time\" content=\"2025-01-14T20:00:07+00:00\" \/>\n<meta property=\"og:image\" content=\"https:\/\/aivlisoft.net\/shop\/wp-content\/uploads\/2025\/01\/NROINA0243_800.jpg\" \/>\n\t<meta property=\"og:image:width\" content=\"800\" \/>\n\t<meta property=\"og:image:height\" content=\"800\" \/>\n\t<meta property=\"og:image:type\" content=\"image\/jpeg\" \/>\n<meta name=\"twitter:card\" content=\"summary_large_image\" \/>\n<meta name=\"twitter:label1\" content=\"Tiempo de lectura\" \/>\n\t<meta name=\"twitter:data1\" content=\"4 minutos\" \/>\n<script type=\"application\/ld+json\" class=\"yoast-schema-graph\">{\"@context\":\"https:\/\/schema.org\",\"@graph\":[{\"@type\":\"WebPage\",\"@id\":\"https:\/\/aivlisoft.net\/shop\/producto\/tp-link-tl-mr6400-router-4g-wifi-n300\/\",\"url\":\"https:\/\/aivlisoft.net\/shop\/producto\/tp-link-tl-mr6400-router-4g-wifi-n300\/\",\"name\":\"TP-LINK TL-MR6400 Router 4G WiFi N300 - Aivlisoft Inform\u00e1tica\",\"isPartOf\":{\"@id\":\"https:\/\/aivlisoft.net\/shop\/#website\"},\"primaryImageOfPage\":{\"@id\":\"https:\/\/aivlisoft.net\/shop\/producto\/tp-link-tl-mr6400-router-4g-wifi-n300\/#primaryimage\"},\"image\":{\"@id\":\"https:\/\/aivlisoft.net\/shop\/producto\/tp-link-tl-mr6400-router-4g-wifi-n300\/#primaryimage\"},\"thumbnailUrl\":\"https:\/\/aivlisoft.net\/shop\/wp-content\/uploads\/2025\/01\/NROINA0243_800.jpg\",\"datePublished\":\"2025-01-13T15:27:30+00:00\",\"dateModified\":\"2025-01-14T20:00:07+00:00\",\"breadcrumb\":{\"@id\":\"https:\/\/aivlisoft.net\/shop\/producto\/tp-link-tl-mr6400-router-4g-wifi-n300\/#breadcrumb\"},\"inLanguage\":\"es\",\"potentialAction\":[{\"@type\":\"ReadAction\",\"target\":[\"https:\/\/aivlisoft.net\/shop\/producto\/tp-link-tl-mr6400-router-4g-wifi-n300\/\"]}]},{\"@type\":\"ImageObject\",\"inLanguage\":\"es\",\"@id\":\"https:\/\/aivlisoft.net\/shop\/producto\/tp-link-tl-mr6400-router-4g-wifi-n300\/#primaryimage\",\"url\":\"https:\/\/aivlisoft.net\/shop\/wp-content\/uploads\/2025\/01\/NROINA0243_800.jpg\",\"contentUrl\":\"https:\/\/aivlisoft.net\/shop\/wp-content\/uploads\/2025\/01\/NROINA0243_800.jpg\",\"width\":800,\"height\":800},{\"@type\":\"BreadcrumbList\",\"@id\":\"https:\/\/aivlisoft.net\/shop\/producto\/tp-link-tl-mr6400-router-4g-wifi-n300\/#breadcrumb\",\"itemListElement\":[{\"@type\":\"ListItem\",\"position\":1,\"name\":\"Portada\",\"item\":\"https:\/\/aivlisoft.net\/shop\/\"},{\"@type\":\"ListItem\",\"position\":2,\"name\":\"Tienda\",\"item\":\"https:\/\/aivlisoft.net\/shop\/tienda\/\"},{\"@type\":\"ListItem\",\"position\":3,\"name\":\"TP-LINK TL-MR6400 Router 4G WiFi N300\"}]},{\"@type\":\"WebSite\",\"@id\":\"https:\/\/aivlisoft.net\/shop\/#website\",\"url\":\"https:\/\/aivlisoft.net\/shop\/\",\"name\":\"Aivlisoft Inform\u00e1tica\",\"description\":\"En Aivlisoft Inform\u00e1tica ofrecemos soluciones tecnol\u00f3gicas para empresas: venta de ordenadores, consumibles, perif\u00e9ricos y m\u00e1s. Calidad, atenci\u00f3n personalizada y los mejores precios para tu negocio.\",\"publisher\":{\"@id\":\"https:\/\/aivlisoft.net\/shop\/#organization\"},\"potentialAction\":[{\"@type\":\"SearchAction\",\"target\":{\"@type\":\"EntryPoint\",\"urlTemplate\":\"https:\/\/aivlisoft.net\/shop\/?s={search_term_string}\"},\"query-input\":{\"@type\":\"PropertyValueSpecification\",\"valueRequired\":true,\"valueName\":\"search_term_string\"}}],\"inLanguage\":\"es\"},{\"@type\":\"Organization\",\"@id\":\"https:\/\/aivlisoft.net\/shop\/#organization\",\"name\":\"Aivlisoft Inform\u00e1tica\",\"url\":\"https:\/\/aivlisoft.net\/shop\/\",\"logo\":{\"@type\":\"ImageObject\",\"inLanguage\":\"es\",\"@id\":\"https:\/\/aivlisoft.net\/shop\/#\/schema\/logo\/image\/\",\"url\":\"https:\/\/aivlisoft.net\/shop\/wp-content\/uploads\/2024\/12\/removal.ai_5b848c54-0cdf-4140-95c5-c5536bb7573b-logodef.png\",\"contentUrl\":\"https:\/\/aivlisoft.net\/shop\/wp-content\/uploads\/2024\/12\/removal.ai_5b848c54-0cdf-4140-95c5-c5536bb7573b-logodef.png\",\"width\":484,\"height\":182,\"caption\":\"Aivlisoft Inform\u00e1tica\"},\"image\":{\"@id\":\"https:\/\/aivlisoft.net\/shop\/#\/schema\/logo\/image\/\"}}]}<\/script>\n<!-- \/ Yoast SEO plugin. -->","yoast_head_json":{"title":"TP-LINK TL-MR6400 Router 4G WiFi N300 - Aivlisoft Inform\u00e1tica","robots":{"index":"index","follow":"follow","max-snippet":"max-snippet:-1","max-image-preview":"max-image-preview:large","max-video-preview":"max-video-preview:-1"},"canonical":"https:\/\/aivlisoft.net\/shop\/producto\/tp-link-tl-mr6400-router-4g-wifi-n300\/","og_locale":"es_ES","og_type":"article","og_title":"TP-LINK TL-MR6400 Router 4G WiFi N300 - Aivlisoft Inform\u00e1tica","og_description":"Comparte Tu Red 4G LTEAprovecha al m&aacute;ximo la innovadora red 4G LTE con el TL-MR6400, y alcanza velocidades de descarga de hasta 150Mbps. El TL-MR6400 te permite compartir tu red 4G LTE con m&uacute;ltiples dispositivos Wi-Fi, as&iacute; podr&aacute;s disfrutar de pel&iacute;culas HD sin interrupciones, descarga r&aacute;pida de archivos y video chats fluidos. Velocidad Inal&aacute;mbrica de&hellip;&nbsp;TP-LINK TL-MR6400 Router 4G WiFi N300","og_url":"https:\/\/aivlisoft.net\/shop\/producto\/tp-link-tl-mr6400-router-4g-wifi-n300\/","og_site_name":"Aivlisoft Inform\u00e1tica","article_modified_time":"2025-01-14T20:00:07+00:00","og_image":[{"width":800,"height":800,"url":"https:\/\/aivlisoft.net\/shop\/wp-content\/uploads\/2025\/01\/NROINA0243_800.jpg","type":"image\/jpeg"}],"twitter_card":"summary_large_image","twitter_misc":{"Tiempo de lectura":"4 minutos"},"schema":{"@context":"https:\/\/schema.org","@graph":[{"@type":"WebPage","@id":"https:\/\/aivlisoft.net\/shop\/producto\/tp-link-tl-mr6400-router-4g-wifi-n300\/","url":"https:\/\/aivlisoft.net\/shop\/producto\/tp-link-tl-mr6400-router-4g-wifi-n300\/","name":"TP-LINK TL-MR6400 Router 4G WiFi N300 - Aivlisoft Inform\u00e1tica","isPartOf":{"@id":"https:\/\/aivlisoft.net\/shop\/#website"},"primaryImageOfPage":{"@id":"https:\/\/aivlisoft.net\/shop\/producto\/tp-link-tl-mr6400-router-4g-wifi-n300\/#primaryimage"},"image":{"@id":"https:\/\/aivlisoft.net\/shop\/producto\/tp-link-tl-mr6400-router-4g-wifi-n300\/#primaryimage"},"thumbnailUrl":"https:\/\/aivlisoft.net\/shop\/wp-content\/uploads\/2025\/01\/NROINA0243_800.jpg","datePublished":"2025-01-13T15:27:30+00:00","dateModified":"2025-01-14T20:00:07+00:00","breadcrumb":{"@id":"https:\/\/aivlisoft.net\/shop\/producto\/tp-link-tl-mr6400-router-4g-wifi-n300\/#breadcrumb"},"inLanguage":"es","potentialAction":[{"@type":"ReadAction","target":["https:\/\/aivlisoft.net\/shop\/producto\/tp-link-tl-mr6400-router-4g-wifi-n300\/"]}]},{"@type":"ImageObject","inLanguage":"es","@id":"https:\/\/aivlisoft.net\/shop\/producto\/tp-link-tl-mr6400-router-4g-wifi-n300\/#primaryimage","url":"https:\/\/aivlisoft.net\/shop\/wp-content\/uploads\/2025\/01\/NROINA0243_800.jpg","contentUrl":"https:\/\/aivlisoft.net\/shop\/wp-content\/uploads\/2025\/01\/NROINA0243_800.jpg","width":800,"height":800},{"@type":"BreadcrumbList","@id":"https:\/\/aivlisoft.net\/shop\/producto\/tp-link-tl-mr6400-router-4g-wifi-n300\/#breadcrumb","itemListElement":[{"@type":"ListItem","position":1,"name":"Portada","item":"https:\/\/aivlisoft.net\/shop\/"},{"@type":"ListItem","position":2,"name":"Tienda","item":"https:\/\/aivlisoft.net\/shop\/tienda\/"},{"@type":"ListItem","position":3,"name":"TP-LINK TL-MR6400 Router 4G WiFi N300"}]},{"@type":"WebSite","@id":"https:\/\/aivlisoft.net\/shop\/#website","url":"https:\/\/aivlisoft.net\/shop\/","name":"Aivlisoft Inform\u00e1tica","description":"En Aivlisoft Inform\u00e1tica ofrecemos soluciones tecnol\u00f3gicas para empresas: venta de ordenadores, consumibles, perif\u00e9ricos y m\u00e1s. Calidad, atenci\u00f3n personalizada y los mejores precios para tu negocio.","publisher":{"@id":"https:\/\/aivlisoft.net\/shop\/#organization"},"potentialAction":[{"@type":"SearchAction","target":{"@type":"EntryPoint","urlTemplate":"https:\/\/aivlisoft.net\/shop\/?s={search_term_string}"},"query-input":{"@type":"PropertyValueSpecification","valueRequired":true,"valueName":"search_term_string"}}],"inLanguage":"es"},{"@type":"Organization","@id":"https:\/\/aivlisoft.net\/shop\/#organization","name":"Aivlisoft Inform\u00e1tica","url":"https:\/\/aivlisoft.net\/shop\/","logo":{"@type":"ImageObject","inLanguage":"es","@id":"https:\/\/aivlisoft.net\/shop\/#\/schema\/logo\/image\/","url":"https:\/\/aivlisoft.net\/shop\/wp-content\/uploads\/2024\/12\/removal.ai_5b848c54-0cdf-4140-95c5-c5536bb7573b-logodef.png","contentUrl":"https:\/\/aivlisoft.net\/shop\/wp-content\/uploads\/2024\/12\/removal.ai_5b848c54-0cdf-4140-95c5-c5536bb7573b-logodef.png","width":484,"height":182,"caption":"Aivlisoft Inform\u00e1tica"},"image":{"@id":"https:\/\/aivlisoft.net\/shop\/#\/schema\/logo\/image\/"}}]}},"_links":{"self":[{"href":"https:\/\/aivlisoft.net\/shop\/wp-json\/wp\/v2\/product\/18962","targetHints":{"allow":["GET"]}}],"collection":[{"href":"https:\/\/aivlisoft.net\/shop\/wp-json\/wp\/v2\/product"}],"about":[{"href":"https:\/\/aivlisoft.net\/shop\/wp-json\/wp\/v2\/types\/product"}],"wp:featuredmedia":[{"embeddable":true,"href":"https:\/\/aivlisoft.net\/shop\/wp-json\/wp\/v2\/media\/18963"}],"wp:attachment":[{"href":"https:\/\/aivlisoft.net\/shop\/wp-json\/wp\/v2\/media?parent=18962"}],"wp:term":[{"taxonomy":"product_brand","embeddable":true,"href":"https:\/\/aivlisoft.net\/shop\/wp-json\/wp\/v2\/product_brand?post=18962"},{"taxonomy":"product_cat","embeddable":true,"href":"https:\/\/aivlisoft.net\/shop\/wp-json\/wp\/v2\/product_cat?post=18962"},{"taxonomy":"product_tag","embeddable":true,"href":"https:\/\/aivlisoft.net\/shop\/wp-json\/wp\/v2\/product_tag?post=18962"}],"curies":[{"name":"wp","href":"https:\/\/api.w.org\/{rel}","templated":true}]}}