{"id":18953,"date":"2025-01-13T15:27:25","date_gmt":"2025-01-13T15:27:25","guid":{"rendered":"https:\/\/aivlisoft.com\/?post_type=product&#038;p=18953"},"modified":"2025-01-14T20:00:09","modified_gmt":"2025-01-14T20:00:09","slug":"synology-rt2600ac-router-ac2600","status":"publish","type":"product","link":"https:\/\/aivlisoft.net\/shop\/producto\/synology-rt2600ac-router-ac2600\/","title":{"rendered":"SYNOLOGY RT2600ac Router AC2600"},"content":{"rendered":"<p><strong>RT2600ac<\/strong><br \/>Wi-Fi de alta velocidad con un ancho de banda inal&aacute;mbrico combinado de hasta 2,53 Gbps para mejorar su red. RT2600ac es un avanzado enrutador inal&aacute;mbrico para hogares y peque&ntilde;as oficinas que buscan trabajar y reproducir m&aacute;s inteligentemente, con soluciones VPN integrales, seguridad mejorada y capacidades flexibles de uso compartido de archivos y archivos multimedia.<\/p>\n<table class=\"tabla_caracteristicas k-table\" width=\"100%\">\n<tbody>\n<tr>\n<td valign=\"top\"><strong>Marca<\/strong><\/td>\n<td>Synology<\/td>\n<\/tr>\n<tr>\n<td valign=\"top\"><strong>Modelo<\/strong><\/td>\n<td valign=\"top\">\n<div>AC2600<\/div>\n<div>(<strong>RT2600ac<\/strong><strong><\/strong>)<\/div>\n<\/td>\n<\/tr>\n<tr>\n<td valign=\"top\">\n<div><strong>Caracteristicas <\/strong><\/div>\n<div><strong>de hardware<\/strong><\/div>\n<\/td>\n<td>&#8211; CPU: Dual core 1.7 GHz<br \/>&#8211; Hardware Layer 7 Engine: <br \/>&#8211; Memoria: 512 MB DDR3<br \/>&#8211; Tipo de antena: 4&#215;4 MIMO Omni-directional high-gain dipole (2.4GHz \/ 5GHz)<br \/>&#8211; Puerto LAN: <br \/>&nbsp; Gigabit (RJ-45) x 4<br \/>&nbsp; Gigabit (RJ-45) x 3 (Dual WAN)<br \/>&#8211; Puerto WAN: <br \/>&nbsp; Gigabit (RJ-45) x 1<br \/>&nbsp; Gigabit (RJ-45) x 2 (Dual WAN)<br \/>&#8211; Puertos externos: <br \/>&nbsp; USB 3.0 x 1<br \/>&nbsp; USB 2.0 x 1<br \/>&nbsp; SD card reader x 1 (SDXC, SDHC)<br \/>&#8211; Bot&oacute;n e interruptor: Expulsar USB\/SD, WPS, alimentaci&oacute;n, Reset, activaci&oacute;n\/desactivaci&oacute;n de Wi-Fi<br \/><strong>Apariencia<\/strong><br \/>&#8211; Tama&ntilde;o (Alt x An x Prof): 77 mm x 280 mm x 169 mm (sin antena)<br \/>&#8211; Peso: 0.7 kg <\/td>\n<\/tr>\n<tr>\n<td valign=\"top\">\n<div><strong>Caracteristicas<\/strong><\/div>\n<div><strong>inalambricas<\/strong><\/div>\n<\/td>\n<td>&#8211; IEEE 802.11ac:<br \/>&nbsp; IEEE 802.11a\/b\/g\/n\/ac<br \/>&nbsp; Wi-Fi de doble banda simult&aacute;nea<br \/>&nbsp; 2.4GHz: 800Mbps<br \/>&nbsp; 5GHz: 1.73Gbps<br \/>&#8211; IEEE 802.11ac wave 2:<br \/>&nbsp; MU-MIMO<br \/>&nbsp; 2&#215;2 160 MHz (contiguous 80 + 80 MHz)<br \/>&nbsp; 2&#215;2 80 + 80 MHz (discontiguous)<\/td>\n<\/tr>\n<tr>\n<td valign=\"top\">\n<div><strong>Otras <\/strong><\/div>\n<div><strong>caracteristicas<\/strong><\/div>\n<\/td>\n<td><strong>Gesti&oacute;n<\/strong><br \/>&#8211; Sistema operativo: Synology Router Manager (SRM)<br \/>&#8211; Actualizaci&oacute;n de SO gratuita <br \/>&#8211; Acceso desde cualquier lugar a SRM: Synology QuickConnect y DNS (DDNS) din&aacute;mico<br \/>&#8211; Modos de funcionamiento: Wireless Router, Wireless AP<br \/>&#8211; Wake on LAN (WOL)<br \/>&#8211; Quickconnect sobre WOL<br \/>&#8211; N.&ordm; m&aacute;ximo de dispositivos de conexi&oacute;n: 100<br \/>&#8211; Notificaci&oacute;n: Correo electr&oacute;nico, SMS, servicio Push (a trav&eacute;s de DS router)<br \/>&#8211; SSH<br \/>&#8211; SNMP<br \/>&#8211; Copia de seguridad y restauraci&oacute;n de configuraci&oacute;n<br \/>&#8211; Administraci&oacute;n de cuentas de usuario<br \/><strong>Seguridad<\/strong><br \/>&#8211; Cifrado Wi-Fi: WEP, WPA\/WPA2-Personal, WPA\/WPA2-Enterprise<br \/>&#8211; Filtro de direcciones MAC Wi-Fi<br \/>&#8211; Cortafuegos\/Cortafuegos SPI<br \/>&#8211; Protecci&oacute;n DoS<br \/>&#8211; Bloqueo autom&aacute;tico<br \/>&#8211; Certificado SSL<br \/>&#8211; Consejero de seguridad<br \/><strong>Archivos<\/strong><br \/>&#8211; Sistema de archivos: EXT4, FAT, NTFS, HFS+<br \/>&#8211; Compatibilidad de acceso: <br \/>&nbsp; Explorador de archivos (solo a trav&eacute;s de LAN)<br \/>&nbsp; Exploradores web: Chrome&trade;, Firefox&reg;, Internet Explorer&reg;: 8 o posterior, Safari&reg; 7 o posterior, Safari (iOS&reg; 7 o posterior en iPad&reg;), Chrome (Android 4.0 o posterior en tabletas)<br \/>&nbsp; Dispositivo m&oacute;vil: DS file<br \/>&#8211; Protocolos compatibles: Servicio de archivos Windows (CIFS), Servicio de archivos Mac (AFP), FTP\/FTPS, WebDAV<br \/>&#8211; Apple Time Machine<br \/>&#8211; Privilegios de carpetas compartidas<br \/>&#8211; Hibernaci&oacute;n de almacenamiento<br \/><strong>Certificaci&oacute;n<\/strong><br \/>&#8211; FCC Class B<br \/>&#8211; CE Class B<br \/>&#8211; BSMI Class B<br \/><strong>Wi-Fi Certificaci&oacute;n<\/strong><br \/>&#8211; CE<br \/>&#8211; FCC<br \/>&#8211; NCC<br \/>&#8211; RCM<br \/>&#8211; iDA<br \/><strong>Otros<\/strong><br \/>&#8211; Voltaje de alimentaci&oacute;n de entrada CA: De 100V a 240V CA<br \/>&#8211; Frecuencia de alimentaci&oacute;n: 50\/60 Hz, Monof&aacute;sico<br \/>&#8211; Consumo de energ&iacute;a: 10.80 W (Acceso)<br \/>&nbsp; 7.94 W (Inactividad)<br \/><strong>Contenido<\/strong><br \/>&#8211; Main Unit<br \/>&#8211; Antenna x 4<br \/>&#8211; AC Power Adapter<br \/>&#8211; RJ-45 LAN Cable<br \/>&#8211; Quick Installation Guide<\/td>\n<\/tr>\n<tr>\n<td valign=\"top\"><strong>Fecha Revisi&oacute;n<\/strong><\/td>\n<td>13-02-2017 por MSB<\/td>\n<\/tr>\n<\/tbody>\n<\/table>\n","protected":false},"excerpt":{"rendered":"<p>RT2600acWi-Fi de alta velocidad con un ancho de banda inal&aacute;mbrico combinado de hasta 2,53 Gbps para mejorar su red. RT2600ac es un avanzado enrutador inal&aacute;mbrico para hogares y peque&ntilde;as oficinas que buscan trabajar y reproducir m&aacute;s inteligentemente, con soluciones VPN integrales, seguridad mejorada y capacidades flexibles de uso compartido de archivos y archivos multimedia. Marca&hellip;&nbsp;<a href=\"https:\/\/aivlisoft.net\/shop\/producto\/synology-rt2600ac-router-ac2600\/\" rel=\"bookmark\"><span class=\"screen-reader-text\">SYNOLOGY RT2600ac Router AC2600<\/span><\/a><\/p>\n","protected":false},"featured_media":18954,"template":"","meta":{"neve_meta_sidebar":"","neve_meta_container":"","neve_meta_enable_content_width":"","neve_meta_content_width":0,"neve_meta_title_alignment":"","neve_meta_author_avatar":"","neve_post_elements_order":"","neve_meta_disable_header":"","neve_meta_disable_footer":"","neve_meta_disable_title":""},"product_brand":[],"product_cat":[15,8768,6832],"product_tag":[6885],"class_list":{"0":"post-18953","1":"product","2":"type-product","3":"status-publish","4":"has-post-thumbnail","6":"product_cat-sin-categorizar","7":"product_cat-routers-adsl","8":"product_cat-routers-modems","9":"product_tag-rt2600ac","11":"first","12":"instock","13":"taxable","14":"shipping-taxable","15":"purchasable","16":"product-type-simple"},"yoast_head":"<!-- This site is optimized with the Yoast SEO plugin v26.0 - https:\/\/yoast.com\/wordpress\/plugins\/seo\/ -->\n<title>SYNOLOGY RT2600ac Router AC2600 - Aivlisoft Inform\u00e1tica<\/title>\n<meta name=\"robots\" content=\"index, follow, max-snippet:-1, max-image-preview:large, max-video-preview:-1\" \/>\n<link rel=\"canonical\" href=\"https:\/\/aivlisoft.net\/shop\/producto\/synology-rt2600ac-router-ac2600\/\" \/>\n<meta property=\"og:locale\" content=\"es_ES\" \/>\n<meta property=\"og:type\" content=\"article\" \/>\n<meta property=\"og:title\" content=\"SYNOLOGY RT2600ac Router AC2600 - Aivlisoft Inform\u00e1tica\" \/>\n<meta property=\"og:description\" content=\"RT2600acWi-Fi de alta velocidad con un ancho de banda inal&aacute;mbrico combinado de hasta 2,53 Gbps para mejorar su red. RT2600ac es un avanzado enrutador inal&aacute;mbrico para hogares y peque&ntilde;as oficinas que buscan trabajar y reproducir m&aacute;s inteligentemente, con soluciones VPN integrales, seguridad mejorada y capacidades flexibles de uso compartido de archivos y archivos multimedia. Marca&hellip;&nbsp;SYNOLOGY RT2600ac Router AC2600\" \/>\n<meta property=\"og:url\" content=\"https:\/\/aivlisoft.net\/shop\/producto\/synology-rt2600ac-router-ac2600\/\" \/>\n<meta property=\"og:site_name\" content=\"Aivlisoft Inform\u00e1tica\" \/>\n<meta property=\"article:modified_time\" content=\"2025-01-14T20:00:09+00:00\" \/>\n<meta property=\"og:image\" content=\"https:\/\/aivlisoft.net\/shop\/wp-content\/uploads\/2025\/01\/NROINA0189_800.jpg\" \/>\n\t<meta property=\"og:image:width\" content=\"800\" \/>\n\t<meta property=\"og:image:height\" content=\"800\" \/>\n\t<meta property=\"og:image:type\" content=\"image\/jpeg\" \/>\n<meta name=\"twitter:card\" content=\"summary_large_image\" \/>\n<meta name=\"twitter:label1\" content=\"Tiempo de lectura\" \/>\n\t<meta name=\"twitter:data1\" content=\"2 minutos\" \/>\n<script type=\"application\/ld+json\" class=\"yoast-schema-graph\">{\"@context\":\"https:\/\/schema.org\",\"@graph\":[{\"@type\":\"WebPage\",\"@id\":\"https:\/\/aivlisoft.net\/shop\/producto\/synology-rt2600ac-router-ac2600\/\",\"url\":\"https:\/\/aivlisoft.net\/shop\/producto\/synology-rt2600ac-router-ac2600\/\",\"name\":\"SYNOLOGY RT2600ac Router AC2600 - Aivlisoft Inform\u00e1tica\",\"isPartOf\":{\"@id\":\"https:\/\/aivlisoft.net\/shop\/#website\"},\"primaryImageOfPage\":{\"@id\":\"https:\/\/aivlisoft.net\/shop\/producto\/synology-rt2600ac-router-ac2600\/#primaryimage\"},\"image\":{\"@id\":\"https:\/\/aivlisoft.net\/shop\/producto\/synology-rt2600ac-router-ac2600\/#primaryimage\"},\"thumbnailUrl\":\"https:\/\/aivlisoft.net\/shop\/wp-content\/uploads\/2025\/01\/NROINA0189_800.jpg\",\"datePublished\":\"2025-01-13T15:27:25+00:00\",\"dateModified\":\"2025-01-14T20:00:09+00:00\",\"breadcrumb\":{\"@id\":\"https:\/\/aivlisoft.net\/shop\/producto\/synology-rt2600ac-router-ac2600\/#breadcrumb\"},\"inLanguage\":\"es\",\"potentialAction\":[{\"@type\":\"ReadAction\",\"target\":[\"https:\/\/aivlisoft.net\/shop\/producto\/synology-rt2600ac-router-ac2600\/\"]}]},{\"@type\":\"ImageObject\",\"inLanguage\":\"es\",\"@id\":\"https:\/\/aivlisoft.net\/shop\/producto\/synology-rt2600ac-router-ac2600\/#primaryimage\",\"url\":\"https:\/\/aivlisoft.net\/shop\/wp-content\/uploads\/2025\/01\/NROINA0189_800.jpg\",\"contentUrl\":\"https:\/\/aivlisoft.net\/shop\/wp-content\/uploads\/2025\/01\/NROINA0189_800.jpg\",\"width\":800,\"height\":800},{\"@type\":\"BreadcrumbList\",\"@id\":\"https:\/\/aivlisoft.net\/shop\/producto\/synology-rt2600ac-router-ac2600\/#breadcrumb\",\"itemListElement\":[{\"@type\":\"ListItem\",\"position\":1,\"name\":\"Portada\",\"item\":\"https:\/\/aivlisoft.net\/shop\/\"},{\"@type\":\"ListItem\",\"position\":2,\"name\":\"Tienda\",\"item\":\"https:\/\/aivlisoft.net\/shop\/tienda\/\"},{\"@type\":\"ListItem\",\"position\":3,\"name\":\"SYNOLOGY RT2600ac Router AC2600\"}]},{\"@type\":\"WebSite\",\"@id\":\"https:\/\/aivlisoft.net\/shop\/#website\",\"url\":\"https:\/\/aivlisoft.net\/shop\/\",\"name\":\"Aivlisoft Inform\u00e1tica\",\"description\":\"En Aivlisoft Inform\u00e1tica ofrecemos soluciones tecnol\u00f3gicas para empresas: venta de ordenadores, consumibles, perif\u00e9ricos y m\u00e1s. Calidad, atenci\u00f3n personalizada y los mejores precios para tu negocio.\",\"publisher\":{\"@id\":\"https:\/\/aivlisoft.net\/shop\/#organization\"},\"potentialAction\":[{\"@type\":\"SearchAction\",\"target\":{\"@type\":\"EntryPoint\",\"urlTemplate\":\"https:\/\/aivlisoft.net\/shop\/?s={search_term_string}\"},\"query-input\":{\"@type\":\"PropertyValueSpecification\",\"valueRequired\":true,\"valueName\":\"search_term_string\"}}],\"inLanguage\":\"es\"},{\"@type\":\"Organization\",\"@id\":\"https:\/\/aivlisoft.net\/shop\/#organization\",\"name\":\"Aivlisoft Inform\u00e1tica\",\"url\":\"https:\/\/aivlisoft.net\/shop\/\",\"logo\":{\"@type\":\"ImageObject\",\"inLanguage\":\"es\",\"@id\":\"https:\/\/aivlisoft.net\/shop\/#\/schema\/logo\/image\/\",\"url\":\"https:\/\/aivlisoft.net\/shop\/wp-content\/uploads\/2024\/12\/removal.ai_5b848c54-0cdf-4140-95c5-c5536bb7573b-logodef.png\",\"contentUrl\":\"https:\/\/aivlisoft.net\/shop\/wp-content\/uploads\/2024\/12\/removal.ai_5b848c54-0cdf-4140-95c5-c5536bb7573b-logodef.png\",\"width\":484,\"height\":182,\"caption\":\"Aivlisoft Inform\u00e1tica\"},\"image\":{\"@id\":\"https:\/\/aivlisoft.net\/shop\/#\/schema\/logo\/image\/\"}}]}<\/script>\n<!-- \/ Yoast SEO plugin. -->","yoast_head_json":{"title":"SYNOLOGY RT2600ac Router AC2600 - Aivlisoft Inform\u00e1tica","robots":{"index":"index","follow":"follow","max-snippet":"max-snippet:-1","max-image-preview":"max-image-preview:large","max-video-preview":"max-video-preview:-1"},"canonical":"https:\/\/aivlisoft.net\/shop\/producto\/synology-rt2600ac-router-ac2600\/","og_locale":"es_ES","og_type":"article","og_title":"SYNOLOGY RT2600ac Router AC2600 - Aivlisoft Inform\u00e1tica","og_description":"RT2600acWi-Fi de alta velocidad con un ancho de banda inal&aacute;mbrico combinado de hasta 2,53 Gbps para mejorar su red. RT2600ac es un avanzado enrutador inal&aacute;mbrico para hogares y peque&ntilde;as oficinas que buscan trabajar y reproducir m&aacute;s inteligentemente, con soluciones VPN integrales, seguridad mejorada y capacidades flexibles de uso compartido de archivos y archivos multimedia. Marca&hellip;&nbsp;SYNOLOGY RT2600ac Router AC2600","og_url":"https:\/\/aivlisoft.net\/shop\/producto\/synology-rt2600ac-router-ac2600\/","og_site_name":"Aivlisoft Inform\u00e1tica","article_modified_time":"2025-01-14T20:00:09+00:00","og_image":[{"width":800,"height":800,"url":"https:\/\/aivlisoft.net\/shop\/wp-content\/uploads\/2025\/01\/NROINA0189_800.jpg","type":"image\/jpeg"}],"twitter_card":"summary_large_image","twitter_misc":{"Tiempo de lectura":"2 minutos"},"schema":{"@context":"https:\/\/schema.org","@graph":[{"@type":"WebPage","@id":"https:\/\/aivlisoft.net\/shop\/producto\/synology-rt2600ac-router-ac2600\/","url":"https:\/\/aivlisoft.net\/shop\/producto\/synology-rt2600ac-router-ac2600\/","name":"SYNOLOGY RT2600ac Router AC2600 - Aivlisoft Inform\u00e1tica","isPartOf":{"@id":"https:\/\/aivlisoft.net\/shop\/#website"},"primaryImageOfPage":{"@id":"https:\/\/aivlisoft.net\/shop\/producto\/synology-rt2600ac-router-ac2600\/#primaryimage"},"image":{"@id":"https:\/\/aivlisoft.net\/shop\/producto\/synology-rt2600ac-router-ac2600\/#primaryimage"},"thumbnailUrl":"https:\/\/aivlisoft.net\/shop\/wp-content\/uploads\/2025\/01\/NROINA0189_800.jpg","datePublished":"2025-01-13T15:27:25+00:00","dateModified":"2025-01-14T20:00:09+00:00","breadcrumb":{"@id":"https:\/\/aivlisoft.net\/shop\/producto\/synology-rt2600ac-router-ac2600\/#breadcrumb"},"inLanguage":"es","potentialAction":[{"@type":"ReadAction","target":["https:\/\/aivlisoft.net\/shop\/producto\/synology-rt2600ac-router-ac2600\/"]}]},{"@type":"ImageObject","inLanguage":"es","@id":"https:\/\/aivlisoft.net\/shop\/producto\/synology-rt2600ac-router-ac2600\/#primaryimage","url":"https:\/\/aivlisoft.net\/shop\/wp-content\/uploads\/2025\/01\/NROINA0189_800.jpg","contentUrl":"https:\/\/aivlisoft.net\/shop\/wp-content\/uploads\/2025\/01\/NROINA0189_800.jpg","width":800,"height":800},{"@type":"BreadcrumbList","@id":"https:\/\/aivlisoft.net\/shop\/producto\/synology-rt2600ac-router-ac2600\/#breadcrumb","itemListElement":[{"@type":"ListItem","position":1,"name":"Portada","item":"https:\/\/aivlisoft.net\/shop\/"},{"@type":"ListItem","position":2,"name":"Tienda","item":"https:\/\/aivlisoft.net\/shop\/tienda\/"},{"@type":"ListItem","position":3,"name":"SYNOLOGY RT2600ac Router AC2600"}]},{"@type":"WebSite","@id":"https:\/\/aivlisoft.net\/shop\/#website","url":"https:\/\/aivlisoft.net\/shop\/","name":"Aivlisoft Inform\u00e1tica","description":"En Aivlisoft Inform\u00e1tica ofrecemos soluciones tecnol\u00f3gicas para empresas: venta de ordenadores, consumibles, perif\u00e9ricos y m\u00e1s. Calidad, atenci\u00f3n personalizada y los mejores precios para tu negocio.","publisher":{"@id":"https:\/\/aivlisoft.net\/shop\/#organization"},"potentialAction":[{"@type":"SearchAction","target":{"@type":"EntryPoint","urlTemplate":"https:\/\/aivlisoft.net\/shop\/?s={search_term_string}"},"query-input":{"@type":"PropertyValueSpecification","valueRequired":true,"valueName":"search_term_string"}}],"inLanguage":"es"},{"@type":"Organization","@id":"https:\/\/aivlisoft.net\/shop\/#organization","name":"Aivlisoft Inform\u00e1tica","url":"https:\/\/aivlisoft.net\/shop\/","logo":{"@type":"ImageObject","inLanguage":"es","@id":"https:\/\/aivlisoft.net\/shop\/#\/schema\/logo\/image\/","url":"https:\/\/aivlisoft.net\/shop\/wp-content\/uploads\/2024\/12\/removal.ai_5b848c54-0cdf-4140-95c5-c5536bb7573b-logodef.png","contentUrl":"https:\/\/aivlisoft.net\/shop\/wp-content\/uploads\/2024\/12\/removal.ai_5b848c54-0cdf-4140-95c5-c5536bb7573b-logodef.png","width":484,"height":182,"caption":"Aivlisoft Inform\u00e1tica"},"image":{"@id":"https:\/\/aivlisoft.net\/shop\/#\/schema\/logo\/image\/"}}]}},"_links":{"self":[{"href":"https:\/\/aivlisoft.net\/shop\/wp-json\/wp\/v2\/product\/18953","targetHints":{"allow":["GET"]}}],"collection":[{"href":"https:\/\/aivlisoft.net\/shop\/wp-json\/wp\/v2\/product"}],"about":[{"href":"https:\/\/aivlisoft.net\/shop\/wp-json\/wp\/v2\/types\/product"}],"wp:featuredmedia":[{"embeddable":true,"href":"https:\/\/aivlisoft.net\/shop\/wp-json\/wp\/v2\/media\/18954"}],"wp:attachment":[{"href":"https:\/\/aivlisoft.net\/shop\/wp-json\/wp\/v2\/media?parent=18953"}],"wp:term":[{"taxonomy":"product_brand","embeddable":true,"href":"https:\/\/aivlisoft.net\/shop\/wp-json\/wp\/v2\/product_brand?post=18953"},{"taxonomy":"product_cat","embeddable":true,"href":"https:\/\/aivlisoft.net\/shop\/wp-json\/wp\/v2\/product_cat?post=18953"},{"taxonomy":"product_tag","embeddable":true,"href":"https:\/\/aivlisoft.net\/shop\/wp-json\/wp\/v2\/product_tag?post=18953"}],"curies":[{"name":"wp","href":"https:\/\/api.w.org\/{rel}","templated":true}]}}