{"id":18911,"date":"2025-01-13T15:26:54","date_gmt":"2025-01-13T15:26:54","guid":{"rendered":"https:\/\/aivlisoft.com\/?post_type=product&#038;p=18911"},"modified":"2025-01-14T11:42:04","modified_gmt":"2025-01-14T11:42:04","slug":"tp-link-ds-p7001-08-olt-gpon-8x2-5g-pon-2x10gb-sfp","status":"publish","type":"product","link":"https:\/\/aivlisoft.net\/shop\/producto\/tp-link-ds-p7001-08-olt-gpon-8x2-5g-pon-2x10gb-sfp\/","title":{"rendered":"TP-Link DS-P7001-08 OLT GPON 8&#215;2.5G PON 2x10Gb SFP"},"content":{"rendered":"<p><\/p>\n<table class=\"tabla_caracteristicas\" width=\"100%\">\n<tr>\n<td valign=\"top\"><strong>Marca<\/strong><\/td>\n<td>TP-Link<\/td>\n<\/tr>\n<tr>\n<td valign=\"top\"><strong>Modelo<\/strong><\/td>\n<td><strong>EAP773<\/strong><\/td>\n<\/tr>\n<tr>\n<td valign=\"top\"><strong>Interfaz<\/strong><\/td>\n<td>&#8211; 8 x puertos PON de 2,5G<br \/>\t\t\t&#8211; 2 x puertos de enlace ascendente SFP+ de 10 Gbps<br \/>\t\t\t&#8211; 1 x puerto de enlace ascendente RJ45 de 10\/100\/1000 Mbps<br \/>\t\t\t&#8211; 1 &times; puerto de consola RJ45<br \/>\t\t\t&#8211; 1 &times; puerto de administraci&oacute;n RJ45<br \/>\t\t\t&#8211; 1 &times; puerto de alarma (reservado)<\/td>\n<\/tr>\n<tr>\n<td valign=\"top\"><strong>Caracter&iacute;sticas de Software<\/strong><br \/>\t\t\t&nbsp;<\/td>\n<td>&#8211; Seguridad:&nbsp;&nbsp; &nbsp;<br \/>\t\t\t&nbsp; ACL<br \/>\t\t\t&nbsp; 802.1x Autenticaci&oacute;n<br \/>\t\t\t&nbsp; ARP Inspection<br \/>\t\t\t&nbsp; IP Source Guard<br \/>\t\t\t&#8211; DHCP: &nbsp;&nbsp; &nbsp;<br \/>\t\t\t&nbsp; DHCP Server<br \/>\t\t\t&nbsp; DHCP Relay<br \/>\t\t\t&#8211; OMCI: Standard OMCI Management SupportedAutenticaci&oacute;n<br \/>\t\t\t&#8211; Seguridad ONU:<br \/>\t\t\t&nbsp; Detecci&oacute;n y aislamiento de Rouge ONU<br \/>\t\t\t&nbsp; Cifrado de datos de enlace ascendente y descendente<br \/>\t\t\t&#8211; Multiservicio Identificaci&oacute;n de tr&aacute;fico multiservicio y limitaci&oacute;n de velocidad QoS:&nbsp;<br \/>\t\t\t&nbsp; IEEE 802.1p\/DSCP QoS<br \/>\t\t\t&nbsp; Voice VLAN<br \/>\t\t\t&nbsp; Auto VoIP<br \/>\t\t\t&#8211; Enrutamiento: Static Routing<br \/>\t\t\t&#8211; Mulitcast:<br \/>\t\t\t&nbsp; IGMP Snooping<br \/>\t\t\t&nbsp; MLD Snooping<br \/>\t\t\t&#8211; Gesti&oacute;n centralizada: &nbsp;&nbsp; &nbsp;<br \/>\t\t\t&nbsp; Gesti&oacute;n de dispositivos a gran escala<br \/>\t\t\t&nbsp; Configuraci&oacute;n, actualizaci&oacute;n y reinicio por lotes de OLT<br \/>\t\t\t&nbsp; Gesti&oacute;n multisitio<br \/>\t\t\t&nbsp; Monitoreo de red inteligente<br \/>\t\t\t&nbsp; Descripci&oacute;n general de la red en tiempo real<br \/>\t\t\t&#8211; Atributo de puerto GPON<br \/>\t\t\t&#8211; M&aacute;x. Relaci&oacute;n de divisi&oacute;n: 1:128<br \/>\t\t\t&#8211; Distancia de transmisi&oacute;n: 20 km<br \/>\t\t\t&#8211; Velocidad de datos<br \/>\t\t\t&nbsp; Downstream: 2.5 Gbps<br \/>\t\t\t&nbsp; Upstream: 1.25 Gbps<br \/>\t\t\t&#8211; Longitud de onda:&nbsp;<br \/>\t\t\t&nbsp; Tx: 1490 nm<br \/>\t\t\t&nbsp; Rx: 1310 nm<br \/>\t\t\t&#8211; Tipo de interfaz: SC\/UPC<br \/>\t\t\t&#8211; Tipo de fibra: 9\/125&mu;m SMF (Single Mode Fiber)<br \/>\t\t\t&#8211; Potencia TX: Class C+<\/td>\n<\/tr>\n<tr>\n<td valign=\"top\"><strong>Caracter&iacute;sticas<\/strong><\/td>\n<td>&#8211; Botones: Bot&oacute;n de reinicio<br \/>\t\t\t&#8211; Fuente de Alimentaci&oacute;n:<br \/>\t\t\t&nbsp; Fuentes de alimentaci&oacute;n duales: 2 AC, 2 DC or AC+DC,<br \/>\t\t\t&nbsp; AC: 100V~240V, 50\/60Hz<br \/>\t\t\t&nbsp; DC: -38.4V~-72V<br \/>\t\t\t&#8211; Consumo de Potencia: <strong>Max. 70W<\/strong><br \/>\t\t\t&#8211; Certificaciones: CE,FCC&nbsp;&nbsp; &nbsp;<br \/>\t\t\t&#8211; Temperatura de funcionamiento: 0&ordm;C ~50&ordm;C<br \/>\t\t\t&#8211; Temperatura de almacenamiento: -40&ordm;C ~ 70&ordm;C&nbsp;<br \/>\t\t\t<strong>Dimensiones<\/strong><br \/>\t\t\t&#8211; 440 &times; 260 &times; 44 mm<br \/>\t\t\t<strong>Contenido&nbsp;<\/strong><br \/>\t\t\t&#8211; Dispositivo OLT<br \/>\t\t\t&#8211; Cable de alimentaci&oacute;n y cable de consola<br \/>\t\t\t&#8211; Gu&iacute;a de instalaci&oacute;n<br \/>\t\t\t&#8211; Soportes de montaje, tornillos y pies de goma<\/td>\n<\/tr>\n<tr>\n<td valign=\"top\"><strong>Fecha de revisi&oacute;n<\/strong><\/td>\n<td>19-08-2024 por RTY<\/td>\n<\/tr>\n<\/table>\n","protected":false},"excerpt":{"rendered":"<p>Marca TP-Link Modelo EAP773 Interfaz &#8211; 8 x puertos PON de 2,5G &#8211; 2 x puertos de enlace ascendente SFP+ de 10 Gbps &#8211; 1 x puerto de enlace ascendente RJ45 de 10\/100\/1000 Mbps &#8211; 1 &times; puerto de consola RJ45 &#8211; 1 &times; puerto de administraci&oacute;n RJ45 &#8211; 1 &times; puerto de alarma (reservado)&hellip;&nbsp;<a href=\"https:\/\/aivlisoft.net\/shop\/producto\/tp-link-ds-p7001-08-olt-gpon-8x2-5g-pon-2x10gb-sfp\/\" rel=\"bookmark\"><span class=\"screen-reader-text\">TP-Link DS-P7001-08 OLT GPON 8&#215;2.5G PON 2x10Gb SFP<\/span><\/a><\/p>\n","protected":false},"featured_media":18912,"template":"","meta":{"neve_meta_sidebar":"","neve_meta_container":"","neve_meta_enable_content_width":"","neve_meta_content_width":0,"neve_meta_title_alignment":"","neve_meta_author_avatar":"","neve_post_elements_order":"","neve_meta_disable_header":"","neve_meta_disable_footer":"","neve_meta_disable_title":""},"product_brand":[],"product_cat":[8769],"product_tag":[6869],"class_list":{"0":"post-18911","1":"product","2":"type-product","3":"status-publish","4":"has-post-thumbnail","6":"product_cat-routers-redes-con-cable","7":"product_tag-ds-p7001-08","9":"first","10":"instock","11":"taxable","12":"shipping-taxable","13":"purchasable","14":"product-type-simple"},"yoast_head":"<!-- This site is optimized with the Yoast SEO plugin v26.0 - https:\/\/yoast.com\/wordpress\/plugins\/seo\/ -->\n<title>TP-Link DS-P7001-08 OLT GPON 8x2.5G PON 2x10Gb SFP - Aivlisoft Inform\u00e1tica<\/title>\n<meta name=\"robots\" content=\"index, follow, max-snippet:-1, max-image-preview:large, max-video-preview:-1\" \/>\n<link rel=\"canonical\" href=\"https:\/\/aivlisoft.net\/shop\/producto\/tp-link-ds-p7001-08-olt-gpon-8x2-5g-pon-2x10gb-sfp\/\" \/>\n<meta property=\"og:locale\" content=\"es_ES\" \/>\n<meta property=\"og:type\" content=\"article\" \/>\n<meta property=\"og:title\" content=\"TP-Link DS-P7001-08 OLT GPON 8x2.5G PON 2x10Gb SFP - Aivlisoft Inform\u00e1tica\" \/>\n<meta property=\"og:description\" content=\"Marca TP-Link Modelo EAP773 Interfaz &#8211; 8 x puertos PON de 2,5G &#8211; 2 x puertos de enlace ascendente SFP+ de 10 Gbps &#8211; 1 x puerto de enlace ascendente RJ45 de 10\/100\/1000 Mbps &#8211; 1 &times; puerto de consola RJ45 &#8211; 1 &times; puerto de administraci&oacute;n RJ45 &#8211; 1 &times; puerto de alarma (reservado)&hellip;&nbsp;TP-Link DS-P7001-08 OLT GPON 8&#215;2.5G PON 2x10Gb SFP\" \/>\n<meta property=\"og:url\" content=\"https:\/\/aivlisoft.net\/shop\/producto\/tp-link-ds-p7001-08-olt-gpon-8x2-5g-pon-2x10gb-sfp\/\" \/>\n<meta property=\"og:site_name\" content=\"Aivlisoft Inform\u00e1tica\" \/>\n<meta property=\"article:modified_time\" content=\"2025-01-14T11:42:04+00:00\" \/>\n<meta property=\"og:image\" content=\"https:\/\/aivlisoft.net\/shop\/wp-content\/uploads\/2025\/01\/NROCAB0100_800.jpg\" \/>\n\t<meta property=\"og:image:width\" content=\"800\" \/>\n\t<meta property=\"og:image:height\" content=\"800\" \/>\n\t<meta property=\"og:image:type\" content=\"image\/jpeg\" \/>\n<meta name=\"twitter:card\" content=\"summary_large_image\" \/>\n<meta name=\"twitter:label1\" content=\"Tiempo de lectura\" \/>\n\t<meta name=\"twitter:data1\" content=\"2 minutos\" \/>\n<script type=\"application\/ld+json\" class=\"yoast-schema-graph\">{\"@context\":\"https:\/\/schema.org\",\"@graph\":[{\"@type\":\"WebPage\",\"@id\":\"https:\/\/aivlisoft.net\/shop\/producto\/tp-link-ds-p7001-08-olt-gpon-8x2-5g-pon-2x10gb-sfp\/\",\"url\":\"https:\/\/aivlisoft.net\/shop\/producto\/tp-link-ds-p7001-08-olt-gpon-8x2-5g-pon-2x10gb-sfp\/\",\"name\":\"TP-Link DS-P7001-08 OLT GPON 8x2.5G PON 2x10Gb SFP - Aivlisoft Inform\u00e1tica\",\"isPartOf\":{\"@id\":\"https:\/\/aivlisoft.net\/shop\/#website\"},\"primaryImageOfPage\":{\"@id\":\"https:\/\/aivlisoft.net\/shop\/producto\/tp-link-ds-p7001-08-olt-gpon-8x2-5g-pon-2x10gb-sfp\/#primaryimage\"},\"image\":{\"@id\":\"https:\/\/aivlisoft.net\/shop\/producto\/tp-link-ds-p7001-08-olt-gpon-8x2-5g-pon-2x10gb-sfp\/#primaryimage\"},\"thumbnailUrl\":\"https:\/\/aivlisoft.net\/shop\/wp-content\/uploads\/2025\/01\/NROCAB0100_800.jpg\",\"datePublished\":\"2025-01-13T15:26:54+00:00\",\"dateModified\":\"2025-01-14T11:42:04+00:00\",\"breadcrumb\":{\"@id\":\"https:\/\/aivlisoft.net\/shop\/producto\/tp-link-ds-p7001-08-olt-gpon-8x2-5g-pon-2x10gb-sfp\/#breadcrumb\"},\"inLanguage\":\"es\",\"potentialAction\":[{\"@type\":\"ReadAction\",\"target\":[\"https:\/\/aivlisoft.net\/shop\/producto\/tp-link-ds-p7001-08-olt-gpon-8x2-5g-pon-2x10gb-sfp\/\"]}]},{\"@type\":\"ImageObject\",\"inLanguage\":\"es\",\"@id\":\"https:\/\/aivlisoft.net\/shop\/producto\/tp-link-ds-p7001-08-olt-gpon-8x2-5g-pon-2x10gb-sfp\/#primaryimage\",\"url\":\"https:\/\/aivlisoft.net\/shop\/wp-content\/uploads\/2025\/01\/NROCAB0100_800.jpg\",\"contentUrl\":\"https:\/\/aivlisoft.net\/shop\/wp-content\/uploads\/2025\/01\/NROCAB0100_800.jpg\",\"width\":800,\"height\":800},{\"@type\":\"BreadcrumbList\",\"@id\":\"https:\/\/aivlisoft.net\/shop\/producto\/tp-link-ds-p7001-08-olt-gpon-8x2-5g-pon-2x10gb-sfp\/#breadcrumb\",\"itemListElement\":[{\"@type\":\"ListItem\",\"position\":1,\"name\":\"Portada\",\"item\":\"https:\/\/aivlisoft.net\/shop\/\"},{\"@type\":\"ListItem\",\"position\":2,\"name\":\"Tienda\",\"item\":\"https:\/\/aivlisoft.net\/shop\/tienda\/\"},{\"@type\":\"ListItem\",\"position\":3,\"name\":\"TP-Link DS-P7001-08 OLT GPON 8&#215;2.5G PON 2x10Gb SFP\"}]},{\"@type\":\"WebSite\",\"@id\":\"https:\/\/aivlisoft.net\/shop\/#website\",\"url\":\"https:\/\/aivlisoft.net\/shop\/\",\"name\":\"Aivlisoft Inform\u00e1tica\",\"description\":\"En Aivlisoft Inform\u00e1tica ofrecemos soluciones tecnol\u00f3gicas para empresas: venta de ordenadores, consumibles, perif\u00e9ricos y m\u00e1s. Calidad, atenci\u00f3n personalizada y los mejores precios para tu negocio.\",\"publisher\":{\"@id\":\"https:\/\/aivlisoft.net\/shop\/#organization\"},\"potentialAction\":[{\"@type\":\"SearchAction\",\"target\":{\"@type\":\"EntryPoint\",\"urlTemplate\":\"https:\/\/aivlisoft.net\/shop\/?s={search_term_string}\"},\"query-input\":{\"@type\":\"PropertyValueSpecification\",\"valueRequired\":true,\"valueName\":\"search_term_string\"}}],\"inLanguage\":\"es\"},{\"@type\":\"Organization\",\"@id\":\"https:\/\/aivlisoft.net\/shop\/#organization\",\"name\":\"Aivlisoft Inform\u00e1tica\",\"url\":\"https:\/\/aivlisoft.net\/shop\/\",\"logo\":{\"@type\":\"ImageObject\",\"inLanguage\":\"es\",\"@id\":\"https:\/\/aivlisoft.net\/shop\/#\/schema\/logo\/image\/\",\"url\":\"https:\/\/aivlisoft.net\/shop\/wp-content\/uploads\/2024\/12\/removal.ai_5b848c54-0cdf-4140-95c5-c5536bb7573b-logodef.png\",\"contentUrl\":\"https:\/\/aivlisoft.net\/shop\/wp-content\/uploads\/2024\/12\/removal.ai_5b848c54-0cdf-4140-95c5-c5536bb7573b-logodef.png\",\"width\":484,\"height\":182,\"caption\":\"Aivlisoft Inform\u00e1tica\"},\"image\":{\"@id\":\"https:\/\/aivlisoft.net\/shop\/#\/schema\/logo\/image\/\"}}]}<\/script>\n<!-- \/ Yoast SEO plugin. -->","yoast_head_json":{"title":"TP-Link DS-P7001-08 OLT GPON 8x2.5G PON 2x10Gb SFP - Aivlisoft Inform\u00e1tica","robots":{"index":"index","follow":"follow","max-snippet":"max-snippet:-1","max-image-preview":"max-image-preview:large","max-video-preview":"max-video-preview:-1"},"canonical":"https:\/\/aivlisoft.net\/shop\/producto\/tp-link-ds-p7001-08-olt-gpon-8x2-5g-pon-2x10gb-sfp\/","og_locale":"es_ES","og_type":"article","og_title":"TP-Link DS-P7001-08 OLT GPON 8x2.5G PON 2x10Gb SFP - Aivlisoft Inform\u00e1tica","og_description":"Marca TP-Link Modelo EAP773 Interfaz &#8211; 8 x puertos PON de 2,5G &#8211; 2 x puertos de enlace ascendente SFP+ de 10 Gbps &#8211; 1 x puerto de enlace ascendente RJ45 de 10\/100\/1000 Mbps &#8211; 1 &times; puerto de consola RJ45 &#8211; 1 &times; puerto de administraci&oacute;n RJ45 &#8211; 1 &times; puerto de alarma (reservado)&hellip;&nbsp;TP-Link DS-P7001-08 OLT GPON 8&#215;2.5G PON 2x10Gb SFP","og_url":"https:\/\/aivlisoft.net\/shop\/producto\/tp-link-ds-p7001-08-olt-gpon-8x2-5g-pon-2x10gb-sfp\/","og_site_name":"Aivlisoft Inform\u00e1tica","article_modified_time":"2025-01-14T11:42:04+00:00","og_image":[{"width":800,"height":800,"url":"https:\/\/aivlisoft.net\/shop\/wp-content\/uploads\/2025\/01\/NROCAB0100_800.jpg","type":"image\/jpeg"}],"twitter_card":"summary_large_image","twitter_misc":{"Tiempo de lectura":"2 minutos"},"schema":{"@context":"https:\/\/schema.org","@graph":[{"@type":"WebPage","@id":"https:\/\/aivlisoft.net\/shop\/producto\/tp-link-ds-p7001-08-olt-gpon-8x2-5g-pon-2x10gb-sfp\/","url":"https:\/\/aivlisoft.net\/shop\/producto\/tp-link-ds-p7001-08-olt-gpon-8x2-5g-pon-2x10gb-sfp\/","name":"TP-Link DS-P7001-08 OLT GPON 8x2.5G PON 2x10Gb SFP - Aivlisoft Inform\u00e1tica","isPartOf":{"@id":"https:\/\/aivlisoft.net\/shop\/#website"},"primaryImageOfPage":{"@id":"https:\/\/aivlisoft.net\/shop\/producto\/tp-link-ds-p7001-08-olt-gpon-8x2-5g-pon-2x10gb-sfp\/#primaryimage"},"image":{"@id":"https:\/\/aivlisoft.net\/shop\/producto\/tp-link-ds-p7001-08-olt-gpon-8x2-5g-pon-2x10gb-sfp\/#primaryimage"},"thumbnailUrl":"https:\/\/aivlisoft.net\/shop\/wp-content\/uploads\/2025\/01\/NROCAB0100_800.jpg","datePublished":"2025-01-13T15:26:54+00:00","dateModified":"2025-01-14T11:42:04+00:00","breadcrumb":{"@id":"https:\/\/aivlisoft.net\/shop\/producto\/tp-link-ds-p7001-08-olt-gpon-8x2-5g-pon-2x10gb-sfp\/#breadcrumb"},"inLanguage":"es","potentialAction":[{"@type":"ReadAction","target":["https:\/\/aivlisoft.net\/shop\/producto\/tp-link-ds-p7001-08-olt-gpon-8x2-5g-pon-2x10gb-sfp\/"]}]},{"@type":"ImageObject","inLanguage":"es","@id":"https:\/\/aivlisoft.net\/shop\/producto\/tp-link-ds-p7001-08-olt-gpon-8x2-5g-pon-2x10gb-sfp\/#primaryimage","url":"https:\/\/aivlisoft.net\/shop\/wp-content\/uploads\/2025\/01\/NROCAB0100_800.jpg","contentUrl":"https:\/\/aivlisoft.net\/shop\/wp-content\/uploads\/2025\/01\/NROCAB0100_800.jpg","width":800,"height":800},{"@type":"BreadcrumbList","@id":"https:\/\/aivlisoft.net\/shop\/producto\/tp-link-ds-p7001-08-olt-gpon-8x2-5g-pon-2x10gb-sfp\/#breadcrumb","itemListElement":[{"@type":"ListItem","position":1,"name":"Portada","item":"https:\/\/aivlisoft.net\/shop\/"},{"@type":"ListItem","position":2,"name":"Tienda","item":"https:\/\/aivlisoft.net\/shop\/tienda\/"},{"@type":"ListItem","position":3,"name":"TP-Link DS-P7001-08 OLT GPON 8&#215;2.5G PON 2x10Gb SFP"}]},{"@type":"WebSite","@id":"https:\/\/aivlisoft.net\/shop\/#website","url":"https:\/\/aivlisoft.net\/shop\/","name":"Aivlisoft Inform\u00e1tica","description":"En Aivlisoft Inform\u00e1tica ofrecemos soluciones tecnol\u00f3gicas para empresas: venta de ordenadores, consumibles, perif\u00e9ricos y m\u00e1s. Calidad, atenci\u00f3n personalizada y los mejores precios para tu negocio.","publisher":{"@id":"https:\/\/aivlisoft.net\/shop\/#organization"},"potentialAction":[{"@type":"SearchAction","target":{"@type":"EntryPoint","urlTemplate":"https:\/\/aivlisoft.net\/shop\/?s={search_term_string}"},"query-input":{"@type":"PropertyValueSpecification","valueRequired":true,"valueName":"search_term_string"}}],"inLanguage":"es"},{"@type":"Organization","@id":"https:\/\/aivlisoft.net\/shop\/#organization","name":"Aivlisoft Inform\u00e1tica","url":"https:\/\/aivlisoft.net\/shop\/","logo":{"@type":"ImageObject","inLanguage":"es","@id":"https:\/\/aivlisoft.net\/shop\/#\/schema\/logo\/image\/","url":"https:\/\/aivlisoft.net\/shop\/wp-content\/uploads\/2024\/12\/removal.ai_5b848c54-0cdf-4140-95c5-c5536bb7573b-logodef.png","contentUrl":"https:\/\/aivlisoft.net\/shop\/wp-content\/uploads\/2024\/12\/removal.ai_5b848c54-0cdf-4140-95c5-c5536bb7573b-logodef.png","width":484,"height":182,"caption":"Aivlisoft Inform\u00e1tica"},"image":{"@id":"https:\/\/aivlisoft.net\/shop\/#\/schema\/logo\/image\/"}}]}},"_links":{"self":[{"href":"https:\/\/aivlisoft.net\/shop\/wp-json\/wp\/v2\/product\/18911","targetHints":{"allow":["GET"]}}],"collection":[{"href":"https:\/\/aivlisoft.net\/shop\/wp-json\/wp\/v2\/product"}],"about":[{"href":"https:\/\/aivlisoft.net\/shop\/wp-json\/wp\/v2\/types\/product"}],"wp:featuredmedia":[{"embeddable":true,"href":"https:\/\/aivlisoft.net\/shop\/wp-json\/wp\/v2\/media\/18912"}],"wp:attachment":[{"href":"https:\/\/aivlisoft.net\/shop\/wp-json\/wp\/v2\/media?parent=18911"}],"wp:term":[{"taxonomy":"product_brand","embeddable":true,"href":"https:\/\/aivlisoft.net\/shop\/wp-json\/wp\/v2\/product_brand?post=18911"},{"taxonomy":"product_cat","embeddable":true,"href":"https:\/\/aivlisoft.net\/shop\/wp-json\/wp\/v2\/product_cat?post=18911"},{"taxonomy":"product_tag","embeddable":true,"href":"https:\/\/aivlisoft.net\/shop\/wp-json\/wp\/v2\/product_tag?post=18911"}],"curies":[{"name":"wp","href":"https:\/\/api.w.org\/{rel}","templated":true}]}}