{"id":18904,"date":"2025-01-13T15:26:51","date_gmt":"2025-01-13T15:26:51","guid":{"rendered":"https:\/\/aivlisoft.com\/?post_type=product&#038;p=18904"},"modified":"2025-01-14T11:42:02","modified_gmt":"2025-01-14T11:42:02","slug":"grandstream-gwn7003-router-2xsfp-9xgbe-lan-wan-dpi","status":"publish","type":"product","link":"https:\/\/aivlisoft.net\/shop\/producto\/grandstream-gwn7003-router-2xsfp-9xgbe-lan-wan-dpi\/","title":{"rendered":"Grandstream GWN7003 Router 2xSFP 9xGbE LAN\/WAN DPI"},"content":{"rendered":"<p><\/p>\n<p>&nbsp;<\/p>\n<table class=\"tabla_caracteristicas k-table\" width=\"100%\">\n<tr>\n<td valign=\"top\"><strong>Marca<\/strong><\/td>\n<td>Grandstream<\/td>\n<\/tr>\n<tr>\n<td valign=\"top\"><strong>Modelo<\/strong><\/td>\n<td valign=\"top\"><strong>GWN7003<\/strong><\/td>\n<\/tr>\n<tr>\n<td valign=\"top\">\n<div><strong>Caracteristicas <\/strong><\/div>\n<div><strong>de hardware<\/strong><\/div>\n<\/td>\n<td>&#8211; CPU: Doble ARM Cortex A53 1GHz<br \/>\t\t\t&#8211; Sesiones de memoria y NAT: 512 MB de RAM, 256 MB de Flash, 60,000 sesiones NAT<br \/>\t\t\t&#8211; Interfaces de red: 2 puertos Gigabit SFP y 9 puertos Gigabit Ethernet<br \/>\t\t\t*Todos los puertos son compatibles con WAN\/LAN configurable<br \/>\t\t\t&#8211; NAT Throughput: 2.2Gbps<br \/>\t\t\t&#8211; IPsec VPN Throughput 530Mbps<br \/>\t\t\t&#8211; Puertos auxiliares: 1 puerto USB 2.0, 1 orificio de reinicio<br \/>\t\t\t&#8211; Instalaci&oacute;n: Montaje en escritorio y pared<br \/>\t\t\t&#8211; LEDs: 13x LED seguimiento del dispositivo y estado<br \/>\t\t\t&#8211; Tipo de conecci&oacute;n DHCP, IP est&aacute;tica, PPPoE, PPTP, L2TP<br \/>\t\t\t&#8211; Protocolos de red IPv4, IPv6, IEEE802.1Q,IEEE 802.1p, IEEE802.1x, IEEE802.3, IEEE 802.3u, IEEE 802.3x,IEEE802.3ab<br \/>\t\t\t&#8211; QoS<br \/>\t\t\t&nbsp; VLAN, TOS<br \/>\t\t\t&nbsp; Admite m&uacute;ltiples clases de tr&aacute;fico, filtra por puerto, direcci&oacute;n IP, DSCP y vigilancia<br \/>\t\t\t&nbsp; Calidad de servicio de la aplicaci&oacute;n<br \/>\t\t\t&nbsp; Priorizaci&oacute;n de VoIP<br \/>\t\t\t&#8211; Firewall: DDNS, Reenv&iacute;o de puertos, DMZ, UPnP, Anti-DoS, reglas de tr&aacute;fico, NAT, ALG<br \/>\t\t\t&#8211; Seguridad:<br \/>\t\t\t&nbsp; Supervisi&oacute;n de aplicaciones\/protocolos y estad&iacute;sticas de tr&aacute;fico<br \/>\t\t\t&nbsp; Filtrado de contenido: Soporta Filtrado de Contenido de Aplicaci&oacute;n\/URL\/DNS\/Web<br \/>\t\t\t&nbsp; B&uacute;squeda segura<br \/>\t\t\t&#8211; VPN:<br \/>\t\t\t&nbsp; Servidor SSL VPN \/ Cliente a sitio<br \/>\t\t\t&nbsp; IPsec VPN Cliente a sitio \/ Sitio a sitio<br \/>\t\t\t&nbsp; Servidor VPN PPTP \/ Cliente a sitio<br \/>\t\t\t&nbsp; Cliente a sitio L2TP<br \/>\t\t\t&nbsp; WireGuard (funci&oacute;n pendiente)<br \/>\t\t\t&nbsp; Cifrado IPSec: DES, 3DES, AES<br \/>\t\t\t&nbsp; Autenticaci&oacute;n IPSec: MD5, SHA-1, SHA2-256<br \/>\t\t\t&nbsp; Intercambio de clave IPSec: modo principal\/agresivo, clave precompartida, grupos DH 1\/2\/5\/14<br \/>\t\t\t&nbsp; Protocolos IPSec: ESP<br \/>\t\t\t&nbsp; NAT transversal de IPSec<br \/>\t\t\t&nbsp; Cifrado VPN SSL: AES, DES<br \/>\t\t\t&nbsp; Autenticaci&oacute;n SSL: MD5, SHA-1, SHA2-256, SHA2-384, SHA2-512<br \/>\t\t\t&nbsp; Certificado SSL VPN: RSA<br \/>\t\t\t&nbsp; Cifrado PPTP: MPPE de 40 bits, 128 bits, IPSec<br \/>\t\t\t&nbsp; Autenticaci&oacute;n PPTP\/L2TP: MS-CHAPv1\/2<br \/>\t\t\t&#8211; M&aacute;ximo de t&uacute;neles VPN: Hasta 100 T&uacute;neles<br \/>\t\t\t&#8211; Administraci&oacute;n de redes: Hasta 150 puntos de acceso GWN<br \/>\t\t\t*GWN.Cloud es la plataforma de administraci&oacute;n en la nube gratuita para routers y puntos de acceso GWN<br \/>\t\t\t&#8211; Entrada PoE: Est&aacute;ndar IEEE 802.3af\/en<br \/>\t\t\t&#8211; Salida PoE:<br \/>\t\t\t&nbsp; 2 puertos de salida PoE<br \/>\t\t\t&nbsp; Pasivo 48V o IEEE802.3af<br \/>\t\t\t&#8211; Capacidad de energ&iacute;a PoE :<br \/>\t\t\t&nbsp; 24V DC 1A: 12.8W<br \/>\t\t\t&nbsp; 24V DC 1.5A: 24.8W<br \/>\t\t\t&#8211; Energ&iacute;a y Eficiencia<br \/>\t\t\t&nbsp; Adaptador de corriente universal incluido<br \/>\t\t\t&nbsp; Entrada: 100-240 VCA 50-60 Hz<br \/>\t\t\t&nbsp; Salida: 24V CC 1A (24W)<br \/>\t\t\t&#8211; Condiciones ambientales<br \/>\t\t\t&nbsp; Operaci&oacute;n: 0&deg;C a 40&deg;C<br \/>\t\t\t&nbsp; Temperatura: -30&deg;C a 60&deg;C<br \/>\t\t\t&nbsp; Humedad: 10% a 90% sin condensaci&oacute;n<br \/>\t\t\t<strong>Dimensiones y peso:<\/strong><br \/>\t\t\t&#8211; 260 x 149.35 x 35 mm<br \/>\t\t\t&#8211; 1096g<\/td>\n<\/tr>\n<tr>\n<td valign=\"top\"><strong>Fecha Revisi&oacute;n<\/strong><\/td>\n<td>23-06-2023 por RTY<\/td>\n<\/tr>\n<\/table>\n","protected":false},"excerpt":{"rendered":"<p>&nbsp; Marca Grandstream Modelo GWN7003 Caracteristicas de hardware &#8211; CPU: Doble ARM Cortex A53 1GHz &#8211; Sesiones de memoria y NAT: 512 MB de RAM, 256 MB de Flash, 60,000 sesiones NAT &#8211; Interfaces de red: 2 puertos Gigabit SFP y 9 puertos Gigabit Ethernet *Todos los puertos son compatibles con WAN\/LAN configurable &#8211; NAT&hellip;&nbsp;<a href=\"https:\/\/aivlisoft.net\/shop\/producto\/grandstream-gwn7003-router-2xsfp-9xgbe-lan-wan-dpi\/\" rel=\"bookmark\"><span class=\"screen-reader-text\">Grandstream GWN7003 Router 2xSFP 9xGbE LAN\/WAN DPI<\/span><\/a><\/p>\n","protected":false},"featured_media":18905,"template":"","meta":{"neve_meta_sidebar":"","neve_meta_container":"","neve_meta_enable_content_width":"","neve_meta_content_width":0,"neve_meta_title_alignment":"","neve_meta_author_avatar":"","neve_post_elements_order":"","neve_meta_disable_header":"","neve_meta_disable_footer":"","neve_meta_disable_title":""},"product_brand":[],"product_cat":[8769],"product_tag":[6867],"class_list":{"0":"post-18904","1":"product","2":"type-product","3":"status-publish","4":"has-post-thumbnail","6":"product_cat-routers-redes-con-cable","7":"product_tag-gwn7003","9":"first","10":"instock","11":"taxable","12":"shipping-taxable","13":"purchasable","14":"product-type-simple"},"yoast_head":"<!-- This site is optimized with the Yoast SEO plugin v26.0 - https:\/\/yoast.com\/wordpress\/plugins\/seo\/ -->\n<title>Grandstream GWN7003 Router 2xSFP 9xGbE LAN\/WAN DPI - Aivlisoft Inform\u00e1tica<\/title>\n<meta name=\"robots\" content=\"index, follow, max-snippet:-1, max-image-preview:large, max-video-preview:-1\" \/>\n<link rel=\"canonical\" href=\"https:\/\/aivlisoft.net\/shop\/producto\/grandstream-gwn7003-router-2xsfp-9xgbe-lan-wan-dpi\/\" \/>\n<meta property=\"og:locale\" content=\"es_ES\" \/>\n<meta property=\"og:type\" content=\"article\" \/>\n<meta property=\"og:title\" content=\"Grandstream GWN7003 Router 2xSFP 9xGbE LAN\/WAN DPI - Aivlisoft Inform\u00e1tica\" \/>\n<meta property=\"og:description\" content=\"&nbsp; Marca Grandstream Modelo GWN7003 Caracteristicas de hardware &#8211; CPU: Doble ARM Cortex A53 1GHz &#8211; Sesiones de memoria y NAT: 512 MB de RAM, 256 MB de Flash, 60,000 sesiones NAT &#8211; Interfaces de red: 2 puertos Gigabit SFP y 9 puertos Gigabit Ethernet *Todos los puertos son compatibles con WAN\/LAN configurable &#8211; NAT&hellip;&nbsp;Grandstream GWN7003 Router 2xSFP 9xGbE LAN\/WAN DPI\" \/>\n<meta property=\"og:url\" content=\"https:\/\/aivlisoft.net\/shop\/producto\/grandstream-gwn7003-router-2xsfp-9xgbe-lan-wan-dpi\/\" \/>\n<meta property=\"og:site_name\" content=\"Aivlisoft Inform\u00e1tica\" \/>\n<meta property=\"article:modified_time\" content=\"2025-01-14T11:42:02+00:00\" \/>\n<meta property=\"og:image\" content=\"https:\/\/aivlisoft.net\/shop\/wp-content\/uploads\/2025\/01\/NROCAB0098_800.jpg\" \/>\n\t<meta property=\"og:image:width\" content=\"800\" \/>\n\t<meta property=\"og:image:height\" content=\"800\" \/>\n\t<meta property=\"og:image:type\" content=\"image\/jpeg\" \/>\n<meta name=\"twitter:card\" content=\"summary_large_image\" \/>\n<meta name=\"twitter:label1\" content=\"Tiempo de lectura\" \/>\n\t<meta name=\"twitter:data1\" content=\"2 minutos\" \/>\n<script type=\"application\/ld+json\" class=\"yoast-schema-graph\">{\"@context\":\"https:\/\/schema.org\",\"@graph\":[{\"@type\":\"WebPage\",\"@id\":\"https:\/\/aivlisoft.net\/shop\/producto\/grandstream-gwn7003-router-2xsfp-9xgbe-lan-wan-dpi\/\",\"url\":\"https:\/\/aivlisoft.net\/shop\/producto\/grandstream-gwn7003-router-2xsfp-9xgbe-lan-wan-dpi\/\",\"name\":\"Grandstream GWN7003 Router 2xSFP 9xGbE LAN\/WAN DPI - Aivlisoft Inform\u00e1tica\",\"isPartOf\":{\"@id\":\"https:\/\/aivlisoft.net\/shop\/#website\"},\"primaryImageOfPage\":{\"@id\":\"https:\/\/aivlisoft.net\/shop\/producto\/grandstream-gwn7003-router-2xsfp-9xgbe-lan-wan-dpi\/#primaryimage\"},\"image\":{\"@id\":\"https:\/\/aivlisoft.net\/shop\/producto\/grandstream-gwn7003-router-2xsfp-9xgbe-lan-wan-dpi\/#primaryimage\"},\"thumbnailUrl\":\"https:\/\/aivlisoft.net\/shop\/wp-content\/uploads\/2025\/01\/NROCAB0098_800.jpg\",\"datePublished\":\"2025-01-13T15:26:51+00:00\",\"dateModified\":\"2025-01-14T11:42:02+00:00\",\"breadcrumb\":{\"@id\":\"https:\/\/aivlisoft.net\/shop\/producto\/grandstream-gwn7003-router-2xsfp-9xgbe-lan-wan-dpi\/#breadcrumb\"},\"inLanguage\":\"es\",\"potentialAction\":[{\"@type\":\"ReadAction\",\"target\":[\"https:\/\/aivlisoft.net\/shop\/producto\/grandstream-gwn7003-router-2xsfp-9xgbe-lan-wan-dpi\/\"]}]},{\"@type\":\"ImageObject\",\"inLanguage\":\"es\",\"@id\":\"https:\/\/aivlisoft.net\/shop\/producto\/grandstream-gwn7003-router-2xsfp-9xgbe-lan-wan-dpi\/#primaryimage\",\"url\":\"https:\/\/aivlisoft.net\/shop\/wp-content\/uploads\/2025\/01\/NROCAB0098_800.jpg\",\"contentUrl\":\"https:\/\/aivlisoft.net\/shop\/wp-content\/uploads\/2025\/01\/NROCAB0098_800.jpg\",\"width\":800,\"height\":800},{\"@type\":\"BreadcrumbList\",\"@id\":\"https:\/\/aivlisoft.net\/shop\/producto\/grandstream-gwn7003-router-2xsfp-9xgbe-lan-wan-dpi\/#breadcrumb\",\"itemListElement\":[{\"@type\":\"ListItem\",\"position\":1,\"name\":\"Portada\",\"item\":\"https:\/\/aivlisoft.net\/shop\/\"},{\"@type\":\"ListItem\",\"position\":2,\"name\":\"Tienda\",\"item\":\"https:\/\/aivlisoft.net\/shop\/tienda\/\"},{\"@type\":\"ListItem\",\"position\":3,\"name\":\"Grandstream GWN7003 Router 2xSFP 9xGbE LAN\/WAN DPI\"}]},{\"@type\":\"WebSite\",\"@id\":\"https:\/\/aivlisoft.net\/shop\/#website\",\"url\":\"https:\/\/aivlisoft.net\/shop\/\",\"name\":\"Aivlisoft Inform\u00e1tica\",\"description\":\"En Aivlisoft Inform\u00e1tica ofrecemos soluciones tecnol\u00f3gicas para empresas: venta de ordenadores, consumibles, perif\u00e9ricos y m\u00e1s. Calidad, atenci\u00f3n personalizada y los mejores precios para tu negocio.\",\"publisher\":{\"@id\":\"https:\/\/aivlisoft.net\/shop\/#organization\"},\"potentialAction\":[{\"@type\":\"SearchAction\",\"target\":{\"@type\":\"EntryPoint\",\"urlTemplate\":\"https:\/\/aivlisoft.net\/shop\/?s={search_term_string}\"},\"query-input\":{\"@type\":\"PropertyValueSpecification\",\"valueRequired\":true,\"valueName\":\"search_term_string\"}}],\"inLanguage\":\"es\"},{\"@type\":\"Organization\",\"@id\":\"https:\/\/aivlisoft.net\/shop\/#organization\",\"name\":\"Aivlisoft Inform\u00e1tica\",\"url\":\"https:\/\/aivlisoft.net\/shop\/\",\"logo\":{\"@type\":\"ImageObject\",\"inLanguage\":\"es\",\"@id\":\"https:\/\/aivlisoft.net\/shop\/#\/schema\/logo\/image\/\",\"url\":\"https:\/\/aivlisoft.net\/shop\/wp-content\/uploads\/2024\/12\/removal.ai_5b848c54-0cdf-4140-95c5-c5536bb7573b-logodef.png\",\"contentUrl\":\"https:\/\/aivlisoft.net\/shop\/wp-content\/uploads\/2024\/12\/removal.ai_5b848c54-0cdf-4140-95c5-c5536bb7573b-logodef.png\",\"width\":484,\"height\":182,\"caption\":\"Aivlisoft Inform\u00e1tica\"},\"image\":{\"@id\":\"https:\/\/aivlisoft.net\/shop\/#\/schema\/logo\/image\/\"}}]}<\/script>\n<!-- \/ Yoast SEO plugin. -->","yoast_head_json":{"title":"Grandstream GWN7003 Router 2xSFP 9xGbE LAN\/WAN DPI - Aivlisoft Inform\u00e1tica","robots":{"index":"index","follow":"follow","max-snippet":"max-snippet:-1","max-image-preview":"max-image-preview:large","max-video-preview":"max-video-preview:-1"},"canonical":"https:\/\/aivlisoft.net\/shop\/producto\/grandstream-gwn7003-router-2xsfp-9xgbe-lan-wan-dpi\/","og_locale":"es_ES","og_type":"article","og_title":"Grandstream GWN7003 Router 2xSFP 9xGbE LAN\/WAN DPI - Aivlisoft Inform\u00e1tica","og_description":"&nbsp; Marca Grandstream Modelo GWN7003 Caracteristicas de hardware &#8211; CPU: Doble ARM Cortex A53 1GHz &#8211; Sesiones de memoria y NAT: 512 MB de RAM, 256 MB de Flash, 60,000 sesiones NAT &#8211; Interfaces de red: 2 puertos Gigabit SFP y 9 puertos Gigabit Ethernet *Todos los puertos son compatibles con WAN\/LAN configurable &#8211; NAT&hellip;&nbsp;Grandstream GWN7003 Router 2xSFP 9xGbE LAN\/WAN DPI","og_url":"https:\/\/aivlisoft.net\/shop\/producto\/grandstream-gwn7003-router-2xsfp-9xgbe-lan-wan-dpi\/","og_site_name":"Aivlisoft Inform\u00e1tica","article_modified_time":"2025-01-14T11:42:02+00:00","og_image":[{"width":800,"height":800,"url":"https:\/\/aivlisoft.net\/shop\/wp-content\/uploads\/2025\/01\/NROCAB0098_800.jpg","type":"image\/jpeg"}],"twitter_card":"summary_large_image","twitter_misc":{"Tiempo de lectura":"2 minutos"},"schema":{"@context":"https:\/\/schema.org","@graph":[{"@type":"WebPage","@id":"https:\/\/aivlisoft.net\/shop\/producto\/grandstream-gwn7003-router-2xsfp-9xgbe-lan-wan-dpi\/","url":"https:\/\/aivlisoft.net\/shop\/producto\/grandstream-gwn7003-router-2xsfp-9xgbe-lan-wan-dpi\/","name":"Grandstream GWN7003 Router 2xSFP 9xGbE LAN\/WAN DPI - Aivlisoft Inform\u00e1tica","isPartOf":{"@id":"https:\/\/aivlisoft.net\/shop\/#website"},"primaryImageOfPage":{"@id":"https:\/\/aivlisoft.net\/shop\/producto\/grandstream-gwn7003-router-2xsfp-9xgbe-lan-wan-dpi\/#primaryimage"},"image":{"@id":"https:\/\/aivlisoft.net\/shop\/producto\/grandstream-gwn7003-router-2xsfp-9xgbe-lan-wan-dpi\/#primaryimage"},"thumbnailUrl":"https:\/\/aivlisoft.net\/shop\/wp-content\/uploads\/2025\/01\/NROCAB0098_800.jpg","datePublished":"2025-01-13T15:26:51+00:00","dateModified":"2025-01-14T11:42:02+00:00","breadcrumb":{"@id":"https:\/\/aivlisoft.net\/shop\/producto\/grandstream-gwn7003-router-2xsfp-9xgbe-lan-wan-dpi\/#breadcrumb"},"inLanguage":"es","potentialAction":[{"@type":"ReadAction","target":["https:\/\/aivlisoft.net\/shop\/producto\/grandstream-gwn7003-router-2xsfp-9xgbe-lan-wan-dpi\/"]}]},{"@type":"ImageObject","inLanguage":"es","@id":"https:\/\/aivlisoft.net\/shop\/producto\/grandstream-gwn7003-router-2xsfp-9xgbe-lan-wan-dpi\/#primaryimage","url":"https:\/\/aivlisoft.net\/shop\/wp-content\/uploads\/2025\/01\/NROCAB0098_800.jpg","contentUrl":"https:\/\/aivlisoft.net\/shop\/wp-content\/uploads\/2025\/01\/NROCAB0098_800.jpg","width":800,"height":800},{"@type":"BreadcrumbList","@id":"https:\/\/aivlisoft.net\/shop\/producto\/grandstream-gwn7003-router-2xsfp-9xgbe-lan-wan-dpi\/#breadcrumb","itemListElement":[{"@type":"ListItem","position":1,"name":"Portada","item":"https:\/\/aivlisoft.net\/shop\/"},{"@type":"ListItem","position":2,"name":"Tienda","item":"https:\/\/aivlisoft.net\/shop\/tienda\/"},{"@type":"ListItem","position":3,"name":"Grandstream GWN7003 Router 2xSFP 9xGbE LAN\/WAN DPI"}]},{"@type":"WebSite","@id":"https:\/\/aivlisoft.net\/shop\/#website","url":"https:\/\/aivlisoft.net\/shop\/","name":"Aivlisoft Inform\u00e1tica","description":"En Aivlisoft Inform\u00e1tica ofrecemos soluciones tecnol\u00f3gicas para empresas: venta de ordenadores, consumibles, perif\u00e9ricos y m\u00e1s. Calidad, atenci\u00f3n personalizada y los mejores precios para tu negocio.","publisher":{"@id":"https:\/\/aivlisoft.net\/shop\/#organization"},"potentialAction":[{"@type":"SearchAction","target":{"@type":"EntryPoint","urlTemplate":"https:\/\/aivlisoft.net\/shop\/?s={search_term_string}"},"query-input":{"@type":"PropertyValueSpecification","valueRequired":true,"valueName":"search_term_string"}}],"inLanguage":"es"},{"@type":"Organization","@id":"https:\/\/aivlisoft.net\/shop\/#organization","name":"Aivlisoft Inform\u00e1tica","url":"https:\/\/aivlisoft.net\/shop\/","logo":{"@type":"ImageObject","inLanguage":"es","@id":"https:\/\/aivlisoft.net\/shop\/#\/schema\/logo\/image\/","url":"https:\/\/aivlisoft.net\/shop\/wp-content\/uploads\/2024\/12\/removal.ai_5b848c54-0cdf-4140-95c5-c5536bb7573b-logodef.png","contentUrl":"https:\/\/aivlisoft.net\/shop\/wp-content\/uploads\/2024\/12\/removal.ai_5b848c54-0cdf-4140-95c5-c5536bb7573b-logodef.png","width":484,"height":182,"caption":"Aivlisoft Inform\u00e1tica"},"image":{"@id":"https:\/\/aivlisoft.net\/shop\/#\/schema\/logo\/image\/"}}]}},"_links":{"self":[{"href":"https:\/\/aivlisoft.net\/shop\/wp-json\/wp\/v2\/product\/18904","targetHints":{"allow":["GET"]}}],"collection":[{"href":"https:\/\/aivlisoft.net\/shop\/wp-json\/wp\/v2\/product"}],"about":[{"href":"https:\/\/aivlisoft.net\/shop\/wp-json\/wp\/v2\/types\/product"}],"wp:featuredmedia":[{"embeddable":true,"href":"https:\/\/aivlisoft.net\/shop\/wp-json\/wp\/v2\/media\/18905"}],"wp:attachment":[{"href":"https:\/\/aivlisoft.net\/shop\/wp-json\/wp\/v2\/media?parent=18904"}],"wp:term":[{"taxonomy":"product_brand","embeddable":true,"href":"https:\/\/aivlisoft.net\/shop\/wp-json\/wp\/v2\/product_brand?post=18904"},{"taxonomy":"product_cat","embeddable":true,"href":"https:\/\/aivlisoft.net\/shop\/wp-json\/wp\/v2\/product_cat?post=18904"},{"taxonomy":"product_tag","embeddable":true,"href":"https:\/\/aivlisoft.net\/shop\/wp-json\/wp\/v2\/product_tag?post=18904"}],"curies":[{"name":"wp","href":"https:\/\/api.w.org\/{rel}","templated":true}]}}