{"id":18887,"date":"2025-01-13T15:26:41","date_gmt":"2025-01-13T15:26:41","guid":{"rendered":"https:\/\/aivlisoft.com\/?post_type=product&#038;p=18887"},"modified":"2025-01-14T11:41:58","modified_gmt":"2025-01-14T11:41:58","slug":"mikrotik-rb5009uprsout-router-7xgbe-1xsfp-ip66","status":"publish","type":"product","link":"https:\/\/aivlisoft.net\/shop\/producto\/mikrotik-rb5009uprsout-router-7xgbe-1xsfp-ip66\/","title":{"rendered":"Mikrotik RB5009UPr+S+OUT Router 7xGbE 1xSFP+ IP66"},"content":{"rendered":"<p><\/p>\n<p>&nbsp;<\/p>\n<table class=\"tabla_caracteristicas k-table\" width=\"100%\">\n<tr>\n<td><strong>Marca<\/strong><\/td>\n<td>Mikrotik<\/td>\n<\/tr>\n<tr>\n<td valign=\"top\"><strong>Modelo<\/strong><\/td>\n<td><strong>RB5009UPr+S+OUT<\/strong><\/td>\n<\/tr>\n<tr>\n<td valign=\"top\"><strong>Caracter&iacute;sticas<\/strong><\/td>\n<td>&#8211; Arquitectura: ARM 64bit<br \/>\t\t\t&#8211; CPU: 88F7040<br \/>\t\t\t&#8211; CPU core count: 4<br \/>\t\t\t&#8211; Frecuencia nominal de la CPU: 350-1400 (auto) MHz<br \/>\t\t\t&#8211; Switch chip model: 88E6393<br \/>\t\t\t&#8211; Nivel de licencia: 5<br \/>\t\t\t&#8211; Sistema operativo: RouterOS (v7 only)<br \/>\t\t\t&#8211; Tama&ntilde;o de la memoria RAM: 1 GB<br \/>\t\t\t&#8211; Tama&ntilde;o de almacenamiento: 1 GB<br \/>\t\t\t&#8211; Tipo de almacenamiento: NAND<br \/>\t\t\t&#8211; MTBF: Approximadamente 200.000 horas a 25C<br \/>\t\t\t&#8211; Temperatura ambiente probada: -40&deg;C a 70&deg;C<br \/>\t\t\t&#8211; Aceleraci&oacute;n de hardware IPsec<br \/>\t\t\t<strong>Ethernet<\/strong><br \/>\t\t\t&#8211; 7 x puertos Ethernet 10\/100\/1000<br \/>\t\t\t&#8211; 7 x puertos Ethernet 1G con PoE inverso (PoE-in)<br \/>\t\t\t&#8211; 1 x puertos Ethernet 2.5G<br \/>\t\t\t&#8211; 1 x puertos Ethernet de 2,5 G con salida PoE<br \/>\t\t\t<strong>Puertos<\/strong><br \/>\t\t\t&#8211; 1 x puertos USB<br \/>\t\t\t&#8211; Reinicio de alimentaci&oacute;n USB<br \/>\t\t\t&#8211; Ranura USB tipo: USB 3.0 tipo A<br \/>\t\t\t&#8211; Corriente USB m&aacute;xima (A): 1<br \/>\t\t\t<strong>Salida PoE<\/strong><br \/>\t\t\t&#8211; Puertos de salida PoE: Ether1-Ether8<br \/>\t\t\t&#8211; Salida PoE:&nbsp;802.3af\/at<br \/>\t\t\t&#8211; Salida m&aacute;xima por puerto de salida (entrada 18-30 V): 620 mA<br \/>\t\t\t&#8211; Salida m&aacute;xima por salida de puerto (entrada 30-57 V): 420 mA<br \/>\t\t\t&#8211; Salida total m&aacute;xima (A): 2.59 A<br \/>\t\t\t&#8211; Corriente de salida total: 2.28<br \/>\t\t\t&#8211; Potencia de salida total: 120<br \/>\t\t\t<strong>Certificaciones<\/strong><br \/>\t\t\t&#8211; CE<br \/>\t\t\t&#8211; EAC<br \/>\t\t\t&#8211; ROHS<br \/>\t\t\t<strong>Alimentaci&oacute;n<\/strong><br \/>\t\t\t&#8211; N&uacute;mero de entradas de CC: 2 (PoE-IN, 2-pin terminal)<br \/>\t\t\t&#8211; Entrada de conector de CC Voltaje: 24-57 V<br \/>\t\t\t&#8211; Consumo m&aacute;ximo de energ&iacute;a: 150 W<br \/>\t\t\t&#8211; Consumo m&aacute;ximo de energ&iacute;a sin accesorios: 15 W<br \/>\t\t\t&#8211; Tipo de refrigeraci&oacute;n: Pasivo<br \/>\t\t\t&#8211; PoE en 802.3af\/at<br \/>\t\t\t&#8211; PoE en entrada Voltaje: 24-57 V<br \/>\t\t\t<strong>Incluye<\/strong><br \/>\t\t\t&#8211; 1 x Abrazadera de manguera 1<br \/>\t\t\t&#8211; Juego de fijaci&oacute;n K-72<br \/>\t\t\t&#8211; Juego de fijaci&oacute;n K-41<\/td>\n<\/tr>\n<tr>\n<td><strong>Fecha de revisi&oacute;n<\/strong><\/td>\n<td>25-04-2023 por RTY<\/td>\n<\/tr>\n<\/table>\n","protected":false},"excerpt":{"rendered":"<p>&nbsp; Marca Mikrotik Modelo RB5009UPr+S+OUT Caracter&iacute;sticas &#8211; Arquitectura: ARM 64bit &#8211; CPU: 88F7040 &#8211; CPU core count: 4 &#8211; Frecuencia nominal de la CPU: 350-1400 (auto) MHz &#8211; Switch chip model: 88E6393 &#8211; Nivel de licencia: 5 &#8211; Sistema operativo: RouterOS (v7 only) &#8211; Tama&ntilde;o de la memoria RAM: 1 GB &#8211; Tama&ntilde;o de almacenamiento:&hellip;&nbsp;<a href=\"https:\/\/aivlisoft.net\/shop\/producto\/mikrotik-rb5009uprsout-router-7xgbe-1xsfp-ip66\/\" rel=\"bookmark\"><span class=\"screen-reader-text\">Mikrotik RB5009UPr+S+OUT Router 7xGbE 1xSFP+ IP66<\/span><\/a><\/p>\n","protected":false},"featured_media":18888,"template":"","meta":{"neve_meta_sidebar":"","neve_meta_container":"","neve_meta_enable_content_width":"","neve_meta_content_width":0,"neve_meta_title_alignment":"","neve_meta_author_avatar":"","neve_post_elements_order":"","neve_meta_disable_header":"","neve_meta_disable_footer":"","neve_meta_disable_title":""},"product_brand":[],"product_cat":[8769],"product_tag":[6862],"class_list":{"0":"post-18887","1":"product","2":"type-product","3":"status-publish","4":"has-post-thumbnail","6":"product_cat-routers-redes-con-cable","7":"product_tag-rb5009uprsout","9":"first","10":"instock","11":"taxable","12":"shipping-taxable","13":"purchasable","14":"product-type-simple"},"yoast_head":"<!-- This site is optimized with the Yoast SEO plugin v26.0 - https:\/\/yoast.com\/wordpress\/plugins\/seo\/ -->\n<title>Mikrotik RB5009UPr+S+OUT Router 7xGbE 1xSFP+ IP66 - Aivlisoft Inform\u00e1tica<\/title>\n<meta name=\"robots\" content=\"index, follow, max-snippet:-1, max-image-preview:large, max-video-preview:-1\" \/>\n<link rel=\"canonical\" href=\"https:\/\/aivlisoft.net\/shop\/producto\/mikrotik-rb5009uprsout-router-7xgbe-1xsfp-ip66\/\" \/>\n<meta property=\"og:locale\" content=\"es_ES\" \/>\n<meta property=\"og:type\" content=\"article\" \/>\n<meta property=\"og:title\" content=\"Mikrotik RB5009UPr+S+OUT Router 7xGbE 1xSFP+ IP66 - Aivlisoft Inform\u00e1tica\" \/>\n<meta property=\"og:description\" content=\"&nbsp; Marca Mikrotik Modelo RB5009UPr+S+OUT Caracter&iacute;sticas &#8211; Arquitectura: ARM 64bit &#8211; CPU: 88F7040 &#8211; CPU core count: 4 &#8211; Frecuencia nominal de la CPU: 350-1400 (auto) MHz &#8211; Switch chip model: 88E6393 &#8211; Nivel de licencia: 5 &#8211; Sistema operativo: RouterOS (v7 only) &#8211; Tama&ntilde;o de la memoria RAM: 1 GB &#8211; Tama&ntilde;o de almacenamiento:&hellip;&nbsp;Mikrotik RB5009UPr+S+OUT Router 7xGbE 1xSFP+ IP66\" \/>\n<meta property=\"og:url\" content=\"https:\/\/aivlisoft.net\/shop\/producto\/mikrotik-rb5009uprsout-router-7xgbe-1xsfp-ip66\/\" \/>\n<meta property=\"og:site_name\" content=\"Aivlisoft Inform\u00e1tica\" \/>\n<meta property=\"article:modified_time\" content=\"2025-01-14T11:41:58+00:00\" \/>\n<meta property=\"og:image\" content=\"https:\/\/aivlisoft.net\/shop\/wp-content\/uploads\/2025\/01\/NROCAB0093_800.jpg\" \/>\n\t<meta property=\"og:image:width\" content=\"800\" \/>\n\t<meta property=\"og:image:height\" content=\"800\" \/>\n\t<meta property=\"og:image:type\" content=\"image\/jpeg\" \/>\n<meta name=\"twitter:card\" content=\"summary_large_image\" \/>\n<meta name=\"twitter:label1\" content=\"Tiempo de lectura\" \/>\n\t<meta name=\"twitter:data1\" content=\"2 minutos\" \/>\n<script type=\"application\/ld+json\" class=\"yoast-schema-graph\">{\"@context\":\"https:\/\/schema.org\",\"@graph\":[{\"@type\":\"WebPage\",\"@id\":\"https:\/\/aivlisoft.net\/shop\/producto\/mikrotik-rb5009uprsout-router-7xgbe-1xsfp-ip66\/\",\"url\":\"https:\/\/aivlisoft.net\/shop\/producto\/mikrotik-rb5009uprsout-router-7xgbe-1xsfp-ip66\/\",\"name\":\"Mikrotik RB5009UPr+S+OUT Router 7xGbE 1xSFP+ IP66 - Aivlisoft Inform\u00e1tica\",\"isPartOf\":{\"@id\":\"https:\/\/aivlisoft.net\/shop\/#website\"},\"primaryImageOfPage\":{\"@id\":\"https:\/\/aivlisoft.net\/shop\/producto\/mikrotik-rb5009uprsout-router-7xgbe-1xsfp-ip66\/#primaryimage\"},\"image\":{\"@id\":\"https:\/\/aivlisoft.net\/shop\/producto\/mikrotik-rb5009uprsout-router-7xgbe-1xsfp-ip66\/#primaryimage\"},\"thumbnailUrl\":\"https:\/\/aivlisoft.net\/shop\/wp-content\/uploads\/2025\/01\/NROCAB0093_800.jpg\",\"datePublished\":\"2025-01-13T15:26:41+00:00\",\"dateModified\":\"2025-01-14T11:41:58+00:00\",\"breadcrumb\":{\"@id\":\"https:\/\/aivlisoft.net\/shop\/producto\/mikrotik-rb5009uprsout-router-7xgbe-1xsfp-ip66\/#breadcrumb\"},\"inLanguage\":\"es\",\"potentialAction\":[{\"@type\":\"ReadAction\",\"target\":[\"https:\/\/aivlisoft.net\/shop\/producto\/mikrotik-rb5009uprsout-router-7xgbe-1xsfp-ip66\/\"]}]},{\"@type\":\"ImageObject\",\"inLanguage\":\"es\",\"@id\":\"https:\/\/aivlisoft.net\/shop\/producto\/mikrotik-rb5009uprsout-router-7xgbe-1xsfp-ip66\/#primaryimage\",\"url\":\"https:\/\/aivlisoft.net\/shop\/wp-content\/uploads\/2025\/01\/NROCAB0093_800.jpg\",\"contentUrl\":\"https:\/\/aivlisoft.net\/shop\/wp-content\/uploads\/2025\/01\/NROCAB0093_800.jpg\",\"width\":800,\"height\":800},{\"@type\":\"BreadcrumbList\",\"@id\":\"https:\/\/aivlisoft.net\/shop\/producto\/mikrotik-rb5009uprsout-router-7xgbe-1xsfp-ip66\/#breadcrumb\",\"itemListElement\":[{\"@type\":\"ListItem\",\"position\":1,\"name\":\"Portada\",\"item\":\"https:\/\/aivlisoft.net\/shop\/\"},{\"@type\":\"ListItem\",\"position\":2,\"name\":\"Tienda\",\"item\":\"https:\/\/aivlisoft.net\/shop\/tienda\/\"},{\"@type\":\"ListItem\",\"position\":3,\"name\":\"Mikrotik RB5009UPr+S+OUT Router 7xGbE 1xSFP+ IP66\"}]},{\"@type\":\"WebSite\",\"@id\":\"https:\/\/aivlisoft.net\/shop\/#website\",\"url\":\"https:\/\/aivlisoft.net\/shop\/\",\"name\":\"Aivlisoft Inform\u00e1tica\",\"description\":\"En Aivlisoft Inform\u00e1tica ofrecemos soluciones tecnol\u00f3gicas para empresas: venta de ordenadores, consumibles, perif\u00e9ricos y m\u00e1s. Calidad, atenci\u00f3n personalizada y los mejores precios para tu negocio.\",\"publisher\":{\"@id\":\"https:\/\/aivlisoft.net\/shop\/#organization\"},\"potentialAction\":[{\"@type\":\"SearchAction\",\"target\":{\"@type\":\"EntryPoint\",\"urlTemplate\":\"https:\/\/aivlisoft.net\/shop\/?s={search_term_string}\"},\"query-input\":{\"@type\":\"PropertyValueSpecification\",\"valueRequired\":true,\"valueName\":\"search_term_string\"}}],\"inLanguage\":\"es\"},{\"@type\":\"Organization\",\"@id\":\"https:\/\/aivlisoft.net\/shop\/#organization\",\"name\":\"Aivlisoft Inform\u00e1tica\",\"url\":\"https:\/\/aivlisoft.net\/shop\/\",\"logo\":{\"@type\":\"ImageObject\",\"inLanguage\":\"es\",\"@id\":\"https:\/\/aivlisoft.net\/shop\/#\/schema\/logo\/image\/\",\"url\":\"https:\/\/aivlisoft.net\/shop\/wp-content\/uploads\/2024\/12\/removal.ai_5b848c54-0cdf-4140-95c5-c5536bb7573b-logodef.png\",\"contentUrl\":\"https:\/\/aivlisoft.net\/shop\/wp-content\/uploads\/2024\/12\/removal.ai_5b848c54-0cdf-4140-95c5-c5536bb7573b-logodef.png\",\"width\":484,\"height\":182,\"caption\":\"Aivlisoft Inform\u00e1tica\"},\"image\":{\"@id\":\"https:\/\/aivlisoft.net\/shop\/#\/schema\/logo\/image\/\"}}]}<\/script>\n<!-- \/ Yoast SEO plugin. -->","yoast_head_json":{"title":"Mikrotik RB5009UPr+S+OUT Router 7xGbE 1xSFP+ IP66 - Aivlisoft Inform\u00e1tica","robots":{"index":"index","follow":"follow","max-snippet":"max-snippet:-1","max-image-preview":"max-image-preview:large","max-video-preview":"max-video-preview:-1"},"canonical":"https:\/\/aivlisoft.net\/shop\/producto\/mikrotik-rb5009uprsout-router-7xgbe-1xsfp-ip66\/","og_locale":"es_ES","og_type":"article","og_title":"Mikrotik RB5009UPr+S+OUT Router 7xGbE 1xSFP+ IP66 - Aivlisoft Inform\u00e1tica","og_description":"&nbsp; Marca Mikrotik Modelo RB5009UPr+S+OUT Caracter&iacute;sticas &#8211; Arquitectura: ARM 64bit &#8211; CPU: 88F7040 &#8211; CPU core count: 4 &#8211; Frecuencia nominal de la CPU: 350-1400 (auto) MHz &#8211; Switch chip model: 88E6393 &#8211; Nivel de licencia: 5 &#8211; Sistema operativo: RouterOS (v7 only) &#8211; Tama&ntilde;o de la memoria RAM: 1 GB &#8211; Tama&ntilde;o de almacenamiento:&hellip;&nbsp;Mikrotik RB5009UPr+S+OUT Router 7xGbE 1xSFP+ IP66","og_url":"https:\/\/aivlisoft.net\/shop\/producto\/mikrotik-rb5009uprsout-router-7xgbe-1xsfp-ip66\/","og_site_name":"Aivlisoft Inform\u00e1tica","article_modified_time":"2025-01-14T11:41:58+00:00","og_image":[{"width":800,"height":800,"url":"https:\/\/aivlisoft.net\/shop\/wp-content\/uploads\/2025\/01\/NROCAB0093_800.jpg","type":"image\/jpeg"}],"twitter_card":"summary_large_image","twitter_misc":{"Tiempo de lectura":"2 minutos"},"schema":{"@context":"https:\/\/schema.org","@graph":[{"@type":"WebPage","@id":"https:\/\/aivlisoft.net\/shop\/producto\/mikrotik-rb5009uprsout-router-7xgbe-1xsfp-ip66\/","url":"https:\/\/aivlisoft.net\/shop\/producto\/mikrotik-rb5009uprsout-router-7xgbe-1xsfp-ip66\/","name":"Mikrotik RB5009UPr+S+OUT Router 7xGbE 1xSFP+ IP66 - Aivlisoft Inform\u00e1tica","isPartOf":{"@id":"https:\/\/aivlisoft.net\/shop\/#website"},"primaryImageOfPage":{"@id":"https:\/\/aivlisoft.net\/shop\/producto\/mikrotik-rb5009uprsout-router-7xgbe-1xsfp-ip66\/#primaryimage"},"image":{"@id":"https:\/\/aivlisoft.net\/shop\/producto\/mikrotik-rb5009uprsout-router-7xgbe-1xsfp-ip66\/#primaryimage"},"thumbnailUrl":"https:\/\/aivlisoft.net\/shop\/wp-content\/uploads\/2025\/01\/NROCAB0093_800.jpg","datePublished":"2025-01-13T15:26:41+00:00","dateModified":"2025-01-14T11:41:58+00:00","breadcrumb":{"@id":"https:\/\/aivlisoft.net\/shop\/producto\/mikrotik-rb5009uprsout-router-7xgbe-1xsfp-ip66\/#breadcrumb"},"inLanguage":"es","potentialAction":[{"@type":"ReadAction","target":["https:\/\/aivlisoft.net\/shop\/producto\/mikrotik-rb5009uprsout-router-7xgbe-1xsfp-ip66\/"]}]},{"@type":"ImageObject","inLanguage":"es","@id":"https:\/\/aivlisoft.net\/shop\/producto\/mikrotik-rb5009uprsout-router-7xgbe-1xsfp-ip66\/#primaryimage","url":"https:\/\/aivlisoft.net\/shop\/wp-content\/uploads\/2025\/01\/NROCAB0093_800.jpg","contentUrl":"https:\/\/aivlisoft.net\/shop\/wp-content\/uploads\/2025\/01\/NROCAB0093_800.jpg","width":800,"height":800},{"@type":"BreadcrumbList","@id":"https:\/\/aivlisoft.net\/shop\/producto\/mikrotik-rb5009uprsout-router-7xgbe-1xsfp-ip66\/#breadcrumb","itemListElement":[{"@type":"ListItem","position":1,"name":"Portada","item":"https:\/\/aivlisoft.net\/shop\/"},{"@type":"ListItem","position":2,"name":"Tienda","item":"https:\/\/aivlisoft.net\/shop\/tienda\/"},{"@type":"ListItem","position":3,"name":"Mikrotik RB5009UPr+S+OUT Router 7xGbE 1xSFP+ IP66"}]},{"@type":"WebSite","@id":"https:\/\/aivlisoft.net\/shop\/#website","url":"https:\/\/aivlisoft.net\/shop\/","name":"Aivlisoft Inform\u00e1tica","description":"En Aivlisoft Inform\u00e1tica ofrecemos soluciones tecnol\u00f3gicas para empresas: venta de ordenadores, consumibles, perif\u00e9ricos y m\u00e1s. Calidad, atenci\u00f3n personalizada y los mejores precios para tu negocio.","publisher":{"@id":"https:\/\/aivlisoft.net\/shop\/#organization"},"potentialAction":[{"@type":"SearchAction","target":{"@type":"EntryPoint","urlTemplate":"https:\/\/aivlisoft.net\/shop\/?s={search_term_string}"},"query-input":{"@type":"PropertyValueSpecification","valueRequired":true,"valueName":"search_term_string"}}],"inLanguage":"es"},{"@type":"Organization","@id":"https:\/\/aivlisoft.net\/shop\/#organization","name":"Aivlisoft Inform\u00e1tica","url":"https:\/\/aivlisoft.net\/shop\/","logo":{"@type":"ImageObject","inLanguage":"es","@id":"https:\/\/aivlisoft.net\/shop\/#\/schema\/logo\/image\/","url":"https:\/\/aivlisoft.net\/shop\/wp-content\/uploads\/2024\/12\/removal.ai_5b848c54-0cdf-4140-95c5-c5536bb7573b-logodef.png","contentUrl":"https:\/\/aivlisoft.net\/shop\/wp-content\/uploads\/2024\/12\/removal.ai_5b848c54-0cdf-4140-95c5-c5536bb7573b-logodef.png","width":484,"height":182,"caption":"Aivlisoft Inform\u00e1tica"},"image":{"@id":"https:\/\/aivlisoft.net\/shop\/#\/schema\/logo\/image\/"}}]}},"_links":{"self":[{"href":"https:\/\/aivlisoft.net\/shop\/wp-json\/wp\/v2\/product\/18887","targetHints":{"allow":["GET"]}}],"collection":[{"href":"https:\/\/aivlisoft.net\/shop\/wp-json\/wp\/v2\/product"}],"about":[{"href":"https:\/\/aivlisoft.net\/shop\/wp-json\/wp\/v2\/types\/product"}],"wp:featuredmedia":[{"embeddable":true,"href":"https:\/\/aivlisoft.net\/shop\/wp-json\/wp\/v2\/media\/18888"}],"wp:attachment":[{"href":"https:\/\/aivlisoft.net\/shop\/wp-json\/wp\/v2\/media?parent=18887"}],"wp:term":[{"taxonomy":"product_brand","embeddable":true,"href":"https:\/\/aivlisoft.net\/shop\/wp-json\/wp\/v2\/product_brand?post=18887"},{"taxonomy":"product_cat","embeddable":true,"href":"https:\/\/aivlisoft.net\/shop\/wp-json\/wp\/v2\/product_cat?post=18887"},{"taxonomy":"product_tag","embeddable":true,"href":"https:\/\/aivlisoft.net\/shop\/wp-json\/wp\/v2\/product_tag?post=18887"}],"curies":[{"name":"wp","href":"https:\/\/api.w.org\/{rel}","templated":true}]}}