{"id":18877,"date":"2025-01-13T15:26:32","date_gmt":"2025-01-13T15:26:32","guid":{"rendered":"https:\/\/aivlisoft.com\/?post_type=product&#038;p=18877"},"modified":"2025-01-14T11:41:52","modified_gmt":"2025-01-14T11:41:52","slug":"tp-link-ds-p7001-04-olt-gpon-1x10gb-sfp-4xpon","status":"publish","type":"product","link":"https:\/\/aivlisoft.net\/shop\/producto\/tp-link-ds-p7001-04-olt-gpon-1x10gb-sfp-4xpon\/","title":{"rendered":"TP-Link DS-P7001-04 OLT GPON 1x10Gb SFP+ 4xPON"},"content":{"rendered":"<p>&nbsp;<\/p>\n<table class=\"tabla_caracteristicas\" width=\"100%\">\n<tr>\n<td><strong>Marca<\/strong><\/td>\n<td>TP-Link<\/td>\n<\/tr>\n<tr>\n<td><strong>Modelo<\/strong><\/td>\n<td><strong>DS-P7001-04<\/strong><\/td>\n<\/tr>\n<tr>\n<td><strong>Hardware<\/strong><\/td>\n<td>&#8211; Interfaz<br \/>\t\t\t&nbsp; 1 puerto de enlace ascendente SFP+ de 10 Gbps, 1 puerto de enlace ascendente RJ45 de 10\/100\/1000 Mbps,<br \/>\t\t\t&nbsp; 4 puertos PON (ranura SFP), 1 puerto de consola RJ45, 1 puerto MGMT RJ45, 1 puerto de alarma<br \/>\t\t\t&#8211; Bot&oacute;n: bot&oacute;n de reinicio<br \/>\t\t\t&#8211; Fuente de alimentaci&oacute;n: Fuente de alimentaci&oacute;n doble, CA: 100 V~240 V, 50\/60 Hz, CC: -38,4 V~-72 V<br \/>\t\t\t&#8211; Dimensiones (An. x Pr. x Al.): 440 x 180 x 44 mm (17,3 x 7,1 x 1,7 pulgadas)<br \/>\t\t\t&#8211; Consumo de energ&iacute;a: M&aacute;x. 58W<br \/>\t\t\t&#8211; M&aacute;x. Relaci&oacute;n de divisi&oacute;n: 1:128<br \/>\t\t\t&#8211; Velocidad de datos: Descendente: 2,5 Gbps; Aguas arriba: 1,25 Gbps<br \/>\t\t\t&#8211; Longitud de onda: Tx: 1490nm, Rx: 1310nm<br \/>\t\t\t&#8211; Tipo de fibra: 9\/125 &mu;m SMF (fibra monomodo)<br \/>\t\t\t&#8211; Distancia de transmisi&oacute;n: 20 km<br \/>\t\t\t&#8211; Tipo de interfaz: SC\/UPC<br \/>\t\t\t&#8211; Potencia Tx: Clase C+<\/td>\n<\/tr>\n<tr>\n<td><strong>Software<\/strong><\/td>\n<td><strong>Funciones B&aacute;sicas<\/strong><br \/>\t\t\t&#8211; OMCI: Administraci&oacute;n est&aacute;ndar de OMCI admitida<br \/>\t\t\t&#8211; Autenticaci&oacute;n ONU: Autenticaci&oacute;n autom&aacute;tica ONU<br \/>\t\t\t&#8211; Multiservicio: identificaci&oacute;n de tr&aacute;fico multiservicio y l&iacute;mite de velocidad<br \/>\t\t\t&#8211; Enrutamiento: Enrutamiento est&aacute;tico<br \/>\t\t\t&#8211; Multidifusi&oacute;n: IGMP Snooping\/MLD Snooping<br \/>\t\t\t&#8211; DHCP: Servidor DHCP y Retransmisi&oacute;n DHCP<\/td>\n<\/tr>\n<tr>\n<td><strong>Gesti&oacute;n<\/strong><\/td>\n<td><strong>Seguridad<\/strong><br \/>\t\t\t&#8211; ACL de seguridad<br \/>\t\t\t&nbsp; Autenticaci&oacute;n 802.1x<br \/>\t\t\t&nbsp; Inspecci&oacute;n ARP<br \/>\t\t\t&nbsp; Protecci&oacute;n de fuente de IP<br \/>\t\t\t&#8211; Seguridad ONU:<br \/>\t\t\t&nbsp; Detecci&oacute;n y aislamiento de Rouge ONU<br \/>\t\t\t&nbsp; Cifrado de datos de enlace ascendente y descendente<br \/>\t\t\t&#8211; Calidad del servicio:<br \/>\t\t\t&nbsp; QoS IEEE 802.1p\/DSCP<br \/>\t\t\t&nbsp; VLAN de voz<br \/>\t\t\t&nbsp; VoIP autom&aacute;tico<br \/>\t\t\t<strong>Gesti&oacute;n Centralizada<\/strong><br \/>\t\t\t&#8211; Gesti&oacute;n de dispositivos a gran escala<br \/>\t\t\t&#8211; Configuraci&oacute;n por lotes OLT, actualizaci&oacute;n, reinicio<br \/>\t\t\t&#8211; Gesti&oacute;n de sitios m&uacute;ltiples<br \/>\t\t\t&#8211; Monitoreo de red inteligente<br \/>\t\t\t&#8211; Descripci&oacute;n general de la red en tiempo real<\/td>\n<\/tr>\n<tr>\n<td>&nbsp;<\/td>\n<td><strong>Certificaciones<\/strong><br \/>\t\t\t&#8211; Certificaciones: CE, FCC<br \/>\t\t\t<strong>Caracter&iacute;sticas ambientales<\/strong><br \/>\t\t\t&#8211; Temperatura de funcionamiento: 0&deg;C~50&deg;C (32&deg;F~122&deg;F)<br \/>\t\t\t&#8211; Temperatura de almacenamiento: -40&ordm;C~70&ordm;C (-40&deg;F ~158&deg;F)<br \/>\t\t\t<strong>Contenido<\/strong><br \/>\t\t\t&#8211; Dispositivo OLT<br \/>\t\t\t&#8211; Cable de alimentaci&oacute;n y cable de consola<br \/>\t\t\t&#8211; Gu&iacute;a de instalaci&oacute;n<br \/>\t\t\t&#8211; Soportes de montaje, tornillos y pies de goma<\/td>\n<\/tr>\n<tr>\n<td><strong>Fecha de revisi&oacute;n<\/strong><\/td>\n<td>26-10-2022 por MPM<\/td>\n<\/tr>\n<\/table>\n","protected":false},"excerpt":{"rendered":"<p>&nbsp; Marca TP-Link Modelo DS-P7001-04 Hardware &#8211; Interfaz &nbsp; 1 puerto de enlace ascendente SFP+ de 10 Gbps, 1 puerto de enlace ascendente RJ45 de 10\/100\/1000 Mbps, &nbsp; 4 puertos PON (ranura SFP), 1 puerto de consola RJ45, 1 puerto MGMT RJ45, 1 puerto de alarma &#8211; Bot&oacute;n: bot&oacute;n de reinicio &#8211; Fuente de alimentaci&oacute;n:&hellip;&nbsp;<a href=\"https:\/\/aivlisoft.net\/shop\/producto\/tp-link-ds-p7001-04-olt-gpon-1x10gb-sfp-4xpon\/\" rel=\"bookmark\"><span class=\"screen-reader-text\">TP-Link DS-P7001-04 OLT GPON 1x10Gb SFP+ 4xPON<\/span><\/a><\/p>\n","protected":false},"featured_media":18878,"template":"","meta":{"neve_meta_sidebar":"","neve_meta_container":"","neve_meta_enable_content_width":"","neve_meta_content_width":0,"neve_meta_title_alignment":"","neve_meta_author_avatar":"","neve_post_elements_order":"","neve_meta_disable_header":"","neve_meta_disable_footer":"","neve_meta_disable_title":""},"product_brand":[],"product_cat":[8769],"product_tag":[6859],"class_list":{"0":"post-18877","1":"product","2":"type-product","3":"status-publish","4":"has-post-thumbnail","6":"product_cat-routers-redes-con-cable","7":"product_tag-ds-p7001-04","9":"first","10":"instock","11":"taxable","12":"shipping-taxable","13":"purchasable","14":"product-type-simple"},"yoast_head":"<!-- This site is optimized with the Yoast SEO plugin v26.0 - https:\/\/yoast.com\/wordpress\/plugins\/seo\/ -->\n<title>TP-Link DS-P7001-04 OLT GPON 1x10Gb SFP+ 4xPON - Aivlisoft Inform\u00e1tica<\/title>\n<meta name=\"robots\" content=\"index, follow, max-snippet:-1, max-image-preview:large, max-video-preview:-1\" \/>\n<link rel=\"canonical\" href=\"https:\/\/aivlisoft.net\/shop\/producto\/tp-link-ds-p7001-04-olt-gpon-1x10gb-sfp-4xpon\/\" \/>\n<meta property=\"og:locale\" content=\"es_ES\" \/>\n<meta property=\"og:type\" content=\"article\" \/>\n<meta property=\"og:title\" content=\"TP-Link DS-P7001-04 OLT GPON 1x10Gb SFP+ 4xPON - Aivlisoft Inform\u00e1tica\" \/>\n<meta property=\"og:description\" content=\"&nbsp; Marca TP-Link Modelo DS-P7001-04 Hardware &#8211; Interfaz &nbsp; 1 puerto de enlace ascendente SFP+ de 10 Gbps, 1 puerto de enlace ascendente RJ45 de 10\/100\/1000 Mbps, &nbsp; 4 puertos PON (ranura SFP), 1 puerto de consola RJ45, 1 puerto MGMT RJ45, 1 puerto de alarma &#8211; Bot&oacute;n: bot&oacute;n de reinicio &#8211; Fuente de alimentaci&oacute;n:&hellip;&nbsp;TP-Link DS-P7001-04 OLT GPON 1x10Gb SFP+ 4xPON\" \/>\n<meta property=\"og:url\" content=\"https:\/\/aivlisoft.net\/shop\/producto\/tp-link-ds-p7001-04-olt-gpon-1x10gb-sfp-4xpon\/\" \/>\n<meta property=\"og:site_name\" content=\"Aivlisoft Inform\u00e1tica\" \/>\n<meta property=\"article:modified_time\" content=\"2025-01-14T11:41:52+00:00\" \/>\n<meta property=\"og:image\" content=\"https:\/\/aivlisoft.net\/shop\/wp-content\/uploads\/2025\/01\/NROCAB0090_800.jpg\" \/>\n\t<meta property=\"og:image:width\" content=\"800\" \/>\n\t<meta property=\"og:image:height\" content=\"800\" \/>\n\t<meta property=\"og:image:type\" content=\"image\/jpeg\" \/>\n<meta name=\"twitter:card\" content=\"summary_large_image\" \/>\n<meta name=\"twitter:label1\" content=\"Tiempo de lectura\" \/>\n\t<meta name=\"twitter:data1\" content=\"2 minutos\" \/>\n<script type=\"application\/ld+json\" class=\"yoast-schema-graph\">{\"@context\":\"https:\/\/schema.org\",\"@graph\":[{\"@type\":\"WebPage\",\"@id\":\"https:\/\/aivlisoft.net\/shop\/producto\/tp-link-ds-p7001-04-olt-gpon-1x10gb-sfp-4xpon\/\",\"url\":\"https:\/\/aivlisoft.net\/shop\/producto\/tp-link-ds-p7001-04-olt-gpon-1x10gb-sfp-4xpon\/\",\"name\":\"TP-Link DS-P7001-04 OLT GPON 1x10Gb SFP+ 4xPON - Aivlisoft Inform\u00e1tica\",\"isPartOf\":{\"@id\":\"https:\/\/aivlisoft.net\/shop\/#website\"},\"primaryImageOfPage\":{\"@id\":\"https:\/\/aivlisoft.net\/shop\/producto\/tp-link-ds-p7001-04-olt-gpon-1x10gb-sfp-4xpon\/#primaryimage\"},\"image\":{\"@id\":\"https:\/\/aivlisoft.net\/shop\/producto\/tp-link-ds-p7001-04-olt-gpon-1x10gb-sfp-4xpon\/#primaryimage\"},\"thumbnailUrl\":\"https:\/\/aivlisoft.net\/shop\/wp-content\/uploads\/2025\/01\/NROCAB0090_800.jpg\",\"datePublished\":\"2025-01-13T15:26:32+00:00\",\"dateModified\":\"2025-01-14T11:41:52+00:00\",\"breadcrumb\":{\"@id\":\"https:\/\/aivlisoft.net\/shop\/producto\/tp-link-ds-p7001-04-olt-gpon-1x10gb-sfp-4xpon\/#breadcrumb\"},\"inLanguage\":\"es\",\"potentialAction\":[{\"@type\":\"ReadAction\",\"target\":[\"https:\/\/aivlisoft.net\/shop\/producto\/tp-link-ds-p7001-04-olt-gpon-1x10gb-sfp-4xpon\/\"]}]},{\"@type\":\"ImageObject\",\"inLanguage\":\"es\",\"@id\":\"https:\/\/aivlisoft.net\/shop\/producto\/tp-link-ds-p7001-04-olt-gpon-1x10gb-sfp-4xpon\/#primaryimage\",\"url\":\"https:\/\/aivlisoft.net\/shop\/wp-content\/uploads\/2025\/01\/NROCAB0090_800.jpg\",\"contentUrl\":\"https:\/\/aivlisoft.net\/shop\/wp-content\/uploads\/2025\/01\/NROCAB0090_800.jpg\",\"width\":800,\"height\":800},{\"@type\":\"BreadcrumbList\",\"@id\":\"https:\/\/aivlisoft.net\/shop\/producto\/tp-link-ds-p7001-04-olt-gpon-1x10gb-sfp-4xpon\/#breadcrumb\",\"itemListElement\":[{\"@type\":\"ListItem\",\"position\":1,\"name\":\"Portada\",\"item\":\"https:\/\/aivlisoft.net\/shop\/\"},{\"@type\":\"ListItem\",\"position\":2,\"name\":\"Tienda\",\"item\":\"https:\/\/aivlisoft.net\/shop\/tienda\/\"},{\"@type\":\"ListItem\",\"position\":3,\"name\":\"TP-Link DS-P7001-04 OLT GPON 1x10Gb SFP+ 4xPON\"}]},{\"@type\":\"WebSite\",\"@id\":\"https:\/\/aivlisoft.net\/shop\/#website\",\"url\":\"https:\/\/aivlisoft.net\/shop\/\",\"name\":\"Aivlisoft Inform\u00e1tica\",\"description\":\"En Aivlisoft Inform\u00e1tica ofrecemos soluciones tecnol\u00f3gicas para empresas: venta de ordenadores, consumibles, perif\u00e9ricos y m\u00e1s. Calidad, atenci\u00f3n personalizada y los mejores precios para tu negocio.\",\"publisher\":{\"@id\":\"https:\/\/aivlisoft.net\/shop\/#organization\"},\"potentialAction\":[{\"@type\":\"SearchAction\",\"target\":{\"@type\":\"EntryPoint\",\"urlTemplate\":\"https:\/\/aivlisoft.net\/shop\/?s={search_term_string}\"},\"query-input\":{\"@type\":\"PropertyValueSpecification\",\"valueRequired\":true,\"valueName\":\"search_term_string\"}}],\"inLanguage\":\"es\"},{\"@type\":\"Organization\",\"@id\":\"https:\/\/aivlisoft.net\/shop\/#organization\",\"name\":\"Aivlisoft Inform\u00e1tica\",\"url\":\"https:\/\/aivlisoft.net\/shop\/\",\"logo\":{\"@type\":\"ImageObject\",\"inLanguage\":\"es\",\"@id\":\"https:\/\/aivlisoft.net\/shop\/#\/schema\/logo\/image\/\",\"url\":\"https:\/\/aivlisoft.net\/shop\/wp-content\/uploads\/2024\/12\/removal.ai_5b848c54-0cdf-4140-95c5-c5536bb7573b-logodef.png\",\"contentUrl\":\"https:\/\/aivlisoft.net\/shop\/wp-content\/uploads\/2024\/12\/removal.ai_5b848c54-0cdf-4140-95c5-c5536bb7573b-logodef.png\",\"width\":484,\"height\":182,\"caption\":\"Aivlisoft Inform\u00e1tica\"},\"image\":{\"@id\":\"https:\/\/aivlisoft.net\/shop\/#\/schema\/logo\/image\/\"}}]}<\/script>\n<!-- \/ Yoast SEO plugin. -->","yoast_head_json":{"title":"TP-Link DS-P7001-04 OLT GPON 1x10Gb SFP+ 4xPON - Aivlisoft Inform\u00e1tica","robots":{"index":"index","follow":"follow","max-snippet":"max-snippet:-1","max-image-preview":"max-image-preview:large","max-video-preview":"max-video-preview:-1"},"canonical":"https:\/\/aivlisoft.net\/shop\/producto\/tp-link-ds-p7001-04-olt-gpon-1x10gb-sfp-4xpon\/","og_locale":"es_ES","og_type":"article","og_title":"TP-Link DS-P7001-04 OLT GPON 1x10Gb SFP+ 4xPON - Aivlisoft Inform\u00e1tica","og_description":"&nbsp; Marca TP-Link Modelo DS-P7001-04 Hardware &#8211; Interfaz &nbsp; 1 puerto de enlace ascendente SFP+ de 10 Gbps, 1 puerto de enlace ascendente RJ45 de 10\/100\/1000 Mbps, &nbsp; 4 puertos PON (ranura SFP), 1 puerto de consola RJ45, 1 puerto MGMT RJ45, 1 puerto de alarma &#8211; Bot&oacute;n: bot&oacute;n de reinicio &#8211; Fuente de alimentaci&oacute;n:&hellip;&nbsp;TP-Link DS-P7001-04 OLT GPON 1x10Gb SFP+ 4xPON","og_url":"https:\/\/aivlisoft.net\/shop\/producto\/tp-link-ds-p7001-04-olt-gpon-1x10gb-sfp-4xpon\/","og_site_name":"Aivlisoft Inform\u00e1tica","article_modified_time":"2025-01-14T11:41:52+00:00","og_image":[{"width":800,"height":800,"url":"https:\/\/aivlisoft.net\/shop\/wp-content\/uploads\/2025\/01\/NROCAB0090_800.jpg","type":"image\/jpeg"}],"twitter_card":"summary_large_image","twitter_misc":{"Tiempo de lectura":"2 minutos"},"schema":{"@context":"https:\/\/schema.org","@graph":[{"@type":"WebPage","@id":"https:\/\/aivlisoft.net\/shop\/producto\/tp-link-ds-p7001-04-olt-gpon-1x10gb-sfp-4xpon\/","url":"https:\/\/aivlisoft.net\/shop\/producto\/tp-link-ds-p7001-04-olt-gpon-1x10gb-sfp-4xpon\/","name":"TP-Link DS-P7001-04 OLT GPON 1x10Gb SFP+ 4xPON - Aivlisoft Inform\u00e1tica","isPartOf":{"@id":"https:\/\/aivlisoft.net\/shop\/#website"},"primaryImageOfPage":{"@id":"https:\/\/aivlisoft.net\/shop\/producto\/tp-link-ds-p7001-04-olt-gpon-1x10gb-sfp-4xpon\/#primaryimage"},"image":{"@id":"https:\/\/aivlisoft.net\/shop\/producto\/tp-link-ds-p7001-04-olt-gpon-1x10gb-sfp-4xpon\/#primaryimage"},"thumbnailUrl":"https:\/\/aivlisoft.net\/shop\/wp-content\/uploads\/2025\/01\/NROCAB0090_800.jpg","datePublished":"2025-01-13T15:26:32+00:00","dateModified":"2025-01-14T11:41:52+00:00","breadcrumb":{"@id":"https:\/\/aivlisoft.net\/shop\/producto\/tp-link-ds-p7001-04-olt-gpon-1x10gb-sfp-4xpon\/#breadcrumb"},"inLanguage":"es","potentialAction":[{"@type":"ReadAction","target":["https:\/\/aivlisoft.net\/shop\/producto\/tp-link-ds-p7001-04-olt-gpon-1x10gb-sfp-4xpon\/"]}]},{"@type":"ImageObject","inLanguage":"es","@id":"https:\/\/aivlisoft.net\/shop\/producto\/tp-link-ds-p7001-04-olt-gpon-1x10gb-sfp-4xpon\/#primaryimage","url":"https:\/\/aivlisoft.net\/shop\/wp-content\/uploads\/2025\/01\/NROCAB0090_800.jpg","contentUrl":"https:\/\/aivlisoft.net\/shop\/wp-content\/uploads\/2025\/01\/NROCAB0090_800.jpg","width":800,"height":800},{"@type":"BreadcrumbList","@id":"https:\/\/aivlisoft.net\/shop\/producto\/tp-link-ds-p7001-04-olt-gpon-1x10gb-sfp-4xpon\/#breadcrumb","itemListElement":[{"@type":"ListItem","position":1,"name":"Portada","item":"https:\/\/aivlisoft.net\/shop\/"},{"@type":"ListItem","position":2,"name":"Tienda","item":"https:\/\/aivlisoft.net\/shop\/tienda\/"},{"@type":"ListItem","position":3,"name":"TP-Link DS-P7001-04 OLT GPON 1x10Gb SFP+ 4xPON"}]},{"@type":"WebSite","@id":"https:\/\/aivlisoft.net\/shop\/#website","url":"https:\/\/aivlisoft.net\/shop\/","name":"Aivlisoft Inform\u00e1tica","description":"En Aivlisoft Inform\u00e1tica ofrecemos soluciones tecnol\u00f3gicas para empresas: venta de ordenadores, consumibles, perif\u00e9ricos y m\u00e1s. Calidad, atenci\u00f3n personalizada y los mejores precios para tu negocio.","publisher":{"@id":"https:\/\/aivlisoft.net\/shop\/#organization"},"potentialAction":[{"@type":"SearchAction","target":{"@type":"EntryPoint","urlTemplate":"https:\/\/aivlisoft.net\/shop\/?s={search_term_string}"},"query-input":{"@type":"PropertyValueSpecification","valueRequired":true,"valueName":"search_term_string"}}],"inLanguage":"es"},{"@type":"Organization","@id":"https:\/\/aivlisoft.net\/shop\/#organization","name":"Aivlisoft Inform\u00e1tica","url":"https:\/\/aivlisoft.net\/shop\/","logo":{"@type":"ImageObject","inLanguage":"es","@id":"https:\/\/aivlisoft.net\/shop\/#\/schema\/logo\/image\/","url":"https:\/\/aivlisoft.net\/shop\/wp-content\/uploads\/2024\/12\/removal.ai_5b848c54-0cdf-4140-95c5-c5536bb7573b-logodef.png","contentUrl":"https:\/\/aivlisoft.net\/shop\/wp-content\/uploads\/2024\/12\/removal.ai_5b848c54-0cdf-4140-95c5-c5536bb7573b-logodef.png","width":484,"height":182,"caption":"Aivlisoft Inform\u00e1tica"},"image":{"@id":"https:\/\/aivlisoft.net\/shop\/#\/schema\/logo\/image\/"}}]}},"_links":{"self":[{"href":"https:\/\/aivlisoft.net\/shop\/wp-json\/wp\/v2\/product\/18877","targetHints":{"allow":["GET"]}}],"collection":[{"href":"https:\/\/aivlisoft.net\/shop\/wp-json\/wp\/v2\/product"}],"about":[{"href":"https:\/\/aivlisoft.net\/shop\/wp-json\/wp\/v2\/types\/product"}],"wp:featuredmedia":[{"embeddable":true,"href":"https:\/\/aivlisoft.net\/shop\/wp-json\/wp\/v2\/media\/18878"}],"wp:attachment":[{"href":"https:\/\/aivlisoft.net\/shop\/wp-json\/wp\/v2\/media?parent=18877"}],"wp:term":[{"taxonomy":"product_brand","embeddable":true,"href":"https:\/\/aivlisoft.net\/shop\/wp-json\/wp\/v2\/product_brand?post=18877"},{"taxonomy":"product_cat","embeddable":true,"href":"https:\/\/aivlisoft.net\/shop\/wp-json\/wp\/v2\/product_cat?post=18877"},{"taxonomy":"product_tag","embeddable":true,"href":"https:\/\/aivlisoft.net\/shop\/wp-json\/wp\/v2\/product_tag?post=18877"}],"curies":[{"name":"wp","href":"https:\/\/api.w.org\/{rel}","templated":true}]}}