{"id":18865,"date":"2025-01-13T15:26:26","date_gmt":"2025-01-13T15:26:26","guid":{"rendered":"https:\/\/aivlisoft.com\/?post_type=product&#038;p=18865"},"modified":"2025-01-14T11:41:49","modified_gmt":"2025-01-14T11:41:49","slug":"d-link-dbg-2000-sd-wan-gateway-4xgb-poe-2xusb","status":"publish","type":"product","link":"https:\/\/aivlisoft.net\/shop\/producto\/d-link-dbg-2000-sd-wan-gateway-4xgb-poe-2xusb\/","title":{"rendered":"D-Link DBG-2000 SD-WAN Gateway 4xGb PoE 2xUSB"},"content":{"rendered":"<p>&nbsp;<\/p>\n<table class=\"tabla_caracteristicas\" width=\"100%\">\n<tr>\n<td><strong>Marca<\/strong><\/td>\n<td>D-Link<\/td>\n<\/tr>\n<tr>\n<td><strong>Modelo<\/strong><\/td>\n<td><strong>DBG-2000<\/strong><\/td>\n<\/tr>\n<tr>\n<td><strong>Caracter&iacute;sticas<\/strong><\/td>\n<td><strong>Hardware<\/strong><br \/>\t\t\t&#8211; Flash Memory: <strong>16 MB<\/strong> EMMC Flash<br \/>\t\t\t&#8211; RAM: <strong>4 GB<\/strong> DDR4 SDRAM<br \/>\t\t\t&#8211; Interfaces:<br \/>\t\t\t&nbsp; 4 x 10\/100\/1000Base-T Ethernet<br \/>\t\t\t&nbsp; 1 x RJ45<br \/>\t\t\t&nbsp; 1 x USB 2.<br \/>\t\t\t&nbsp; 1 x USB 3.0<br \/>\t\t\t&#8211; Standards:<br \/>\t\t\t&nbsp; IEEE 802.3az Energy-Efficient Ethernet (EEE)?<br \/>\t\t\t&nbsp; IEEE 802.3i\/u\/ab?<br \/>\t\t\t&nbsp; IEEE 802.3x Flow Control<br \/>\t\t\t&#8211; LEDs: Power,Cloud, LAN 1 &#8211; LAN 4<br \/>\t\t\t&#8211; Firewall Throughput: 1.8 Gbps<br \/>\t\t\t&#8211; 3DES\/AES: 450 Mbps<br \/>\t\t\t&#8211; SSL VPN: 200 Mbps<br \/>\t\t\t&#8211; Maximum Concurrent Sessions: 200,000<br \/>\t\t\t&#8211; New Sessions per second: 2,000<br \/>\t\t\t&#8211; Maximum IPsec VPN Tunnel: 200<br \/>\t\t\t&#8211; Maximum PPTP\/L2TP VPN Tunnel: 200<br \/>\t\t\t&#8211; Maximum SSL VPN Tunnel: 200<br \/>\t\t\t&#8211; Maximum GRE VPN Tunnel: 200<br \/>\t\t\t&#8211; MTBF: 610,802 Hours<br \/>\t\t\t&#8211; Safety: LVD, ErP<br \/>\t\t\t&#8211; Dimensiones: 135 x 215 x 42 mm<br \/>\t\t\t<strong>Certificaciones<\/strong><br \/>\t\t\t&#8211; Certificaciones: EMI\/EMC: FCC, IC, CE, RCM, VCCI<br \/>\t\t\t<strong>Alimentaci&oacute;n<\/strong><br \/>\t\t\t&#8211; AC Input: 100-240 50\/60 Hz?<br \/>\t\t\t&#8211; DC Output: 12V<br \/>\t\t\t&#8211; Max. Power Consumption: 20W<br \/>\t\t\t<strong>Caracter&iacute;sticas ambientales<\/strong><br \/>\t\t\t&#8211; Temperatura de funcionamiento: 0&ordm;C ~ 40&ordm;C<br \/>\t\t\t&#8211; Temperatura de almacenamiento: -40&ordm;C~70&ordm;C<br \/>\t\t\t&#8211; Humedad de funcionamiento: 10% ~ 90% sin condensaci&oacute;n<br \/>\t\t\t&#8211; Humedad de almacenamiento: 5% ~ 90% sin condensaci&oacute;n<\/td>\n<\/tr>\n<tr>\n<td><strong>Fecha de revisi&oacute;n<\/strong><\/td>\n<td>04-04-2022 por MPM<\/td>\n<\/tr>\n<\/table>\n","protected":false},"excerpt":{"rendered":"<p>&nbsp; Marca D-Link Modelo DBG-2000 Caracter&iacute;sticas Hardware &#8211; Flash Memory: 16 MB EMMC Flash &#8211; RAM: 4 GB DDR4 SDRAM &#8211; Interfaces: &nbsp; 4 x 10\/100\/1000Base-T Ethernet &nbsp; 1 x RJ45 &nbsp; 1 x USB 2. &nbsp; 1 x USB 3.0 &#8211; Standards: &nbsp; IEEE 802.3az Energy-Efficient Ethernet (EEE)? &nbsp; IEEE 802.3i\/u\/ab? &nbsp; IEEE 802.3x&hellip;&nbsp;<a href=\"https:\/\/aivlisoft.net\/shop\/producto\/d-link-dbg-2000-sd-wan-gateway-4xgb-poe-2xusb\/\" rel=\"bookmark\"><span class=\"screen-reader-text\">D-Link DBG-2000 SD-WAN Gateway 4xGb PoE 2xUSB<\/span><\/a><\/p>\n","protected":false},"featured_media":18866,"template":"","meta":{"neve_meta_sidebar":"","neve_meta_container":"","neve_meta_enable_content_width":"","neve_meta_content_width":0,"neve_meta_title_alignment":"","neve_meta_author_avatar":"","neve_post_elements_order":"","neve_meta_disable_header":"","neve_meta_disable_footer":"","neve_meta_disable_title":""},"product_brand":[],"product_cat":[8769],"product_tag":[6856],"class_list":{"0":"post-18865","1":"product","2":"type-product","3":"status-publish","4":"has-post-thumbnail","6":"product_cat-routers-redes-con-cable","7":"product_tag-dbg-2000","9":"first","10":"instock","11":"taxable","12":"shipping-taxable","13":"purchasable","14":"product-type-simple"},"yoast_head":"<!-- This site is optimized with the Yoast SEO plugin v26.0 - https:\/\/yoast.com\/wordpress\/plugins\/seo\/ -->\n<title>D-Link DBG-2000 SD-WAN Gateway 4xGb PoE 2xUSB - Aivlisoft Inform\u00e1tica<\/title>\n<meta name=\"robots\" content=\"index, follow, max-snippet:-1, max-image-preview:large, max-video-preview:-1\" \/>\n<link rel=\"canonical\" href=\"https:\/\/aivlisoft.net\/shop\/producto\/d-link-dbg-2000-sd-wan-gateway-4xgb-poe-2xusb\/\" \/>\n<meta property=\"og:locale\" content=\"es_ES\" \/>\n<meta property=\"og:type\" content=\"article\" \/>\n<meta property=\"og:title\" content=\"D-Link DBG-2000 SD-WAN Gateway 4xGb PoE 2xUSB - Aivlisoft Inform\u00e1tica\" \/>\n<meta property=\"og:description\" content=\"&nbsp; Marca D-Link Modelo DBG-2000 Caracter&iacute;sticas Hardware &#8211; Flash Memory: 16 MB EMMC Flash &#8211; RAM: 4 GB DDR4 SDRAM &#8211; Interfaces: &nbsp; 4 x 10\/100\/1000Base-T Ethernet &nbsp; 1 x RJ45 &nbsp; 1 x USB 2. &nbsp; 1 x USB 3.0 &#8211; Standards: &nbsp; IEEE 802.3az Energy-Efficient Ethernet (EEE)? &nbsp; IEEE 802.3i\/u\/ab? &nbsp; IEEE 802.3x&hellip;&nbsp;D-Link DBG-2000 SD-WAN Gateway 4xGb PoE 2xUSB\" \/>\n<meta property=\"og:url\" content=\"https:\/\/aivlisoft.net\/shop\/producto\/d-link-dbg-2000-sd-wan-gateway-4xgb-poe-2xusb\/\" \/>\n<meta property=\"og:site_name\" content=\"Aivlisoft Inform\u00e1tica\" \/>\n<meta property=\"article:modified_time\" content=\"2025-01-14T11:41:49+00:00\" \/>\n<meta property=\"og:image\" content=\"https:\/\/aivlisoft.net\/shop\/wp-content\/uploads\/2025\/01\/NROCAB0087_800.jpg\" \/>\n\t<meta property=\"og:image:width\" content=\"800\" \/>\n\t<meta property=\"og:image:height\" content=\"800\" \/>\n\t<meta property=\"og:image:type\" content=\"image\/jpeg\" \/>\n<meta name=\"twitter:card\" content=\"summary_large_image\" \/>\n<meta name=\"twitter:label1\" content=\"Tiempo de lectura\" \/>\n\t<meta name=\"twitter:data1\" content=\"1 minuto\" \/>\n<script type=\"application\/ld+json\" class=\"yoast-schema-graph\">{\"@context\":\"https:\/\/schema.org\",\"@graph\":[{\"@type\":\"WebPage\",\"@id\":\"https:\/\/aivlisoft.net\/shop\/producto\/d-link-dbg-2000-sd-wan-gateway-4xgb-poe-2xusb\/\",\"url\":\"https:\/\/aivlisoft.net\/shop\/producto\/d-link-dbg-2000-sd-wan-gateway-4xgb-poe-2xusb\/\",\"name\":\"D-Link DBG-2000 SD-WAN Gateway 4xGb PoE 2xUSB - Aivlisoft Inform\u00e1tica\",\"isPartOf\":{\"@id\":\"https:\/\/aivlisoft.net\/shop\/#website\"},\"primaryImageOfPage\":{\"@id\":\"https:\/\/aivlisoft.net\/shop\/producto\/d-link-dbg-2000-sd-wan-gateway-4xgb-poe-2xusb\/#primaryimage\"},\"image\":{\"@id\":\"https:\/\/aivlisoft.net\/shop\/producto\/d-link-dbg-2000-sd-wan-gateway-4xgb-poe-2xusb\/#primaryimage\"},\"thumbnailUrl\":\"https:\/\/aivlisoft.net\/shop\/wp-content\/uploads\/2025\/01\/NROCAB0087_800.jpg\",\"datePublished\":\"2025-01-13T15:26:26+00:00\",\"dateModified\":\"2025-01-14T11:41:49+00:00\",\"breadcrumb\":{\"@id\":\"https:\/\/aivlisoft.net\/shop\/producto\/d-link-dbg-2000-sd-wan-gateway-4xgb-poe-2xusb\/#breadcrumb\"},\"inLanguage\":\"es\",\"potentialAction\":[{\"@type\":\"ReadAction\",\"target\":[\"https:\/\/aivlisoft.net\/shop\/producto\/d-link-dbg-2000-sd-wan-gateway-4xgb-poe-2xusb\/\"]}]},{\"@type\":\"ImageObject\",\"inLanguage\":\"es\",\"@id\":\"https:\/\/aivlisoft.net\/shop\/producto\/d-link-dbg-2000-sd-wan-gateway-4xgb-poe-2xusb\/#primaryimage\",\"url\":\"https:\/\/aivlisoft.net\/shop\/wp-content\/uploads\/2025\/01\/NROCAB0087_800.jpg\",\"contentUrl\":\"https:\/\/aivlisoft.net\/shop\/wp-content\/uploads\/2025\/01\/NROCAB0087_800.jpg\",\"width\":800,\"height\":800},{\"@type\":\"BreadcrumbList\",\"@id\":\"https:\/\/aivlisoft.net\/shop\/producto\/d-link-dbg-2000-sd-wan-gateway-4xgb-poe-2xusb\/#breadcrumb\",\"itemListElement\":[{\"@type\":\"ListItem\",\"position\":1,\"name\":\"Portada\",\"item\":\"https:\/\/aivlisoft.net\/shop\/\"},{\"@type\":\"ListItem\",\"position\":2,\"name\":\"Tienda\",\"item\":\"https:\/\/aivlisoft.net\/shop\/tienda\/\"},{\"@type\":\"ListItem\",\"position\":3,\"name\":\"D-Link DBG-2000 SD-WAN Gateway 4xGb PoE 2xUSB\"}]},{\"@type\":\"WebSite\",\"@id\":\"https:\/\/aivlisoft.net\/shop\/#website\",\"url\":\"https:\/\/aivlisoft.net\/shop\/\",\"name\":\"Aivlisoft Inform\u00e1tica\",\"description\":\"En Aivlisoft Inform\u00e1tica ofrecemos soluciones tecnol\u00f3gicas para empresas: venta de ordenadores, consumibles, perif\u00e9ricos y m\u00e1s. Calidad, atenci\u00f3n personalizada y los mejores precios para tu negocio.\",\"publisher\":{\"@id\":\"https:\/\/aivlisoft.net\/shop\/#organization\"},\"potentialAction\":[{\"@type\":\"SearchAction\",\"target\":{\"@type\":\"EntryPoint\",\"urlTemplate\":\"https:\/\/aivlisoft.net\/shop\/?s={search_term_string}\"},\"query-input\":{\"@type\":\"PropertyValueSpecification\",\"valueRequired\":true,\"valueName\":\"search_term_string\"}}],\"inLanguage\":\"es\"},{\"@type\":\"Organization\",\"@id\":\"https:\/\/aivlisoft.net\/shop\/#organization\",\"name\":\"Aivlisoft Inform\u00e1tica\",\"url\":\"https:\/\/aivlisoft.net\/shop\/\",\"logo\":{\"@type\":\"ImageObject\",\"inLanguage\":\"es\",\"@id\":\"https:\/\/aivlisoft.net\/shop\/#\/schema\/logo\/image\/\",\"url\":\"https:\/\/aivlisoft.net\/shop\/wp-content\/uploads\/2024\/12\/removal.ai_5b848c54-0cdf-4140-95c5-c5536bb7573b-logodef.png\",\"contentUrl\":\"https:\/\/aivlisoft.net\/shop\/wp-content\/uploads\/2024\/12\/removal.ai_5b848c54-0cdf-4140-95c5-c5536bb7573b-logodef.png\",\"width\":484,\"height\":182,\"caption\":\"Aivlisoft Inform\u00e1tica\"},\"image\":{\"@id\":\"https:\/\/aivlisoft.net\/shop\/#\/schema\/logo\/image\/\"}}]}<\/script>\n<!-- \/ Yoast SEO plugin. -->","yoast_head_json":{"title":"D-Link DBG-2000 SD-WAN Gateway 4xGb PoE 2xUSB - Aivlisoft Inform\u00e1tica","robots":{"index":"index","follow":"follow","max-snippet":"max-snippet:-1","max-image-preview":"max-image-preview:large","max-video-preview":"max-video-preview:-1"},"canonical":"https:\/\/aivlisoft.net\/shop\/producto\/d-link-dbg-2000-sd-wan-gateway-4xgb-poe-2xusb\/","og_locale":"es_ES","og_type":"article","og_title":"D-Link DBG-2000 SD-WAN Gateway 4xGb PoE 2xUSB - Aivlisoft Inform\u00e1tica","og_description":"&nbsp; Marca D-Link Modelo DBG-2000 Caracter&iacute;sticas Hardware &#8211; Flash Memory: 16 MB EMMC Flash &#8211; RAM: 4 GB DDR4 SDRAM &#8211; Interfaces: &nbsp; 4 x 10\/100\/1000Base-T Ethernet &nbsp; 1 x RJ45 &nbsp; 1 x USB 2. &nbsp; 1 x USB 3.0 &#8211; Standards: &nbsp; IEEE 802.3az Energy-Efficient Ethernet (EEE)? &nbsp; IEEE 802.3i\/u\/ab? &nbsp; IEEE 802.3x&hellip;&nbsp;D-Link DBG-2000 SD-WAN Gateway 4xGb PoE 2xUSB","og_url":"https:\/\/aivlisoft.net\/shop\/producto\/d-link-dbg-2000-sd-wan-gateway-4xgb-poe-2xusb\/","og_site_name":"Aivlisoft Inform\u00e1tica","article_modified_time":"2025-01-14T11:41:49+00:00","og_image":[{"width":800,"height":800,"url":"https:\/\/aivlisoft.net\/shop\/wp-content\/uploads\/2025\/01\/NROCAB0087_800.jpg","type":"image\/jpeg"}],"twitter_card":"summary_large_image","twitter_misc":{"Tiempo de lectura":"1 minuto"},"schema":{"@context":"https:\/\/schema.org","@graph":[{"@type":"WebPage","@id":"https:\/\/aivlisoft.net\/shop\/producto\/d-link-dbg-2000-sd-wan-gateway-4xgb-poe-2xusb\/","url":"https:\/\/aivlisoft.net\/shop\/producto\/d-link-dbg-2000-sd-wan-gateway-4xgb-poe-2xusb\/","name":"D-Link DBG-2000 SD-WAN Gateway 4xGb PoE 2xUSB - Aivlisoft Inform\u00e1tica","isPartOf":{"@id":"https:\/\/aivlisoft.net\/shop\/#website"},"primaryImageOfPage":{"@id":"https:\/\/aivlisoft.net\/shop\/producto\/d-link-dbg-2000-sd-wan-gateway-4xgb-poe-2xusb\/#primaryimage"},"image":{"@id":"https:\/\/aivlisoft.net\/shop\/producto\/d-link-dbg-2000-sd-wan-gateway-4xgb-poe-2xusb\/#primaryimage"},"thumbnailUrl":"https:\/\/aivlisoft.net\/shop\/wp-content\/uploads\/2025\/01\/NROCAB0087_800.jpg","datePublished":"2025-01-13T15:26:26+00:00","dateModified":"2025-01-14T11:41:49+00:00","breadcrumb":{"@id":"https:\/\/aivlisoft.net\/shop\/producto\/d-link-dbg-2000-sd-wan-gateway-4xgb-poe-2xusb\/#breadcrumb"},"inLanguage":"es","potentialAction":[{"@type":"ReadAction","target":["https:\/\/aivlisoft.net\/shop\/producto\/d-link-dbg-2000-sd-wan-gateway-4xgb-poe-2xusb\/"]}]},{"@type":"ImageObject","inLanguage":"es","@id":"https:\/\/aivlisoft.net\/shop\/producto\/d-link-dbg-2000-sd-wan-gateway-4xgb-poe-2xusb\/#primaryimage","url":"https:\/\/aivlisoft.net\/shop\/wp-content\/uploads\/2025\/01\/NROCAB0087_800.jpg","contentUrl":"https:\/\/aivlisoft.net\/shop\/wp-content\/uploads\/2025\/01\/NROCAB0087_800.jpg","width":800,"height":800},{"@type":"BreadcrumbList","@id":"https:\/\/aivlisoft.net\/shop\/producto\/d-link-dbg-2000-sd-wan-gateway-4xgb-poe-2xusb\/#breadcrumb","itemListElement":[{"@type":"ListItem","position":1,"name":"Portada","item":"https:\/\/aivlisoft.net\/shop\/"},{"@type":"ListItem","position":2,"name":"Tienda","item":"https:\/\/aivlisoft.net\/shop\/tienda\/"},{"@type":"ListItem","position":3,"name":"D-Link DBG-2000 SD-WAN Gateway 4xGb PoE 2xUSB"}]},{"@type":"WebSite","@id":"https:\/\/aivlisoft.net\/shop\/#website","url":"https:\/\/aivlisoft.net\/shop\/","name":"Aivlisoft Inform\u00e1tica","description":"En Aivlisoft Inform\u00e1tica ofrecemos soluciones tecnol\u00f3gicas para empresas: venta de ordenadores, consumibles, perif\u00e9ricos y m\u00e1s. Calidad, atenci\u00f3n personalizada y los mejores precios para tu negocio.","publisher":{"@id":"https:\/\/aivlisoft.net\/shop\/#organization"},"potentialAction":[{"@type":"SearchAction","target":{"@type":"EntryPoint","urlTemplate":"https:\/\/aivlisoft.net\/shop\/?s={search_term_string}"},"query-input":{"@type":"PropertyValueSpecification","valueRequired":true,"valueName":"search_term_string"}}],"inLanguage":"es"},{"@type":"Organization","@id":"https:\/\/aivlisoft.net\/shop\/#organization","name":"Aivlisoft Inform\u00e1tica","url":"https:\/\/aivlisoft.net\/shop\/","logo":{"@type":"ImageObject","inLanguage":"es","@id":"https:\/\/aivlisoft.net\/shop\/#\/schema\/logo\/image\/","url":"https:\/\/aivlisoft.net\/shop\/wp-content\/uploads\/2024\/12\/removal.ai_5b848c54-0cdf-4140-95c5-c5536bb7573b-logodef.png","contentUrl":"https:\/\/aivlisoft.net\/shop\/wp-content\/uploads\/2024\/12\/removal.ai_5b848c54-0cdf-4140-95c5-c5536bb7573b-logodef.png","width":484,"height":182,"caption":"Aivlisoft Inform\u00e1tica"},"image":{"@id":"https:\/\/aivlisoft.net\/shop\/#\/schema\/logo\/image\/"}}]}},"_links":{"self":[{"href":"https:\/\/aivlisoft.net\/shop\/wp-json\/wp\/v2\/product\/18865","targetHints":{"allow":["GET"]}}],"collection":[{"href":"https:\/\/aivlisoft.net\/shop\/wp-json\/wp\/v2\/product"}],"about":[{"href":"https:\/\/aivlisoft.net\/shop\/wp-json\/wp\/v2\/types\/product"}],"wp:featuredmedia":[{"embeddable":true,"href":"https:\/\/aivlisoft.net\/shop\/wp-json\/wp\/v2\/media\/18866"}],"wp:attachment":[{"href":"https:\/\/aivlisoft.net\/shop\/wp-json\/wp\/v2\/media?parent=18865"}],"wp:term":[{"taxonomy":"product_brand","embeddable":true,"href":"https:\/\/aivlisoft.net\/shop\/wp-json\/wp\/v2\/product_brand?post=18865"},{"taxonomy":"product_cat","embeddable":true,"href":"https:\/\/aivlisoft.net\/shop\/wp-json\/wp\/v2\/product_cat?post=18865"},{"taxonomy":"product_tag","embeddable":true,"href":"https:\/\/aivlisoft.net\/shop\/wp-json\/wp\/v2\/product_tag?post=18865"}],"curies":[{"name":"wp","href":"https:\/\/api.w.org\/{rel}","templated":true}]}}