{"id":18839,"date":"2025-01-13T15:26:09","date_gmt":"2025-01-13T15:26:09","guid":{"rendered":"https:\/\/aivlisoft.com\/?post_type=product&#038;p=18839"},"modified":"2025-01-14T11:41:39","modified_gmt":"2025-01-14T11:41:39","slug":"tp-link-er7206-router-vpn-safestream-gb-mul-wan","status":"publish","type":"product","link":"https:\/\/aivlisoft.net\/shop\/producto\/tp-link-er7206-router-vpn-safestream-gb-mul-wan\/","title":{"rendered":"TP-Link ER7206 Router VPN SafeStream Gb Mul-WAN"},"content":{"rendered":"<p>&nbsp;<\/p>\n<table class=\"tabla_caracteristicas\" width=\"100%\">\n<tr>\n<td><strong>Marca<\/strong><\/td>\n<td>TP-Link<\/td>\n<\/tr>\n<tr>\n<td><strong>Modelo<\/strong><\/td>\n<td><strong>TL-ER7206<\/strong><\/td>\n<\/tr>\n<tr>\n<td><strong>Caracter&iacute;sticas<\/strong><\/td>\n<td><strong>Hardware<\/strong><br \/>\t\t\t&#8211; Est&aacute;ndares y Protocolos<br \/>\t\t\t&nbsp; IEEE 802.3, 802.3u, 802.3ab<br \/>\t\t\t&nbsp; TCP\/IP, DHCP, ICMP, NAT, PPPoE, SNTP, HTTP, DNS, IPsec, PPTP, L2TP<br \/>\t\t\t&#8211; Interfaz<br \/>\t\t\t&nbsp; 1 puerto fijo WAN Gigabit SFP<br \/>\t\t\t&nbsp; 1 puerto WAN Gigabit RJ45 fijo<br \/>\t\t\t&nbsp; 2 puertos LAN Gigabit RJ45 fijos<br \/>\t\t\t&nbsp; 2 puertos Gigabit RJ45 WAN \/ LAN intercambiables<br \/>\t\t\t&#8211; Medios de Red<br \/>\t\t\t&nbsp; 10BASE-T: UTP categor&iacute;a 3, 4, 5 cable (M&aacute;x.100 m)<br \/>\t\t\t&nbsp; EIA \/ TIA-568 100&Omega; STP (M&aacute;x.100 m)<br \/>\t\t\t&nbsp; 100BASE-TX: UTP categor&iacute;a 5, cable 5e (m&aacute;x. 100 m)<br \/>\t\t\t&nbsp; EIA \/ TIA-568 100&Omega; STP (M&aacute;x.100 m)<br \/>\t\t\t&nbsp; 1000BASE-T: cable UTP categor&iacute;a 5, 5e, 6 (m&aacute;x. 100 m)<br \/>\t\t\t&#8211; Botones: Bot&oacute;n Reset<br \/>\t\t\t&#8211; Fuente de Alimentaci&oacute;n: 100&ndash;240 V~50\/60 Hz<br \/>\t\t\t&#8211; Flash: SPI 4MB + NAND 128MB<br \/>\t\t\t&#8211; DRAM: 512MB<br \/>\t\t\t&#8211; LED: PWR, SYS, SFP WAN, Velocidad, Link\/Act<br \/>\t\t\t&#8211; Dimensiones: 226 &times; 131.2 &times; 35 mm (8.9 &times; 5.2 &times; 1.4 in)<br \/>\t\t\t<strong>Rendimiento<\/strong><br \/>\t\t\t&#8211; Sesiones Concurrentes: 150.000<br \/>\t\t\t&#8211; Rendimiento VPN IPsec: 291.6 Mbps<br \/>\t\t\t<strong>Funciones B&aacute;sicas<\/strong><br \/>\t\t\t&#8211; Tipo de conexi&oacute;n WAN<br \/>\t\t\t&nbsp; IP est&aacute;tica \/ din&aacute;mica<br \/>\t\t\t&nbsp; PPPoE<br \/>\t\t\t&nbsp; PPTP<br \/>\t\t\t&nbsp; L2TP<br \/>\t\t\t&#8211; DHCP<br \/>\t\t\t&nbsp; Servidor DHCP<br \/>\t\t\t&nbsp; Reserva de direcci&oacute;n DHCP<br \/>\t\t\t&nbsp; Interfaces multi-IP<br \/>\t\t\t&nbsp; DHCP de m&uacute;ltiples redes<br \/>\t\t\t&#8211; Clonado MAC: Modificar la direcci&oacute;n MAC WAN \/ LAN<br \/>\t\t\t&#8211; IPTV: Proxy IGMP v2 \/ v3<br \/>\t\t\t&#8211; IPv6: Desarrollando<br \/>\t\t\t&#8211; VLAN: VLAN 802.1Q<br \/>\t\t\t<strong>Funciones Avanzadas<\/strong><br \/>\t\t\t&#8211; ACL: Filtrado de IP \/ Puerto \/ Protocolo \/ Nombre de dominio<br \/>\t\t\t&#8211; Enrutamiento Avanzado:<br \/>\t\t\t&nbsp; Enrutamiento est&aacute;tico<br \/>\t\t\t&nbsp; Enrutamiento de pol&iacute;ticas<br \/>\t\t\t&#8211; Control de Ancho de Banda:<br \/>\t\t\t&nbsp; Control de ancho de banda basado en IP \/ puerto<br \/>\t\t\t&nbsp; Garant&iacute;a y ancho de banda limitado<br \/>\t\t\t&#8211; Balanceo de Carga:<br \/>\t\t\t&nbsp; Balance de carga inteligente<br \/>\t\t\t&nbsp; Enrutamiento optimizado para aplicaciones<br \/>\t\t\t&nbsp; Copia de seguridad de enlace (sincronizaci&oacute;n , conmutaci&oacute;n por error)<br \/>\t\t\t&nbsp; Detecci&oacute;n en l&iacute;nea<br \/>\t\t\t&#8211; NAT:<br \/>\t\t\t&nbsp; NAT uno a uno<br \/>\t\t\t&nbsp; NAT de redes m&uacute;ltiples<br \/>\t\t\t&nbsp; Servidor virtual<br \/>\t\t\t&nbsp; Activaci&oacute;n de puertos<br \/>\t\t\t&nbsp; NAT-DMZ<br \/>\t\t\t&nbsp; FTP \/ H.323 \/ SIP \/ IPSec \/ PPTP ALG, UPnP<br \/>\t\t\t&#8211; Seguridad:<br \/>\t\t\t&nbsp; Cortafuegos SPI<br \/>\t\t\t&nbsp; Paso a trav&eacute;s de VPN<br \/>\t\t\t&nbsp; FTP \/ H.323 \/ PPTP \/ SIP \/ IPsec ALG<br \/>\t\t\t&nbsp; Defensa DoS, Ping of Death<br \/>\t\t\t&nbsp; Administraci&oacute;n Local<br \/>\t\t\t&#8211; Session Limit: L&iacute;mite de sesi&oacute;n basado en IP<br \/>\t\t\t<strong>VPN<\/strong><br \/>\t\t\t&#8211; VPN IPsec &nbsp;&nbsp; &nbsp;<br \/>\t\t\t&nbsp; 100 t&uacute;neles VPN IPSec<br \/>\t\t\t&nbsp; LAN a LAN, cliente a LAN<br \/>\t\t\t&nbsp; Modo de negociaci&oacute;n principal y agresivo<br \/>\t\t\t&nbsp; Algoritmo de cifrado DES, 3DES, AES128, AES192, AES256<br \/>\t\t\t&nbsp; IKEv1 \/ v2<br \/>\t\t\t&nbsp; Algoritmo de Autenticaci&oacute;n MD5, SHA1<br \/>\t\t\t&nbsp; NAT transversal (NAT-T)<br \/>\t\t\t&nbsp; Detecci&oacute;n de pares muertos (DPD)<br \/>\t\t\t&nbsp; Perfect Forward Secrecy (PFS)<br \/>\t\t\t&#8211; VPN PPTP &nbsp;&nbsp; &nbsp;<br \/>\t\t\t&nbsp; Servidor VPN PPTP<br \/>\t\t\t&nbsp; 10 clientes VPN PPTP<br \/>\t\t\t&nbsp; 50 t&uacute;neles<br \/>\t\t\t&nbsp; PPTP con cifrado MPPE<br \/>\t\t\t&#8211; VPN L2TP &nbsp;&nbsp; &nbsp;<br \/>\t\t\t&nbsp; Servidor VPN L2TP<br \/>\t\t\t&nbsp; 10 clientes VPN L2TP<br \/>\t\t\t&nbsp; 50 t&uacute;neles<br \/>\t\t\t&nbsp; L2TP sobre IPSec<br \/>\t\t\t&#8211; OpenVPN &nbsp;&nbsp; &nbsp;<br \/>\t\t\t&nbsp; Servidor OpenVPN<br \/>\t\t\t&nbsp; 10 clientes OpenVPN<br \/>\t\t\t&nbsp; 50 t&uacute;neles OpenVPN<br \/>\t\t\t<strong>Seguridad<\/strong><br \/>\t\t\t&#8211; Defensa contra Ataques:<br \/>\t\t\t&nbsp; Defensa contra inundaciones TCP \/ UDP \/ ICMP<br \/>\t\t\t&nbsp; Bloquear escaneo TCP (Stealth FIN \/ Xmas \/ Null)<br \/>\t\t\t&nbsp; Bloquear ping de WAN<br \/>\t\t\t&#8211; Filtrado: Filtrado de grupos WEB<br \/>\t\t\t&#8211; Filtrado de URL<br \/>\t\t\t&#8211; Seguridad web<br \/>\t\t\t&#8211; Inspecci&oacute;n ARP:<br \/>\t\t\t&nbsp; Env&iacute;o de paquetes GARP<br \/>\t\t\t&nbsp; Escaneo ARP<br \/>\t\t\t&nbsp; Enlace IP-MAC<br \/>\t\t\t&#8211; Access Control: Source\/Destination IP Based Access Control<br \/>\t\t\t<strong>Web Authentication &nbsp;&nbsp; &nbsp;<\/strong><br \/>\t\t\t&#8211; Sin autenticaci&oacute;n<br \/>\t\t\t&#8211; Contrase&ntilde;a simple &nbsp;<br \/>\t\t\t&#8211; Hotspot Usuario local\/Cup&oacute;n\/SMS\/Radio<br \/>\t\t\t&#8211; Cortador de radio externo<br \/>\t\t\t&#8211; Servidor de portal externo &nbsp;<br \/>\t\t\t&#8211; Facebook<br \/>\t\t\t<strong>Gesti&oacute;n<\/strong><br \/>\t\t\t&#8211; Omada App: Si<br \/>\t\t\t&#8211; Centralized Management:<br \/>\t\t\t&nbsp; Controlador Omada basado en la nube<br \/>\t\t\t&nbsp; Controlador de hardware Omada (OC300)<br \/>\t\t\t&nbsp; Controlador de hardware Omada (OC200)<br \/>\t\t\t&nbsp; Controlador de software Omada<br \/>\t\t\t&#8211; Servicio: DNS din&aacute;mico (Dyndns, No-IP, Peanuthull, Comexe)<br \/>\t\t\t&#8211; Cloud Access: S&iacute; (a trav&eacute;s de OC300, OC200, controlador Omada basado en la nube o controlador de software Omada)<br \/>\t\t\t&#8211; Mantenimiento:<br \/>\t\t\t&nbsp; Interfaz de administraci&oacute;n web<br \/>\t\t\t&nbsp; Gesti&oacute;n remota<br \/>\t\t\t&nbsp; Configuraci&oacute;n de exportaci&oacute;n e importaci&oacute;n<br \/>\t\t\t&nbsp; SNMP v1 \/ v2c \/ v3<br \/>\t\t\t&nbsp; Diagn&oacute;stico (Ping y Traceroute)<br \/>\t\t\t&nbsp; Sincronizar NTP<br \/>\t\t\t&nbsp; Soporte de Syslog<br \/>\t\t\t&#8211; Management Features:<br \/>\t\t\t&nbsp; Descubrimiento autom&aacute;tico de dispositivos<br \/>\t\t\t&nbsp; Monitoreo de red inteligente<br \/>\t\t\t&nbsp; Advertencias de eventos anormales<br \/>\t\t\t&nbsp; Configuraci&oacute;n unificada<br \/>\t\t\t&nbsp; Programa de reinicio<br \/>\t\t\t&nbsp; Configuraci&oacute;n del portal cautivo<br \/>\t\t\t&nbsp; ZTP (aprovisionamiento sin intervenci&oacute;n)<br \/>\t\t\t<strong>Certificaciones<\/strong><br \/>\t\t\t&#8211; Certificaciones: CE, FCC, RoHS<br \/>\t\t\t<strong>Requisitos del sistema<\/strong><br \/>\t\t\t&#8211; Microsoft Windows 98SE, NT, 2000, XP, Vista &trade; o Windows 7\/8 \/ 8.1 \/ 10, MAC OS, NetWare, UNIX o Linux<br \/>\t\t\t<strong>Caracter&iacute;sticas ambientales<\/strong><br \/>\t\t\t&#8211; Temperatura de funcionamiento: 0&ordm;C ~ 40&ordm;C<br \/>\t\t\t&#8211; Temperatura de almacenamiento: -40&ordm;C~70&ordm;C<br \/>\t\t\t&#8211; Humedad de funcionamiento: 10% ~ 90% sin condensaci&oacute;n<br \/>\t\t\t&#8211; Humedad de almacenamiento: 5% ~ 90% sin condensaci&oacute;n<br \/>\t\t\t<strong>Contenido<\/strong><br \/>\t\t\t&#8211; TL-ER7206<br \/>\t\t\t&#8211; Cable de alimentaci&oacute;n<br \/>\t\t\t&#8211; Gu&iacute;a de Instalaci&oacute;n R&aacute;pida<\/td>\n<\/tr>\n<tr>\n<td><strong>Fecha de revisi&oacute;n<\/strong><\/td>\n<td>27-01-2021 por MPM<\/td>\n<\/tr>\n<\/table>\n","protected":false},"excerpt":{"rendered":"<p>&nbsp; Marca TP-Link Modelo TL-ER7206 Caracter&iacute;sticas Hardware &#8211; Est&aacute;ndares y Protocolos &nbsp; IEEE 802.3, 802.3u, 802.3ab &nbsp; TCP\/IP, DHCP, ICMP, NAT, PPPoE, SNTP, HTTP, DNS, IPsec, PPTP, L2TP &#8211; Interfaz &nbsp; 1 puerto fijo WAN Gigabit SFP &nbsp; 1 puerto WAN Gigabit RJ45 fijo &nbsp; 2 puertos LAN Gigabit RJ45 fijos &nbsp; 2 puertos Gigabit&hellip;&nbsp;<a href=\"https:\/\/aivlisoft.net\/shop\/producto\/tp-link-er7206-router-vpn-safestream-gb-mul-wan\/\" rel=\"bookmark\"><span class=\"screen-reader-text\">TP-Link ER7206 Router VPN SafeStream Gb Mul-WAN<\/span><\/a><\/p>\n","protected":false},"featured_media":18840,"template":"","meta":{"neve_meta_sidebar":"","neve_meta_container":"","neve_meta_enable_content_width":"","neve_meta_content_width":0,"neve_meta_title_alignment":"","neve_meta_author_avatar":"","neve_post_elements_order":"","neve_meta_disable_header":"","neve_meta_disable_footer":"","neve_meta_disable_title":""},"product_brand":[],"product_cat":[8769],"product_tag":[6849],"class_list":{"0":"post-18839","1":"product","2":"type-product","3":"status-publish","4":"has-post-thumbnail","6":"product_cat-routers-redes-con-cable","7":"product_tag-er7206","9":"first","10":"instock","11":"taxable","12":"shipping-taxable","13":"purchasable","14":"product-type-simple"},"yoast_head":"<!-- This site is optimized with the Yoast SEO plugin v26.0 - https:\/\/yoast.com\/wordpress\/plugins\/seo\/ -->\n<title>TP-Link ER7206 Router VPN SafeStream Gb Mul-WAN - Aivlisoft Inform\u00e1tica<\/title>\n<meta name=\"robots\" content=\"index, follow, max-snippet:-1, max-image-preview:large, max-video-preview:-1\" \/>\n<link rel=\"canonical\" href=\"https:\/\/aivlisoft.net\/shop\/producto\/tp-link-er7206-router-vpn-safestream-gb-mul-wan\/\" \/>\n<meta property=\"og:locale\" content=\"es_ES\" \/>\n<meta property=\"og:type\" content=\"article\" \/>\n<meta property=\"og:title\" content=\"TP-Link ER7206 Router VPN SafeStream Gb Mul-WAN - Aivlisoft Inform\u00e1tica\" \/>\n<meta property=\"og:description\" content=\"&nbsp; Marca TP-Link Modelo TL-ER7206 Caracter&iacute;sticas Hardware &#8211; Est&aacute;ndares y Protocolos &nbsp; IEEE 802.3, 802.3u, 802.3ab &nbsp; TCP\/IP, DHCP, ICMP, NAT, PPPoE, SNTP, HTTP, DNS, IPsec, PPTP, L2TP &#8211; Interfaz &nbsp; 1 puerto fijo WAN Gigabit SFP &nbsp; 1 puerto WAN Gigabit RJ45 fijo &nbsp; 2 puertos LAN Gigabit RJ45 fijos &nbsp; 2 puertos Gigabit&hellip;&nbsp;TP-Link ER7206 Router VPN SafeStream Gb Mul-WAN\" \/>\n<meta property=\"og:url\" content=\"https:\/\/aivlisoft.net\/shop\/producto\/tp-link-er7206-router-vpn-safestream-gb-mul-wan\/\" \/>\n<meta property=\"og:site_name\" content=\"Aivlisoft Inform\u00e1tica\" \/>\n<meta property=\"article:modified_time\" content=\"2025-01-14T11:41:39+00:00\" \/>\n<meta property=\"og:image\" content=\"https:\/\/aivlisoft.net\/shop\/wp-content\/uploads\/2025\/01\/NROCAB0080_800.jpg\" \/>\n\t<meta property=\"og:image:width\" content=\"800\" \/>\n\t<meta property=\"og:image:height\" content=\"800\" \/>\n\t<meta property=\"og:image:type\" content=\"image\/jpeg\" \/>\n<meta name=\"twitter:card\" content=\"summary_large_image\" \/>\n<meta name=\"twitter:label1\" content=\"Tiempo de lectura\" \/>\n\t<meta name=\"twitter:data1\" content=\"4 minutos\" \/>\n<script type=\"application\/ld+json\" class=\"yoast-schema-graph\">{\"@context\":\"https:\/\/schema.org\",\"@graph\":[{\"@type\":\"WebPage\",\"@id\":\"https:\/\/aivlisoft.net\/shop\/producto\/tp-link-er7206-router-vpn-safestream-gb-mul-wan\/\",\"url\":\"https:\/\/aivlisoft.net\/shop\/producto\/tp-link-er7206-router-vpn-safestream-gb-mul-wan\/\",\"name\":\"TP-Link ER7206 Router VPN SafeStream Gb Mul-WAN - Aivlisoft Inform\u00e1tica\",\"isPartOf\":{\"@id\":\"https:\/\/aivlisoft.net\/shop\/#website\"},\"primaryImageOfPage\":{\"@id\":\"https:\/\/aivlisoft.net\/shop\/producto\/tp-link-er7206-router-vpn-safestream-gb-mul-wan\/#primaryimage\"},\"image\":{\"@id\":\"https:\/\/aivlisoft.net\/shop\/producto\/tp-link-er7206-router-vpn-safestream-gb-mul-wan\/#primaryimage\"},\"thumbnailUrl\":\"https:\/\/aivlisoft.net\/shop\/wp-content\/uploads\/2025\/01\/NROCAB0080_800.jpg\",\"datePublished\":\"2025-01-13T15:26:09+00:00\",\"dateModified\":\"2025-01-14T11:41:39+00:00\",\"breadcrumb\":{\"@id\":\"https:\/\/aivlisoft.net\/shop\/producto\/tp-link-er7206-router-vpn-safestream-gb-mul-wan\/#breadcrumb\"},\"inLanguage\":\"es\",\"potentialAction\":[{\"@type\":\"ReadAction\",\"target\":[\"https:\/\/aivlisoft.net\/shop\/producto\/tp-link-er7206-router-vpn-safestream-gb-mul-wan\/\"]}]},{\"@type\":\"ImageObject\",\"inLanguage\":\"es\",\"@id\":\"https:\/\/aivlisoft.net\/shop\/producto\/tp-link-er7206-router-vpn-safestream-gb-mul-wan\/#primaryimage\",\"url\":\"https:\/\/aivlisoft.net\/shop\/wp-content\/uploads\/2025\/01\/NROCAB0080_800.jpg\",\"contentUrl\":\"https:\/\/aivlisoft.net\/shop\/wp-content\/uploads\/2025\/01\/NROCAB0080_800.jpg\",\"width\":800,\"height\":800},{\"@type\":\"BreadcrumbList\",\"@id\":\"https:\/\/aivlisoft.net\/shop\/producto\/tp-link-er7206-router-vpn-safestream-gb-mul-wan\/#breadcrumb\",\"itemListElement\":[{\"@type\":\"ListItem\",\"position\":1,\"name\":\"Portada\",\"item\":\"https:\/\/aivlisoft.net\/shop\/\"},{\"@type\":\"ListItem\",\"position\":2,\"name\":\"Tienda\",\"item\":\"https:\/\/aivlisoft.net\/shop\/tienda\/\"},{\"@type\":\"ListItem\",\"position\":3,\"name\":\"TP-Link ER7206 Router VPN SafeStream Gb Mul-WAN\"}]},{\"@type\":\"WebSite\",\"@id\":\"https:\/\/aivlisoft.net\/shop\/#website\",\"url\":\"https:\/\/aivlisoft.net\/shop\/\",\"name\":\"Aivlisoft Inform\u00e1tica\",\"description\":\"En Aivlisoft Inform\u00e1tica ofrecemos soluciones tecnol\u00f3gicas para empresas: venta de ordenadores, consumibles, perif\u00e9ricos y m\u00e1s. Calidad, atenci\u00f3n personalizada y los mejores precios para tu negocio.\",\"publisher\":{\"@id\":\"https:\/\/aivlisoft.net\/shop\/#organization\"},\"potentialAction\":[{\"@type\":\"SearchAction\",\"target\":{\"@type\":\"EntryPoint\",\"urlTemplate\":\"https:\/\/aivlisoft.net\/shop\/?s={search_term_string}\"},\"query-input\":{\"@type\":\"PropertyValueSpecification\",\"valueRequired\":true,\"valueName\":\"search_term_string\"}}],\"inLanguage\":\"es\"},{\"@type\":\"Organization\",\"@id\":\"https:\/\/aivlisoft.net\/shop\/#organization\",\"name\":\"Aivlisoft Inform\u00e1tica\",\"url\":\"https:\/\/aivlisoft.net\/shop\/\",\"logo\":{\"@type\":\"ImageObject\",\"inLanguage\":\"es\",\"@id\":\"https:\/\/aivlisoft.net\/shop\/#\/schema\/logo\/image\/\",\"url\":\"https:\/\/aivlisoft.net\/shop\/wp-content\/uploads\/2024\/12\/removal.ai_5b848c54-0cdf-4140-95c5-c5536bb7573b-logodef.png\",\"contentUrl\":\"https:\/\/aivlisoft.net\/shop\/wp-content\/uploads\/2024\/12\/removal.ai_5b848c54-0cdf-4140-95c5-c5536bb7573b-logodef.png\",\"width\":484,\"height\":182,\"caption\":\"Aivlisoft Inform\u00e1tica\"},\"image\":{\"@id\":\"https:\/\/aivlisoft.net\/shop\/#\/schema\/logo\/image\/\"}}]}<\/script>\n<!-- \/ Yoast SEO plugin. -->","yoast_head_json":{"title":"TP-Link ER7206 Router VPN SafeStream Gb Mul-WAN - Aivlisoft Inform\u00e1tica","robots":{"index":"index","follow":"follow","max-snippet":"max-snippet:-1","max-image-preview":"max-image-preview:large","max-video-preview":"max-video-preview:-1"},"canonical":"https:\/\/aivlisoft.net\/shop\/producto\/tp-link-er7206-router-vpn-safestream-gb-mul-wan\/","og_locale":"es_ES","og_type":"article","og_title":"TP-Link ER7206 Router VPN SafeStream Gb Mul-WAN - Aivlisoft Inform\u00e1tica","og_description":"&nbsp; Marca TP-Link Modelo TL-ER7206 Caracter&iacute;sticas Hardware &#8211; Est&aacute;ndares y Protocolos &nbsp; IEEE 802.3, 802.3u, 802.3ab &nbsp; TCP\/IP, DHCP, ICMP, NAT, PPPoE, SNTP, HTTP, DNS, IPsec, PPTP, L2TP &#8211; Interfaz &nbsp; 1 puerto fijo WAN Gigabit SFP &nbsp; 1 puerto WAN Gigabit RJ45 fijo &nbsp; 2 puertos LAN Gigabit RJ45 fijos &nbsp; 2 puertos Gigabit&hellip;&nbsp;TP-Link ER7206 Router VPN SafeStream Gb Mul-WAN","og_url":"https:\/\/aivlisoft.net\/shop\/producto\/tp-link-er7206-router-vpn-safestream-gb-mul-wan\/","og_site_name":"Aivlisoft Inform\u00e1tica","article_modified_time":"2025-01-14T11:41:39+00:00","og_image":[{"width":800,"height":800,"url":"https:\/\/aivlisoft.net\/shop\/wp-content\/uploads\/2025\/01\/NROCAB0080_800.jpg","type":"image\/jpeg"}],"twitter_card":"summary_large_image","twitter_misc":{"Tiempo de lectura":"4 minutos"},"schema":{"@context":"https:\/\/schema.org","@graph":[{"@type":"WebPage","@id":"https:\/\/aivlisoft.net\/shop\/producto\/tp-link-er7206-router-vpn-safestream-gb-mul-wan\/","url":"https:\/\/aivlisoft.net\/shop\/producto\/tp-link-er7206-router-vpn-safestream-gb-mul-wan\/","name":"TP-Link ER7206 Router VPN SafeStream Gb Mul-WAN - Aivlisoft Inform\u00e1tica","isPartOf":{"@id":"https:\/\/aivlisoft.net\/shop\/#website"},"primaryImageOfPage":{"@id":"https:\/\/aivlisoft.net\/shop\/producto\/tp-link-er7206-router-vpn-safestream-gb-mul-wan\/#primaryimage"},"image":{"@id":"https:\/\/aivlisoft.net\/shop\/producto\/tp-link-er7206-router-vpn-safestream-gb-mul-wan\/#primaryimage"},"thumbnailUrl":"https:\/\/aivlisoft.net\/shop\/wp-content\/uploads\/2025\/01\/NROCAB0080_800.jpg","datePublished":"2025-01-13T15:26:09+00:00","dateModified":"2025-01-14T11:41:39+00:00","breadcrumb":{"@id":"https:\/\/aivlisoft.net\/shop\/producto\/tp-link-er7206-router-vpn-safestream-gb-mul-wan\/#breadcrumb"},"inLanguage":"es","potentialAction":[{"@type":"ReadAction","target":["https:\/\/aivlisoft.net\/shop\/producto\/tp-link-er7206-router-vpn-safestream-gb-mul-wan\/"]}]},{"@type":"ImageObject","inLanguage":"es","@id":"https:\/\/aivlisoft.net\/shop\/producto\/tp-link-er7206-router-vpn-safestream-gb-mul-wan\/#primaryimage","url":"https:\/\/aivlisoft.net\/shop\/wp-content\/uploads\/2025\/01\/NROCAB0080_800.jpg","contentUrl":"https:\/\/aivlisoft.net\/shop\/wp-content\/uploads\/2025\/01\/NROCAB0080_800.jpg","width":800,"height":800},{"@type":"BreadcrumbList","@id":"https:\/\/aivlisoft.net\/shop\/producto\/tp-link-er7206-router-vpn-safestream-gb-mul-wan\/#breadcrumb","itemListElement":[{"@type":"ListItem","position":1,"name":"Portada","item":"https:\/\/aivlisoft.net\/shop\/"},{"@type":"ListItem","position":2,"name":"Tienda","item":"https:\/\/aivlisoft.net\/shop\/tienda\/"},{"@type":"ListItem","position":3,"name":"TP-Link ER7206 Router VPN SafeStream Gb Mul-WAN"}]},{"@type":"WebSite","@id":"https:\/\/aivlisoft.net\/shop\/#website","url":"https:\/\/aivlisoft.net\/shop\/","name":"Aivlisoft Inform\u00e1tica","description":"En Aivlisoft Inform\u00e1tica ofrecemos soluciones tecnol\u00f3gicas para empresas: venta de ordenadores, consumibles, perif\u00e9ricos y m\u00e1s. Calidad, atenci\u00f3n personalizada y los mejores precios para tu negocio.","publisher":{"@id":"https:\/\/aivlisoft.net\/shop\/#organization"},"potentialAction":[{"@type":"SearchAction","target":{"@type":"EntryPoint","urlTemplate":"https:\/\/aivlisoft.net\/shop\/?s={search_term_string}"},"query-input":{"@type":"PropertyValueSpecification","valueRequired":true,"valueName":"search_term_string"}}],"inLanguage":"es"},{"@type":"Organization","@id":"https:\/\/aivlisoft.net\/shop\/#organization","name":"Aivlisoft Inform\u00e1tica","url":"https:\/\/aivlisoft.net\/shop\/","logo":{"@type":"ImageObject","inLanguage":"es","@id":"https:\/\/aivlisoft.net\/shop\/#\/schema\/logo\/image\/","url":"https:\/\/aivlisoft.net\/shop\/wp-content\/uploads\/2024\/12\/removal.ai_5b848c54-0cdf-4140-95c5-c5536bb7573b-logodef.png","contentUrl":"https:\/\/aivlisoft.net\/shop\/wp-content\/uploads\/2024\/12\/removal.ai_5b848c54-0cdf-4140-95c5-c5536bb7573b-logodef.png","width":484,"height":182,"caption":"Aivlisoft Inform\u00e1tica"},"image":{"@id":"https:\/\/aivlisoft.net\/shop\/#\/schema\/logo\/image\/"}}]}},"_links":{"self":[{"href":"https:\/\/aivlisoft.net\/shop\/wp-json\/wp\/v2\/product\/18839","targetHints":{"allow":["GET"]}}],"collection":[{"href":"https:\/\/aivlisoft.net\/shop\/wp-json\/wp\/v2\/product"}],"about":[{"href":"https:\/\/aivlisoft.net\/shop\/wp-json\/wp\/v2\/types\/product"}],"wp:featuredmedia":[{"embeddable":true,"href":"https:\/\/aivlisoft.net\/shop\/wp-json\/wp\/v2\/media\/18840"}],"wp:attachment":[{"href":"https:\/\/aivlisoft.net\/shop\/wp-json\/wp\/v2\/media?parent=18839"}],"wp:term":[{"taxonomy":"product_brand","embeddable":true,"href":"https:\/\/aivlisoft.net\/shop\/wp-json\/wp\/v2\/product_brand?post=18839"},{"taxonomy":"product_cat","embeddable":true,"href":"https:\/\/aivlisoft.net\/shop\/wp-json\/wp\/v2\/product_cat?post=18839"},{"taxonomy":"product_tag","embeddable":true,"href":"https:\/\/aivlisoft.net\/shop\/wp-json\/wp\/v2\/product_tag?post=18839"}],"curies":[{"name":"wp","href":"https:\/\/api.w.org\/{rel}","templated":true}]}}